{"id":61646,"date":"2022-11-27T18:05:10","date_gmt":"2022-11-27T18:05:10","guid":{"rendered":"https:\/\/www.accuratereviews.com\/?page_id=61646"},"modified":"2022-11-27T18:05:10","modified_gmt":"2022-11-27T18:05:10","slug":"figpii-recensione","status":"publish","type":"page","link":"https:\/\/www.accuratereviews.com\/it\/software-votazioni\/figpii-recensione\/","title":{"rendered":"FigPii"},"content":{"rendered":"<p><strong>FigPii<\/strong> \u00e8 una <strong>piattaforma di ottimizzazione del tasso di conversione<\/strong> (CRO), basata su <strong>cloud<\/strong>, che aiuta le aziende a progettare l&#8217;esperienza utente (UX) e identificare l&#8217;intento, il comportamento e le preferenze dei visitatori monitorando le interazioni tramite sondaggi, mappe di calore, registrazioni e altro ancora.<br \/>\nL&#8217;applicazione consente agli esperti di marketing di determinare l&#8217;efficacia delle pagine web tramite test A\/B o split URL, aggiungere obiettivi primari e secondari ed eseguire test mirati delle campagne. Le mappe di calore possono essere utilizzate per visualizzare i clic e i modelli di scorrimento dei visitatori, aiutando gli utenti a determinare il posizionamento degli elementi sul sito. Con la funzionalit\u00e0 di registrazione video di <strong>FigPii<\/strong>, i membri del team possono ripetere le sessioni, visualizzare le azioni dei visitatori e raccogliere informazioni come data, dispositivo, paese e altro.<\/p>\n<h2>FIGPII &#8211; TUTORIAL<\/h2>\n<div id=\"fluid-wrapper-counter-1\" class=\"g1-fluid-wrapper \" style=\"width:686px;\">\n<div style=\"padding-bottom:56.268221574344%;\"><iframe loading=\"lazy\" title=\"How To Make Money Using FigPii With Khalid Saleh\" width=\"686\" height=\"386\" src=\"https:\/\/www.youtube.com\/embed\/MFtClzZMcQM?feature=oembed&amp;wmode=transparent&amp;autohide=1&amp;autoplay=0&amp;disablekb=0&amp;fs=1&amp;loop=0&amp;enablejsapi=1&amp;rel=0&amp;controls=2&amp;showinfo=0&amp;wmode=transparent&amp;autohide=2&amp;autoplay=0&amp;disablekb=0&amp;fs=1&amp;loop=0&amp;enablejsapi=1&amp;rel=0&amp;controls=2&amp;showinfo=1\" frameborder=\"0\" allow=\"accelerometer; autoplay; clipboard-write; encrypted-media; gyroscope; picture-in-picture\" allowfullscreen><\/iframe><\/div>\n<\/div>\n<h2>FIGPII &#8211; CARATTERISTICHE<\/h2>\n<ul>\n<li><strong>Esegui sondaggi su una o pi\u00f9 pagine del tuo sito<\/strong>:\u00a0Utilizzando il programma, puoi eseguire un sondaggio su una singola pagina del tuo sito o su un gruppo di pagine, ad esempio puoi eseguire un sondaggio da eseguire su tutte le pagine dei tuoi prodotti o sui post del blog.<\/li>\n<li><strong>Reportistica avanzata<\/strong>: visualizza le risposte di ciascun visitatore o utilizza i bellissimi report che aggregano i dati di tutti i visitatori.<\/li>\n<li><strong>Esegui sondaggi per i visitatori provenienti da una specifica fonte o campagna<\/strong>: raccogli feedback dai visitatori che arrivano al tuo sito da una fonte specifica (e-mail, google organico, campagna a pagamento, ecc.).\u00a0Utilizzando il targeting avanzato, puoi creare e lanciare sondaggi per diverse sorgenti di traffico.<\/li>\n<li><strong>Crea test AB con un numero illimitato di variazioni e obiettivi<\/strong>: usa il test AB per creare tutte le varianti da testare rispetto al tuo progetto originale.<\/li>\n<li><strong>Tag<\/strong>: tagga i video di cui hai bisogno per un pi\u00f9 facile ordinamento e ricerca in seguito.<\/li>\n<\/ul>\n<h4>LE RECENSIONI DEGLI UTENTI<\/h4>\n<p class=\"fw-bold mb-2\"><strong>Mowshori &#8220;\u00c8 utile per tenere traccia dei partecipanti durante la formazione.&#8221;<br \/>\n<\/strong><span class=\"fw-bold\"><strong>Commenti<\/strong>: <\/span>Tracciamo i nostri utenti come mai prima d&#8217;ora.\u00a0FigPii \u00e8 un ottimo strumento per ottenere le informazioni necessarie sull&#8217;uso e sul percorso dei partecipanti alla formazione. Possiamo tracciare il percorso dei nostri partecipanti e migliorarlo utilizzando mappe di calore e registrazione delle sessioni.<br \/>\n<strong>Pro<\/strong>:\u00a0Facile da usare, fornisce informazioni approfondite sul viaggio degli utenti sul nostro sito web per formazione basata sulla ricerca, workshop, seminari ecc.<br \/>\n<strong>Contro<\/strong>:\u00a0Ho affrontato alcuni problemi tecnici con cui il supporto mi ha aiutato.<\/p>\n<p class=\"fw-bold mb-2\"><strong>Fernando Adrian &#8220;Ottima piattaforma per analizzare il comportamento degli utenti&#8221;<br \/>\n<\/strong><span class=\"fw-bold\"><strong>Commenti<\/strong>: <\/span>\u00c8 una piattaforma che mi \u00e8 piaciuta, ho usato Hotjar, Heyflow, Yandex metrica e personalmente funziona meglio di quelle citate sopra.<br \/>\n<strong>Pro<\/strong>:\u00a0Sessioni registrate facili da integrare, facili da usare ed estremamente facili da analizzare.<br \/>\n<strong>Contro<\/strong>:\u00a0Il 50% delle sessioni mobili presenta un bug durante la registrazione e lo schermo non viene visualizzato bene durante l&#8217;analisi del video.<\/p>\n<p class=\"fw-bold mb-2\"><strong>Mohammad Shamim Hasan &#8220;Facile da usare, fornisce informazioni approfondite sul viaggio degli utenti sul nostro sito web.&#8221;<br \/>\n<\/strong><span class=\"fw-bold\"><strong>Commenti<\/strong>: <\/span>Il prezzo di questo prodotto \u00e8 particolarmente generoso e ragionevole. \u00c8 solo difficile credere che sto ottenendo questo livello di funzionalit\u00e0 a cos\u00ec poco.<br \/>\n<strong>Pro<\/strong>:\u00a0Lo strumento che aumenter\u00e0 notevolmente il tasso di conversione \u00e8 senza dubbio Figpii. Figpii mi fornisce l&#8217;opzione migliore per valutare il comportamento degli utenti e aumentare la conversione. La funzione Heatmap di questo strumento \u00e8 estremamente intuitiva. Inoltre, non mi d\u00e0 alcuna informazione non necessaria, cos\u00ec posso concentrarmi sui dati importanti. La funzione di acquisizione video semplice e superiore illumina\u00a0anche la mia giornata. Altro da notare \u00e8 il servizio clienti offerto da Figpii. Il team di assistenza clienti impegnato sar\u00e0 sempre l\u00ec per assistermi, indipendentemente dalle difficolt\u00e0 o dai problemi che potrei incontrare con Figpii.<br \/>\n<strong>Contro<\/strong>:\u00a0Innanzitutto, vorrei utilizzare mappe di calore e filmati su varie versioni di test AB. Questa funzionalit\u00e0 \u00e8 ancora in fase di sviluppo da parte del team di figpii. Credo che possano migliorare l&#8217;usabilit\u00e0 del sistema di gestione dei sondaggi. Le mappe dei clic non funzionano correttamente, che \u00e8 un altro problema che ho con Figpii. Anche se non capita spesso, i bug di ogni tipo devono essere migliorati.<\/p>\n","protected":false},"excerpt":{"rendered":"<p>FigPii \u00e8 una piattaforma di ottimizzazione del tasso di conversione (CRO), basata su cloud, che aiuta le aziende a progettare l&#8217;esperienza utente (UX) e identificare l&#8217;intento, il comportamento e le preferenze dei visitatori monitorando le interazioni tramite sondaggi, mappe di calore, registrazioni e altro ancora.\u00a0<\/p>\n","protected":false},"author":16,"featured_media":61647,"parent":61161,"menu_order":0,"comment_status":"open","ping_status":"closed","template":"g1_template_page_review_new.php","meta":{"_acf_changed":false,"cwp_meta_box_check":"No","cwp_rev_product_name":"","cwp_rev_product_image":"","wppr_links":[],"cwp_rev_price":"","wppr_options":[],"wppr_pros":[],"wppr_cons":[],"_monsterinsights_skip_tracking":false,"_monsterinsights_sitenote_active":false,"_monsterinsights_sitenote_note":"","_monsterinsights_sitenote_category":0,"footnotes":""},"categories":[13279],"tags":[13382,13286,13282,13281,13291,13308,13290],"features":[],"class_list":{"0":"post-61646","1":"page","2":"type-page","3":"status-publish","4":"has-post-thumbnail","6":"category-software-votazioni-cat","7":"tag-figpii","8":"tag-piattaforma-per-votazioni","9":"tag-programma-per-votazioni","10":"tag-software-per-votazioni","11":"tag-soluzione-per-votazioni","12":"tag-sondaggi","13":"tag-votazioni"},"wppr_data":{"cwp_meta_box_check":"No"},"acf":[],"yoast_head":"<!-- This site is optimized with the Yoast SEO plugin v27.4 - https:\/\/yoast.com\/product\/yoast-seo-wordpress\/ -->\n<title>FigPii: recensione software per votazioni - Accurate Reviews<\/title>\n<meta name=\"description\" content=\"FigPii: recensione piattaforma di ottimizzazione del tasso di conversione che usa sondaggi, mappe di calore, registrazioni e altro ancora.\" \/>\n<meta name=\"robots\" content=\"index, follow, max-snippet:-1, max-image-preview:large, max-video-preview:-1\" \/>\n<link rel=\"canonical\" href=\"https:\/\/www.accuratereviews.com\/it\/software-votazioni\/figpii-recensione\/\" \/>\n<meta property=\"og:locale\" content=\"it_IT\" \/>\n<meta property=\"og:type\" content=\"article\" \/>\n<meta property=\"og:title\" content=\"FigPii: recensione software per votazioni - Accurate Reviews\" \/>\n<meta property=\"og:description\" content=\"FigPii: recensione piattaforma di ottimizzazione del tasso di conversione che usa sondaggi, mappe di calore, registrazioni e altro ancora.\" \/>\n<meta property=\"og:url\" content=\"https:\/\/www.accuratereviews.com\/it\/software-votazioni\/figpii-recensione\/\" \/>\n<meta property=\"og:site_name\" content=\"Accurate Reviews\" \/>\n<meta property=\"og:image\" content=\"https:\/\/www.accuratereviews.com\/wp-content\/uploads\/2022\/09\/figpii-logo.png\" \/>\n\t<meta property=\"og:image:width\" content=\"682\" \/>\n\t<meta property=\"og:image:height\" content=\"340\" \/>\n\t<meta property=\"og:image:type\" content=\"image\/png\" \/>\n<meta name=\"twitter:card\" content=\"summary_large_image\" \/>\n<meta name=\"twitter:label1\" content=\"Tempo di lettura stimato\" \/>\n\t<meta name=\"twitter:data1\" content=\"4 minuti\" \/>\n<script type=\"application\/ld+json\" class=\"yoast-schema-graph\">{\"@context\":\"https:\\\/\\\/schema.org\",\"@graph\":[{\"@type\":\"WebPage\",\"@id\":\"https:\\\/\\\/www.accuratereviews.com\\\/it\\\/software-votazioni\\\/figpii-recensione\\\/\",\"url\":\"https:\\\/\\\/www.accuratereviews.com\\\/it\\\/software-votazioni\\\/figpii-recensione\\\/\",\"name\":\"FigPii: recensione software per votazioni - Accurate Reviews\",\"isPartOf\":{\"@id\":\"https:\\\/\\\/www.accuratereviews.com\\\/it\\\/#website\"},\"primaryImageOfPage\":{\"@id\":\"https:\\\/\\\/www.accuratereviews.com\\\/it\\\/software-votazioni\\\/figpii-recensione\\\/#primaryimage\"},\"image\":{\"@id\":\"https:\\\/\\\/www.accuratereviews.com\\\/it\\\/software-votazioni\\\/figpii-recensione\\\/#primaryimage\"},\"thumbnailUrl\":\"https:\\\/\\\/www.accuratereviews.com\\\/wp-content\\\/uploads\\\/2022\\\/09\\\/figpii-logo.png\",\"datePublished\":\"2022-11-27T18:05:10+00:00\",\"description\":\"FigPii: recensione piattaforma di ottimizzazione del tasso di conversione che usa sondaggi, mappe di calore, registrazioni e altro ancora.\",\"breadcrumb\":{\"@id\":\"https:\\\/\\\/www.accuratereviews.com\\\/it\\\/software-votazioni\\\/figpii-recensione\\\/#breadcrumb\"},\"inLanguage\":\"it-IT\",\"potentialAction\":[{\"@type\":\"ReadAction\",\"target\":[\"https:\\\/\\\/www.accuratereviews.com\\\/it\\\/software-votazioni\\\/figpii-recensione\\\/\"]}]},{\"@type\":\"ImageObject\",\"inLanguage\":\"it-IT\",\"@id\":\"https:\\\/\\\/www.accuratereviews.com\\\/it\\\/software-votazioni\\\/figpii-recensione\\\/#primaryimage\",\"url\":\"https:\\\/\\\/www.accuratereviews.com\\\/wp-content\\\/uploads\\\/2022\\\/09\\\/figpii-logo.png\",\"contentUrl\":\"https:\\\/\\\/www.accuratereviews.com\\\/wp-content\\\/uploads\\\/2022\\\/09\\\/figpii-logo.png\",\"width\":682,\"height\":340},{\"@type\":\"BreadcrumbList\",\"@id\":\"https:\\\/\\\/www.accuratereviews.com\\\/it\\\/software-votazioni\\\/figpii-recensione\\\/#breadcrumb\",\"itemListElement\":[{\"@type\":\"ListItem\",\"position\":1,\"name\":\"Home\",\"item\":\"https:\\\/\\\/www.accuratereviews.com\\\/it\\\/\"},{\"@type\":\"ListItem\",\"position\":2,\"name\":\"Software per votazioni\",\"item\":\"https:\\\/\\\/www.accuratereviews.com\\\/it\\\/software-votazioni\\\/\"},{\"@type\":\"ListItem\",\"position\":3,\"name\":\"FigPii\"}]},{\"@type\":\"WebSite\",\"@id\":\"https:\\\/\\\/www.accuratereviews.com\\\/it\\\/#website\",\"url\":\"https:\\\/\\\/www.accuratereviews.com\\\/it\\\/\",\"name\":\"Accurate Reviews\",\"description\":\"\",\"potentialAction\":[{\"@type\":\"SearchAction\",\"target\":{\"@type\":\"EntryPoint\",\"urlTemplate\":\"https:\\\/\\\/www.accuratereviews.com\\\/it\\\/?s={search_term_string}\"},\"query-input\":{\"@type\":\"PropertyValueSpecification\",\"valueRequired\":true,\"valueName\":\"search_term_string\"}}],\"inLanguage\":\"it-IT\"}]}<\/script>\n<!-- \/ Yoast SEO plugin. -->","yoast_head_json":{"title":"FigPii: recensione software per votazioni - Accurate Reviews","description":"FigPii: recensione piattaforma di ottimizzazione del tasso di conversione che usa sondaggi, mappe di calore, registrazioni e altro ancora.","robots":{"index":"index","follow":"follow","max-snippet":"max-snippet:-1","max-image-preview":"max-image-preview:large","max-video-preview":"max-video-preview:-1"},"canonical":"https:\/\/www.accuratereviews.com\/it\/software-votazioni\/figpii-recensione\/","og_locale":"it_IT","og_type":"article","og_title":"FigPii: recensione software per votazioni - Accurate Reviews","og_description":"FigPii: recensione piattaforma di ottimizzazione del tasso di conversione che usa sondaggi, mappe di calore, registrazioni e altro ancora.","og_url":"https:\/\/www.accuratereviews.com\/it\/software-votazioni\/figpii-recensione\/","og_site_name":"Accurate Reviews","og_image":[{"width":682,"height":340,"url":"https:\/\/www.accuratereviews.com\/wp-content\/uploads\/2022\/09\/figpii-logo.png","type":"image\/png"}],"twitter_card":"summary_large_image","twitter_misc":{"Tempo di lettura stimato":"4 minuti"},"schema":{"@context":"https:\/\/schema.org","@graph":[{"@type":"WebPage","@id":"https:\/\/www.accuratereviews.com\/it\/software-votazioni\/figpii-recensione\/","url":"https:\/\/www.accuratereviews.com\/it\/software-votazioni\/figpii-recensione\/","name":"FigPii: recensione software per votazioni - Accurate Reviews","isPartOf":{"@id":"https:\/\/www.accuratereviews.com\/it\/#website"},"primaryImageOfPage":{"@id":"https:\/\/www.accuratereviews.com\/it\/software-votazioni\/figpii-recensione\/#primaryimage"},"image":{"@id":"https:\/\/www.accuratereviews.com\/it\/software-votazioni\/figpii-recensione\/#primaryimage"},"thumbnailUrl":"https:\/\/www.accuratereviews.com\/wp-content\/uploads\/2022\/09\/figpii-logo.png","datePublished":"2022-11-27T18:05:10+00:00","description":"FigPii: recensione piattaforma di ottimizzazione del tasso di conversione che usa sondaggi, mappe di calore, registrazioni e altro ancora.","breadcrumb":{"@id":"https:\/\/www.accuratereviews.com\/it\/software-votazioni\/figpii-recensione\/#breadcrumb"},"inLanguage":"it-IT","potentialAction":[{"@type":"ReadAction","target":["https:\/\/www.accuratereviews.com\/it\/software-votazioni\/figpii-recensione\/"]}]},{"@type":"ImageObject","inLanguage":"it-IT","@id":"https:\/\/www.accuratereviews.com\/it\/software-votazioni\/figpii-recensione\/#primaryimage","url":"https:\/\/www.accuratereviews.com\/wp-content\/uploads\/2022\/09\/figpii-logo.png","contentUrl":"https:\/\/www.accuratereviews.com\/wp-content\/uploads\/2022\/09\/figpii-logo.png","width":682,"height":340},{"@type":"BreadcrumbList","@id":"https:\/\/www.accuratereviews.com\/it\/software-votazioni\/figpii-recensione\/#breadcrumb","itemListElement":[{"@type":"ListItem","position":1,"name":"Home","item":"https:\/\/www.accuratereviews.com\/it\/"},{"@type":"ListItem","position":2,"name":"Software per votazioni","item":"https:\/\/www.accuratereviews.com\/it\/software-votazioni\/"},{"@type":"ListItem","position":3,"name":"FigPii"}]},{"@type":"WebSite","@id":"https:\/\/www.accuratereviews.com\/it\/#website","url":"https:\/\/www.accuratereviews.com\/it\/","name":"Accurate Reviews","description":"","potentialAction":[{"@type":"SearchAction","target":{"@type":"EntryPoint","urlTemplate":"https:\/\/www.accuratereviews.com\/it\/?s={search_term_string}"},"query-input":{"@type":"PropertyValueSpecification","valueRequired":true,"valueName":"search_term_string"}}],"inLanguage":"it-IT"}]}},"_links":{"self":[{"href":"https:\/\/www.accuratereviews.com\/it\/wp-json\/wp\/v2\/pages\/61646","targetHints":{"allow":["GET"]}}],"collection":[{"href":"https:\/\/www.accuratereviews.com\/it\/wp-json\/wp\/v2\/pages"}],"about":[{"href":"https:\/\/www.accuratereviews.com\/it\/wp-json\/wp\/v2\/types\/page"}],"author":[{"embeddable":true,"href":"https:\/\/www.accuratereviews.com\/it\/wp-json\/wp\/v2\/users\/16"}],"replies":[{"embeddable":true,"href":"https:\/\/www.accuratereviews.com\/it\/wp-json\/wp\/v2\/comments?post=61646"}],"version-history":[{"count":6,"href":"https:\/\/www.accuratereviews.com\/it\/wp-json\/wp\/v2\/pages\/61646\/revisions"}],"predecessor-version":[{"id":64430,"href":"https:\/\/www.accuratereviews.com\/it\/wp-json\/wp\/v2\/pages\/61646\/revisions\/64430"}],"up":[{"embeddable":true,"href":"https:\/\/www.accuratereviews.com\/it\/wp-json\/wp\/v2\/pages\/61161"}],"wp:featuredmedia":[{"embeddable":true,"href":"https:\/\/www.accuratereviews.com\/it\/wp-json\/wp\/v2\/media\/61647"}],"wp:attachment":[{"href":"https:\/\/www.accuratereviews.com\/it\/wp-json\/wp\/v2\/media?parent=61646"}],"wp:term":[{"taxonomy":"category","embeddable":true,"href":"https:\/\/www.accuratereviews.com\/it\/wp-json\/wp\/v2\/categories?post=61646"},{"taxonomy":"post_tag","embeddable":true,"href":"https:\/\/www.accuratereviews.com\/it\/wp-json\/wp\/v2\/tags?post=61646"},{"taxonomy":"features","embeddable":true,"href":"https:\/\/www.accuratereviews.com\/it\/wp-json\/wp\/v2\/features?post=61646"}],"curies":[{"name":"wp","href":"https:\/\/api.w.org\/{rel}","templated":true}]}}