{"id":61656,"date":"2022-11-27T18:32:01","date_gmt":"2022-11-27T18:32:01","guid":{"rendered":"https:\/\/www.accuratereviews.com\/?page_id=61656"},"modified":"2022-11-27T18:32:01","modified_gmt":"2022-11-27T18:32:01","slug":"eballot-recensione","status":"publish","type":"page","link":"https:\/\/www.accuratereviews.com\/it\/software-votazioni\/eballot-recensione\/","title":{"rendered":"eBallot"},"content":{"rendered":"<p><strong>eBallot<\/strong> \u00e8 una <strong>piattaforma di voto online<\/strong> sicura, progettata per aiutare le aziende di tutte le dimensioni a prendere decisioni, eleggere leader e definire nuove politiche basate su sondaggi semplici o personalizzati. La soluzione, basata su <strong>cloud<\/strong>, fornisce gli strumenti per creare e personalizzare schede elettorali, notificare e invitare gli elettori, raccogliere voti e quindi analizzare i risultati.<br \/>\nCon<strong> eBallot<\/strong>, le aziende possono ottenere opinioni e feedback sulle decisioni aziendali attraverso votazioni online sicure. Gli utenti possono creare e personalizzare le schede elettorali con il marchio aziendale e definire orari di apertura e chiusura delle votazioni, contenuto delle domande, tipo di scheda elettorale e altro in base alle esigenze. Report e statistiche vengono forniti anche dopo lo scrutinio al fine di fornire agli utenti i risultati, con la possibilit\u00e0 di filtrare i risultati per data o ora, nonch\u00e9 visualizzare un riepilogo finale dei voti complessivi.<\/p>\n<h2>EBALLOT &#8211; TUTORIAL<\/h2>\n<p>Vediamo come si pu\u00f2 procedere con una <strong>votazione<\/strong> con questo programma:<\/p>\n<div id=\"fluid-wrapper-counter-1\" class=\"g1-fluid-wrapper \" style=\"width:686px;\">\n<div style=\"padding-bottom:56.268221574344%;\"><iframe loading=\"lazy\" title=\"eBallot&#039;s Online Voting System &amp; Services\" width=\"686\" height=\"386\" src=\"https:\/\/www.youtube.com\/embed\/Gu4mndA8Hyw?feature=oembed&amp;wmode=transparent&amp;autohide=1&amp;autoplay=0&amp;disablekb=0&amp;fs=1&amp;loop=0&amp;enablejsapi=1&amp;rel=0&amp;controls=2&amp;showinfo=0&amp;wmode=transparent&amp;autohide=2&amp;autoplay=0&amp;disablekb=0&amp;fs=1&amp;loop=0&amp;enablejsapi=1&amp;rel=0&amp;controls=2&amp;showinfo=1\" frameborder=\"0\" allow=\"accelerometer; autoplay; clipboard-write; encrypted-media; gyroscope; picture-in-picture\" allowfullscreen><\/iframe><\/div>\n<\/div>\n<h3>EBALLOT &#8211; CARATTERISTICHE<\/h3>\n<ul>\n<li><strong>Uno strumento di voto online affidabile per il tuo gruppo<\/strong>: organizza le elezioni online tra il tuo gruppo per un singolo evento importante. Oppure gestisci voti coerenti e ricorrenti.<\/li>\n<li><strong>Piattaforma di voto basata su app web<\/strong>: invia gli elettori idonei a un sito web di votazione personalizzato, non \u00e8 necessario scaricare l&#8217;app di voto online.<\/li>\n<li><strong>Modo piacevole per esprimere voti<\/strong>: i\u00a0tuoi elettori meritano un sito web di votazione equo e facile da usare, accessibile da qualsiasi dispositivo.<\/li>\n<li><strong>Opzioni di implementazione flessibili<\/strong>: scegli quanto vuoi essere coinvolto. Autogestisci il tuo voto o lascialo gestire alla soluzi l&#8217;esperienza di voto.<\/li>\n<li><strong>Personalizzazioni di icone<\/strong>: integrazioni del sistema elettorale online: ogni voto \u00e8 unico. Le opzioni di personalizzazione includono integrazioni tecniche, schede elettorali cartacee, consulenza sul voto e altro ancora.<\/li>\n<li><strong>Salvaguardare i dati organizzativi<\/strong>: le misure di sicurezza informatica proteggono i tuoi dati sensibili.\u00a0Elimina il rischio del doppio voto e delle frodi elettorali. Gli eventi di votazione chiusi consentono un processo decisionale affidabile.<\/li>\n<li><strong>Dimostra l&#8217;integrit\u00e0 del tuo voto<\/strong>: i robusti strumenti di auditing ti consentono di dimostrare un processo di voto responsabile.<\/li>\n<li><strong>Analisi e reportistica affidabili<\/strong>: l&#8217;analisi in tempo reale mostra come si svolgono i tuoi voti e i risultati elettorali. Opzioni di reporting dettagliate consentono di condividere i risultati con le parti interessate.<\/li>\n<\/ul>\n<h4>LE RECENSIONI DEGLI UTENTI<\/h4>\n<p class=\"fw-bold mb-2\"><strong>Elizabeth &#8220;Il nostro sindacato eBallot \u00e8 fantastico!&#8221;<br \/>\n<\/strong><strong>Pro<\/strong>:\u00a0eBallot \u00e8 facile da usare e ha notevolmente migliorato l&#8217;esperienza di voto dei nostri membri. Il software ha anche migliorato la nostra esperienza amministrativa; il software \u00e8 intuitivo, gli eventi di voto possono essere impostati rapidamente e il servizio clienti \u00e8 molto reattivo.<br \/>\n<strong>Contro<\/strong>:\u00a0Il software sembra essere un po&#8217; costoso.<\/p>\n<p class=\"fw-bold mb-2\"><strong>Michele &#8220;Facile da usare&#8221;<br \/>\n<\/strong><span class=\"fw-bold\"><strong>Commenti<\/strong>: <\/span>Usiamo eBallot per le nostre elezioni annuali. Gestisco 5 associazioni e tutte usano eballot<br \/>\n<strong>Pro<\/strong>:\u00a0mi \u00e8 piaciuto poter importare facilmente la mia lista di membri nel loro modello. Una volta impostato tutto, non resta che attendere la fine delle elezioni e ottenere i risultati.<br \/>\n<strong>Contro<\/strong>:\u00a0Quando hai domande non c&#8217;\u00e8 supporto in chat, solo un&#8217;area FAQ<\/p>\n<div class=\"ps-4 my-4 py-3 border-start border-fog text-ash i18n-translation_vendor_container\" data-translation-id=\"1316719\" data-translation-vendor-target=\"original\" data-translation-callback=\"asyncReviewLoaded\">\n<p class=\"fw-bold mb-2\"><strong>Jenny &#8220;Voto a distanza facilitato a un prezzo economico&#8221;<br \/>\n<\/strong><span class=\"fw-bold\"><strong>Commenti<\/strong>: <\/span>All&#8217;inizio, sono stato in grado di contattare il servizio clienti (qualcuno ha risposto al telefono). Quindi, sono stato in grado di ricevere risposte via email. La ragazza con cui ho lavorato \u00e8 stata molto tempestiva nel rispondere alle mie domande. Poi, c&#8217;era un ragazzo che mi ha aiutato. Non era cos\u00ec acuto come la prima persona che mi ha assistito. Non ricordo i loro nomi poich\u00e9 \u00e8 passato molto tempo da quando ho contattato il servizio clienti di eballot.<br \/>\n<strong>Pro<\/strong>:\u00a0Il prezzo per il voto elettronico era molto economico.<br \/>\n<strong>Contro:<\/strong>\u00a0Il prezzo consentito \u00e8 solo per una votazione al mese. Inoltre, non riuscivo a capire come aggiungere un voto aggiuntivo e non ho ricevuto risposta dal servizio clienti.<\/p>\n<\/div>\n","protected":false},"excerpt":{"rendered":"<p>eBallot \u00e8 una piattaforma di voto online sicura, progettata per aiutare le aziende di tutte le dimensioni a prendere decisioni, eleggere leader e definire nuove politiche basate su sondaggi semplici o personalizzati. La soluzione, basata su cloud, fornisce gli strumenti per creare e personalizzare schede elettorali, notificare e invitare gli elettori, raccogliere voti e quindi analizzare i risultati.\u00a0<\/p>\n","protected":false},"author":16,"featured_media":61659,"parent":61161,"menu_order":0,"comment_status":"open","ping_status":"closed","template":"g1_template_page_review_new.php","meta":{"_acf_changed":false,"cwp_meta_box_check":"No","cwp_rev_product_name":"","cwp_rev_product_image":"","wppr_links":[],"cwp_rev_price":"","wppr_options":[],"wppr_pros":[],"wppr_cons":[],"_monsterinsights_skip_tracking":false,"_monsterinsights_sitenote_active":false,"_monsterinsights_sitenote_note":"","_monsterinsights_sitenote_category":0,"footnotes":""},"categories":[13279],"tags":[13384,13286,13282,13281,13291,13308,13290],"features":[],"class_list":{"0":"post-61656","1":"page","2":"type-page","3":"status-publish","4":"has-post-thumbnail","6":"category-software-votazioni-cat","7":"tag-eballot","8":"tag-piattaforma-per-votazioni","9":"tag-programma-per-votazioni","10":"tag-software-per-votazioni","11":"tag-soluzione-per-votazioni","12":"tag-sondaggi","13":"tag-votazioni"},"wppr_data":{"cwp_meta_box_check":"No"},"acf":[],"yoast_head":"<!-- This site is optimized with the Yoast SEO plugin v27.4 - https:\/\/yoast.com\/product\/yoast-seo-wordpress\/ -->\n<title>eBallot: recensione software per votazioni - Accurate Reviews<\/title>\n<meta name=\"description\" content=\"eBallot: piattaforma di voto online progettata per aiutare le aziende a prendere decisioni, eleggere leader e definire nuove politiche.\" \/>\n<meta name=\"robots\" content=\"index, follow, max-snippet:-1, max-image-preview:large, max-video-preview:-1\" \/>\n<link rel=\"canonical\" href=\"https:\/\/www.accuratereviews.com\/it\/software-votazioni\/eballot-recensione\/\" \/>\n<meta property=\"og:locale\" content=\"it_IT\" \/>\n<meta property=\"og:type\" content=\"article\" \/>\n<meta property=\"og:title\" content=\"eBallot: recensione software per votazioni - Accurate Reviews\" \/>\n<meta property=\"og:description\" content=\"eBallot: piattaforma di voto online progettata per aiutare le aziende a prendere decisioni, eleggere leader e definire nuove politiche.\" \/>\n<meta property=\"og:url\" content=\"https:\/\/www.accuratereviews.com\/it\/software-votazioni\/eballot-recensione\/\" \/>\n<meta property=\"og:site_name\" content=\"Accurate Reviews\" \/>\n<meta property=\"og:image\" content=\"https:\/\/www.accuratereviews.com\/wp-content\/uploads\/2022\/09\/eBallot20logo-scaled.jpeg\" \/>\n\t<meta property=\"og:image:width\" content=\"2560\" \/>\n\t<meta property=\"og:image:height\" content=\"673\" \/>\n\t<meta property=\"og:image:type\" content=\"image\/jpeg\" \/>\n<meta name=\"twitter:card\" content=\"summary_large_image\" \/>\n<meta name=\"twitter:label1\" content=\"Tempo di lettura stimato\" \/>\n\t<meta name=\"twitter:data1\" content=\"4 minuti\" \/>\n<script type=\"application\/ld+json\" class=\"yoast-schema-graph\">{\"@context\":\"https:\\\/\\\/schema.org\",\"@graph\":[{\"@type\":\"WebPage\",\"@id\":\"https:\\\/\\\/www.accuratereviews.com\\\/it\\\/software-votazioni\\\/eballot-recensione\\\/\",\"url\":\"https:\\\/\\\/www.accuratereviews.com\\\/it\\\/software-votazioni\\\/eballot-recensione\\\/\",\"name\":\"eBallot: recensione software per votazioni - Accurate Reviews\",\"isPartOf\":{\"@id\":\"https:\\\/\\\/www.accuratereviews.com\\\/it\\\/#website\"},\"primaryImageOfPage\":{\"@id\":\"https:\\\/\\\/www.accuratereviews.com\\\/it\\\/software-votazioni\\\/eballot-recensione\\\/#primaryimage\"},\"image\":{\"@id\":\"https:\\\/\\\/www.accuratereviews.com\\\/it\\\/software-votazioni\\\/eballot-recensione\\\/#primaryimage\"},\"thumbnailUrl\":\"https:\\\/\\\/www.accuratereviews.com\\\/wp-content\\\/uploads\\\/2022\\\/09\\\/eBallot20logo-scaled.jpeg\",\"datePublished\":\"2022-11-27T18:32:01+00:00\",\"description\":\"eBallot: piattaforma di voto online progettata per aiutare le aziende a prendere decisioni, eleggere leader e definire nuove politiche.\",\"breadcrumb\":{\"@id\":\"https:\\\/\\\/www.accuratereviews.com\\\/it\\\/software-votazioni\\\/eballot-recensione\\\/#breadcrumb\"},\"inLanguage\":\"it-IT\",\"potentialAction\":[{\"@type\":\"ReadAction\",\"target\":[\"https:\\\/\\\/www.accuratereviews.com\\\/it\\\/software-votazioni\\\/eballot-recensione\\\/\"]}]},{\"@type\":\"ImageObject\",\"inLanguage\":\"it-IT\",\"@id\":\"https:\\\/\\\/www.accuratereviews.com\\\/it\\\/software-votazioni\\\/eballot-recensione\\\/#primaryimage\",\"url\":\"https:\\\/\\\/www.accuratereviews.com\\\/wp-content\\\/uploads\\\/2022\\\/09\\\/eBallot20logo-scaled.jpeg\",\"contentUrl\":\"https:\\\/\\\/www.accuratereviews.com\\\/wp-content\\\/uploads\\\/2022\\\/09\\\/eBallot20logo-scaled.jpeg\",\"width\":2560,\"height\":673,\"caption\":\"eBallot logo (PRNewsFoto\\\/eBallot)\"},{\"@type\":\"BreadcrumbList\",\"@id\":\"https:\\\/\\\/www.accuratereviews.com\\\/it\\\/software-votazioni\\\/eballot-recensione\\\/#breadcrumb\",\"itemListElement\":[{\"@type\":\"ListItem\",\"position\":1,\"name\":\"Home\",\"item\":\"https:\\\/\\\/www.accuratereviews.com\\\/it\\\/\"},{\"@type\":\"ListItem\",\"position\":2,\"name\":\"Software per votazioni\",\"item\":\"https:\\\/\\\/www.accuratereviews.com\\\/it\\\/software-votazioni\\\/\"},{\"@type\":\"ListItem\",\"position\":3,\"name\":\"eBallot\"}]},{\"@type\":\"WebSite\",\"@id\":\"https:\\\/\\\/www.accuratereviews.com\\\/it\\\/#website\",\"url\":\"https:\\\/\\\/www.accuratereviews.com\\\/it\\\/\",\"name\":\"Accurate Reviews\",\"description\":\"\",\"potentialAction\":[{\"@type\":\"SearchAction\",\"target\":{\"@type\":\"EntryPoint\",\"urlTemplate\":\"https:\\\/\\\/www.accuratereviews.com\\\/it\\\/?s={search_term_string}\"},\"query-input\":{\"@type\":\"PropertyValueSpecification\",\"valueRequired\":true,\"valueName\":\"search_term_string\"}}],\"inLanguage\":\"it-IT\"}]}<\/script>\n<!-- \/ Yoast SEO plugin. -->","yoast_head_json":{"title":"eBallot: recensione software per votazioni - Accurate Reviews","description":"eBallot: piattaforma di voto online progettata per aiutare le aziende a prendere decisioni, eleggere leader e definire nuove politiche.","robots":{"index":"index","follow":"follow","max-snippet":"max-snippet:-1","max-image-preview":"max-image-preview:large","max-video-preview":"max-video-preview:-1"},"canonical":"https:\/\/www.accuratereviews.com\/it\/software-votazioni\/eballot-recensione\/","og_locale":"it_IT","og_type":"article","og_title":"eBallot: recensione software per votazioni - Accurate Reviews","og_description":"eBallot: piattaforma di voto online progettata per aiutare le aziende a prendere decisioni, eleggere leader e definire nuove politiche.","og_url":"https:\/\/www.accuratereviews.com\/it\/software-votazioni\/eballot-recensione\/","og_site_name":"Accurate Reviews","og_image":[{"width":2560,"height":673,"url":"https:\/\/www.accuratereviews.com\/wp-content\/uploads\/2022\/09\/eBallot20logo-scaled.jpeg","type":"image\/jpeg"}],"twitter_card":"summary_large_image","twitter_misc":{"Tempo di lettura stimato":"4 minuti"},"schema":{"@context":"https:\/\/schema.org","@graph":[{"@type":"WebPage","@id":"https:\/\/www.accuratereviews.com\/it\/software-votazioni\/eballot-recensione\/","url":"https:\/\/www.accuratereviews.com\/it\/software-votazioni\/eballot-recensione\/","name":"eBallot: recensione software per votazioni - Accurate Reviews","isPartOf":{"@id":"https:\/\/www.accuratereviews.com\/it\/#website"},"primaryImageOfPage":{"@id":"https:\/\/www.accuratereviews.com\/it\/software-votazioni\/eballot-recensione\/#primaryimage"},"image":{"@id":"https:\/\/www.accuratereviews.com\/it\/software-votazioni\/eballot-recensione\/#primaryimage"},"thumbnailUrl":"https:\/\/www.accuratereviews.com\/wp-content\/uploads\/2022\/09\/eBallot20logo-scaled.jpeg","datePublished":"2022-11-27T18:32:01+00:00","description":"eBallot: piattaforma di voto online progettata per aiutare le aziende a prendere decisioni, eleggere leader e definire nuove politiche.","breadcrumb":{"@id":"https:\/\/www.accuratereviews.com\/it\/software-votazioni\/eballot-recensione\/#breadcrumb"},"inLanguage":"it-IT","potentialAction":[{"@type":"ReadAction","target":["https:\/\/www.accuratereviews.com\/it\/software-votazioni\/eballot-recensione\/"]}]},{"@type":"ImageObject","inLanguage":"it-IT","@id":"https:\/\/www.accuratereviews.com\/it\/software-votazioni\/eballot-recensione\/#primaryimage","url":"https:\/\/www.accuratereviews.com\/wp-content\/uploads\/2022\/09\/eBallot20logo-scaled.jpeg","contentUrl":"https:\/\/www.accuratereviews.com\/wp-content\/uploads\/2022\/09\/eBallot20logo-scaled.jpeg","width":2560,"height":673,"caption":"eBallot logo (PRNewsFoto\/eBallot)"},{"@type":"BreadcrumbList","@id":"https:\/\/www.accuratereviews.com\/it\/software-votazioni\/eballot-recensione\/#breadcrumb","itemListElement":[{"@type":"ListItem","position":1,"name":"Home","item":"https:\/\/www.accuratereviews.com\/it\/"},{"@type":"ListItem","position":2,"name":"Software per votazioni","item":"https:\/\/www.accuratereviews.com\/it\/software-votazioni\/"},{"@type":"ListItem","position":3,"name":"eBallot"}]},{"@type":"WebSite","@id":"https:\/\/www.accuratereviews.com\/it\/#website","url":"https:\/\/www.accuratereviews.com\/it\/","name":"Accurate Reviews","description":"","potentialAction":[{"@type":"SearchAction","target":{"@type":"EntryPoint","urlTemplate":"https:\/\/www.accuratereviews.com\/it\/?s={search_term_string}"},"query-input":{"@type":"PropertyValueSpecification","valueRequired":true,"valueName":"search_term_string"}}],"inLanguage":"it-IT"}]}},"_links":{"self":[{"href":"https:\/\/www.accuratereviews.com\/it\/wp-json\/wp\/v2\/pages\/61656","targetHints":{"allow":["GET"]}}],"collection":[{"href":"https:\/\/www.accuratereviews.com\/it\/wp-json\/wp\/v2\/pages"}],"about":[{"href":"https:\/\/www.accuratereviews.com\/it\/wp-json\/wp\/v2\/types\/page"}],"author":[{"embeddable":true,"href":"https:\/\/www.accuratereviews.com\/it\/wp-json\/wp\/v2\/users\/16"}],"replies":[{"embeddable":true,"href":"https:\/\/www.accuratereviews.com\/it\/wp-json\/wp\/v2\/comments?post=61656"}],"version-history":[{"count":7,"href":"https:\/\/www.accuratereviews.com\/it\/wp-json\/wp\/v2\/pages\/61656\/revisions"}],"predecessor-version":[{"id":64436,"href":"https:\/\/www.accuratereviews.com\/it\/wp-json\/wp\/v2\/pages\/61656\/revisions\/64436"}],"up":[{"embeddable":true,"href":"https:\/\/www.accuratereviews.com\/it\/wp-json\/wp\/v2\/pages\/61161"}],"wp:featuredmedia":[{"embeddable":true,"href":"https:\/\/www.accuratereviews.com\/it\/wp-json\/wp\/v2\/media\/61659"}],"wp:attachment":[{"href":"https:\/\/www.accuratereviews.com\/it\/wp-json\/wp\/v2\/media?parent=61656"}],"wp:term":[{"taxonomy":"category","embeddable":true,"href":"https:\/\/www.accuratereviews.com\/it\/wp-json\/wp\/v2\/categories?post=61656"},{"taxonomy":"post_tag","embeddable":true,"href":"https:\/\/www.accuratereviews.com\/it\/wp-json\/wp\/v2\/tags?post=61656"},{"taxonomy":"features","embeddable":true,"href":"https:\/\/www.accuratereviews.com\/it\/wp-json\/wp\/v2\/features?post=61656"}],"curies":[{"name":"wp","href":"https:\/\/api.w.org\/{rel}","templated":true}]}}