{"id":6166,"date":"2015-10-13T15:47:02","date_gmt":"2015-10-13T15:47:02","guid":{"rendered":"http:\/\/www.accuratereviews.com\/it\/elastic-email\/"},"modified":"2016-12-06T09:59:42","modified_gmt":"2016-12-06T09:59:42","slug":"elastic-email","status":"publish","type":"page","link":"https:\/\/www.accuratereviews.com\/it\/newsletter-migliori-software-lista\/elastic-email\/","title":{"rendered":"Elastic Email"},"content":{"rendered":"<p><a href=\"http:\/\/www.accuratereviews.com\/wp-content\/uploads\/2015\/10\/screenshot-elasticemail-com-2015-10-13-16-57-33.png\"><img loading=\"lazy\" decoding=\"async\" class=\"alignnone wp-image-1580 size-full\" src=\"http:\/\/www.accuratereviews.com\/wp-content\/uploads\/2015\/10\/screenshot-elasticemail-com-2015-10-13-16-57-33.png\" alt=\"Elastic Email_homepage\" width=\"1320\" height=\"855\" srcset=\"https:\/\/www.accuratereviews.com\/wp-content\/uploads\/2015\/10\/screenshot-elasticemail-com-2015-10-13-16-57-33.png 1320w, https:\/\/www.accuratereviews.com\/wp-content\/uploads\/2015\/10\/screenshot-elasticemail-com-2015-10-13-16-57-33-300x194.png 300w, https:\/\/www.accuratereviews.com\/wp-content\/uploads\/2015\/10\/screenshot-elasticemail-com-2015-10-13-16-57-33-1024x663.png 1024w, https:\/\/www.accuratereviews.com\/wp-content\/uploads\/2015\/10\/screenshot-elasticemail-com-2015-10-13-16-57-33-193x125.png 193w, https:\/\/www.accuratereviews.com\/wp-content\/uploads\/2015\/10\/screenshot-elasticemail-com-2015-10-13-16-57-33-50x32.png 50w, https:\/\/www.accuratereviews.com\/wp-content\/uploads\/2015\/10\/screenshot-elasticemail-com-2015-10-13-16-57-33-968x627.png 968w, https:\/\/www.accuratereviews.com\/wp-content\/uploads\/2015\/10\/screenshot-elasticemail-com-2015-10-13-16-57-33-636x412.png 636w, https:\/\/www.accuratereviews.com\/wp-content\/uploads\/2015\/10\/screenshot-elasticemail-com-2015-10-13-16-57-33-320x207.png 320w, https:\/\/www.accuratereviews.com\/wp-content\/uploads\/2015\/10\/screenshot-elasticemail-com-2015-10-13-16-57-33-239x155.png 239w\" sizes=\"auto, (max-width: 1320px) 100vw, 1320px\" \/><\/a><\/p>\n<p><strong>Elastic Email \u00e8 una piattaforma di email marketing solida e completa<\/strong>, con buoni strumenti per gestire una campagna marketing di qualsiasi dimensione. \u00c8 un servizio apprezzato per la sua stabilit\u00e0, affidabilit\u00e0, ottime performance, e una consegna rapida delle vostre email: in pi\u00f9, \u00e8 anche abbastanza facile da usare. Creare e modificare una newsletter \u00e8 molto semplice, utilizzando <strong>l\u2019editor drag\u2019n\u2019drop di Elastic Emal, o scrivendo direttamente il codice HTML<\/strong>. Questo servizio professionale contiene anche altre funzionalit\u00e0 utili e ben realizzate: <strong>verifica spam, test A\/X, indirizzi IP dedicati, e altro ancora<\/strong>.<\/p>\n<p>Per maggiori informazioni vi rimandiamo alla <a href=\"https:\/\/www.accuratereviews.com\/best-email-marketing-services-reviews-list\/elastic-email\/\" title=\"recensione recensione in inglese\">recensione recensione in inglese<\/a>.<\/p>\n","protected":false},"excerpt":{"rendered":"<p>Elastic Email \u00e8 una piattaforma di email marketing solida e completa, con buoni strumenti per gestire una campagna marketing di qualsiasi dimensione.<\/p>\n","protected":false},"author":16,"featured_media":0,"parent":5555,"menu_order":18,"comment_status":"open","ping_status":"closed","template":"g1_template_page_review_new.php","meta":{"_acf_changed":false,"cwp_meta_box_check":"Yes","cwp_rev_product_name":"","cwp_rev_product_image":"","wppr_links":[],"cwp_rev_price":"","wppr_options":[],"wppr_pros":[],"wppr_cons":[],"_monsterinsights_skip_tracking":false,"_monsterinsights_sitenote_active":false,"_monsterinsights_sitenote_note":"","_monsterinsights_sitenote_category":0,"footnotes":""},"categories":[106,108],"tags":[],"features":[],"class_list":{"0":"post-6166","1":"page","2":"type-page","3":"status-publish","5":"category-email-marketing-it","6":"category-newsletter"},"wppr_data":{"cwp_meta_box_check":"Yes","cwp_rev_product_name":"","cwp_rev_product_image":"","cwp_image_link":"image","cwp_rev_price":"","wppr_rating":"0.00"},"acf":[],"yoast_head":"<!-- This site is optimized with the Yoast SEO plugin v27.4 - https:\/\/yoast.com\/product\/yoast-seo-wordpress\/ -->\n<title>Elastic Email recensione software per newsletter | Accurate Reviews<\/title>\n<meta name=\"description\" content=\"Elastic Email \u00e8 una piattaforma di email marketing solida e completa, con buoni strumenti per gestire una campagna marketing di qualsiasi dimensione.\" \/>\n<meta name=\"robots\" content=\"index, follow, max-snippet:-1, max-image-preview:large, max-video-preview:-1\" \/>\n<link rel=\"canonical\" href=\"https:\/\/www.accuratereviews.com\/it\/newsletter-migliori-software-lista\/elastic-email\/\" \/>\n<meta property=\"og:locale\" content=\"it_IT\" \/>\n<meta property=\"og:type\" content=\"article\" \/>\n<meta property=\"og:title\" content=\"Elastic Email recensione software per newsletter | Accurate Reviews\" \/>\n<meta property=\"og:description\" content=\"Elastic Email \u00e8 una piattaforma di email marketing solida e completa, con buoni strumenti per gestire una campagna marketing di qualsiasi dimensione.\" \/>\n<meta property=\"og:url\" content=\"https:\/\/www.accuratereviews.com\/it\/newsletter-migliori-software-lista\/elastic-email\/\" \/>\n<meta property=\"og:site_name\" content=\"Accurate Reviews\" \/>\n<meta property=\"article:modified_time\" content=\"2016-12-06T09:59:42+00:00\" \/>\n<meta property=\"og:image\" content=\"http:\/\/www.accuratereviews.com\/wp-content\/uploads\/2015\/10\/screenshot-elasticemail-com-2015-10-13-16-57-33.png\" \/>\n<meta name=\"twitter:card\" content=\"summary_large_image\" \/>\n<meta name=\"twitter:label1\" content=\"Tempo di lettura stimato\" \/>\n\t<meta name=\"twitter:data1\" content=\"1 minuto\" \/>\n<script type=\"application\/ld+json\" class=\"yoast-schema-graph\">{\"@context\":\"https:\\\/\\\/schema.org\",\"@graph\":[{\"@type\":\"WebPage\",\"@id\":\"https:\\\/\\\/www.accuratereviews.com\\\/it\\\/newsletter-migliori-software-lista\\\/elastic-email\\\/\",\"url\":\"https:\\\/\\\/www.accuratereviews.com\\\/it\\\/newsletter-migliori-software-lista\\\/elastic-email\\\/\",\"name\":\"Elastic Email recensione software per newsletter | Accurate Reviews\",\"isPartOf\":{\"@id\":\"https:\\\/\\\/www.accuratereviews.com\\\/it\\\/#website\"},\"primaryImageOfPage\":{\"@id\":\"https:\\\/\\\/www.accuratereviews.com\\\/it\\\/newsletter-migliori-software-lista\\\/elastic-email\\\/#primaryimage\"},\"image\":{\"@id\":\"https:\\\/\\\/www.accuratereviews.com\\\/it\\\/newsletter-migliori-software-lista\\\/elastic-email\\\/#primaryimage\"},\"thumbnailUrl\":\"http:\\\/\\\/www.accuratereviews.com\\\/wp-content\\\/uploads\\\/2015\\\/10\\\/screenshot-elasticemail-com-2015-10-13-16-57-33.png\",\"datePublished\":\"2015-10-13T15:47:02+00:00\",\"dateModified\":\"2016-12-06T09:59:42+00:00\",\"description\":\"Elastic Email \u00e8 una piattaforma di email marketing solida e completa, con buoni strumenti per gestire una campagna marketing di qualsiasi dimensione.\",\"breadcrumb\":{\"@id\":\"https:\\\/\\\/www.accuratereviews.com\\\/it\\\/newsletter-migliori-software-lista\\\/elastic-email\\\/#breadcrumb\"},\"inLanguage\":\"it-IT\",\"potentialAction\":[{\"@type\":\"ReadAction\",\"target\":[\"https:\\\/\\\/www.accuratereviews.com\\\/it\\\/newsletter-migliori-software-lista\\\/elastic-email\\\/\"]}]},{\"@type\":\"ImageObject\",\"inLanguage\":\"it-IT\",\"@id\":\"https:\\\/\\\/www.accuratereviews.com\\\/it\\\/newsletter-migliori-software-lista\\\/elastic-email\\\/#primaryimage\",\"url\":\"http:\\\/\\\/www.accuratereviews.com\\\/wp-content\\\/uploads\\\/2015\\\/10\\\/screenshot-elasticemail-com-2015-10-13-16-57-33.png\",\"contentUrl\":\"http:\\\/\\\/www.accuratereviews.com\\\/wp-content\\\/uploads\\\/2015\\\/10\\\/screenshot-elasticemail-com-2015-10-13-16-57-33.png\"},{\"@type\":\"BreadcrumbList\",\"@id\":\"https:\\\/\\\/www.accuratereviews.com\\\/it\\\/newsletter-migliori-software-lista\\\/elastic-email\\\/#breadcrumb\",\"itemListElement\":[{\"@type\":\"ListItem\",\"position\":1,\"name\":\"Home\",\"item\":\"https:\\\/\\\/www.accuratereviews.com\\\/it\\\/\"},{\"@type\":\"ListItem\",\"position\":2,\"name\":\"Newsletter: i migliori software\",\"item\":\"https:\\\/\\\/www.accuratereviews.com\\\/it\\\/newsletter-migliori-software-lista\\\/\"},{\"@type\":\"ListItem\",\"position\":3,\"name\":\"Elastic Email\"}]},{\"@type\":\"WebSite\",\"@id\":\"https:\\\/\\\/www.accuratereviews.com\\\/it\\\/#website\",\"url\":\"https:\\\/\\\/www.accuratereviews.com\\\/it\\\/\",\"name\":\"Accurate Reviews\",\"description\":\"\",\"potentialAction\":[{\"@type\":\"SearchAction\",\"target\":{\"@type\":\"EntryPoint\",\"urlTemplate\":\"https:\\\/\\\/www.accuratereviews.com\\\/it\\\/?s={search_term_string}\"},\"query-input\":{\"@type\":\"PropertyValueSpecification\",\"valueRequired\":true,\"valueName\":\"search_term_string\"}}],\"inLanguage\":\"it-IT\"}]}<\/script>\n<!-- \/ Yoast SEO plugin. -->","yoast_head_json":{"title":"Elastic Email recensione software per newsletter | Accurate Reviews","description":"Elastic Email \u00e8 una piattaforma di email marketing solida e completa, con buoni strumenti per gestire una campagna marketing di qualsiasi dimensione.","robots":{"index":"index","follow":"follow","max-snippet":"max-snippet:-1","max-image-preview":"max-image-preview:large","max-video-preview":"max-video-preview:-1"},"canonical":"https:\/\/www.accuratereviews.com\/it\/newsletter-migliori-software-lista\/elastic-email\/","og_locale":"it_IT","og_type":"article","og_title":"Elastic Email recensione software per newsletter | Accurate Reviews","og_description":"Elastic Email \u00e8 una piattaforma di email marketing solida e completa, con buoni strumenti per gestire una campagna marketing di qualsiasi dimensione.","og_url":"https:\/\/www.accuratereviews.com\/it\/newsletter-migliori-software-lista\/elastic-email\/","og_site_name":"Accurate Reviews","article_modified_time":"2016-12-06T09:59:42+00:00","og_image":[{"url":"http:\/\/www.accuratereviews.com\/wp-content\/uploads\/2015\/10\/screenshot-elasticemail-com-2015-10-13-16-57-33.png","type":"","width":"","height":""}],"twitter_card":"summary_large_image","twitter_misc":{"Tempo di lettura stimato":"1 minuto"},"schema":{"@context":"https:\/\/schema.org","@graph":[{"@type":"WebPage","@id":"https:\/\/www.accuratereviews.com\/it\/newsletter-migliori-software-lista\/elastic-email\/","url":"https:\/\/www.accuratereviews.com\/it\/newsletter-migliori-software-lista\/elastic-email\/","name":"Elastic Email recensione software per newsletter | Accurate Reviews","isPartOf":{"@id":"https:\/\/www.accuratereviews.com\/it\/#website"},"primaryImageOfPage":{"@id":"https:\/\/www.accuratereviews.com\/it\/newsletter-migliori-software-lista\/elastic-email\/#primaryimage"},"image":{"@id":"https:\/\/www.accuratereviews.com\/it\/newsletter-migliori-software-lista\/elastic-email\/#primaryimage"},"thumbnailUrl":"http:\/\/www.accuratereviews.com\/wp-content\/uploads\/2015\/10\/screenshot-elasticemail-com-2015-10-13-16-57-33.png","datePublished":"2015-10-13T15:47:02+00:00","dateModified":"2016-12-06T09:59:42+00:00","description":"Elastic Email \u00e8 una piattaforma di email marketing solida e completa, con buoni strumenti per gestire una campagna marketing di qualsiasi dimensione.","breadcrumb":{"@id":"https:\/\/www.accuratereviews.com\/it\/newsletter-migliori-software-lista\/elastic-email\/#breadcrumb"},"inLanguage":"it-IT","potentialAction":[{"@type":"ReadAction","target":["https:\/\/www.accuratereviews.com\/it\/newsletter-migliori-software-lista\/elastic-email\/"]}]},{"@type":"ImageObject","inLanguage":"it-IT","@id":"https:\/\/www.accuratereviews.com\/it\/newsletter-migliori-software-lista\/elastic-email\/#primaryimage","url":"http:\/\/www.accuratereviews.com\/wp-content\/uploads\/2015\/10\/screenshot-elasticemail-com-2015-10-13-16-57-33.png","contentUrl":"http:\/\/www.accuratereviews.com\/wp-content\/uploads\/2015\/10\/screenshot-elasticemail-com-2015-10-13-16-57-33.png"},{"@type":"BreadcrumbList","@id":"https:\/\/www.accuratereviews.com\/it\/newsletter-migliori-software-lista\/elastic-email\/#breadcrumb","itemListElement":[{"@type":"ListItem","position":1,"name":"Home","item":"https:\/\/www.accuratereviews.com\/it\/"},{"@type":"ListItem","position":2,"name":"Newsletter: i migliori software","item":"https:\/\/www.accuratereviews.com\/it\/newsletter-migliori-software-lista\/"},{"@type":"ListItem","position":3,"name":"Elastic Email"}]},{"@type":"WebSite","@id":"https:\/\/www.accuratereviews.com\/it\/#website","url":"https:\/\/www.accuratereviews.com\/it\/","name":"Accurate Reviews","description":"","potentialAction":[{"@type":"SearchAction","target":{"@type":"EntryPoint","urlTemplate":"https:\/\/www.accuratereviews.com\/it\/?s={search_term_string}"},"query-input":{"@type":"PropertyValueSpecification","valueRequired":true,"valueName":"search_term_string"}}],"inLanguage":"it-IT"}]}},"_links":{"self":[{"href":"https:\/\/www.accuratereviews.com\/it\/wp-json\/wp\/v2\/pages\/6166","targetHints":{"allow":["GET"]}}],"collection":[{"href":"https:\/\/www.accuratereviews.com\/it\/wp-json\/wp\/v2\/pages"}],"about":[{"href":"https:\/\/www.accuratereviews.com\/it\/wp-json\/wp\/v2\/types\/page"}],"author":[{"embeddable":true,"href":"https:\/\/www.accuratereviews.com\/it\/wp-json\/wp\/v2\/users\/16"}],"replies":[{"embeddable":true,"href":"https:\/\/www.accuratereviews.com\/it\/wp-json\/wp\/v2\/comments?post=6166"}],"version-history":[{"count":6,"href":"https:\/\/www.accuratereviews.com\/it\/wp-json\/wp\/v2\/pages\/6166\/revisions"}],"predecessor-version":[{"id":6501,"href":"https:\/\/www.accuratereviews.com\/it\/wp-json\/wp\/v2\/pages\/6166\/revisions\/6501"}],"up":[{"embeddable":true,"href":"https:\/\/www.accuratereviews.com\/it\/wp-json\/wp\/v2\/pages\/5555"}],"wp:attachment":[{"href":"https:\/\/www.accuratereviews.com\/it\/wp-json\/wp\/v2\/media?parent=6166"}],"wp:term":[{"taxonomy":"category","embeddable":true,"href":"https:\/\/www.accuratereviews.com\/it\/wp-json\/wp\/v2\/categories?post=6166"},{"taxonomy":"post_tag","embeddable":true,"href":"https:\/\/www.accuratereviews.com\/it\/wp-json\/wp\/v2\/tags?post=6166"},{"taxonomy":"features","embeddable":true,"href":"https:\/\/www.accuratereviews.com\/it\/wp-json\/wp\/v2\/features?post=6166"}],"curies":[{"name":"wp","href":"https:\/\/api.w.org\/{rel}","templated":true}]}}