{"id":61706,"date":"2022-09-22T10:09:13","date_gmt":"2022-09-22T10:09:13","guid":{"rendered":"https:\/\/www.accuratereviews.com\/?page_id=61706"},"modified":"2022-11-28T17:45:00","modified_gmt":"2022-11-28T17:45:00","slug":"pigeonhole-live-recensione","status":"publish","type":"page","link":"https:\/\/www.accuratereviews.com\/it\/software-votazioni\/pigeonhole-live-recensione\/","title":{"rendered":"Pigeonhole Live"},"content":{"rendered":"<p><strong>Pigeonhole Live<\/strong> \u00e8 una <strong>piattaforma interattiva di domande e risposte<\/strong> per organizzatori di eventi e relatori di conferenze pubbliche o eventi aziendali interni. La soluzione d\u00e0 voce al pubblico abilitando sessioni di domande e risposte in tempo reale, sondaggi dal vivo o in remoto, portando coinvolgimento e interattivit\u00e0 nelle presentazioni. Gli utenti possono raccogliere dati approfonditi sul pubblico e guidare conversazioni utili e aperte. Le funzionalit\u00e0 di branding personalizzate consentono alle organizzazioni di abbinare la piattaforma alle linee guida del marchio aziendale per migliorare la percezione del marchio tra il pubblico. La dashboard fornisce agli utenti rapporti dettagliati e approfondimenti in tempo reale sulle statistiche degli utenti o sul coinvolgimento dei dipendenti durante le loro presentazioni.<\/p>\n<h2>PIGEONHOLE LIVE &#8211; TUTORIAL<\/h2>\n<div id=\"fluid-wrapper-counter-1\" class=\"g1-fluid-wrapper \" style=\"width:686px;\">\n<div style=\"padding-bottom:56.268221574344%;\"><iframe loading=\"lazy\" title=\"Pigeonhole Live for Microsoft Teams | Pigeonhole Live\" width=\"686\" height=\"386\" src=\"https:\/\/www.youtube.com\/embed\/TOrTvnHE8yg?feature=oembed&amp;wmode=transparent&amp;autohide=1&amp;autoplay=0&amp;disablekb=0&amp;fs=1&amp;loop=0&amp;enablejsapi=1&amp;rel=0&amp;controls=2&amp;showinfo=0&amp;wmode=transparent&amp;autohide=2&amp;autoplay=0&amp;disablekb=0&amp;fs=1&amp;loop=0&amp;enablejsapi=1&amp;rel=0&amp;controls=2&amp;showinfo=1\" frameborder=\"0\" allow=\"accelerometer; autoplay; clipboard-write; encrypted-media; gyroscope; picture-in-picture\" allowfullscreen><\/iframe><\/div>\n<\/div>\n<h3>PIGEONHOLE LIVE &#8211; CARATTERISTICHE<\/h3>\n<ul>\n<li><strong>Domande e risposte<\/strong>: esegui domande e risposte nel modo che preferisci con le nostre impostazioni personalizzate, funzionalit\u00e0 di moderazione per ogni livello, anonimato e altro ancora.<\/li>\n<li><strong>Sondaggi<\/strong>: completa le tue domande e risposte con la raccolta di nuvole di parole e sondaggi (a scelta multipla, illimitati, valutazioni), per allinearti sulle priorit\u00e0, fare brainstorming, ottenere feedback e prendere decisioni collettive in modo efficiente.<\/li>\n<li><strong>Quiz<\/strong>: ravviva le tue riunioni e sessioni di allenamento con una competizione divertente e amichevole. I quiz sono un ottimo modo per rompere il ghiaccio, mettere alla prova le conoscenze dei partecipanti e creare un legame di squadra.<\/li>\n<li><strong>Chiacchierata<\/strong>: potenzia conversazioni vivaci e fluide durante i tuoi eventi virtuali e ibridi con Chat, completo di emoji, risposte in linea e funzionalit\u00e0 di moderazione.<\/li>\n<li><strong>Reazioni<\/strong>: attingi ai sentimenti del tuo pubblico con Reactions. Il tuo pubblico pu\u00f2 reagire ai momenti del tuo live streaming con emoji a loro scelta che vengono acquisiti come analisi chiave per te.<\/li>\n<li><strong>Analitica<\/strong>: elimina le congetture dalla misurazione del coinvolgimento del pubblico. Le domande, i voti e le valutazioni dei partecipanti vengono acquisiti come analisi chiave che puoi analizzare e a cui fare riferimento dopo la sessione.<\/li>\n<\/ul>\n<h4>LE RECENSIONI DEGLI UTENTI<\/h4>\n<p class=\"fw-bold mb-2\"><strong>Wunmi &#8220;Pigeonhole Live \u00e8 fantastico!&#8221;<br \/>\n<\/strong><span class=\"fw-bold\"><strong>Commenti<\/strong>:<\/span> La mia esperienza complessiva \u00e8 fantastica. Anche l&#8217;assistenza clienti \u00e8 ottima.<br \/>\n<strong>Pro<\/strong>:\u00a0Pigeonhole fa qualcosa di semplice molto bene. Il backend \u00e8 intuitivo e non ricevo altro che feedback eccellenti ogni volta che lo utilizziamo.<br \/>\n<strong>Contro<\/strong>:\u00a0Non c&#8217;\u00e8 niente che non mi piace di Pigeonhole ma mi piacerebbe vedere pi\u00f9 sessioni.<\/p>\n<p><strong>Paul &#8220;Grazie Pigeonhole&#8221;<br \/>\n<\/strong><span class=\"fw-bold\"><strong>Commenti<\/strong>:<\/span> Abbiamo avuto ottime comunicazioni con il loro team e ci piace molto lavorare con loro. Non vedo l&#8217;ora di continuare la partnership.<br \/>\n<strong>Pro<\/strong>:\u00a0Usiamo Pigeonhole da un po&#8217; di tempo ormai e mi piace molto. Consente al mio team e ai clienti di porre domande difficili in modo anonimo o meno durante tutte le mani, riunioni importanti e webinar. Lo usiamo pi\u00f9 volte alla settimana ed \u00e8 piuttosto essenziale soprattutto quando i tempi sono difficili.<br \/>\n<strong>Contro<\/strong>:\u00a0\u00c8 molto facile da usare e la loro recente integrazione con Zoom \u00e8 molto utile, il che \u00e8 stato il mio principale punto di feedback.<\/p>\n<p><strong>Teodora&#8221;recensione in diretta da casellario di Tedi&#8221;<br \/>\n<\/strong><span class=\"fw-bold\"><strong>Commenti<\/strong>:<\/span> Lo consiglio!<br \/>\n<strong>Pro<\/strong>:\u00a0Facile fare una discussione durante una presentazione o una riunione, anche le risposte dal vivo sono ottime. Inoltre abbiamo dovuto contattare l&#8217;assistenza del software alcune volte ed \u00e8 stata un&#8217;esperienza veloce e piacevole!<br \/>\n<strong>Contro<\/strong>:\u00a0Come usi il pannello di amministrazione quando tutti stanno guardando? potrebbe esserci un modo ma non sono riuscito a trovarlo<\/p>\n","protected":false},"excerpt":{"rendered":"<p>Pigeonhole Live \u00e8 una piattaforma interattiva di domande e risposte per organizzatori di eventi e relatori di conferenze pubbliche o eventi aziendali interni. La soluzione d\u00e0 voce al pubblico abilitando sessioni di domande e risposte in tempo reale, sondaggi dal vivo o in remoto, portando coinvolgimento e interattivit\u00e0 nelle presentazioni.<\/p>\n","protected":false},"author":16,"featured_media":61737,"parent":61161,"menu_order":0,"comment_status":"open","ping_status":"closed","template":"g1_template_page_review_new.php","meta":{"_acf_changed":false,"cwp_meta_box_check":"No","cwp_rev_product_name":"","cwp_rev_product_image":"","wppr_links":[],"cwp_rev_price":"","wppr_options":[],"wppr_pros":[],"wppr_cons":[],"_monsterinsights_skip_tracking":false,"_monsterinsights_sitenote_active":false,"_monsterinsights_sitenote_note":"","_monsterinsights_sitenote_category":0,"footnotes":""},"categories":[13279],"tags":[13402,13401,13398,13282,13281,13291,13308],"features":[],"class_list":{"0":"post-61706","1":"page","2":"type-page","3":"status-publish","4":"has-post-thumbnail","6":"category-software-votazioni-cat","7":"tag-domande-e-risposte","8":"tag-piattaforme-per-votazioni","9":"tag-pigeonhole-live","10":"tag-programma-per-votazioni","11":"tag-software-per-votazioni","12":"tag-soluzione-per-votazioni","13":"tag-sondaggi"},"wppr_data":{"cwp_meta_box_check":"No"},"acf":[],"yoast_head":"<!-- This site is optimized with the Yoast SEO plugin v27.4 - https:\/\/yoast.com\/product\/yoast-seo-wordpress\/ -->\n<title>Pigeonhole Live: recensione software per votazioni - Accurate Reviews<\/title>\n<meta name=\"description\" content=\"Pigeonhole Live: recensione software interattivo di domande e risposte per organizzatori di eventi e relatori di conferenze pubbliche o eventi aziendali.\" \/>\n<meta name=\"robots\" content=\"index, follow, max-snippet:-1, max-image-preview:large, max-video-preview:-1\" \/>\n<link rel=\"canonical\" href=\"https:\/\/www.accuratereviews.com\/it\/software-votazioni\/pigeonhole-live-recensione\/\" \/>\n<meta property=\"og:locale\" content=\"it_IT\" \/>\n<meta property=\"og:type\" content=\"article\" \/>\n<meta property=\"og:title\" content=\"Pigeonhole Live: recensione software per votazioni - Accurate Reviews\" \/>\n<meta property=\"og:description\" content=\"Pigeonhole Live: recensione software interattivo di domande e risposte per organizzatori di eventi e relatori di conferenze pubbliche o eventi aziendali.\" \/>\n<meta property=\"og:url\" content=\"https:\/\/www.accuratereviews.com\/it\/software-votazioni\/pigeonhole-live-recensione\/\" \/>\n<meta property=\"og:site_name\" content=\"Accurate Reviews\" \/>\n<meta property=\"article:modified_time\" content=\"2022-11-28T17:45:00+00:00\" \/>\n<meta property=\"og:image\" content=\"https:\/\/www.accuratereviews.com\/wp-content\/uploads\/2022\/09\/Pigeonhole-Live.jpeg\" \/>\n\t<meta property=\"og:image:width\" content=\"225\" \/>\n\t<meta property=\"og:image:height\" content=\"225\" \/>\n\t<meta property=\"og:image:type\" content=\"image\/jpeg\" \/>\n<meta name=\"twitter:card\" content=\"summary_large_image\" \/>\n<meta name=\"twitter:label1\" content=\"Tempo di lettura stimato\" \/>\n\t<meta name=\"twitter:data1\" content=\"3 minuti\" \/>\n<script type=\"application\/ld+json\" class=\"yoast-schema-graph\">{\"@context\":\"https:\\\/\\\/schema.org\",\"@graph\":[{\"@type\":\"WebPage\",\"@id\":\"https:\\\/\\\/www.accuratereviews.com\\\/it\\\/software-votazioni\\\/pigeonhole-live-recensione\\\/\",\"url\":\"https:\\\/\\\/www.accuratereviews.com\\\/it\\\/software-votazioni\\\/pigeonhole-live-recensione\\\/\",\"name\":\"Pigeonhole Live: recensione software per votazioni - Accurate Reviews\",\"isPartOf\":{\"@id\":\"https:\\\/\\\/www.accuratereviews.com\\\/it\\\/#website\"},\"primaryImageOfPage\":{\"@id\":\"https:\\\/\\\/www.accuratereviews.com\\\/it\\\/software-votazioni\\\/pigeonhole-live-recensione\\\/#primaryimage\"},\"image\":{\"@id\":\"https:\\\/\\\/www.accuratereviews.com\\\/it\\\/software-votazioni\\\/pigeonhole-live-recensione\\\/#primaryimage\"},\"thumbnailUrl\":\"https:\\\/\\\/www.accuratereviews.com\\\/wp-content\\\/uploads\\\/2022\\\/09\\\/Pigeonhole-Live.jpeg\",\"datePublished\":\"2022-09-22T10:09:13+00:00\",\"dateModified\":\"2022-11-28T17:45:00+00:00\",\"description\":\"Pigeonhole Live: recensione software interattivo di domande e risposte per organizzatori di eventi e relatori di conferenze pubbliche o eventi aziendali.\",\"breadcrumb\":{\"@id\":\"https:\\\/\\\/www.accuratereviews.com\\\/it\\\/software-votazioni\\\/pigeonhole-live-recensione\\\/#breadcrumb\"},\"inLanguage\":\"it-IT\",\"potentialAction\":[{\"@type\":\"ReadAction\",\"target\":[\"https:\\\/\\\/www.accuratereviews.com\\\/it\\\/software-votazioni\\\/pigeonhole-live-recensione\\\/\"]}]},{\"@type\":\"ImageObject\",\"inLanguage\":\"it-IT\",\"@id\":\"https:\\\/\\\/www.accuratereviews.com\\\/it\\\/software-votazioni\\\/pigeonhole-live-recensione\\\/#primaryimage\",\"url\":\"https:\\\/\\\/www.accuratereviews.com\\\/wp-content\\\/uploads\\\/2022\\\/09\\\/Pigeonhole-Live.jpeg\",\"contentUrl\":\"https:\\\/\\\/www.accuratereviews.com\\\/wp-content\\\/uploads\\\/2022\\\/09\\\/Pigeonhole-Live.jpeg\",\"width\":225,\"height\":225},{\"@type\":\"BreadcrumbList\",\"@id\":\"https:\\\/\\\/www.accuratereviews.com\\\/it\\\/software-votazioni\\\/pigeonhole-live-recensione\\\/#breadcrumb\",\"itemListElement\":[{\"@type\":\"ListItem\",\"position\":1,\"name\":\"Home\",\"item\":\"https:\\\/\\\/www.accuratereviews.com\\\/it\\\/\"},{\"@type\":\"ListItem\",\"position\":2,\"name\":\"Software per votazioni\",\"item\":\"https:\\\/\\\/www.accuratereviews.com\\\/it\\\/software-votazioni\\\/\"},{\"@type\":\"ListItem\",\"position\":3,\"name\":\"Pigeonhole Live\"}]},{\"@type\":\"WebSite\",\"@id\":\"https:\\\/\\\/www.accuratereviews.com\\\/it\\\/#website\",\"url\":\"https:\\\/\\\/www.accuratereviews.com\\\/it\\\/\",\"name\":\"Accurate Reviews\",\"description\":\"\",\"potentialAction\":[{\"@type\":\"SearchAction\",\"target\":{\"@type\":\"EntryPoint\",\"urlTemplate\":\"https:\\\/\\\/www.accuratereviews.com\\\/it\\\/?s={search_term_string}\"},\"query-input\":{\"@type\":\"PropertyValueSpecification\",\"valueRequired\":true,\"valueName\":\"search_term_string\"}}],\"inLanguage\":\"it-IT\"}]}<\/script>\n<!-- \/ Yoast SEO plugin. -->","yoast_head_json":{"title":"Pigeonhole Live: recensione software per votazioni - Accurate Reviews","description":"Pigeonhole Live: recensione software interattivo di domande e risposte per organizzatori di eventi e relatori di conferenze pubbliche o eventi aziendali.","robots":{"index":"index","follow":"follow","max-snippet":"max-snippet:-1","max-image-preview":"max-image-preview:large","max-video-preview":"max-video-preview:-1"},"canonical":"https:\/\/www.accuratereviews.com\/it\/software-votazioni\/pigeonhole-live-recensione\/","og_locale":"it_IT","og_type":"article","og_title":"Pigeonhole Live: recensione software per votazioni - Accurate Reviews","og_description":"Pigeonhole Live: recensione software interattivo di domande e risposte per organizzatori di eventi e relatori di conferenze pubbliche o eventi aziendali.","og_url":"https:\/\/www.accuratereviews.com\/it\/software-votazioni\/pigeonhole-live-recensione\/","og_site_name":"Accurate Reviews","article_modified_time":"2022-11-28T17:45:00+00:00","og_image":[{"width":225,"height":225,"url":"https:\/\/www.accuratereviews.com\/wp-content\/uploads\/2022\/09\/Pigeonhole-Live.jpeg","type":"image\/jpeg"}],"twitter_card":"summary_large_image","twitter_misc":{"Tempo di lettura stimato":"3 minuti"},"schema":{"@context":"https:\/\/schema.org","@graph":[{"@type":"WebPage","@id":"https:\/\/www.accuratereviews.com\/it\/software-votazioni\/pigeonhole-live-recensione\/","url":"https:\/\/www.accuratereviews.com\/it\/software-votazioni\/pigeonhole-live-recensione\/","name":"Pigeonhole Live: recensione software per votazioni - Accurate Reviews","isPartOf":{"@id":"https:\/\/www.accuratereviews.com\/it\/#website"},"primaryImageOfPage":{"@id":"https:\/\/www.accuratereviews.com\/it\/software-votazioni\/pigeonhole-live-recensione\/#primaryimage"},"image":{"@id":"https:\/\/www.accuratereviews.com\/it\/software-votazioni\/pigeonhole-live-recensione\/#primaryimage"},"thumbnailUrl":"https:\/\/www.accuratereviews.com\/wp-content\/uploads\/2022\/09\/Pigeonhole-Live.jpeg","datePublished":"2022-09-22T10:09:13+00:00","dateModified":"2022-11-28T17:45:00+00:00","description":"Pigeonhole Live: recensione software interattivo di domande e risposte per organizzatori di eventi e relatori di conferenze pubbliche o eventi aziendali.","breadcrumb":{"@id":"https:\/\/www.accuratereviews.com\/it\/software-votazioni\/pigeonhole-live-recensione\/#breadcrumb"},"inLanguage":"it-IT","potentialAction":[{"@type":"ReadAction","target":["https:\/\/www.accuratereviews.com\/it\/software-votazioni\/pigeonhole-live-recensione\/"]}]},{"@type":"ImageObject","inLanguage":"it-IT","@id":"https:\/\/www.accuratereviews.com\/it\/software-votazioni\/pigeonhole-live-recensione\/#primaryimage","url":"https:\/\/www.accuratereviews.com\/wp-content\/uploads\/2022\/09\/Pigeonhole-Live.jpeg","contentUrl":"https:\/\/www.accuratereviews.com\/wp-content\/uploads\/2022\/09\/Pigeonhole-Live.jpeg","width":225,"height":225},{"@type":"BreadcrumbList","@id":"https:\/\/www.accuratereviews.com\/it\/software-votazioni\/pigeonhole-live-recensione\/#breadcrumb","itemListElement":[{"@type":"ListItem","position":1,"name":"Home","item":"https:\/\/www.accuratereviews.com\/it\/"},{"@type":"ListItem","position":2,"name":"Software per votazioni","item":"https:\/\/www.accuratereviews.com\/it\/software-votazioni\/"},{"@type":"ListItem","position":3,"name":"Pigeonhole Live"}]},{"@type":"WebSite","@id":"https:\/\/www.accuratereviews.com\/it\/#website","url":"https:\/\/www.accuratereviews.com\/it\/","name":"Accurate Reviews","description":"","potentialAction":[{"@type":"SearchAction","target":{"@type":"EntryPoint","urlTemplate":"https:\/\/www.accuratereviews.com\/it\/?s={search_term_string}"},"query-input":{"@type":"PropertyValueSpecification","valueRequired":true,"valueName":"search_term_string"}}],"inLanguage":"it-IT"}]}},"_links":{"self":[{"href":"https:\/\/www.accuratereviews.com\/it\/wp-json\/wp\/v2\/pages\/61706","targetHints":{"allow":["GET"]}}],"collection":[{"href":"https:\/\/www.accuratereviews.com\/it\/wp-json\/wp\/v2\/pages"}],"about":[{"href":"https:\/\/www.accuratereviews.com\/it\/wp-json\/wp\/v2\/types\/page"}],"author":[{"embeddable":true,"href":"https:\/\/www.accuratereviews.com\/it\/wp-json\/wp\/v2\/users\/16"}],"replies":[{"embeddable":true,"href":"https:\/\/www.accuratereviews.com\/it\/wp-json\/wp\/v2\/comments?post=61706"}],"version-history":[{"count":7,"href":"https:\/\/www.accuratereviews.com\/it\/wp-json\/wp\/v2\/pages\/61706\/revisions"}],"predecessor-version":[{"id":64466,"href":"https:\/\/www.accuratereviews.com\/it\/wp-json\/wp\/v2\/pages\/61706\/revisions\/64466"}],"up":[{"embeddable":true,"href":"https:\/\/www.accuratereviews.com\/it\/wp-json\/wp\/v2\/pages\/61161"}],"wp:featuredmedia":[{"embeddable":true,"href":"https:\/\/www.accuratereviews.com\/it\/wp-json\/wp\/v2\/media\/61737"}],"wp:attachment":[{"href":"https:\/\/www.accuratereviews.com\/it\/wp-json\/wp\/v2\/media?parent=61706"}],"wp:term":[{"taxonomy":"category","embeddable":true,"href":"https:\/\/www.accuratereviews.com\/it\/wp-json\/wp\/v2\/categories?post=61706"},{"taxonomy":"post_tag","embeddable":true,"href":"https:\/\/www.accuratereviews.com\/it\/wp-json\/wp\/v2\/tags?post=61706"},{"taxonomy":"features","embeddable":true,"href":"https:\/\/www.accuratereviews.com\/it\/wp-json\/wp\/v2\/features?post=61706"}],"curies":[{"name":"wp","href":"https:\/\/api.w.org\/{rel}","templated":true}]}}