{"id":61728,"date":"2022-09-22T08:59:27","date_gmt":"2022-09-22T08:59:27","guid":{"rendered":"https:\/\/www.accuratereviews.com\/?page_id=61728"},"modified":"2022-11-28T18:06:50","modified_gmt":"2022-11-28T18:06:50","slug":"doopoll-recensione","status":"publish","type":"page","link":"https:\/\/www.accuratereviews.com\/it\/software-votazioni\/doopoll-recensione\/","title":{"rendered":"Doopoll"},"content":{"rendered":"<p><strong>Doopoll<\/strong> \u00e8 una <strong>piattaforma per sondaggi<\/strong> facile da usare, che ti fa risparmiare tempo e fatica aiutandoti a creare indagini brillanti, senza complicazioni.\u00a0Crea, condividi, presenta e analizza i tuoi sondaggi in pochi clic. Utilizzare le funzionalit\u00e0 \u00e8 un gioco da ragazzi, quindi non c&#8217;\u00e8 una curva di apprendimento ripida da affrontare. Puoi sfruttare i modelli di indagine progettati da esperti. Scopri come e cosa chiedere, non dovrai pi\u00f9 navigare su Google leggendo lunghi post per trovare la frasi giuste. I codici QR possono essere scaricati e aggiunti a materiale di marketing, poster e banner direttamente ai tuoi sondaggi.<\/p>\n<h2>DOOPOLL &#8211; TUTORIAL<\/h2>\n<div id=\"fluid-wrapper-counter-1\" class=\"g1-fluid-wrapper \" style=\"width:686px;\">\n<div style=\"padding-bottom:56.268221574344%;\"><iframe loading=\"lazy\" title=\"What is doopoll and why would I use it?\" width=\"686\" height=\"386\" src=\"https:\/\/www.youtube.com\/embed\/gCHKCotb2OU?feature=oembed&amp;wmode=transparent&amp;autohide=1&amp;autoplay=0&amp;disablekb=0&amp;fs=1&amp;loop=0&amp;enablejsapi=1&amp;rel=0&amp;controls=2&amp;showinfo=0&amp;wmode=transparent&amp;autohide=2&amp;autoplay=0&amp;disablekb=0&amp;fs=1&amp;loop=0&amp;enablejsapi=1&amp;rel=0&amp;controls=2&amp;showinfo=1\" frameborder=\"0\" allow=\"accelerometer; autoplay; clipboard-write; encrypted-media; gyroscope; picture-in-picture\" allowfullscreen><\/iframe><\/div>\n<\/div>\n<h2>DOOPOLL &#8211; CARATTERISTICHE<\/h2>\n<ul>\n<li>Utilizza i modelli di sondaggi scritti da esperti per clienti, dipendenti e partecipanti ai webinar<\/li>\n<li>Domande perfette per sondaggi consolidati come Net Promoter Score (NPS), CSAT e CES<\/li>\n<li>Crea il tuo sondaggio su desktop, tablet o dispositivi mobili<\/li>\n<li>Scegli tra 5 semplici tipi di domande, progettati per qualsiasi dispositivo<\/li>\n<li>Collabora con il tuo team per creare, gestire e rivedere il tuo sondaggio in tempo reale<\/li>\n<li>Incorpora i sondaggi nel tuo sito web: raccogli le risposte mentre le persone navigano<\/li>\n<li>Genera codici QR: ottimo per gli eventi.<\/li>\n<li>Invia il tuo sondaggio via email: ottieni tassi di risposta pi\u00f9 elevati con il modello pre-scritto<\/li>\n<li>Visualizza i risultati in tempo reale: niente pi\u00f9 aggiornamenti di pagina. Le risposte arrivano non appena vengono inviate<\/li>\n<li>Ottieni informazioni rapide con i grafici generati automaticamente: scarica con 1 clic per la tua prossima presentazione o rapporto<\/li>\n<li>Analisi dei sentimenti in tempo reale: guarda come si sentono i tuoi intervistati all&#8217;istante. Nessuno sforzo manuale richiesto<\/li>\n<li>Approfondisci e crea filtri per scoprire tutto ci\u00f2 che desideri dai tuoi dati<\/li>\n<li>Cambia facilmente i colori nei tuoi temi per rimanere in linea con il marchio<\/li>\n<\/ul>\n<h4>LE RECENSIONI DEGLI UTENTI<\/h4>\n<p><strong>Sebastian &#8220;Il mio strumento preferito \ud83e\udd29 Sondaggi e sondaggi \u2699\ufe0f&#8221;<br \/>\n<\/strong><span class=\"fw-bold\"><strong>Commenti<\/strong>:<\/span> Nelle formazioni e nei corsi online Doopoll \u00e8 un must assoluto e facile da usare!<br \/>\n<strong>Pro<\/strong>:\u00a0\u00c8 facile da usare, non \u00e8 necessaria alcuna app per creare sondaggi o sondaggi ed \u00e8 anche facile per i partecipanti. Mi piace molto l&#8217;integrazione dei sondaggi in wordpress. \u00c8 abbastanza interessante per me aiutare le persone nei corsi online con questa integrazione.<br \/>\n<strong>Contro<\/strong>:\u00a0Alcune possibilit\u00e0 in pi\u00f9 per inserire i dati (ma nessuna specifica in mente) sono sempre belle :-) (quindi questo non \u00e8 un vero imbroglio)<\/p>\n<p class=\"fw-bold mb-2\"><strong>Nena&#8221;Mi piace molto finora! Sono entusiasta di vedere cos&#8217;altro pu\u00f2 fare.&#8221;<br \/>\n<\/strong><span class=\"fw-bold\"><strong>Commenti<\/strong>:<\/span> Sto usando questo software per sondaggi di ricerca, raccolta di dati e analisi e cambiamenti di tendenza.<br \/>\n<strong>Pro<\/strong>:\u00a0\u00c8 molto facile da usare e ha le funzionalit\u00e0 di cui ho bisogno. \u00c8 semplice ma ha una buona variet\u00e0 di opzioni.<br \/>\n<strong>Contro<\/strong>:\u00a0Vorrei vedere un&#8217;opzione di sondaggio dal vivo interattivo? Non ho ancora provato a usarlo in questo modo, potrebbe essere possibile.<\/p>\n<p><strong>Shahrul &#8220;Straordinari strumenti di indagine&#8221;<br \/>\n<\/strong><strong>Pro<\/strong>: doopoll mi offre un&#8217;ottima soluzione per i miei sondaggi e le mie esigenze di sondaggio e posso creare il modulo del sondaggio abbastanza facilmente da questo software. Ha anche una buona funzione di condivisione che mi consente di condividere facilmente il sondaggio sui social media.<br \/>\n<strong>Contro<\/strong>:\u00a0Non c&#8217;\u00e8 molto da parlare qui. La cosa che spero possano aggiungere \u00e8 fornire all&#8217;utente pi\u00f9 modelli integrati per il modulo del sondaggio e pi\u00f9 tipi di domande che possono essere aggiunti al sondaggio.<\/p>\n","protected":false},"excerpt":{"rendered":"<p>Doopoll \u00e8 una piattaforma per sondaggi facile da usare, che ti fa risparmiare tempo e fatica aiutandoti a creare indagini brillanti, senza complicazioni.\u00a0Crea, condividi, presenta e analizza i tuoi sondaggi in pochi clic. Utilizzare le funzionalit\u00e0 \u00e8 un gioco da ragazzi, quindi non c&#8217;\u00e8 una curva di apprendimento ripida da affrontare.<\/p>\n","protected":false},"author":16,"featured_media":61729,"parent":61161,"menu_order":0,"comment_status":"open","ping_status":"closed","template":"g1_template_page_review_new.php","meta":{"_acf_changed":false,"cwp_meta_box_check":"No","cwp_rev_product_name":"","cwp_rev_product_image":"","wppr_links":[],"cwp_rev_price":"","wppr_options":[],"wppr_pros":[],"wppr_cons":[],"_monsterinsights_skip_tracking":false,"_monsterinsights_sitenote_active":false,"_monsterinsights_sitenote_note":"","_monsterinsights_sitenote_category":0,"footnotes":""},"categories":[13279],"tags":[13400,13286,13282,13281,13330,13308],"features":[],"class_list":{"0":"post-61728","1":"page","2":"type-page","3":"status-publish","4":"has-post-thumbnail","6":"category-software-votazioni-cat","7":"tag-doopoll","8":"tag-piattaforma-per-votazioni","9":"tag-programma-per-votazioni","10":"tag-software-per-votazioni","11":"tag-soluzione-per-votazione","12":"tag-sondaggi"},"wppr_data":{"cwp_meta_box_check":"No"},"acf":[],"yoast_head":"<!-- This site is optimized with the Yoast SEO plugin v27.4 - https:\/\/yoast.com\/product\/yoast-seo-wordpress\/ -->\n<title>Doopoll: recensione software per votazioni - Accurate Reviews<\/title>\n<meta name=\"description\" content=\"Doopoll: recensione software per sondaggi facile da usare, che ti fa risparmiare tempo e fatica aiutandoti a creare indagini brillanti senza complicazioni.\" \/>\n<meta name=\"robots\" content=\"index, follow, max-snippet:-1, max-image-preview:large, max-video-preview:-1\" \/>\n<link rel=\"canonical\" href=\"https:\/\/www.accuratereviews.com\/it\/software-votazioni\/doopoll-recensione\/\" \/>\n<meta property=\"og:locale\" content=\"it_IT\" \/>\n<meta property=\"og:type\" content=\"article\" \/>\n<meta property=\"og:title\" content=\"Doopoll: recensione software per votazioni - Accurate Reviews\" \/>\n<meta property=\"og:description\" content=\"Doopoll: recensione software per sondaggi facile da usare, che ti fa risparmiare tempo e fatica aiutandoti a creare indagini brillanti senza complicazioni.\" \/>\n<meta property=\"og:url\" content=\"https:\/\/www.accuratereviews.com\/it\/software-votazioni\/doopoll-recensione\/\" \/>\n<meta property=\"og:site_name\" content=\"Accurate Reviews\" \/>\n<meta property=\"article:modified_time\" content=\"2022-11-28T18:06:50+00:00\" \/>\n<meta property=\"og:image\" content=\"https:\/\/www.accuratereviews.com\/wp-content\/uploads\/2022\/09\/doopoll.png\" \/>\n\t<meta property=\"og:image:width\" content=\"300\" \/>\n\t<meta property=\"og:image:height\" content=\"295\" \/>\n\t<meta property=\"og:image:type\" content=\"image\/png\" \/>\n<meta name=\"twitter:card\" content=\"summary_large_image\" \/>\n<meta name=\"twitter:label1\" content=\"Tempo di lettura stimato\" \/>\n\t<meta name=\"twitter:data1\" content=\"3 minuti\" \/>\n<script type=\"application\/ld+json\" class=\"yoast-schema-graph\">{\"@context\":\"https:\\\/\\\/schema.org\",\"@graph\":[{\"@type\":\"WebPage\",\"@id\":\"https:\\\/\\\/www.accuratereviews.com\\\/it\\\/software-votazioni\\\/doopoll-recensione\\\/\",\"url\":\"https:\\\/\\\/www.accuratereviews.com\\\/it\\\/software-votazioni\\\/doopoll-recensione\\\/\",\"name\":\"Doopoll: recensione software per votazioni - Accurate Reviews\",\"isPartOf\":{\"@id\":\"https:\\\/\\\/www.accuratereviews.com\\\/it\\\/#website\"},\"primaryImageOfPage\":{\"@id\":\"https:\\\/\\\/www.accuratereviews.com\\\/it\\\/software-votazioni\\\/doopoll-recensione\\\/#primaryimage\"},\"image\":{\"@id\":\"https:\\\/\\\/www.accuratereviews.com\\\/it\\\/software-votazioni\\\/doopoll-recensione\\\/#primaryimage\"},\"thumbnailUrl\":\"https:\\\/\\\/www.accuratereviews.com\\\/wp-content\\\/uploads\\\/2022\\\/09\\\/doopoll.png\",\"datePublished\":\"2022-09-22T08:59:27+00:00\",\"dateModified\":\"2022-11-28T18:06:50+00:00\",\"description\":\"Doopoll: recensione software per sondaggi facile da usare, che ti fa risparmiare tempo e fatica aiutandoti a creare indagini brillanti senza complicazioni.\",\"breadcrumb\":{\"@id\":\"https:\\\/\\\/www.accuratereviews.com\\\/it\\\/software-votazioni\\\/doopoll-recensione\\\/#breadcrumb\"},\"inLanguage\":\"it-IT\",\"potentialAction\":[{\"@type\":\"ReadAction\",\"target\":[\"https:\\\/\\\/www.accuratereviews.com\\\/it\\\/software-votazioni\\\/doopoll-recensione\\\/\"]}]},{\"@type\":\"ImageObject\",\"inLanguage\":\"it-IT\",\"@id\":\"https:\\\/\\\/www.accuratereviews.com\\\/it\\\/software-votazioni\\\/doopoll-recensione\\\/#primaryimage\",\"url\":\"https:\\\/\\\/www.accuratereviews.com\\\/wp-content\\\/uploads\\\/2022\\\/09\\\/doopoll.png\",\"contentUrl\":\"https:\\\/\\\/www.accuratereviews.com\\\/wp-content\\\/uploads\\\/2022\\\/09\\\/doopoll.png\",\"width\":300,\"height\":295},{\"@type\":\"BreadcrumbList\",\"@id\":\"https:\\\/\\\/www.accuratereviews.com\\\/it\\\/software-votazioni\\\/doopoll-recensione\\\/#breadcrumb\",\"itemListElement\":[{\"@type\":\"ListItem\",\"position\":1,\"name\":\"Home\",\"item\":\"https:\\\/\\\/www.accuratereviews.com\\\/it\\\/\"},{\"@type\":\"ListItem\",\"position\":2,\"name\":\"Software per votazioni\",\"item\":\"https:\\\/\\\/www.accuratereviews.com\\\/it\\\/software-votazioni\\\/\"},{\"@type\":\"ListItem\",\"position\":3,\"name\":\"Doopoll\"}]},{\"@type\":\"WebSite\",\"@id\":\"https:\\\/\\\/www.accuratereviews.com\\\/it\\\/#website\",\"url\":\"https:\\\/\\\/www.accuratereviews.com\\\/it\\\/\",\"name\":\"Accurate Reviews\",\"description\":\"\",\"potentialAction\":[{\"@type\":\"SearchAction\",\"target\":{\"@type\":\"EntryPoint\",\"urlTemplate\":\"https:\\\/\\\/www.accuratereviews.com\\\/it\\\/?s={search_term_string}\"},\"query-input\":{\"@type\":\"PropertyValueSpecification\",\"valueRequired\":true,\"valueName\":\"search_term_string\"}}],\"inLanguage\":\"it-IT\"}]}<\/script>\n<!-- \/ Yoast SEO plugin. -->","yoast_head_json":{"title":"Doopoll: recensione software per votazioni - Accurate Reviews","description":"Doopoll: recensione software per sondaggi facile da usare, che ti fa risparmiare tempo e fatica aiutandoti a creare indagini brillanti senza complicazioni.","robots":{"index":"index","follow":"follow","max-snippet":"max-snippet:-1","max-image-preview":"max-image-preview:large","max-video-preview":"max-video-preview:-1"},"canonical":"https:\/\/www.accuratereviews.com\/it\/software-votazioni\/doopoll-recensione\/","og_locale":"it_IT","og_type":"article","og_title":"Doopoll: recensione software per votazioni - Accurate Reviews","og_description":"Doopoll: recensione software per sondaggi facile da usare, che ti fa risparmiare tempo e fatica aiutandoti a creare indagini brillanti senza complicazioni.","og_url":"https:\/\/www.accuratereviews.com\/it\/software-votazioni\/doopoll-recensione\/","og_site_name":"Accurate Reviews","article_modified_time":"2022-11-28T18:06:50+00:00","og_image":[{"width":300,"height":295,"url":"https:\/\/www.accuratereviews.com\/wp-content\/uploads\/2022\/09\/doopoll.png","type":"image\/png"}],"twitter_card":"summary_large_image","twitter_misc":{"Tempo di lettura stimato":"3 minuti"},"schema":{"@context":"https:\/\/schema.org","@graph":[{"@type":"WebPage","@id":"https:\/\/www.accuratereviews.com\/it\/software-votazioni\/doopoll-recensione\/","url":"https:\/\/www.accuratereviews.com\/it\/software-votazioni\/doopoll-recensione\/","name":"Doopoll: recensione software per votazioni - Accurate Reviews","isPartOf":{"@id":"https:\/\/www.accuratereviews.com\/it\/#website"},"primaryImageOfPage":{"@id":"https:\/\/www.accuratereviews.com\/it\/software-votazioni\/doopoll-recensione\/#primaryimage"},"image":{"@id":"https:\/\/www.accuratereviews.com\/it\/software-votazioni\/doopoll-recensione\/#primaryimage"},"thumbnailUrl":"https:\/\/www.accuratereviews.com\/wp-content\/uploads\/2022\/09\/doopoll.png","datePublished":"2022-09-22T08:59:27+00:00","dateModified":"2022-11-28T18:06:50+00:00","description":"Doopoll: recensione software per sondaggi facile da usare, che ti fa risparmiare tempo e fatica aiutandoti a creare indagini brillanti senza complicazioni.","breadcrumb":{"@id":"https:\/\/www.accuratereviews.com\/it\/software-votazioni\/doopoll-recensione\/#breadcrumb"},"inLanguage":"it-IT","potentialAction":[{"@type":"ReadAction","target":["https:\/\/www.accuratereviews.com\/it\/software-votazioni\/doopoll-recensione\/"]}]},{"@type":"ImageObject","inLanguage":"it-IT","@id":"https:\/\/www.accuratereviews.com\/it\/software-votazioni\/doopoll-recensione\/#primaryimage","url":"https:\/\/www.accuratereviews.com\/wp-content\/uploads\/2022\/09\/doopoll.png","contentUrl":"https:\/\/www.accuratereviews.com\/wp-content\/uploads\/2022\/09\/doopoll.png","width":300,"height":295},{"@type":"BreadcrumbList","@id":"https:\/\/www.accuratereviews.com\/it\/software-votazioni\/doopoll-recensione\/#breadcrumb","itemListElement":[{"@type":"ListItem","position":1,"name":"Home","item":"https:\/\/www.accuratereviews.com\/it\/"},{"@type":"ListItem","position":2,"name":"Software per votazioni","item":"https:\/\/www.accuratereviews.com\/it\/software-votazioni\/"},{"@type":"ListItem","position":3,"name":"Doopoll"}]},{"@type":"WebSite","@id":"https:\/\/www.accuratereviews.com\/it\/#website","url":"https:\/\/www.accuratereviews.com\/it\/","name":"Accurate Reviews","description":"","potentialAction":[{"@type":"SearchAction","target":{"@type":"EntryPoint","urlTemplate":"https:\/\/www.accuratereviews.com\/it\/?s={search_term_string}"},"query-input":{"@type":"PropertyValueSpecification","valueRequired":true,"valueName":"search_term_string"}}],"inLanguage":"it-IT"}]}},"_links":{"self":[{"href":"https:\/\/www.accuratereviews.com\/it\/wp-json\/wp\/v2\/pages\/61728","targetHints":{"allow":["GET"]}}],"collection":[{"href":"https:\/\/www.accuratereviews.com\/it\/wp-json\/wp\/v2\/pages"}],"about":[{"href":"https:\/\/www.accuratereviews.com\/it\/wp-json\/wp\/v2\/types\/page"}],"author":[{"embeddable":true,"href":"https:\/\/www.accuratereviews.com\/it\/wp-json\/wp\/v2\/users\/16"}],"replies":[{"embeddable":true,"href":"https:\/\/www.accuratereviews.com\/it\/wp-json\/wp\/v2\/comments?post=61728"}],"version-history":[{"count":6,"href":"https:\/\/www.accuratereviews.com\/it\/wp-json\/wp\/v2\/pages\/61728\/revisions"}],"predecessor-version":[{"id":64474,"href":"https:\/\/www.accuratereviews.com\/it\/wp-json\/wp\/v2\/pages\/61728\/revisions\/64474"}],"up":[{"embeddable":true,"href":"https:\/\/www.accuratereviews.com\/it\/wp-json\/wp\/v2\/pages\/61161"}],"wp:featuredmedia":[{"embeddable":true,"href":"https:\/\/www.accuratereviews.com\/it\/wp-json\/wp\/v2\/media\/61729"}],"wp:attachment":[{"href":"https:\/\/www.accuratereviews.com\/it\/wp-json\/wp\/v2\/media?parent=61728"}],"wp:term":[{"taxonomy":"category","embeddable":true,"href":"https:\/\/www.accuratereviews.com\/it\/wp-json\/wp\/v2\/categories?post=61728"},{"taxonomy":"post_tag","embeddable":true,"href":"https:\/\/www.accuratereviews.com\/it\/wp-json\/wp\/v2\/tags?post=61728"},{"taxonomy":"features","embeddable":true,"href":"https:\/\/www.accuratereviews.com\/it\/wp-json\/wp\/v2\/features?post=61728"}],"curies":[{"name":"wp","href":"https:\/\/api.w.org\/{rel}","templated":true}]}}