{"id":61757,"date":"2022-09-23T08:53:43","date_gmt":"2022-09-23T08:53:43","guid":{"rendered":"https:\/\/www.accuratereviews.com\/?page_id=61757"},"modified":"2022-11-29T07:46:15","modified_gmt":"2022-11-29T07:46:15","slug":"quizell-recensione","status":"publish","type":"page","link":"https:\/\/www.accuratereviews.com\/it\/software-votazioni\/quizell-recensione\/","title":{"rendered":"Quizell"},"content":{"rendered":"<p><strong>Quizell<\/strong> \u00e8 un <strong>software di votazioni<\/strong> che aiuta le aziende a creare e distribuire quiz sui prodotti per ottenere informazioni dettagliate sui clienti, facilitando un aumento della base di consumatori e dei profitti. \u00a0Le risposte dei clienti consentono alle organizzazioni di generare dati preziosi per il mercato e creare prodotti che si rivolgono a una base di clienti specifica e migliorare i numeri complessivi delle vendite.\u00a0Le aziende possono creare un account, caricare domande e prodotti sul tuo profilo, personalizzare i quiz utilizzando i modelli pre-compilati o crearne di nuovi che possono fare al caso tuo.<\/p>\n<h2>QUIZELL &#8211; TUTORIAL<\/h2>\n<div id=\"fluid-wrapper-counter-1\" class=\"g1-fluid-wrapper \" style=\"width:686px;\">\n<div style=\"padding-bottom:56.268221574344%;\"><iframe loading=\"lazy\" title=\"Design page - Quizell Shopify App tutorial\" width=\"686\" height=\"386\" src=\"https:\/\/www.youtube.com\/embed\/tXodaDtTw9E?feature=oembed&amp;wmode=transparent&amp;autohide=1&amp;autoplay=0&amp;disablekb=0&amp;fs=1&amp;loop=0&amp;enablejsapi=1&amp;rel=0&amp;controls=2&amp;showinfo=0&amp;wmode=transparent&amp;autohide=2&amp;autoplay=0&amp;disablekb=0&amp;fs=1&amp;loop=0&amp;enablejsapi=1&amp;rel=0&amp;controls=2&amp;showinfo=1\" frameborder=\"0\" allow=\"accelerometer; autoplay; clipboard-write; encrypted-media; gyroscope; picture-in-picture\" allowfullscreen><\/iframe><\/div>\n<\/div>\n<h3>QUIZELL &#8211; CARATTERISTICHE<\/h3>\n<ul>\n<li><strong>Riduci il numero di resi di prodotti<\/strong>: conoscendo i gusti e le antipatie dei tuoi clienti, puoi prevedere meglio il comportamento di acquisto e impedire loro di effettuare resi.<\/li>\n<li><strong>Fai in modo che i clienti tornino:<\/strong> migliori esperienze di acquisto ti aiutano a guadagnare clienti a vita. Lascia che i tuoi quiz ti aiutino a vendere di pi\u00f9 sul posto, quindi alimenta i tuoi clienti con newsletter continue che danno loro motivi per tornare.<\/li>\n<li><strong>Personalizza l&#8217;esperienza di acquisto<\/strong>: troppe opzioni possono scacciare i tuoi clienti. Il programma crea un modo migliore: cogli pi\u00f9 opportunit\u00e0 di vendita fornendo consigli personalizzati sui prodotti. Metti in mostra i prodotti che soddisfano le loro esigenze ed elimina il resto.<\/li>\n<li><strong>Crea un coinvolgimento massiccio dei clienti<\/strong>: pi\u00f9 persone interagiscono con il tuo marchio, migliori saranno le prestazioni della tua azienda. Con oltre 10.000 impegni al giorno, la soluzione apre vie di marketing che le aziende potrebbero non aver mai nemmeno pensato possibili in passato.<\/li>\n<\/ul>\n<h4>LE RECENSIONI DEGLI UTENTI<\/h4>\n<p class=\"fw-bold mb-2\"><strong>Itay &#8220;Ottimo strumento di raccomandazione personale&#8221;<br \/>\n<\/strong><strong>Pro<\/strong>:\u00a0Essere in grado di dare una raccomandazione accurata per ogni cliente \u00e8 un grande vantaggio. Supporto straordinario e tutte le integrazioni di cui ho bisogno (Mailchimp e Google Analytics).<br \/>\n<strong>Contro<\/strong>:\u00a0Niente finora, anche la soluzione attuale per quegli aspetti \u00e8 ottima.<\/p>\n<p class=\"fw-bold mb-2\"><strong>Linda &#8220;Software per quiz piuttosto sorprendente per Shopify&#8221;<br \/>\n<\/strong><span class=\"fw-bold\"><strong>Commenti<\/strong>:<\/span> Incredibile&#8230;servizio eccezionale&#8230;<br \/>\n<strong>Pro<\/strong>:\u00a0Il tempo dalla configurazione dell&#8217;account all&#8217;implementazione \u00e8 stato davvero incredibile. Avevo in mente che volevo fare un quiz, trovare Quizell e fare un quiz in pochissimo tempo.<br \/>\n<strong>Contro<\/strong>:\u00a0Niente a cui mi viene in mente in questo momento. Lo sto usando da alcune settimane ormai e lo adoro.<\/p>\n<p class=\"fw-bold mb-2\"><strong>Emelda&#8221;Strumento molto utile per la crescita del business&#8221;<br \/>\n<\/strong><span class=\"fw-bold\"><strong>Commenti<\/strong>:<\/span> Uso Quizell per aiutare con la generazione di lead e le ricerche di mercato.<br \/>\n<strong>Pro<\/strong>:\u00a0Aiuta con le ricerche di mercato e rende facile sapere di cosa hanno bisogno i clienti.<br \/>\n<strong>Contro<\/strong>:\u00a0Sarebbe bello poter collegare questo strumento alle pagine dei social media se interagiamo direttamente con la maggior parte dei nostri clienti. Ci\u00f2 porterebbe cos\u00ec tanto potenziale alla capacit\u00e0 di generazione di lead di questo software<\/p>\n","protected":false},"excerpt":{"rendered":"<p>Quizell \u00e8 un software di votazioni che aiuta le aziende a creare e distribuire quiz sui prodotti per ottenere informazioni dettagliate sui clienti, facilitando un aumento della base di consumatori e dei profitti. \u00a0Le risposte dei clienti consentono alle organizzazioni di generare dati preziosi per il mercato e creare prodotti che si rivolgono a una base di clienti specifica e migliorare i numeri complessivi delle vendite.<\/p>\n","protected":false},"author":16,"featured_media":61758,"parent":61161,"menu_order":0,"comment_status":"open","ping_status":"closed","template":"g1_template_page_review_new.php","meta":{"_acf_changed":false,"cwp_meta_box_check":"No","cwp_rev_product_name":"","cwp_rev_product_image":"","wppr_links":[],"cwp_rev_price":"","wppr_options":[],"wppr_pros":[],"wppr_cons":[],"_monsterinsights_skip_tracking":false,"_monsterinsights_sitenote_active":false,"_monsterinsights_sitenote_note":"","_monsterinsights_sitenote_category":0,"footnotes":""},"categories":[13279],"tags":[13286,13282,13346,13404,13281,13291,13308,13290],"features":[],"class_list":{"0":"post-61757","1":"page","2":"type-page","3":"status-publish","4":"has-post-thumbnail","6":"category-software-votazioni-cat","7":"tag-piattaforma-per-votazioni","8":"tag-programma-per-votazioni","9":"tag-quiz","10":"tag-quizell","11":"tag-software-per-votazioni","12":"tag-soluzione-per-votazioni","13":"tag-sondaggi","14":"tag-votazioni"},"wppr_data":{"cwp_meta_box_check":"No"},"acf":[],"yoast_head":"<!-- This site is optimized with the Yoast SEO plugin v27.4 - https:\/\/yoast.com\/product\/yoast-seo-wordpress\/ -->\n<title>Quizell: recensione software per votazioni - Accurate Reviews<\/title>\n<meta name=\"description\" content=\"Quizell: recensione software di votazioni che aiuta le aziende a creare e distribuire quiz sui prodotti per ottenere informazioni dettagliate sui clienti.\" \/>\n<meta name=\"robots\" content=\"index, follow, max-snippet:-1, max-image-preview:large, max-video-preview:-1\" \/>\n<link rel=\"canonical\" href=\"https:\/\/www.accuratereviews.com\/it\/software-votazioni\/quizell-recensione\/\" \/>\n<meta property=\"og:locale\" content=\"it_IT\" \/>\n<meta property=\"og:type\" content=\"article\" \/>\n<meta property=\"og:title\" content=\"Quizell: recensione software per votazioni - Accurate Reviews\" \/>\n<meta property=\"og:description\" content=\"Quizell: recensione software di votazioni che aiuta le aziende a creare e distribuire quiz sui prodotti per ottenere informazioni dettagliate sui clienti.\" \/>\n<meta property=\"og:url\" content=\"https:\/\/www.accuratereviews.com\/it\/software-votazioni\/quizell-recensione\/\" \/>\n<meta property=\"og:site_name\" content=\"Accurate Reviews\" \/>\n<meta property=\"article:modified_time\" content=\"2022-11-29T07:46:15+00:00\" \/>\n<meta property=\"og:image\" content=\"https:\/\/www.accuratereviews.com\/wp-content\/uploads\/2022\/09\/Quizell.webp\" \/>\n\t<meta property=\"og:image:width\" content=\"1600\" \/>\n\t<meta property=\"og:image:height\" content=\"900\" \/>\n\t<meta property=\"og:image:type\" content=\"image\/webp\" \/>\n<meta name=\"twitter:card\" content=\"summary_large_image\" \/>\n<meta name=\"twitter:label1\" content=\"Tempo di lettura stimato\" \/>\n\t<meta name=\"twitter:data1\" content=\"3 minuti\" \/>\n<script type=\"application\/ld+json\" class=\"yoast-schema-graph\">{\"@context\":\"https:\\\/\\\/schema.org\",\"@graph\":[{\"@type\":\"WebPage\",\"@id\":\"https:\\\/\\\/www.accuratereviews.com\\\/it\\\/software-votazioni\\\/quizell-recensione\\\/\",\"url\":\"https:\\\/\\\/www.accuratereviews.com\\\/it\\\/software-votazioni\\\/quizell-recensione\\\/\",\"name\":\"Quizell: recensione software per votazioni - Accurate Reviews\",\"isPartOf\":{\"@id\":\"https:\\\/\\\/www.accuratereviews.com\\\/it\\\/#website\"},\"primaryImageOfPage\":{\"@id\":\"https:\\\/\\\/www.accuratereviews.com\\\/it\\\/software-votazioni\\\/quizell-recensione\\\/#primaryimage\"},\"image\":{\"@id\":\"https:\\\/\\\/www.accuratereviews.com\\\/it\\\/software-votazioni\\\/quizell-recensione\\\/#primaryimage\"},\"thumbnailUrl\":\"https:\\\/\\\/www.accuratereviews.com\\\/wp-content\\\/uploads\\\/2022\\\/09\\\/Quizell.webp\",\"datePublished\":\"2022-09-23T08:53:43+00:00\",\"dateModified\":\"2022-11-29T07:46:15+00:00\",\"description\":\"Quizell: recensione software di votazioni che aiuta le aziende a creare e distribuire quiz sui prodotti per ottenere informazioni dettagliate sui clienti.\",\"breadcrumb\":{\"@id\":\"https:\\\/\\\/www.accuratereviews.com\\\/it\\\/software-votazioni\\\/quizell-recensione\\\/#breadcrumb\"},\"inLanguage\":\"it-IT\",\"potentialAction\":[{\"@type\":\"ReadAction\",\"target\":[\"https:\\\/\\\/www.accuratereviews.com\\\/it\\\/software-votazioni\\\/quizell-recensione\\\/\"]}]},{\"@type\":\"ImageObject\",\"inLanguage\":\"it-IT\",\"@id\":\"https:\\\/\\\/www.accuratereviews.com\\\/it\\\/software-votazioni\\\/quizell-recensione\\\/#primaryimage\",\"url\":\"https:\\\/\\\/www.accuratereviews.com\\\/wp-content\\\/uploads\\\/2022\\\/09\\\/Quizell.webp\",\"contentUrl\":\"https:\\\/\\\/www.accuratereviews.com\\\/wp-content\\\/uploads\\\/2022\\\/09\\\/Quizell.webp\",\"width\":1600,\"height\":900},{\"@type\":\"BreadcrumbList\",\"@id\":\"https:\\\/\\\/www.accuratereviews.com\\\/it\\\/software-votazioni\\\/quizell-recensione\\\/#breadcrumb\",\"itemListElement\":[{\"@type\":\"ListItem\",\"position\":1,\"name\":\"Home\",\"item\":\"https:\\\/\\\/www.accuratereviews.com\\\/it\\\/\"},{\"@type\":\"ListItem\",\"position\":2,\"name\":\"Software per votazioni\",\"item\":\"https:\\\/\\\/www.accuratereviews.com\\\/it\\\/software-votazioni\\\/\"},{\"@type\":\"ListItem\",\"position\":3,\"name\":\"Quizell\"}]},{\"@type\":\"WebSite\",\"@id\":\"https:\\\/\\\/www.accuratereviews.com\\\/it\\\/#website\",\"url\":\"https:\\\/\\\/www.accuratereviews.com\\\/it\\\/\",\"name\":\"Accurate Reviews\",\"description\":\"\",\"potentialAction\":[{\"@type\":\"SearchAction\",\"target\":{\"@type\":\"EntryPoint\",\"urlTemplate\":\"https:\\\/\\\/www.accuratereviews.com\\\/it\\\/?s={search_term_string}\"},\"query-input\":{\"@type\":\"PropertyValueSpecification\",\"valueRequired\":true,\"valueName\":\"search_term_string\"}}],\"inLanguage\":\"it-IT\"}]}<\/script>\n<!-- \/ Yoast SEO plugin. -->","yoast_head_json":{"title":"Quizell: recensione software per votazioni - Accurate Reviews","description":"Quizell: recensione software di votazioni che aiuta le aziende a creare e distribuire quiz sui prodotti per ottenere informazioni dettagliate sui clienti.","robots":{"index":"index","follow":"follow","max-snippet":"max-snippet:-1","max-image-preview":"max-image-preview:large","max-video-preview":"max-video-preview:-1"},"canonical":"https:\/\/www.accuratereviews.com\/it\/software-votazioni\/quizell-recensione\/","og_locale":"it_IT","og_type":"article","og_title":"Quizell: recensione software per votazioni - Accurate Reviews","og_description":"Quizell: recensione software di votazioni che aiuta le aziende a creare e distribuire quiz sui prodotti per ottenere informazioni dettagliate sui clienti.","og_url":"https:\/\/www.accuratereviews.com\/it\/software-votazioni\/quizell-recensione\/","og_site_name":"Accurate Reviews","article_modified_time":"2022-11-29T07:46:15+00:00","og_image":[{"width":1600,"height":900,"url":"https:\/\/www.accuratereviews.com\/wp-content\/uploads\/2022\/09\/Quizell.webp","type":"image\/webp"}],"twitter_card":"summary_large_image","twitter_misc":{"Tempo di lettura stimato":"3 minuti"},"schema":{"@context":"https:\/\/schema.org","@graph":[{"@type":"WebPage","@id":"https:\/\/www.accuratereviews.com\/it\/software-votazioni\/quizell-recensione\/","url":"https:\/\/www.accuratereviews.com\/it\/software-votazioni\/quizell-recensione\/","name":"Quizell: recensione software per votazioni - Accurate Reviews","isPartOf":{"@id":"https:\/\/www.accuratereviews.com\/it\/#website"},"primaryImageOfPage":{"@id":"https:\/\/www.accuratereviews.com\/it\/software-votazioni\/quizell-recensione\/#primaryimage"},"image":{"@id":"https:\/\/www.accuratereviews.com\/it\/software-votazioni\/quizell-recensione\/#primaryimage"},"thumbnailUrl":"https:\/\/www.accuratereviews.com\/wp-content\/uploads\/2022\/09\/Quizell.webp","datePublished":"2022-09-23T08:53:43+00:00","dateModified":"2022-11-29T07:46:15+00:00","description":"Quizell: recensione software di votazioni che aiuta le aziende a creare e distribuire quiz sui prodotti per ottenere informazioni dettagliate sui clienti.","breadcrumb":{"@id":"https:\/\/www.accuratereviews.com\/it\/software-votazioni\/quizell-recensione\/#breadcrumb"},"inLanguage":"it-IT","potentialAction":[{"@type":"ReadAction","target":["https:\/\/www.accuratereviews.com\/it\/software-votazioni\/quizell-recensione\/"]}]},{"@type":"ImageObject","inLanguage":"it-IT","@id":"https:\/\/www.accuratereviews.com\/it\/software-votazioni\/quizell-recensione\/#primaryimage","url":"https:\/\/www.accuratereviews.com\/wp-content\/uploads\/2022\/09\/Quizell.webp","contentUrl":"https:\/\/www.accuratereviews.com\/wp-content\/uploads\/2022\/09\/Quizell.webp","width":1600,"height":900},{"@type":"BreadcrumbList","@id":"https:\/\/www.accuratereviews.com\/it\/software-votazioni\/quizell-recensione\/#breadcrumb","itemListElement":[{"@type":"ListItem","position":1,"name":"Home","item":"https:\/\/www.accuratereviews.com\/it\/"},{"@type":"ListItem","position":2,"name":"Software per votazioni","item":"https:\/\/www.accuratereviews.com\/it\/software-votazioni\/"},{"@type":"ListItem","position":3,"name":"Quizell"}]},{"@type":"WebSite","@id":"https:\/\/www.accuratereviews.com\/it\/#website","url":"https:\/\/www.accuratereviews.com\/it\/","name":"Accurate Reviews","description":"","potentialAction":[{"@type":"SearchAction","target":{"@type":"EntryPoint","urlTemplate":"https:\/\/www.accuratereviews.com\/it\/?s={search_term_string}"},"query-input":{"@type":"PropertyValueSpecification","valueRequired":true,"valueName":"search_term_string"}}],"inLanguage":"it-IT"}]}},"_links":{"self":[{"href":"https:\/\/www.accuratereviews.com\/it\/wp-json\/wp\/v2\/pages\/61757","targetHints":{"allow":["GET"]}}],"collection":[{"href":"https:\/\/www.accuratereviews.com\/it\/wp-json\/wp\/v2\/pages"}],"about":[{"href":"https:\/\/www.accuratereviews.com\/it\/wp-json\/wp\/v2\/types\/page"}],"author":[{"embeddable":true,"href":"https:\/\/www.accuratereviews.com\/it\/wp-json\/wp\/v2\/users\/16"}],"replies":[{"embeddable":true,"href":"https:\/\/www.accuratereviews.com\/it\/wp-json\/wp\/v2\/comments?post=61757"}],"version-history":[{"count":8,"href":"https:\/\/www.accuratereviews.com\/it\/wp-json\/wp\/v2\/pages\/61757\/revisions"}],"predecessor-version":[{"id":64481,"href":"https:\/\/www.accuratereviews.com\/it\/wp-json\/wp\/v2\/pages\/61757\/revisions\/64481"}],"up":[{"embeddable":true,"href":"https:\/\/www.accuratereviews.com\/it\/wp-json\/wp\/v2\/pages\/61161"}],"wp:featuredmedia":[{"embeddable":true,"href":"https:\/\/www.accuratereviews.com\/it\/wp-json\/wp\/v2\/media\/61758"}],"wp:attachment":[{"href":"https:\/\/www.accuratereviews.com\/it\/wp-json\/wp\/v2\/media?parent=61757"}],"wp:term":[{"taxonomy":"category","embeddable":true,"href":"https:\/\/www.accuratereviews.com\/it\/wp-json\/wp\/v2\/categories?post=61757"},{"taxonomy":"post_tag","embeddable":true,"href":"https:\/\/www.accuratereviews.com\/it\/wp-json\/wp\/v2\/tags?post=61757"},{"taxonomy":"features","embeddable":true,"href":"https:\/\/www.accuratereviews.com\/it\/wp-json\/wp\/v2\/features?post=61757"}],"curies":[{"name":"wp","href":"https:\/\/api.w.org\/{rel}","templated":true}]}}