{"id":6180,"date":"2015-11-18T14:34:57","date_gmt":"2015-11-18T14:34:57","guid":{"rendered":"http:\/\/www.accuratereviews.com\/it\/antivirus-la-lista-dei-migliori\/sophos-endpoint-protection\/"},"modified":"2019-06-04T16:00:23","modified_gmt":"2019-06-04T16:00:23","slug":"sophos-endpoint-protection","status":"publish","type":"page","link":"https:\/\/www.accuratereviews.com\/it\/antivirus-la-lista-dei-migliori\/sophos-endpoint-protection\/","title":{"rendered":"Sophos Endpoint Protection"},"content":{"rendered":"<p><a href=\"http:\/\/www.accuratereviews.com\/wp-content\/uploads\/2015\/11\/Sophos-Endpoint-Protection.jpg\"><img loading=\"lazy\" decoding=\"async\" class=\"alignnone size-full wp-image-2069\" src=\"http:\/\/www.accuratereviews.com\/wp-content\/uploads\/2015\/11\/Sophos-Endpoint-Protection.jpg\" alt=\"Sophos Endpoint Protection\" width=\"500\" height=\"500\" srcset=\"https:\/\/www.accuratereviews.com\/wp-content\/uploads\/2015\/11\/Sophos-Endpoint-Protection.jpg 500w, https:\/\/www.accuratereviews.com\/wp-content\/uploads\/2015\/11\/Sophos-Endpoint-Protection-150x150.jpg 150w, https:\/\/www.accuratereviews.com\/wp-content\/uploads\/2015\/11\/Sophos-Endpoint-Protection-300x300.jpg 300w, https:\/\/www.accuratereviews.com\/wp-content\/uploads\/2015\/11\/Sophos-Endpoint-Protection-125x125.jpg 125w, https:\/\/www.accuratereviews.com\/wp-content\/uploads\/2015\/11\/Sophos-Endpoint-Protection-50x50.jpg 50w, https:\/\/www.accuratereviews.com\/wp-content\/uploads\/2015\/11\/Sophos-Endpoint-Protection-320x320.jpg 320w, https:\/\/www.accuratereviews.com\/wp-content\/uploads\/2015\/11\/Sophos-Endpoint-Protection-239x239.jpg 239w, https:\/\/www.accuratereviews.com\/wp-content\/uploads\/2015\/11\/Sophos-Endpoint-Protection-55x55.jpg 55w\" sizes=\"auto, (max-width: 500px) 100vw, 500px\" \/><\/a><\/p>\n<p><strong>Sophos Endpoint Protection \u00e8 una suite completa<\/strong> che rende semplice la messa in sicurezza del nostro sistema contro <strong>minacce avanzate, nuovi virus e malware<\/strong>. Questo <strong>antivirus Sophos<\/strong> viene offerto anche nella <strong>versione cloud<\/strong>, che comprende: HIPS, identificazione di traffico sospetto, sicurezza durante la navigazione e ovviamente protezione da virus e malware.<\/p>\n<p>Sfruttando la tecnologia SophosLabs technology, <strong>Endpoint Protection previene \u201cinfezioni\u201d del sistema<\/strong>, identifica codice compromesso e identifica in tempo reale comportamenti sospetti da parte di applicazioni utilizzando un controllo in tempo reale. La funzionalit\u00e0 Endpoint Lightning permette un controllo esteso su navigazione web, applicazioni, diversi dispositivi e dati scambiati bloccando URL potenzialmente pericolosi, codice gi\u00e0 infetto, comunicazioni in corso con i server legati agli attacchi e anche in questo caso viene analizzato costantemente il comportamento di ogni singolo file per evitare che sfugga qualche malware ben nascosto.<\/p>\n<p><strong>La suite viene continuamente aggiornata<\/strong> sia dal punto di vista dei virus, ma anche per quanto riguarda l\u2019interfaccia, cos\u00ec da mantenerla leggera e rapida. Sia la <strong>versione cloud che la versione software della Sophos Endpoint Protection<\/strong> cercano di utilizzare il minimo delle risorse di sistema, ma nonostante ci\u00f2 causano qualche rallentamento durante le scansioni complete. L\u2019amministratore di sistema ha il potere di stabilire delle regole per l\u2019utilizzo di chiavette, la sincronizzazione con dispositivi mobile e wireless, bloccando applicazioni e processi non autorizzati.<\/p>\n<p><strong>Sophos Cloud Endpoint Protection<\/strong> funziona sia con Windows Server che con Linux ed \u00e8 dedicato alle piccole-medie aziende. La console unificata raggiungibile via web \u00e8 semplice da utilizzare, \u00e8 flessibile e fornisce una protezione totale.<\/p>\n<p>Nonostante la suite offra <strong>funzionalit\u00e0 molto avanzate<\/strong>, \u00e8 stata studiata per un\u2019esperienza utente piacevole e intuitiva, con un\u2019installazione rapida e una dashboard che consente la gestione a colpo d\u2019occhio. In caso di necessit\u00e0 \u00e8 possibile chiamare o inviare una email al supporto clienti che, generalmente, risponde in tempi brevi. Un trial gratuito valido per 30 giorni \u00e8 disponibile, al termine del quale \u00e8 possibile comprare una <strong>licenza Sophos Endpoint Protection<\/strong> valida per un anno. Per quanto riguarda i prezzi, \u00e8 possibile richiedere un preventivo direttamente dal sito web della suite.<\/p>\n","protected":false},"excerpt":{"rendered":"<p>Sophos Endpoint Protection \u00e8 una suite completa che rende semplice la messa in sicurezza del nostro sistema contro minacce avanzate, nuovi virus e malware. Questo antivirus Sophos viene offerto anche nella versione cloud.<\/p>\n","protected":false},"author":16,"featured_media":0,"parent":5635,"menu_order":3,"comment_status":"open","ping_status":"closed","template":"g1_template_page_review_new.php","meta":{"_acf_changed":false,"cwp_meta_box_check":"Yes","cwp_rev_product_name":"","cwp_rev_product_image":"","wppr_links":[],"cwp_rev_price":"","wppr_options":[],"wppr_pros":[],"wppr_cons":[],"_monsterinsights_skip_tracking":false,"_monsterinsights_sitenote_active":false,"_monsterinsights_sitenote_note":"","_monsterinsights_sitenote_category":0,"footnotes":""},"categories":[109],"tags":[396,738,713,710,709],"features":[],"class_list":{"0":"post-6180","1":"page","2":"type-page","3":"status-publish","5":"category-antivirus-software-pc-it","6":"tag-cloud","7":"tag-funzionalita-molto-avanzate","8":"tag-malware","9":"tag-programma-antivirus","10":"tag-software-antivirus"},"wppr_data":{"cwp_meta_box_check":"Yes","cwp_rev_product_name":"","cwp_rev_product_image":"","cwp_image_link":"image","cwp_rev_price":"","wppr_rating":"0.00"},"acf":[],"yoast_head":"<!-- This site is optimized with the Yoast SEO plugin v27.4 - https:\/\/yoast.com\/product\/yoast-seo-wordpress\/ -->\n<title>Sophos Endpoint Protection recensione miglior antivirus Accurate Reviews<\/title>\n<meta name=\"description\" content=\"Sophos Endpoint Protection \u00e8 una suite completa che rende semplice la messa in sicurezza del nostro sistema contro minacce avanzate, nuovi virus e malware.\" \/>\n<meta name=\"robots\" content=\"index, follow, max-snippet:-1, max-image-preview:large, max-video-preview:-1\" \/>\n<link rel=\"canonical\" href=\"https:\/\/www.accuratereviews.com\/it\/antivirus-la-lista-dei-migliori\/sophos-endpoint-protection\/\" \/>\n<meta property=\"og:locale\" content=\"it_IT\" \/>\n<meta property=\"og:type\" content=\"article\" \/>\n<meta property=\"og:title\" content=\"Sophos Endpoint Protection recensione miglior antivirus Accurate Reviews\" \/>\n<meta property=\"og:description\" content=\"Sophos Endpoint Protection \u00e8 una suite completa che rende semplice la messa in sicurezza del nostro sistema contro minacce avanzate, nuovi virus e malware.\" \/>\n<meta property=\"og:url\" content=\"https:\/\/www.accuratereviews.com\/it\/antivirus-la-lista-dei-migliori\/sophos-endpoint-protection\/\" \/>\n<meta property=\"og:site_name\" content=\"Accurate Reviews\" \/>\n<meta property=\"article:modified_time\" content=\"2019-06-04T16:00:23+00:00\" \/>\n<meta property=\"og:image\" content=\"http:\/\/www.accuratereviews.com\/wp-content\/uploads\/2015\/11\/Sophos-Endpoint-Protection.jpg\" \/>\n<meta name=\"twitter:card\" content=\"summary_large_image\" \/>\n<meta name=\"twitter:label1\" content=\"Tempo di lettura stimato\" \/>\n\t<meta name=\"twitter:data1\" content=\"2 minuti\" \/>\n<script type=\"application\/ld+json\" class=\"yoast-schema-graph\">{\"@context\":\"https:\\\/\\\/schema.org\",\"@graph\":[{\"@type\":\"WebPage\",\"@id\":\"https:\\\/\\\/www.accuratereviews.com\\\/it\\\/antivirus-la-lista-dei-migliori\\\/sophos-endpoint-protection\\\/\",\"url\":\"https:\\\/\\\/www.accuratereviews.com\\\/it\\\/antivirus-la-lista-dei-migliori\\\/sophos-endpoint-protection\\\/\",\"name\":\"Sophos Endpoint Protection recensione miglior antivirus Accurate Reviews\",\"isPartOf\":{\"@id\":\"https:\\\/\\\/www.accuratereviews.com\\\/it\\\/#website\"},\"primaryImageOfPage\":{\"@id\":\"https:\\\/\\\/www.accuratereviews.com\\\/it\\\/antivirus-la-lista-dei-migliori\\\/sophos-endpoint-protection\\\/#primaryimage\"},\"image\":{\"@id\":\"https:\\\/\\\/www.accuratereviews.com\\\/it\\\/antivirus-la-lista-dei-migliori\\\/sophos-endpoint-protection\\\/#primaryimage\"},\"thumbnailUrl\":\"http:\\\/\\\/www.accuratereviews.com\\\/wp-content\\\/uploads\\\/2015\\\/11\\\/Sophos-Endpoint-Protection.jpg\",\"datePublished\":\"2015-11-18T14:34:57+00:00\",\"dateModified\":\"2019-06-04T16:00:23+00:00\",\"description\":\"Sophos Endpoint Protection \u00e8 una suite completa che rende semplice la messa in sicurezza del nostro sistema contro minacce avanzate, nuovi virus e malware.\",\"breadcrumb\":{\"@id\":\"https:\\\/\\\/www.accuratereviews.com\\\/it\\\/antivirus-la-lista-dei-migliori\\\/sophos-endpoint-protection\\\/#breadcrumb\"},\"inLanguage\":\"it-IT\",\"potentialAction\":[{\"@type\":\"ReadAction\",\"target\":[\"https:\\\/\\\/www.accuratereviews.com\\\/it\\\/antivirus-la-lista-dei-migliori\\\/sophos-endpoint-protection\\\/\"]}]},{\"@type\":\"ImageObject\",\"inLanguage\":\"it-IT\",\"@id\":\"https:\\\/\\\/www.accuratereviews.com\\\/it\\\/antivirus-la-lista-dei-migliori\\\/sophos-endpoint-protection\\\/#primaryimage\",\"url\":\"http:\\\/\\\/www.accuratereviews.com\\\/wp-content\\\/uploads\\\/2015\\\/11\\\/Sophos-Endpoint-Protection.jpg\",\"contentUrl\":\"http:\\\/\\\/www.accuratereviews.com\\\/wp-content\\\/uploads\\\/2015\\\/11\\\/Sophos-Endpoint-Protection.jpg\"},{\"@type\":\"BreadcrumbList\",\"@id\":\"https:\\\/\\\/www.accuratereviews.com\\\/it\\\/antivirus-la-lista-dei-migliori\\\/sophos-endpoint-protection\\\/#breadcrumb\",\"itemListElement\":[{\"@type\":\"ListItem\",\"position\":1,\"name\":\"Home\",\"item\":\"https:\\\/\\\/www.accuratereviews.com\\\/it\\\/\"},{\"@type\":\"ListItem\",\"position\":2,\"name\":\"Antivirus: i Migliori Antivirus per PC\",\"item\":\"https:\\\/\\\/www.accuratereviews.com\\\/it\\\/antivirus-la-lista-dei-migliori\\\/\"},{\"@type\":\"ListItem\",\"position\":3,\"name\":\"Sophos Endpoint Protection\"}]},{\"@type\":\"WebSite\",\"@id\":\"https:\\\/\\\/www.accuratereviews.com\\\/it\\\/#website\",\"url\":\"https:\\\/\\\/www.accuratereviews.com\\\/it\\\/\",\"name\":\"Accurate Reviews\",\"description\":\"\",\"potentialAction\":[{\"@type\":\"SearchAction\",\"target\":{\"@type\":\"EntryPoint\",\"urlTemplate\":\"https:\\\/\\\/www.accuratereviews.com\\\/it\\\/?s={search_term_string}\"},\"query-input\":{\"@type\":\"PropertyValueSpecification\",\"valueRequired\":true,\"valueName\":\"search_term_string\"}}],\"inLanguage\":\"it-IT\"}]}<\/script>\n<!-- \/ Yoast SEO plugin. -->","yoast_head_json":{"title":"Sophos Endpoint Protection recensione miglior antivirus Accurate Reviews","description":"Sophos Endpoint Protection \u00e8 una suite completa che rende semplice la messa in sicurezza del nostro sistema contro minacce avanzate, nuovi virus e malware.","robots":{"index":"index","follow":"follow","max-snippet":"max-snippet:-1","max-image-preview":"max-image-preview:large","max-video-preview":"max-video-preview:-1"},"canonical":"https:\/\/www.accuratereviews.com\/it\/antivirus-la-lista-dei-migliori\/sophos-endpoint-protection\/","og_locale":"it_IT","og_type":"article","og_title":"Sophos Endpoint Protection recensione miglior antivirus Accurate Reviews","og_description":"Sophos Endpoint Protection \u00e8 una suite completa che rende semplice la messa in sicurezza del nostro sistema contro minacce avanzate, nuovi virus e malware.","og_url":"https:\/\/www.accuratereviews.com\/it\/antivirus-la-lista-dei-migliori\/sophos-endpoint-protection\/","og_site_name":"Accurate Reviews","article_modified_time":"2019-06-04T16:00:23+00:00","og_image":[{"url":"http:\/\/www.accuratereviews.com\/wp-content\/uploads\/2015\/11\/Sophos-Endpoint-Protection.jpg","type":"","width":"","height":""}],"twitter_card":"summary_large_image","twitter_misc":{"Tempo di lettura stimato":"2 minuti"},"schema":{"@context":"https:\/\/schema.org","@graph":[{"@type":"WebPage","@id":"https:\/\/www.accuratereviews.com\/it\/antivirus-la-lista-dei-migliori\/sophos-endpoint-protection\/","url":"https:\/\/www.accuratereviews.com\/it\/antivirus-la-lista-dei-migliori\/sophos-endpoint-protection\/","name":"Sophos Endpoint Protection recensione miglior antivirus Accurate Reviews","isPartOf":{"@id":"https:\/\/www.accuratereviews.com\/it\/#website"},"primaryImageOfPage":{"@id":"https:\/\/www.accuratereviews.com\/it\/antivirus-la-lista-dei-migliori\/sophos-endpoint-protection\/#primaryimage"},"image":{"@id":"https:\/\/www.accuratereviews.com\/it\/antivirus-la-lista-dei-migliori\/sophos-endpoint-protection\/#primaryimage"},"thumbnailUrl":"http:\/\/www.accuratereviews.com\/wp-content\/uploads\/2015\/11\/Sophos-Endpoint-Protection.jpg","datePublished":"2015-11-18T14:34:57+00:00","dateModified":"2019-06-04T16:00:23+00:00","description":"Sophos Endpoint Protection \u00e8 una suite completa che rende semplice la messa in sicurezza del nostro sistema contro minacce avanzate, nuovi virus e malware.","breadcrumb":{"@id":"https:\/\/www.accuratereviews.com\/it\/antivirus-la-lista-dei-migliori\/sophos-endpoint-protection\/#breadcrumb"},"inLanguage":"it-IT","potentialAction":[{"@type":"ReadAction","target":["https:\/\/www.accuratereviews.com\/it\/antivirus-la-lista-dei-migliori\/sophos-endpoint-protection\/"]}]},{"@type":"ImageObject","inLanguage":"it-IT","@id":"https:\/\/www.accuratereviews.com\/it\/antivirus-la-lista-dei-migliori\/sophos-endpoint-protection\/#primaryimage","url":"http:\/\/www.accuratereviews.com\/wp-content\/uploads\/2015\/11\/Sophos-Endpoint-Protection.jpg","contentUrl":"http:\/\/www.accuratereviews.com\/wp-content\/uploads\/2015\/11\/Sophos-Endpoint-Protection.jpg"},{"@type":"BreadcrumbList","@id":"https:\/\/www.accuratereviews.com\/it\/antivirus-la-lista-dei-migliori\/sophos-endpoint-protection\/#breadcrumb","itemListElement":[{"@type":"ListItem","position":1,"name":"Home","item":"https:\/\/www.accuratereviews.com\/it\/"},{"@type":"ListItem","position":2,"name":"Antivirus: i Migliori Antivirus per PC","item":"https:\/\/www.accuratereviews.com\/it\/antivirus-la-lista-dei-migliori\/"},{"@type":"ListItem","position":3,"name":"Sophos Endpoint Protection"}]},{"@type":"WebSite","@id":"https:\/\/www.accuratereviews.com\/it\/#website","url":"https:\/\/www.accuratereviews.com\/it\/","name":"Accurate Reviews","description":"","potentialAction":[{"@type":"SearchAction","target":{"@type":"EntryPoint","urlTemplate":"https:\/\/www.accuratereviews.com\/it\/?s={search_term_string}"},"query-input":{"@type":"PropertyValueSpecification","valueRequired":true,"valueName":"search_term_string"}}],"inLanguage":"it-IT"}]}},"_links":{"self":[{"href":"https:\/\/www.accuratereviews.com\/it\/wp-json\/wp\/v2\/pages\/6180","targetHints":{"allow":["GET"]}}],"collection":[{"href":"https:\/\/www.accuratereviews.com\/it\/wp-json\/wp\/v2\/pages"}],"about":[{"href":"https:\/\/www.accuratereviews.com\/it\/wp-json\/wp\/v2\/types\/page"}],"author":[{"embeddable":true,"href":"https:\/\/www.accuratereviews.com\/it\/wp-json\/wp\/v2\/users\/16"}],"replies":[{"embeddable":true,"href":"https:\/\/www.accuratereviews.com\/it\/wp-json\/wp\/v2\/comments?post=6180"}],"version-history":[{"count":2,"href":"https:\/\/www.accuratereviews.com\/it\/wp-json\/wp\/v2\/pages\/6180\/revisions"}],"predecessor-version":[{"id":6428,"href":"https:\/\/www.accuratereviews.com\/it\/wp-json\/wp\/v2\/pages\/6180\/revisions\/6428"}],"up":[{"embeddable":true,"href":"https:\/\/www.accuratereviews.com\/it\/wp-json\/wp\/v2\/pages\/5635"}],"wp:attachment":[{"href":"https:\/\/www.accuratereviews.com\/it\/wp-json\/wp\/v2\/media?parent=6180"}],"wp:term":[{"taxonomy":"category","embeddable":true,"href":"https:\/\/www.accuratereviews.com\/it\/wp-json\/wp\/v2\/categories?post=6180"},{"taxonomy":"post_tag","embeddable":true,"href":"https:\/\/www.accuratereviews.com\/it\/wp-json\/wp\/v2\/tags?post=6180"},{"taxonomy":"features","embeddable":true,"href":"https:\/\/www.accuratereviews.com\/it\/wp-json\/wp\/v2\/features?post=6180"}],"curies":[{"name":"wp","href":"https:\/\/api.w.org\/{rel}","templated":true}]}}