{"id":61863,"date":"2022-09-27T16:52:33","date_gmt":"2022-09-27T16:52:33","guid":{"rendered":"https:\/\/www.accuratereviews.com\/?page_id=61863"},"modified":"2022-09-27T16:52:33","modified_gmt":"2022-09-27T16:52:33","slug":"therapynotes-recensione","status":"publish","type":"page","link":"https:\/\/www.accuratereviews.com\/it\/app-appuntamenti-medici\/therapynotes-recensione\/","title":{"rendered":"TherapyNotes"},"content":{"rendered":"<p><strong>TherapyNotes<\/strong> aiuta i professionisti della salute mentale e i medici a <strong>gestire i propri flussi di lavoro e le attivit\u00e0 amministrative<\/strong>. Il software offre una variet\u00e0 di funzionalit\u00e0 tra cui un portale cliente\/paziente, <strong>pianificazione degli appuntamenti<\/strong>, psicoterapia e note sulla gestione dei farmaci, richieste e rimesse elettroniche con registrazione dei pagamenti ERA e gestione delle cartelle cliniche dei pazienti.<br \/>\n<strong>TherapyNotes<\/strong> supporta anche gli ambulatori che hanno pi\u00f9 sedi, nonch\u00e9 i medici che hanno bisogno di accedere ai record al di fuori del proprio ufficio domestico.vLa soluzione fornisce elenchi di cose da fare automatici dopo ogni appuntamento che semplificano il carico di lavoro quotidiano dell&#8217;utente. In questo modo assicurano di completare i piani di trattamento, firmare note non firmate, seguire i pazienti o contattare il PCP del paziente, oltre a inviare molti altri utili promemoria.<\/p>\n<h2><strong>THERAPYNOTES &#8211; TUTORIAL<\/strong><\/h2>\n<div id=\"fluid-wrapper-counter-1\" class=\"g1-fluid-wrapper \" style=\"width:686px;\">\n<div style=\"padding-bottom:56.268221574344%;\"><iframe loading=\"lazy\" title=\"How to Use TherapyNotes - Beginners Guide 2022\" width=\"515\" height=\"386\" src=\"https:\/\/www.youtube.com\/embed\/8nt9DE3HVoc?feature=oembed&amp;wmode=transparent&amp;autohide=1&amp;autoplay=0&amp;disablekb=0&amp;fs=1&amp;loop=0&amp;enablejsapi=1&amp;rel=0&amp;controls=2&amp;showinfo=0&amp;wmode=transparent&amp;autohide=2&amp;autoplay=0&amp;disablekb=0&amp;fs=1&amp;loop=0&amp;enablejsapi=1&amp;rel=0&amp;controls=2&amp;showinfo=1\" frameborder=\"0\" allow=\"accelerometer; autoplay; clipboard-write; encrypted-media; gyroscope; picture-in-picture\" allowfullscreen><\/iframe><\/div>\n<\/div>\n<h3><strong>THERAPYNOTES &#8211; CARATTERISTICHE<\/strong><\/h3>\n<ul>\n<li><strong>Programmazione e lista delle cose da fare<\/strong>: pianifica rapidamente gli appuntamenti e gestisci le attivit\u00e0. Il tuo calendario e l&#8217;elenco delle cose da fare si collegano perfettamente ai tuoi record, note e fatturazione per aiutarti a risparmiare tempo e rimanere organizzato.<\/li>\n<li><strong>Note e registrazioni elettroniche<\/strong>: crea facilmente una documentazione completa con una variet\u00e0 di modelli di note e mantieni le tue cartelle organizzate con cartelle cliniche elettroniche conformi all&#8217;HIPAA.<\/li>\n<li><strong>Fatturazione elettronica<\/strong>: fattura assicurazioni, gestisci i pagamenti dei clienti e genera report in pochi clic. Il sistema di fatturazione semplice e completamente integrato ti aiuta a risparmiare tempo e ad essere pagato velocemente.<\/li>\n<li><strong>Elaborazione della carta di credito<\/strong>: scorri, addebita e archivia in modo sicuro carte di credito, debito e HSA. Offri ai tuoi clienti un modo pi\u00f9 conveniente per pagare.<\/li>\n<li><strong>Portale clienti personalizzato:<\/strong> consenti ai tuoi clienti di richiedere e gestire gli appuntamenti online e di condividere elettronicamente i documenti cartacei affinch\u00e9 i clienti possano rivederli o firmarli prima delle sessioni.<\/li>\n<li><strong>Telemedicina<\/strong>: incontra i tuoi pazienti online con sessioni video sicure, inclusa la condivisione dello schermo.<\/li>\n<li><strong>ePrescrivi<\/strong>: gestisci e prescrivi elettronicamente i farmaci direttamente dalla cartella del tuo paziente. Consente di risparmiare tempo, ridurre gli errori e migliorare la sicurezza del paziente.<\/li>\n<li><strong>Sicurezza senza preoccupazioni:<\/strong> proteggi i tuoi record con accesso online crittografato, backup automatici, ripristino di emergenza, ruoli utente univoci e controlli di accesso e altro ancora. La tua sicurezza \u00e8 la massima priorit\u00e0.<\/li>\n<li><strong>Assistenza clienti<\/strong>: goditi il \u200b\u200bsupporto illimitato telefonico ed email dall&#8217;esperto team di assistenza clienti, oltre agli aggiornamenti software automatici e all&#8217;accesso 24 ore su 24, 7 giorni su 7 alle risorse online.<\/li>\n<\/ul>\n<h4>LE RECENSIONI DEGLI UTENTI<\/h4>\n<p class=\"fw-bold mb-2\"><strong>Jennifer&#8221;Servizio clienti eccezionale&#8221;<br \/>\n<\/strong><span class=\"fw-bold\"><strong>Commenti<\/strong>:<\/span> Questo \u00e8 il miglior software che ho trovato per il mio studio privato. Per me non ha prezzo poter contattare il servizio clienti telefonicamente piuttosto che tramite chat o un &#8220;biglietto online&#8221;. L&#8217;aspetto della fatturazione del software \u00e8 pi\u00f9 facile da usare rispetto al software che ho utilizzato in precedenza. L&#8217;unica cosa che vorrei vedere migliorata \u00e8 l&#8217;aggiunta di diverse note e modelli di piani di trattamento, o almeno pi\u00f9 personalizzabili.<br \/>\n<strong>Pro<\/strong>:\u00a0Pi\u00f9 facile da installare e utilizzare rispetto a EHR comparabili, ottimo servizio clienti facile da raggiungere tramite telefono, facile da navigare<br \/>\n<strong>Contro<\/strong>:\u00a0Nessuna variet\u00e0 di note e modelli di piani di trattamento<\/p>\n<p class=\"fw-bold mb-2\"><strong>Karen&#8221;Ottimo software e assistenza clienti&#8221;<br \/>\n<\/strong><strong>Pro<\/strong>:\u00a0Assistenza clienti, facilit\u00e0 d&#8217;uso, prezzi, fatturazione semplice, flessibilit\u00e0<br \/>\n<strong>Contro<\/strong>:\u00a0Piattaforma di telemedicina ok, Doxy \u00e8 migliore<\/p>\n<p class=\"fw-bold mb-2\"><strong>Mary Kate&#8221;Nessun rimpianto&#8221;<br \/>\n<\/strong><span class=\"fw-bold\"><strong>Commenti<\/strong>:<\/span> Ho scelto questo prodotto per il valore e la reputazione di supporto eccezionale. Sono stato piacevolmente sorpreso pi\u00f9 e pi\u00f9 volte mentre continuano a migliorare quello che era gi\u00e0 un programma pulito e intuitivo.<br \/>\n<strong>Pro<\/strong>:\u00a0L&#8217;assistenza clienti \u00e8 eccezionale, soprattutto rispetto al software di gestione dello studio che utilizzavamo in precedenza. Therapy Notes migliora e aggiorna costantemente, aggiungendo funzionalit\u00e0 sia gratuite che a pagamento. Gli aggiornamenti non sono mai di disturbo e, in definitiva, migliorano sempre il nostro flusso di lavoro.<br \/>\n<strong>Contro<\/strong>:\u00a0L&#8217;iscrizione a ERA, EFT ed EDI potrebbe essere pi\u00f9 agevole: la camera di compensazione \u00e8 un&#8217;entit\u00e0 separata e le istruzioni fornite tramite le note sulla terapia non sono sempre chiare o complete.<\/p>\n","protected":false},"excerpt":{"rendered":"<p>TherapyNotes aiuta i professionisti della salute mentale e i medici a gestire i propri flussi di lavoro e le attivit\u00e0 amministrative. Il software offre una variet\u00e0 di funzionalit\u00e0 tra cui un portale cliente\/paziente, pianificazione degli appuntamenti, psicoterapia e note sulla gestione dei farmaci, richieste e rimesse elettroniche con registrazione dei pagamenti ERA e gestione delle cartelle cliniche dei pazienti.<\/p>\n","protected":false},"author":16,"featured_media":61864,"parent":61834,"menu_order":0,"comment_status":"open","ping_status":"closed","template":"g1_template_page_review_new.php","meta":{"_acf_changed":false,"cwp_meta_box_check":"No","cwp_rev_product_name":"","cwp_rev_product_image":"","wppr_links":[],"cwp_rev_price":"","wppr_options":[],"wppr_pros":[],"wppr_cons":[],"_monsterinsights_skip_tracking":false,"_monsterinsights_sitenote_active":false,"_monsterinsights_sitenote_note":"","_monsterinsights_sitenote_category":0,"footnotes":""},"categories":[13438],"tags":[13441,13444,13443,13442,13459,13457],"features":[],"class_list":{"0":"post-61863","1":"page","2":"type-page","3":"status-publish","4":"has-post-thumbnail","6":"category-app-appuntamenti-medici-cat","7":"tag-appuntamenti-medici","8":"tag-piattaforma-per-appuntamenti-medici","9":"tag-programma-per-appuntamenti-medici","10":"tag-software-per-appuntamenti-medici","11":"tag-soluzione-per-appuntamenti-medici","12":"tag-therapynotes"},"wppr_data":{"cwp_meta_box_check":"No"},"acf":[],"yoast_head":"<!-- This site is optimized with the Yoast SEO plugin v27.4 - https:\/\/yoast.com\/product\/yoast-seo-wordpress\/ -->\n<title>TherapyNotes: recensione software appuntamenti medici<\/title>\n<meta name=\"description\" content=\"TherapyNotes: recensione software per appuntamenti medici che aiuta i medici a gestire i propri flussi di lavoro e le attivit\u00e0 amministrative\" \/>\n<meta name=\"robots\" content=\"index, follow, max-snippet:-1, max-image-preview:large, max-video-preview:-1\" \/>\n<link rel=\"canonical\" href=\"https:\/\/www.accuratereviews.com\/it\/app-appuntamenti-medici\/therapynotes-recensione\/\" \/>\n<meta property=\"og:locale\" content=\"it_IT\" \/>\n<meta property=\"og:type\" content=\"article\" \/>\n<meta property=\"og:title\" content=\"TherapyNotes: recensione software appuntamenti medici\" \/>\n<meta property=\"og:description\" content=\"TherapyNotes: recensione software per appuntamenti medici che aiuta i medici a gestire i propri flussi di lavoro e le attivit\u00e0 amministrative\" \/>\n<meta property=\"og:url\" content=\"https:\/\/www.accuratereviews.com\/it\/app-appuntamenti-medici\/therapynotes-recensione\/\" \/>\n<meta property=\"og:site_name\" content=\"Accurate Reviews\" \/>\n<meta property=\"og:image\" content=\"https:\/\/www.accuratereviews.com\/wp-content\/uploads\/2022\/09\/TherapyNotes.jpeg\" \/>\n\t<meta property=\"og:image:width\" content=\"400\" \/>\n\t<meta property=\"og:image:height\" content=\"400\" \/>\n\t<meta property=\"og:image:type\" content=\"image\/jpeg\" \/>\n<meta name=\"twitter:card\" content=\"summary_large_image\" \/>\n<meta name=\"twitter:label1\" content=\"Tempo di lettura stimato\" \/>\n\t<meta name=\"twitter:data1\" content=\"4 minuti\" \/>\n<script type=\"application\/ld+json\" class=\"yoast-schema-graph\">{\"@context\":\"https:\\\/\\\/schema.org\",\"@graph\":[{\"@type\":\"WebPage\",\"@id\":\"https:\\\/\\\/www.accuratereviews.com\\\/it\\\/app-appuntamenti-medici\\\/therapynotes-recensione\\\/\",\"url\":\"https:\\\/\\\/www.accuratereviews.com\\\/it\\\/app-appuntamenti-medici\\\/therapynotes-recensione\\\/\",\"name\":\"TherapyNotes: recensione software appuntamenti medici\",\"isPartOf\":{\"@id\":\"https:\\\/\\\/www.accuratereviews.com\\\/it\\\/#website\"},\"primaryImageOfPage\":{\"@id\":\"https:\\\/\\\/www.accuratereviews.com\\\/it\\\/app-appuntamenti-medici\\\/therapynotes-recensione\\\/#primaryimage\"},\"image\":{\"@id\":\"https:\\\/\\\/www.accuratereviews.com\\\/it\\\/app-appuntamenti-medici\\\/therapynotes-recensione\\\/#primaryimage\"},\"thumbnailUrl\":\"https:\\\/\\\/www.accuratereviews.com\\\/wp-content\\\/uploads\\\/2022\\\/09\\\/TherapyNotes.jpeg\",\"datePublished\":\"2022-09-27T16:52:33+00:00\",\"description\":\"TherapyNotes: recensione software per appuntamenti medici che aiuta i medici a gestire i propri flussi di lavoro e le attivit\u00e0 amministrative\",\"breadcrumb\":{\"@id\":\"https:\\\/\\\/www.accuratereviews.com\\\/it\\\/app-appuntamenti-medici\\\/therapynotes-recensione\\\/#breadcrumb\"},\"inLanguage\":\"it-IT\",\"potentialAction\":[{\"@type\":\"ReadAction\",\"target\":[\"https:\\\/\\\/www.accuratereviews.com\\\/it\\\/app-appuntamenti-medici\\\/therapynotes-recensione\\\/\"]}]},{\"@type\":\"ImageObject\",\"inLanguage\":\"it-IT\",\"@id\":\"https:\\\/\\\/www.accuratereviews.com\\\/it\\\/app-appuntamenti-medici\\\/therapynotes-recensione\\\/#primaryimage\",\"url\":\"https:\\\/\\\/www.accuratereviews.com\\\/wp-content\\\/uploads\\\/2022\\\/09\\\/TherapyNotes.jpeg\",\"contentUrl\":\"https:\\\/\\\/www.accuratereviews.com\\\/wp-content\\\/uploads\\\/2022\\\/09\\\/TherapyNotes.jpeg\",\"width\":400,\"height\":400},{\"@type\":\"BreadcrumbList\",\"@id\":\"https:\\\/\\\/www.accuratereviews.com\\\/it\\\/app-appuntamenti-medici\\\/therapynotes-recensione\\\/#breadcrumb\",\"itemListElement\":[{\"@type\":\"ListItem\",\"position\":1,\"name\":\"Home\",\"item\":\"https:\\\/\\\/www.accuratereviews.com\\\/it\\\/\"},{\"@type\":\"ListItem\",\"position\":2,\"name\":\"App per appuntamenti medici\",\"item\":\"https:\\\/\\\/www.accuratereviews.com\\\/it\\\/app-appuntamenti-medici\\\/\"},{\"@type\":\"ListItem\",\"position\":3,\"name\":\"TherapyNotes\"}]},{\"@type\":\"WebSite\",\"@id\":\"https:\\\/\\\/www.accuratereviews.com\\\/it\\\/#website\",\"url\":\"https:\\\/\\\/www.accuratereviews.com\\\/it\\\/\",\"name\":\"Accurate Reviews\",\"description\":\"\",\"potentialAction\":[{\"@type\":\"SearchAction\",\"target\":{\"@type\":\"EntryPoint\",\"urlTemplate\":\"https:\\\/\\\/www.accuratereviews.com\\\/it\\\/?s={search_term_string}\"},\"query-input\":{\"@type\":\"PropertyValueSpecification\",\"valueRequired\":true,\"valueName\":\"search_term_string\"}}],\"inLanguage\":\"it-IT\"}]}<\/script>\n<!-- \/ Yoast SEO plugin. -->","yoast_head_json":{"title":"TherapyNotes: recensione software appuntamenti medici","description":"TherapyNotes: recensione software per appuntamenti medici che aiuta i medici a gestire i propri flussi di lavoro e le attivit\u00e0 amministrative","robots":{"index":"index","follow":"follow","max-snippet":"max-snippet:-1","max-image-preview":"max-image-preview:large","max-video-preview":"max-video-preview:-1"},"canonical":"https:\/\/www.accuratereviews.com\/it\/app-appuntamenti-medici\/therapynotes-recensione\/","og_locale":"it_IT","og_type":"article","og_title":"TherapyNotes: recensione software appuntamenti medici","og_description":"TherapyNotes: recensione software per appuntamenti medici che aiuta i medici a gestire i propri flussi di lavoro e le attivit\u00e0 amministrative","og_url":"https:\/\/www.accuratereviews.com\/it\/app-appuntamenti-medici\/therapynotes-recensione\/","og_site_name":"Accurate Reviews","og_image":[{"width":400,"height":400,"url":"https:\/\/www.accuratereviews.com\/wp-content\/uploads\/2022\/09\/TherapyNotes.jpeg","type":"image\/jpeg"}],"twitter_card":"summary_large_image","twitter_misc":{"Tempo di lettura stimato":"4 minuti"},"schema":{"@context":"https:\/\/schema.org","@graph":[{"@type":"WebPage","@id":"https:\/\/www.accuratereviews.com\/it\/app-appuntamenti-medici\/therapynotes-recensione\/","url":"https:\/\/www.accuratereviews.com\/it\/app-appuntamenti-medici\/therapynotes-recensione\/","name":"TherapyNotes: recensione software appuntamenti medici","isPartOf":{"@id":"https:\/\/www.accuratereviews.com\/it\/#website"},"primaryImageOfPage":{"@id":"https:\/\/www.accuratereviews.com\/it\/app-appuntamenti-medici\/therapynotes-recensione\/#primaryimage"},"image":{"@id":"https:\/\/www.accuratereviews.com\/it\/app-appuntamenti-medici\/therapynotes-recensione\/#primaryimage"},"thumbnailUrl":"https:\/\/www.accuratereviews.com\/wp-content\/uploads\/2022\/09\/TherapyNotes.jpeg","datePublished":"2022-09-27T16:52:33+00:00","description":"TherapyNotes: recensione software per appuntamenti medici che aiuta i medici a gestire i propri flussi di lavoro e le attivit\u00e0 amministrative","breadcrumb":{"@id":"https:\/\/www.accuratereviews.com\/it\/app-appuntamenti-medici\/therapynotes-recensione\/#breadcrumb"},"inLanguage":"it-IT","potentialAction":[{"@type":"ReadAction","target":["https:\/\/www.accuratereviews.com\/it\/app-appuntamenti-medici\/therapynotes-recensione\/"]}]},{"@type":"ImageObject","inLanguage":"it-IT","@id":"https:\/\/www.accuratereviews.com\/it\/app-appuntamenti-medici\/therapynotes-recensione\/#primaryimage","url":"https:\/\/www.accuratereviews.com\/wp-content\/uploads\/2022\/09\/TherapyNotes.jpeg","contentUrl":"https:\/\/www.accuratereviews.com\/wp-content\/uploads\/2022\/09\/TherapyNotes.jpeg","width":400,"height":400},{"@type":"BreadcrumbList","@id":"https:\/\/www.accuratereviews.com\/it\/app-appuntamenti-medici\/therapynotes-recensione\/#breadcrumb","itemListElement":[{"@type":"ListItem","position":1,"name":"Home","item":"https:\/\/www.accuratereviews.com\/it\/"},{"@type":"ListItem","position":2,"name":"App per appuntamenti medici","item":"https:\/\/www.accuratereviews.com\/it\/app-appuntamenti-medici\/"},{"@type":"ListItem","position":3,"name":"TherapyNotes"}]},{"@type":"WebSite","@id":"https:\/\/www.accuratereviews.com\/it\/#website","url":"https:\/\/www.accuratereviews.com\/it\/","name":"Accurate Reviews","description":"","potentialAction":[{"@type":"SearchAction","target":{"@type":"EntryPoint","urlTemplate":"https:\/\/www.accuratereviews.com\/it\/?s={search_term_string}"},"query-input":{"@type":"PropertyValueSpecification","valueRequired":true,"valueName":"search_term_string"}}],"inLanguage":"it-IT"}]}},"_links":{"self":[{"href":"https:\/\/www.accuratereviews.com\/it\/wp-json\/wp\/v2\/pages\/61863","targetHints":{"allow":["GET"]}}],"collection":[{"href":"https:\/\/www.accuratereviews.com\/it\/wp-json\/wp\/v2\/pages"}],"about":[{"href":"https:\/\/www.accuratereviews.com\/it\/wp-json\/wp\/v2\/types\/page"}],"author":[{"embeddable":true,"href":"https:\/\/www.accuratereviews.com\/it\/wp-json\/wp\/v2\/users\/16"}],"replies":[{"embeddable":true,"href":"https:\/\/www.accuratereviews.com\/it\/wp-json\/wp\/v2\/comments?post=61863"}],"version-history":[{"count":5,"href":"https:\/\/www.accuratereviews.com\/it\/wp-json\/wp\/v2\/pages\/61863\/revisions"}],"predecessor-version":[{"id":61899,"href":"https:\/\/www.accuratereviews.com\/it\/wp-json\/wp\/v2\/pages\/61863\/revisions\/61899"}],"up":[{"embeddable":true,"href":"https:\/\/www.accuratereviews.com\/it\/wp-json\/wp\/v2\/pages\/61834"}],"wp:featuredmedia":[{"embeddable":true,"href":"https:\/\/www.accuratereviews.com\/it\/wp-json\/wp\/v2\/media\/61864"}],"wp:attachment":[{"href":"https:\/\/www.accuratereviews.com\/it\/wp-json\/wp\/v2\/media?parent=61863"}],"wp:term":[{"taxonomy":"category","embeddable":true,"href":"https:\/\/www.accuratereviews.com\/it\/wp-json\/wp\/v2\/categories?post=61863"},{"taxonomy":"post_tag","embeddable":true,"href":"https:\/\/www.accuratereviews.com\/it\/wp-json\/wp\/v2\/tags?post=61863"},{"taxonomy":"features","embeddable":true,"href":"https:\/\/www.accuratereviews.com\/it\/wp-json\/wp\/v2\/features?post=61863"}],"curies":[{"name":"wp","href":"https:\/\/api.w.org\/{rel}","templated":true}]}}