{"id":61911,"date":"2022-09-28T18:22:50","date_gmt":"2022-09-28T18:22:50","guid":{"rendered":"https:\/\/www.accuratereviews.com\/?page_id=61911"},"modified":"2022-09-28T18:22:50","modified_gmt":"2022-09-28T18:22:50","slug":"rxnt-recensione","status":"publish","type":"page","link":"https:\/\/www.accuratereviews.com\/it\/app-appuntamenti-medici\/rxnt-recensione\/","title":{"rendered":"RXNT"},"content":{"rendered":"<p><strong>RXNT<\/strong> \u00e8 un <strong>sistema integrato di gestione clinica<\/strong> e pratica di software basato su <strong>cloud<\/strong> per strutture sanitarie, che aiuta gli utenti a gestire le cartelle cliniche, i trattamenti, la programmazione, la fatturazione e l&#8217;assistenza completa dei pazienti. Le funzionalit\u00e0 includono: report personalizzabili, gestione dei record, tracciabilit\u00e0 dei sinistri, coinvolgimento dei pazienti, notifiche, pianificazione delle risorse, referral elettronici, connettivit\u00e0 mobile e altro ancora.\u00a0Con questa soluzione, il personale medico pu\u00f2 condividere i dati clinici in modo sicuro ed emettere referral elettronici, prescrizioni e ordini di laboratorio, nonch\u00e9 ricevere risultati direttamente all&#8217;interno delle cartelle cliniche dei pazienti. Il modulo di prescrizione elettronica (eRx) fornisce al personale medico l&#8217;accesso alla storia del paziente in tempo reale per aiutarlo a trovare le opzioni di fatturazione pi\u00f9 convenienti caso per caso.<\/p>\n<h2>RXNT &#8211; TUTORIAL<\/h2>\n<p>Scopri come la collaborazione con questa <strong>app per appuntamenti medici<\/strong> pu\u00f2 trasformare la tua attivit\u00e0:<\/p>\n<div id=\"fluid-wrapper-counter-1\" class=\"g1-fluid-wrapper \" style=\"width:686px;\">\n<div style=\"padding-bottom:56.268221574344%;\"><iframe loading=\"lazy\" title=\"RXNT | The Electronic Prescribing Enrollment Process\" width=\"686\" height=\"386\" src=\"https:\/\/www.youtube.com\/embed\/jA2cpJ1dnbc?feature=oembed&amp;wmode=transparent&amp;autohide=1&amp;autoplay=0&amp;disablekb=0&amp;fs=1&amp;loop=0&amp;enablejsapi=1&amp;rel=0&amp;controls=2&amp;showinfo=0&amp;wmode=transparent&amp;autohide=2&amp;autoplay=0&amp;disablekb=0&amp;fs=1&amp;loop=0&amp;enablejsapi=1&amp;rel=0&amp;controls=2&amp;showinfo=1\" frameborder=\"0\" allow=\"accelerometer; autoplay; clipboard-write; encrypted-media; gyroscope; picture-in-picture\" allowfullscreen><\/iframe><\/div>\n<\/div>\n<h3>RXNT &#8211; CARATTERISTICHE<\/h3>\n<ul>\n<li><strong>Prescrizione elettronica:<\/strong> il modo migliore e sicuro per prescrivere farmaci. Certificazione EPCS e ONC-ACB e conforme HIPAA. Accesso diretto al PDMP\/PMP del tuo stato. Gestisci le prescrizioni da qualsiasi luogo con le app mobili incluse.<\/li>\n<li><strong>Fascicolo sanitario elettronico:<\/strong> l&#8217;EHR certificato ONC-HIT di RXNT migliora i flussi di lavoro e l&#8217;efficienza per ogni specialit\u00e0 e dimensione. Include la pianificazione, la prescrizione elettronica, la reportistica personalizzata, un portale di coinvolgimento del paziente, il check-in del paziente e altro ancora.<\/li>\n<li><strong>Gestione pratica<\/strong>: massimizza le entrate e la redditivit\u00e0 per il tuo studio con il software di fatturazione e pianificazione medica, oltre al pagamento online sicuro delle fatture del paziente, alla gestione del rifiuto, ai promemoria automatici e all&#8217;app di acquisizione degli addebiti mobili.<\/li>\n<li><strong>Telemedicina<\/strong>: lavora da remoto, visita i pazienti virtualmente. La piattaforma digitale \u00e8 compatibile con la telemedicina e ti consente di documentare appuntamenti virtuali fianco a fianco con soluzioni di telemedicina e fatturare senza problemi i tuoi servizi.<\/li>\n<li><strong>App mobili (iOS e Android)<\/strong>: gestisci e fai crescere la tua attivit\u00e0 da qualsiasi luogo. Le applicazioni mobili per la pianificazione, l&#8217;acquisizione di addebiti, la prescrizione elettronica, l&#8217;hospice e le applicazioni per il check-in dei pazienti sono incluse senza costi aggiuntivi.<\/li>\n<\/ul>\n<h4>LE RECENSIONI DEGLI UTENTI<\/h4>\n<p class=\"fw-bold mb-2\"><strong>Nicholas&#8221;Adoro il prodotto&#8221;<br \/>\n<\/strong><span class=\"fw-bold\"><strong>Commenti<\/strong>:<\/span> Lo uso per la mia piccola impresa e funziona bene. Non utilizzo nessuno dei software che si occupa della fatturazione. Sono un fornitore di portineria, quindi sono solo contanti. Quindi non posso esporre questo aspetto. Tuttavia, per tracciare e prescrivere \u00e8 il pi\u00f9 accessibile che abbia mai incontrato.<br \/>\n<strong>Pro<\/strong>:\u00a0Mi permette di tracciare facilmente un grafico su un paziente, quindi correre e prescrivere anche ci\u00f2 di cui ho bisogno. Mi piace questo software perch\u00e9 mi consente di impostare i miei modelli pi\u00f9 facilmente rispetto ad altri EHR che ho usato in passato. Facilit\u00e0 d&#8217;uso.<br \/>\n<strong>Contro<\/strong>:\u00a0Niente, rispetto agli altri 5 software EHR che ho usato, questo \u00e8 pi\u00f9 semplice. Sto cercando di pensare se c&#8217;\u00e8 qualcosa che potrei migliorare, ma al momento non posso. Mi sono lamentato per anni delle altre opzioni software che sono stato costretto a usare.<\/p>\n<p class=\"fw-bold mb-2\"><strong>Katie&#8221;Facile da usare per la prescrizione elettronica&#8221;<br \/>\n<\/strong><strong>Commenti<\/strong>: Nel complesso sono soddisfatto di RXNT. Mi piace la pagina della cronologia medica e come posso importarla direttamente nella mia cartella clinica elettronica. \u00c8 facile scrivere script e inviarli alla farmacia desiderata.<br \/>\n<strong>Pro<\/strong>:\u00a0\u00c8 molto facile cercare un farmaco e prescriverlo elettronicamente. La mia parte preferita di questo software \u00e8 che ti dice se il farmaco \u00e8 coperto dalla loro assicurazione o meno. Ci\u00f2 consente di risparmiare un sacco di tempo perch\u00e9 so quale farmaco inviare e non devo preoccuparmi in seguito di PA o cambiare farmaco dopo aver litigato con la compagnia di assicurazioni.<br \/>\n<strong>Contro<\/strong>:\u00a0Di tanto in tanto il software si guasta quando cerco determinati farmaci. Prover\u00f2 a cercare e quando seleziono il farmaco che voglio, la pagina diventa vuota. Lo fa solo con alcuni farmaci.<\/p>\n<p class=\"fw-bold mb-2\"><strong>Paul&#8221;Recensione RXNT&#8221;<br \/>\n<\/strong><span class=\"fw-bold\"><strong>Commenti<\/strong>:<\/span> Bene e vale l&#8217;acquisto<br \/>\n<strong>Pro<\/strong>:\u00a0Facilit\u00e0 ed economicit\u00e0 di EHR. Anche il medico aveva gi\u00e0 utilizzato questo software<br \/>\n<strong>Contro<\/strong>:\u00a0L&#8217;uso significativo \u00e8 limitato, MACRA\/MIPPS limitato<\/p>\n","protected":false},"excerpt":{"rendered":"<p>RXNT \u00e8 un sistema integrato di gestione clinica e pratica di software basato su cloud per strutture sanitarie, che aiuta gli utenti a gestire le cartelle cliniche, i trattamenti, la programmazione, la fatturazione e l&#8217;assistenza completa dei pazienti. Le funzionalit\u00e0 includono report personalizzabili, gestione dei record, tracciabilit\u00e0 dei sinistri, coinvolgimento dei pazienti, notifiche, pianificazione delle risorse, referral elettronici, connettivit\u00e0 mobile e altro ancora.\u00a0<\/p>\n","protected":false},"author":16,"featured_media":61922,"parent":61834,"menu_order":0,"comment_status":"open","ping_status":"closed","template":"g1_template_page_review_new.php","meta":{"_acf_changed":false,"cwp_meta_box_check":"No","cwp_rev_product_name":"","cwp_rev_product_image":"","wppr_links":[],"cwp_rev_price":"","wppr_options":[],"wppr_pros":[],"wppr_cons":[],"_monsterinsights_skip_tracking":false,"_monsterinsights_sitenote_active":false,"_monsterinsights_sitenote_note":"","_monsterinsights_sitenote_category":0,"footnotes":""},"categories":[13438],"tags":[13440,13441,13444,13443,13463,13442,13459],"features":[],"class_list":{"0":"post-61911","1":"page","2":"type-page","3":"status-publish","4":"has-post-thumbnail","6":"category-app-appuntamenti-medici-cat","7":"tag-app-per-appuntamenti-medici","8":"tag-appuntamenti-medici","9":"tag-piattaforma-per-appuntamenti-medici","10":"tag-programma-per-appuntamenti-medici","11":"tag-rxnt","12":"tag-software-per-appuntamenti-medici","13":"tag-soluzione-per-appuntamenti-medici"},"wppr_data":{"cwp_meta_box_check":"No"},"acf":[],"yoast_head":"<!-- This site is optimized with the Yoast SEO plugin v27.4 - https:\/\/yoast.com\/product\/yoast-seo-wordpress\/ -->\n<title>RXNT: recensione app appuntamenti medici - Accurate Reviews<\/title>\n<meta name=\"description\" content=\"RXNT: recensione sistema integrato di gestione clinica e pratica di software basato su cloud per strutture sanitarie di qualsiasi dimensione.\" \/>\n<meta name=\"robots\" content=\"index, follow, max-snippet:-1, max-image-preview:large, max-video-preview:-1\" \/>\n<link rel=\"canonical\" href=\"https:\/\/www.accuratereviews.com\/it\/app-appuntamenti-medici\/rxnt-recensione\/\" \/>\n<meta property=\"og:locale\" content=\"it_IT\" \/>\n<meta property=\"og:type\" content=\"article\" \/>\n<meta property=\"og:title\" content=\"RXNT: recensione app appuntamenti medici - Accurate Reviews\" \/>\n<meta property=\"og:description\" content=\"RXNT: recensione sistema integrato di gestione clinica e pratica di software basato su cloud per strutture sanitarie di qualsiasi dimensione.\" \/>\n<meta property=\"og:url\" content=\"https:\/\/www.accuratereviews.com\/it\/app-appuntamenti-medici\/rxnt-recensione\/\" \/>\n<meta property=\"og:site_name\" content=\"Accurate Reviews\" \/>\n<meta property=\"og:image\" content=\"https:\/\/www.accuratereviews.com\/wp-content\/uploads\/2022\/09\/RXNT.png\" \/>\n\t<meta property=\"og:image:width\" content=\"600\" \/>\n\t<meta property=\"og:image:height\" content=\"315\" \/>\n\t<meta property=\"og:image:type\" content=\"image\/png\" \/>\n<meta name=\"twitter:card\" content=\"summary_large_image\" \/>\n<meta name=\"twitter:label1\" content=\"Tempo di lettura stimato\" \/>\n\t<meta name=\"twitter:data1\" content=\"4 minuti\" \/>\n<script type=\"application\/ld+json\" class=\"yoast-schema-graph\">{\"@context\":\"https:\\\/\\\/schema.org\",\"@graph\":[{\"@type\":\"WebPage\",\"@id\":\"https:\\\/\\\/www.accuratereviews.com\\\/it\\\/app-appuntamenti-medici\\\/rxnt-recensione\\\/\",\"url\":\"https:\\\/\\\/www.accuratereviews.com\\\/it\\\/app-appuntamenti-medici\\\/rxnt-recensione\\\/\",\"name\":\"RXNT: recensione app appuntamenti medici - Accurate Reviews\",\"isPartOf\":{\"@id\":\"https:\\\/\\\/www.accuratereviews.com\\\/it\\\/#website\"},\"primaryImageOfPage\":{\"@id\":\"https:\\\/\\\/www.accuratereviews.com\\\/it\\\/app-appuntamenti-medici\\\/rxnt-recensione\\\/#primaryimage\"},\"image\":{\"@id\":\"https:\\\/\\\/www.accuratereviews.com\\\/it\\\/app-appuntamenti-medici\\\/rxnt-recensione\\\/#primaryimage\"},\"thumbnailUrl\":\"https:\\\/\\\/www.accuratereviews.com\\\/wp-content\\\/uploads\\\/2022\\\/09\\\/RXNT.png\",\"datePublished\":\"2022-09-28T18:22:50+00:00\",\"description\":\"RXNT: recensione sistema integrato di gestione clinica e pratica di software basato su cloud per strutture sanitarie di qualsiasi dimensione.\",\"breadcrumb\":{\"@id\":\"https:\\\/\\\/www.accuratereviews.com\\\/it\\\/app-appuntamenti-medici\\\/rxnt-recensione\\\/#breadcrumb\"},\"inLanguage\":\"it-IT\",\"potentialAction\":[{\"@type\":\"ReadAction\",\"target\":[\"https:\\\/\\\/www.accuratereviews.com\\\/it\\\/app-appuntamenti-medici\\\/rxnt-recensione\\\/\"]}]},{\"@type\":\"ImageObject\",\"inLanguage\":\"it-IT\",\"@id\":\"https:\\\/\\\/www.accuratereviews.com\\\/it\\\/app-appuntamenti-medici\\\/rxnt-recensione\\\/#primaryimage\",\"url\":\"https:\\\/\\\/www.accuratereviews.com\\\/wp-content\\\/uploads\\\/2022\\\/09\\\/RXNT.png\",\"contentUrl\":\"https:\\\/\\\/www.accuratereviews.com\\\/wp-content\\\/uploads\\\/2022\\\/09\\\/RXNT.png\",\"width\":600,\"height\":315},{\"@type\":\"BreadcrumbList\",\"@id\":\"https:\\\/\\\/www.accuratereviews.com\\\/it\\\/app-appuntamenti-medici\\\/rxnt-recensione\\\/#breadcrumb\",\"itemListElement\":[{\"@type\":\"ListItem\",\"position\":1,\"name\":\"Home\",\"item\":\"https:\\\/\\\/www.accuratereviews.com\\\/it\\\/\"},{\"@type\":\"ListItem\",\"position\":2,\"name\":\"App per appuntamenti medici\",\"item\":\"https:\\\/\\\/www.accuratereviews.com\\\/it\\\/app-appuntamenti-medici\\\/\"},{\"@type\":\"ListItem\",\"position\":3,\"name\":\"RXNT\"}]},{\"@type\":\"WebSite\",\"@id\":\"https:\\\/\\\/www.accuratereviews.com\\\/it\\\/#website\",\"url\":\"https:\\\/\\\/www.accuratereviews.com\\\/it\\\/\",\"name\":\"Accurate Reviews\",\"description\":\"\",\"potentialAction\":[{\"@type\":\"SearchAction\",\"target\":{\"@type\":\"EntryPoint\",\"urlTemplate\":\"https:\\\/\\\/www.accuratereviews.com\\\/it\\\/?s={search_term_string}\"},\"query-input\":{\"@type\":\"PropertyValueSpecification\",\"valueRequired\":true,\"valueName\":\"search_term_string\"}}],\"inLanguage\":\"it-IT\"}]}<\/script>\n<!-- \/ Yoast SEO plugin. -->","yoast_head_json":{"title":"RXNT: recensione app appuntamenti medici - Accurate Reviews","description":"RXNT: recensione sistema integrato di gestione clinica e pratica di software basato su cloud per strutture sanitarie di qualsiasi dimensione.","robots":{"index":"index","follow":"follow","max-snippet":"max-snippet:-1","max-image-preview":"max-image-preview:large","max-video-preview":"max-video-preview:-1"},"canonical":"https:\/\/www.accuratereviews.com\/it\/app-appuntamenti-medici\/rxnt-recensione\/","og_locale":"it_IT","og_type":"article","og_title":"RXNT: recensione app appuntamenti medici - Accurate Reviews","og_description":"RXNT: recensione sistema integrato di gestione clinica e pratica di software basato su cloud per strutture sanitarie di qualsiasi dimensione.","og_url":"https:\/\/www.accuratereviews.com\/it\/app-appuntamenti-medici\/rxnt-recensione\/","og_site_name":"Accurate Reviews","og_image":[{"width":600,"height":315,"url":"https:\/\/www.accuratereviews.com\/wp-content\/uploads\/2022\/09\/RXNT.png","type":"image\/png"}],"twitter_card":"summary_large_image","twitter_misc":{"Tempo di lettura stimato":"4 minuti"},"schema":{"@context":"https:\/\/schema.org","@graph":[{"@type":"WebPage","@id":"https:\/\/www.accuratereviews.com\/it\/app-appuntamenti-medici\/rxnt-recensione\/","url":"https:\/\/www.accuratereviews.com\/it\/app-appuntamenti-medici\/rxnt-recensione\/","name":"RXNT: recensione app appuntamenti medici - Accurate Reviews","isPartOf":{"@id":"https:\/\/www.accuratereviews.com\/it\/#website"},"primaryImageOfPage":{"@id":"https:\/\/www.accuratereviews.com\/it\/app-appuntamenti-medici\/rxnt-recensione\/#primaryimage"},"image":{"@id":"https:\/\/www.accuratereviews.com\/it\/app-appuntamenti-medici\/rxnt-recensione\/#primaryimage"},"thumbnailUrl":"https:\/\/www.accuratereviews.com\/wp-content\/uploads\/2022\/09\/RXNT.png","datePublished":"2022-09-28T18:22:50+00:00","description":"RXNT: recensione sistema integrato di gestione clinica e pratica di software basato su cloud per strutture sanitarie di qualsiasi dimensione.","breadcrumb":{"@id":"https:\/\/www.accuratereviews.com\/it\/app-appuntamenti-medici\/rxnt-recensione\/#breadcrumb"},"inLanguage":"it-IT","potentialAction":[{"@type":"ReadAction","target":["https:\/\/www.accuratereviews.com\/it\/app-appuntamenti-medici\/rxnt-recensione\/"]}]},{"@type":"ImageObject","inLanguage":"it-IT","@id":"https:\/\/www.accuratereviews.com\/it\/app-appuntamenti-medici\/rxnt-recensione\/#primaryimage","url":"https:\/\/www.accuratereviews.com\/wp-content\/uploads\/2022\/09\/RXNT.png","contentUrl":"https:\/\/www.accuratereviews.com\/wp-content\/uploads\/2022\/09\/RXNT.png","width":600,"height":315},{"@type":"BreadcrumbList","@id":"https:\/\/www.accuratereviews.com\/it\/app-appuntamenti-medici\/rxnt-recensione\/#breadcrumb","itemListElement":[{"@type":"ListItem","position":1,"name":"Home","item":"https:\/\/www.accuratereviews.com\/it\/"},{"@type":"ListItem","position":2,"name":"App per appuntamenti medici","item":"https:\/\/www.accuratereviews.com\/it\/app-appuntamenti-medici\/"},{"@type":"ListItem","position":3,"name":"RXNT"}]},{"@type":"WebSite","@id":"https:\/\/www.accuratereviews.com\/it\/#website","url":"https:\/\/www.accuratereviews.com\/it\/","name":"Accurate Reviews","description":"","potentialAction":[{"@type":"SearchAction","target":{"@type":"EntryPoint","urlTemplate":"https:\/\/www.accuratereviews.com\/it\/?s={search_term_string}"},"query-input":{"@type":"PropertyValueSpecification","valueRequired":true,"valueName":"search_term_string"}}],"inLanguage":"it-IT"}]}},"_links":{"self":[{"href":"https:\/\/www.accuratereviews.com\/it\/wp-json\/wp\/v2\/pages\/61911","targetHints":{"allow":["GET"]}}],"collection":[{"href":"https:\/\/www.accuratereviews.com\/it\/wp-json\/wp\/v2\/pages"}],"about":[{"href":"https:\/\/www.accuratereviews.com\/it\/wp-json\/wp\/v2\/types\/page"}],"author":[{"embeddable":true,"href":"https:\/\/www.accuratereviews.com\/it\/wp-json\/wp\/v2\/users\/16"}],"replies":[{"embeddable":true,"href":"https:\/\/www.accuratereviews.com\/it\/wp-json\/wp\/v2\/comments?post=61911"}],"version-history":[{"count":13,"href":"https:\/\/www.accuratereviews.com\/it\/wp-json\/wp\/v2\/pages\/61911\/revisions"}],"predecessor-version":[{"id":61972,"href":"https:\/\/www.accuratereviews.com\/it\/wp-json\/wp\/v2\/pages\/61911\/revisions\/61972"}],"up":[{"embeddable":true,"href":"https:\/\/www.accuratereviews.com\/it\/wp-json\/wp\/v2\/pages\/61834"}],"wp:featuredmedia":[{"embeddable":true,"href":"https:\/\/www.accuratereviews.com\/it\/wp-json\/wp\/v2\/media\/61922"}],"wp:attachment":[{"href":"https:\/\/www.accuratereviews.com\/it\/wp-json\/wp\/v2\/media?parent=61911"}],"wp:term":[{"taxonomy":"category","embeddable":true,"href":"https:\/\/www.accuratereviews.com\/it\/wp-json\/wp\/v2\/categories?post=61911"},{"taxonomy":"post_tag","embeddable":true,"href":"https:\/\/www.accuratereviews.com\/it\/wp-json\/wp\/v2\/tags?post=61911"},{"taxonomy":"features","embeddable":true,"href":"https:\/\/www.accuratereviews.com\/it\/wp-json\/wp\/v2\/features?post=61911"}],"curies":[{"name":"wp","href":"https:\/\/api.w.org\/{rel}","templated":true}]}}