{"id":61914,"date":"2022-09-28T18:21:01","date_gmt":"2022-09-28T18:21:01","guid":{"rendered":"https:\/\/www.accuratereviews.com\/?page_id=61914"},"modified":"2022-09-28T18:21:01","modified_gmt":"2022-09-28T18:21:01","slug":"timetap-recensione","status":"publish","type":"page","link":"https:\/\/www.accuratereviews.com\/it\/app-appuntamenti-medici\/timetap-recensione\/","title":{"rendered":"TimeTap"},"content":{"rendered":"<p><strong>TimeTap<\/strong> \u00e8 un <strong>software di pianificazione degli appuntamenti online<\/strong> che consolida l&#8217;intero flusso di lavoro all&#8217;interno dell&#8217;organizzazione in un sistema completo.\u00a0L&#8217;applicazione \u00e8 composta da diversi strumenti che eliminano la necessit\u00e0 di passare da un programma separato all&#8217;altro. La sua caratteristica principale \u00e8 quello di organizzare gli appuntamenti che tiene traccia dei diversi stati delle riunioni. Il sistema si aggiorna in tempo reale in modo che i partecipanti possano essere avvisati quando vengono apportate modifiche a data, ora e sede. Gli utenti possono anche identificare i dettagli relativi ai loro appuntamenti, come i modelli relativi alla puntualit\u00e0, alla disponibilit\u00e0, alle possibilit\u00e0 di ritorno e alla durata dell&#8217;incontro dei clienti.<\/p>\n<h2>TIMETAP &#8211; TUTORIAL<\/h2>\n<div id=\"fluid-wrapper-counter-1\" class=\"g1-fluid-wrapper \" style=\"width:686px;\">\n<div style=\"padding-bottom:56.268221574344%;\"><iframe loading=\"lazy\" title=\"Manage 1 on 1 Service Availability\" width=\"515\" height=\"386\" src=\"https:\/\/www.youtube.com\/embed\/kwe_ruLJTjE?feature=oembed&amp;wmode=transparent&amp;autohide=1&amp;autoplay=0&amp;disablekb=0&amp;fs=1&amp;loop=0&amp;enablejsapi=1&amp;rel=0&amp;controls=2&amp;showinfo=0&amp;wmode=transparent&amp;autohide=2&amp;autoplay=0&amp;disablekb=0&amp;fs=1&amp;loop=0&amp;enablejsapi=1&amp;rel=0&amp;controls=2&amp;showinfo=1\" frameborder=\"0\" allow=\"accelerometer; autoplay; clipboard-write; encrypted-media; gyroscope; picture-in-picture\" allowfullscreen><\/iframe><\/div>\n<\/div>\n<h3>TIMETAP &#8211; CARATTERISTICHE<\/h3>\n<ul>\n<li>Prenotazione online 24 ore su 24, 7 giorni su 7<\/li>\n<li>Gestione dei clienti<\/li>\n<li>Liste d&#8217;attesa per appuntamenti automatizzate<\/li>\n<li>Appuntamenti ripetuti<\/li>\n<li>Disponibilit\u00e0 flessibile<\/li>\n<li>Sincronizzazione calendario esterna a 2 vie<\/li>\n<li>Pi\u00f9 calendari del personale<\/li>\n<li>Siti di prenotazione personalizzati<\/li>\n<li>Appuntamenti illimitati<\/li>\n<li>Posizioni multiple<\/li>\n<li>Accetta pagamenti<\/li>\n<li>Potente pianificazione delle lezioni<\/li>\n<li>Notifiche email e di testo<\/li>\n<li>Campagne di richiamo automatizzate<\/li>\n<li>Visualizzazioni elenco esportabili<\/li>\n<li>Codici di incorporamento dell&#8217;utilit\u00e0 di pianificazione<\/li>\n<li>Moduli di declinazione di responsabilit\u00e0 e deroghe<\/li>\n<li>Moduli di prenotazione personalizzabili<\/li>\n<li>Supporto per pi\u00f9 fusi orari<\/li>\n<li>App iOS e Android<\/li>\n<li>Posizione del codice postale e filtri del personale<\/li>\n<li>Facile da usare<\/li>\n<li>Supporto efficiente<\/li>\n<\/ul>\n<h4>LE RECENSIONI DEGLI UTENTI<\/h4>\n<p class=\"fw-bold mb-2\"><strong>Brittany&#8221;Il miglior programma di pianificazione in circolazione&#8221;<br \/>\n<\/strong><strong>Pro<\/strong>:\u00a0Mi piace poter personalizzare qualsiasi cosa ed eseguire report!<br \/>\n<strong>Contro<\/strong>:\u00a0Vorrei poter consentire pi\u00f9 prenotazioni di appuntamenti E capacit\u00e0 di conferma del personale<\/p>\n<p class=\"fw-bold mb-2\"><strong>Jamie&#8221;Dopo 3 anni di utilizzo di Timetap&#8221;<br \/>\n<\/strong><span class=\"fw-bold\"><strong>Commenti<\/strong>:<\/span> L&#8217;esperienza complessiva \u00e8 stata molto buona. Ci sono stati alcuni singhiozzi lungo la strada e, anche se ci sentiamo frustrati quando accadono, lo staff di timetap fa del suo meglio per aiutarci.<br \/>\n<strong>Pro<\/strong>:\u00a0La pianificazione online per noi \u00e8 la caratteristica migliore, consentendoci di prendere appuntamenti in modo pi\u00f9 efficiente. Il calcolo della distanza in auto ci consente di imballare pi\u00f9 siti al giorno.<br \/>\n<strong>Contro<\/strong>:\u00a0La sincronizzazione del calendario \u00e8 stata un problema, ma \u00e8 qualcosa che \u00e8 in lavorazione.<\/p>\n<p class=\"fw-bold mb-2\"><strong>Marta&#8221;Programmazione dei vaccini COVID-19&#8243;<br \/>\n<\/strong><strong>Pro<\/strong>:\u00a0Siamo stati in grado di configurare e iniziare a utilizzare molto rapidamente questo software per la prenotazione della vaccinazione COVID-19. Abbiamo avuto alcuni piccoli inconvenienti, ma il sistema ci ha davvero aiutato a gestire un gran numero di appuntamenti in un lasso di tempo molto breve. Stiamo ora esplorando l&#8217;utilizzo del sistema per altre opzioni di pianificazione degli appuntamenti nella nostra organizzazione.<br \/>\n<strong>Contro<\/strong>:\u00a0Abbiamo avuto difficolt\u00e0 a formattare i moduli nel modo in cui ne avevamo bisogno per la stampa.<\/p>\n","protected":false},"excerpt":{"rendered":"<p>TimeTap \u00e8 un software di pianificazione degli appuntamenti online che consolida l&#8217;intero flusso di lavoro all&#8217;interno dell&#8217;organizzazione in un sistema completo.\u00a0L&#8217;applicazione \u00e8 composta da diversi strumenti che eliminano la necessit\u00e0 di passare da un programma separato all&#8217;altro.<\/p>\n","protected":false},"author":16,"featured_media":61916,"parent":61834,"menu_order":0,"comment_status":"open","ping_status":"closed","template":"g1_template_page_review_new.php","meta":{"_acf_changed":false,"cwp_meta_box_check":"No","cwp_rev_product_name":"","cwp_rev_product_image":"","wppr_links":[],"cwp_rev_price":"","wppr_options":[],"wppr_pros":[],"wppr_cons":[],"_monsterinsights_skip_tracking":false,"_monsterinsights_sitenote_active":false,"_monsterinsights_sitenote_note":"","_monsterinsights_sitenote_category":0,"footnotes":""},"categories":[13438],"tags":[13440,13441,13444,13443,13442,13459,13472],"features":[],"class_list":{"0":"post-61914","1":"page","2":"type-page","3":"status-publish","4":"has-post-thumbnail","6":"category-app-appuntamenti-medici-cat","7":"tag-app-per-appuntamenti-medici","8":"tag-appuntamenti-medici","9":"tag-piattaforma-per-appuntamenti-medici","10":"tag-programma-per-appuntamenti-medici","11":"tag-software-per-appuntamenti-medici","12":"tag-soluzione-per-appuntamenti-medici","13":"tag-timetap"},"wppr_data":{"cwp_meta_box_check":"No"},"acf":[],"yoast_head":"<!-- This site is optimized with the Yoast SEO plugin v27.4 - https:\/\/yoast.com\/product\/yoast-seo-wordpress\/ -->\n<title>TimeTap: recensione app per appuntamenti medici - Accurate Reviews<\/title>\n<meta name=\"description\" content=\"TimeTap: recensione software di pianificazione degli appuntamenti che consolida l&#039;intero flusso di lavoro all&#039;interno dell&#039;organizzazione.\" \/>\n<meta name=\"robots\" content=\"index, follow, max-snippet:-1, max-image-preview:large, max-video-preview:-1\" \/>\n<link rel=\"canonical\" href=\"https:\/\/www.accuratereviews.com\/it\/app-appuntamenti-medici\/timetap-recensione\/\" \/>\n<meta property=\"og:locale\" content=\"it_IT\" \/>\n<meta property=\"og:type\" content=\"article\" \/>\n<meta property=\"og:title\" content=\"TimeTap: recensione app per appuntamenti medici - Accurate Reviews\" \/>\n<meta property=\"og:description\" content=\"TimeTap: recensione software di pianificazione degli appuntamenti che consolida l&#039;intero flusso di lavoro all&#039;interno dell&#039;organizzazione.\" \/>\n<meta property=\"og:url\" content=\"https:\/\/www.accuratereviews.com\/it\/app-appuntamenti-medici\/timetap-recensione\/\" \/>\n<meta property=\"og:site_name\" content=\"Accurate Reviews\" \/>\n<meta property=\"og:image\" content=\"https:\/\/www.accuratereviews.com\/wp-content\/uploads\/2022\/09\/timetap.png\" \/>\n\t<meta property=\"og:image:width\" content=\"300\" \/>\n\t<meta property=\"og:image:height\" content=\"300\" \/>\n\t<meta property=\"og:image:type\" content=\"image\/png\" \/>\n<meta name=\"twitter:card\" content=\"summary_large_image\" \/>\n<meta name=\"twitter:label1\" content=\"Tempo di lettura stimato\" \/>\n\t<meta name=\"twitter:data1\" content=\"3 minuti\" \/>\n<script type=\"application\/ld+json\" class=\"yoast-schema-graph\">{\"@context\":\"https:\\\/\\\/schema.org\",\"@graph\":[{\"@type\":\"WebPage\",\"@id\":\"https:\\\/\\\/www.accuratereviews.com\\\/it\\\/app-appuntamenti-medici\\\/timetap-recensione\\\/\",\"url\":\"https:\\\/\\\/www.accuratereviews.com\\\/it\\\/app-appuntamenti-medici\\\/timetap-recensione\\\/\",\"name\":\"TimeTap: recensione app per appuntamenti medici - Accurate Reviews\",\"isPartOf\":{\"@id\":\"https:\\\/\\\/www.accuratereviews.com\\\/it\\\/#website\"},\"primaryImageOfPage\":{\"@id\":\"https:\\\/\\\/www.accuratereviews.com\\\/it\\\/app-appuntamenti-medici\\\/timetap-recensione\\\/#primaryimage\"},\"image\":{\"@id\":\"https:\\\/\\\/www.accuratereviews.com\\\/it\\\/app-appuntamenti-medici\\\/timetap-recensione\\\/#primaryimage\"},\"thumbnailUrl\":\"https:\\\/\\\/www.accuratereviews.com\\\/wp-content\\\/uploads\\\/2022\\\/09\\\/timetap.png\",\"datePublished\":\"2022-09-28T18:21:01+00:00\",\"description\":\"TimeTap: recensione software di pianificazione degli appuntamenti che consolida l'intero flusso di lavoro all'interno dell'organizzazione.\",\"breadcrumb\":{\"@id\":\"https:\\\/\\\/www.accuratereviews.com\\\/it\\\/app-appuntamenti-medici\\\/timetap-recensione\\\/#breadcrumb\"},\"inLanguage\":\"it-IT\",\"potentialAction\":[{\"@type\":\"ReadAction\",\"target\":[\"https:\\\/\\\/www.accuratereviews.com\\\/it\\\/app-appuntamenti-medici\\\/timetap-recensione\\\/\"]}]},{\"@type\":\"ImageObject\",\"inLanguage\":\"it-IT\",\"@id\":\"https:\\\/\\\/www.accuratereviews.com\\\/it\\\/app-appuntamenti-medici\\\/timetap-recensione\\\/#primaryimage\",\"url\":\"https:\\\/\\\/www.accuratereviews.com\\\/wp-content\\\/uploads\\\/2022\\\/09\\\/timetap.png\",\"contentUrl\":\"https:\\\/\\\/www.accuratereviews.com\\\/wp-content\\\/uploads\\\/2022\\\/09\\\/timetap.png\",\"width\":300,\"height\":300},{\"@type\":\"BreadcrumbList\",\"@id\":\"https:\\\/\\\/www.accuratereviews.com\\\/it\\\/app-appuntamenti-medici\\\/timetap-recensione\\\/#breadcrumb\",\"itemListElement\":[{\"@type\":\"ListItem\",\"position\":1,\"name\":\"Home\",\"item\":\"https:\\\/\\\/www.accuratereviews.com\\\/it\\\/\"},{\"@type\":\"ListItem\",\"position\":2,\"name\":\"App per appuntamenti medici\",\"item\":\"https:\\\/\\\/www.accuratereviews.com\\\/it\\\/app-appuntamenti-medici\\\/\"},{\"@type\":\"ListItem\",\"position\":3,\"name\":\"TimeTap\"}]},{\"@type\":\"WebSite\",\"@id\":\"https:\\\/\\\/www.accuratereviews.com\\\/it\\\/#website\",\"url\":\"https:\\\/\\\/www.accuratereviews.com\\\/it\\\/\",\"name\":\"Accurate Reviews\",\"description\":\"\",\"potentialAction\":[{\"@type\":\"SearchAction\",\"target\":{\"@type\":\"EntryPoint\",\"urlTemplate\":\"https:\\\/\\\/www.accuratereviews.com\\\/it\\\/?s={search_term_string}\"},\"query-input\":{\"@type\":\"PropertyValueSpecification\",\"valueRequired\":true,\"valueName\":\"search_term_string\"}}],\"inLanguage\":\"it-IT\"}]}<\/script>\n<!-- \/ Yoast SEO plugin. -->","yoast_head_json":{"title":"TimeTap: recensione app per appuntamenti medici - Accurate Reviews","description":"TimeTap: recensione software di pianificazione degli appuntamenti che consolida l'intero flusso di lavoro all'interno dell'organizzazione.","robots":{"index":"index","follow":"follow","max-snippet":"max-snippet:-1","max-image-preview":"max-image-preview:large","max-video-preview":"max-video-preview:-1"},"canonical":"https:\/\/www.accuratereviews.com\/it\/app-appuntamenti-medici\/timetap-recensione\/","og_locale":"it_IT","og_type":"article","og_title":"TimeTap: recensione app per appuntamenti medici - Accurate Reviews","og_description":"TimeTap: recensione software di pianificazione degli appuntamenti che consolida l'intero flusso di lavoro all'interno dell'organizzazione.","og_url":"https:\/\/www.accuratereviews.com\/it\/app-appuntamenti-medici\/timetap-recensione\/","og_site_name":"Accurate Reviews","og_image":[{"width":300,"height":300,"url":"https:\/\/www.accuratereviews.com\/wp-content\/uploads\/2022\/09\/timetap.png","type":"image\/png"}],"twitter_card":"summary_large_image","twitter_misc":{"Tempo di lettura stimato":"3 minuti"},"schema":{"@context":"https:\/\/schema.org","@graph":[{"@type":"WebPage","@id":"https:\/\/www.accuratereviews.com\/it\/app-appuntamenti-medici\/timetap-recensione\/","url":"https:\/\/www.accuratereviews.com\/it\/app-appuntamenti-medici\/timetap-recensione\/","name":"TimeTap: recensione app per appuntamenti medici - Accurate Reviews","isPartOf":{"@id":"https:\/\/www.accuratereviews.com\/it\/#website"},"primaryImageOfPage":{"@id":"https:\/\/www.accuratereviews.com\/it\/app-appuntamenti-medici\/timetap-recensione\/#primaryimage"},"image":{"@id":"https:\/\/www.accuratereviews.com\/it\/app-appuntamenti-medici\/timetap-recensione\/#primaryimage"},"thumbnailUrl":"https:\/\/www.accuratereviews.com\/wp-content\/uploads\/2022\/09\/timetap.png","datePublished":"2022-09-28T18:21:01+00:00","description":"TimeTap: recensione software di pianificazione degli appuntamenti che consolida l'intero flusso di lavoro all'interno dell'organizzazione.","breadcrumb":{"@id":"https:\/\/www.accuratereviews.com\/it\/app-appuntamenti-medici\/timetap-recensione\/#breadcrumb"},"inLanguage":"it-IT","potentialAction":[{"@type":"ReadAction","target":["https:\/\/www.accuratereviews.com\/it\/app-appuntamenti-medici\/timetap-recensione\/"]}]},{"@type":"ImageObject","inLanguage":"it-IT","@id":"https:\/\/www.accuratereviews.com\/it\/app-appuntamenti-medici\/timetap-recensione\/#primaryimage","url":"https:\/\/www.accuratereviews.com\/wp-content\/uploads\/2022\/09\/timetap.png","contentUrl":"https:\/\/www.accuratereviews.com\/wp-content\/uploads\/2022\/09\/timetap.png","width":300,"height":300},{"@type":"BreadcrumbList","@id":"https:\/\/www.accuratereviews.com\/it\/app-appuntamenti-medici\/timetap-recensione\/#breadcrumb","itemListElement":[{"@type":"ListItem","position":1,"name":"Home","item":"https:\/\/www.accuratereviews.com\/it\/"},{"@type":"ListItem","position":2,"name":"App per appuntamenti medici","item":"https:\/\/www.accuratereviews.com\/it\/app-appuntamenti-medici\/"},{"@type":"ListItem","position":3,"name":"TimeTap"}]},{"@type":"WebSite","@id":"https:\/\/www.accuratereviews.com\/it\/#website","url":"https:\/\/www.accuratereviews.com\/it\/","name":"Accurate Reviews","description":"","potentialAction":[{"@type":"SearchAction","target":{"@type":"EntryPoint","urlTemplate":"https:\/\/www.accuratereviews.com\/it\/?s={search_term_string}"},"query-input":{"@type":"PropertyValueSpecification","valueRequired":true,"valueName":"search_term_string"}}],"inLanguage":"it-IT"}]}},"_links":{"self":[{"href":"https:\/\/www.accuratereviews.com\/it\/wp-json\/wp\/v2\/pages\/61914","targetHints":{"allow":["GET"]}}],"collection":[{"href":"https:\/\/www.accuratereviews.com\/it\/wp-json\/wp\/v2\/pages"}],"about":[{"href":"https:\/\/www.accuratereviews.com\/it\/wp-json\/wp\/v2\/types\/page"}],"author":[{"embeddable":true,"href":"https:\/\/www.accuratereviews.com\/it\/wp-json\/wp\/v2\/users\/16"}],"replies":[{"embeddable":true,"href":"https:\/\/www.accuratereviews.com\/it\/wp-json\/wp\/v2\/comments?post=61914"}],"version-history":[{"count":10,"href":"https:\/\/www.accuratereviews.com\/it\/wp-json\/wp\/v2\/pages\/61914\/revisions"}],"predecessor-version":[{"id":61970,"href":"https:\/\/www.accuratereviews.com\/it\/wp-json\/wp\/v2\/pages\/61914\/revisions\/61970"}],"up":[{"embeddable":true,"href":"https:\/\/www.accuratereviews.com\/it\/wp-json\/wp\/v2\/pages\/61834"}],"wp:featuredmedia":[{"embeddable":true,"href":"https:\/\/www.accuratereviews.com\/it\/wp-json\/wp\/v2\/media\/61916"}],"wp:attachment":[{"href":"https:\/\/www.accuratereviews.com\/it\/wp-json\/wp\/v2\/media?parent=61914"}],"wp:term":[{"taxonomy":"category","embeddable":true,"href":"https:\/\/www.accuratereviews.com\/it\/wp-json\/wp\/v2\/categories?post=61914"},{"taxonomy":"post_tag","embeddable":true,"href":"https:\/\/www.accuratereviews.com\/it\/wp-json\/wp\/v2\/tags?post=61914"},{"taxonomy":"features","embeddable":true,"href":"https:\/\/www.accuratereviews.com\/it\/wp-json\/wp\/v2\/features?post=61914"}],"curies":[{"name":"wp","href":"https:\/\/api.w.org\/{rel}","templated":true}]}}