{"id":61974,"date":"2022-09-29T15:57:35","date_gmt":"2022-09-29T15:57:35","guid":{"rendered":"https:\/\/www.accuratereviews.com\/?page_id=61974"},"modified":"2022-09-29T15:57:35","modified_gmt":"2022-09-29T15:57:35","slug":"patientpop-recensione","status":"publish","type":"page","link":"https:\/\/www.accuratereviews.com\/it\/app-appuntamenti-medici\/patientpop-recensione\/","title":{"rendered":"PatientPop"},"content":{"rendered":"<p><strong>PatientPop<\/strong> \u00e8 una piattaforma unica e all-in-one che combina il marketing online dei servizi sanitari con la <strong>gestione dello studio medico<\/strong>. La soluzione permette di far crescere le operazioni dello studio e di ampliare il raggio d&#8217;azione aumentando la visibilit\u00e0 online degli ambulatori e dei servizi del medico generico per attirare nuovi pazienti. Il software consente di aiutare gli operatori sanitari a prosperare in uno spazio di mercato digitale moderno non solo aiutando l&#8217;acquisizione dei pazienti, ma anche la fidelizzazione degli utenti attraverso un maggiore coinvolgimento. Il sistema di gestione del front office basato su dashboard automatizza le attivit\u00e0 amministrative tipicamente manuali e semplifica il processo di prenotazione per fornire richieste di appuntamento e pianificazione. Sia i pazienti che i professionisti possono sfruttare lo stesso sistema basato sul calendario che sincronizza le prenotazioni con lo studio.<\/p>\n<h2>PATIENTPOP &#8211; TUTORIAL<\/h2>\n<div id=\"fluid-wrapper-counter-1\" class=\"g1-fluid-wrapper \" style=\"width:686px;\">\n<div style=\"padding-bottom:56.268221574344%;\"><iframe loading=\"lazy\" title=\"PatientPop Case Study: Dr. Bela Pandit\" width=\"686\" height=\"386\" src=\"https:\/\/www.youtube.com\/embed\/04psRrIVu_g?feature=oembed&amp;wmode=transparent&amp;autohide=1&amp;autoplay=0&amp;disablekb=0&amp;fs=1&amp;loop=0&amp;enablejsapi=1&amp;rel=0&amp;controls=2&amp;showinfo=0&amp;wmode=transparent&amp;autohide=2&amp;autoplay=0&amp;disablekb=0&amp;fs=1&amp;loop=0&amp;enablejsapi=1&amp;rel=0&amp;controls=2&amp;showinfo=1\" frameborder=\"0\" allow=\"accelerometer; autoplay; clipboard-write; encrypted-media; gyroscope; picture-in-picture\" allowfullscreen><\/iframe><\/div>\n<\/div>\n<h3>PATIENTPOP &#8211; CARATTERISTICHE<\/h3>\n<ul>\n<li><strong>Conferme e promemoria degli appuntamenti<\/strong>: elimina le noiose attivit\u00e0 di front office con i promemoria automatici degli appuntamenti dei pazienti. Il tuo personale pu\u00f2 rivedere le conferme di testo in pochi istanti ed eliminare le ore di telefonate. Controlla il tuo programma e conferma facilmente le richieste di appuntamento, direttamente dalla dashboard, disponibile tramite app desktop e mobile. Inoltre, puoi configurare la disponibilit\u00e0 per pi\u00f9 fornitori, sedi e tipi di appuntamento.<\/li>\n<li><strong>Riduci gli appuntamenti in ritardo, le mancate presentazioni e le cancellazioni<\/strong>: per ogni appuntamento programmato, il servizio invia promemoria di appuntamento automatizzati strategicamente programmati tramite email o sms. Smetti di confermare manualmente gli appuntamenti e inizia a sperimentare una nuova efficienza per il tuo front office.<\/li>\n<li><strong>Sii tempestivo<\/strong>: i\u00a0promemoria vengono inviati 3 giorni, 1 giorno e 1 ora prima degli appuntamenti.<\/li>\n<li><strong>Conferma facilmente<\/strong>: dopo aver ricevuto i promemoria, i pazienti possono confermare i loro appuntamenti digitalmente.<\/li>\n<li><strong>Fidelizza i tuoi pazienti<\/strong>: riduci le mancate presentazioni e le cancellazioni aumentando la fidelizzazione dei pazienti.<\/li>\n<\/ul>\n<h4>LE RECENSIONI DEGLI UTENTI<\/h4>\n<p class=\"fw-bold mb-2\"><strong>LaDonna: &#8220;Ottima app&#8221;<br \/>\nPro<\/strong>:\u00a0Essere in grado di inviare messaggi ai pazienti, ai pazienti che possono richiedere appuntamenti e telemedicina<br \/>\n<strong>Contro<\/strong>:\u00a0Il servizio clienti potrebbe essere leggermente migliore, ma a parte questo sono completamente soddisfatto<\/p>\n<p class=\"fw-bold mb-2\"><strong>Becky &#8220;: Aumento della nostra visibilit\u00e0&#8221;<br \/>\n<\/strong><span class=\"fw-bold\"><strong>Commenti<\/strong>:<\/span> PatientPop \u00e8 stato molto flessibile con i prezzi e ci ha aiutato a permetterci il loro piano. Il servizio clienti \u00e8 fantastico! Sono veloci nel rispondere e risolvere i problemi. Sono fantastici nell&#8217;apportare modifiche al nostro sito Web e mantenerlo aggiornato.<br \/>\n<strong>Pro<\/strong>:\u00a0Patient Pop ha aumentato la visibilit\u00e0 e ha notevolmente migliorato il nostro numero di nuovi clienti. \u00c8 facile da usare e monitorare.<br \/>\n<strong>Contro<\/strong>:\u00a0\u00c8 un altro sistema da gestire che pu\u00f2 essere difficile per il personale.<\/p>\n<p class=\"fw-bold mb-2\"><strong>Louise: &#8220;Utente PatientPop&#8221;<br \/>\n<\/strong><span class=\"fw-bold\"><strong>Commenti<\/strong>:<\/span> La nostra esperienza complessiva \u00e8 stata buona con PatientPop e nessun problema importante. Tuttavia, se stai cercando un sito Web personalizzato e non un sito Web modello, questa potrebbe non essere l&#8217;azienda che fa per te. Prima di registrarti, conferma solo che tipo di design o struttura stai cercando in quanto potrebbero non essere in grado di soddisfare tali richieste.<br \/>\n<strong>Pro<\/strong>:\u00a0Ci\u00f2 che piace di pi\u00f9 di questo software \u00e8 che include cos\u00ec tante funzionalit\u00e0 extra per le quali altre societ\u00e0 ti addebitano un extra! Mi piace la parte del team di contenuti di PatientPop con i social media, i social a pagamento e i blog sugli argomenti che hai scelto.<br \/>\n<strong>Contro<\/strong>:\u00a0Quello che non mi interessa \u00e8 la mancanza di una persona diretta che gestisce il tuo account, se c&#8217;\u00e8 qualcosa che vorresti fosse cambiato\/aggiornato al tuo sito web. Devi passare attraverso un ticket di supporto e aspettare che una persona a caso ti aiuti con le tue preoccupazioni. Se ci fosse un punto di contatto principale per tutto ci\u00f2 renderebbe il processo migliore.<\/p>\n","protected":false},"excerpt":{"rendered":"<p>PatientPop \u00e8 una piattaforma unica e all-in-one che combina il marketing online dei servizi sanitari con la gestione dello studio medico. La soluzione permette di far crescere le operazioni dello studio e di ampliare il raggio d&#8217;azione aumentando la visibilit\u00e0 online degli ambulatori e dei servizi del medico generico per attirare nuovi pazienti.<\/p>\n","protected":false},"author":16,"featured_media":62004,"parent":61834,"menu_order":0,"comment_status":"open","ping_status":"closed","template":"g1_template_page_review_new.php","meta":{"_acf_changed":false,"cwp_meta_box_check":"No","cwp_rev_product_name":"","cwp_rev_product_image":"","wppr_links":[],"cwp_rev_price":"","wppr_options":[],"wppr_pros":[],"wppr_cons":[],"_monsterinsights_skip_tracking":false,"_monsterinsights_sitenote_active":false,"_monsterinsights_sitenote_note":"","_monsterinsights_sitenote_category":0,"footnotes":""},"categories":[13438],"tags":[13441,13477,13444,13443,13442,13480],"features":[],"class_list":{"0":"post-61974","1":"page","2":"type-page","3":"status-publish","4":"has-post-thumbnail","6":"category-app-appuntamenti-medici-cat","7":"tag-appuntamenti-medici","8":"tag-patientpop","9":"tag-piattaforma-per-appuntamenti-medici","10":"tag-programma-per-appuntamenti-medici","11":"tag-software-per-appuntamenti-medici","12":"tag-soluzione-per-appuntamento-medici"},"wppr_data":{"cwp_meta_box_check":"No"},"acf":[],"yoast_head":"<!-- This site is optimized with the Yoast SEO plugin v27.4 - https:\/\/yoast.com\/product\/yoast-seo-wordpress\/ -->\n<title>PatientPop: recensione app per appuntamenti medici - Accurate Reviews<\/title>\n<meta name=\"description\" content=\"PatientPop: recensione piattaforma unica che combina il marketing online dei servizi sanitari con la gestione dello studio medico\" \/>\n<meta name=\"robots\" content=\"index, follow, max-snippet:-1, max-image-preview:large, max-video-preview:-1\" \/>\n<link rel=\"canonical\" href=\"https:\/\/www.accuratereviews.com\/it\/app-appuntamenti-medici\/patientpop-recensione\/\" \/>\n<meta property=\"og:locale\" content=\"it_IT\" \/>\n<meta property=\"og:type\" content=\"article\" \/>\n<meta property=\"og:title\" content=\"PatientPop: recensione app per appuntamenti medici - Accurate Reviews\" \/>\n<meta property=\"og:description\" content=\"PatientPop: recensione piattaforma unica che combina il marketing online dei servizi sanitari con la gestione dello studio medico\" \/>\n<meta property=\"og:url\" content=\"https:\/\/www.accuratereviews.com\/it\/app-appuntamenti-medici\/patientpop-recensione\/\" \/>\n<meta property=\"og:site_name\" content=\"Accurate Reviews\" \/>\n<meta property=\"og:image\" content=\"https:\/\/www.accuratereviews.com\/wp-content\/uploads\/2022\/09\/PatientPop.jpeg\" \/>\n\t<meta property=\"og:image:width\" content=\"315\" \/>\n\t<meta property=\"og:image:height\" content=\"315\" \/>\n\t<meta property=\"og:image:type\" content=\"image\/jpeg\" \/>\n<meta name=\"twitter:card\" content=\"summary_large_image\" \/>\n<meta name=\"twitter:label1\" content=\"Tempo di lettura stimato\" \/>\n\t<meta name=\"twitter:data1\" content=\"4 minuti\" \/>\n<script type=\"application\/ld+json\" class=\"yoast-schema-graph\">{\"@context\":\"https:\\\/\\\/schema.org\",\"@graph\":[{\"@type\":\"WebPage\",\"@id\":\"https:\\\/\\\/www.accuratereviews.com\\\/it\\\/app-appuntamenti-medici\\\/patientpop-recensione\\\/\",\"url\":\"https:\\\/\\\/www.accuratereviews.com\\\/it\\\/app-appuntamenti-medici\\\/patientpop-recensione\\\/\",\"name\":\"PatientPop: recensione app per appuntamenti medici - Accurate Reviews\",\"isPartOf\":{\"@id\":\"https:\\\/\\\/www.accuratereviews.com\\\/it\\\/#website\"},\"primaryImageOfPage\":{\"@id\":\"https:\\\/\\\/www.accuratereviews.com\\\/it\\\/app-appuntamenti-medici\\\/patientpop-recensione\\\/#primaryimage\"},\"image\":{\"@id\":\"https:\\\/\\\/www.accuratereviews.com\\\/it\\\/app-appuntamenti-medici\\\/patientpop-recensione\\\/#primaryimage\"},\"thumbnailUrl\":\"https:\\\/\\\/www.accuratereviews.com\\\/wp-content\\\/uploads\\\/2022\\\/09\\\/PatientPop.jpeg\",\"datePublished\":\"2022-09-29T15:57:35+00:00\",\"description\":\"PatientPop: recensione piattaforma unica che combina il marketing online dei servizi sanitari con la gestione dello studio medico\",\"breadcrumb\":{\"@id\":\"https:\\\/\\\/www.accuratereviews.com\\\/it\\\/app-appuntamenti-medici\\\/patientpop-recensione\\\/#breadcrumb\"},\"inLanguage\":\"it-IT\",\"potentialAction\":[{\"@type\":\"ReadAction\",\"target\":[\"https:\\\/\\\/www.accuratereviews.com\\\/it\\\/app-appuntamenti-medici\\\/patientpop-recensione\\\/\"]}]},{\"@type\":\"ImageObject\",\"inLanguage\":\"it-IT\",\"@id\":\"https:\\\/\\\/www.accuratereviews.com\\\/it\\\/app-appuntamenti-medici\\\/patientpop-recensione\\\/#primaryimage\",\"url\":\"https:\\\/\\\/www.accuratereviews.com\\\/wp-content\\\/uploads\\\/2022\\\/09\\\/PatientPop.jpeg\",\"contentUrl\":\"https:\\\/\\\/www.accuratereviews.com\\\/wp-content\\\/uploads\\\/2022\\\/09\\\/PatientPop.jpeg\",\"width\":315,\"height\":315},{\"@type\":\"BreadcrumbList\",\"@id\":\"https:\\\/\\\/www.accuratereviews.com\\\/it\\\/app-appuntamenti-medici\\\/patientpop-recensione\\\/#breadcrumb\",\"itemListElement\":[{\"@type\":\"ListItem\",\"position\":1,\"name\":\"Home\",\"item\":\"https:\\\/\\\/www.accuratereviews.com\\\/it\\\/\"},{\"@type\":\"ListItem\",\"position\":2,\"name\":\"App per appuntamenti medici\",\"item\":\"https:\\\/\\\/www.accuratereviews.com\\\/it\\\/app-appuntamenti-medici\\\/\"},{\"@type\":\"ListItem\",\"position\":3,\"name\":\"PatientPop\"}]},{\"@type\":\"WebSite\",\"@id\":\"https:\\\/\\\/www.accuratereviews.com\\\/it\\\/#website\",\"url\":\"https:\\\/\\\/www.accuratereviews.com\\\/it\\\/\",\"name\":\"Accurate Reviews\",\"description\":\"\",\"potentialAction\":[{\"@type\":\"SearchAction\",\"target\":{\"@type\":\"EntryPoint\",\"urlTemplate\":\"https:\\\/\\\/www.accuratereviews.com\\\/it\\\/?s={search_term_string}\"},\"query-input\":{\"@type\":\"PropertyValueSpecification\",\"valueRequired\":true,\"valueName\":\"search_term_string\"}}],\"inLanguage\":\"it-IT\"}]}<\/script>\n<!-- \/ Yoast SEO plugin. -->","yoast_head_json":{"title":"PatientPop: recensione app per appuntamenti medici - Accurate Reviews","description":"PatientPop: recensione piattaforma unica che combina il marketing online dei servizi sanitari con la gestione dello studio medico","robots":{"index":"index","follow":"follow","max-snippet":"max-snippet:-1","max-image-preview":"max-image-preview:large","max-video-preview":"max-video-preview:-1"},"canonical":"https:\/\/www.accuratereviews.com\/it\/app-appuntamenti-medici\/patientpop-recensione\/","og_locale":"it_IT","og_type":"article","og_title":"PatientPop: recensione app per appuntamenti medici - Accurate Reviews","og_description":"PatientPop: recensione piattaforma unica che combina il marketing online dei servizi sanitari con la gestione dello studio medico","og_url":"https:\/\/www.accuratereviews.com\/it\/app-appuntamenti-medici\/patientpop-recensione\/","og_site_name":"Accurate Reviews","og_image":[{"width":315,"height":315,"url":"https:\/\/www.accuratereviews.com\/wp-content\/uploads\/2022\/09\/PatientPop.jpeg","type":"image\/jpeg"}],"twitter_card":"summary_large_image","twitter_misc":{"Tempo di lettura stimato":"4 minuti"},"schema":{"@context":"https:\/\/schema.org","@graph":[{"@type":"WebPage","@id":"https:\/\/www.accuratereviews.com\/it\/app-appuntamenti-medici\/patientpop-recensione\/","url":"https:\/\/www.accuratereviews.com\/it\/app-appuntamenti-medici\/patientpop-recensione\/","name":"PatientPop: recensione app per appuntamenti medici - Accurate Reviews","isPartOf":{"@id":"https:\/\/www.accuratereviews.com\/it\/#website"},"primaryImageOfPage":{"@id":"https:\/\/www.accuratereviews.com\/it\/app-appuntamenti-medici\/patientpop-recensione\/#primaryimage"},"image":{"@id":"https:\/\/www.accuratereviews.com\/it\/app-appuntamenti-medici\/patientpop-recensione\/#primaryimage"},"thumbnailUrl":"https:\/\/www.accuratereviews.com\/wp-content\/uploads\/2022\/09\/PatientPop.jpeg","datePublished":"2022-09-29T15:57:35+00:00","description":"PatientPop: recensione piattaforma unica che combina il marketing online dei servizi sanitari con la gestione dello studio medico","breadcrumb":{"@id":"https:\/\/www.accuratereviews.com\/it\/app-appuntamenti-medici\/patientpop-recensione\/#breadcrumb"},"inLanguage":"it-IT","potentialAction":[{"@type":"ReadAction","target":["https:\/\/www.accuratereviews.com\/it\/app-appuntamenti-medici\/patientpop-recensione\/"]}]},{"@type":"ImageObject","inLanguage":"it-IT","@id":"https:\/\/www.accuratereviews.com\/it\/app-appuntamenti-medici\/patientpop-recensione\/#primaryimage","url":"https:\/\/www.accuratereviews.com\/wp-content\/uploads\/2022\/09\/PatientPop.jpeg","contentUrl":"https:\/\/www.accuratereviews.com\/wp-content\/uploads\/2022\/09\/PatientPop.jpeg","width":315,"height":315},{"@type":"BreadcrumbList","@id":"https:\/\/www.accuratereviews.com\/it\/app-appuntamenti-medici\/patientpop-recensione\/#breadcrumb","itemListElement":[{"@type":"ListItem","position":1,"name":"Home","item":"https:\/\/www.accuratereviews.com\/it\/"},{"@type":"ListItem","position":2,"name":"App per appuntamenti medici","item":"https:\/\/www.accuratereviews.com\/it\/app-appuntamenti-medici\/"},{"@type":"ListItem","position":3,"name":"PatientPop"}]},{"@type":"WebSite","@id":"https:\/\/www.accuratereviews.com\/it\/#website","url":"https:\/\/www.accuratereviews.com\/it\/","name":"Accurate Reviews","description":"","potentialAction":[{"@type":"SearchAction","target":{"@type":"EntryPoint","urlTemplate":"https:\/\/www.accuratereviews.com\/it\/?s={search_term_string}"},"query-input":{"@type":"PropertyValueSpecification","valueRequired":true,"valueName":"search_term_string"}}],"inLanguage":"it-IT"}]}},"_links":{"self":[{"href":"https:\/\/www.accuratereviews.com\/it\/wp-json\/wp\/v2\/pages\/61974","targetHints":{"allow":["GET"]}}],"collection":[{"href":"https:\/\/www.accuratereviews.com\/it\/wp-json\/wp\/v2\/pages"}],"about":[{"href":"https:\/\/www.accuratereviews.com\/it\/wp-json\/wp\/v2\/types\/page"}],"author":[{"embeddable":true,"href":"https:\/\/www.accuratereviews.com\/it\/wp-json\/wp\/v2\/users\/16"}],"replies":[{"embeddable":true,"href":"https:\/\/www.accuratereviews.com\/it\/wp-json\/wp\/v2\/comments?post=61974"}],"version-history":[{"count":6,"href":"https:\/\/www.accuratereviews.com\/it\/wp-json\/wp\/v2\/pages\/61974\/revisions"}],"predecessor-version":[{"id":62016,"href":"https:\/\/www.accuratereviews.com\/it\/wp-json\/wp\/v2\/pages\/61974\/revisions\/62016"}],"up":[{"embeddable":true,"href":"https:\/\/www.accuratereviews.com\/it\/wp-json\/wp\/v2\/pages\/61834"}],"wp:featuredmedia":[{"embeddable":true,"href":"https:\/\/www.accuratereviews.com\/it\/wp-json\/wp\/v2\/media\/62004"}],"wp:attachment":[{"href":"https:\/\/www.accuratereviews.com\/it\/wp-json\/wp\/v2\/media?parent=61974"}],"wp:term":[{"taxonomy":"category","embeddable":true,"href":"https:\/\/www.accuratereviews.com\/it\/wp-json\/wp\/v2\/categories?post=61974"},{"taxonomy":"post_tag","embeddable":true,"href":"https:\/\/www.accuratereviews.com\/it\/wp-json\/wp\/v2\/tags?post=61974"},{"taxonomy":"features","embeddable":true,"href":"https:\/\/www.accuratereviews.com\/it\/wp-json\/wp\/v2\/features?post=61974"}],"curies":[{"name":"wp","href":"https:\/\/api.w.org\/{rel}","templated":true}]}}