{"id":61976,"date":"2022-09-29T15:52:33","date_gmt":"2022-09-29T15:52:33","guid":{"rendered":"https:\/\/www.accuratereviews.com\/?page_id=61976"},"modified":"2022-09-29T15:52:33","modified_gmt":"2022-09-29T15:52:33","slug":"bookafy-recensione","status":"publish","type":"page","link":"https:\/\/www.accuratereviews.com\/it\/app-appuntamenti-medici\/bookafy-recensione\/","title":{"rendered":"Bookafy"},"content":{"rendered":"<p><strong>Bookafy<\/strong> \u00e8 una <strong>soluzione di pianificazione degli appuntamenti online<\/strong> progettata per aiutare le piccole imprese a fornire servizi di prenotazione di appuntamenti ai propri clienti e di pianificazione per i propri dipendenti. Il software \u00e8 stato creato per semplificare il processo di pianificazione per imprenditori e amministratori in modo che possano rimuovere lo stress derivante dalla gestione dei calendari e degli impegni tramite l&#8217;automazione di una serie di processi correlati, come l&#8217;organizzazione delle date e la conferma degli appuntamenti. Il sistema \u00e8 altamente personalizzabile per soddisfare ogni tua esigenza ed \u00e8 molto intuitivo. \u00a0Il software basato su <strong>cloud<\/strong> viene eseguito su server sicuri tramite Amazon AWS, il che significa che gli utenti non devono affrontare tutti gli aspetti tecnici di questo sistema. Altre caratteristiche importanti includono la pianificazione del personale, la generazione di collegamenti e codici per nuovi appuntamenti, una chiave API per i pagamenti Zoom e l&#8217;accesso del personale in modo che possano visualizzare i propri orari quando e dove necessario.<\/p>\n<h2>BOOKAFY &#8211; TUTORIAL<\/h2>\n<div id=\"fluid-wrapper-counter-1\" class=\"g1-fluid-wrapper \" style=\"width:686px;\">\n<div style=\"padding-bottom:56.268221574344%;\"><iframe loading=\"lazy\" title=\"Bookafy Simple. Beautiful. Scheduling\" width=\"686\" height=\"386\" src=\"https:\/\/www.youtube.com\/embed\/onbBOxyDqvU?feature=oembed&amp;wmode=transparent&amp;autohide=1&amp;autoplay=0&amp;disablekb=0&amp;fs=1&amp;loop=0&amp;enablejsapi=1&amp;rel=0&amp;controls=2&amp;showinfo=0&amp;wmode=transparent&amp;autohide=2&amp;autoplay=0&amp;disablekb=0&amp;fs=1&amp;loop=0&amp;enablejsapi=1&amp;rel=0&amp;controls=2&amp;showinfo=1\" frameborder=\"0\" allow=\"accelerometer; autoplay; clipboard-write; encrypted-media; gyroscope; picture-in-picture\" allowfullscreen><\/iframe><\/div>\n<\/div>\n<h3>BOOKAFY &#8211; CARATTERISTICHE<\/h3>\n<ul>\n<li><strong>Programmazione basata sulle abilit\u00e0<\/strong>: invia inviti agli appuntamenti ai membri del team in base alle competenze.<\/li>\n<li><strong>Appuntamenti multiutente<\/strong>: pianifica riunioni tra un cliente e diversi membri del personale.<\/li>\n<li><strong>Programmazione di eventi di gruppo<\/strong>: prenota tutti i clienti che vuoi per un singolo evento.<\/li>\n<li><strong>Promemoria sms<\/strong>: invia fino a due promemoria sms per riunioni programmate.<\/li>\n<li><strong>Notifiche di posta elettronica<\/strong>: personalizza le tue email con elementi unici del marchio come testo, colori e altro.<\/li>\n<li><strong>Mostra disponibilit\u00e0 del personale<\/strong>: visualizza solo le date del calendario quando il personale \u00e8 disponibile per gli appuntamenti.<\/li>\n<li><strong>Fusi orari multipli:<\/strong>\u00a0guarda i fusi orari globali e pianifica le riunioni in base al fuso orario del tuo cliente.<\/li>\n<li><strong>Imposta i tempi di consegna<\/strong>: stabilire un tempo minimo di consegna prima di poter fissare un appuntamento.<\/li>\n<li><strong>API e webhook personalizzati<\/strong>: accedi alle API software aperte o fai costruire un&#8217;integrazione del sistema di prenotazione personalizzata per il software della tua azienda.<\/li>\n<li><strong>Server dati privato<\/strong>: archivia tutte le riunioni e i dati dei clienti in un server di Azure separato.<\/li>\n<\/ul>\n<h4>LE RECENSIONI DEGLI UTENTI<\/h4>\n<p class=\"fw-bold mb-2\"><strong>Deniz &#8220;Come un tesoro sconosciuto&#8221;<br \/>\nPro<\/strong>:\u00a0semplicit\u00e0, interfaccia utente e piani tariffari ovviamente.<br \/>\n<strong>Contro<\/strong>:\u00a0L&#8217;app mobile dovrebbe essere sviluppata con molte pi\u00f9 funzionalit\u00e0, credo. Ad esempio, almeno dovremmo scegliere l&#8217;opzione di visualizzazione del nostro calendario con diverse opzioni come settimanale, mensile o giornaliera. Va bene per desktop ma non c&#8217;\u00e8 alcuna opzione nella versione mobile.<\/p>\n<p class=\"fw-bold mb-2\"><strong>Greg &#8220;Incredibile e conveniente&#8221;<br \/>\n<\/strong><span class=\"fw-bold\"><strong>Commenti<\/strong>:<\/span> Alla riapertura della nostra biblioteca, avevamo bisogno di un&#8217;agenda degli appuntamenti per gestire i visitatori. Ne ho provati altri, ma Bookafy era cos\u00ec al di sopra di loro che non era nemmeno vicino. Il livello gratuito \u00e8 una manna dal cielo per le organizzazioni non profit e i livelli a pagamento offrono funzionalit\u00e0 convenienti per salire di livello. Di solito non sono entusiasta del software, ma wow, Bookafy \u00e8 fluido e facile.<br \/>\n<strong>Pro<\/strong>:\u00a0Sono cos\u00ec soddisfatto di questo prodotto perch\u00e9 offre alle organizzazioni non profit come la nostra un modo per i nostri utenti della biblioteca di programmare i propri appuntamenti senza sovraccaricare il nostro bibliotecario con scambi di e-mail. Come molti gestori no profit sanno, prodotti come questo di solito presentano limitazioni estreme a meno che non si passi a un livello superiore, ma questo prodotto era pronto per noi con molte funzionalit\u00e0 pronte all&#8217;uso. Sono grato che Bookafy esista ed \u00e8 cos\u00ec conveniente, per non parlare del fatto che \u00e8 ben fatto ovunque. Non posso dire abbastanza.<br \/>\n<strong>Contro<\/strong>:\u00a0Niente. Funziona tutto in modo bello e intuitivo.<\/p>\n<p class=\"fw-bold mb-2\"><strong>Raymond &#8220;Funziona ma manca di sviluppo e funzionalit\u00e0. \u00c8&#8230; piuttosto semplice.&#8221;<br \/>\n<\/strong><span class=\"fw-bold\"><strong>Commenti<\/strong>:<\/span> Ehi. Non posso davvero dire che l&#8217;esperienza sia stata necessariamente negativa, sembrava solo un sacco di nichel e attenuazione per le funzionalit\u00e0 e la mancanza di sviluppo progressivo insieme alla mancanza di comunicazione, altrimenti fa quello che dovrebbe.<br \/>\n<strong>Pro<\/strong>:\u00a0Fa quello che dice, \u00e8 solo molto semplice. Per il tempo in cui l&#8217;ho usato, ho apprezzato la semplicit\u00e0 delle sue funzioni.<br \/>\n<strong>Contro<\/strong>:\u00a0Mancanza di sviluppo e funzionalit\u00e0. Il supporto si prende il suo tempo per rispondere. La piattaforma sembra un po&#8217; datata rispetto ad altre.<\/p>\n","protected":false},"excerpt":{"rendered":"<p>Bookafy \u00e8 una soluzione di pianificazione degli appuntamenti online progettata per aiutare le piccole imprese a fornire servizi di prenotazione di appuntamenti ai propri clienti e servizi di pianificazione per i propri dipendenti. Il software \u00e8 stato creato per semplificare il processo di pianificazione per imprenditori e amministratori in modo che possano rimuovere lo stress derivante dalla gestione dei calendari e degli impegni.<\/p>\n","protected":false},"author":16,"featured_media":61980,"parent":61834,"menu_order":0,"comment_status":"open","ping_status":"closed","template":"g1_template_page_review_new.php","meta":{"_acf_changed":false,"cwp_meta_box_check":"No","cwp_rev_product_name":"","cwp_rev_product_image":"","wppr_links":[],"cwp_rev_price":"","wppr_options":[],"wppr_pros":[],"wppr_cons":[],"_monsterinsights_skip_tracking":false,"_monsterinsights_sitenote_active":false,"_monsterinsights_sitenote_note":"","_monsterinsights_sitenote_category":0,"footnotes":""},"categories":[13438],"tags":[13440,13441,13479,13444,13442,13459],"features":[],"class_list":{"0":"post-61976","1":"page","2":"type-page","3":"status-publish","4":"has-post-thumbnail","6":"category-app-appuntamenti-medici-cat","7":"tag-app-per-appuntamenti-medici","8":"tag-appuntamenti-medici","9":"tag-bookafy","10":"tag-piattaforma-per-appuntamenti-medici","11":"tag-software-per-appuntamenti-medici","12":"tag-soluzione-per-appuntamenti-medici"},"wppr_data":{"cwp_meta_box_check":"No"},"acf":[],"yoast_head":"<!-- This site is optimized with the Yoast SEO plugin v27.4 - https:\/\/yoast.com\/product\/yoast-seo-wordpress\/ -->\n<title>Bookafy: recensione app appuntamenti medici - Accurate Reviews<\/title>\n<meta name=\"description\" content=\"Bookafy: recensione soluzione di pianificazione degli appuntamenti progettata per aiutare le piccole imprese a fornire servizi di prenotazione.\" \/>\n<meta name=\"robots\" content=\"index, follow, max-snippet:-1, max-image-preview:large, max-video-preview:-1\" \/>\n<link rel=\"canonical\" href=\"https:\/\/www.accuratereviews.com\/it\/app-appuntamenti-medici\/bookafy-recensione\/\" \/>\n<meta property=\"og:locale\" content=\"it_IT\" \/>\n<meta property=\"og:type\" content=\"article\" \/>\n<meta property=\"og:title\" content=\"Bookafy: recensione app appuntamenti medici - Accurate Reviews\" \/>\n<meta property=\"og:description\" content=\"Bookafy: recensione soluzione di pianificazione degli appuntamenti progettata per aiutare le piccole imprese a fornire servizi di prenotazione.\" \/>\n<meta property=\"og:url\" content=\"https:\/\/www.accuratereviews.com\/it\/app-appuntamenti-medici\/bookafy-recensione\/\" \/>\n<meta property=\"og:site_name\" content=\"Accurate Reviews\" \/>\n<meta property=\"og:image\" content=\"https:\/\/www.accuratereviews.com\/wp-content\/uploads\/2022\/09\/Bookafy.png\" \/>\n\t<meta property=\"og:image:width\" content=\"400\" \/>\n\t<meta property=\"og:image:height\" content=\"400\" \/>\n\t<meta property=\"og:image:type\" content=\"image\/png\" \/>\n<meta name=\"twitter:card\" content=\"summary_large_image\" \/>\n<meta name=\"twitter:label1\" content=\"Tempo di lettura stimato\" \/>\n\t<meta name=\"twitter:data1\" content=\"4 minuti\" \/>\n<script type=\"application\/ld+json\" class=\"yoast-schema-graph\">{\"@context\":\"https:\\\/\\\/schema.org\",\"@graph\":[{\"@type\":\"WebPage\",\"@id\":\"https:\\\/\\\/www.accuratereviews.com\\\/it\\\/app-appuntamenti-medici\\\/bookafy-recensione\\\/\",\"url\":\"https:\\\/\\\/www.accuratereviews.com\\\/it\\\/app-appuntamenti-medici\\\/bookafy-recensione\\\/\",\"name\":\"Bookafy: recensione app appuntamenti medici - Accurate Reviews\",\"isPartOf\":{\"@id\":\"https:\\\/\\\/www.accuratereviews.com\\\/it\\\/#website\"},\"primaryImageOfPage\":{\"@id\":\"https:\\\/\\\/www.accuratereviews.com\\\/it\\\/app-appuntamenti-medici\\\/bookafy-recensione\\\/#primaryimage\"},\"image\":{\"@id\":\"https:\\\/\\\/www.accuratereviews.com\\\/it\\\/app-appuntamenti-medici\\\/bookafy-recensione\\\/#primaryimage\"},\"thumbnailUrl\":\"https:\\\/\\\/www.accuratereviews.com\\\/wp-content\\\/uploads\\\/2022\\\/09\\\/Bookafy.png\",\"datePublished\":\"2022-09-29T15:52:33+00:00\",\"description\":\"Bookafy: recensione soluzione di pianificazione degli appuntamenti progettata per aiutare le piccole imprese a fornire servizi di prenotazione.\",\"breadcrumb\":{\"@id\":\"https:\\\/\\\/www.accuratereviews.com\\\/it\\\/app-appuntamenti-medici\\\/bookafy-recensione\\\/#breadcrumb\"},\"inLanguage\":\"it-IT\",\"potentialAction\":[{\"@type\":\"ReadAction\",\"target\":[\"https:\\\/\\\/www.accuratereviews.com\\\/it\\\/app-appuntamenti-medici\\\/bookafy-recensione\\\/\"]}]},{\"@type\":\"ImageObject\",\"inLanguage\":\"it-IT\",\"@id\":\"https:\\\/\\\/www.accuratereviews.com\\\/it\\\/app-appuntamenti-medici\\\/bookafy-recensione\\\/#primaryimage\",\"url\":\"https:\\\/\\\/www.accuratereviews.com\\\/wp-content\\\/uploads\\\/2022\\\/09\\\/Bookafy.png\",\"contentUrl\":\"https:\\\/\\\/www.accuratereviews.com\\\/wp-content\\\/uploads\\\/2022\\\/09\\\/Bookafy.png\",\"width\":400,\"height\":400},{\"@type\":\"BreadcrumbList\",\"@id\":\"https:\\\/\\\/www.accuratereviews.com\\\/it\\\/app-appuntamenti-medici\\\/bookafy-recensione\\\/#breadcrumb\",\"itemListElement\":[{\"@type\":\"ListItem\",\"position\":1,\"name\":\"Home\",\"item\":\"https:\\\/\\\/www.accuratereviews.com\\\/it\\\/\"},{\"@type\":\"ListItem\",\"position\":2,\"name\":\"App per appuntamenti medici\",\"item\":\"https:\\\/\\\/www.accuratereviews.com\\\/it\\\/app-appuntamenti-medici\\\/\"},{\"@type\":\"ListItem\",\"position\":3,\"name\":\"Bookafy\"}]},{\"@type\":\"WebSite\",\"@id\":\"https:\\\/\\\/www.accuratereviews.com\\\/it\\\/#website\",\"url\":\"https:\\\/\\\/www.accuratereviews.com\\\/it\\\/\",\"name\":\"Accurate Reviews\",\"description\":\"\",\"potentialAction\":[{\"@type\":\"SearchAction\",\"target\":{\"@type\":\"EntryPoint\",\"urlTemplate\":\"https:\\\/\\\/www.accuratereviews.com\\\/it\\\/?s={search_term_string}\"},\"query-input\":{\"@type\":\"PropertyValueSpecification\",\"valueRequired\":true,\"valueName\":\"search_term_string\"}}],\"inLanguage\":\"it-IT\"}]}<\/script>\n<!-- \/ Yoast SEO plugin. -->","yoast_head_json":{"title":"Bookafy: recensione app appuntamenti medici - Accurate Reviews","description":"Bookafy: recensione soluzione di pianificazione degli appuntamenti progettata per aiutare le piccole imprese a fornire servizi di prenotazione.","robots":{"index":"index","follow":"follow","max-snippet":"max-snippet:-1","max-image-preview":"max-image-preview:large","max-video-preview":"max-video-preview:-1"},"canonical":"https:\/\/www.accuratereviews.com\/it\/app-appuntamenti-medici\/bookafy-recensione\/","og_locale":"it_IT","og_type":"article","og_title":"Bookafy: recensione app appuntamenti medici - Accurate Reviews","og_description":"Bookafy: recensione soluzione di pianificazione degli appuntamenti progettata per aiutare le piccole imprese a fornire servizi di prenotazione.","og_url":"https:\/\/www.accuratereviews.com\/it\/app-appuntamenti-medici\/bookafy-recensione\/","og_site_name":"Accurate Reviews","og_image":[{"width":400,"height":400,"url":"https:\/\/www.accuratereviews.com\/wp-content\/uploads\/2022\/09\/Bookafy.png","type":"image\/png"}],"twitter_card":"summary_large_image","twitter_misc":{"Tempo di lettura stimato":"4 minuti"},"schema":{"@context":"https:\/\/schema.org","@graph":[{"@type":"WebPage","@id":"https:\/\/www.accuratereviews.com\/it\/app-appuntamenti-medici\/bookafy-recensione\/","url":"https:\/\/www.accuratereviews.com\/it\/app-appuntamenti-medici\/bookafy-recensione\/","name":"Bookafy: recensione app appuntamenti medici - Accurate Reviews","isPartOf":{"@id":"https:\/\/www.accuratereviews.com\/it\/#website"},"primaryImageOfPage":{"@id":"https:\/\/www.accuratereviews.com\/it\/app-appuntamenti-medici\/bookafy-recensione\/#primaryimage"},"image":{"@id":"https:\/\/www.accuratereviews.com\/it\/app-appuntamenti-medici\/bookafy-recensione\/#primaryimage"},"thumbnailUrl":"https:\/\/www.accuratereviews.com\/wp-content\/uploads\/2022\/09\/Bookafy.png","datePublished":"2022-09-29T15:52:33+00:00","description":"Bookafy: recensione soluzione di pianificazione degli appuntamenti progettata per aiutare le piccole imprese a fornire servizi di prenotazione.","breadcrumb":{"@id":"https:\/\/www.accuratereviews.com\/it\/app-appuntamenti-medici\/bookafy-recensione\/#breadcrumb"},"inLanguage":"it-IT","potentialAction":[{"@type":"ReadAction","target":["https:\/\/www.accuratereviews.com\/it\/app-appuntamenti-medici\/bookafy-recensione\/"]}]},{"@type":"ImageObject","inLanguage":"it-IT","@id":"https:\/\/www.accuratereviews.com\/it\/app-appuntamenti-medici\/bookafy-recensione\/#primaryimage","url":"https:\/\/www.accuratereviews.com\/wp-content\/uploads\/2022\/09\/Bookafy.png","contentUrl":"https:\/\/www.accuratereviews.com\/wp-content\/uploads\/2022\/09\/Bookafy.png","width":400,"height":400},{"@type":"BreadcrumbList","@id":"https:\/\/www.accuratereviews.com\/it\/app-appuntamenti-medici\/bookafy-recensione\/#breadcrumb","itemListElement":[{"@type":"ListItem","position":1,"name":"Home","item":"https:\/\/www.accuratereviews.com\/it\/"},{"@type":"ListItem","position":2,"name":"App per appuntamenti medici","item":"https:\/\/www.accuratereviews.com\/it\/app-appuntamenti-medici\/"},{"@type":"ListItem","position":3,"name":"Bookafy"}]},{"@type":"WebSite","@id":"https:\/\/www.accuratereviews.com\/it\/#website","url":"https:\/\/www.accuratereviews.com\/it\/","name":"Accurate Reviews","description":"","potentialAction":[{"@type":"SearchAction","target":{"@type":"EntryPoint","urlTemplate":"https:\/\/www.accuratereviews.com\/it\/?s={search_term_string}"},"query-input":{"@type":"PropertyValueSpecification","valueRequired":true,"valueName":"search_term_string"}}],"inLanguage":"it-IT"}]}},"_links":{"self":[{"href":"https:\/\/www.accuratereviews.com\/it\/wp-json\/wp\/v2\/pages\/61976","targetHints":{"allow":["GET"]}}],"collection":[{"href":"https:\/\/www.accuratereviews.com\/it\/wp-json\/wp\/v2\/pages"}],"about":[{"href":"https:\/\/www.accuratereviews.com\/it\/wp-json\/wp\/v2\/types\/page"}],"author":[{"embeddable":true,"href":"https:\/\/www.accuratereviews.com\/it\/wp-json\/wp\/v2\/users\/16"}],"replies":[{"embeddable":true,"href":"https:\/\/www.accuratereviews.com\/it\/wp-json\/wp\/v2\/comments?post=61976"}],"version-history":[{"count":9,"href":"https:\/\/www.accuratereviews.com\/it\/wp-json\/wp\/v2\/pages\/61976\/revisions"}],"predecessor-version":[{"id":62014,"href":"https:\/\/www.accuratereviews.com\/it\/wp-json\/wp\/v2\/pages\/61976\/revisions\/62014"}],"up":[{"embeddable":true,"href":"https:\/\/www.accuratereviews.com\/it\/wp-json\/wp\/v2\/pages\/61834"}],"wp:featuredmedia":[{"embeddable":true,"href":"https:\/\/www.accuratereviews.com\/it\/wp-json\/wp\/v2\/media\/61980"}],"wp:attachment":[{"href":"https:\/\/www.accuratereviews.com\/it\/wp-json\/wp\/v2\/media?parent=61976"}],"wp:term":[{"taxonomy":"category","embeddable":true,"href":"https:\/\/www.accuratereviews.com\/it\/wp-json\/wp\/v2\/categories?post=61976"},{"taxonomy":"post_tag","embeddable":true,"href":"https:\/\/www.accuratereviews.com\/it\/wp-json\/wp\/v2\/tags?post=61976"},{"taxonomy":"features","embeddable":true,"href":"https:\/\/www.accuratereviews.com\/it\/wp-json\/wp\/v2\/features?post=61976"}],"curies":[{"name":"wp","href":"https:\/\/api.w.org\/{rel}","templated":true}]}}