{"id":62065,"date":"2022-10-03T17:02:58","date_gmt":"2022-10-03T17:02:58","guid":{"rendered":"https:\/\/www.accuratereviews.com\/?page_id=62065"},"modified":"2022-10-03T17:02:58","modified_gmt":"2022-10-03T17:02:58","slug":"booksteam-recensione","status":"publish","type":"page","link":"https:\/\/www.accuratereviews.com\/it\/app-appuntamenti-medici\/booksteam-recensione\/","title":{"rendered":"BookSteam"},"content":{"rendered":"<p><strong>BookSteam <\/strong>\u00e8 un&#8217;<strong>app per appuntamenti medici<\/strong>, adatta per ampliare la propria attivit\u00e0 e automatizzare il lavoro di pianificazione che spesso richiede tempi lunghi. Gli amministratori aziendali illimitati possono creare pi\u00f9 sedi di uffici, impostare orari unici per i dipendenti e personalizzare i dettagli dell&#8217;account. Lo strumento di gestione del database consente alle aziende di raccogliere e gestire le informazioni di contatto di clienti, nonch\u00e9 le informazioni e la cronologia degli appuntamenti.<br \/>\nBookSteam utilizza anche email e promemoria di testo per mantenere i clienti aggiornati e connessi, anche quando sono in movimento. I clienti e i membri del personale ricevono notifiche istantanee per l&#8217;appuntamento programmato. Integra il widget di pianificazione con il tuo sito web esistente e inizia a ricevere prenotazioni oggi stesso.<\/p>\n<h2>BOOKSTEAM &#8211; TUTORIAL<\/h2>\n<div id=\"fluid-wrapper-counter-1\" class=\"g1-fluid-wrapper \" style=\"width:686px;\">\n<div style=\"padding-bottom:56.268221574344%;\"><iframe loading=\"lazy\" title=\"BookSteam Review\" width=\"686\" height=\"386\" src=\"https:\/\/www.youtube.com\/embed\/MIK4eL6_7Ls?feature=oembed&amp;wmode=transparent&amp;autohide=1&amp;autoplay=0&amp;disablekb=0&amp;fs=1&amp;loop=0&amp;enablejsapi=1&amp;rel=0&amp;controls=2&amp;showinfo=0&amp;wmode=transparent&amp;autohide=2&amp;autoplay=0&amp;disablekb=0&amp;fs=1&amp;loop=0&amp;enablejsapi=1&amp;rel=0&amp;controls=2&amp;showinfo=1\" frameborder=\"0\" allow=\"accelerometer; autoplay; clipboard-write; encrypted-media; gyroscope; picture-in-picture\" allowfullscreen><\/iframe><\/div>\n<\/div>\n<h3>BOOKSTEAM &#8211; CARATTERISTICHE<\/h3>\n<ul>\n<li><strong>Personalizza le notifiche del cliente<\/strong>: \u00e8 importante ricordare e confermare gli appuntamenti dei clienti in modo che possano rimanere aggiornati e non dimenticare le loro prenotazioni imminenti. Tienili aggiornati con sms e notifiche email personalizzabili.<\/li>\n<li><strong>Gestisci la tua banca dati clienti<\/strong>: archivia le informazioni sui clienti, aggiorna e gestisci i profili, acquisisci note, controlla la cronologia dei clienti e crea tag per identificare facilmente un cliente, tutto all&#8217;interno della scheda Clienti.<\/li>\n<li><strong>Progetta la tua pagina di prenotazione per il tuo marchio<\/strong>: personalizza i colori, i temi e i caratteri della tua mini pagina web per la pianificazione di BookSteam in base all&#8217;estetica della tua attivit\u00e0.<\/li>\n<li><strong>Sincronizza i calendari personali<\/strong>: mantieni le cose semplici e assicurati che tutte le tue prenotazioni siano in un unico posto sincronizzando il tuo calendario (Apple, Google o Microsoft) con la piattaforma.<\/li>\n<li><strong>Elaborare carte di credito online<\/strong>: proteggi i tuoi pagamenti incorporando uno dei tre gateway di pagamento: Square, Stripe o PayPal. Conserva comodamente le carte di credito, accetta depositi e addebita in caso di mancata presentazione con la comodit\u00e0 di un processore online.<\/li>\n<li><strong>Mobile<\/strong>: il personale e i clienti possono accedere al proprio account o calendario comodamente dal proprio smartphone o tablet da qualsiasi parte del mondo.<\/li>\n<li><strong>Offerte promozioni e iscrizioni<\/strong>: invoglia i clienti a effettuare un acquisto offrendo codici promozionali e abbonamenti.<\/li>\n<\/ul>\n<h4>LE RECENSIONI DEGLI UTENTI<\/h4>\n<p class=\"fw-bold mb-2\"><strong>Debra &#8220;Solido software di pianificazione con funzioni facili da usare.&#8221;<br \/>\n<\/strong><span class=\"fw-bold\"><strong>Commenti<\/strong>:<\/span> Questo sistema ci consente di visualizzare molti servizi e posizioni. Era facile da usare e un prezzo ragionevole rispetto ad altri.<br \/>\n<strong>Pro<\/strong>:\u00a0Cos\u00ec facile da usare. Richiede tempo per l&#8217;installazione ma \u00e8 chiaro e facile. Consente la gestione dei dati, la prenotazione di diversi fornitori e localit\u00e0.<br \/>\n<strong>Contro<\/strong>:\u00a0Davvero non ho trovato alcun difetto nel sistema. Ne abbiamo usati molti altri.<\/p>\n<p class=\"fw-bold mb-2\"><strong>Nicola &#8220;Svolge perfettamente il lavoro.&#8221;<br \/>\n<\/strong><span class=\"fw-bold\"><strong>Commenti<\/strong>:<\/span> Ottima esperienza&#8230; l&#8217;adoro fino ad ora.<br \/>\n<strong>Pro<\/strong>:\u00a0Ho cercato a lungo un&#8217;app di pianificazione. Difficile da trovare quando offri servizi a domicilio. Nessuno si adatta veramente alle mie esigenze&#8230; ma Booksteam mi ha davvero reso facile trovare il modo di farlo funzionare. Ogni volta che avevo bisogno di supporto, erano pi\u00f9 che disponibili e ricevevano risposte in pochissimo tempo. Consiglio pienamente.<br \/>\n<strong>Contro<\/strong>:\u00a0Facilit\u00e0 d&#8217;uso Prezzo basso Funzionalit\u00e0 sorprendenti Possibilit\u00e0 di pi\u00f9 sedi Widget per facebook e mini pagina web da prenotare Bella interfaccia per i clienti<\/p>\n<p class=\"fw-bold mb-2\"><strong>Tanya &#8220;Valore eccellente&#8221;<br \/>\n<\/strong><span class=\"fw-bold\"><strong>Commenti<\/strong>:<\/span> Uso il programma quotidianamente e nel complesso ha funzionato molto bene senza alcun problema.<br \/>\n<strong>Pro<\/strong>:\u00a0Stavamo cercando un programma di pianificazione per il nostro ufficio di ricerca, dopo aver fatto molte ricerche contorte online (le diverse aziende non lo rendono facile) mi sono imbattuto felicemente in Booksteam. Soddisfa tutte le nostre esigenze ad un ottimo prezzo.<br \/>\n<strong>Contro<\/strong>:\u00a0Sfortunatamente, non puoi riordinare il personale nella vista del calendario, ci sono del personale che mi piace tenere in vista nella parte superiore del calendario ma non c&#8217;\u00e8 alcuna opzione per poterlo fare.<\/p>\n","protected":false},"excerpt":{"rendered":"<p>BookSteam \u00e8 un&#8217;app per appuntamenti medici, adatta per ampliare la propria attivit\u00e0 e automatizzare il lavoro di pianificazione che spesso richiede tempi lunghi. Gli amministratori aziendali illimitati possono creare pi\u00f9 sedi di uffici, impostare orari unici per i dipendenti e personalizzare i dettagli dell&#8217;account.<\/p>\n","protected":false},"author":19,"featured_media":62101,"parent":61834,"menu_order":0,"comment_status":"open","ping_status":"closed","template":"g1_template_page_review_new.php","meta":{"_acf_changed":false,"cwp_meta_box_check":"No","cwp_rev_product_name":"","cwp_rev_product_image":"","wppr_links":[],"cwp_rev_price":"","wppr_options":[],"wppr_pros":[],"wppr_cons":[],"_monsterinsights_skip_tracking":false,"_monsterinsights_sitenote_active":false,"_monsterinsights_sitenote_note":"","_monsterinsights_sitenote_category":0,"footnotes":""},"categories":[13438],"tags":[13440,13441,13490,13444,13443,13442,13459],"features":[],"class_list":{"0":"post-62065","1":"page","2":"type-page","3":"status-publish","4":"has-post-thumbnail","6":"category-app-appuntamenti-medici-cat","7":"tag-app-per-appuntamenti-medici","8":"tag-appuntamenti-medici","9":"tag-booksteam","10":"tag-piattaforma-per-appuntamenti-medici","11":"tag-programma-per-appuntamenti-medici","12":"tag-software-per-appuntamenti-medici","13":"tag-soluzione-per-appuntamenti-medici"},"wppr_data":{"cwp_meta_box_check":"No"},"acf":[],"yoast_head":"<!-- This site is optimized with the Yoast SEO plugin v27.4 - https:\/\/yoast.com\/product\/yoast-seo-wordpress\/ -->\n<title>BookSteam: recensione app per appuntamenti medici - Accurate Reviews<\/title>\n<meta name=\"description\" content=\"BookSteam: recensione dell&#039;app per appuntamenti medici, adatta per ampliare la propria attivit\u00e0 e automatizzare il lavoro di pianificazione.\" \/>\n<meta name=\"robots\" content=\"index, follow, max-snippet:-1, max-image-preview:large, max-video-preview:-1\" \/>\n<link rel=\"canonical\" href=\"https:\/\/www.accuratereviews.com\/it\/app-appuntamenti-medici\/booksteam-recensione\/\" \/>\n<meta property=\"og:locale\" content=\"it_IT\" \/>\n<meta property=\"og:type\" content=\"article\" \/>\n<meta property=\"og:title\" content=\"BookSteam: recensione app per appuntamenti medici - Accurate Reviews\" \/>\n<meta property=\"og:description\" content=\"BookSteam: recensione dell&#039;app per appuntamenti medici, adatta per ampliare la propria attivit\u00e0 e automatizzare il lavoro di pianificazione.\" \/>\n<meta property=\"og:url\" content=\"https:\/\/www.accuratereviews.com\/it\/app-appuntamenti-medici\/booksteam-recensione\/\" \/>\n<meta property=\"og:site_name\" content=\"Accurate Reviews\" \/>\n<meta property=\"og:image\" content=\"https:\/\/www.accuratereviews.com\/wp-content\/uploads\/2022\/10\/BookSteam.png\" \/>\n\t<meta property=\"og:image:width\" content=\"512\" \/>\n\t<meta property=\"og:image:height\" content=\"512\" \/>\n\t<meta property=\"og:image:type\" content=\"image\/png\" \/>\n<meta name=\"twitter:card\" content=\"summary_large_image\" \/>\n<meta name=\"twitter:label1\" content=\"Tempo di lettura stimato\" \/>\n\t<meta name=\"twitter:data1\" content=\"4 minuti\" \/>\n<script type=\"application\/ld+json\" class=\"yoast-schema-graph\">{\"@context\":\"https:\\\/\\\/schema.org\",\"@graph\":[{\"@type\":\"WebPage\",\"@id\":\"https:\\\/\\\/www.accuratereviews.com\\\/it\\\/app-appuntamenti-medici\\\/booksteam-recensione\\\/\",\"url\":\"https:\\\/\\\/www.accuratereviews.com\\\/it\\\/app-appuntamenti-medici\\\/booksteam-recensione\\\/\",\"name\":\"BookSteam: recensione app per appuntamenti medici - Accurate Reviews\",\"isPartOf\":{\"@id\":\"https:\\\/\\\/www.accuratereviews.com\\\/it\\\/#website\"},\"primaryImageOfPage\":{\"@id\":\"https:\\\/\\\/www.accuratereviews.com\\\/it\\\/app-appuntamenti-medici\\\/booksteam-recensione\\\/#primaryimage\"},\"image\":{\"@id\":\"https:\\\/\\\/www.accuratereviews.com\\\/it\\\/app-appuntamenti-medici\\\/booksteam-recensione\\\/#primaryimage\"},\"thumbnailUrl\":\"https:\\\/\\\/www.accuratereviews.com\\\/wp-content\\\/uploads\\\/2022\\\/10\\\/BookSteam.png\",\"datePublished\":\"2022-10-03T17:02:58+00:00\",\"description\":\"BookSteam: recensione dell'app per appuntamenti medici, adatta per ampliare la propria attivit\u00e0 e automatizzare il lavoro di pianificazione.\",\"breadcrumb\":{\"@id\":\"https:\\\/\\\/www.accuratereviews.com\\\/it\\\/app-appuntamenti-medici\\\/booksteam-recensione\\\/#breadcrumb\"},\"inLanguage\":\"it-IT\",\"potentialAction\":[{\"@type\":\"ReadAction\",\"target\":[\"https:\\\/\\\/www.accuratereviews.com\\\/it\\\/app-appuntamenti-medici\\\/booksteam-recensione\\\/\"]}]},{\"@type\":\"ImageObject\",\"inLanguage\":\"it-IT\",\"@id\":\"https:\\\/\\\/www.accuratereviews.com\\\/it\\\/app-appuntamenti-medici\\\/booksteam-recensione\\\/#primaryimage\",\"url\":\"https:\\\/\\\/www.accuratereviews.com\\\/wp-content\\\/uploads\\\/2022\\\/10\\\/BookSteam.png\",\"contentUrl\":\"https:\\\/\\\/www.accuratereviews.com\\\/wp-content\\\/uploads\\\/2022\\\/10\\\/BookSteam.png\",\"width\":512,\"height\":512},{\"@type\":\"BreadcrumbList\",\"@id\":\"https:\\\/\\\/www.accuratereviews.com\\\/it\\\/app-appuntamenti-medici\\\/booksteam-recensione\\\/#breadcrumb\",\"itemListElement\":[{\"@type\":\"ListItem\",\"position\":1,\"name\":\"Home\",\"item\":\"https:\\\/\\\/www.accuratereviews.com\\\/it\\\/\"},{\"@type\":\"ListItem\",\"position\":2,\"name\":\"App per appuntamenti medici\",\"item\":\"https:\\\/\\\/www.accuratereviews.com\\\/it\\\/app-appuntamenti-medici\\\/\"},{\"@type\":\"ListItem\",\"position\":3,\"name\":\"BookSteam\"}]},{\"@type\":\"WebSite\",\"@id\":\"https:\\\/\\\/www.accuratereviews.com\\\/it\\\/#website\",\"url\":\"https:\\\/\\\/www.accuratereviews.com\\\/it\\\/\",\"name\":\"Accurate Reviews\",\"description\":\"\",\"potentialAction\":[{\"@type\":\"SearchAction\",\"target\":{\"@type\":\"EntryPoint\",\"urlTemplate\":\"https:\\\/\\\/www.accuratereviews.com\\\/it\\\/?s={search_term_string}\"},\"query-input\":{\"@type\":\"PropertyValueSpecification\",\"valueRequired\":true,\"valueName\":\"search_term_string\"}}],\"inLanguage\":\"it-IT\"}]}<\/script>\n<!-- \/ Yoast SEO plugin. -->","yoast_head_json":{"title":"BookSteam: recensione app per appuntamenti medici - Accurate Reviews","description":"BookSteam: recensione dell'app per appuntamenti medici, adatta per ampliare la propria attivit\u00e0 e automatizzare il lavoro di pianificazione.","robots":{"index":"index","follow":"follow","max-snippet":"max-snippet:-1","max-image-preview":"max-image-preview:large","max-video-preview":"max-video-preview:-1"},"canonical":"https:\/\/www.accuratereviews.com\/it\/app-appuntamenti-medici\/booksteam-recensione\/","og_locale":"it_IT","og_type":"article","og_title":"BookSteam: recensione app per appuntamenti medici - Accurate Reviews","og_description":"BookSteam: recensione dell'app per appuntamenti medici, adatta per ampliare la propria attivit\u00e0 e automatizzare il lavoro di pianificazione.","og_url":"https:\/\/www.accuratereviews.com\/it\/app-appuntamenti-medici\/booksteam-recensione\/","og_site_name":"Accurate Reviews","og_image":[{"width":512,"height":512,"url":"https:\/\/www.accuratereviews.com\/wp-content\/uploads\/2022\/10\/BookSteam.png","type":"image\/png"}],"twitter_card":"summary_large_image","twitter_misc":{"Tempo di lettura stimato":"4 minuti"},"schema":{"@context":"https:\/\/schema.org","@graph":[{"@type":"WebPage","@id":"https:\/\/www.accuratereviews.com\/it\/app-appuntamenti-medici\/booksteam-recensione\/","url":"https:\/\/www.accuratereviews.com\/it\/app-appuntamenti-medici\/booksteam-recensione\/","name":"BookSteam: recensione app per appuntamenti medici - Accurate Reviews","isPartOf":{"@id":"https:\/\/www.accuratereviews.com\/it\/#website"},"primaryImageOfPage":{"@id":"https:\/\/www.accuratereviews.com\/it\/app-appuntamenti-medici\/booksteam-recensione\/#primaryimage"},"image":{"@id":"https:\/\/www.accuratereviews.com\/it\/app-appuntamenti-medici\/booksteam-recensione\/#primaryimage"},"thumbnailUrl":"https:\/\/www.accuratereviews.com\/wp-content\/uploads\/2022\/10\/BookSteam.png","datePublished":"2022-10-03T17:02:58+00:00","description":"BookSteam: recensione dell'app per appuntamenti medici, adatta per ampliare la propria attivit\u00e0 e automatizzare il lavoro di pianificazione.","breadcrumb":{"@id":"https:\/\/www.accuratereviews.com\/it\/app-appuntamenti-medici\/booksteam-recensione\/#breadcrumb"},"inLanguage":"it-IT","potentialAction":[{"@type":"ReadAction","target":["https:\/\/www.accuratereviews.com\/it\/app-appuntamenti-medici\/booksteam-recensione\/"]}]},{"@type":"ImageObject","inLanguage":"it-IT","@id":"https:\/\/www.accuratereviews.com\/it\/app-appuntamenti-medici\/booksteam-recensione\/#primaryimage","url":"https:\/\/www.accuratereviews.com\/wp-content\/uploads\/2022\/10\/BookSteam.png","contentUrl":"https:\/\/www.accuratereviews.com\/wp-content\/uploads\/2022\/10\/BookSteam.png","width":512,"height":512},{"@type":"BreadcrumbList","@id":"https:\/\/www.accuratereviews.com\/it\/app-appuntamenti-medici\/booksteam-recensione\/#breadcrumb","itemListElement":[{"@type":"ListItem","position":1,"name":"Home","item":"https:\/\/www.accuratereviews.com\/it\/"},{"@type":"ListItem","position":2,"name":"App per appuntamenti medici","item":"https:\/\/www.accuratereviews.com\/it\/app-appuntamenti-medici\/"},{"@type":"ListItem","position":3,"name":"BookSteam"}]},{"@type":"WebSite","@id":"https:\/\/www.accuratereviews.com\/it\/#website","url":"https:\/\/www.accuratereviews.com\/it\/","name":"Accurate Reviews","description":"","potentialAction":[{"@type":"SearchAction","target":{"@type":"EntryPoint","urlTemplate":"https:\/\/www.accuratereviews.com\/it\/?s={search_term_string}"},"query-input":{"@type":"PropertyValueSpecification","valueRequired":true,"valueName":"search_term_string"}}],"inLanguage":"it-IT"}]}},"_links":{"self":[{"href":"https:\/\/www.accuratereviews.com\/it\/wp-json\/wp\/v2\/pages\/62065","targetHints":{"allow":["GET"]}}],"collection":[{"href":"https:\/\/www.accuratereviews.com\/it\/wp-json\/wp\/v2\/pages"}],"about":[{"href":"https:\/\/www.accuratereviews.com\/it\/wp-json\/wp\/v2\/types\/page"}],"author":[{"embeddable":true,"href":"https:\/\/www.accuratereviews.com\/it\/wp-json\/wp\/v2\/users\/19"}],"replies":[{"embeddable":true,"href":"https:\/\/www.accuratereviews.com\/it\/wp-json\/wp\/v2\/comments?post=62065"}],"version-history":[{"count":15,"href":"https:\/\/www.accuratereviews.com\/it\/wp-json\/wp\/v2\/pages\/62065\/revisions"}],"predecessor-version":[{"id":62125,"href":"https:\/\/www.accuratereviews.com\/it\/wp-json\/wp\/v2\/pages\/62065\/revisions\/62125"}],"up":[{"embeddable":true,"href":"https:\/\/www.accuratereviews.com\/it\/wp-json\/wp\/v2\/pages\/61834"}],"wp:featuredmedia":[{"embeddable":true,"href":"https:\/\/www.accuratereviews.com\/it\/wp-json\/wp\/v2\/media\/62101"}],"wp:attachment":[{"href":"https:\/\/www.accuratereviews.com\/it\/wp-json\/wp\/v2\/media?parent=62065"}],"wp:term":[{"taxonomy":"category","embeddable":true,"href":"https:\/\/www.accuratereviews.com\/it\/wp-json\/wp\/v2\/categories?post=62065"},{"taxonomy":"post_tag","embeddable":true,"href":"https:\/\/www.accuratereviews.com\/it\/wp-json\/wp\/v2\/tags?post=62065"},{"taxonomy":"features","embeddable":true,"href":"https:\/\/www.accuratereviews.com\/it\/wp-json\/wp\/v2\/features?post=62065"}],"curies":[{"name":"wp","href":"https:\/\/api.w.org\/{rel}","templated":true}]}}