{"id":62072,"date":"2022-10-03T17:13:53","date_gmt":"2022-10-03T17:13:53","guid":{"rendered":"https:\/\/www.accuratereviews.com\/?page_id=62072"},"modified":"2022-10-03T17:13:53","modified_gmt":"2022-10-03T17:13:53","slug":"wrs-health-recensione","status":"publish","type":"page","link":"https:\/\/www.accuratereviews.com\/it\/app-appuntamenti-medici\/wrs-health-recensione\/","title":{"rendered":"WRS Health"},"content":{"rendered":"<p><strong>WRS Health<\/strong> \u00e8 un&#8217;<strong>app per appuntamenti medici,<\/strong> basato su cloud<strong>,<\/strong>\u00a0che aiuta i professionisti a gestire le cartelle cliniche elettroniche dei pazienti. Gli strumenti sono progettati per gestire elettronicamente le informazioni cliniche e di fatturazione con facilit\u00e0 ed efficienza. Ogni modulo all&#8217;interno dell&#8217;<strong>EHR<\/strong> si interconnette per garantire il successo e l&#8217;ottimizzazione della pratica, a partire dalla prima interazione con il paziente.<br \/>\nInoltre fornisce servizi personalizzati di fatturazione, trascrizione, contabilit\u00e0 e conformit\u00e0.<\/p>\n<h2>WRS HEALTH &#8211; TUTORIAL<\/h2>\n<div id=\"fluid-wrapper-counter-1\" class=\"g1-fluid-wrapper \" style=\"width:686px;\">\n<div style=\"padding-bottom:56.268221574344%;\"><iframe loading=\"lazy\" title=\"Shared Goals Toward Practice Performance Improvement | WRS Health\" width=\"686\" height=\"386\" src=\"https:\/\/www.youtube.com\/embed\/bjtHv2fhKQk?feature=oembed&amp;wmode=transparent&amp;autohide=1&amp;autoplay=0&amp;disablekb=0&amp;fs=1&amp;loop=0&amp;enablejsapi=1&amp;rel=0&amp;controls=2&amp;showinfo=0&amp;wmode=transparent&amp;autohide=2&amp;autoplay=0&amp;disablekb=0&amp;fs=1&amp;loop=0&amp;enablejsapi=1&amp;rel=0&amp;controls=2&amp;showinfo=1\" frameborder=\"0\" allow=\"accelerometer; autoplay; clipboard-write; encrypted-media; gyroscope; picture-in-picture\" allowfullscreen><\/iframe><\/div>\n<\/div>\n<h3>WRS HEALTH &#8211; CARATTERISTICHE<\/h3>\n<ul>\n<li>La cronologia dei farmaci viene acquisita e inclusa come parte della cartella del paziente consentendo di visualizzare rapidamente i farmaci che sono stati prescritti in precedenza.<\/li>\n<li>La prescrizione elettronica (prescrizione elettronica) elimina i rischi di errore associati agli script scritti a mano, nonch\u00e9 la possibilit\u00e0 che un paziente richieda la sostituzione di un copione cartaceo perso.<\/li>\n<li>Richiami e promemoria per il mantenimento della salute possono essere facilmente impostati per i farmaci che richiedono monitoraggio e lavoro di laboratorio in corso. Il tuo studio determina i protocolli e il sistema avviser\u00e0 automaticamente i pazienti tramite telefono e\/o email.Quando i laboratori vengono ordinati, l&#8217;esclusivo Order Tracking System monitora lo stato, avvisa l&#8217;utente di eventuali azioni necessarie e documenta le comunicazioni del paziente.<\/li>\n<li>Conferme promemoria appuntamento: chiamare i pazienti in anticipo per ricordare\/confermare i dettagli dell&#8217;appuntamento oltre ad avvisarli di quale sar\u00e0 la responsabilit\u00e0 del paziente, al momento della visita.<\/li>\n<li>Idoneit\u00e0: verificare l&#8217;idoneit\u00e0 con 24 o 48 ore di anticipo (scelta pratica) rispetto all&#8217;elenco degli appuntamenti del paziente corrente e controllare eventuali ritorni negativi, prima della visita.<\/li>\n<li>Incassi: lavora per ridurre il saldo del tuo paziente chiamando i tuoi pazienti per effettuare pagamenti sul saldo del conto corrente.<\/li>\n<li>Chart Check \u2013 controllare la cartella del paziente prima dell&#8217;appuntamento per verificare laboratori, autorizzazioni\/riferimenti.<\/li>\n<li>Presenza online: interagisci con i pazienti per raccogliere risposte dalle domande o dalle recensioni.<\/li>\n<\/ul>\n<h4>LE RECENSIONI DEGLI UTENTI<\/h4>\n<p class=\"fw-bold mb-2\"><strong>Christopher:&#8221;Ottimo per un singolo fornitore o un singolo studio specializzato, non tanto per tutti gli altri&#8221;<br \/>\n<\/strong><span class=\"fw-bold\"><strong>Commenti<\/strong>:<\/span> Vendite ad alta pressione per un contratto di 5 anni richiesto con costosi componenti aggiuntivi. Mancanza di comunicazione per gli aggiornamenti software imminenti. Le raccomandazioni per il miglioramento sono &#8220;vabb\u00e8, non ci interessa&#8221;. Terribile, assolutamente TERRIBILE per qualcosa di diverso da una pratica familiare di una sola persona. Cerca altrove se vuoi che un vero sistema guardi la tua fatturazione e le tue cartelle cliniche sullo stesso schermo.<br \/>\n<strong>Pro<\/strong>: Niente che non possa essere trovato in ogni altro sistema. Il supporto \u00e8 OK, ma ora stanno perdendo persone e le risposte sono tutte generiche. Usano altri fornitori che hanno familiarit\u00e0 con il sistema per aiutarti a imparare (non necessariamente lo stesso della tua specialit\u00e0). Accessibile da qualsiasi luogo anche dal cellulare. I farmaci ti consentono di scegliere rapidamente i tuoi preferiti.<br \/>\n<strong>Contro<\/strong>: 1. Impossibilit\u00e0 di archiviare diagnosi e problemi senza eliminarli. 2. Incapacit\u00e0 di creare i propri modelli. Questo \u00e8 ENORME. Ti costringono a usarne uno che &#8220;modificheranno&#8221;. In caso contrario, ti addebitano $ 10.000 per un singolo modello. 3. Mappare i codici ICD10 e CPT \u00e8 ridicolo. Devi farlo 2 volte per ogni grafico. Per mappare il codice di diagnosi per la tariffa giornaliera \u00e8 necessario rivedere TUTTI i codici di diagnosi per TUTTI i provider, richiedendo di scorrere per ogni codice inserito. 4. Incapacit\u00e0 di vedere solo i &#8220;vostri&#8221; codici diagnostici. Non esiste un filtro per visualizzare solo i grafici e i codici precedenti. Se la psichiatria ha 4 codici, la medicina di famiglia ha 14 codici, quindi la terapia fisica ha 8 codici, devi guardare 26 codici diversi per ogni visita da eseguire. Tutti hanno elencato ogni visita. 5. Incapacit\u00e0 di vedere i tuoi grafici che devono essere eseguiti se non li hai avviati al momento della visita. Il programma si basa sul tempo, non sul provider. IE., a meno che il provider non entri nel grafico e avvii il grafico, la visita va in una zona fantasma e non viene assegnata a nessun provider. 6. Non puoi guardare la tabella stessa per le medicine precedenti senza prima uscire dalla tabella e poi rientrarvi. 7. Non puoi copiare una nota precedente perch\u00e9 copia la nota precedente immediata (se sei PT copierebbe la medicina di famiglia che era immediatamente prima della tua visita e non PT&#8230; le classifiche non sono speciali). 8. Promemoria: solo installazione per 1 giorno non inferiore.<\/p>\n<p class=\"fw-bold mb-2\"><strong>Leland<br \/>\n<\/strong><span class=\"fw-bold\"><strong>Commenti<\/strong>:<\/span>\u00a0La nostra pratica si chiama Okeechobee Family Practice. Ci troviamo in Florida. Abbiamo utilizzato una societ\u00e0 di servizi di fatturazione esterna dal 2007. Non avevano le conoscenze per aiutarci a essere pagati per quello per cui dovevamo essere pagati. All&#8217;inizio del 2013, scegliamo WRS Health Billing Services.\u00a0Ora i nostri ricavi sono in crescita. Il nostro tasso di rifiuto \u00e8 dell&#8217;1,34%. Il team di fatturazione WRS Health tiene con noi riunioni di analisi della fatturazione ogni mese. Esaminiamo ci\u00f2 che abbiamo fatto e suggeriscono modi in cui possiamo migliorare. Stiamo raccogliendo pi\u00f9 copay ora che WRS Health ci informa esattamente quale \u00e8 il copay del paziente diverse ore prima della visita.\u00a0WRS Health offre controlli e contrappesi in modo da sapere che il denaro sta entrando nella pratica. Abbiamo il controllo delle nostre finanze 24 ore su 24, 7 giorni su 7. Possiamo visualizzare le nostre finanze quando vogliamo. Non dobbiamo preoccuparci che i soldi vengano sottratti alla pratica a nostra insaputa.\u00a0Uno degli stress che WRS Health ha sollevato \u00e8 l&#8217;assunzione e la formazione del personale addetto alla fatturazione. Se un emettitore interno si ammala, la tua fatturazione viene sospesa. Con WRS Health Billing Services, non devo preoccuparmi che la nostra fatturazione si fermi.\u00a0WRS Health ci aiuta a essere pagati velocemente per tutti i servizi che forniamo. Se il medico effettua una visita ambulatoriale e contemporaneamente esegue uno screening, WRS Health ci ricorda che possiamo fatturare entrambi i servizi.\u00a0Infine, WRS Health ci fornisce un&#8217;enorme comunicazione e input. La fatturazione \u00e8 un gioco da ragazzi poich\u00e9 WRS Health si occupa della fatturazione. Quando ho domande, sono molto reattivi. Inoltre, il medico ha pi\u00f9 tempo per concentrarsi sull&#8217;assistenza ai suoi pazienti.<\/p>\n<p class=\"fw-bold mb-2\"><strong>Toni:&#8221;Entusiasta di WRS Health&#8221;<br \/>\n<\/strong><span class=\"fw-bold\"><strong>Commenti<\/strong>:<\/span>\u00a0Sono cos\u00ec entusiasta di WRS Health. Il sistema funziona bene. Ci sono un paio di cose che non posso fare, ma nel complesso \u00e8 eccellente. Abbiamo cinque sedi e anni fa abbiamo utilizzato un altro sistema. Lavoriamo con WRS da novembre 2009 e siamo molto felici. Consiglio assolutamente WRS Health ad altri medici. La nostra unica esitazione era che non fosse compatibile con MAC, ma il servizio clienti era cos\u00ec incredibile che abbiamo deciso di registrarci e aspettare che sviluppassero la compatibilit\u00e0. La lungimiranza e il servizio clienti ci hanno fatto rimanere.\u00a0WRS Health ha aiutato la mia pratica perch\u00e9 \u00e8 un pacchetto ben organizzato. Abbiamo implementato tutti gli aspetti del sistema. L&#8217;adattamento del WRS per ogni singolo sito \u00e8 una vera e propria carta da disegno. Semplifica molti processi per noi, quindi non stiamo facendo attivit\u00e0 ridondanti. Il meccanismo di tracciamento funziona benissimo per noi. L&#8217;educazione del paziente collegata alla diagnosi \u00e8 una caratteristica molto utile. Ho notato miglioramenti nel flusso di lavoro pratico e nell&#8217;efficienza. Significato L&#8217;uso ha funzionato bene per i nostri fornitori di servizi medici.\u00a0Sono felice di dare i complimenti al team di assistenza clienti di WRS Health. Sono diretti e onesti con noi e lo apprezzo. Mi hanno assicurato che una volta arrivati dove dovevamo essere, si sarebbero concentrati sulla compatibilit\u00e0 con il Mac. Hanno mantenuto la parola data e vorrei ringraziare l&#8217;intero team WRS per aver reso WRS compatibile con Mac. Voi ragazzi avete apportato un&#8217;enorme quantit\u00e0 di miglioramenti durante l&#8217;anno e sono rimasto piacevolmente sorpreso quando ho effettuato l&#8217;accesso e sono andato oltre il sistema rispetto ai nomi dei pazienti. Grazie dal profondo del mio cuore!<\/p>\n","protected":false},"excerpt":{"rendered":"<p>WRS Health \u00e8 un&#8217;app per appuntamenti medici, basato su cloud,\u00a0che aiuta i professionisti a gestire le cartelle cliniche elettroniche dei pazienti. Gli strumenti sono progettati per gestire elettronicamente le informazioni cliniche e di fatturazione con facilit\u00e0 ed efficienza. <\/p>\n","protected":false},"author":19,"featured_media":62079,"parent":61834,"menu_order":0,"comment_status":"open","ping_status":"closed","template":"g1_template_page_review_new.php","meta":{"_acf_changed":false,"cwp_meta_box_check":"No","cwp_rev_product_name":"","cwp_rev_product_image":"","wppr_links":[],"cwp_rev_price":"","wppr_options":[],"wppr_pros":[],"wppr_cons":[],"_monsterinsights_skip_tracking":false,"_monsterinsights_sitenote_active":false,"_monsterinsights_sitenote_note":"","_monsterinsights_sitenote_category":0,"footnotes":""},"categories":[13438],"tags":[13440,13441,13444,13443,13442,13480,13489],"features":[],"class_list":{"0":"post-62072","1":"page","2":"type-page","3":"status-publish","4":"has-post-thumbnail","6":"category-app-appuntamenti-medici-cat","7":"tag-app-per-appuntamenti-medici","8":"tag-appuntamenti-medici","9":"tag-piattaforma-per-appuntamenti-medici","10":"tag-programma-per-appuntamenti-medici","11":"tag-software-per-appuntamenti-medici","12":"tag-soluzione-per-appuntamento-medici","13":"tag-wrs-health"},"wppr_data":{"cwp_meta_box_check":"No"},"acf":[],"yoast_head":"<!-- This site is optimized with the Yoast SEO plugin v27.4 - https:\/\/yoast.com\/product\/yoast-seo-wordpress\/ -->\n<title>WRS Health: recensione app per appuntamenti medici - Accurate Reviews<\/title>\n<meta name=\"description\" content=\"WRS Health: recensione app per appuntamenti medici, basata su cloud, che aiuta i professionisti a gestire le cartelle cliniche elettroniche.\" \/>\n<meta name=\"robots\" content=\"index, follow, max-snippet:-1, max-image-preview:large, max-video-preview:-1\" \/>\n<link rel=\"canonical\" href=\"https:\/\/www.accuratereviews.com\/it\/app-appuntamenti-medici\/wrs-health-recensione\/\" \/>\n<meta property=\"og:locale\" content=\"it_IT\" \/>\n<meta property=\"og:type\" content=\"article\" \/>\n<meta property=\"og:title\" content=\"WRS Health: recensione app per appuntamenti medici - Accurate Reviews\" \/>\n<meta property=\"og:description\" content=\"WRS Health: recensione app per appuntamenti medici, basata su cloud, che aiuta i professionisti a gestire le cartelle cliniche elettroniche.\" \/>\n<meta property=\"og:url\" content=\"https:\/\/www.accuratereviews.com\/it\/app-appuntamenti-medici\/wrs-health-recensione\/\" \/>\n<meta property=\"og:site_name\" content=\"Accurate Reviews\" \/>\n<meta property=\"og:image\" content=\"https:\/\/www.accuratereviews.com\/wp-content\/uploads\/2022\/10\/wrs-health.jpg\" \/>\n\t<meta property=\"og:image:width\" content=\"900\" \/>\n\t<meta property=\"og:image:height\" content=\"900\" \/>\n\t<meta property=\"og:image:type\" content=\"image\/jpeg\" \/>\n<meta name=\"twitter:card\" content=\"summary_large_image\" \/>\n<meta name=\"twitter:label1\" content=\"Tempo di lettura stimato\" \/>\n\t<meta name=\"twitter:data1\" content=\"7 minuti\" \/>\n<script type=\"application\/ld+json\" class=\"yoast-schema-graph\">{\"@context\":\"https:\\\/\\\/schema.org\",\"@graph\":[{\"@type\":\"WebPage\",\"@id\":\"https:\\\/\\\/www.accuratereviews.com\\\/it\\\/app-appuntamenti-medici\\\/wrs-health-recensione\\\/\",\"url\":\"https:\\\/\\\/www.accuratereviews.com\\\/it\\\/app-appuntamenti-medici\\\/wrs-health-recensione\\\/\",\"name\":\"WRS Health: recensione app per appuntamenti medici - Accurate Reviews\",\"isPartOf\":{\"@id\":\"https:\\\/\\\/www.accuratereviews.com\\\/it\\\/#website\"},\"primaryImageOfPage\":{\"@id\":\"https:\\\/\\\/www.accuratereviews.com\\\/it\\\/app-appuntamenti-medici\\\/wrs-health-recensione\\\/#primaryimage\"},\"image\":{\"@id\":\"https:\\\/\\\/www.accuratereviews.com\\\/it\\\/app-appuntamenti-medici\\\/wrs-health-recensione\\\/#primaryimage\"},\"thumbnailUrl\":\"https:\\\/\\\/www.accuratereviews.com\\\/wp-content\\\/uploads\\\/2022\\\/10\\\/wrs-health.jpg\",\"datePublished\":\"2022-10-03T17:13:53+00:00\",\"description\":\"WRS Health: recensione app per appuntamenti medici, basata su cloud, che aiuta i professionisti a gestire le cartelle cliniche elettroniche.\",\"breadcrumb\":{\"@id\":\"https:\\\/\\\/www.accuratereviews.com\\\/it\\\/app-appuntamenti-medici\\\/wrs-health-recensione\\\/#breadcrumb\"},\"inLanguage\":\"it-IT\",\"potentialAction\":[{\"@type\":\"ReadAction\",\"target\":[\"https:\\\/\\\/www.accuratereviews.com\\\/it\\\/app-appuntamenti-medici\\\/wrs-health-recensione\\\/\"]}]},{\"@type\":\"ImageObject\",\"inLanguage\":\"it-IT\",\"@id\":\"https:\\\/\\\/www.accuratereviews.com\\\/it\\\/app-appuntamenti-medici\\\/wrs-health-recensione\\\/#primaryimage\",\"url\":\"https:\\\/\\\/www.accuratereviews.com\\\/wp-content\\\/uploads\\\/2022\\\/10\\\/wrs-health.jpg\",\"contentUrl\":\"https:\\\/\\\/www.accuratereviews.com\\\/wp-content\\\/uploads\\\/2022\\\/10\\\/wrs-health.jpg\",\"width\":900,\"height\":900},{\"@type\":\"BreadcrumbList\",\"@id\":\"https:\\\/\\\/www.accuratereviews.com\\\/it\\\/app-appuntamenti-medici\\\/wrs-health-recensione\\\/#breadcrumb\",\"itemListElement\":[{\"@type\":\"ListItem\",\"position\":1,\"name\":\"Home\",\"item\":\"https:\\\/\\\/www.accuratereviews.com\\\/it\\\/\"},{\"@type\":\"ListItem\",\"position\":2,\"name\":\"App per appuntamenti medici\",\"item\":\"https:\\\/\\\/www.accuratereviews.com\\\/it\\\/app-appuntamenti-medici\\\/\"},{\"@type\":\"ListItem\",\"position\":3,\"name\":\"WRS Health\"}]},{\"@type\":\"WebSite\",\"@id\":\"https:\\\/\\\/www.accuratereviews.com\\\/it\\\/#website\",\"url\":\"https:\\\/\\\/www.accuratereviews.com\\\/it\\\/\",\"name\":\"Accurate Reviews\",\"description\":\"\",\"potentialAction\":[{\"@type\":\"SearchAction\",\"target\":{\"@type\":\"EntryPoint\",\"urlTemplate\":\"https:\\\/\\\/www.accuratereviews.com\\\/it\\\/?s={search_term_string}\"},\"query-input\":{\"@type\":\"PropertyValueSpecification\",\"valueRequired\":true,\"valueName\":\"search_term_string\"}}],\"inLanguage\":\"it-IT\"}]}<\/script>\n<!-- \/ Yoast SEO plugin. -->","yoast_head_json":{"title":"WRS Health: recensione app per appuntamenti medici - Accurate Reviews","description":"WRS Health: recensione app per appuntamenti medici, basata su cloud, che aiuta i professionisti a gestire le cartelle cliniche elettroniche.","robots":{"index":"index","follow":"follow","max-snippet":"max-snippet:-1","max-image-preview":"max-image-preview:large","max-video-preview":"max-video-preview:-1"},"canonical":"https:\/\/www.accuratereviews.com\/it\/app-appuntamenti-medici\/wrs-health-recensione\/","og_locale":"it_IT","og_type":"article","og_title":"WRS Health: recensione app per appuntamenti medici - Accurate Reviews","og_description":"WRS Health: recensione app per appuntamenti medici, basata su cloud, che aiuta i professionisti a gestire le cartelle cliniche elettroniche.","og_url":"https:\/\/www.accuratereviews.com\/it\/app-appuntamenti-medici\/wrs-health-recensione\/","og_site_name":"Accurate Reviews","og_image":[{"width":900,"height":900,"url":"https:\/\/www.accuratereviews.com\/wp-content\/uploads\/2022\/10\/wrs-health.jpg","type":"image\/jpeg"}],"twitter_card":"summary_large_image","twitter_misc":{"Tempo di lettura stimato":"7 minuti"},"schema":{"@context":"https:\/\/schema.org","@graph":[{"@type":"WebPage","@id":"https:\/\/www.accuratereviews.com\/it\/app-appuntamenti-medici\/wrs-health-recensione\/","url":"https:\/\/www.accuratereviews.com\/it\/app-appuntamenti-medici\/wrs-health-recensione\/","name":"WRS Health: recensione app per appuntamenti medici - Accurate Reviews","isPartOf":{"@id":"https:\/\/www.accuratereviews.com\/it\/#website"},"primaryImageOfPage":{"@id":"https:\/\/www.accuratereviews.com\/it\/app-appuntamenti-medici\/wrs-health-recensione\/#primaryimage"},"image":{"@id":"https:\/\/www.accuratereviews.com\/it\/app-appuntamenti-medici\/wrs-health-recensione\/#primaryimage"},"thumbnailUrl":"https:\/\/www.accuratereviews.com\/wp-content\/uploads\/2022\/10\/wrs-health.jpg","datePublished":"2022-10-03T17:13:53+00:00","description":"WRS Health: recensione app per appuntamenti medici, basata su cloud, che aiuta i professionisti a gestire le cartelle cliniche elettroniche.","breadcrumb":{"@id":"https:\/\/www.accuratereviews.com\/it\/app-appuntamenti-medici\/wrs-health-recensione\/#breadcrumb"},"inLanguage":"it-IT","potentialAction":[{"@type":"ReadAction","target":["https:\/\/www.accuratereviews.com\/it\/app-appuntamenti-medici\/wrs-health-recensione\/"]}]},{"@type":"ImageObject","inLanguage":"it-IT","@id":"https:\/\/www.accuratereviews.com\/it\/app-appuntamenti-medici\/wrs-health-recensione\/#primaryimage","url":"https:\/\/www.accuratereviews.com\/wp-content\/uploads\/2022\/10\/wrs-health.jpg","contentUrl":"https:\/\/www.accuratereviews.com\/wp-content\/uploads\/2022\/10\/wrs-health.jpg","width":900,"height":900},{"@type":"BreadcrumbList","@id":"https:\/\/www.accuratereviews.com\/it\/app-appuntamenti-medici\/wrs-health-recensione\/#breadcrumb","itemListElement":[{"@type":"ListItem","position":1,"name":"Home","item":"https:\/\/www.accuratereviews.com\/it\/"},{"@type":"ListItem","position":2,"name":"App per appuntamenti medici","item":"https:\/\/www.accuratereviews.com\/it\/app-appuntamenti-medici\/"},{"@type":"ListItem","position":3,"name":"WRS Health"}]},{"@type":"WebSite","@id":"https:\/\/www.accuratereviews.com\/it\/#website","url":"https:\/\/www.accuratereviews.com\/it\/","name":"Accurate Reviews","description":"","potentialAction":[{"@type":"SearchAction","target":{"@type":"EntryPoint","urlTemplate":"https:\/\/www.accuratereviews.com\/it\/?s={search_term_string}"},"query-input":{"@type":"PropertyValueSpecification","valueRequired":true,"valueName":"search_term_string"}}],"inLanguage":"it-IT"}]}},"_links":{"self":[{"href":"https:\/\/www.accuratereviews.com\/it\/wp-json\/wp\/v2\/pages\/62072","targetHints":{"allow":["GET"]}}],"collection":[{"href":"https:\/\/www.accuratereviews.com\/it\/wp-json\/wp\/v2\/pages"}],"about":[{"href":"https:\/\/www.accuratereviews.com\/it\/wp-json\/wp\/v2\/types\/page"}],"author":[{"embeddable":true,"href":"https:\/\/www.accuratereviews.com\/it\/wp-json\/wp\/v2\/users\/19"}],"replies":[{"embeddable":true,"href":"https:\/\/www.accuratereviews.com\/it\/wp-json\/wp\/v2\/comments?post=62072"}],"version-history":[{"count":14,"href":"https:\/\/www.accuratereviews.com\/it\/wp-json\/wp\/v2\/pages\/62072\/revisions"}],"predecessor-version":[{"id":62126,"href":"https:\/\/www.accuratereviews.com\/it\/wp-json\/wp\/v2\/pages\/62072\/revisions\/62126"}],"up":[{"embeddable":true,"href":"https:\/\/www.accuratereviews.com\/it\/wp-json\/wp\/v2\/pages\/61834"}],"wp:featuredmedia":[{"embeddable":true,"href":"https:\/\/www.accuratereviews.com\/it\/wp-json\/wp\/v2\/media\/62079"}],"wp:attachment":[{"href":"https:\/\/www.accuratereviews.com\/it\/wp-json\/wp\/v2\/media?parent=62072"}],"wp:term":[{"taxonomy":"category","embeddable":true,"href":"https:\/\/www.accuratereviews.com\/it\/wp-json\/wp\/v2\/categories?post=62072"},{"taxonomy":"post_tag","embeddable":true,"href":"https:\/\/www.accuratereviews.com\/it\/wp-json\/wp\/v2\/tags?post=62072"},{"taxonomy":"features","embeddable":true,"href":"https:\/\/www.accuratereviews.com\/it\/wp-json\/wp\/v2\/features?post=62072"}],"curies":[{"name":"wp","href":"https:\/\/api.w.org\/{rel}","templated":true}]}}