{"id":62089,"date":"2022-10-03T14:09:51","date_gmt":"2022-10-03T14:09:51","guid":{"rendered":"https:\/\/www.accuratereviews.com\/?page_id=62089"},"modified":"2022-10-03T14:09:51","modified_gmt":"2022-10-03T14:09:51","slug":"therabill-recensione","status":"publish","type":"page","link":"https:\/\/www.accuratereviews.com\/it\/app-appuntamenti-medici\/therabill-recensione\/","title":{"rendered":"Therabill"},"content":{"rendered":"<p><strong>Therabill<\/strong> \u00e8 un <strong>software di fatturazione<\/strong> per professionisti della salute mentale, comportamentale e per gli specialisti in terapia riabilitativa. Con questa piattaforma \u00e8 possibile inoltrare tutte le richieste di rimborso EDI, conformi allo standard HIPAA, alle compagnie assicurative e agli enti pubblici senza creare conti di compensazione. In questo modo il personale sanitario riuscir\u00e0 a risparmiare tempo e risorse.<br \/>\nInoltre <strong>Therabill<\/strong> funziona anche come <strong>app per appuntamenti medici<\/strong> poich\u00e9 integra\u00a0 la programmazione degli appuntamenti con la fatturazione. Infatti \u00e8 possibile sincronizzare il calendario con Google Calendar per avere sempre tutto a portata di mano.<\/p>\n<h2>THERABILL &#8211; TUTORIAL<\/h2>\n<p><a href=\"https:\/\/therabill.zendesk.com\/hc\/en-us\/articles\/360017748891-Intro-to-Therabill?wvideo=6yn7hcpmpd\"><img loading=\"lazy\" decoding=\"async\" class=\"aligncenter\" src=\"https:\/\/embed-ssl.wistia.com\/deliveries\/a2ab4a58b1f00eabd3b7f3d4903ca0e6f6d85050.jpg?image_play_button_size=2x&amp;image_crop_resized=960x540&amp;image_play_button=1&amp;image_play_button_color=00795fe0\" alt=\"\" width=\"400\" height=\"225\" \/><\/a><\/p>\n<h3>THERABILL &#8211; CARATTERISTICHE<\/h3>\n<ul>\n<li><strong>Invio elettronico delle richieste di rimborso<\/strong>: inoltra facilmente le richieste di rimborso EDI conformi allo standard HIPAA, senza pagare le spese per le richieste.<\/li>\n<li><strong>Tecnologia basata sul cloud<\/strong>: accesso e completamento della fatturazione nel cloud. Puoi gestire il tuo studio da qualsiasi computer con una connessione a Internet.<\/li>\n<li><strong>Programmazione<\/strong>: sincronizza il calendario degli appuntamenti con la fatturazione. Semplifica il flusso di lavoro quotidiano del front office con un unico software che ti permette di trascinare gli appuntamenti sul calendario.<\/li>\n<li><strong>Documentazione<\/strong>: archiviazione sicura di tutte le cartelle cliniche dei pazienti nel cloud. L&#8217;EMR consente di documentare le sessioni di salute comportamentale, salute mentale e logopedia da qualsiasi computer con una connessione a Internet.<\/li>\n<li><strong>Rapporti personalizzati e automatizzati<\/strong>: \u00e8 possibile monitorare facilmente il ciclo delle entrate. Accedi ai rapporti sull&#8217;invecchiamento delle richieste, sul saldo delle sessioni e sui pagamenti, oppure crea rapporti personalizzati su clienti, programmi, fornitori o pagamenti.<\/li>\n<li><strong>Account utente<\/strong>: aggiungi un numero illimitato di accessi non legati al fornitore. Con Therabill, puoi creare credenziali di accesso separate per il personale del front office e del back office.<\/li>\n<li><strong>Portali sicuri per i fornitori<\/strong>: metti tutte le informazioni del tuo studio in un unico luogo conforme alle norme HIPAA.<\/li>\n<li><strong>Promemoria appuntamenti<\/strong>: grazie ai promemoria automatici per email, SMS e messaggi vocali, \u00e8 possibile ridurre la mancata presentazione dei pazienti e far risparmiare tempo al personale del front office. Niente pi\u00f9 telefonate di sollecito manuali!<\/li>\n<li><strong>Avviso elettronico di rimessa<\/strong>: grazie alla funzionalit\u00e0 ERA (Electronic Remittance Advice) di Therabill, \u00e8 possibile inserire facilmente i pagamenti dell&#8217;assicurazione e dei pazienti con un semplice clic.<\/li>\n<li><strong>Fatturazione ai pazienti<\/strong>: due diversi formati di estratto conto: bilancio e libro mastro. Scegli quello che preferisci e fattura rapidamente ai tuoi pazienti.<\/li>\n<\/ul>\n<h4>LE RECENSIONI DEGLI UTENTI<\/h4>\n<p><strong>Nick &#8220;TheraBill, buon strumento, supporto non reattivo&#8221;<\/strong><br \/>\nCommenti: Sono un utente di questo strumento da oltre 2 anni, tutto \u00e8 stato molto positivo, un sacco di funzioni, molti buoni modelli, e abbastanza facile da configurare e utilizzare. Tuttavia, il nostro studio si trova a Phoenix AZ, e questo strumento non supporta il fuso orario di Phoenix AZ per Google Calendar. Ho inviato oltre 6 segnalazioni di bug, ma non ho ricevuto una risposta soddisfacente. Diversi addetti all&#8217;assistenza clienti hanno seguito la stessa strada (assicurarsi che il calendario di Google sia nel fuso orario corretto), ma hanno etichettato il bug come risolto e poi non hanno risposto. Mi sono arreso e non utilizzer\u00f2 pi\u00f9 questa funzione. \u00c8 un peccato, perch\u00e9 ai nostri pazienti piace ricevere le email di promemoria, ma finch\u00e9 questo bug non sar\u00e0 risolto, non potremo inviare loro i promemoria, n\u00e9 popolare i calendari Google dei nostri terapeuti con i loro appuntamenti.<br \/>\nPro: Ottime funzioni, ottimo valore, molto intuitivo<br \/>\nContro: Assistenza clienti<\/p>\n<p><strong>Tom &#8220;Facile da usare&#8221;<\/strong><br \/>\nCommenti: Ci piace molto questo software, \u00e8 stato un grande miglioramento per noi e siamo ansiosi di vedere le nuove funzionalit\u00e0 quando saranno pronte per essere installate.<br \/>\nPro: la codifica a colori \u00e8 sorprendentemente non solo attraente ma anche molto efficiente e gratificante. Ai nostri terapeuti piace molto la possibilit\u00e0 di comunicare in modo sicuro con i clienti attraverso il portale dei pazienti. La possibilit\u00e0 di elaborare i pagamenti (in particolare le carte di credito) all&#8217;interno del sistema \u00e8 stato un enorme risparmio di tempo.<br \/>\nContro: vorremmo vedere pi\u00f9 opzioni per i nostri amministratori per personalizzare alcuni layout e report, vorremmo vedere l&#8217;opzione di cercare i clienti pi\u00f9 facilmente e spostare la scheda &#8220;seleziona terapisti&#8221; dall&#8217;angolo in basso (a volte \u00e8 molto difficile da raggiungere). Ci piacerebbe vedere un modo pi\u00f9 specifico per comunicare tra amministratori, terapisti e clienti. Sarebbe stato bello avere un sistema pi\u00f9 semplice per migrare i nostri (allora) attuali clienti in questo nuovo sistema.<\/p>\n<p><strong>LaTeasha &#8220;Prodotto incredibile&#8221;<\/strong><br \/>\nCommenti: La mia esperienza complessiva \u00e8 stata ottima. Ho utilizzato questo prodotto negli ultimi 5 anni e rimango sempre stupito di come siano in grado di tenere il passo con la tecnologia in continua evoluzione. Mi sento come se la mia attivit\u00e0 fosse all&#8217;avanguardia della tecnologia, grazie a Therabill!<br \/>\nPro: mi piace il fatto di avere accesso all&#8217;assistenza (una persona in carne e ossa, che ascolta i miei problemi e risolve qualsiasi questione si presenti).<br \/>\nContro: Non posso dire che ci sia qualcosa che mi piace meno del software.<\/p>\n","protected":false},"excerpt":{"rendered":"<p>Therabill \u00e8 un software di fatturazione per professionisti della salute mentale, comportamentale e per gli specialisti in terapia riabilitativa. Con questa piattaforma \u00e8 possibile inoltrare tutte le richieste di rimborso EDI, conformi allo standard HIPAA, alle compagnie assicurative e agli enti pubblici senza creare conti di compensazione.<\/p>\n","protected":false},"author":17,"featured_media":62090,"parent":61834,"menu_order":0,"comment_status":"open","ping_status":"closed","template":"g1_template_page_review_new.php","meta":{"_acf_changed":false,"cwp_meta_box_check":"No","cwp_rev_product_name":"","cwp_rev_product_image":"","wppr_links":[],"cwp_rev_price":"","wppr_options":[],"wppr_pros":[],"wppr_cons":[],"_monsterinsights_skip_tracking":false,"_monsterinsights_sitenote_active":false,"_monsterinsights_sitenote_note":"","_monsterinsights_sitenote_category":0,"footnotes":""},"categories":[13438],"tags":[13440,13444,13443,13442,4250],"features":[],"class_list":{"0":"post-62089","1":"page","2":"type-page","3":"status-publish","4":"has-post-thumbnail","6":"category-app-appuntamenti-medici-cat","7":"tag-app-per-appuntamenti-medici","8":"tag-piattaforma-per-appuntamenti-medici","9":"tag-programma-per-appuntamenti-medici","10":"tag-software-per-appuntamenti-medici","11":"tag-soluzione-gestionale-per-appuntamenti"},"wppr_data":{"cwp_meta_box_check":"No"},"acf":[],"yoast_head":"<!-- This site is optimized with the Yoast SEO plugin v27.4 - https:\/\/yoast.com\/product\/yoast-seo-wordpress\/ -->\n<title>Therabill: recensione app appuntamenti medici - Accurate Reviews<\/title>\n<meta name=\"description\" content=\"Therabill: recensione del software di fatturazione per professionisti della salute mentale, comportamentale e terapia riabilitativa.\" \/>\n<meta name=\"robots\" content=\"index, follow, max-snippet:-1, max-image-preview:large, max-video-preview:-1\" \/>\n<link rel=\"canonical\" href=\"https:\/\/www.accuratereviews.com\/it\/app-appuntamenti-medici\/therabill-recensione\/\" \/>\n<meta property=\"og:locale\" content=\"it_IT\" \/>\n<meta property=\"og:type\" content=\"article\" \/>\n<meta property=\"og:title\" content=\"Therabill: recensione app appuntamenti medici - Accurate Reviews\" \/>\n<meta property=\"og:description\" content=\"Therabill: recensione del software di fatturazione per professionisti della salute mentale, comportamentale e terapia riabilitativa.\" \/>\n<meta property=\"og:url\" content=\"https:\/\/www.accuratereviews.com\/it\/app-appuntamenti-medici\/therabill-recensione\/\" \/>\n<meta property=\"og:site_name\" content=\"Accurate Reviews\" \/>\n<meta property=\"og:image\" content=\"https:\/\/www.accuratereviews.com\/wp-content\/uploads\/2022\/10\/webpt-therabill.png\" \/>\n\t<meta property=\"og:image:width\" content=\"600\" \/>\n\t<meta property=\"og:image:height\" content=\"315\" \/>\n\t<meta property=\"og:image:type\" content=\"image\/png\" \/>\n<meta name=\"twitter:card\" content=\"summary_large_image\" \/>\n<meta name=\"twitter:label1\" content=\"Tempo di lettura stimato\" \/>\n\t<meta name=\"twitter:data1\" content=\"5 minuti\" \/>\n<script type=\"application\/ld+json\" class=\"yoast-schema-graph\">{\"@context\":\"https:\\\/\\\/schema.org\",\"@graph\":[{\"@type\":\"WebPage\",\"@id\":\"https:\\\/\\\/www.accuratereviews.com\\\/it\\\/app-appuntamenti-medici\\\/therabill-recensione\\\/\",\"url\":\"https:\\\/\\\/www.accuratereviews.com\\\/it\\\/app-appuntamenti-medici\\\/therabill-recensione\\\/\",\"name\":\"Therabill: recensione app appuntamenti medici - Accurate Reviews\",\"isPartOf\":{\"@id\":\"https:\\\/\\\/www.accuratereviews.com\\\/it\\\/#website\"},\"primaryImageOfPage\":{\"@id\":\"https:\\\/\\\/www.accuratereviews.com\\\/it\\\/app-appuntamenti-medici\\\/therabill-recensione\\\/#primaryimage\"},\"image\":{\"@id\":\"https:\\\/\\\/www.accuratereviews.com\\\/it\\\/app-appuntamenti-medici\\\/therabill-recensione\\\/#primaryimage\"},\"thumbnailUrl\":\"https:\\\/\\\/www.accuratereviews.com\\\/wp-content\\\/uploads\\\/2022\\\/10\\\/webpt-therabill.png\",\"datePublished\":\"2022-10-03T14:09:51+00:00\",\"description\":\"Therabill: recensione del software di fatturazione per professionisti della salute mentale, comportamentale e terapia riabilitativa.\",\"breadcrumb\":{\"@id\":\"https:\\\/\\\/www.accuratereviews.com\\\/it\\\/app-appuntamenti-medici\\\/therabill-recensione\\\/#breadcrumb\"},\"inLanguage\":\"it-IT\",\"potentialAction\":[{\"@type\":\"ReadAction\",\"target\":[\"https:\\\/\\\/www.accuratereviews.com\\\/it\\\/app-appuntamenti-medici\\\/therabill-recensione\\\/\"]}]},{\"@type\":\"ImageObject\",\"inLanguage\":\"it-IT\",\"@id\":\"https:\\\/\\\/www.accuratereviews.com\\\/it\\\/app-appuntamenti-medici\\\/therabill-recensione\\\/#primaryimage\",\"url\":\"https:\\\/\\\/www.accuratereviews.com\\\/wp-content\\\/uploads\\\/2022\\\/10\\\/webpt-therabill.png\",\"contentUrl\":\"https:\\\/\\\/www.accuratereviews.com\\\/wp-content\\\/uploads\\\/2022\\\/10\\\/webpt-therabill.png\",\"width\":600,\"height\":315},{\"@type\":\"BreadcrumbList\",\"@id\":\"https:\\\/\\\/www.accuratereviews.com\\\/it\\\/app-appuntamenti-medici\\\/therabill-recensione\\\/#breadcrumb\",\"itemListElement\":[{\"@type\":\"ListItem\",\"position\":1,\"name\":\"Home\",\"item\":\"https:\\\/\\\/www.accuratereviews.com\\\/it\\\/\"},{\"@type\":\"ListItem\",\"position\":2,\"name\":\"App per appuntamenti medici\",\"item\":\"https:\\\/\\\/www.accuratereviews.com\\\/it\\\/app-appuntamenti-medici\\\/\"},{\"@type\":\"ListItem\",\"position\":3,\"name\":\"Therabill\"}]},{\"@type\":\"WebSite\",\"@id\":\"https:\\\/\\\/www.accuratereviews.com\\\/it\\\/#website\",\"url\":\"https:\\\/\\\/www.accuratereviews.com\\\/it\\\/\",\"name\":\"Accurate Reviews\",\"description\":\"\",\"potentialAction\":[{\"@type\":\"SearchAction\",\"target\":{\"@type\":\"EntryPoint\",\"urlTemplate\":\"https:\\\/\\\/www.accuratereviews.com\\\/it\\\/?s={search_term_string}\"},\"query-input\":{\"@type\":\"PropertyValueSpecification\",\"valueRequired\":true,\"valueName\":\"search_term_string\"}}],\"inLanguage\":\"it-IT\"}]}<\/script>\n<!-- \/ Yoast SEO plugin. -->","yoast_head_json":{"title":"Therabill: recensione app appuntamenti medici - Accurate Reviews","description":"Therabill: recensione del software di fatturazione per professionisti della salute mentale, comportamentale e terapia riabilitativa.","robots":{"index":"index","follow":"follow","max-snippet":"max-snippet:-1","max-image-preview":"max-image-preview:large","max-video-preview":"max-video-preview:-1"},"canonical":"https:\/\/www.accuratereviews.com\/it\/app-appuntamenti-medici\/therabill-recensione\/","og_locale":"it_IT","og_type":"article","og_title":"Therabill: recensione app appuntamenti medici - Accurate Reviews","og_description":"Therabill: recensione del software di fatturazione per professionisti della salute mentale, comportamentale e terapia riabilitativa.","og_url":"https:\/\/www.accuratereviews.com\/it\/app-appuntamenti-medici\/therabill-recensione\/","og_site_name":"Accurate Reviews","og_image":[{"width":600,"height":315,"url":"https:\/\/www.accuratereviews.com\/wp-content\/uploads\/2022\/10\/webpt-therabill.png","type":"image\/png"}],"twitter_card":"summary_large_image","twitter_misc":{"Tempo di lettura stimato":"5 minuti"},"schema":{"@context":"https:\/\/schema.org","@graph":[{"@type":"WebPage","@id":"https:\/\/www.accuratereviews.com\/it\/app-appuntamenti-medici\/therabill-recensione\/","url":"https:\/\/www.accuratereviews.com\/it\/app-appuntamenti-medici\/therabill-recensione\/","name":"Therabill: recensione app appuntamenti medici - Accurate Reviews","isPartOf":{"@id":"https:\/\/www.accuratereviews.com\/it\/#website"},"primaryImageOfPage":{"@id":"https:\/\/www.accuratereviews.com\/it\/app-appuntamenti-medici\/therabill-recensione\/#primaryimage"},"image":{"@id":"https:\/\/www.accuratereviews.com\/it\/app-appuntamenti-medici\/therabill-recensione\/#primaryimage"},"thumbnailUrl":"https:\/\/www.accuratereviews.com\/wp-content\/uploads\/2022\/10\/webpt-therabill.png","datePublished":"2022-10-03T14:09:51+00:00","description":"Therabill: recensione del software di fatturazione per professionisti della salute mentale, comportamentale e terapia riabilitativa.","breadcrumb":{"@id":"https:\/\/www.accuratereviews.com\/it\/app-appuntamenti-medici\/therabill-recensione\/#breadcrumb"},"inLanguage":"it-IT","potentialAction":[{"@type":"ReadAction","target":["https:\/\/www.accuratereviews.com\/it\/app-appuntamenti-medici\/therabill-recensione\/"]}]},{"@type":"ImageObject","inLanguage":"it-IT","@id":"https:\/\/www.accuratereviews.com\/it\/app-appuntamenti-medici\/therabill-recensione\/#primaryimage","url":"https:\/\/www.accuratereviews.com\/wp-content\/uploads\/2022\/10\/webpt-therabill.png","contentUrl":"https:\/\/www.accuratereviews.com\/wp-content\/uploads\/2022\/10\/webpt-therabill.png","width":600,"height":315},{"@type":"BreadcrumbList","@id":"https:\/\/www.accuratereviews.com\/it\/app-appuntamenti-medici\/therabill-recensione\/#breadcrumb","itemListElement":[{"@type":"ListItem","position":1,"name":"Home","item":"https:\/\/www.accuratereviews.com\/it\/"},{"@type":"ListItem","position":2,"name":"App per appuntamenti medici","item":"https:\/\/www.accuratereviews.com\/it\/app-appuntamenti-medici\/"},{"@type":"ListItem","position":3,"name":"Therabill"}]},{"@type":"WebSite","@id":"https:\/\/www.accuratereviews.com\/it\/#website","url":"https:\/\/www.accuratereviews.com\/it\/","name":"Accurate Reviews","description":"","potentialAction":[{"@type":"SearchAction","target":{"@type":"EntryPoint","urlTemplate":"https:\/\/www.accuratereviews.com\/it\/?s={search_term_string}"},"query-input":{"@type":"PropertyValueSpecification","valueRequired":true,"valueName":"search_term_string"}}],"inLanguage":"it-IT"}]}},"_links":{"self":[{"href":"https:\/\/www.accuratereviews.com\/it\/wp-json\/wp\/v2\/pages\/62089","targetHints":{"allow":["GET"]}}],"collection":[{"href":"https:\/\/www.accuratereviews.com\/it\/wp-json\/wp\/v2\/pages"}],"about":[{"href":"https:\/\/www.accuratereviews.com\/it\/wp-json\/wp\/v2\/types\/page"}],"author":[{"embeddable":true,"href":"https:\/\/www.accuratereviews.com\/it\/wp-json\/wp\/v2\/users\/17"}],"replies":[{"embeddable":true,"href":"https:\/\/www.accuratereviews.com\/it\/wp-json\/wp\/v2\/comments?post=62089"}],"version-history":[{"count":3,"href":"https:\/\/www.accuratereviews.com\/it\/wp-json\/wp\/v2\/pages\/62089\/revisions"}],"predecessor-version":[{"id":62120,"href":"https:\/\/www.accuratereviews.com\/it\/wp-json\/wp\/v2\/pages\/62089\/revisions\/62120"}],"up":[{"embeddable":true,"href":"https:\/\/www.accuratereviews.com\/it\/wp-json\/wp\/v2\/pages\/61834"}],"wp:featuredmedia":[{"embeddable":true,"href":"https:\/\/www.accuratereviews.com\/it\/wp-json\/wp\/v2\/media\/62090"}],"wp:attachment":[{"href":"https:\/\/www.accuratereviews.com\/it\/wp-json\/wp\/v2\/media?parent=62089"}],"wp:term":[{"taxonomy":"category","embeddable":true,"href":"https:\/\/www.accuratereviews.com\/it\/wp-json\/wp\/v2\/categories?post=62089"},{"taxonomy":"post_tag","embeddable":true,"href":"https:\/\/www.accuratereviews.com\/it\/wp-json\/wp\/v2\/tags?post=62089"},{"taxonomy":"features","embeddable":true,"href":"https:\/\/www.accuratereviews.com\/it\/wp-json\/wp\/v2\/features?post=62089"}],"curies":[{"name":"wp","href":"https:\/\/api.w.org\/{rel}","templated":true}]}}