{"id":6212,"date":"2015-11-12T09:04:08","date_gmt":"2015-11-12T09:04:08","guid":{"rendered":"http:\/\/www.accuratereviews.com\/it\/antivirus-la-lista-dei-migliori\/cyren-f-prot-antivirus-for-windows-corporate\/"},"modified":"2019-06-05T14:35:27","modified_gmt":"2019-06-05T14:35:27","slug":"cyren-f-prot-antivirus-for-windows-corporate","status":"publish","type":"page","link":"https:\/\/www.accuratereviews.com\/it\/antivirus-la-lista-dei-migliori\/cyren-f-prot-antivirus-for-windows-corporate\/","title":{"rendered":"Cyren F-PROT Antivirus for Windows Corporate"},"content":{"rendered":"<div id=\"attachment_1947\" style=\"width: 785px\" class=\"wp-caption alignnone\"><a href=\"http:\/\/www.accuratereviews.com\/wp-content\/uploads\/2015\/11\/F-Prot-Antivirus-Home-Edition.jpg\"><img loading=\"lazy\" decoding=\"async\" aria-describedby=\"caption-attachment-1947\" class=\"size-full wp-image-1947\" src=\"http:\/\/www.accuratereviews.com\/wp-content\/uploads\/2015\/11\/F-Prot-Antivirus-Home-Edition.jpg\" alt=\"F-Prot Antivirus Home Edition\" width=\"775\" height=\"532\" srcset=\"https:\/\/www.accuratereviews.com\/wp-content\/uploads\/2015\/11\/F-Prot-Antivirus-Home-Edition.jpg 775w, https:\/\/www.accuratereviews.com\/wp-content\/uploads\/2015\/11\/F-Prot-Antivirus-Home-Edition-300x206.jpg 300w, https:\/\/www.accuratereviews.com\/wp-content\/uploads\/2015\/11\/F-Prot-Antivirus-Home-Edition-182x125.jpg 182w, https:\/\/www.accuratereviews.com\/wp-content\/uploads\/2015\/11\/F-Prot-Antivirus-Home-Edition-50x34.jpg 50w, https:\/\/www.accuratereviews.com\/wp-content\/uploads\/2015\/11\/F-Prot-Antivirus-Home-Edition-636x437.jpg 636w, https:\/\/www.accuratereviews.com\/wp-content\/uploads\/2015\/11\/F-Prot-Antivirus-Home-Edition-320x220.jpg 320w, https:\/\/www.accuratereviews.com\/wp-content\/uploads\/2015\/11\/F-Prot-Antivirus-Home-Edition-239x164.jpg 239w\" sizes=\"auto, (max-width: 775px) 100vw, 775px\" \/><\/a><p id=\"caption-attachment-1947\" class=\"wp-caption-text\">F-Prot Antivirus Home Edition<\/p><\/div>\n<p>Una protezione dai virus costante e serrata \u00e8 essenziale per qualsiasi azienda e <strong>F-PROT Antivirus for Windows Corporate<\/strong> \u00e8 una buona scelta per chi vuole proteggersi da virus, worm, Trojan e minacce di vario genere. <strong>F-PROT Antivirus<\/strong> \u00e8 rapido durante lo scan, facile da utilizzare e installare e non ha impatto sulle risorse del vostro computer. Questo antivirus professionale combina un eccellente sistema di identificazione delle minacce, un&#8217;interfaccia a misura di utente e flessibilit\u00e0, il tutto in una suite leggera e pensata soprattutto per le piccole aziende. F-PROT Antivirus fornisce infatti una <strong>protezione completa senza avere effetti negativi sulla produttivit\u00e0<\/strong>.<\/p>\n<p>Il rilevamento dei malware signature-based con l&#8217;utilizzo dell&#8217;euristica avanzata offre un&#8217;ottima protezione da un ampio raggio di minacce.<\/p>\n<p>F-PROT promette <strong>pochissimi falsi positivi<\/strong>, l&#8217;aggiunta costante di nuove funzionalit\u00e0 utili, il rilascio costante di upgrade sia software che al database dei virus. Il software effettua la scansione e disinfetta tutti i tipi di file, inclusi quelli scaricati da browser e da client di posta elettronica, identifica eventuali software malevoli e protegge dai download di codice ActiveX.<\/p>\n<p>\u00c8 possibile anche <strong>programmare gli scan<\/strong> in date e orari specifici, con possibilit\u00e0 di escludere file sia dalla scansione automatica che da quella manuale. Esattamente come avviene nel caso di <a href=\"https:\/\/www.accuratereviews.com\/it\/antivirus-la-lista-dei-migliori\/cyren-f-prot-antivirus\/\" target=\"_blank\" rel=\"noopener noreferrer\">F-PROT Antivirus Home Edition<\/a>, anche nella versione business i file sospetti\/infetti vengono spostati direttamente in un&#8217;area di quarantena in cui vengono disinfettati o eliminati.<\/p>\n<p>Per un ulteriore livello di sicurezza, F-Prot permette la protezione delle impostazioni con password, cos\u00ec da prevenire modifiche non autorizzate. Il supporto clienti \u00e8 rapido, disponibile sia online che via email. \u00c8 disponibile un periodo di prova di 30 giorni gratuito e completo di ogni funzionalit\u00e0, al termine del quale \u00e8 possibile acquistare una licenza.<\/p>\n<p><strong>I sistemi operativi supportati sono<\/strong>: Windows XP, tutte le edizioni di Windows Vista \/ 7 \/ 8 \/ 8.1 \/ 10, tutte le edizioni di Windows Server 2003 \/ 2003 R2, Windows Server 2008 \/ 2008 R2, Windows Server 2012 \/ 2012 R2.<\/p>\n","protected":false},"excerpt":{"rendered":"<p>Steady virus protection is essential for companies and F-PROT Antivirus for Windows Corporate is a good choice that protects against worms, viruses, and Trojans ensuring care from known viruses and threats. F-PROT Antivirus is quick, easy to use, light on computer resources and easy to install.<\/p>\n","protected":false},"author":16,"featured_media":0,"parent":5635,"menu_order":12,"comment_status":"open","ping_status":"closed","template":"g1_template_page_review_new.php","meta":{"_acf_changed":false,"cwp_meta_box_check":"Yes","cwp_rev_product_name":"","cwp_rev_product_image":"","wppr_links":[],"cwp_rev_price":"","wppr_options":[],"wppr_pros":[],"wppr_cons":[],"_monsterinsights_skip_tracking":false,"_monsterinsights_sitenote_active":false,"_monsterinsights_sitenote_note":"","_monsterinsights_sitenote_category":0,"footnotes":""},"categories":[109],"tags":[733,757,735,734,712,728],"features":[],"class_list":{"0":"post-6212","1":"page","2":"type-page","3":"status-publish","5":"category-antivirus-software-pc-it","6":"tag-programma-antivirus-per-pc","7":"tag-protezione-completa","8":"tag-scansioni","9":"tag-software-antivirus-per-pc","10":"tag-trojan","11":"tag-worm"},"wppr_data":{"cwp_meta_box_check":"Yes","cwp_rev_product_name":"","cwp_rev_product_image":"","cwp_image_link":"image","cwp_rev_price":"","wppr_rating":"0.00"},"acf":[],"yoast_head":"<!-- This site is optimized with the Yoast SEO plugin v27.4 - https:\/\/yoast.com\/product\/yoast-seo-wordpress\/ -->\n<title>F-PROT Antivirus Corporate recensione miglior antivirus Accurate Reviews<\/title>\n<meta name=\"description\" content=\"F-PROT Antivirus for Windows Corporate \u00e8 una buona scelta per chi vuole proteggersi da virus, worm, Trojan e minacce di vario genere.\" \/>\n<meta name=\"robots\" content=\"index, follow, max-snippet:-1, max-image-preview:large, max-video-preview:-1\" \/>\n<link rel=\"canonical\" href=\"https:\/\/www.accuratereviews.com\/it\/antivirus-la-lista-dei-migliori\/cyren-f-prot-antivirus-for-windows-corporate\/\" \/>\n<meta property=\"og:locale\" content=\"it_IT\" \/>\n<meta property=\"og:type\" content=\"article\" \/>\n<meta property=\"og:title\" content=\"F-PROT Antivirus Corporate recensione miglior antivirus Accurate Reviews\" \/>\n<meta property=\"og:description\" content=\"F-PROT Antivirus for Windows Corporate \u00e8 una buona scelta per chi vuole proteggersi da virus, worm, Trojan e minacce di vario genere.\" \/>\n<meta property=\"og:url\" content=\"https:\/\/www.accuratereviews.com\/it\/antivirus-la-lista-dei-migliori\/cyren-f-prot-antivirus-for-windows-corporate\/\" \/>\n<meta property=\"og:site_name\" content=\"Accurate Reviews\" \/>\n<meta property=\"article:modified_time\" content=\"2019-06-05T14:35:27+00:00\" \/>\n<meta property=\"og:image\" content=\"http:\/\/www.accuratereviews.com\/wp-content\/uploads\/2015\/11\/F-Prot-Antivirus-Home-Edition.jpg\" \/>\n<meta name=\"twitter:card\" content=\"summary_large_image\" \/>\n<meta name=\"twitter:label1\" content=\"Tempo di lettura stimato\" \/>\n\t<meta name=\"twitter:data1\" content=\"2 minuti\" \/>\n<script type=\"application\/ld+json\" class=\"yoast-schema-graph\">{\"@context\":\"https:\\\/\\\/schema.org\",\"@graph\":[{\"@type\":\"WebPage\",\"@id\":\"https:\\\/\\\/www.accuratereviews.com\\\/it\\\/antivirus-la-lista-dei-migliori\\\/cyren-f-prot-antivirus-for-windows-corporate\\\/\",\"url\":\"https:\\\/\\\/www.accuratereviews.com\\\/it\\\/antivirus-la-lista-dei-migliori\\\/cyren-f-prot-antivirus-for-windows-corporate\\\/\",\"name\":\"F-PROT Antivirus Corporate recensione miglior antivirus Accurate Reviews\",\"isPartOf\":{\"@id\":\"https:\\\/\\\/www.accuratereviews.com\\\/it\\\/#website\"},\"primaryImageOfPage\":{\"@id\":\"https:\\\/\\\/www.accuratereviews.com\\\/it\\\/antivirus-la-lista-dei-migliori\\\/cyren-f-prot-antivirus-for-windows-corporate\\\/#primaryimage\"},\"image\":{\"@id\":\"https:\\\/\\\/www.accuratereviews.com\\\/it\\\/antivirus-la-lista-dei-migliori\\\/cyren-f-prot-antivirus-for-windows-corporate\\\/#primaryimage\"},\"thumbnailUrl\":\"http:\\\/\\\/www.accuratereviews.com\\\/wp-content\\\/uploads\\\/2015\\\/11\\\/F-Prot-Antivirus-Home-Edition.jpg\",\"datePublished\":\"2015-11-12T09:04:08+00:00\",\"dateModified\":\"2019-06-05T14:35:27+00:00\",\"description\":\"F-PROT Antivirus for Windows Corporate \u00e8 una buona scelta per chi vuole proteggersi da virus, worm, Trojan e minacce di vario genere.\",\"breadcrumb\":{\"@id\":\"https:\\\/\\\/www.accuratereviews.com\\\/it\\\/antivirus-la-lista-dei-migliori\\\/cyren-f-prot-antivirus-for-windows-corporate\\\/#breadcrumb\"},\"inLanguage\":\"it-IT\",\"potentialAction\":[{\"@type\":\"ReadAction\",\"target\":[\"https:\\\/\\\/www.accuratereviews.com\\\/it\\\/antivirus-la-lista-dei-migliori\\\/cyren-f-prot-antivirus-for-windows-corporate\\\/\"]}]},{\"@type\":\"ImageObject\",\"inLanguage\":\"it-IT\",\"@id\":\"https:\\\/\\\/www.accuratereviews.com\\\/it\\\/antivirus-la-lista-dei-migliori\\\/cyren-f-prot-antivirus-for-windows-corporate\\\/#primaryimage\",\"url\":\"http:\\\/\\\/www.accuratereviews.com\\\/wp-content\\\/uploads\\\/2015\\\/11\\\/F-Prot-Antivirus-Home-Edition.jpg\",\"contentUrl\":\"http:\\\/\\\/www.accuratereviews.com\\\/wp-content\\\/uploads\\\/2015\\\/11\\\/F-Prot-Antivirus-Home-Edition.jpg\"},{\"@type\":\"BreadcrumbList\",\"@id\":\"https:\\\/\\\/www.accuratereviews.com\\\/it\\\/antivirus-la-lista-dei-migliori\\\/cyren-f-prot-antivirus-for-windows-corporate\\\/#breadcrumb\",\"itemListElement\":[{\"@type\":\"ListItem\",\"position\":1,\"name\":\"Home\",\"item\":\"https:\\\/\\\/www.accuratereviews.com\\\/it\\\/\"},{\"@type\":\"ListItem\",\"position\":2,\"name\":\"Antivirus: i Migliori Antivirus per PC\",\"item\":\"https:\\\/\\\/www.accuratereviews.com\\\/it\\\/antivirus-la-lista-dei-migliori\\\/\"},{\"@type\":\"ListItem\",\"position\":3,\"name\":\"Cyren F-PROT Antivirus for Windows Corporate\"}]},{\"@type\":\"WebSite\",\"@id\":\"https:\\\/\\\/www.accuratereviews.com\\\/it\\\/#website\",\"url\":\"https:\\\/\\\/www.accuratereviews.com\\\/it\\\/\",\"name\":\"Accurate Reviews\",\"description\":\"\",\"potentialAction\":[{\"@type\":\"SearchAction\",\"target\":{\"@type\":\"EntryPoint\",\"urlTemplate\":\"https:\\\/\\\/www.accuratereviews.com\\\/it\\\/?s={search_term_string}\"},\"query-input\":{\"@type\":\"PropertyValueSpecification\",\"valueRequired\":true,\"valueName\":\"search_term_string\"}}],\"inLanguage\":\"it-IT\"}]}<\/script>\n<!-- \/ Yoast SEO plugin. -->","yoast_head_json":{"title":"F-PROT Antivirus Corporate recensione miglior antivirus Accurate Reviews","description":"F-PROT Antivirus for Windows Corporate \u00e8 una buona scelta per chi vuole proteggersi da virus, worm, Trojan e minacce di vario genere.","robots":{"index":"index","follow":"follow","max-snippet":"max-snippet:-1","max-image-preview":"max-image-preview:large","max-video-preview":"max-video-preview:-1"},"canonical":"https:\/\/www.accuratereviews.com\/it\/antivirus-la-lista-dei-migliori\/cyren-f-prot-antivirus-for-windows-corporate\/","og_locale":"it_IT","og_type":"article","og_title":"F-PROT Antivirus Corporate recensione miglior antivirus Accurate Reviews","og_description":"F-PROT Antivirus for Windows Corporate \u00e8 una buona scelta per chi vuole proteggersi da virus, worm, Trojan e minacce di vario genere.","og_url":"https:\/\/www.accuratereviews.com\/it\/antivirus-la-lista-dei-migliori\/cyren-f-prot-antivirus-for-windows-corporate\/","og_site_name":"Accurate Reviews","article_modified_time":"2019-06-05T14:35:27+00:00","og_image":[{"url":"http:\/\/www.accuratereviews.com\/wp-content\/uploads\/2015\/11\/F-Prot-Antivirus-Home-Edition.jpg","type":"","width":"","height":""}],"twitter_card":"summary_large_image","twitter_misc":{"Tempo di lettura stimato":"2 minuti"},"schema":{"@context":"https:\/\/schema.org","@graph":[{"@type":"WebPage","@id":"https:\/\/www.accuratereviews.com\/it\/antivirus-la-lista-dei-migliori\/cyren-f-prot-antivirus-for-windows-corporate\/","url":"https:\/\/www.accuratereviews.com\/it\/antivirus-la-lista-dei-migliori\/cyren-f-prot-antivirus-for-windows-corporate\/","name":"F-PROT Antivirus Corporate recensione miglior antivirus Accurate Reviews","isPartOf":{"@id":"https:\/\/www.accuratereviews.com\/it\/#website"},"primaryImageOfPage":{"@id":"https:\/\/www.accuratereviews.com\/it\/antivirus-la-lista-dei-migliori\/cyren-f-prot-antivirus-for-windows-corporate\/#primaryimage"},"image":{"@id":"https:\/\/www.accuratereviews.com\/it\/antivirus-la-lista-dei-migliori\/cyren-f-prot-antivirus-for-windows-corporate\/#primaryimage"},"thumbnailUrl":"http:\/\/www.accuratereviews.com\/wp-content\/uploads\/2015\/11\/F-Prot-Antivirus-Home-Edition.jpg","datePublished":"2015-11-12T09:04:08+00:00","dateModified":"2019-06-05T14:35:27+00:00","description":"F-PROT Antivirus for Windows Corporate \u00e8 una buona scelta per chi vuole proteggersi da virus, worm, Trojan e minacce di vario genere.","breadcrumb":{"@id":"https:\/\/www.accuratereviews.com\/it\/antivirus-la-lista-dei-migliori\/cyren-f-prot-antivirus-for-windows-corporate\/#breadcrumb"},"inLanguage":"it-IT","potentialAction":[{"@type":"ReadAction","target":["https:\/\/www.accuratereviews.com\/it\/antivirus-la-lista-dei-migliori\/cyren-f-prot-antivirus-for-windows-corporate\/"]}]},{"@type":"ImageObject","inLanguage":"it-IT","@id":"https:\/\/www.accuratereviews.com\/it\/antivirus-la-lista-dei-migliori\/cyren-f-prot-antivirus-for-windows-corporate\/#primaryimage","url":"http:\/\/www.accuratereviews.com\/wp-content\/uploads\/2015\/11\/F-Prot-Antivirus-Home-Edition.jpg","contentUrl":"http:\/\/www.accuratereviews.com\/wp-content\/uploads\/2015\/11\/F-Prot-Antivirus-Home-Edition.jpg"},{"@type":"BreadcrumbList","@id":"https:\/\/www.accuratereviews.com\/it\/antivirus-la-lista-dei-migliori\/cyren-f-prot-antivirus-for-windows-corporate\/#breadcrumb","itemListElement":[{"@type":"ListItem","position":1,"name":"Home","item":"https:\/\/www.accuratereviews.com\/it\/"},{"@type":"ListItem","position":2,"name":"Antivirus: i Migliori Antivirus per PC","item":"https:\/\/www.accuratereviews.com\/it\/antivirus-la-lista-dei-migliori\/"},{"@type":"ListItem","position":3,"name":"Cyren F-PROT Antivirus for Windows Corporate"}]},{"@type":"WebSite","@id":"https:\/\/www.accuratereviews.com\/it\/#website","url":"https:\/\/www.accuratereviews.com\/it\/","name":"Accurate Reviews","description":"","potentialAction":[{"@type":"SearchAction","target":{"@type":"EntryPoint","urlTemplate":"https:\/\/www.accuratereviews.com\/it\/?s={search_term_string}"},"query-input":{"@type":"PropertyValueSpecification","valueRequired":true,"valueName":"search_term_string"}}],"inLanguage":"it-IT"}]}},"_links":{"self":[{"href":"https:\/\/www.accuratereviews.com\/it\/wp-json\/wp\/v2\/pages\/6212","targetHints":{"allow":["GET"]}}],"collection":[{"href":"https:\/\/www.accuratereviews.com\/it\/wp-json\/wp\/v2\/pages"}],"about":[{"href":"https:\/\/www.accuratereviews.com\/it\/wp-json\/wp\/v2\/types\/page"}],"author":[{"embeddable":true,"href":"https:\/\/www.accuratereviews.com\/it\/wp-json\/wp\/v2\/users\/16"}],"replies":[{"embeddable":true,"href":"https:\/\/www.accuratereviews.com\/it\/wp-json\/wp\/v2\/comments?post=6212"}],"version-history":[{"count":6,"href":"https:\/\/www.accuratereviews.com\/it\/wp-json\/wp\/v2\/pages\/6212\/revisions"}],"predecessor-version":[{"id":15506,"href":"https:\/\/www.accuratereviews.com\/it\/wp-json\/wp\/v2\/pages\/6212\/revisions\/15506"}],"up":[{"embeddable":true,"href":"https:\/\/www.accuratereviews.com\/it\/wp-json\/wp\/v2\/pages\/5635"}],"wp:attachment":[{"href":"https:\/\/www.accuratereviews.com\/it\/wp-json\/wp\/v2\/media?parent=6212"}],"wp:term":[{"taxonomy":"category","embeddable":true,"href":"https:\/\/www.accuratereviews.com\/it\/wp-json\/wp\/v2\/categories?post=6212"},{"taxonomy":"post_tag","embeddable":true,"href":"https:\/\/www.accuratereviews.com\/it\/wp-json\/wp\/v2\/tags?post=6212"},{"taxonomy":"features","embeddable":true,"href":"https:\/\/www.accuratereviews.com\/it\/wp-json\/wp\/v2\/features?post=6212"}],"curies":[{"name":"wp","href":"https:\/\/api.w.org\/{rel}","templated":true}]}}