{"id":62135,"date":"2022-10-04T17:34:17","date_gmt":"2022-10-04T17:34:17","guid":{"rendered":"https:\/\/www.accuratereviews.com\/?page_id=62135"},"modified":"2022-10-04T17:34:17","modified_gmt":"2022-10-04T17:34:17","slug":"medesk-recensione","status":"publish","type":"page","link":"https:\/\/www.accuratereviews.com\/it\/app-appuntamenti-medici\/medesk-recensione\/","title":{"rendered":"Medesk"},"content":{"rendered":"<p><strong>Medesk<\/strong> \u00e8 un <strong>software di gestione della pratica medica<\/strong> progettato per aiutare ad amministrare i processi attraverso prenotazioni di <strong>appuntamenti online<\/strong>, pazienti e cartelle cliniche elettroniche. Gli amministratori possono inviare automaticamente promemoria degli appuntamenti ai pazienti tramite sms ed email e visite di follow-up su un&#8217;interfaccia unificata.\u00a0La piattaforma consente ai professionisti sanitari di registrare l&#8217;anamnesi, analizzare i progressi dei pazienti, creare e caricare documenti o moduli e gestire la fatturazione. Il programma consente ai professionisti di generare report e ottenere informazioni dettagliate sul feedback sulla qualit\u00e0 del servizio, sulle finanze, sulle vendite e sulle operazioni di marketing. Le aziende possono anche utilizzare etichette e tag con codice colore per vari scopi clinici, programmare promemoria, assegnare priorit\u00e0 alle attivit\u00e0, elaborare pagamenti e condurre consultazioni video.<\/p>\n<h2>MEDESK &#8211; TUTORIAL<\/h2>\n<div id=\"fluid-wrapper-counter-1\" class=\"g1-fluid-wrapper \" style=\"width:686px;\">\n<div style=\"padding-bottom:56.268221574344%;\"><iframe loading=\"lazy\" title=\"Common Examples of Psychometric Measures Available in Medesk\" width=\"686\" height=\"386\" src=\"https:\/\/www.youtube.com\/embed\/OZCvb7WaYS0?feature=oembed&amp;wmode=transparent&amp;autohide=1&amp;autoplay=0&amp;disablekb=0&amp;fs=1&amp;loop=0&amp;enablejsapi=1&amp;rel=0&amp;controls=2&amp;showinfo=0&amp;wmode=transparent&amp;autohide=2&amp;autoplay=0&amp;disablekb=0&amp;fs=1&amp;loop=0&amp;enablejsapi=1&amp;rel=0&amp;controls=2&amp;showinfo=1\" frameborder=\"0\" allow=\"accelerometer; autoplay; clipboard-write; encrypted-media; gyroscope; picture-in-picture\" allowfullscreen><\/iframe><\/div>\n<\/div>\n<h3>MEDESK &#8211; CARATTERISTICHE<\/h3>\n<ul>\n<li>Attira nuovi pazienti<\/li>\n<li>Tieni traccia delle tue prestazioni con l&#8217;analisi<\/li>\n<li>Crea appuntamenti di telemedicina nella tua agenda con un solo clic.<\/li>\n<li>I pazienti possono prenotare consultazioni online tramite un pulsante di prenotazione medica online.<\/li>\n<li>Accesso sicuro alle consultazioni di telemedicina direttamente dal portale del paziente.<\/li>\n<li>Comode app disponibili per Android e iOS.<\/li>\n<li>Riduci le tariffe di cancellazione e no-show.<\/li>\n<li>Raccogli i pagamenti ed esegui consulenze video con facilit\u00e0.<\/li>\n<li>Interagisci con i tuoi pazienti online.<\/li>\n<li>Un sistema di prenotazione clinica online aiuta a promuovere la continuit\u00e0 del marchio per la tua clinica.<\/li>\n<li>Aggiungi il tuo logo e i colori del tuo marchio alla piattaforma.<\/li>\n<li>Aumenta la consapevolezza del marchio tra i pazienti nuovi ed esistenti.<\/li>\n<li>Pre-selezionare e convalidare i pazienti prima degli appuntamenti.<\/li>\n<li>Visualizza le risposte dei pazienti direttamente nella loro cartella EHR.<\/li>\n<li>Crea moduli diversi per ogni medico e specialit\u00e0.<\/li>\n<li>Attira pi\u00f9 referral e fai crescere la tua lista di pazienti.<\/li>\n<li>I referral dei partner vengono aggiunti direttamente alla soluzione.<\/li>\n<li>I canali di acquisizione del paziente vengono registrati e analizzati automaticamente.<\/li>\n<li>Invia ai pazienti email che li incoraggiano a prenotare l&#8217;appuntamento di follow-up corretto per la loro condizione.<\/li>\n<li>Crea modelli di email per tutti i pazienti diabetici, invitandoli a un check-up con un infermiere professionista.<\/li>\n<li>Aggiungi pagine biografiche sul tuo sito web per ciascuno dei tuoi medici e offri un pulsante di prenotazione per consentire ai pazienti di fissare appuntamenti direttamente con loro.<\/li>\n<li>Spiega tutto sui singoli servizi come le ecografie e assicurati che i pazienti abbiano aspettative ragionevoli.<\/li>\n<\/ul>\n<h4>LE RECENSIONI DEGLI UTENTI<\/h4>\n<p class=\"fw-bold mb-2\"><strong>Ramiro&#8221;buon software&#8221;<br \/>\n<\/strong><span class=\"fw-bold\"><strong>Commenti<\/strong>:<\/span> In generale, mi sento gratificato e grato per quello che ottengo con Medesk. L&#8217;ho consigliato e presto contiamo di passare alla versione a pagamento.<br \/>\n<strong>Pro<\/strong>:\u00a0Mi \u00e8 piaciuta la facilit\u00e0 d&#8217;uso, la personalizzazione, le possibilit\u00e0 per il centro medico e il supporto tecnico.<br \/>\n<strong>Contro<\/strong>:\u00a0Errori occasionali durante la stampa di determinati ordini. Complessit\u00e0 e difficolt\u00e0 nella creazione di modelli di stampa.<\/p>\n<p class=\"fw-bold mb-2\"><strong>Angel David&#8221;Molto contento del servizio&#8221;<br \/>\n<\/strong><span class=\"fw-bold\"><strong>Commenti<\/strong>:<\/span> Lo uso da poco tempo ed \u00e8 gi\u00e0 molto meglio del precedente che avevamo da pi\u00f9 di 1 anno.<br \/>\n<strong>Pro<\/strong>:\u00a0Servizio clienti come se fosse PREMIUM ancor prima di acquistarlo<br \/>\n<strong>Contro<\/strong>:\u00a0Penso che la piattaforma stessa possa essere pi\u00f9 amichevole alla vista, \u00e8 un po&#8217; ruvida e ha vecchie funzionalit\u00e0, ma \u00e8 super completa e personalizzabile.<\/p>\n<p class=\"fw-bold mb-2\"><strong>Mauricio&#8221;piattaforma estetica&#8221;<br \/>\n<\/strong><span class=\"fw-bold\"><strong>Commenti<\/strong>:<\/span> la mia esperienza \u00e8 molto buona e soprattutto le persone di supporto hanno un&#8217;enorme disponibilit\u00e0 ad aiutare.<br \/>\n<strong>Pro<\/strong>:\u00a0Che ha molte opzioni e che possono essere modificate in base a ci\u00f2 che l&#8217;azienda richiede di pi\u00f9<br \/>\n<strong>Contro<\/strong>:\u00a0che \u00e8 molto complesso all&#8217;inizio ed \u00e8 necessario molto aiuto di supporto.<\/p>\n","protected":false},"excerpt":{"rendered":"<p>Medesk \u00e8 un software di gestione della pratica medica progettato per aiutare ad amministrare i processi attraverso prenotazioni di appuntamenti online, pazienti e cartelle cliniche elettroniche. Gli amministratori possono inviare automaticamente promemoria degli appuntamenti ai pazienti tramite sms ed email e visite di follow-up su un&#8217;interfaccia unificata.\u00a0<\/p>\n","protected":false},"author":16,"featured_media":62137,"parent":61834,"menu_order":0,"comment_status":"open","ping_status":"closed","template":"g1_template_page_review_new.php","meta":{"_acf_changed":false,"cwp_meta_box_check":"No","cwp_rev_product_name":"","cwp_rev_product_image":"","wppr_links":[],"cwp_rev_price":"","wppr_options":[],"wppr_pros":[],"wppr_cons":[],"_monsterinsights_skip_tracking":false,"_monsterinsights_sitenote_active":false,"_monsterinsights_sitenote_note":"","_monsterinsights_sitenote_category":0,"footnotes":""},"categories":[13438],"tags":[13440,13441,13493,13444,13443,13442,13459],"features":[],"class_list":{"0":"post-62135","1":"page","2":"type-page","3":"status-publish","4":"has-post-thumbnail","6":"category-app-appuntamenti-medici-cat","7":"tag-app-per-appuntamenti-medici","8":"tag-appuntamenti-medici","9":"tag-medesk","10":"tag-piattaforma-per-appuntamenti-medici","11":"tag-programma-per-appuntamenti-medici","12":"tag-software-per-appuntamenti-medici","13":"tag-soluzione-per-appuntamenti-medici"},"wppr_data":{"cwp_meta_box_check":"No"},"acf":[],"yoast_head":"<!-- This site is optimized with the Yoast SEO plugin v27.4 - https:\/\/yoast.com\/product\/yoast-seo-wordpress\/ -->\n<title>Medesk: recensione app per appuntamenti medici - Accurate Reviews<\/title>\n<meta name=\"description\" content=\"Medesk: recensione dell&#039;applicazione progettata per automatizzare le prenotazioni di appuntamenti medici. Scopri di pi\u00f9.\" \/>\n<meta name=\"robots\" content=\"index, follow, max-snippet:-1, max-image-preview:large, max-video-preview:-1\" \/>\n<link rel=\"canonical\" href=\"https:\/\/www.accuratereviews.com\/it\/app-appuntamenti-medici\/medesk-recensione\/\" \/>\n<meta property=\"og:locale\" content=\"it_IT\" \/>\n<meta property=\"og:type\" content=\"article\" \/>\n<meta property=\"og:title\" content=\"Medesk: recensione app per appuntamenti medici - Accurate Reviews\" \/>\n<meta property=\"og:description\" content=\"Medesk: recensione dell&#039;applicazione progettata per automatizzare le prenotazioni di appuntamenti medici. Scopri di pi\u00f9.\" \/>\n<meta property=\"og:url\" content=\"https:\/\/www.accuratereviews.com\/it\/app-appuntamenti-medici\/medesk-recensione\/\" \/>\n<meta property=\"og:site_name\" content=\"Accurate Reviews\" \/>\n<meta property=\"og:image\" content=\"https:\/\/www.accuratereviews.com\/wp-content\/uploads\/2022\/10\/logo-business-sales-organization-png-favpng-T75p1Pb5QKwG8ZG91fsfxnjdw.jpeg\" \/>\n\t<meta property=\"og:image:width\" content=\"820\" \/>\n\t<meta property=\"og:image:height\" content=\"820\" \/>\n\t<meta property=\"og:image:type\" content=\"image\/jpeg\" \/>\n<meta name=\"twitter:card\" content=\"summary_large_image\" \/>\n<meta name=\"twitter:label1\" content=\"Tempo di lettura stimato\" \/>\n\t<meta name=\"twitter:data1\" content=\"3 minuti\" \/>\n<script type=\"application\/ld+json\" class=\"yoast-schema-graph\">{\"@context\":\"https:\\\/\\\/schema.org\",\"@graph\":[{\"@type\":\"WebPage\",\"@id\":\"https:\\\/\\\/www.accuratereviews.com\\\/it\\\/app-appuntamenti-medici\\\/medesk-recensione\\\/\",\"url\":\"https:\\\/\\\/www.accuratereviews.com\\\/it\\\/app-appuntamenti-medici\\\/medesk-recensione\\\/\",\"name\":\"Medesk: recensione app per appuntamenti medici - Accurate Reviews\",\"isPartOf\":{\"@id\":\"https:\\\/\\\/www.accuratereviews.com\\\/it\\\/#website\"},\"primaryImageOfPage\":{\"@id\":\"https:\\\/\\\/www.accuratereviews.com\\\/it\\\/app-appuntamenti-medici\\\/medesk-recensione\\\/#primaryimage\"},\"image\":{\"@id\":\"https:\\\/\\\/www.accuratereviews.com\\\/it\\\/app-appuntamenti-medici\\\/medesk-recensione\\\/#primaryimage\"},\"thumbnailUrl\":\"https:\\\/\\\/www.accuratereviews.com\\\/wp-content\\\/uploads\\\/2022\\\/10\\\/logo-business-sales-organization-png-favpng-T75p1Pb5QKwG8ZG91fsfxnjdw.jpeg\",\"datePublished\":\"2022-10-04T17:34:17+00:00\",\"description\":\"Medesk: recensione dell'applicazione progettata per automatizzare le prenotazioni di appuntamenti medici. Scopri di pi\u00f9.\",\"breadcrumb\":{\"@id\":\"https:\\\/\\\/www.accuratereviews.com\\\/it\\\/app-appuntamenti-medici\\\/medesk-recensione\\\/#breadcrumb\"},\"inLanguage\":\"it-IT\",\"potentialAction\":[{\"@type\":\"ReadAction\",\"target\":[\"https:\\\/\\\/www.accuratereviews.com\\\/it\\\/app-appuntamenti-medici\\\/medesk-recensione\\\/\"]}]},{\"@type\":\"ImageObject\",\"inLanguage\":\"it-IT\",\"@id\":\"https:\\\/\\\/www.accuratereviews.com\\\/it\\\/app-appuntamenti-medici\\\/medesk-recensione\\\/#primaryimage\",\"url\":\"https:\\\/\\\/www.accuratereviews.com\\\/wp-content\\\/uploads\\\/2022\\\/10\\\/logo-business-sales-organization-png-favpng-T75p1Pb5QKwG8ZG91fsfxnjdw.jpeg\",\"contentUrl\":\"https:\\\/\\\/www.accuratereviews.com\\\/wp-content\\\/uploads\\\/2022\\\/10\\\/logo-business-sales-organization-png-favpng-T75p1Pb5QKwG8ZG91fsfxnjdw.jpeg\",\"width\":820,\"height\":820},{\"@type\":\"BreadcrumbList\",\"@id\":\"https:\\\/\\\/www.accuratereviews.com\\\/it\\\/app-appuntamenti-medici\\\/medesk-recensione\\\/#breadcrumb\",\"itemListElement\":[{\"@type\":\"ListItem\",\"position\":1,\"name\":\"Home\",\"item\":\"https:\\\/\\\/www.accuratereviews.com\\\/it\\\/\"},{\"@type\":\"ListItem\",\"position\":2,\"name\":\"App per appuntamenti medici\",\"item\":\"https:\\\/\\\/www.accuratereviews.com\\\/it\\\/app-appuntamenti-medici\\\/\"},{\"@type\":\"ListItem\",\"position\":3,\"name\":\"Medesk\"}]},{\"@type\":\"WebSite\",\"@id\":\"https:\\\/\\\/www.accuratereviews.com\\\/it\\\/#website\",\"url\":\"https:\\\/\\\/www.accuratereviews.com\\\/it\\\/\",\"name\":\"Accurate Reviews\",\"description\":\"\",\"potentialAction\":[{\"@type\":\"SearchAction\",\"target\":{\"@type\":\"EntryPoint\",\"urlTemplate\":\"https:\\\/\\\/www.accuratereviews.com\\\/it\\\/?s={search_term_string}\"},\"query-input\":{\"@type\":\"PropertyValueSpecification\",\"valueRequired\":true,\"valueName\":\"search_term_string\"}}],\"inLanguage\":\"it-IT\"}]}<\/script>\n<!-- \/ Yoast SEO plugin. -->","yoast_head_json":{"title":"Medesk: recensione app per appuntamenti medici - Accurate Reviews","description":"Medesk: recensione dell'applicazione progettata per automatizzare le prenotazioni di appuntamenti medici. Scopri di pi\u00f9.","robots":{"index":"index","follow":"follow","max-snippet":"max-snippet:-1","max-image-preview":"max-image-preview:large","max-video-preview":"max-video-preview:-1"},"canonical":"https:\/\/www.accuratereviews.com\/it\/app-appuntamenti-medici\/medesk-recensione\/","og_locale":"it_IT","og_type":"article","og_title":"Medesk: recensione app per appuntamenti medici - Accurate Reviews","og_description":"Medesk: recensione dell'applicazione progettata per automatizzare le prenotazioni di appuntamenti medici. Scopri di pi\u00f9.","og_url":"https:\/\/www.accuratereviews.com\/it\/app-appuntamenti-medici\/medesk-recensione\/","og_site_name":"Accurate Reviews","og_image":[{"width":820,"height":820,"url":"https:\/\/www.accuratereviews.com\/wp-content\/uploads\/2022\/10\/logo-business-sales-organization-png-favpng-T75p1Pb5QKwG8ZG91fsfxnjdw.jpeg","type":"image\/jpeg"}],"twitter_card":"summary_large_image","twitter_misc":{"Tempo di lettura stimato":"3 minuti"},"schema":{"@context":"https:\/\/schema.org","@graph":[{"@type":"WebPage","@id":"https:\/\/www.accuratereviews.com\/it\/app-appuntamenti-medici\/medesk-recensione\/","url":"https:\/\/www.accuratereviews.com\/it\/app-appuntamenti-medici\/medesk-recensione\/","name":"Medesk: recensione app per appuntamenti medici - Accurate Reviews","isPartOf":{"@id":"https:\/\/www.accuratereviews.com\/it\/#website"},"primaryImageOfPage":{"@id":"https:\/\/www.accuratereviews.com\/it\/app-appuntamenti-medici\/medesk-recensione\/#primaryimage"},"image":{"@id":"https:\/\/www.accuratereviews.com\/it\/app-appuntamenti-medici\/medesk-recensione\/#primaryimage"},"thumbnailUrl":"https:\/\/www.accuratereviews.com\/wp-content\/uploads\/2022\/10\/logo-business-sales-organization-png-favpng-T75p1Pb5QKwG8ZG91fsfxnjdw.jpeg","datePublished":"2022-10-04T17:34:17+00:00","description":"Medesk: recensione dell'applicazione progettata per automatizzare le prenotazioni di appuntamenti medici. Scopri di pi\u00f9.","breadcrumb":{"@id":"https:\/\/www.accuratereviews.com\/it\/app-appuntamenti-medici\/medesk-recensione\/#breadcrumb"},"inLanguage":"it-IT","potentialAction":[{"@type":"ReadAction","target":["https:\/\/www.accuratereviews.com\/it\/app-appuntamenti-medici\/medesk-recensione\/"]}]},{"@type":"ImageObject","inLanguage":"it-IT","@id":"https:\/\/www.accuratereviews.com\/it\/app-appuntamenti-medici\/medesk-recensione\/#primaryimage","url":"https:\/\/www.accuratereviews.com\/wp-content\/uploads\/2022\/10\/logo-business-sales-organization-png-favpng-T75p1Pb5QKwG8ZG91fsfxnjdw.jpeg","contentUrl":"https:\/\/www.accuratereviews.com\/wp-content\/uploads\/2022\/10\/logo-business-sales-organization-png-favpng-T75p1Pb5QKwG8ZG91fsfxnjdw.jpeg","width":820,"height":820},{"@type":"BreadcrumbList","@id":"https:\/\/www.accuratereviews.com\/it\/app-appuntamenti-medici\/medesk-recensione\/#breadcrumb","itemListElement":[{"@type":"ListItem","position":1,"name":"Home","item":"https:\/\/www.accuratereviews.com\/it\/"},{"@type":"ListItem","position":2,"name":"App per appuntamenti medici","item":"https:\/\/www.accuratereviews.com\/it\/app-appuntamenti-medici\/"},{"@type":"ListItem","position":3,"name":"Medesk"}]},{"@type":"WebSite","@id":"https:\/\/www.accuratereviews.com\/it\/#website","url":"https:\/\/www.accuratereviews.com\/it\/","name":"Accurate Reviews","description":"","potentialAction":[{"@type":"SearchAction","target":{"@type":"EntryPoint","urlTemplate":"https:\/\/www.accuratereviews.com\/it\/?s={search_term_string}"},"query-input":{"@type":"PropertyValueSpecification","valueRequired":true,"valueName":"search_term_string"}}],"inLanguage":"it-IT"}]}},"_links":{"self":[{"href":"https:\/\/www.accuratereviews.com\/it\/wp-json\/wp\/v2\/pages\/62135","targetHints":{"allow":["GET"]}}],"collection":[{"href":"https:\/\/www.accuratereviews.com\/it\/wp-json\/wp\/v2\/pages"}],"about":[{"href":"https:\/\/www.accuratereviews.com\/it\/wp-json\/wp\/v2\/types\/page"}],"author":[{"embeddable":true,"href":"https:\/\/www.accuratereviews.com\/it\/wp-json\/wp\/v2\/users\/16"}],"replies":[{"embeddable":true,"href":"https:\/\/www.accuratereviews.com\/it\/wp-json\/wp\/v2\/comments?post=62135"}],"version-history":[{"count":6,"href":"https:\/\/www.accuratereviews.com\/it\/wp-json\/wp\/v2\/pages\/62135\/revisions"}],"predecessor-version":[{"id":62175,"href":"https:\/\/www.accuratereviews.com\/it\/wp-json\/wp\/v2\/pages\/62135\/revisions\/62175"}],"up":[{"embeddable":true,"href":"https:\/\/www.accuratereviews.com\/it\/wp-json\/wp\/v2\/pages\/61834"}],"wp:featuredmedia":[{"embeddable":true,"href":"https:\/\/www.accuratereviews.com\/it\/wp-json\/wp\/v2\/media\/62137"}],"wp:attachment":[{"href":"https:\/\/www.accuratereviews.com\/it\/wp-json\/wp\/v2\/media?parent=62135"}],"wp:term":[{"taxonomy":"category","embeddable":true,"href":"https:\/\/www.accuratereviews.com\/it\/wp-json\/wp\/v2\/categories?post=62135"},{"taxonomy":"post_tag","embeddable":true,"href":"https:\/\/www.accuratereviews.com\/it\/wp-json\/wp\/v2\/tags?post=62135"},{"taxonomy":"features","embeddable":true,"href":"https:\/\/www.accuratereviews.com\/it\/wp-json\/wp\/v2\/features?post=62135"}],"curies":[{"name":"wp","href":"https:\/\/api.w.org\/{rel}","templated":true}]}}