{"id":62145,"date":"2022-10-04T17:29:45","date_gmt":"2022-10-04T17:29:45","guid":{"rendered":"https:\/\/www.accuratereviews.com\/?page_id=62145"},"modified":"2022-10-04T17:29:45","modified_gmt":"2022-10-04T17:29:45","slug":"totalmd-recensione","status":"publish","type":"page","link":"https:\/\/www.accuratereviews.com\/it\/app-appuntamenti-medici\/totalmd-recensione\/","title":{"rendered":"TotalMD"},"content":{"rendered":"<p><strong>TotalMD<\/strong> \u00e8 una <strong>soluzione multipiattaforma<\/strong> progettata per studi di piccole e grandi dimensioni nel settore sanitario e medico. Il software basato su <strong>cloud<\/strong> include funzionalit\u00e0 per la <strong>gestione dello studio e delle cartelle cliniche<\/strong>\u00a0dei pazienti come l&#8217;integrazione delle stesse con la fatturazione, il monitoraggio delle informazioni sui pazienti attraverso il coordinamento con i fornitori di riferimento, la misurazione dell&#8217;assistenza ai pazienti, la convalida elettronica, la gestione dei reclami e la rendicontazione finanziaria. Il software consente agli utenti di gestire l&#8217;assicurazione e verificare lo stato e l&#8217;idoneit\u00e0 dei pazienti direttamente dalla pianificazione. Inoltre integra completamente le esigenze finanziarie, di reporting e di pianificazione.\u00a0Gli utenti possono visualizzare l&#8217;importo del pagamento, il saldo del paziente, la franchigia, i saldi residui delle singole procedure e il saldo residuo del paziente.<\/p>\n<h2>TOTALMD &#8211; TUTORIAL<\/h2>\n<div id=\"fluid-wrapper-counter-1\" class=\"g1-fluid-wrapper \" style=\"width:686px;\">\n<div style=\"padding-bottom:56.268221574344%;\"><iframe loading=\"lazy\" title=\"TotalMD - Common mistakes with insurance claims and how to fix them\" width=\"686\" height=\"386\" src=\"https:\/\/www.youtube.com\/embed\/vcbiwYDQvU4?feature=oembed&amp;wmode=transparent&amp;autohide=1&amp;autoplay=0&amp;disablekb=0&amp;fs=1&amp;loop=0&amp;enablejsapi=1&amp;rel=0&amp;controls=2&amp;showinfo=0&amp;wmode=transparent&amp;autohide=2&amp;autoplay=0&amp;disablekb=0&amp;fs=1&amp;loop=0&amp;enablejsapi=1&amp;rel=0&amp;controls=2&amp;showinfo=1\" frameborder=\"0\" allow=\"accelerometer; autoplay; clipboard-write; encrypted-media; gyroscope; picture-in-picture\" allowfullscreen><\/iframe><\/div>\n<\/div>\n<h3>TOTALMD &#8211; CARATTERISTICHE<\/h3>\n<ul>\n<li><strong>Servizio personalizzato su cui contare<\/strong>:\u00a0il software offre supporto e formazione personalizzati. Il team ti aiuter\u00e0 a prepararti al successo in modo che tu possa ottenere il massimo dal tuo software medico.<\/li>\n<li><strong>Telemedicina<\/strong>: fornisci ai tuoi pazienti assistenza comodamente da casa. La soluzione di telemedicina autonoma pu\u00f2 essere aggiunta a qualsiasi pacchetto tu scelga.<\/li>\n<li><strong>Facile prescrizione elettronica<\/strong>: risparmia tempo e riduci il numero di prescrizioni perse con la prescrizione elettronica integrata direttamente nella soluzione.<\/li>\n<li><strong>Elenco delle attivit\u00e0<\/strong>: crea attivit\u00e0 per te o per i membri del personale che possono avere date di scadenza e livelli di priorit\u00e0.<\/li>\n<li><strong>Centro messaggi sicuro:<\/strong> aumenta la soddisfazione dei pazienti e migliora l&#8217;efficienza del tuo ufficio con la messaggistica sicura<\/li>\n<li><strong>Fax elettronico<\/strong>: elimina le tracce cartacee e migliora il flusso di lavoro quotidiano.<\/li>\n<li><strong>Registro completo<\/strong>:\u00a0Il libro mastro pi\u00f9 incredibile sul mercato! Non solo \u00e8 possibile visualizzare tutti i dati finanziari di un paziente, ma \u00e8 anche possibile aggiungere addebiti direttamente dal libro mastro ed apportare eventuali correzioni. Inoltre, visualizza la cronologia dei reclami e delle dichiarazioni. Puoi ottenere tutto ci\u00f2 di cui hai bisogno da un unico schermo.<\/li>\n<\/ul>\n<h4>LE RECENSIONI DEGLI UTENTI<\/h4>\n<p><strong>Raees&#8221;Appuntamento alle note dei medici&#8221;<br \/>\n<\/strong><span class=\"fw-bold\"><strong>Commenti<\/strong>:<\/span> Lo stiamo usando per le affermazioni sulla salute del comportamento e l&#8217;utente di questo prodotto sa quanto perfettamente funzioni per i servizi di fatturazione sanitaria<br \/>\n<strong>Pro<\/strong>:\u00a0Sono necessari pochi minuti per prenotare un appuntamento per verificare la copertura delle agevolazioni<br \/>\n<strong>Contro<\/strong>:\u00a0Per presentare la richiesta di pubblicare un&#8217;ERA, fanno un passo molto semplice per l&#8217;emittente di fatture mediche<\/p>\n<p class=\"fw-bold mb-2\"><strong>Cecilia&#8221;Prodotto negli Stati Uniti&#8221;<\/strong><br \/>\n<strong>Pro<\/strong>:\u00a0Prodotto negli USA, operato negli USA. Posso personalizzare le cose come piace a me e il sistema non \u00e8 cos\u00ec complicato da poter modificare le cose da solo mentre lo uso. Il servizio clienti \u00e8 pi\u00f9 che disposto ad aiutare e offre sempre una soluzione.<br \/>\n<strong>Contro<\/strong>:\u00a0Finora non ho lamentele, tutto ci\u00f2 di cui sono stato frustrato \u00e8 stato un errore dell&#8217;operatore e ci sono alcune funzionalit\u00e0 che pensavo sarebbero state utili ma non sono presenti nel software, ma non mi sono mai state promesse. Attendo con impazienza gli aggiornamenti EHR, poich\u00e9 questa parte del pacchetto software, a quanto ho capito, \u00e8 nella sua prima infanzia, ma ha cos\u00ec tanto potenziale di crescita.<\/p>\n<p class=\"fw-bold mb-2\"><strong>Patricia&#8221;Mi piace TMD&#8221;<br \/>\n<\/strong><strong>Pro<\/strong>:\u00a0E&#8217; un ottimo prodotto facile da usare. \u00c8 molto stabile, con pochissimi &#8220;glitch&#8221; (sebbene alcuni esistano). Mi piace l&#8217;integrazione con Trizetto, che \u00e8 un altro prodotto eccellente.<br \/>\n<strong>Contro<\/strong>:\u00a0I rapporti non sono molto buoni e quando ci siamo preparati, abbiamo avuto molti problemi che abbiamo dovuto affrontare durante il nostro periodo di allenamento, di conseguenza la nostra formazione \u00e8 stata un po&#8217; scarsa. Tuttavia, \u00e8 piuttosto semplice, quindi non \u00e8 davvero necessario molto allenamento. Usiamo Amazing Charts come nostro EMR e HL7 \u00e8 solo un modo, quindi dobbiamo programmare in AC, non TMD. TMD ha uno scheduler fantastico, che non possiamo usare.<\/p>\n","protected":false},"excerpt":{"rendered":"<p>TotalMD \u00e8 una soluzione multipiattaforma progettata per studi di piccole e grandi dimensioni nel settore sanitario e medico. Il software basato su cloud include funzionalit\u00e0 per la gestione dello studio e delle cartelle cliniche\u00a0dei pazienti come l&#8217;integrazione delle stesse con la fatturazione, il monitoraggio delle informazioni sui pazienti attraverso il coordinamento con i fornitori di riferimento, la misurazione dell&#8217;assistenza ai pazienti, la convalida elettronica, la gestione dei reclami e la rendicontazione finanziaria.<\/p>\n","protected":false},"author":16,"featured_media":62153,"parent":61834,"menu_order":0,"comment_status":"open","ping_status":"closed","template":"g1_template_page_review_new.php","meta":{"_acf_changed":false,"cwp_meta_box_check":"No","cwp_rev_product_name":"","cwp_rev_product_image":"","wppr_links":[],"cwp_rev_price":"","wppr_options":[],"wppr_pros":[],"wppr_cons":[],"_monsterinsights_skip_tracking":false,"_monsterinsights_sitenote_active":false,"_monsterinsights_sitenote_note":"","_monsterinsights_sitenote_category":0,"footnotes":""},"categories":[13438],"tags":[13441,13444,13443,13442,13459,13494],"features":[],"class_list":{"0":"post-62145","1":"page","2":"type-page","3":"status-publish","4":"has-post-thumbnail","6":"category-app-appuntamenti-medici-cat","7":"tag-appuntamenti-medici","8":"tag-piattaforma-per-appuntamenti-medici","9":"tag-programma-per-appuntamenti-medici","10":"tag-software-per-appuntamenti-medici","11":"tag-soluzione-per-appuntamenti-medici","12":"tag-totalmd"},"wppr_data":{"cwp_meta_box_check":"No"},"acf":[],"yoast_head":"<!-- This site is optimized with the Yoast SEO plugin v27.4 - https:\/\/yoast.com\/product\/yoast-seo-wordpress\/ -->\n<title>TotalMD: recensione app per appuntamenti medici - Accurate Reviews<\/title>\n<meta name=\"description\" content=\"TotalMD: recensione soluzione multipiattaforma progettata per studi di piccole e grandi dimensioni nel settore sanitario e medico.\" \/>\n<meta name=\"robots\" content=\"index, follow, max-snippet:-1, max-image-preview:large, max-video-preview:-1\" \/>\n<link rel=\"canonical\" href=\"https:\/\/www.accuratereviews.com\/it\/app-appuntamenti-medici\/totalmd-recensione\/\" \/>\n<meta property=\"og:locale\" content=\"it_IT\" \/>\n<meta property=\"og:type\" content=\"article\" \/>\n<meta property=\"og:title\" content=\"TotalMD: recensione app per appuntamenti medici - Accurate Reviews\" \/>\n<meta property=\"og:description\" content=\"TotalMD: recensione soluzione multipiattaforma progettata per studi di piccole e grandi dimensioni nel settore sanitario e medico.\" \/>\n<meta property=\"og:url\" content=\"https:\/\/www.accuratereviews.com\/it\/app-appuntamenti-medici\/totalmd-recensione\/\" \/>\n<meta property=\"og:site_name\" content=\"Accurate Reviews\" \/>\n<meta property=\"og:image\" content=\"https:\/\/www.accuratereviews.com\/wp-content\/uploads\/2022\/10\/Schermata-2022-10-04-alle-09.59.50.png\" \/>\n\t<meta property=\"og:image:width\" content=\"864\" \/>\n\t<meta property=\"og:image:height\" content=\"314\" \/>\n\t<meta property=\"og:image:type\" content=\"image\/png\" \/>\n<meta name=\"twitter:card\" content=\"summary_large_image\" \/>\n<meta name=\"twitter:label1\" content=\"Tempo di lettura stimato\" \/>\n\t<meta name=\"twitter:data1\" content=\"4 minuti\" \/>\n<script type=\"application\/ld+json\" class=\"yoast-schema-graph\">{\"@context\":\"https:\\\/\\\/schema.org\",\"@graph\":[{\"@type\":\"WebPage\",\"@id\":\"https:\\\/\\\/www.accuratereviews.com\\\/it\\\/app-appuntamenti-medici\\\/totalmd-recensione\\\/\",\"url\":\"https:\\\/\\\/www.accuratereviews.com\\\/it\\\/app-appuntamenti-medici\\\/totalmd-recensione\\\/\",\"name\":\"TotalMD: recensione app per appuntamenti medici - Accurate Reviews\",\"isPartOf\":{\"@id\":\"https:\\\/\\\/www.accuratereviews.com\\\/it\\\/#website\"},\"primaryImageOfPage\":{\"@id\":\"https:\\\/\\\/www.accuratereviews.com\\\/it\\\/app-appuntamenti-medici\\\/totalmd-recensione\\\/#primaryimage\"},\"image\":{\"@id\":\"https:\\\/\\\/www.accuratereviews.com\\\/it\\\/app-appuntamenti-medici\\\/totalmd-recensione\\\/#primaryimage\"},\"thumbnailUrl\":\"https:\\\/\\\/www.accuratereviews.com\\\/wp-content\\\/uploads\\\/2022\\\/10\\\/Schermata-2022-10-04-alle-09.59.50.png\",\"datePublished\":\"2022-10-04T17:29:45+00:00\",\"description\":\"TotalMD: recensione soluzione multipiattaforma progettata per studi di piccole e grandi dimensioni nel settore sanitario e medico.\",\"breadcrumb\":{\"@id\":\"https:\\\/\\\/www.accuratereviews.com\\\/it\\\/app-appuntamenti-medici\\\/totalmd-recensione\\\/#breadcrumb\"},\"inLanguage\":\"it-IT\",\"potentialAction\":[{\"@type\":\"ReadAction\",\"target\":[\"https:\\\/\\\/www.accuratereviews.com\\\/it\\\/app-appuntamenti-medici\\\/totalmd-recensione\\\/\"]}]},{\"@type\":\"ImageObject\",\"inLanguage\":\"it-IT\",\"@id\":\"https:\\\/\\\/www.accuratereviews.com\\\/it\\\/app-appuntamenti-medici\\\/totalmd-recensione\\\/#primaryimage\",\"url\":\"https:\\\/\\\/www.accuratereviews.com\\\/wp-content\\\/uploads\\\/2022\\\/10\\\/Schermata-2022-10-04-alle-09.59.50.png\",\"contentUrl\":\"https:\\\/\\\/www.accuratereviews.com\\\/wp-content\\\/uploads\\\/2022\\\/10\\\/Schermata-2022-10-04-alle-09.59.50.png\",\"width\":864,\"height\":314},{\"@type\":\"BreadcrumbList\",\"@id\":\"https:\\\/\\\/www.accuratereviews.com\\\/it\\\/app-appuntamenti-medici\\\/totalmd-recensione\\\/#breadcrumb\",\"itemListElement\":[{\"@type\":\"ListItem\",\"position\":1,\"name\":\"Home\",\"item\":\"https:\\\/\\\/www.accuratereviews.com\\\/it\\\/\"},{\"@type\":\"ListItem\",\"position\":2,\"name\":\"App per appuntamenti medici\",\"item\":\"https:\\\/\\\/www.accuratereviews.com\\\/it\\\/app-appuntamenti-medici\\\/\"},{\"@type\":\"ListItem\",\"position\":3,\"name\":\"TotalMD\"}]},{\"@type\":\"WebSite\",\"@id\":\"https:\\\/\\\/www.accuratereviews.com\\\/it\\\/#website\",\"url\":\"https:\\\/\\\/www.accuratereviews.com\\\/it\\\/\",\"name\":\"Accurate Reviews\",\"description\":\"\",\"potentialAction\":[{\"@type\":\"SearchAction\",\"target\":{\"@type\":\"EntryPoint\",\"urlTemplate\":\"https:\\\/\\\/www.accuratereviews.com\\\/it\\\/?s={search_term_string}\"},\"query-input\":{\"@type\":\"PropertyValueSpecification\",\"valueRequired\":true,\"valueName\":\"search_term_string\"}}],\"inLanguage\":\"it-IT\"}]}<\/script>\n<!-- \/ Yoast SEO plugin. -->","yoast_head_json":{"title":"TotalMD: recensione app per appuntamenti medici - Accurate Reviews","description":"TotalMD: recensione soluzione multipiattaforma progettata per studi di piccole e grandi dimensioni nel settore sanitario e medico.","robots":{"index":"index","follow":"follow","max-snippet":"max-snippet:-1","max-image-preview":"max-image-preview:large","max-video-preview":"max-video-preview:-1"},"canonical":"https:\/\/www.accuratereviews.com\/it\/app-appuntamenti-medici\/totalmd-recensione\/","og_locale":"it_IT","og_type":"article","og_title":"TotalMD: recensione app per appuntamenti medici - Accurate Reviews","og_description":"TotalMD: recensione soluzione multipiattaforma progettata per studi di piccole e grandi dimensioni nel settore sanitario e medico.","og_url":"https:\/\/www.accuratereviews.com\/it\/app-appuntamenti-medici\/totalmd-recensione\/","og_site_name":"Accurate Reviews","og_image":[{"width":864,"height":314,"url":"https:\/\/www.accuratereviews.com\/wp-content\/uploads\/2022\/10\/Schermata-2022-10-04-alle-09.59.50.png","type":"image\/png"}],"twitter_card":"summary_large_image","twitter_misc":{"Tempo di lettura stimato":"4 minuti"},"schema":{"@context":"https:\/\/schema.org","@graph":[{"@type":"WebPage","@id":"https:\/\/www.accuratereviews.com\/it\/app-appuntamenti-medici\/totalmd-recensione\/","url":"https:\/\/www.accuratereviews.com\/it\/app-appuntamenti-medici\/totalmd-recensione\/","name":"TotalMD: recensione app per appuntamenti medici - Accurate Reviews","isPartOf":{"@id":"https:\/\/www.accuratereviews.com\/it\/#website"},"primaryImageOfPage":{"@id":"https:\/\/www.accuratereviews.com\/it\/app-appuntamenti-medici\/totalmd-recensione\/#primaryimage"},"image":{"@id":"https:\/\/www.accuratereviews.com\/it\/app-appuntamenti-medici\/totalmd-recensione\/#primaryimage"},"thumbnailUrl":"https:\/\/www.accuratereviews.com\/wp-content\/uploads\/2022\/10\/Schermata-2022-10-04-alle-09.59.50.png","datePublished":"2022-10-04T17:29:45+00:00","description":"TotalMD: recensione soluzione multipiattaforma progettata per studi di piccole e grandi dimensioni nel settore sanitario e medico.","breadcrumb":{"@id":"https:\/\/www.accuratereviews.com\/it\/app-appuntamenti-medici\/totalmd-recensione\/#breadcrumb"},"inLanguage":"it-IT","potentialAction":[{"@type":"ReadAction","target":["https:\/\/www.accuratereviews.com\/it\/app-appuntamenti-medici\/totalmd-recensione\/"]}]},{"@type":"ImageObject","inLanguage":"it-IT","@id":"https:\/\/www.accuratereviews.com\/it\/app-appuntamenti-medici\/totalmd-recensione\/#primaryimage","url":"https:\/\/www.accuratereviews.com\/wp-content\/uploads\/2022\/10\/Schermata-2022-10-04-alle-09.59.50.png","contentUrl":"https:\/\/www.accuratereviews.com\/wp-content\/uploads\/2022\/10\/Schermata-2022-10-04-alle-09.59.50.png","width":864,"height":314},{"@type":"BreadcrumbList","@id":"https:\/\/www.accuratereviews.com\/it\/app-appuntamenti-medici\/totalmd-recensione\/#breadcrumb","itemListElement":[{"@type":"ListItem","position":1,"name":"Home","item":"https:\/\/www.accuratereviews.com\/it\/"},{"@type":"ListItem","position":2,"name":"App per appuntamenti medici","item":"https:\/\/www.accuratereviews.com\/it\/app-appuntamenti-medici\/"},{"@type":"ListItem","position":3,"name":"TotalMD"}]},{"@type":"WebSite","@id":"https:\/\/www.accuratereviews.com\/it\/#website","url":"https:\/\/www.accuratereviews.com\/it\/","name":"Accurate Reviews","description":"","potentialAction":[{"@type":"SearchAction","target":{"@type":"EntryPoint","urlTemplate":"https:\/\/www.accuratereviews.com\/it\/?s={search_term_string}"},"query-input":{"@type":"PropertyValueSpecification","valueRequired":true,"valueName":"search_term_string"}}],"inLanguage":"it-IT"}]}},"_links":{"self":[{"href":"https:\/\/www.accuratereviews.com\/it\/wp-json\/wp\/v2\/pages\/62145","targetHints":{"allow":["GET"]}}],"collection":[{"href":"https:\/\/www.accuratereviews.com\/it\/wp-json\/wp\/v2\/pages"}],"about":[{"href":"https:\/\/www.accuratereviews.com\/it\/wp-json\/wp\/v2\/types\/page"}],"author":[{"embeddable":true,"href":"https:\/\/www.accuratereviews.com\/it\/wp-json\/wp\/v2\/users\/16"}],"replies":[{"embeddable":true,"href":"https:\/\/www.accuratereviews.com\/it\/wp-json\/wp\/v2\/comments?post=62145"}],"version-history":[{"count":6,"href":"https:\/\/www.accuratereviews.com\/it\/wp-json\/wp\/v2\/pages\/62145\/revisions"}],"predecessor-version":[{"id":62173,"href":"https:\/\/www.accuratereviews.com\/it\/wp-json\/wp\/v2\/pages\/62145\/revisions\/62173"}],"up":[{"embeddable":true,"href":"https:\/\/www.accuratereviews.com\/it\/wp-json\/wp\/v2\/pages\/61834"}],"wp:featuredmedia":[{"embeddable":true,"href":"https:\/\/www.accuratereviews.com\/it\/wp-json\/wp\/v2\/media\/62153"}],"wp:attachment":[{"href":"https:\/\/www.accuratereviews.com\/it\/wp-json\/wp\/v2\/media?parent=62145"}],"wp:term":[{"taxonomy":"category","embeddable":true,"href":"https:\/\/www.accuratereviews.com\/it\/wp-json\/wp\/v2\/categories?post=62145"},{"taxonomy":"post_tag","embeddable":true,"href":"https:\/\/www.accuratereviews.com\/it\/wp-json\/wp\/v2\/tags?post=62145"},{"taxonomy":"features","embeddable":true,"href":"https:\/\/www.accuratereviews.com\/it\/wp-json\/wp\/v2\/features?post=62145"}],"curies":[{"name":"wp","href":"https:\/\/api.w.org\/{rel}","templated":true}]}}