{"id":62147,"date":"2022-10-04T13:11:51","date_gmt":"2022-10-04T13:11:51","guid":{"rendered":"https:\/\/www.accuratereviews.com\/?page_id=62147"},"modified":"2022-10-04T13:11:51","modified_gmt":"2022-10-04T13:11:51","slug":"curogram-recensione","status":"publish","type":"page","link":"https:\/\/www.accuratereviews.com\/it\/app-appuntamenti-medici\/curogram-recensione\/","title":{"rendered":"Curogram"},"content":{"rendered":"<p><strong>Curogram<\/strong> \u00e8 un&#8217;<strong>applicazione per gestire gli appuntamenti medici<\/strong> che si integra con qualsiasi EHR con l&#8217;obiettivo di supportare il personale sanitario di cliniche, ospedali, centri medici e dentistici. Si tratta infatti di una piattaforma all-in-one che consente una comunicazione sicura tra pazienti e personale grazie a numerose funzionalit\u00e0 come:\u00a0sms bidirezionali conformi alla normativa HIPAA, sms di massa, promemoria intelligenti personalizzabili, richieste automatiche di sondaggi e valutazioni, telemedicina multiutente, moduli elettronici per i pazienti e prenotazione di appuntamenti online.<br \/>\nCon <strong>Curogram<\/strong> puoi dimezzare le telefonate e le lunghe attese in sala d&#8217;attesa, ridurre la scarsa comunicazione o la necessit\u00e0 di recarsi presso lo studio medico per ogni appuntamento.<\/p>\n<h2>CUROGRAM &#8211; TUTORIAL<\/h2>\n<div id=\"fluid-wrapper-counter-1\" class=\"g1-fluid-wrapper \" style=\"width:686px;\">\n<div style=\"padding-bottom:56.268221574344%;\"><iframe loading=\"lazy\" title=\"Curogram Explainer Video\" width=\"686\" height=\"386\" src=\"https:\/\/www.youtube.com\/embed\/jXUA2lvLcX0?feature=oembed&amp;wmode=transparent&amp;autohide=1&amp;autoplay=0&amp;disablekb=0&amp;fs=1&amp;loop=0&amp;enablejsapi=1&amp;rel=0&amp;controls=2&amp;showinfo=0&amp;wmode=transparent&amp;autohide=2&amp;autoplay=0&amp;disablekb=0&amp;fs=1&amp;loop=0&amp;enablejsapi=1&amp;rel=0&amp;controls=2&amp;showinfo=1\" frameborder=\"0\" allow=\"accelerometer; autoplay; clipboard-write; encrypted-media; gyroscope; picture-in-picture\" allowfullscreen><\/iframe><\/div>\n<\/div>\n<h3>CUROGRAM &#8211; CARATTERISTICHE<\/h3>\n<ul>\n<li><strong>Messaggistica bidirezionale sicura conforme alla normativa HIPAA<\/strong>: fornisce pi\u00f9 livelli di sicurezza e crittografia per soddisfare e superare gli standard di sicurezza richiesti per gli studi medici. Il software include la messaggistica sicura per le conversazioni mediche e il trasferimento di documenti. Messaggi illimitati con le app iOS o Android per i pazienti.<\/li>\n<li><strong>Telemedicina<\/strong>: fornisce ai pazienti un accesso conveniente ed economico alle cure mediche, consentendo una comunicazione moderna tra medici e pazienti. Crea la tua clinica virtuale online e inizia a visitare i tuoi pazienti tramite laptop, tablet o telefono.<\/li>\n<li><strong>Promemoria e conferme automatiche degli appuntamenti<\/strong>: invia ai tuoi pazienti promemoria di testo e vocali amichevoli, automatici e personalizzabili, riducendo il tempo che il tuo staff trascorre al telefono. Il sistema intelligente di promemoria per gli appuntamenti consente inoltre di impostare pi\u00f9 promemoria, di scegliere l&#8217;ora del giorno in cui inviare i messaggi e di inviare ai pazienti promemoria personalizzabili ricchi di contenuti.<\/li>\n<li><strong>Pagamento elettronico<\/strong>: migliora l&#8217;esperienza finanziaria dei pazienti e mantiene i saldi aggiornati semplificando i pagamenti. Tu e il tuo staff potete comunicare in modo pi\u00f9 proattivo e i pazienti possono ricevere e pagare le loro fatture sui loro smartphone, tablet o computer portatili.<\/li>\n<li><strong>Integrazione EMR\/EHR senza soluzione di continuit\u00e0<\/strong>: il programma dispone di un&#8217;integrazione proprietaria brevettata che funziona con qualsiasi EMR\/EHR, condividendo senza soluzione di continuit\u00e0 i dati sanitari dei pazienti da un sistema elettronico all&#8217;altro. Il software funziona con l&#8217;EMR gi\u00e0 in uso.<\/li>\n<li><strong>Moduli di iscrizione automatizzati per i pazienti<\/strong>: invia ai pazienti moduli di iscrizione online sicuri e personalizzati per il tuo studio. I pazienti possono compilare i moduli sul proprio telefono, comodamente da casa. In questo modo i pazienti risparmiano tempo, non devono arrivare con 30 minuti di anticipo e non ingombrano la sala d&#8217;attesa. I pazienti apprezzano il fatto che il loro smartphone pre-compila la maggior parte dei campi.<\/li>\n<li><strong>Messaggi di massa con il pilota automatico<\/strong>: semplifica la comunicazione con i pazienti grazie alla messaggistica automatica sicura. Programma testi medici personalizzati in pochi secondi e inviali quando necessario: ogni ora, ogni giorno o ogni settimana. Raggiungi i clienti al momento giusto e automatizza la messaggistica SMS con Curogram.<\/li>\n<li><strong>Gestione della reputazione<\/strong>: invio automatico di semplici sondaggi via SMS e richieste di valutazione su Yelp\/Google. I sondaggi di testo di una sola riga identificano i tuoi pazienti felici in modo che possano darvi valutazioni a 5 stelle con un solo clic.<\/li>\n<li><strong>Single Source of Truth<\/strong>: \u00e8 una piattaforma di coinvolgimento dei pazienti completa e sicura. L&#8217;uso di un&#8217;unica piattaforma che fa tutto aiuta a evitare i rischi di hacking e di riscatto.<\/li>\n<li><strong>Numero di telefono locale<\/strong>: ottieni un numero di telefono locale, non un numero di sistema automatico, per mostrare al tuo paziente che c&#8217;\u00e8 una persona in carne e ossa dietro al messaggio.<\/li>\n<\/ul>\n<h4>LE RECENSIONI DEGLI UTENTI<\/h4>\n<p><strong>Peyman &#8220;Il miglior servizio per il costo pi\u00f9 basso&#8221;<\/strong><br \/>\nPro: molto user friendly sia per gli utenti che per i clienti.<br \/>\nContro: prodotto abbastanza buono nel complesso. Avrei preferito poter scegliere tra SMS o email e non sempre entrambi.<\/p>\n<p><strong>Frank &#8220;\u00c8 come avere due receptionist in pi\u00f9! Molto efficiente&#8221;.<\/strong><br \/>\nCommenti: solo complimenti.<br \/>\nPro: si \u00e8 integrato facilmente con il mio EMR ed \u00e8 intuitivo da configurare e comprendere. \u00c8 coerente e affidabile. Funziona su tutte le piattaforme. In 2 anni non ho mai dovuto reimpostare la mia password. Il loro metodo di autenticazione \u00e8 facile e molto sicuro, come Uber! Lol<br \/>\nContro: non ho ancora riscontrato alcun problema. C&#8217;\u00e8 un ritardo nella sincronizzazione dei calendari&#8230;.quando si aggiungono nuovi appuntamenti di pazienti nell&#8217;EMR.<\/p>\n<p><strong>David &#8220;Un software incredibile per aiutare a gestire uno studio medico molto impegnato&#8221;<\/strong><br \/>\nCommenti: l&#8217;assistenza clienti \u00e8 ottima. Ogni problema che abbiamo viene risolto in meno di 24 ore. Il software \u00e8 molto facile da usare, anche con i nostri pazienti in et\u00e0 Medicare.<br \/>\nPro: ci piace il modo in cui assiste la programmazione dei pazienti e i promemoria per evitare costosi appuntamenti mancati. Anche la funzione di telemedicina \u00e8 molto utile.<br \/>\nContro: la fatturazione&#8230; abbiamo deciso di internalizzare i nostri fatturatori medici e non ne abbiamo pi\u00f9 usufruito.<\/p>\n","protected":false},"excerpt":{"rendered":"<p>Curogram \u00e8 un&#8217;applicazione per gestire gli appuntamenti medici che si integra con qualsiasi EHR con l&#8217;obiettivo di supportare il personale sanitario di cliniche, ospedali, centri medici e dentistici. Si tratta infatti di una piattaforma all-in-one che consente una comunicazione sicura tra pazienti e personale grazie a numerose funzionalit\u00e0.<\/p>\n","protected":false},"author":17,"featured_media":62148,"parent":61834,"menu_order":0,"comment_status":"open","ping_status":"closed","template":"g1_template_page_review_new.php","meta":{"_acf_changed":false,"cwp_meta_box_check":"No","cwp_rev_product_name":"","cwp_rev_product_image":"","wppr_links":[],"cwp_rev_price":"","wppr_options":[],"wppr_pros":[],"wppr_cons":[],"_monsterinsights_skip_tracking":false,"_monsterinsights_sitenote_active":false,"_monsterinsights_sitenote_note":"","_monsterinsights_sitenote_category":0,"footnotes":""},"categories":[13438],"tags":[13440,13444,13443,13442,13459],"features":[],"class_list":{"0":"post-62147","1":"page","2":"type-page","3":"status-publish","4":"has-post-thumbnail","6":"category-app-appuntamenti-medici-cat","7":"tag-app-per-appuntamenti-medici","8":"tag-piattaforma-per-appuntamenti-medici","9":"tag-programma-per-appuntamenti-medici","10":"tag-software-per-appuntamenti-medici","11":"tag-soluzione-per-appuntamenti-medici"},"wppr_data":{"cwp_meta_box_check":"No"},"acf":[],"yoast_head":"<!-- This site is optimized with the Yoast SEO plugin v27.4 - https:\/\/yoast.com\/product\/yoast-seo-wordpress\/ -->\n<title>Curogram: recensione app appuntamenti medici - Accurate Reviews<\/title>\n<meta name=\"description\" content=\"Curogram: recensione dell&#039;applicazione per gestire gli appuntamenti medici che si integra con qualsiasi EHR.\" \/>\n<meta name=\"robots\" content=\"index, follow, max-snippet:-1, max-image-preview:large, max-video-preview:-1\" \/>\n<link rel=\"canonical\" href=\"https:\/\/www.accuratereviews.com\/it\/app-appuntamenti-medici\/curogram-recensione\/\" \/>\n<meta property=\"og:locale\" content=\"it_IT\" \/>\n<meta property=\"og:type\" content=\"article\" \/>\n<meta property=\"og:title\" content=\"Curogram: recensione app appuntamenti medici - Accurate Reviews\" \/>\n<meta property=\"og:description\" content=\"Curogram: recensione dell&#039;applicazione per gestire gli appuntamenti medici che si integra con qualsiasi EHR.\" \/>\n<meta property=\"og:url\" content=\"https:\/\/www.accuratereviews.com\/it\/app-appuntamenti-medici\/curogram-recensione\/\" \/>\n<meta property=\"og:site_name\" content=\"Accurate Reviews\" \/>\n<meta property=\"og:image\" content=\"https:\/\/www.accuratereviews.com\/wp-content\/uploads\/2022\/10\/Unknown.png\" \/>\n\t<meta property=\"og:image:width\" content=\"225\" \/>\n\t<meta property=\"og:image:height\" content=\"225\" \/>\n\t<meta property=\"og:image:type\" content=\"image\/png\" \/>\n<meta name=\"twitter:card\" content=\"summary_large_image\" \/>\n<meta name=\"twitter:label1\" content=\"Tempo di lettura stimato\" \/>\n\t<meta name=\"twitter:data1\" content=\"5 minuti\" \/>\n<script type=\"application\/ld+json\" class=\"yoast-schema-graph\">{\"@context\":\"https:\\\/\\\/schema.org\",\"@graph\":[{\"@type\":\"WebPage\",\"@id\":\"https:\\\/\\\/www.accuratereviews.com\\\/it\\\/app-appuntamenti-medici\\\/curogram-recensione\\\/\",\"url\":\"https:\\\/\\\/www.accuratereviews.com\\\/it\\\/app-appuntamenti-medici\\\/curogram-recensione\\\/\",\"name\":\"Curogram: recensione app appuntamenti medici - Accurate Reviews\",\"isPartOf\":{\"@id\":\"https:\\\/\\\/www.accuratereviews.com\\\/it\\\/#website\"},\"primaryImageOfPage\":{\"@id\":\"https:\\\/\\\/www.accuratereviews.com\\\/it\\\/app-appuntamenti-medici\\\/curogram-recensione\\\/#primaryimage\"},\"image\":{\"@id\":\"https:\\\/\\\/www.accuratereviews.com\\\/it\\\/app-appuntamenti-medici\\\/curogram-recensione\\\/#primaryimage\"},\"thumbnailUrl\":\"https:\\\/\\\/www.accuratereviews.com\\\/wp-content\\\/uploads\\\/2022\\\/10\\\/Unknown.png\",\"datePublished\":\"2022-10-04T13:11:51+00:00\",\"description\":\"Curogram: recensione dell'applicazione per gestire gli appuntamenti medici che si integra con qualsiasi EHR.\",\"breadcrumb\":{\"@id\":\"https:\\\/\\\/www.accuratereviews.com\\\/it\\\/app-appuntamenti-medici\\\/curogram-recensione\\\/#breadcrumb\"},\"inLanguage\":\"it-IT\",\"potentialAction\":[{\"@type\":\"ReadAction\",\"target\":[\"https:\\\/\\\/www.accuratereviews.com\\\/it\\\/app-appuntamenti-medici\\\/curogram-recensione\\\/\"]}]},{\"@type\":\"ImageObject\",\"inLanguage\":\"it-IT\",\"@id\":\"https:\\\/\\\/www.accuratereviews.com\\\/it\\\/app-appuntamenti-medici\\\/curogram-recensione\\\/#primaryimage\",\"url\":\"https:\\\/\\\/www.accuratereviews.com\\\/wp-content\\\/uploads\\\/2022\\\/10\\\/Unknown.png\",\"contentUrl\":\"https:\\\/\\\/www.accuratereviews.com\\\/wp-content\\\/uploads\\\/2022\\\/10\\\/Unknown.png\",\"width\":225,\"height\":225},{\"@type\":\"BreadcrumbList\",\"@id\":\"https:\\\/\\\/www.accuratereviews.com\\\/it\\\/app-appuntamenti-medici\\\/curogram-recensione\\\/#breadcrumb\",\"itemListElement\":[{\"@type\":\"ListItem\",\"position\":1,\"name\":\"Home\",\"item\":\"https:\\\/\\\/www.accuratereviews.com\\\/it\\\/\"},{\"@type\":\"ListItem\",\"position\":2,\"name\":\"App per appuntamenti medici\",\"item\":\"https:\\\/\\\/www.accuratereviews.com\\\/it\\\/app-appuntamenti-medici\\\/\"},{\"@type\":\"ListItem\",\"position\":3,\"name\":\"Curogram\"}]},{\"@type\":\"WebSite\",\"@id\":\"https:\\\/\\\/www.accuratereviews.com\\\/it\\\/#website\",\"url\":\"https:\\\/\\\/www.accuratereviews.com\\\/it\\\/\",\"name\":\"Accurate Reviews\",\"description\":\"\",\"potentialAction\":[{\"@type\":\"SearchAction\",\"target\":{\"@type\":\"EntryPoint\",\"urlTemplate\":\"https:\\\/\\\/www.accuratereviews.com\\\/it\\\/?s={search_term_string}\"},\"query-input\":{\"@type\":\"PropertyValueSpecification\",\"valueRequired\":true,\"valueName\":\"search_term_string\"}}],\"inLanguage\":\"it-IT\"}]}<\/script>\n<!-- \/ Yoast SEO plugin. -->","yoast_head_json":{"title":"Curogram: recensione app appuntamenti medici - Accurate Reviews","description":"Curogram: recensione dell'applicazione per gestire gli appuntamenti medici che si integra con qualsiasi EHR.","robots":{"index":"index","follow":"follow","max-snippet":"max-snippet:-1","max-image-preview":"max-image-preview:large","max-video-preview":"max-video-preview:-1"},"canonical":"https:\/\/www.accuratereviews.com\/it\/app-appuntamenti-medici\/curogram-recensione\/","og_locale":"it_IT","og_type":"article","og_title":"Curogram: recensione app appuntamenti medici - Accurate Reviews","og_description":"Curogram: recensione dell'applicazione per gestire gli appuntamenti medici che si integra con qualsiasi EHR.","og_url":"https:\/\/www.accuratereviews.com\/it\/app-appuntamenti-medici\/curogram-recensione\/","og_site_name":"Accurate Reviews","og_image":[{"width":225,"height":225,"url":"https:\/\/www.accuratereviews.com\/wp-content\/uploads\/2022\/10\/Unknown.png","type":"image\/png"}],"twitter_card":"summary_large_image","twitter_misc":{"Tempo di lettura stimato":"5 minuti"},"schema":{"@context":"https:\/\/schema.org","@graph":[{"@type":"WebPage","@id":"https:\/\/www.accuratereviews.com\/it\/app-appuntamenti-medici\/curogram-recensione\/","url":"https:\/\/www.accuratereviews.com\/it\/app-appuntamenti-medici\/curogram-recensione\/","name":"Curogram: recensione app appuntamenti medici - Accurate Reviews","isPartOf":{"@id":"https:\/\/www.accuratereviews.com\/it\/#website"},"primaryImageOfPage":{"@id":"https:\/\/www.accuratereviews.com\/it\/app-appuntamenti-medici\/curogram-recensione\/#primaryimage"},"image":{"@id":"https:\/\/www.accuratereviews.com\/it\/app-appuntamenti-medici\/curogram-recensione\/#primaryimage"},"thumbnailUrl":"https:\/\/www.accuratereviews.com\/wp-content\/uploads\/2022\/10\/Unknown.png","datePublished":"2022-10-04T13:11:51+00:00","description":"Curogram: recensione dell'applicazione per gestire gli appuntamenti medici che si integra con qualsiasi EHR.","breadcrumb":{"@id":"https:\/\/www.accuratereviews.com\/it\/app-appuntamenti-medici\/curogram-recensione\/#breadcrumb"},"inLanguage":"it-IT","potentialAction":[{"@type":"ReadAction","target":["https:\/\/www.accuratereviews.com\/it\/app-appuntamenti-medici\/curogram-recensione\/"]}]},{"@type":"ImageObject","inLanguage":"it-IT","@id":"https:\/\/www.accuratereviews.com\/it\/app-appuntamenti-medici\/curogram-recensione\/#primaryimage","url":"https:\/\/www.accuratereviews.com\/wp-content\/uploads\/2022\/10\/Unknown.png","contentUrl":"https:\/\/www.accuratereviews.com\/wp-content\/uploads\/2022\/10\/Unknown.png","width":225,"height":225},{"@type":"BreadcrumbList","@id":"https:\/\/www.accuratereviews.com\/it\/app-appuntamenti-medici\/curogram-recensione\/#breadcrumb","itemListElement":[{"@type":"ListItem","position":1,"name":"Home","item":"https:\/\/www.accuratereviews.com\/it\/"},{"@type":"ListItem","position":2,"name":"App per appuntamenti medici","item":"https:\/\/www.accuratereviews.com\/it\/app-appuntamenti-medici\/"},{"@type":"ListItem","position":3,"name":"Curogram"}]},{"@type":"WebSite","@id":"https:\/\/www.accuratereviews.com\/it\/#website","url":"https:\/\/www.accuratereviews.com\/it\/","name":"Accurate Reviews","description":"","potentialAction":[{"@type":"SearchAction","target":{"@type":"EntryPoint","urlTemplate":"https:\/\/www.accuratereviews.com\/it\/?s={search_term_string}"},"query-input":{"@type":"PropertyValueSpecification","valueRequired":true,"valueName":"search_term_string"}}],"inLanguage":"it-IT"}]}},"_links":{"self":[{"href":"https:\/\/www.accuratereviews.com\/it\/wp-json\/wp\/v2\/pages\/62147","targetHints":{"allow":["GET"]}}],"collection":[{"href":"https:\/\/www.accuratereviews.com\/it\/wp-json\/wp\/v2\/pages"}],"about":[{"href":"https:\/\/www.accuratereviews.com\/it\/wp-json\/wp\/v2\/types\/page"}],"author":[{"embeddable":true,"href":"https:\/\/www.accuratereviews.com\/it\/wp-json\/wp\/v2\/users\/17"}],"replies":[{"embeddable":true,"href":"https:\/\/www.accuratereviews.com\/it\/wp-json\/wp\/v2\/comments?post=62147"}],"version-history":[{"count":3,"href":"https:\/\/www.accuratereviews.com\/it\/wp-json\/wp\/v2\/pages\/62147\/revisions"}],"predecessor-version":[{"id":62161,"href":"https:\/\/www.accuratereviews.com\/it\/wp-json\/wp\/v2\/pages\/62147\/revisions\/62161"}],"up":[{"embeddable":true,"href":"https:\/\/www.accuratereviews.com\/it\/wp-json\/wp\/v2\/pages\/61834"}],"wp:featuredmedia":[{"embeddable":true,"href":"https:\/\/www.accuratereviews.com\/it\/wp-json\/wp\/v2\/media\/62148"}],"wp:attachment":[{"href":"https:\/\/www.accuratereviews.com\/it\/wp-json\/wp\/v2\/media?parent=62147"}],"wp:term":[{"taxonomy":"category","embeddable":true,"href":"https:\/\/www.accuratereviews.com\/it\/wp-json\/wp\/v2\/categories?post=62147"},{"taxonomy":"post_tag","embeddable":true,"href":"https:\/\/www.accuratereviews.com\/it\/wp-json\/wp\/v2\/tags?post=62147"},{"taxonomy":"features","embeddable":true,"href":"https:\/\/www.accuratereviews.com\/it\/wp-json\/wp\/v2\/features?post=62147"}],"curies":[{"name":"wp","href":"https:\/\/api.w.org\/{rel}","templated":true}]}}