{"id":62199,"date":"2022-10-05T16:54:57","date_gmt":"2022-10-05T16:54:57","guid":{"rendered":"https:\/\/www.accuratereviews.com\/?page_id=62199"},"modified":"2022-10-06T10:28:00","modified_gmt":"2022-10-06T10:28:00","slug":"pomelo-health-recensione","status":"publish","type":"page","link":"https:\/\/www.accuratereviews.com\/it\/app-appuntamenti-medici\/pomelo-health-recensione\/","title":{"rendered":"Pomelo Health"},"content":{"rendered":"<p class=\"h3 mb-1\"><strong>Pomelo Health<\/strong> \u00e8 un software che supporta ospedali, cliniche, farmacie e amministrazioni pubbliche nella <strong>prenotazione di appuntamenti medici<\/strong>. Grazie a questo strumento, potrete personalizzare tutti i tipi di appuntamento, abilitare la prenotazione multipla per consentire a pi\u00f9 pazienti di prenotare la stessa fascia oraria, automatizzare le conferme degli appuntamenti subito dopo la prenotazione del paziente, definire la durata, la descrizione, l&#8217;orario del check-in, i criteri di cancellazione e molto altro ancora.<br \/>\nCon <strong>Pomelo Health<\/strong> eviti l&#8217;overbooking dei pazienti e fai risparmiare molte ore di lavoro ai dipendenti che potranno sfruttare in altre attivit\u00e0.<\/p>\n<p><a href=\"https:\/\/www.accuratereviews.com\/wp-content\/uploads\/2022\/10\/612fc9d9145b5db4bc2a9ef4_onlinebooking_features-p-800.jpeg\"><img loading=\"lazy\" decoding=\"async\" class=\"size-full wp-image-62215 aligncenter\" src=\"https:\/\/www.accuratereviews.com\/wp-content\/uploads\/2022\/10\/612fc9d9145b5db4bc2a9ef4_onlinebooking_features-p-800.jpeg\" alt=\"\" width=\"800\" height=\"600\" srcset=\"https:\/\/www.accuratereviews.com\/wp-content\/uploads\/2022\/10\/612fc9d9145b5db4bc2a9ef4_onlinebooking_features-p-800.jpeg 800w, https:\/\/www.accuratereviews.com\/wp-content\/uploads\/2022\/10\/612fc9d9145b5db4bc2a9ef4_onlinebooking_features-p-800-300x225.jpeg 300w, https:\/\/www.accuratereviews.com\/wp-content\/uploads\/2022\/10\/612fc9d9145b5db4bc2a9ef4_onlinebooking_features-p-800-768x576.jpeg 768w, https:\/\/www.accuratereviews.com\/wp-content\/uploads\/2022\/10\/612fc9d9145b5db4bc2a9ef4_onlinebooking_features-p-800-167x125.jpeg 167w, https:\/\/www.accuratereviews.com\/wp-content\/uploads\/2022\/10\/612fc9d9145b5db4bc2a9ef4_onlinebooking_features-p-800-50x38.jpeg 50w, https:\/\/www.accuratereviews.com\/wp-content\/uploads\/2022\/10\/612fc9d9145b5db4bc2a9ef4_onlinebooking_features-p-800-636x477.jpeg 636w, https:\/\/www.accuratereviews.com\/wp-content\/uploads\/2022\/10\/612fc9d9145b5db4bc2a9ef4_onlinebooking_features-p-800-320x240.jpeg 320w, https:\/\/www.accuratereviews.com\/wp-content\/uploads\/2022\/10\/612fc9d9145b5db4bc2a9ef4_onlinebooking_features-p-800-239x179.jpeg 239w\" sizes=\"auto, (max-width: 800px) 100vw, 800px\" \/><\/a><\/p>\n<h3>POMELO HEALTH &#8211; CARATTERISTICHE<\/h3>\n<ul>\n<li><strong>Software di prenotazione online<\/strong>: integra facilmente uno strumento di prenotazione online e consenti ai pazienti di prenotare da soli gli appuntamenti, restituendo tempo prezioso al vostro personale.<\/li>\n<li><strong>Promemoria automatici per gli appuntamenti<\/strong>: riduci facilmente i tassi di mancata presentazione con un software di promemoria automatico per gli appuntamenti progettato specificamente per gli studi sanitari.<\/li>\n<li><strong>Messaggistica sicura per i pazienti<\/strong>: semplifica i flussi di lavoro della clinica con una piattaforma di comunicazione sicura e aumenta il coinvolgimento dei pazienti, il tutto mantenendo i dati dei pazienti al sicuro.<\/li>\n<li><strong>Mobile Check-in<\/strong>: per mantenere un flusso costante di pazienti, elimina le lunghe file di attesa e incoraggia l&#8217;allontanamento sociale consentendo ai pazienti di effettuare il self check-in.<\/li>\n<li><strong>Moduli digitali:<\/strong> digitalizza i moduli che i pazienti possono compilare con il proprio dispositivo, popolando automaticamente la loro cartella e aggiornando l&#8217;EMR della clinica.<\/li>\n<li><strong>Piattaforma di telemedicina<\/strong>: coinvolgi i tuoi pazienti con consultazioni video sicure e conformi.<\/li>\n<li><strong>Trasmissione di informazioni<\/strong>: condividi facilmente le informazioni con gruppi di pazienti selezionati nel tuo database e assicurati che tutti siano aggiornati sulle comunicazioni importanti della clinica.<\/li>\n<\/ul>\n<h4>LE RECENSIONI DEGLI UTENTI<\/h4>\n<div class=\"d-flex align-items-center mb-1 mb-md-3\">\n<p><strong>Alicia &#8220;Medicina di famiglia &#8211; Prenotazione online&#8221;<\/strong><br \/>\nCommenti: \u00e8 un ottimo servizio per i pazienti!<br \/>\nPro: i pazienti sono in grado di andare online, guardare il loro programma e confrontarlo con la disponibilit\u00e0 dell&#8217;ufficio. Quando gli orari dei medici cambiano, il programma \u00e8 facile da modificare e usare.<br \/>\nContro: all&#8217;inizio abbiamo avuto qualche problema con i pazienti che prenotavano online e non si univano al nostro EMR. \u00c8 stata una soluzione rapida e da allora non ci sono stati pi\u00f9 problemi! I pazienti hanno difficolt\u00e0 a capire come cancellare gli appuntamenti che hanno prenotato online, quindi offrire una nota su come farlo durante il processo di prenotazione potrebbe essere utile!<\/p>\n<p><strong>Sorour &#8220;Buon servizio&#8221;<\/strong><br \/>\nCommenti: siamo pi\u00f9 che soddisfatti.\u00a0Hanno un buon supporto clienti che abbiamo sempre potuto raggiungere facilmente e chiedere aiuto.<br \/>\nPro: mi piace l&#8217;opzione di prenotazione online, che ci ha aiutato a ridurre il carico di telefonate in entrata. \u00c8 molto facile da usare e ha diverse opzioni.<br \/>\nContro: utilizzando il loro promemoria per gli appuntamenti, a volte mostra il nome della nostra clinica quando invia il promemoria a un paziente e a volte no. Questo crea un po&#8217; di confusione alle persone che lo ricevono<\/p>\n<p><strong>Teena &#8220;Strumento straordinario per l&#8217;efficienza!&#8221;.<\/strong><br \/>\nCommenti: \u00e8 stato facile da configurare e integrare nel nostro EMR. Il supporto \u00e8 veloce ed efficiente quando ne abbiamo bisogno ed \u00e8 stato facile da implementare nei nostri sistemi e processi.<br \/>\nPro: questo software si integra perfettamente nel nostro sistema EMR e ha ottime opzioni per l&#8217;invio di promemoria per gli appuntamenti ai nostri pazienti. Il nostro tasso di mancata presentazione \u00e8 diminuito significativamente da quando abbiamo introdotto il software e abbiamo ridotto il tempo dedicato dai nostri dipendenti all&#8217;invio di promemoria e alle telefonate.<br \/>\nContro: niente, non abbiamo avuto problemi con questo software.<\/p>\n<\/div>\n","protected":false},"excerpt":{"rendered":"<p>Pomelo Health \u00e8 un software che supporta ospedali, cliniche, farmacie e amministrazioni pubbliche nella prenotazione di appuntamenti medici. Grazie a questo strumento, potrete personalizzare tutti i tipi di appuntamento, abilitare la prenotazione multipla per consentire a pi\u00f9 pazienti di prenotare la stessa fascia oraria e molto altro ancora.<\/p>\n","protected":false},"author":17,"featured_media":62210,"parent":61834,"menu_order":0,"comment_status":"open","ping_status":"closed","template":"g1_template_page_review_new.php","meta":{"_acf_changed":false,"cwp_meta_box_check":"No","cwp_rev_product_name":"","cwp_rev_product_image":"","wppr_links":[],"cwp_rev_price":"","wppr_options":[],"wppr_pros":[],"wppr_cons":[],"_monsterinsights_skip_tracking":false,"_monsterinsights_sitenote_active":false,"_monsterinsights_sitenote_note":"","_monsterinsights_sitenote_category":0,"footnotes":""},"categories":[13438],"tags":[13440,13441,13444,13443,13442,13459],"features":[],"class_list":{"0":"post-62199","1":"page","2":"type-page","3":"status-publish","4":"has-post-thumbnail","6":"category-app-appuntamenti-medici-cat","7":"tag-app-per-appuntamenti-medici","8":"tag-appuntamenti-medici","9":"tag-piattaforma-per-appuntamenti-medici","10":"tag-programma-per-appuntamenti-medici","11":"tag-software-per-appuntamenti-medici","12":"tag-soluzione-per-appuntamenti-medici"},"wppr_data":{"cwp_meta_box_check":"No"},"acf":[],"yoast_head":"<!-- This site is optimized with the Yoast SEO plugin v27.4 - https:\/\/yoast.com\/product\/yoast-seo-wordpress\/ -->\n<title>Pomelo Health: recensione app appuntamenti medici - Accurate Reviews<\/title>\n<meta name=\"description\" content=\"Pomelo Health: recensione del software che supporta ospedali, cliniche, farmacie e altri enti nella prenotazione di appuntamenti medici.\" \/>\n<meta name=\"robots\" content=\"index, follow, max-snippet:-1, max-image-preview:large, max-video-preview:-1\" \/>\n<link rel=\"canonical\" href=\"https:\/\/www.accuratereviews.com\/it\/app-appuntamenti-medici\/pomelo-health-recensione\/\" \/>\n<meta property=\"og:locale\" content=\"it_IT\" \/>\n<meta property=\"og:type\" content=\"article\" \/>\n<meta property=\"og:title\" content=\"Pomelo Health: recensione app appuntamenti medici - Accurate Reviews\" \/>\n<meta property=\"og:description\" content=\"Pomelo Health: recensione del software che supporta ospedali, cliniche, farmacie e altri enti nella prenotazione di appuntamenti medici.\" \/>\n<meta property=\"og:url\" content=\"https:\/\/www.accuratereviews.com\/it\/app-appuntamenti-medici\/pomelo-health-recensione\/\" \/>\n<meta property=\"og:site_name\" content=\"Accurate Reviews\" \/>\n<meta property=\"article:modified_time\" content=\"2022-10-06T10:28:00+00:00\" \/>\n<meta property=\"og:image\" content=\"https:\/\/www.accuratereviews.com\/wp-content\/uploads\/2022\/10\/download-1.png\" \/>\n\t<meta property=\"og:image:width\" content=\"930\" \/>\n\t<meta property=\"og:image:height\" content=\"486\" \/>\n\t<meta property=\"og:image:type\" content=\"image\/png\" \/>\n<meta name=\"twitter:card\" content=\"summary_large_image\" \/>\n<meta name=\"twitter:label1\" content=\"Tempo di lettura stimato\" \/>\n\t<meta name=\"twitter:data1\" content=\"4 minuti\" \/>\n<script type=\"application\/ld+json\" class=\"yoast-schema-graph\">{\"@context\":\"https:\\\/\\\/schema.org\",\"@graph\":[{\"@type\":\"WebPage\",\"@id\":\"https:\\\/\\\/www.accuratereviews.com\\\/it\\\/app-appuntamenti-medici\\\/pomelo-health-recensione\\\/\",\"url\":\"https:\\\/\\\/www.accuratereviews.com\\\/it\\\/app-appuntamenti-medici\\\/pomelo-health-recensione\\\/\",\"name\":\"Pomelo Health: recensione app appuntamenti medici - Accurate Reviews\",\"isPartOf\":{\"@id\":\"https:\\\/\\\/www.accuratereviews.com\\\/it\\\/#website\"},\"primaryImageOfPage\":{\"@id\":\"https:\\\/\\\/www.accuratereviews.com\\\/it\\\/app-appuntamenti-medici\\\/pomelo-health-recensione\\\/#primaryimage\"},\"image\":{\"@id\":\"https:\\\/\\\/www.accuratereviews.com\\\/it\\\/app-appuntamenti-medici\\\/pomelo-health-recensione\\\/#primaryimage\"},\"thumbnailUrl\":\"https:\\\/\\\/www.accuratereviews.com\\\/wp-content\\\/uploads\\\/2022\\\/10\\\/download-1.png\",\"datePublished\":\"2022-10-05T16:54:57+00:00\",\"dateModified\":\"2022-10-06T10:28:00+00:00\",\"description\":\"Pomelo Health: recensione del software che supporta ospedali, cliniche, farmacie e altri enti nella prenotazione di appuntamenti medici.\",\"breadcrumb\":{\"@id\":\"https:\\\/\\\/www.accuratereviews.com\\\/it\\\/app-appuntamenti-medici\\\/pomelo-health-recensione\\\/#breadcrumb\"},\"inLanguage\":\"it-IT\",\"potentialAction\":[{\"@type\":\"ReadAction\",\"target\":[\"https:\\\/\\\/www.accuratereviews.com\\\/it\\\/app-appuntamenti-medici\\\/pomelo-health-recensione\\\/\"]}]},{\"@type\":\"ImageObject\",\"inLanguage\":\"it-IT\",\"@id\":\"https:\\\/\\\/www.accuratereviews.com\\\/it\\\/app-appuntamenti-medici\\\/pomelo-health-recensione\\\/#primaryimage\",\"url\":\"https:\\\/\\\/www.accuratereviews.com\\\/wp-content\\\/uploads\\\/2022\\\/10\\\/download-1.png\",\"contentUrl\":\"https:\\\/\\\/www.accuratereviews.com\\\/wp-content\\\/uploads\\\/2022\\\/10\\\/download-1.png\",\"width\":930,\"height\":486},{\"@type\":\"BreadcrumbList\",\"@id\":\"https:\\\/\\\/www.accuratereviews.com\\\/it\\\/app-appuntamenti-medici\\\/pomelo-health-recensione\\\/#breadcrumb\",\"itemListElement\":[{\"@type\":\"ListItem\",\"position\":1,\"name\":\"Home\",\"item\":\"https:\\\/\\\/www.accuratereviews.com\\\/it\\\/\"},{\"@type\":\"ListItem\",\"position\":2,\"name\":\"App per appuntamenti medici\",\"item\":\"https:\\\/\\\/www.accuratereviews.com\\\/it\\\/app-appuntamenti-medici\\\/\"},{\"@type\":\"ListItem\",\"position\":3,\"name\":\"Pomelo Health\"}]},{\"@type\":\"WebSite\",\"@id\":\"https:\\\/\\\/www.accuratereviews.com\\\/it\\\/#website\",\"url\":\"https:\\\/\\\/www.accuratereviews.com\\\/it\\\/\",\"name\":\"Accurate Reviews\",\"description\":\"\",\"potentialAction\":[{\"@type\":\"SearchAction\",\"target\":{\"@type\":\"EntryPoint\",\"urlTemplate\":\"https:\\\/\\\/www.accuratereviews.com\\\/it\\\/?s={search_term_string}\"},\"query-input\":{\"@type\":\"PropertyValueSpecification\",\"valueRequired\":true,\"valueName\":\"search_term_string\"}}],\"inLanguage\":\"it-IT\"}]}<\/script>\n<!-- \/ Yoast SEO plugin. -->","yoast_head_json":{"title":"Pomelo Health: recensione app appuntamenti medici - Accurate Reviews","description":"Pomelo Health: recensione del software che supporta ospedali, cliniche, farmacie e altri enti nella prenotazione di appuntamenti medici.","robots":{"index":"index","follow":"follow","max-snippet":"max-snippet:-1","max-image-preview":"max-image-preview:large","max-video-preview":"max-video-preview:-1"},"canonical":"https:\/\/www.accuratereviews.com\/it\/app-appuntamenti-medici\/pomelo-health-recensione\/","og_locale":"it_IT","og_type":"article","og_title":"Pomelo Health: recensione app appuntamenti medici - Accurate Reviews","og_description":"Pomelo Health: recensione del software che supporta ospedali, cliniche, farmacie e altri enti nella prenotazione di appuntamenti medici.","og_url":"https:\/\/www.accuratereviews.com\/it\/app-appuntamenti-medici\/pomelo-health-recensione\/","og_site_name":"Accurate Reviews","article_modified_time":"2022-10-06T10:28:00+00:00","og_image":[{"width":930,"height":486,"url":"https:\/\/www.accuratereviews.com\/wp-content\/uploads\/2022\/10\/download-1.png","type":"image\/png"}],"twitter_card":"summary_large_image","twitter_misc":{"Tempo di lettura stimato":"4 minuti"},"schema":{"@context":"https:\/\/schema.org","@graph":[{"@type":"WebPage","@id":"https:\/\/www.accuratereviews.com\/it\/app-appuntamenti-medici\/pomelo-health-recensione\/","url":"https:\/\/www.accuratereviews.com\/it\/app-appuntamenti-medici\/pomelo-health-recensione\/","name":"Pomelo Health: recensione app appuntamenti medici - Accurate Reviews","isPartOf":{"@id":"https:\/\/www.accuratereviews.com\/it\/#website"},"primaryImageOfPage":{"@id":"https:\/\/www.accuratereviews.com\/it\/app-appuntamenti-medici\/pomelo-health-recensione\/#primaryimage"},"image":{"@id":"https:\/\/www.accuratereviews.com\/it\/app-appuntamenti-medici\/pomelo-health-recensione\/#primaryimage"},"thumbnailUrl":"https:\/\/www.accuratereviews.com\/wp-content\/uploads\/2022\/10\/download-1.png","datePublished":"2022-10-05T16:54:57+00:00","dateModified":"2022-10-06T10:28:00+00:00","description":"Pomelo Health: recensione del software che supporta ospedali, cliniche, farmacie e altri enti nella prenotazione di appuntamenti medici.","breadcrumb":{"@id":"https:\/\/www.accuratereviews.com\/it\/app-appuntamenti-medici\/pomelo-health-recensione\/#breadcrumb"},"inLanguage":"it-IT","potentialAction":[{"@type":"ReadAction","target":["https:\/\/www.accuratereviews.com\/it\/app-appuntamenti-medici\/pomelo-health-recensione\/"]}]},{"@type":"ImageObject","inLanguage":"it-IT","@id":"https:\/\/www.accuratereviews.com\/it\/app-appuntamenti-medici\/pomelo-health-recensione\/#primaryimage","url":"https:\/\/www.accuratereviews.com\/wp-content\/uploads\/2022\/10\/download-1.png","contentUrl":"https:\/\/www.accuratereviews.com\/wp-content\/uploads\/2022\/10\/download-1.png","width":930,"height":486},{"@type":"BreadcrumbList","@id":"https:\/\/www.accuratereviews.com\/it\/app-appuntamenti-medici\/pomelo-health-recensione\/#breadcrumb","itemListElement":[{"@type":"ListItem","position":1,"name":"Home","item":"https:\/\/www.accuratereviews.com\/it\/"},{"@type":"ListItem","position":2,"name":"App per appuntamenti medici","item":"https:\/\/www.accuratereviews.com\/it\/app-appuntamenti-medici\/"},{"@type":"ListItem","position":3,"name":"Pomelo Health"}]},{"@type":"WebSite","@id":"https:\/\/www.accuratereviews.com\/it\/#website","url":"https:\/\/www.accuratereviews.com\/it\/","name":"Accurate Reviews","description":"","potentialAction":[{"@type":"SearchAction","target":{"@type":"EntryPoint","urlTemplate":"https:\/\/www.accuratereviews.com\/it\/?s={search_term_string}"},"query-input":{"@type":"PropertyValueSpecification","valueRequired":true,"valueName":"search_term_string"}}],"inLanguage":"it-IT"}]}},"_links":{"self":[{"href":"https:\/\/www.accuratereviews.com\/it\/wp-json\/wp\/v2\/pages\/62199","targetHints":{"allow":["GET"]}}],"collection":[{"href":"https:\/\/www.accuratereviews.com\/it\/wp-json\/wp\/v2\/pages"}],"about":[{"href":"https:\/\/www.accuratereviews.com\/it\/wp-json\/wp\/v2\/types\/page"}],"author":[{"embeddable":true,"href":"https:\/\/www.accuratereviews.com\/it\/wp-json\/wp\/v2\/users\/17"}],"replies":[{"embeddable":true,"href":"https:\/\/www.accuratereviews.com\/it\/wp-json\/wp\/v2\/comments?post=62199"}],"version-history":[{"count":6,"href":"https:\/\/www.accuratereviews.com\/it\/wp-json\/wp\/v2\/pages\/62199\/revisions"}],"predecessor-version":[{"id":62269,"href":"https:\/\/www.accuratereviews.com\/it\/wp-json\/wp\/v2\/pages\/62199\/revisions\/62269"}],"up":[{"embeddable":true,"href":"https:\/\/www.accuratereviews.com\/it\/wp-json\/wp\/v2\/pages\/61834"}],"wp:featuredmedia":[{"embeddable":true,"href":"https:\/\/www.accuratereviews.com\/it\/wp-json\/wp\/v2\/media\/62210"}],"wp:attachment":[{"href":"https:\/\/www.accuratereviews.com\/it\/wp-json\/wp\/v2\/media?parent=62199"}],"wp:term":[{"taxonomy":"category","embeddable":true,"href":"https:\/\/www.accuratereviews.com\/it\/wp-json\/wp\/v2\/categories?post=62199"},{"taxonomy":"post_tag","embeddable":true,"href":"https:\/\/www.accuratereviews.com\/it\/wp-json\/wp\/v2\/tags?post=62199"},{"taxonomy":"features","embeddable":true,"href":"https:\/\/www.accuratereviews.com\/it\/wp-json\/wp\/v2\/features?post=62199"}],"curies":[{"name":"wp","href":"https:\/\/api.w.org\/{rel}","templated":true}]}}