{"id":62239,"date":"2022-10-09T09:53:30","date_gmt":"2022-10-09T09:53:30","guid":{"rendered":"https:\/\/www.accuratereviews.com\/?page_id=62239"},"modified":"2022-10-09T09:53:30","modified_gmt":"2022-10-09T09:53:30","slug":"picktime-recensione","status":"publish","type":"page","link":"https:\/\/www.accuratereviews.com\/it\/app-appuntamenti-medici\/picktime-recensione\/","title":{"rendered":"Picktime"},"content":{"rendered":"<p><strong>Picktime<\/strong> \u00e8 una <strong>piattaforma di pianificazione degli appuntamenti online<\/strong> che consente alle aziende di semplificare i processi relativi alla gestione del personale, riunioni, prenotazioni, interviste, clienti e altro ancora. I professionisti possono utilizzare la piattaforma per condividere i link di prenotazione con i clienti, inviare promemoria via email o sms e riprogrammare gli appuntamenti utilizzando un&#8217;interfaccia drag-and-drop.\u00a0I tutor possono creare orari delle lezioni individuali o di gruppo, impostare limiti di ingresso, condividere link di prenotazione e accettare pagamenti da clienti e studenti. Inoltre, il widget di prenotazione aiuta i professionisti a convertire i lead in clienti incorporando collegamenti in siti Web aziendali o pagine di social media.\u00a0Consente ai manager di richiedere recensioni dei clienti, assegnare attivit\u00e0 ai membri del personale e gestire le autorizzazioni. Gli amministratori possono creare, stampare e scaricare fatture con dettagli su sconti, offerte speciali o prodotti.<\/p>\n<h2>PICKTIME &#8211; TUTORIAL<\/h2>\n<div id=\"fluid-wrapper-counter-1\" class=\"g1-fluid-wrapper \" style=\"width:686px;\">\n<div style=\"padding-bottom:56.268221574344%;\"><iframe loading=\"lazy\" title=\"How to set up an Equipment Rental Business Software | Equipment Rental Management\" width=\"686\" height=\"386\" src=\"https:\/\/www.youtube.com\/embed\/ohwnuCeuimU?feature=oembed&amp;wmode=transparent&amp;autohide=1&amp;autoplay=0&amp;disablekb=0&amp;fs=1&amp;loop=0&amp;enablejsapi=1&amp;rel=0&amp;controls=2&amp;showinfo=0&amp;wmode=transparent&amp;autohide=2&amp;autoplay=0&amp;disablekb=0&amp;fs=1&amp;loop=0&amp;enablejsapi=1&amp;rel=0&amp;controls=2&amp;showinfo=1\" frameborder=\"0\" allow=\"accelerometer; autoplay; clipboard-write; encrypted-media; gyroscope; picture-in-picture\" allowfullscreen><\/iframe><\/div>\n<\/div>\n<h3>PICKTIME &#8211; CARATTERISTICHE<\/h3>\n<ul>\n<li><strong>Programmazione degli appuntamenti<\/strong>: gestisci facilmente i tuoi appuntamenti con pochi clic.<\/li>\n<li><strong>24X7-Prenotazione Online<\/strong>: prenotazione online 24 ore su 24, 7 giorni su 7<\/li>\n<li><strong>Gestisci i clienti<\/strong>: gestisci i dati dei tuoi clienti, la cronologia degli appuntamenti, tutto in un unico posto.<\/li>\n<li><strong>Posizioni multiple<\/strong>: controlla a colpo d&#8217;occhio cosa sta succedendo in tutte le sedi della tua attivit\u00e0.<\/li>\n<li><strong>Gestione della squadra<\/strong>: gestisci il programma, le prenotazioni e i giorni liberi del tuo team.<\/li>\n<li><strong>Accetta pagamenti<\/strong>: supporta i pagamenti in contanti e con carta direttamente dal tuo calendario<\/li>\n<li><strong>Generazione fattura<\/strong>: tieni traccia di tutte le tue prenotazioni, fatture e rimborsi.<\/li>\n<li><strong>Panoramica<\/strong>: controlla le tue entrate, l&#8217;attivit\u00e0 dell&#8217;account e le prenotazioni imminenti<\/li>\n<li><strong>Prenotazioni ricorrenti<\/strong>: dai ai tuoi clienti un servizio prioritario prenotando in anticipo i loro slot<\/li>\n<li><strong>Widget di prenotazione<\/strong>: trasforma il tuo sito web in un motore di prenotazione.<\/li>\n<li><strong>Rapporti<\/strong>: visualizza report dettagliati end-to-end di tutte le tue attivit\u00e0 commerciali<\/li>\n<li><strong>Buoni e sconti<\/strong>: informa i clienti sulle ultime offerte e sconti.<\/li>\n<li><strong>Recensioni<\/strong>: ottieni il feedback giusto dai tuoi clienti.<\/li>\n<\/ul>\n<h4>LE RECENSIONI DEGLI UTENTI<\/h4>\n<p class=\"fw-bold mb-2\"><strong>Ed&#8221;Ci piace molto Picktime&#8221;<br \/>\n<\/strong><span class=\"fw-bold\"><strong>Commenti<\/strong>:<\/span> Abbiamo utilizzato Picktime per quasi 3 anni, l&#8217;abbiamo visto migliorare e siamo rimasti molto soddisfatti della facilit\u00e0 di pianificazione e della risposta dei team di supporto in caso di problemi tecnici. Fornisce buone notifiche ai clienti e al personale di supporto e dipendiamo regolarmente da esso per la pianificazione degli appuntamenti dei nostri prelievi di campioni di laboratorio<br \/>\n<strong>Pro<\/strong>:\u00a0Facile da usare e affidabile. Dipendiamo da Picktime per la pianificazione del trasporto dei nostri corrieri campione di laboratorio e siamo rimasti molto soddisfatti della facilit\u00e0 d&#8217;uso, della sua affidabilit\u00e0 e dell&#8217;ottimo team di supporto<br \/>\n<strong>Contro<\/strong>:\u00a0Non abbiamo utilizzato nessun altro prodotto di pianificazione del software cos\u00ec inconsapevoli di elementi aggiuntivi che potrebbero aiutare il nostro processo<\/p>\n<p class=\"fw-bold mb-2\"><strong>Chris&#8221;Ottimo prodotto e il supporto \u00e8 eccellente&#8221;<br \/>\n<\/strong><span class=\"fw-bold\"><strong>Commenti<\/strong>:<\/span> Il software \u00e8 facile da configurare ed \u00e8 ideale sia per gli utenti inesperti che per gli sviluppatori web.\u00a0Il supporto \u00e8 straordinario \u00e8 stato eccezionale nell&#8217;aiutarmi a personalizzare il prodotto per i nostri requisiti specifici, quindi molte grazie ancora.<br \/>\n<strong>Pro<\/strong>:\u00a0Estremamente facile da configurare, personalizzare e integrare con vari servizi<br \/>\n<strong>Contro<\/strong>:\u00a0Non ho ancora trovato nulla di negativo<\/p>\n<p class=\"fw-bold mb-2\"><strong>Alyse&#8221;\u00c8 stato fantastico prima di scalare&#8221;<br \/>\n<\/strong><span class=\"fw-bold\"><strong>Commenti<\/strong>:<\/span> Ottimo per facilit\u00e0 d&#8217;uso e valore. Molto facile da configurare e il sito di prenotazione del cliente era pulito e diretto. Nel complesso, mi \u00e8 piaciuto quando eravamo un&#8217;azienda pi\u00f9 piccola. \u00c8 diventato meno utile man mano che diventavamo pi\u00f9 grandi.<br \/>\n<strong>Pro<\/strong>:\u00a0Adoro quanto sia stato FACILE da usare! Questo \u00e8 il primo software che ho usato per la mia nuova attivit\u00e0 ed \u00e8 stato perfetto. Semplice, diretto ed economico. Ora siamo passati a un franchising e abbiamo bisogno di pi\u00f9 funzionalit\u00e0, ma Picktime \u00e8 stato perfetto per noi per il primo anno.<br \/>\n<strong>Contro<\/strong>:\u00a0L&#8217;elenco dei clienti era difettoso. I clienti (al momento) non creavano account. Hanno appena prenotato ogni appuntamento separatamente. Quindi non potevano salvare le informazioni di pagamento per un uso futuro, vedere la loro cronologia, ecc. Ho dovuto gestirlo da parte mia. Poich\u00e9 non avevano account individuali, salverebbe i clienti nella mia lista pi\u00f9<\/p>\n","protected":false},"excerpt":{"rendered":"<p>Picktime \u00e8 una piattaforma di pianificazione degli appuntamenti online che consente alle aziende di semplificare i processi relativi alla gestione del personale, riunioni, prenotazioni, interviste, clienti e altro ancora. I professionisti possono utilizzare la piattaforma per condividere i link di prenotazione con i clienti, inviare promemoria via email o sms e riprogrammare gli appuntamenti utilizzando un&#8217;interfaccia drag-and-drop.<\/p>\n","protected":false},"author":16,"featured_media":62240,"parent":61834,"menu_order":0,"comment_status":"open","ping_status":"closed","template":"g1_template_page_review_new.php","meta":{"_acf_changed":false,"cwp_meta_box_check":"No","cwp_rev_product_name":"","cwp_rev_product_image":"","wppr_links":[],"cwp_rev_price":"","wppr_options":[],"wppr_pros":[],"wppr_cons":[],"_monsterinsights_skip_tracking":false,"_monsterinsights_sitenote_active":false,"_monsterinsights_sitenote_note":"","_monsterinsights_sitenote_category":0,"footnotes":""},"categories":[13438],"tags":[13441,13444,13498,13443,13442,13459],"features":[],"class_list":{"0":"post-62239","1":"page","2":"type-page","3":"status-publish","4":"has-post-thumbnail","6":"category-app-appuntamenti-medici-cat","7":"tag-appuntamenti-medici","8":"tag-piattaforma-per-appuntamenti-medici","9":"tag-picktime","10":"tag-programma-per-appuntamenti-medici","11":"tag-software-per-appuntamenti-medici","12":"tag-soluzione-per-appuntamenti-medici"},"wppr_data":{"cwp_meta_box_check":"No"},"acf":[],"yoast_head":"<!-- This site is optimized with the Yoast SEO plugin v27.4 - https:\/\/yoast.com\/product\/yoast-seo-wordpress\/ -->\n<title>Picktime: recensione app per appuntamenti medici - Accurate Reviews<\/title>\n<meta name=\"description\" content=\"Picktime: recensione app per appuntamenti online che consente di semplificare la gestione del personale, riunioni e prenotazioni.\" \/>\n<meta name=\"robots\" content=\"index, follow, max-snippet:-1, max-image-preview:large, max-video-preview:-1\" \/>\n<link rel=\"canonical\" href=\"https:\/\/www.accuratereviews.com\/it\/app-appuntamenti-medici\/picktime-recensione\/\" \/>\n<meta property=\"og:locale\" content=\"it_IT\" \/>\n<meta property=\"og:type\" content=\"article\" \/>\n<meta property=\"og:title\" content=\"Picktime: recensione app per appuntamenti medici - Accurate Reviews\" \/>\n<meta property=\"og:description\" content=\"Picktime: recensione app per appuntamenti online che consente di semplificare la gestione del personale, riunioni e prenotazioni.\" \/>\n<meta property=\"og:url\" content=\"https:\/\/www.accuratereviews.com\/it\/app-appuntamenti-medici\/picktime-recensione\/\" \/>\n<meta property=\"og:site_name\" content=\"Accurate Reviews\" \/>\n<meta property=\"og:image\" content=\"https:\/\/www.accuratereviews.com\/wp-content\/uploads\/2022\/10\/Picktime.jpeg\" \/>\n\t<meta property=\"og:image:width\" content=\"873\" \/>\n\t<meta property=\"og:image:height\" content=\"344\" \/>\n\t<meta property=\"og:image:type\" content=\"image\/jpeg\" \/>\n<meta name=\"twitter:card\" content=\"summary_large_image\" \/>\n<meta name=\"twitter:label1\" content=\"Tempo di lettura stimato\" \/>\n\t<meta name=\"twitter:data1\" content=\"4 minuti\" \/>\n<script type=\"application\/ld+json\" class=\"yoast-schema-graph\">{\"@context\":\"https:\\\/\\\/schema.org\",\"@graph\":[{\"@type\":\"WebPage\",\"@id\":\"https:\\\/\\\/www.accuratereviews.com\\\/it\\\/app-appuntamenti-medici\\\/picktime-recensione\\\/\",\"url\":\"https:\\\/\\\/www.accuratereviews.com\\\/it\\\/app-appuntamenti-medici\\\/picktime-recensione\\\/\",\"name\":\"Picktime: recensione app per appuntamenti medici - Accurate Reviews\",\"isPartOf\":{\"@id\":\"https:\\\/\\\/www.accuratereviews.com\\\/it\\\/#website\"},\"primaryImageOfPage\":{\"@id\":\"https:\\\/\\\/www.accuratereviews.com\\\/it\\\/app-appuntamenti-medici\\\/picktime-recensione\\\/#primaryimage\"},\"image\":{\"@id\":\"https:\\\/\\\/www.accuratereviews.com\\\/it\\\/app-appuntamenti-medici\\\/picktime-recensione\\\/#primaryimage\"},\"thumbnailUrl\":\"https:\\\/\\\/www.accuratereviews.com\\\/wp-content\\\/uploads\\\/2022\\\/10\\\/Picktime.jpeg\",\"datePublished\":\"2022-10-09T09:53:30+00:00\",\"description\":\"Picktime: recensione app per appuntamenti online che consente di semplificare la gestione del personale, riunioni e prenotazioni.\",\"breadcrumb\":{\"@id\":\"https:\\\/\\\/www.accuratereviews.com\\\/it\\\/app-appuntamenti-medici\\\/picktime-recensione\\\/#breadcrumb\"},\"inLanguage\":\"it-IT\",\"potentialAction\":[{\"@type\":\"ReadAction\",\"target\":[\"https:\\\/\\\/www.accuratereviews.com\\\/it\\\/app-appuntamenti-medici\\\/picktime-recensione\\\/\"]}]},{\"@type\":\"ImageObject\",\"inLanguage\":\"it-IT\",\"@id\":\"https:\\\/\\\/www.accuratereviews.com\\\/it\\\/app-appuntamenti-medici\\\/picktime-recensione\\\/#primaryimage\",\"url\":\"https:\\\/\\\/www.accuratereviews.com\\\/wp-content\\\/uploads\\\/2022\\\/10\\\/Picktime.jpeg\",\"contentUrl\":\"https:\\\/\\\/www.accuratereviews.com\\\/wp-content\\\/uploads\\\/2022\\\/10\\\/Picktime.jpeg\",\"width\":873,\"height\":344},{\"@type\":\"BreadcrumbList\",\"@id\":\"https:\\\/\\\/www.accuratereviews.com\\\/it\\\/app-appuntamenti-medici\\\/picktime-recensione\\\/#breadcrumb\",\"itemListElement\":[{\"@type\":\"ListItem\",\"position\":1,\"name\":\"Home\",\"item\":\"https:\\\/\\\/www.accuratereviews.com\\\/it\\\/\"},{\"@type\":\"ListItem\",\"position\":2,\"name\":\"App per appuntamenti medici\",\"item\":\"https:\\\/\\\/www.accuratereviews.com\\\/it\\\/app-appuntamenti-medici\\\/\"},{\"@type\":\"ListItem\",\"position\":3,\"name\":\"Picktime\"}]},{\"@type\":\"WebSite\",\"@id\":\"https:\\\/\\\/www.accuratereviews.com\\\/it\\\/#website\",\"url\":\"https:\\\/\\\/www.accuratereviews.com\\\/it\\\/\",\"name\":\"Accurate Reviews\",\"description\":\"\",\"potentialAction\":[{\"@type\":\"SearchAction\",\"target\":{\"@type\":\"EntryPoint\",\"urlTemplate\":\"https:\\\/\\\/www.accuratereviews.com\\\/it\\\/?s={search_term_string}\"},\"query-input\":{\"@type\":\"PropertyValueSpecification\",\"valueRequired\":true,\"valueName\":\"search_term_string\"}}],\"inLanguage\":\"it-IT\"}]}<\/script>\n<!-- \/ Yoast SEO plugin. -->","yoast_head_json":{"title":"Picktime: recensione app per appuntamenti medici - Accurate Reviews","description":"Picktime: recensione app per appuntamenti online che consente di semplificare la gestione del personale, riunioni e prenotazioni.","robots":{"index":"index","follow":"follow","max-snippet":"max-snippet:-1","max-image-preview":"max-image-preview:large","max-video-preview":"max-video-preview:-1"},"canonical":"https:\/\/www.accuratereviews.com\/it\/app-appuntamenti-medici\/picktime-recensione\/","og_locale":"it_IT","og_type":"article","og_title":"Picktime: recensione app per appuntamenti medici - Accurate Reviews","og_description":"Picktime: recensione app per appuntamenti online che consente di semplificare la gestione del personale, riunioni e prenotazioni.","og_url":"https:\/\/www.accuratereviews.com\/it\/app-appuntamenti-medici\/picktime-recensione\/","og_site_name":"Accurate Reviews","og_image":[{"width":873,"height":344,"url":"https:\/\/www.accuratereviews.com\/wp-content\/uploads\/2022\/10\/Picktime.jpeg","type":"image\/jpeg"}],"twitter_card":"summary_large_image","twitter_misc":{"Tempo di lettura stimato":"4 minuti"},"schema":{"@context":"https:\/\/schema.org","@graph":[{"@type":"WebPage","@id":"https:\/\/www.accuratereviews.com\/it\/app-appuntamenti-medici\/picktime-recensione\/","url":"https:\/\/www.accuratereviews.com\/it\/app-appuntamenti-medici\/picktime-recensione\/","name":"Picktime: recensione app per appuntamenti medici - Accurate Reviews","isPartOf":{"@id":"https:\/\/www.accuratereviews.com\/it\/#website"},"primaryImageOfPage":{"@id":"https:\/\/www.accuratereviews.com\/it\/app-appuntamenti-medici\/picktime-recensione\/#primaryimage"},"image":{"@id":"https:\/\/www.accuratereviews.com\/it\/app-appuntamenti-medici\/picktime-recensione\/#primaryimage"},"thumbnailUrl":"https:\/\/www.accuratereviews.com\/wp-content\/uploads\/2022\/10\/Picktime.jpeg","datePublished":"2022-10-09T09:53:30+00:00","description":"Picktime: recensione app per appuntamenti online che consente di semplificare la gestione del personale, riunioni e prenotazioni.","breadcrumb":{"@id":"https:\/\/www.accuratereviews.com\/it\/app-appuntamenti-medici\/picktime-recensione\/#breadcrumb"},"inLanguage":"it-IT","potentialAction":[{"@type":"ReadAction","target":["https:\/\/www.accuratereviews.com\/it\/app-appuntamenti-medici\/picktime-recensione\/"]}]},{"@type":"ImageObject","inLanguage":"it-IT","@id":"https:\/\/www.accuratereviews.com\/it\/app-appuntamenti-medici\/picktime-recensione\/#primaryimage","url":"https:\/\/www.accuratereviews.com\/wp-content\/uploads\/2022\/10\/Picktime.jpeg","contentUrl":"https:\/\/www.accuratereviews.com\/wp-content\/uploads\/2022\/10\/Picktime.jpeg","width":873,"height":344},{"@type":"BreadcrumbList","@id":"https:\/\/www.accuratereviews.com\/it\/app-appuntamenti-medici\/picktime-recensione\/#breadcrumb","itemListElement":[{"@type":"ListItem","position":1,"name":"Home","item":"https:\/\/www.accuratereviews.com\/it\/"},{"@type":"ListItem","position":2,"name":"App per appuntamenti medici","item":"https:\/\/www.accuratereviews.com\/it\/app-appuntamenti-medici\/"},{"@type":"ListItem","position":3,"name":"Picktime"}]},{"@type":"WebSite","@id":"https:\/\/www.accuratereviews.com\/it\/#website","url":"https:\/\/www.accuratereviews.com\/it\/","name":"Accurate Reviews","description":"","potentialAction":[{"@type":"SearchAction","target":{"@type":"EntryPoint","urlTemplate":"https:\/\/www.accuratereviews.com\/it\/?s={search_term_string}"},"query-input":{"@type":"PropertyValueSpecification","valueRequired":true,"valueName":"search_term_string"}}],"inLanguage":"it-IT"}]}},"_links":{"self":[{"href":"https:\/\/www.accuratereviews.com\/it\/wp-json\/wp\/v2\/pages\/62239","targetHints":{"allow":["GET"]}}],"collection":[{"href":"https:\/\/www.accuratereviews.com\/it\/wp-json\/wp\/v2\/pages"}],"about":[{"href":"https:\/\/www.accuratereviews.com\/it\/wp-json\/wp\/v2\/types\/page"}],"author":[{"embeddable":true,"href":"https:\/\/www.accuratereviews.com\/it\/wp-json\/wp\/v2\/users\/16"}],"replies":[{"embeddable":true,"href":"https:\/\/www.accuratereviews.com\/it\/wp-json\/wp\/v2\/comments?post=62239"}],"version-history":[{"count":9,"href":"https:\/\/www.accuratereviews.com\/it\/wp-json\/wp\/v2\/pages\/62239\/revisions"}],"predecessor-version":[{"id":62329,"href":"https:\/\/www.accuratereviews.com\/it\/wp-json\/wp\/v2\/pages\/62239\/revisions\/62329"}],"up":[{"embeddable":true,"href":"https:\/\/www.accuratereviews.com\/it\/wp-json\/wp\/v2\/pages\/61834"}],"wp:featuredmedia":[{"embeddable":true,"href":"https:\/\/www.accuratereviews.com\/it\/wp-json\/wp\/v2\/media\/62240"}],"wp:attachment":[{"href":"https:\/\/www.accuratereviews.com\/it\/wp-json\/wp\/v2\/media?parent=62239"}],"wp:term":[{"taxonomy":"category","embeddable":true,"href":"https:\/\/www.accuratereviews.com\/it\/wp-json\/wp\/v2\/categories?post=62239"},{"taxonomy":"post_tag","embeddable":true,"href":"https:\/\/www.accuratereviews.com\/it\/wp-json\/wp\/v2\/tags?post=62239"},{"taxonomy":"features","embeddable":true,"href":"https:\/\/www.accuratereviews.com\/it\/wp-json\/wp\/v2\/features?post=62239"}],"curies":[{"name":"wp","href":"https:\/\/api.w.org\/{rel}","templated":true}]}}