{"id":62246,"date":"2022-10-09T09:30:49","date_gmt":"2022-10-09T09:30:49","guid":{"rendered":"https:\/\/www.accuratereviews.com\/?page_id=62246"},"modified":"2022-10-09T09:37:34","modified_gmt":"2022-10-09T09:37:34","slug":"timify-recensione","status":"publish","type":"page","link":"https:\/\/www.accuratereviews.com\/it\/app-appuntamenti-medici\/timify-recensione\/","title":{"rendered":"TIMIFY"},"content":{"rendered":"<p><strong>Timify<\/strong> \u00e8 un <strong>software di pianificazione e gestione delle risorse online<\/strong> per piccole, medie e grandi imprese. Il software basato su <strong>cloud<\/strong> come servizio (SaaS) comprende un sistema di prenotazione intelligente ma facile da usare, con un&#8217;ampia gamma di funzionalit\u00e0 personalizzabili. Il programma\u00a0colma il divario tra offline e online: \u00e8 disponibile per le aziende e il loro personale 24 ore su 24, 7 giorni su 7, indipendentemente dai fusi orari e dalle limitazioni fisiche dell&#8217;orario di lavoro.<br \/>\nI servizi sono prenotabili online end-to-end, in tempo reale. Ci sono numerose funzionalit\u00e0 come l&#8217;integrazione del software nell&#8217;infrastruttura IT esistente di un&#8217;azienda, la sincronizzazione con i calendari esistenti e l&#8217;accesso a dispositivi mobili e tablet multipiattaforma. Inoltre, <strong>TIMIFY<\/strong> offre strumenti per gestire clienti, dipendenti e risorse, in modo semplice e trasparente.<\/p>\n<h2>TIMIFY &#8211; TUTORIAL<\/h2>\n<p>Scopri come modificare una prenotazione del calendario che fa parte di una serie di prenotazioni:<\/p>\n<div id=\"fluid-wrapper-counter-1\" class=\"g1-fluid-wrapper \" style=\"width:686px;\"><div style=\"padding-bottom:56.268221574344%;\"><iframe loading=\"lazy\" title=\"How to Edit Serial Bookings\" width=\"686\" height=\"386\" src=\"https:\/\/www.youtube.com\/embed\/h_VA-fkC-_Q?list=PLnbQMMY-NUWLwzhK8SM3o2p7AGtbm1u7r\" frameborder=\"0\" allow=\"accelerometer; autoplay; clipboard-write; encrypted-media; gyroscope; picture-in-picture\" allowfullscreen><\/iframe><\/div><\/div>\n<h3>TIMIFY &#8211; CARATTERISTICHE<\/h3>\n<ul>\n<li><strong>Gestione delle sedi<\/strong>: organizza i calendari di tutte le sedi in account separati e passa facilmente da uno all&#8217;altro.<\/li>\n<li><strong>Prenotazioni divise<\/strong>: definisci i tempi di lavoro e d&#8217;inattivit\u00e0 di una risorsa all&#8217;interno di una prenotazione massimizzandone la disponibilit\u00e0 per altri compiti.<\/li>\n<li><strong>Widget Prenotazione Rapida<\/strong>: trova disponibilit\u00e0 in calendari complessi pi\u00f9 velocemente. Qualsiasi siano i criteri, il widget offre opzioni immediate.<\/li>\n<li><strong>Prenotazioni di gruppo<\/strong>: crea corsi o eventi di gruppo, gestisci ed esporta i partecipanti e i loro ospiti.<\/li>\n<li><strong>Videochiamate<\/strong>: pianifica videochiamate con i tuoi strumenti preferiti direttamente sul tuo calendario.<\/li>\n<li><strong>Prenotazioni anticipate<\/strong>: blocca orari definiti nel programma di una risorsa e rendili prenotabili solo per i clienti invitati.<\/li>\n<li><strong>Pagamenti online<\/strong>: collegate la soluzione con il vostro account Stripe o PayPal e impostate servizi con pagamento anticipato opzionale o obbligatorio.<\/li>\n<li><strong>Prenota con Google<\/strong>: favorisci conversioni continue rendendo i tuoi servizi prenotabili direttamente da Google My Business e Maps.<\/li>\n<li><strong>Servizi combinati<\/strong>: combina i servizi in modo personalizzato permettendo ai clienti di prenotarli come pacchetto unico o offerta.<\/li>\n<li><strong>Personalizzazione<\/strong>: adatta al tuo brand il widget di prenotazioni, le e-mail e la cancellazione delle prenotazioni.<\/li>\n<li><strong>Servizi programmati<\/strong>: specifica i giorni e le ore in cui un servizio pu\u00f2 essere prenotato.<\/li>\n<\/ul>\n<h4>LE RECENSIONI DEGLI UTENTI<\/h4>\n<p class=\"fw-bold mb-2\"><strong>Joan&#8221;Funzionalit\u00e0&#8221;<br \/>\n<\/strong><span class=\"fw-bold\"><strong>Commenti<\/strong>:<\/span> In generale, la nostra esperienza con TIMIFY \u00e8 molto buona, ci ha aiutato a tenere traccia degli appuntamenti con i dipendenti e a gestire le risorse.<br \/>\n<strong>Pro<\/strong>:\u00a0Quello che ci \u00e8 piaciuto di pi\u00f9 del software \u00e8 che include una moltitudine di opzioni per gestire appuntamenti, risorse, dipendenti, ma evidenziamo la possibilit\u00e0 di creare promozioni che i clienti possono utilizzare.<br \/>\n<strong>Contro<\/strong>:\u00a0Quello che ci \u00e8 piaciuto di meno del software \u00e8 che mantiene un&#8217;interfaccia molto simile per anni e talvolta configurare le cose \u00e8 un po&#8217; difficile.<\/p>\n<p class=\"fw-bold mb-2\"><strong>Eve:&#8221;\u00c8 iniziato bene&#8230;&#8221;<br \/>\n<\/strong><span class=\"fw-bold\"><strong>Commenti<\/strong>:<\/span> Le persone che lavorano l\u00ec fanno del loro meglio, ma anche loro erano perplesse con i problemi che avevo.<br \/>\n<strong>Pro<\/strong>:\u00a0Sembrava avere tutte le funzionalit\u00e0 di cui avevo bisogno: gestione del fuso orario, multilingua, gestione delle stanze, accessi multipli, sincronizzazione con Calendar, multi-prodotti&#8230;<br \/>\n<strong>Contro<\/strong>:\u00a0Ho avuto bug nel giorno di cambio orario estivo\/invernale, avevo una fattura contabile troppo alta o non ho notato il mio pagamento, la sincronizzazione si \u00e8 interrotta, il mio collega non l&#8217;ha mai capito, i clienti non hanno trovato spiegazione&#8230; ha funzionato benissimo per 4 mesi e ho ottenuto un rinnovo annuale automatico. Ho sperimentato il passaggio a NOVA e non mi \u00e8 piaciuto.<\/p>\n<p class=\"fw-bold mb-2\"><strong>Soner&#8221;Calendario molto buono&#8221;<br \/>\n<\/strong><strong>Pro<\/strong>:\u00a0Facile da usare e ai nostri clienti piace prenotare gli orari.<br \/>\n<strong>Contro<\/strong>:\u00a0\u00c8 utile prenotare gli orari e l&#8217;app \u00e8 molto buona e i nostri clienti ricevono promemoria via e-mail quando prenotano un orario<\/p>\n","protected":false},"excerpt":{"rendered":"<p>Timify \u00e8 un software di pianificazione e gestione delle risorse online per piccole, medie e grandi imprese. Il software basato su cloud come servizio (SaaS) comprende un sistema di prenotazione intelligente ma facile da usare, con un&#8217;ampia gamma di funzionalit\u00e0 personalizzabili. Il programma\u00a0colma il divario tra offline e online: \u00e8 disponibile per le aziende e il loro personale 24 ore su 24, 7 giorni su 7, indipendentemente dai fusi orari e dalle limitazioni fisiche dell&#8217;orario di lavoro.<\/p>\n","protected":false},"author":16,"featured_media":62248,"parent":61834,"menu_order":0,"comment_status":"open","ping_status":"closed","template":"g1_template_page_review_new.php","meta":{"_acf_changed":false,"cwp_meta_box_check":"No","cwp_rev_product_name":"","cwp_rev_product_image":"","wppr_links":[],"cwp_rev_price":"","wppr_options":[],"wppr_pros":[],"wppr_cons":[],"_monsterinsights_skip_tracking":false,"_monsterinsights_sitenote_active":false,"_monsterinsights_sitenote_note":"","_monsterinsights_sitenote_category":0,"footnotes":""},"categories":[13438],"tags":[13440,13441,13444,13443,13442,13459,13499],"features":[],"class_list":{"0":"post-62246","1":"page","2":"type-page","3":"status-publish","4":"has-post-thumbnail","6":"category-app-appuntamenti-medici-cat","7":"tag-app-per-appuntamenti-medici","8":"tag-appuntamenti-medici","9":"tag-piattaforma-per-appuntamenti-medici","10":"tag-programma-per-appuntamenti-medici","11":"tag-software-per-appuntamenti-medici","12":"tag-soluzione-per-appuntamenti-medici","13":"tag-timify"},"wppr_data":{"cwp_meta_box_check":"No"},"acf":[],"yoast_head":"<!-- This site is optimized with the Yoast SEO plugin v27.4 - https:\/\/yoast.com\/product\/yoast-seo-wordpress\/ -->\n<title>Timify: recensione app per appuntamenti medici - Accurate Reviews<\/title>\n<meta name=\"description\" content=\"Timify: recensione software di pianificazione e gestione delle risorse online per piccole, medie e grandi imprese.\" \/>\n<meta name=\"robots\" content=\"index, follow, max-snippet:-1, max-image-preview:large, max-video-preview:-1\" \/>\n<link rel=\"canonical\" href=\"https:\/\/www.accuratereviews.com\/it\/app-appuntamenti-medici\/timify-recensione\/\" \/>\n<meta property=\"og:locale\" content=\"it_IT\" \/>\n<meta property=\"og:type\" content=\"article\" \/>\n<meta property=\"og:title\" content=\"Timify: recensione app per appuntamenti medici - Accurate Reviews\" \/>\n<meta property=\"og:description\" content=\"Timify: recensione software di pianificazione e gestione delle risorse online per piccole, medie e grandi imprese.\" \/>\n<meta property=\"og:url\" content=\"https:\/\/www.accuratereviews.com\/it\/app-appuntamenti-medici\/timify-recensione\/\" \/>\n<meta property=\"og:site_name\" content=\"Accurate Reviews\" \/>\n<meta property=\"article:modified_time\" content=\"2022-10-09T09:37:34+00:00\" \/>\n<meta property=\"og:image\" content=\"https:\/\/www.accuratereviews.com\/wp-content\/uploads\/2022\/10\/TIMIFY.png\" \/>\n\t<meta property=\"og:image:width\" content=\"202\" \/>\n\t<meta property=\"og:image:height\" content=\"250\" \/>\n\t<meta property=\"og:image:type\" content=\"image\/png\" \/>\n<meta name=\"twitter:card\" content=\"summary_large_image\" \/>\n<meta name=\"twitter:label1\" content=\"Tempo di lettura stimato\" \/>\n\t<meta name=\"twitter:data1\" content=\"4 minuti\" \/>\n<script type=\"application\/ld+json\" class=\"yoast-schema-graph\">{\"@context\":\"https:\\\/\\\/schema.org\",\"@graph\":[{\"@type\":\"WebPage\",\"@id\":\"https:\\\/\\\/www.accuratereviews.com\\\/it\\\/app-appuntamenti-medici\\\/timify-recensione\\\/\",\"url\":\"https:\\\/\\\/www.accuratereviews.com\\\/it\\\/app-appuntamenti-medici\\\/timify-recensione\\\/\",\"name\":\"Timify: recensione app per appuntamenti medici - Accurate Reviews\",\"isPartOf\":{\"@id\":\"https:\\\/\\\/www.accuratereviews.com\\\/it\\\/#website\"},\"primaryImageOfPage\":{\"@id\":\"https:\\\/\\\/www.accuratereviews.com\\\/it\\\/app-appuntamenti-medici\\\/timify-recensione\\\/#primaryimage\"},\"image\":{\"@id\":\"https:\\\/\\\/www.accuratereviews.com\\\/it\\\/app-appuntamenti-medici\\\/timify-recensione\\\/#primaryimage\"},\"thumbnailUrl\":\"https:\\\/\\\/www.accuratereviews.com\\\/wp-content\\\/uploads\\\/2022\\\/10\\\/TIMIFY.png\",\"datePublished\":\"2022-10-09T09:30:49+00:00\",\"dateModified\":\"2022-10-09T09:37:34+00:00\",\"description\":\"Timify: recensione software di pianificazione e gestione delle risorse online per piccole, medie e grandi imprese.\",\"breadcrumb\":{\"@id\":\"https:\\\/\\\/www.accuratereviews.com\\\/it\\\/app-appuntamenti-medici\\\/timify-recensione\\\/#breadcrumb\"},\"inLanguage\":\"it-IT\",\"potentialAction\":[{\"@type\":\"ReadAction\",\"target\":[\"https:\\\/\\\/www.accuratereviews.com\\\/it\\\/app-appuntamenti-medici\\\/timify-recensione\\\/\"]}]},{\"@type\":\"ImageObject\",\"inLanguage\":\"it-IT\",\"@id\":\"https:\\\/\\\/www.accuratereviews.com\\\/it\\\/app-appuntamenti-medici\\\/timify-recensione\\\/#primaryimage\",\"url\":\"https:\\\/\\\/www.accuratereviews.com\\\/wp-content\\\/uploads\\\/2022\\\/10\\\/TIMIFY.png\",\"contentUrl\":\"https:\\\/\\\/www.accuratereviews.com\\\/wp-content\\\/uploads\\\/2022\\\/10\\\/TIMIFY.png\",\"width\":202,\"height\":250},{\"@type\":\"BreadcrumbList\",\"@id\":\"https:\\\/\\\/www.accuratereviews.com\\\/it\\\/app-appuntamenti-medici\\\/timify-recensione\\\/#breadcrumb\",\"itemListElement\":[{\"@type\":\"ListItem\",\"position\":1,\"name\":\"Home\",\"item\":\"https:\\\/\\\/www.accuratereviews.com\\\/it\\\/\"},{\"@type\":\"ListItem\",\"position\":2,\"name\":\"App per appuntamenti medici\",\"item\":\"https:\\\/\\\/www.accuratereviews.com\\\/it\\\/app-appuntamenti-medici\\\/\"},{\"@type\":\"ListItem\",\"position\":3,\"name\":\"TIMIFY\"}]},{\"@type\":\"WebSite\",\"@id\":\"https:\\\/\\\/www.accuratereviews.com\\\/it\\\/#website\",\"url\":\"https:\\\/\\\/www.accuratereviews.com\\\/it\\\/\",\"name\":\"Accurate Reviews\",\"description\":\"\",\"potentialAction\":[{\"@type\":\"SearchAction\",\"target\":{\"@type\":\"EntryPoint\",\"urlTemplate\":\"https:\\\/\\\/www.accuratereviews.com\\\/it\\\/?s={search_term_string}\"},\"query-input\":{\"@type\":\"PropertyValueSpecification\",\"valueRequired\":true,\"valueName\":\"search_term_string\"}}],\"inLanguage\":\"it-IT\"}]}<\/script>\n<!-- \/ Yoast SEO plugin. -->","yoast_head_json":{"title":"Timify: recensione app per appuntamenti medici - Accurate Reviews","description":"Timify: recensione software di pianificazione e gestione delle risorse online per piccole, medie e grandi imprese.","robots":{"index":"index","follow":"follow","max-snippet":"max-snippet:-1","max-image-preview":"max-image-preview:large","max-video-preview":"max-video-preview:-1"},"canonical":"https:\/\/www.accuratereviews.com\/it\/app-appuntamenti-medici\/timify-recensione\/","og_locale":"it_IT","og_type":"article","og_title":"Timify: recensione app per appuntamenti medici - Accurate Reviews","og_description":"Timify: recensione software di pianificazione e gestione delle risorse online per piccole, medie e grandi imprese.","og_url":"https:\/\/www.accuratereviews.com\/it\/app-appuntamenti-medici\/timify-recensione\/","og_site_name":"Accurate Reviews","article_modified_time":"2022-10-09T09:37:34+00:00","og_image":[{"width":202,"height":250,"url":"https:\/\/www.accuratereviews.com\/wp-content\/uploads\/2022\/10\/TIMIFY.png","type":"image\/png"}],"twitter_card":"summary_large_image","twitter_misc":{"Tempo di lettura stimato":"4 minuti"},"schema":{"@context":"https:\/\/schema.org","@graph":[{"@type":"WebPage","@id":"https:\/\/www.accuratereviews.com\/it\/app-appuntamenti-medici\/timify-recensione\/","url":"https:\/\/www.accuratereviews.com\/it\/app-appuntamenti-medici\/timify-recensione\/","name":"Timify: recensione app per appuntamenti medici - Accurate Reviews","isPartOf":{"@id":"https:\/\/www.accuratereviews.com\/it\/#website"},"primaryImageOfPage":{"@id":"https:\/\/www.accuratereviews.com\/it\/app-appuntamenti-medici\/timify-recensione\/#primaryimage"},"image":{"@id":"https:\/\/www.accuratereviews.com\/it\/app-appuntamenti-medici\/timify-recensione\/#primaryimage"},"thumbnailUrl":"https:\/\/www.accuratereviews.com\/wp-content\/uploads\/2022\/10\/TIMIFY.png","datePublished":"2022-10-09T09:30:49+00:00","dateModified":"2022-10-09T09:37:34+00:00","description":"Timify: recensione software di pianificazione e gestione delle risorse online per piccole, medie e grandi imprese.","breadcrumb":{"@id":"https:\/\/www.accuratereviews.com\/it\/app-appuntamenti-medici\/timify-recensione\/#breadcrumb"},"inLanguage":"it-IT","potentialAction":[{"@type":"ReadAction","target":["https:\/\/www.accuratereviews.com\/it\/app-appuntamenti-medici\/timify-recensione\/"]}]},{"@type":"ImageObject","inLanguage":"it-IT","@id":"https:\/\/www.accuratereviews.com\/it\/app-appuntamenti-medici\/timify-recensione\/#primaryimage","url":"https:\/\/www.accuratereviews.com\/wp-content\/uploads\/2022\/10\/TIMIFY.png","contentUrl":"https:\/\/www.accuratereviews.com\/wp-content\/uploads\/2022\/10\/TIMIFY.png","width":202,"height":250},{"@type":"BreadcrumbList","@id":"https:\/\/www.accuratereviews.com\/it\/app-appuntamenti-medici\/timify-recensione\/#breadcrumb","itemListElement":[{"@type":"ListItem","position":1,"name":"Home","item":"https:\/\/www.accuratereviews.com\/it\/"},{"@type":"ListItem","position":2,"name":"App per appuntamenti medici","item":"https:\/\/www.accuratereviews.com\/it\/app-appuntamenti-medici\/"},{"@type":"ListItem","position":3,"name":"TIMIFY"}]},{"@type":"WebSite","@id":"https:\/\/www.accuratereviews.com\/it\/#website","url":"https:\/\/www.accuratereviews.com\/it\/","name":"Accurate Reviews","description":"","potentialAction":[{"@type":"SearchAction","target":{"@type":"EntryPoint","urlTemplate":"https:\/\/www.accuratereviews.com\/it\/?s={search_term_string}"},"query-input":{"@type":"PropertyValueSpecification","valueRequired":true,"valueName":"search_term_string"}}],"inLanguage":"it-IT"}]}},"_links":{"self":[{"href":"https:\/\/www.accuratereviews.com\/it\/wp-json\/wp\/v2\/pages\/62246","targetHints":{"allow":["GET"]}}],"collection":[{"href":"https:\/\/www.accuratereviews.com\/it\/wp-json\/wp\/v2\/pages"}],"about":[{"href":"https:\/\/www.accuratereviews.com\/it\/wp-json\/wp\/v2\/types\/page"}],"author":[{"embeddable":true,"href":"https:\/\/www.accuratereviews.com\/it\/wp-json\/wp\/v2\/users\/16"}],"replies":[{"embeddable":true,"href":"https:\/\/www.accuratereviews.com\/it\/wp-json\/wp\/v2\/comments?post=62246"}],"version-history":[{"count":11,"href":"https:\/\/www.accuratereviews.com\/it\/wp-json\/wp\/v2\/pages\/62246\/revisions"}],"predecessor-version":[{"id":62323,"href":"https:\/\/www.accuratereviews.com\/it\/wp-json\/wp\/v2\/pages\/62246\/revisions\/62323"}],"up":[{"embeddable":true,"href":"https:\/\/www.accuratereviews.com\/it\/wp-json\/wp\/v2\/pages\/61834"}],"wp:featuredmedia":[{"embeddable":true,"href":"https:\/\/www.accuratereviews.com\/it\/wp-json\/wp\/v2\/media\/62248"}],"wp:attachment":[{"href":"https:\/\/www.accuratereviews.com\/it\/wp-json\/wp\/v2\/media?parent=62246"}],"wp:term":[{"taxonomy":"category","embeddable":true,"href":"https:\/\/www.accuratereviews.com\/it\/wp-json\/wp\/v2\/categories?post=62246"},{"taxonomy":"post_tag","embeddable":true,"href":"https:\/\/www.accuratereviews.com\/it\/wp-json\/wp\/v2\/tags?post=62246"},{"taxonomy":"features","embeddable":true,"href":"https:\/\/www.accuratereviews.com\/it\/wp-json\/wp\/v2\/features?post=62246"}],"curies":[{"name":"wp","href":"https:\/\/api.w.org\/{rel}","templated":true}]}}