{"id":62271,"date":"2022-10-07T11:31:19","date_gmt":"2022-10-07T11:31:19","guid":{"rendered":"https:\/\/www.accuratereviews.com\/?page_id=62271"},"modified":"2022-10-07T11:31:19","modified_gmt":"2022-10-07T11:31:19","slug":"experity-patient-engagement-recensione","status":"publish","type":"page","link":"https:\/\/www.accuratereviews.com\/it\/app-appuntamenti-medici\/experity-patient-engagement-recensione\/","title":{"rendered":"Experity Patient Engagement"},"content":{"rendered":"<p><strong>Experity Patient Engagement<\/strong> \u00e8 un\u00a0<strong>software per cartelle cliniche elettroniche (EMR)<\/strong>, basato su <strong>cloud<\/strong>, che si occupa della gestione delle pratiche e della fatturazione medica.\u00a0Questo programma \u00e8 pensato per fornitori di servizi di assistenza di tutti i settori e specialit\u00e0, tra cui medicina del lavoro, pediatria e cure primarie.<br \/>\nL&#8217;EMR\/PM \u00e8 disponibile sia in versione desktop che in versione mobile, \u00e8 scalabile e fornisce soluzioni complete per il flusso di lavoro clinico e la creazione di grafici, gestendo tutti i processi che vanno dalla registrazione del paziente alle dimissioni. La documentazione simultanea consente a pi\u00f9 utenti di accedere alle cartelle dei pazienti contemporaneamente.\u00a0Le funzionalit\u00e0 della piattaforma includono la verifica dell&#8217;assicurazione in tempo reale, gli elenchi di scelta rapida personalizzati per procedure comuni, i piani di dimissione con un clic, i modelli di documentazione, la compilazione automatica, il portale paziente, l&#8217;archiviazione personalizzata, i. suggerimenti per codici E\/M e codifica CPT sulla base della documentazione del fornitore e le\u00a0linee guida integrate per chi paga,.<\/p>\n<h2>EXPERITY PATIENT ENGAGEMENT &#8211; TUTORIAL<\/h2>\n<div id=\"fluid-wrapper-counter-1\" class=\"g1-fluid-wrapper \" style=\"width:686px;\">\n<div style=\"padding-bottom:56.268221574344%;\"><iframe loading=\"lazy\" title=\"FearLess with DocuTAP | Lansing Urgent Care\" width=\"686\" height=\"386\" src=\"https:\/\/www.youtube.com\/embed\/mQD16x7z0hc?feature=oembed&amp;wmode=transparent&amp;autohide=1&amp;autoplay=0&amp;disablekb=0&amp;fs=1&amp;loop=0&amp;enablejsapi=1&amp;rel=0&amp;controls=2&amp;showinfo=0&amp;wmode=transparent&amp;autohide=2&amp;autoplay=0&amp;disablekb=0&amp;fs=1&amp;loop=0&amp;enablejsapi=1&amp;rel=0&amp;controls=2&amp;showinfo=1\" frameborder=\"0\" allow=\"accelerometer; autoplay; clipboard-write; encrypted-media; gyroscope; picture-in-picture\" allowfullscreen><\/iframe><\/div>\n<\/div>\n<h3>EXPERITY PATIENT ENGAGEMENT &#8211; CARATTERISTICHE<\/h3>\n<ul>\n<li><strong>EMR\/PM<\/strong>: dedica meno tempo alla documentazione delle visite e pi\u00f9 tempo alla cura dei pazienti. Semplifica e velocizza le tue operazioni con flussi di lavoro ottimizzati per le cure urgenti.<\/li>\n<li><strong>Gestione del ciclo delle entrate<\/strong>:\u00a0organizza le complessit\u00e0 relative alla codifica delle cure urgenti, alla fatturazione e ai contratti con il pagatore. Rimani conforme e fatti rimborsare pi\u00f9 velocemente.<\/li>\n<li><strong>Coinvolgimento del paziente<\/strong>: consenti ai pazienti di connettersi facilmente con te dalla registrazione online al feedback post-visita. Fornisci un&#8217;esperienza eccellente per guidare le visite ripetute.<\/li>\n<li><strong>Teleradiologia<\/strong>: fornire interpretazioni radiologiche rapide e accurate. Assumi i nostri radiologi remoti, certificati dal consiglio di amministrazione per i servizi di lettura eccessiva.<\/li>\n<li><strong>Gestisci la tua reputazione:<\/strong> mitiga rapidamente le esperienze negative dei pazienti quasi in tempo reale. L&#8217;esperienza semplifica il monitoraggio della soddisfazione dei pazienti, l&#8217;attenuazione delle esperienze negative e la condivisione di buone recensioni<\/li>\n<\/ul>\n<h4>LE RECENSIONI DEGLI UTENTI<\/h4>\n<p class=\"fw-bold mb-2\"><strong>Jennifer &#8220;Eccellente servizio clienti&#8221;<br \/>\n<\/strong><strong>Pro<\/strong>:\u00a0Sono un fornitore che lavora con clienti che utilizzano questo programma, \u00e8 in grado di installare facilmente i nostri pixel di tracciamento ed \u00e8 sempre un piacere lavorare con loro. La facilit\u00e0 d&#8217;uso da parte dei consumatori \u00e8 ottima e vediamo numeri di conversione pi\u00f9 elevati rispetto ad altre piattaforme.<br \/>\n<strong>Contro<\/strong>:\u00a0Niente &#8211; ottimo servizio clienti e lavora rapidamente per rispondere alle domande.<\/p>\n<p class=\"fw-bold mb-2\"><strong>Tiffany&#8221;Ottimo personale e team di supporto. Facile da raggiungere e lavorare per risolvere rapidamente eventuali problemi o domande.&#8221;<br \/>\n<\/strong><strong>Pro<\/strong>:\u00a0facilit\u00e0 d&#8217;uso nella configurazione, la formazione con il personale \u00e8 semplice, i pazienti amano la trasparenza dei tempi di attesa che offriamo. Il reporting \u00e8 ci\u00f2 che mi ha portato a questo software e alla capacit\u00e0 di monitorare il throughput.<br \/>\n<strong>Contro<\/strong>:\u00a0Non ho molti contro, ma vorrei vedere rapporti migliori per pi\u00f9 localit\u00e0. Sono in grado di tracciare e fare trend abbastanza bene, ma posso pensare ad alcune modifiche che potrebbero migliorare i rapporti man mano che le nostre sedi crescono.<\/p>\n<div class=\"text-ash mb-3\">\n<p class=\"fw-bold mb-2\"><strong>Devon&#8221;Grande funzionalit\u00e0&#8221;<br \/>\n<\/strong><span class=\"fw-bold\"><strong>Commenti<\/strong>:<\/span> Ottimo servizio clienti, risposte rapide a domande e dubbi.<br \/>\n<strong>Pro<\/strong>:\u00a0La funzionalit\u00e0 mobile, le funzionalit\u00e0 di testo. Il servizio clienti e la capacit\u00e0 di apportare modifiche a vantaggio del mio sistema.<br \/>\n<strong>Contro<\/strong>:\u00a0La configurazione iniziale \u00e8 stata completata da qualcun altro e ci ha presentato delle difficolt\u00e0 nel momento in cui dovevamo apportare modifiche.<\/p>\n<\/div>\n","protected":false},"excerpt":{"rendered":"<p>Experity Patient Engagement \u00e8 un\u00a0software per cartelle cliniche elettroniche (EMR), basato su cloud, che si occupa della gestione delle pratiche e della fatturazione medica.\u00a0Questo programma \u00e8 pensato per fornitori di servizi di assistenza di tutti i settori e specialit\u00e0, tra cui medicina del lavoro, pediatria e cure primarie.\u00a0<\/p>\n","protected":false},"author":16,"featured_media":62272,"parent":61834,"menu_order":0,"comment_status":"open","ping_status":"closed","template":"g1_template_page_review_new.php","meta":{"_acf_changed":false,"cwp_meta_box_check":"No","cwp_rev_product_name":"","cwp_rev_product_image":"","wppr_links":[],"cwp_rev_price":"","wppr_options":[],"wppr_pros":[],"wppr_cons":[],"_monsterinsights_skip_tracking":false,"_monsterinsights_sitenote_active":false,"_monsterinsights_sitenote_note":"","_monsterinsights_sitenote_category":0,"footnotes":""},"categories":[13438],"tags":[13441,13501,13444,13443,13442,13459],"features":[],"class_list":{"0":"post-62271","1":"page","2":"type-page","3":"status-publish","4":"has-post-thumbnail","6":"category-app-appuntamenti-medici-cat","7":"tag-appuntamenti-medici","8":"tag-experity-patient-engagement","9":"tag-piattaforma-per-appuntamenti-medici","10":"tag-programma-per-appuntamenti-medici","11":"tag-software-per-appuntamenti-medici","12":"tag-soluzione-per-appuntamenti-medici"},"wppr_data":{"cwp_meta_box_check":"No"},"acf":[],"yoast_head":"<!-- This site is optimized with the Yoast SEO plugin v27.4 - https:\/\/yoast.com\/product\/yoast-seo-wordpress\/ -->\n<title>Experity Patient Engagement: recensione app appuntamenti medici<\/title>\n<meta name=\"description\" content=\"Experity Patient Engagement: recensione software per cartelle cliniche elettroniche per la gestione pratica e fatturazione medica.\" \/>\n<meta name=\"robots\" content=\"index, follow, max-snippet:-1, max-image-preview:large, max-video-preview:-1\" \/>\n<link rel=\"canonical\" href=\"https:\/\/www.accuratereviews.com\/it\/app-appuntamenti-medici\/experity-patient-engagement-recensione\/\" \/>\n<meta property=\"og:locale\" content=\"it_IT\" \/>\n<meta property=\"og:type\" content=\"article\" \/>\n<meta property=\"og:title\" content=\"Experity Patient Engagement: recensione app appuntamenti medici\" \/>\n<meta property=\"og:description\" content=\"Experity Patient Engagement: recensione software per cartelle cliniche elettroniche per la gestione pratica e fatturazione medica.\" \/>\n<meta property=\"og:url\" content=\"https:\/\/www.accuratereviews.com\/it\/app-appuntamenti-medici\/experity-patient-engagement-recensione\/\" \/>\n<meta property=\"og:site_name\" content=\"Accurate Reviews\" \/>\n<meta property=\"og:image\" content=\"https:\/\/www.accuratereviews.com\/wp-content\/uploads\/2022\/10\/Experity-Patient-Engagement.jpeg\" \/>\n\t<meta property=\"og:image:width\" content=\"683\" \/>\n\t<meta property=\"og:image:height\" content=\"480\" \/>\n\t<meta property=\"og:image:type\" content=\"image\/jpeg\" \/>\n<meta name=\"twitter:card\" content=\"summary_large_image\" \/>\n<meta name=\"twitter:label1\" content=\"Tempo di lettura stimato\" \/>\n\t<meta name=\"twitter:data1\" content=\"3 minuti\" \/>\n<script type=\"application\/ld+json\" class=\"yoast-schema-graph\">{\"@context\":\"https:\\\/\\\/schema.org\",\"@graph\":[{\"@type\":\"WebPage\",\"@id\":\"https:\\\/\\\/www.accuratereviews.com\\\/it\\\/app-appuntamenti-medici\\\/experity-patient-engagement-recensione\\\/\",\"url\":\"https:\\\/\\\/www.accuratereviews.com\\\/it\\\/app-appuntamenti-medici\\\/experity-patient-engagement-recensione\\\/\",\"name\":\"Experity Patient Engagement: recensione app appuntamenti medici\",\"isPartOf\":{\"@id\":\"https:\\\/\\\/www.accuratereviews.com\\\/it\\\/#website\"},\"primaryImageOfPage\":{\"@id\":\"https:\\\/\\\/www.accuratereviews.com\\\/it\\\/app-appuntamenti-medici\\\/experity-patient-engagement-recensione\\\/#primaryimage\"},\"image\":{\"@id\":\"https:\\\/\\\/www.accuratereviews.com\\\/it\\\/app-appuntamenti-medici\\\/experity-patient-engagement-recensione\\\/#primaryimage\"},\"thumbnailUrl\":\"https:\\\/\\\/www.accuratereviews.com\\\/wp-content\\\/uploads\\\/2022\\\/10\\\/Experity-Patient-Engagement.jpeg\",\"datePublished\":\"2022-10-07T11:31:19+00:00\",\"description\":\"Experity Patient Engagement: recensione software per cartelle cliniche elettroniche per la gestione pratica e fatturazione medica.\",\"breadcrumb\":{\"@id\":\"https:\\\/\\\/www.accuratereviews.com\\\/it\\\/app-appuntamenti-medici\\\/experity-patient-engagement-recensione\\\/#breadcrumb\"},\"inLanguage\":\"it-IT\",\"potentialAction\":[{\"@type\":\"ReadAction\",\"target\":[\"https:\\\/\\\/www.accuratereviews.com\\\/it\\\/app-appuntamenti-medici\\\/experity-patient-engagement-recensione\\\/\"]}]},{\"@type\":\"ImageObject\",\"inLanguage\":\"it-IT\",\"@id\":\"https:\\\/\\\/www.accuratereviews.com\\\/it\\\/app-appuntamenti-medici\\\/experity-patient-engagement-recensione\\\/#primaryimage\",\"url\":\"https:\\\/\\\/www.accuratereviews.com\\\/wp-content\\\/uploads\\\/2022\\\/10\\\/Experity-Patient-Engagement.jpeg\",\"contentUrl\":\"https:\\\/\\\/www.accuratereviews.com\\\/wp-content\\\/uploads\\\/2022\\\/10\\\/Experity-Patient-Engagement.jpeg\",\"width\":683,\"height\":480},{\"@type\":\"BreadcrumbList\",\"@id\":\"https:\\\/\\\/www.accuratereviews.com\\\/it\\\/app-appuntamenti-medici\\\/experity-patient-engagement-recensione\\\/#breadcrumb\",\"itemListElement\":[{\"@type\":\"ListItem\",\"position\":1,\"name\":\"Home\",\"item\":\"https:\\\/\\\/www.accuratereviews.com\\\/it\\\/\"},{\"@type\":\"ListItem\",\"position\":2,\"name\":\"App per appuntamenti medici\",\"item\":\"https:\\\/\\\/www.accuratereviews.com\\\/it\\\/app-appuntamenti-medici\\\/\"},{\"@type\":\"ListItem\",\"position\":3,\"name\":\"Experity Patient Engagement\"}]},{\"@type\":\"WebSite\",\"@id\":\"https:\\\/\\\/www.accuratereviews.com\\\/it\\\/#website\",\"url\":\"https:\\\/\\\/www.accuratereviews.com\\\/it\\\/\",\"name\":\"Accurate Reviews\",\"description\":\"\",\"potentialAction\":[{\"@type\":\"SearchAction\",\"target\":{\"@type\":\"EntryPoint\",\"urlTemplate\":\"https:\\\/\\\/www.accuratereviews.com\\\/it\\\/?s={search_term_string}\"},\"query-input\":{\"@type\":\"PropertyValueSpecification\",\"valueRequired\":true,\"valueName\":\"search_term_string\"}}],\"inLanguage\":\"it-IT\"}]}<\/script>\n<!-- \/ Yoast SEO plugin. -->","yoast_head_json":{"title":"Experity Patient Engagement: recensione app appuntamenti medici","description":"Experity Patient Engagement: recensione software per cartelle cliniche elettroniche per la gestione pratica e fatturazione medica.","robots":{"index":"index","follow":"follow","max-snippet":"max-snippet:-1","max-image-preview":"max-image-preview:large","max-video-preview":"max-video-preview:-1"},"canonical":"https:\/\/www.accuratereviews.com\/it\/app-appuntamenti-medici\/experity-patient-engagement-recensione\/","og_locale":"it_IT","og_type":"article","og_title":"Experity Patient Engagement: recensione app appuntamenti medici","og_description":"Experity Patient Engagement: recensione software per cartelle cliniche elettroniche per la gestione pratica e fatturazione medica.","og_url":"https:\/\/www.accuratereviews.com\/it\/app-appuntamenti-medici\/experity-patient-engagement-recensione\/","og_site_name":"Accurate Reviews","og_image":[{"width":683,"height":480,"url":"https:\/\/www.accuratereviews.com\/wp-content\/uploads\/2022\/10\/Experity-Patient-Engagement.jpeg","type":"image\/jpeg"}],"twitter_card":"summary_large_image","twitter_misc":{"Tempo di lettura stimato":"3 minuti"},"schema":{"@context":"https:\/\/schema.org","@graph":[{"@type":"WebPage","@id":"https:\/\/www.accuratereviews.com\/it\/app-appuntamenti-medici\/experity-patient-engagement-recensione\/","url":"https:\/\/www.accuratereviews.com\/it\/app-appuntamenti-medici\/experity-patient-engagement-recensione\/","name":"Experity Patient Engagement: recensione app appuntamenti medici","isPartOf":{"@id":"https:\/\/www.accuratereviews.com\/it\/#website"},"primaryImageOfPage":{"@id":"https:\/\/www.accuratereviews.com\/it\/app-appuntamenti-medici\/experity-patient-engagement-recensione\/#primaryimage"},"image":{"@id":"https:\/\/www.accuratereviews.com\/it\/app-appuntamenti-medici\/experity-patient-engagement-recensione\/#primaryimage"},"thumbnailUrl":"https:\/\/www.accuratereviews.com\/wp-content\/uploads\/2022\/10\/Experity-Patient-Engagement.jpeg","datePublished":"2022-10-07T11:31:19+00:00","description":"Experity Patient Engagement: recensione software per cartelle cliniche elettroniche per la gestione pratica e fatturazione medica.","breadcrumb":{"@id":"https:\/\/www.accuratereviews.com\/it\/app-appuntamenti-medici\/experity-patient-engagement-recensione\/#breadcrumb"},"inLanguage":"it-IT","potentialAction":[{"@type":"ReadAction","target":["https:\/\/www.accuratereviews.com\/it\/app-appuntamenti-medici\/experity-patient-engagement-recensione\/"]}]},{"@type":"ImageObject","inLanguage":"it-IT","@id":"https:\/\/www.accuratereviews.com\/it\/app-appuntamenti-medici\/experity-patient-engagement-recensione\/#primaryimage","url":"https:\/\/www.accuratereviews.com\/wp-content\/uploads\/2022\/10\/Experity-Patient-Engagement.jpeg","contentUrl":"https:\/\/www.accuratereviews.com\/wp-content\/uploads\/2022\/10\/Experity-Patient-Engagement.jpeg","width":683,"height":480},{"@type":"BreadcrumbList","@id":"https:\/\/www.accuratereviews.com\/it\/app-appuntamenti-medici\/experity-patient-engagement-recensione\/#breadcrumb","itemListElement":[{"@type":"ListItem","position":1,"name":"Home","item":"https:\/\/www.accuratereviews.com\/it\/"},{"@type":"ListItem","position":2,"name":"App per appuntamenti medici","item":"https:\/\/www.accuratereviews.com\/it\/app-appuntamenti-medici\/"},{"@type":"ListItem","position":3,"name":"Experity Patient Engagement"}]},{"@type":"WebSite","@id":"https:\/\/www.accuratereviews.com\/it\/#website","url":"https:\/\/www.accuratereviews.com\/it\/","name":"Accurate Reviews","description":"","potentialAction":[{"@type":"SearchAction","target":{"@type":"EntryPoint","urlTemplate":"https:\/\/www.accuratereviews.com\/it\/?s={search_term_string}"},"query-input":{"@type":"PropertyValueSpecification","valueRequired":true,"valueName":"search_term_string"}}],"inLanguage":"it-IT"}]}},"_links":{"self":[{"href":"https:\/\/www.accuratereviews.com\/it\/wp-json\/wp\/v2\/pages\/62271","targetHints":{"allow":["GET"]}}],"collection":[{"href":"https:\/\/www.accuratereviews.com\/it\/wp-json\/wp\/v2\/pages"}],"about":[{"href":"https:\/\/www.accuratereviews.com\/it\/wp-json\/wp\/v2\/types\/page"}],"author":[{"embeddable":true,"href":"https:\/\/www.accuratereviews.com\/it\/wp-json\/wp\/v2\/users\/16"}],"replies":[{"embeddable":true,"href":"https:\/\/www.accuratereviews.com\/it\/wp-json\/wp\/v2\/comments?post=62271"}],"version-history":[{"count":6,"href":"https:\/\/www.accuratereviews.com\/it\/wp-json\/wp\/v2\/pages\/62271\/revisions"}],"predecessor-version":[{"id":62292,"href":"https:\/\/www.accuratereviews.com\/it\/wp-json\/wp\/v2\/pages\/62271\/revisions\/62292"}],"up":[{"embeddable":true,"href":"https:\/\/www.accuratereviews.com\/it\/wp-json\/wp\/v2\/pages\/61834"}],"wp:featuredmedia":[{"embeddable":true,"href":"https:\/\/www.accuratereviews.com\/it\/wp-json\/wp\/v2\/media\/62272"}],"wp:attachment":[{"href":"https:\/\/www.accuratereviews.com\/it\/wp-json\/wp\/v2\/media?parent=62271"}],"wp:term":[{"taxonomy":"category","embeddable":true,"href":"https:\/\/www.accuratereviews.com\/it\/wp-json\/wp\/v2\/categories?post=62271"},{"taxonomy":"post_tag","embeddable":true,"href":"https:\/\/www.accuratereviews.com\/it\/wp-json\/wp\/v2\/tags?post=62271"},{"taxonomy":"features","embeddable":true,"href":"https:\/\/www.accuratereviews.com\/it\/wp-json\/wp\/v2\/features?post=62271"}],"curies":[{"name":"wp","href":"https:\/\/api.w.org\/{rel}","templated":true}]}}