{"id":6229,"date":"2016-02-19T15:39:42","date_gmt":"2016-02-19T15:39:42","guid":{"rendered":"http:\/\/www.accuratereviews.com\/it\/ocr-user-guide\/"},"modified":"2017-02-02T11:00:26","modified_gmt":"2017-02-02T11:00:26","slug":"orc-i-software-migliori-guida-utente","status":"publish","type":"page","link":"https:\/\/www.accuratereviews.com\/it\/orc-i-software-migliori-guida-utente\/","title":{"rendered":"ORC: i software migliori"},"content":{"rendered":"<p><a href=\"http:\/\/www.accuratereviews.com\/wp-content\/uploads\/2015\/09\/OCR.jpg\" rel=\"attachment wp-att-3064\"><img loading=\"lazy\" decoding=\"async\" src=\"http:\/\/www.accuratereviews.com\/wp-content\/uploads\/2015\/09\/OCR.jpg\" alt=\"OCR\" width=\"960\" height=\"640\" class=\"alignleft size-full wp-image-3064\" srcset=\"https:\/\/www.accuratereviews.com\/wp-content\/uploads\/2015\/09\/OCR.jpg 960w, https:\/\/www.accuratereviews.com\/wp-content\/uploads\/2015\/09\/OCR-300x200.jpg 300w, https:\/\/www.accuratereviews.com\/wp-content\/uploads\/2015\/09\/OCR-768x512.jpg 768w, https:\/\/www.accuratereviews.com\/wp-content\/uploads\/2015\/09\/OCR-188x125.jpg 188w, https:\/\/www.accuratereviews.com\/wp-content\/uploads\/2015\/09\/OCR-50x33.jpg 50w, https:\/\/www.accuratereviews.com\/wp-content\/uploads\/2015\/09\/OCR-636x424.jpg 636w, https:\/\/www.accuratereviews.com\/wp-content\/uploads\/2015\/09\/OCR-320x213.jpg 320w, https:\/\/www.accuratereviews.com\/wp-content\/uploads\/2015\/09\/OCR-239x159.jpg 239w\" sizes=\"auto, (max-width: 960px) 100vw, 960px\" \/><\/a><\/p>\n<p>Il riconoscimento ottico dei caratteri, il cui acronimo \u00e8 appunto OCR, consiste nel <strong>processo di conversione elettronica o meccanica di immagini in testo composto da caratteri<\/strong>. Le immagini da codificare possono includere testo stampato, scritto su PC o a mano. <\/p>\n<p>In poche parole, l\u2019OCR avvia un semplice processo di digitalizzazione dei testi stampati. <strong>Il risultato pu\u00f2 essere utilizzato per la raccolta dati<\/strong>, per creare un archivio digitale in cui cercare ci\u00f2 che serve e molto altro ancora.<br \/>\nLa tecnologia dietro il riconoscimento ottico dei caratteri \u00e8 piuttosto sofisticata e prende il via da altre tre tecnologie: il riconoscimento dei pattern, l\u2019intelligenza artificiale e la computer vision.<\/p>\n<p><strong>Come funziona l\u2019OCR?<\/strong> Il processo attraversa diverse fasi: per prima cosa, il software analizza la struttura dell\u2019immagine dopo averne fatta la scansione e diviso gli elementi (tabelle, blocchi di testo, ulteriori immagini e via dicendo), poi le linee vengono separate e trasformate in singole parole, quindi le parole diventano caratteri in codice (ASCII, ad esempio). I caratteri, una volta processati, vengono messi a confronto con una serie di immagini per analizzare varianti e differenze. Infinite, il software presenta il testo riconosciuto. I sistemi OCR avanzati vengono montati su dell\u2019hardware per velocizzare tutto il processo di conversione. <\/p>\n<p>Come scegliere il software OCR pi\u00f9 adatto alle proprie esigenze? <strong>La maggior parte dei sistemi OCR combinano uno scanner ottico ad un software che convertir\u00e0 il testo<\/strong>. I pi\u00f9 economici funzionano solo tramite software e rischiano di essere imprecisi con testi complessi, ma lavorano molto bene con elementi su carta. Sono quindi perfetti per freelance, studenti, piccole aziende e utilizzo quotidiano. <\/p>\n<p>Per le grandi aziende \u00e8 consigliabile una soluzione OCR pi\u00f9 avanzata, in grado di riconoscere il testo in una gran variet\u00e0 di font e lingue, su diversi supporti. Il testo scritto a mano \u00e8, purtroppo, sempre molto difficile da processare.<\/p>\n<p>Alcuni software OCR sono in grado di migliorare l\u2019immagine di partenza correggendo eventuali distorsioni di luce o sui bordi. Tenete a mente che <strong>pi\u00f9 \u00e8 potente il software OCR pi\u00f9 sar\u00e0 semplice il processo di conversione<\/strong>, con un risparmio di tempo e sforzi davvero notevole. <\/p>\n","protected":false},"excerpt":{"rendered":"<p>Il riconoscimento ottico dei caratteri, il cui acronimo \u00e8 appunto OCR, consiste nel processo di conversione elettronica o meccanica di immagini in testo composto da caratteri. Le immagini da codificare possono includere testo stampato, scritto su PC o a mano. In poche parole, l\u2019OCR avvia un semplice processo di digitalizzazione dei testi stampati. Il risultato [&hellip;]<\/p>\n","protected":false},"author":16,"featured_media":0,"parent":0,"menu_order":90,"comment_status":"closed","ping_status":"closed","template":"g1_template_page_category_userguide.php","meta":{"_acf_changed":false,"cwp_meta_box_check":"No","cwp_rev_product_name":"","cwp_rev_product_image":"","wppr_links":[],"cwp_rev_price":"","wppr_options":[],"wppr_pros":[],"wppr_cons":[],"_monsterinsights_skip_tracking":false,"_monsterinsights_sitenote_active":false,"_monsterinsights_sitenote_note":"","_monsterinsights_sitenote_category":0,"footnotes":""},"categories":[128,129],"tags":[],"features":[],"class_list":{"0":"post-6229","1":"page","2":"type-page","3":"status-publish","5":"category-best-ocr-software-it","6":"category-software-per-ocr"},"wppr_data":{"cwp_meta_box_check":"No","cwp_rev_product_name":"","cwp_rev_product_image":"","cwp_image_link":"image","cwp_rev_price":""},"acf":[],"yoast_head":"<!-- This site is optimized with the Yoast SEO plugin v27.4 - https:\/\/yoast.com\/product\/yoast-seo-wordpress\/ -->\n<title>I software per OCR pi\u00f9 richiesti del 2017 | Accurate Reviews<\/title>\n<meta name=\"description\" content=\"I nostri esperti vi guidano all&#039;acquisto della soluzione giusta per i vostri bisogni: questa guida ai software per OCR contiene le informazioni che cercate.\" \/>\n<meta name=\"robots\" content=\"index, follow, max-snippet:-1, max-image-preview:large, max-video-preview:-1\" \/>\n<link rel=\"canonical\" href=\"https:\/\/www.accuratereviews.com\/it\/orc-i-software-migliori-guida-utente\/\" \/>\n<meta property=\"og:locale\" content=\"it_IT\" \/>\n<meta property=\"og:type\" content=\"article\" \/>\n<meta property=\"og:title\" content=\"I software per OCR pi\u00f9 richiesti del 2017 | Accurate Reviews\" \/>\n<meta property=\"og:description\" content=\"I nostri esperti vi guidano all&#039;acquisto della soluzione giusta per i vostri bisogni: questa guida ai software per OCR contiene le informazioni che cercate.\" \/>\n<meta property=\"og:url\" content=\"https:\/\/www.accuratereviews.com\/it\/orc-i-software-migliori-guida-utente\/\" \/>\n<meta property=\"og:site_name\" content=\"Accurate Reviews\" \/>\n<meta property=\"article:modified_time\" content=\"2017-02-02T11:00:26+00:00\" \/>\n<meta property=\"og:image\" content=\"http:\/\/www.accuratereviews.com\/wp-content\/uploads\/2015\/09\/OCR.jpg\" \/>\n<meta name=\"twitter:card\" content=\"summary_large_image\" \/>\n<meta name=\"twitter:label1\" content=\"Tempo di lettura stimato\" \/>\n\t<meta name=\"twitter:data1\" content=\"2 minuti\" \/>\n<script type=\"application\/ld+json\" class=\"yoast-schema-graph\">{\"@context\":\"https:\\\/\\\/schema.org\",\"@graph\":[{\"@type\":\"WebPage\",\"@id\":\"https:\\\/\\\/www.accuratereviews.com\\\/it\\\/orc-i-software-migliori-guida-utente\\\/\",\"url\":\"https:\\\/\\\/www.accuratereviews.com\\\/it\\\/orc-i-software-migliori-guida-utente\\\/\",\"name\":\"I software per OCR pi\u00f9 richiesti del 2017 | Accurate Reviews\",\"isPartOf\":{\"@id\":\"https:\\\/\\\/www.accuratereviews.com\\\/it\\\/#website\"},\"primaryImageOfPage\":{\"@id\":\"https:\\\/\\\/www.accuratereviews.com\\\/it\\\/orc-i-software-migliori-guida-utente\\\/#primaryimage\"},\"image\":{\"@id\":\"https:\\\/\\\/www.accuratereviews.com\\\/it\\\/orc-i-software-migliori-guida-utente\\\/#primaryimage\"},\"thumbnailUrl\":\"http:\\\/\\\/www.accuratereviews.com\\\/wp-content\\\/uploads\\\/2015\\\/09\\\/OCR.jpg\",\"datePublished\":\"2016-02-19T15:39:42+00:00\",\"dateModified\":\"2017-02-02T11:00:26+00:00\",\"description\":\"I nostri esperti vi guidano all'acquisto della soluzione giusta per i vostri bisogni: questa guida ai software per OCR contiene le informazioni che cercate.\",\"breadcrumb\":{\"@id\":\"https:\\\/\\\/www.accuratereviews.com\\\/it\\\/orc-i-software-migliori-guida-utente\\\/#breadcrumb\"},\"inLanguage\":\"it-IT\",\"potentialAction\":[{\"@type\":\"ReadAction\",\"target\":[\"https:\\\/\\\/www.accuratereviews.com\\\/it\\\/orc-i-software-migliori-guida-utente\\\/\"]}]},{\"@type\":\"ImageObject\",\"inLanguage\":\"it-IT\",\"@id\":\"https:\\\/\\\/www.accuratereviews.com\\\/it\\\/orc-i-software-migliori-guida-utente\\\/#primaryimage\",\"url\":\"http:\\\/\\\/www.accuratereviews.com\\\/wp-content\\\/uploads\\\/2015\\\/09\\\/OCR.jpg\",\"contentUrl\":\"http:\\\/\\\/www.accuratereviews.com\\\/wp-content\\\/uploads\\\/2015\\\/09\\\/OCR.jpg\"},{\"@type\":\"BreadcrumbList\",\"@id\":\"https:\\\/\\\/www.accuratereviews.com\\\/it\\\/orc-i-software-migliori-guida-utente\\\/#breadcrumb\",\"itemListElement\":[{\"@type\":\"ListItem\",\"position\":1,\"name\":\"Home\",\"item\":\"https:\\\/\\\/www.accuratereviews.com\\\/it\\\/\"},{\"@type\":\"ListItem\",\"position\":2,\"name\":\"ORC: i software migliori\"}]},{\"@type\":\"WebSite\",\"@id\":\"https:\\\/\\\/www.accuratereviews.com\\\/it\\\/#website\",\"url\":\"https:\\\/\\\/www.accuratereviews.com\\\/it\\\/\",\"name\":\"Accurate Reviews\",\"description\":\"\",\"potentialAction\":[{\"@type\":\"SearchAction\",\"target\":{\"@type\":\"EntryPoint\",\"urlTemplate\":\"https:\\\/\\\/www.accuratereviews.com\\\/it\\\/?s={search_term_string}\"},\"query-input\":{\"@type\":\"PropertyValueSpecification\",\"valueRequired\":true,\"valueName\":\"search_term_string\"}}],\"inLanguage\":\"it-IT\"}]}<\/script>\n<!-- \/ Yoast SEO plugin. -->","yoast_head_json":{"title":"I software per OCR pi\u00f9 richiesti del 2017 | Accurate Reviews","description":"I nostri esperti vi guidano all'acquisto della soluzione giusta per i vostri bisogni: questa guida ai software per OCR contiene le informazioni che cercate.","robots":{"index":"index","follow":"follow","max-snippet":"max-snippet:-1","max-image-preview":"max-image-preview:large","max-video-preview":"max-video-preview:-1"},"canonical":"https:\/\/www.accuratereviews.com\/it\/orc-i-software-migliori-guida-utente\/","og_locale":"it_IT","og_type":"article","og_title":"I software per OCR pi\u00f9 richiesti del 2017 | Accurate Reviews","og_description":"I nostri esperti vi guidano all'acquisto della soluzione giusta per i vostri bisogni: questa guida ai software per OCR contiene le informazioni che cercate.","og_url":"https:\/\/www.accuratereviews.com\/it\/orc-i-software-migliori-guida-utente\/","og_site_name":"Accurate Reviews","article_modified_time":"2017-02-02T11:00:26+00:00","og_image":[{"url":"http:\/\/www.accuratereviews.com\/wp-content\/uploads\/2015\/09\/OCR.jpg","type":"","width":"","height":""}],"twitter_card":"summary_large_image","twitter_misc":{"Tempo di lettura stimato":"2 minuti"},"schema":{"@context":"https:\/\/schema.org","@graph":[{"@type":"WebPage","@id":"https:\/\/www.accuratereviews.com\/it\/orc-i-software-migliori-guida-utente\/","url":"https:\/\/www.accuratereviews.com\/it\/orc-i-software-migliori-guida-utente\/","name":"I software per OCR pi\u00f9 richiesti del 2017 | Accurate Reviews","isPartOf":{"@id":"https:\/\/www.accuratereviews.com\/it\/#website"},"primaryImageOfPage":{"@id":"https:\/\/www.accuratereviews.com\/it\/orc-i-software-migliori-guida-utente\/#primaryimage"},"image":{"@id":"https:\/\/www.accuratereviews.com\/it\/orc-i-software-migliori-guida-utente\/#primaryimage"},"thumbnailUrl":"http:\/\/www.accuratereviews.com\/wp-content\/uploads\/2015\/09\/OCR.jpg","datePublished":"2016-02-19T15:39:42+00:00","dateModified":"2017-02-02T11:00:26+00:00","description":"I nostri esperti vi guidano all'acquisto della soluzione giusta per i vostri bisogni: questa guida ai software per OCR contiene le informazioni che cercate.","breadcrumb":{"@id":"https:\/\/www.accuratereviews.com\/it\/orc-i-software-migliori-guida-utente\/#breadcrumb"},"inLanguage":"it-IT","potentialAction":[{"@type":"ReadAction","target":["https:\/\/www.accuratereviews.com\/it\/orc-i-software-migliori-guida-utente\/"]}]},{"@type":"ImageObject","inLanguage":"it-IT","@id":"https:\/\/www.accuratereviews.com\/it\/orc-i-software-migliori-guida-utente\/#primaryimage","url":"http:\/\/www.accuratereviews.com\/wp-content\/uploads\/2015\/09\/OCR.jpg","contentUrl":"http:\/\/www.accuratereviews.com\/wp-content\/uploads\/2015\/09\/OCR.jpg"},{"@type":"BreadcrumbList","@id":"https:\/\/www.accuratereviews.com\/it\/orc-i-software-migliori-guida-utente\/#breadcrumb","itemListElement":[{"@type":"ListItem","position":1,"name":"Home","item":"https:\/\/www.accuratereviews.com\/it\/"},{"@type":"ListItem","position":2,"name":"ORC: i software migliori"}]},{"@type":"WebSite","@id":"https:\/\/www.accuratereviews.com\/it\/#website","url":"https:\/\/www.accuratereviews.com\/it\/","name":"Accurate Reviews","description":"","potentialAction":[{"@type":"SearchAction","target":{"@type":"EntryPoint","urlTemplate":"https:\/\/www.accuratereviews.com\/it\/?s={search_term_string}"},"query-input":{"@type":"PropertyValueSpecification","valueRequired":true,"valueName":"search_term_string"}}],"inLanguage":"it-IT"}]}},"_links":{"self":[{"href":"https:\/\/www.accuratereviews.com\/it\/wp-json\/wp\/v2\/pages\/6229","targetHints":{"allow":["GET"]}}],"collection":[{"href":"https:\/\/www.accuratereviews.com\/it\/wp-json\/wp\/v2\/pages"}],"about":[{"href":"https:\/\/www.accuratereviews.com\/it\/wp-json\/wp\/v2\/types\/page"}],"author":[{"embeddable":true,"href":"https:\/\/www.accuratereviews.com\/it\/wp-json\/wp\/v2\/users\/16"}],"replies":[{"embeddable":true,"href":"https:\/\/www.accuratereviews.com\/it\/wp-json\/wp\/v2\/comments?post=6229"}],"version-history":[{"count":4,"href":"https:\/\/www.accuratereviews.com\/it\/wp-json\/wp\/v2\/pages\/6229\/revisions"}],"predecessor-version":[{"id":6505,"href":"https:\/\/www.accuratereviews.com\/it\/wp-json\/wp\/v2\/pages\/6229\/revisions\/6505"}],"wp:attachment":[{"href":"https:\/\/www.accuratereviews.com\/it\/wp-json\/wp\/v2\/media?parent=6229"}],"wp:term":[{"taxonomy":"category","embeddable":true,"href":"https:\/\/www.accuratereviews.com\/it\/wp-json\/wp\/v2\/categories?post=6229"},{"taxonomy":"post_tag","embeddable":true,"href":"https:\/\/www.accuratereviews.com\/it\/wp-json\/wp\/v2\/tags?post=6229"},{"taxonomy":"features","embeddable":true,"href":"https:\/\/www.accuratereviews.com\/it\/wp-json\/wp\/v2\/features?post=6229"}],"curies":[{"name":"wp","href":"https:\/\/api.w.org\/{rel}","templated":true}]}}