{"id":6233,"date":"2015-11-12T10:01:52","date_gmt":"2015-11-12T10:01:52","guid":{"rendered":"http:\/\/www.accuratereviews.com\/it\/antivirus-la-lista-dei-migliori\/doctor-web-dr-web-anti-virus-for-windows\/"},"modified":"2019-06-05T14:39:37","modified_gmt":"2019-06-05T14:39:37","slug":"doctor-web-dr-web-anti-virus-for-windows","status":"publish","type":"page","link":"https:\/\/www.accuratereviews.com\/it\/antivirus-la-lista-dei-migliori\/doctor-web-dr-web-anti-virus-for-windows\/","title":{"rendered":"Dr.Web Anti-virus for Windows"},"content":{"rendered":"<p><a href=\"http:\/\/www.accuratereviews.com\/wp-content\/uploads\/2015\/11\/dr.web-anti-virus-screen.png\"><img loading=\"lazy\" decoding=\"async\" class=\"alignnone size-full wp-image-2005\" src=\"http:\/\/www.accuratereviews.com\/wp-content\/uploads\/2015\/11\/dr.web-anti-virus-screen.png\" alt=\"dr.web anti-virus\" width=\"867\" height=\"527\" srcset=\"https:\/\/www.accuratereviews.com\/wp-content\/uploads\/2015\/11\/dr.web-anti-virus-screen.png 867w, https:\/\/www.accuratereviews.com\/wp-content\/uploads\/2015\/11\/dr.web-anti-virus-screen-300x182.png 300w, https:\/\/www.accuratereviews.com\/wp-content\/uploads\/2015\/11\/dr.web-anti-virus-screen-206x125.png 206w, https:\/\/www.accuratereviews.com\/wp-content\/uploads\/2015\/11\/dr.web-anti-virus-screen-50x30.png 50w, https:\/\/www.accuratereviews.com\/wp-content\/uploads\/2015\/11\/dr.web-anti-virus-screen-636x387.png 636w, https:\/\/www.accuratereviews.com\/wp-content\/uploads\/2015\/11\/dr.web-anti-virus-screen-320x195.png 320w, https:\/\/www.accuratereviews.com\/wp-content\/uploads\/2015\/11\/dr.web-anti-virus-screen-239x145.png 239w\" sizes=\"auto, (max-width: 867px) 100vw, 867px\" \/><\/a><\/p>\n<p><strong>Dr.Web Anti-virus per Windows<\/strong> propone un\u2019interfaccia utente semplice, intuitiva e perfetta anche per gli utenti pi\u00f9 inesperti. La tecnologia Dr.Web Process Heuristic permette al software di <strong>proteggere il PC da qualsiasi attacco<\/strong>, anche in caso di nuova minaccia al suo primo giorno di diffusione.<\/p>\n<p>La funzionalit\u00e0 <strong>Dr.Web ShellGuard<\/strong> blocca qualsiasi via di accesso al sistema ad applicazioni che sfruttano vulnerabilit\u00e0 (come <strong>rootkit, adware, spyware, dialer, hack tool e riskware<\/strong>) per entrare nel sistema e infettarlo, rubare informazioni e via dicendo. Inoltre, effettua una scansione e protegge la maggior parte delle applicazioni installate su computer Windows: tutti i browser pi\u00f9 popolari, i media player, le applicazioni di sistema e di MS Office, le applicazioni che usano flash, Java e PDF.<\/p>\n<p>Il sistema di analisi dei comportamenti Dr.Web Process Heuristic protegge aree critiche del sistema da possibili <strong>modifiche effettuate dai malware<\/strong>, bloccando l\u2019esecuzione di script o processi non sicuri. Lo stesso processo viene applicato ai comuni file: qualsiasi modifica ritenuta sospetta viene bloccata per evitare che del codice si inserisca e infetti il sistema. Per bloccare le minacce, anche quelle appena comparse sul web, il software combina le <strong>informazioni salvate in locale con quelle continuamente aggiornate sul Dr.Web Cloud<\/strong>.<\/p>\n<p>Nonostante ci\u00f2, il <strong>Dr.Web Anti-Virus \u00e8 in grado di proteggere il sistema anche non \u00e8 connesso ad Internet<\/strong>. Il supporto clienti \u00e8 disponibile via telefono, mentre tutte le informazioni utili si possono trovare sul sito nella sezione FAQ e tutorial. \u00c8 possibile scegliere se sfruttare un intero mese di trial gratuito senza alcuna registrazione, oppure approfittare di tre mesi di prova gratuita registrandosi al sito. Al termine del periodo di prova \u00e8 possibile acquistare una licenza valida per un anno. Su licenze valide due o tre anni troviamo sempre sconti.<\/p>\n","protected":false},"excerpt":{"rendered":"<p>Dr.Web Anti-virus per Windows propone un\u2019interfaccia utente semplice, intuitiva e perfetta anche per gli utenti pi\u00f9 inesperti. La tecnologia Dr.Web Process Heuristic permette al software di proteggere il PC da qualsiasi attacco, anche in caso di nuova minaccia al suo primo giorno di diffusione. <\/p>\n","protected":false},"author":4,"featured_media":0,"parent":5635,"menu_order":13,"comment_status":"open","ping_status":"closed","template":"g1_template_page_review_new.php","meta":{"_acf_changed":false,"cwp_meta_box_check":"Yes","cwp_rev_product_name":"","cwp_rev_product_image":"","wppr_links":[],"cwp_rev_price":"","wppr_options":[],"wppr_pros":[],"wppr_cons":[],"_monsterinsights_skip_tracking":false,"_monsterinsights_sitenote_active":false,"_monsterinsights_sitenote_note":"","_monsterinsights_sitenote_category":0,"footnotes":""},"categories":[109],"tags":[758,759,760,713,710,761,721,709,722],"features":[],"class_list":{"0":"post-6233","1":"page","2":"type-page","3":"status-publish","5":"category-antivirus-software-pc-it","6":"tag-adware","7":"tag-dialer","8":"tag-hack-tool","9":"tag-malware","10":"tag-programma-antivirus","11":"tag-riskware","12":"tag-rootkit","13":"tag-software-antivirus","14":"tag-spyware"},"wppr_data":{"cwp_meta_box_check":"Yes","cwp_rev_product_name":"","cwp_rev_product_image":"","cwp_image_link":"image","cwp_rev_price":"","wppr_rating":"0.00"},"acf":[],"yoast_head":"<!-- This site is optimized with the Yoast SEO plugin v27.4 - https:\/\/yoast.com\/product\/yoast-seo-wordpress\/ -->\n<title>Dr.Web Antivirus recensione miglior antivirus | Accurate Reviews<\/title>\n<meta name=\"description\" content=\"Dr.Web Process Heuristic permette al software di proteggere il PC da qualsiasi attacco, anche in caso di nuova minaccia al suo primo giorno di diffusione.\" \/>\n<meta name=\"robots\" content=\"index, follow, max-snippet:-1, max-image-preview:large, max-video-preview:-1\" \/>\n<link rel=\"canonical\" href=\"https:\/\/www.accuratereviews.com\/it\/antivirus-la-lista-dei-migliori\/doctor-web-dr-web-anti-virus-for-windows\/\" \/>\n<meta property=\"og:locale\" content=\"it_IT\" \/>\n<meta property=\"og:type\" content=\"article\" \/>\n<meta property=\"og:title\" content=\"Dr.Web Antivirus recensione miglior antivirus | Accurate Reviews\" \/>\n<meta property=\"og:description\" content=\"Dr.Web Process Heuristic permette al software di proteggere il PC da qualsiasi attacco, anche in caso di nuova minaccia al suo primo giorno di diffusione.\" \/>\n<meta property=\"og:url\" content=\"https:\/\/www.accuratereviews.com\/it\/antivirus-la-lista-dei-migliori\/doctor-web-dr-web-anti-virus-for-windows\/\" \/>\n<meta property=\"og:site_name\" content=\"Accurate Reviews\" \/>\n<meta property=\"article:modified_time\" content=\"2019-06-05T14:39:37+00:00\" \/>\n<meta property=\"og:image\" content=\"http:\/\/www.accuratereviews.com\/wp-content\/uploads\/2015\/11\/dr.web-anti-virus-screen.png\" \/>\n<meta name=\"twitter:card\" content=\"summary_large_image\" \/>\n<meta name=\"twitter:label1\" content=\"Tempo di lettura stimato\" \/>\n\t<meta name=\"twitter:data1\" content=\"1 minuto\" \/>\n<script type=\"application\/ld+json\" class=\"yoast-schema-graph\">{\"@context\":\"https:\\\/\\\/schema.org\",\"@graph\":[{\"@type\":\"WebPage\",\"@id\":\"https:\\\/\\\/www.accuratereviews.com\\\/it\\\/antivirus-la-lista-dei-migliori\\\/doctor-web-dr-web-anti-virus-for-windows\\\/\",\"url\":\"https:\\\/\\\/www.accuratereviews.com\\\/it\\\/antivirus-la-lista-dei-migliori\\\/doctor-web-dr-web-anti-virus-for-windows\\\/\",\"name\":\"Dr.Web Antivirus recensione miglior antivirus | Accurate Reviews\",\"isPartOf\":{\"@id\":\"https:\\\/\\\/www.accuratereviews.com\\\/it\\\/#website\"},\"primaryImageOfPage\":{\"@id\":\"https:\\\/\\\/www.accuratereviews.com\\\/it\\\/antivirus-la-lista-dei-migliori\\\/doctor-web-dr-web-anti-virus-for-windows\\\/#primaryimage\"},\"image\":{\"@id\":\"https:\\\/\\\/www.accuratereviews.com\\\/it\\\/antivirus-la-lista-dei-migliori\\\/doctor-web-dr-web-anti-virus-for-windows\\\/#primaryimage\"},\"thumbnailUrl\":\"http:\\\/\\\/www.accuratereviews.com\\\/wp-content\\\/uploads\\\/2015\\\/11\\\/dr.web-anti-virus-screen.png\",\"datePublished\":\"2015-11-12T10:01:52+00:00\",\"dateModified\":\"2019-06-05T14:39:37+00:00\",\"description\":\"Dr.Web Process Heuristic permette al software di proteggere il PC da qualsiasi attacco, anche in caso di nuova minaccia al suo primo giorno di diffusione.\",\"breadcrumb\":{\"@id\":\"https:\\\/\\\/www.accuratereviews.com\\\/it\\\/antivirus-la-lista-dei-migliori\\\/doctor-web-dr-web-anti-virus-for-windows\\\/#breadcrumb\"},\"inLanguage\":\"it-IT\",\"potentialAction\":[{\"@type\":\"ReadAction\",\"target\":[\"https:\\\/\\\/www.accuratereviews.com\\\/it\\\/antivirus-la-lista-dei-migliori\\\/doctor-web-dr-web-anti-virus-for-windows\\\/\"]}]},{\"@type\":\"ImageObject\",\"inLanguage\":\"it-IT\",\"@id\":\"https:\\\/\\\/www.accuratereviews.com\\\/it\\\/antivirus-la-lista-dei-migliori\\\/doctor-web-dr-web-anti-virus-for-windows\\\/#primaryimage\",\"url\":\"http:\\\/\\\/www.accuratereviews.com\\\/wp-content\\\/uploads\\\/2015\\\/11\\\/dr.web-anti-virus-screen.png\",\"contentUrl\":\"http:\\\/\\\/www.accuratereviews.com\\\/wp-content\\\/uploads\\\/2015\\\/11\\\/dr.web-anti-virus-screen.png\"},{\"@type\":\"BreadcrumbList\",\"@id\":\"https:\\\/\\\/www.accuratereviews.com\\\/it\\\/antivirus-la-lista-dei-migliori\\\/doctor-web-dr-web-anti-virus-for-windows\\\/#breadcrumb\",\"itemListElement\":[{\"@type\":\"ListItem\",\"position\":1,\"name\":\"Home\",\"item\":\"https:\\\/\\\/www.accuratereviews.com\\\/it\\\/\"},{\"@type\":\"ListItem\",\"position\":2,\"name\":\"Antivirus: i Migliori Antivirus per PC\",\"item\":\"https:\\\/\\\/www.accuratereviews.com\\\/it\\\/antivirus-la-lista-dei-migliori\\\/\"},{\"@type\":\"ListItem\",\"position\":3,\"name\":\"Dr.Web Anti-virus for Windows\"}]},{\"@type\":\"WebSite\",\"@id\":\"https:\\\/\\\/www.accuratereviews.com\\\/it\\\/#website\",\"url\":\"https:\\\/\\\/www.accuratereviews.com\\\/it\\\/\",\"name\":\"Accurate Reviews\",\"description\":\"\",\"potentialAction\":[{\"@type\":\"SearchAction\",\"target\":{\"@type\":\"EntryPoint\",\"urlTemplate\":\"https:\\\/\\\/www.accuratereviews.com\\\/it\\\/?s={search_term_string}\"},\"query-input\":{\"@type\":\"PropertyValueSpecification\",\"valueRequired\":true,\"valueName\":\"search_term_string\"}}],\"inLanguage\":\"it-IT\"}]}<\/script>\n<!-- \/ Yoast SEO plugin. -->","yoast_head_json":{"title":"Dr.Web Antivirus recensione miglior antivirus | Accurate Reviews","description":"Dr.Web Process Heuristic permette al software di proteggere il PC da qualsiasi attacco, anche in caso di nuova minaccia al suo primo giorno di diffusione.","robots":{"index":"index","follow":"follow","max-snippet":"max-snippet:-1","max-image-preview":"max-image-preview:large","max-video-preview":"max-video-preview:-1"},"canonical":"https:\/\/www.accuratereviews.com\/it\/antivirus-la-lista-dei-migliori\/doctor-web-dr-web-anti-virus-for-windows\/","og_locale":"it_IT","og_type":"article","og_title":"Dr.Web Antivirus recensione miglior antivirus | Accurate Reviews","og_description":"Dr.Web Process Heuristic permette al software di proteggere il PC da qualsiasi attacco, anche in caso di nuova minaccia al suo primo giorno di diffusione.","og_url":"https:\/\/www.accuratereviews.com\/it\/antivirus-la-lista-dei-migliori\/doctor-web-dr-web-anti-virus-for-windows\/","og_site_name":"Accurate Reviews","article_modified_time":"2019-06-05T14:39:37+00:00","og_image":[{"url":"http:\/\/www.accuratereviews.com\/wp-content\/uploads\/2015\/11\/dr.web-anti-virus-screen.png","type":"","width":"","height":""}],"twitter_card":"summary_large_image","twitter_misc":{"Tempo di lettura stimato":"1 minuto"},"schema":{"@context":"https:\/\/schema.org","@graph":[{"@type":"WebPage","@id":"https:\/\/www.accuratereviews.com\/it\/antivirus-la-lista-dei-migliori\/doctor-web-dr-web-anti-virus-for-windows\/","url":"https:\/\/www.accuratereviews.com\/it\/antivirus-la-lista-dei-migliori\/doctor-web-dr-web-anti-virus-for-windows\/","name":"Dr.Web Antivirus recensione miglior antivirus | Accurate Reviews","isPartOf":{"@id":"https:\/\/www.accuratereviews.com\/it\/#website"},"primaryImageOfPage":{"@id":"https:\/\/www.accuratereviews.com\/it\/antivirus-la-lista-dei-migliori\/doctor-web-dr-web-anti-virus-for-windows\/#primaryimage"},"image":{"@id":"https:\/\/www.accuratereviews.com\/it\/antivirus-la-lista-dei-migliori\/doctor-web-dr-web-anti-virus-for-windows\/#primaryimage"},"thumbnailUrl":"http:\/\/www.accuratereviews.com\/wp-content\/uploads\/2015\/11\/dr.web-anti-virus-screen.png","datePublished":"2015-11-12T10:01:52+00:00","dateModified":"2019-06-05T14:39:37+00:00","description":"Dr.Web Process Heuristic permette al software di proteggere il PC da qualsiasi attacco, anche in caso di nuova minaccia al suo primo giorno di diffusione.","breadcrumb":{"@id":"https:\/\/www.accuratereviews.com\/it\/antivirus-la-lista-dei-migliori\/doctor-web-dr-web-anti-virus-for-windows\/#breadcrumb"},"inLanguage":"it-IT","potentialAction":[{"@type":"ReadAction","target":["https:\/\/www.accuratereviews.com\/it\/antivirus-la-lista-dei-migliori\/doctor-web-dr-web-anti-virus-for-windows\/"]}]},{"@type":"ImageObject","inLanguage":"it-IT","@id":"https:\/\/www.accuratereviews.com\/it\/antivirus-la-lista-dei-migliori\/doctor-web-dr-web-anti-virus-for-windows\/#primaryimage","url":"http:\/\/www.accuratereviews.com\/wp-content\/uploads\/2015\/11\/dr.web-anti-virus-screen.png","contentUrl":"http:\/\/www.accuratereviews.com\/wp-content\/uploads\/2015\/11\/dr.web-anti-virus-screen.png"},{"@type":"BreadcrumbList","@id":"https:\/\/www.accuratereviews.com\/it\/antivirus-la-lista-dei-migliori\/doctor-web-dr-web-anti-virus-for-windows\/#breadcrumb","itemListElement":[{"@type":"ListItem","position":1,"name":"Home","item":"https:\/\/www.accuratereviews.com\/it\/"},{"@type":"ListItem","position":2,"name":"Antivirus: i Migliori Antivirus per PC","item":"https:\/\/www.accuratereviews.com\/it\/antivirus-la-lista-dei-migliori\/"},{"@type":"ListItem","position":3,"name":"Dr.Web Anti-virus for Windows"}]},{"@type":"WebSite","@id":"https:\/\/www.accuratereviews.com\/it\/#website","url":"https:\/\/www.accuratereviews.com\/it\/","name":"Accurate Reviews","description":"","potentialAction":[{"@type":"SearchAction","target":{"@type":"EntryPoint","urlTemplate":"https:\/\/www.accuratereviews.com\/it\/?s={search_term_string}"},"query-input":{"@type":"PropertyValueSpecification","valueRequired":true,"valueName":"search_term_string"}}],"inLanguage":"it-IT"}]}},"_links":{"self":[{"href":"https:\/\/www.accuratereviews.com\/it\/wp-json\/wp\/v2\/pages\/6233","targetHints":{"allow":["GET"]}}],"collection":[{"href":"https:\/\/www.accuratereviews.com\/it\/wp-json\/wp\/v2\/pages"}],"about":[{"href":"https:\/\/www.accuratereviews.com\/it\/wp-json\/wp\/v2\/types\/page"}],"author":[{"embeddable":true,"href":"https:\/\/www.accuratereviews.com\/it\/wp-json\/wp\/v2\/users\/4"}],"replies":[{"embeddable":true,"href":"https:\/\/www.accuratereviews.com\/it\/wp-json\/wp\/v2\/comments?post=6233"}],"version-history":[{"count":2,"href":"https:\/\/www.accuratereviews.com\/it\/wp-json\/wp\/v2\/pages\/6233\/revisions"}],"predecessor-version":[{"id":6435,"href":"https:\/\/www.accuratereviews.com\/it\/wp-json\/wp\/v2\/pages\/6233\/revisions\/6435"}],"up":[{"embeddable":true,"href":"https:\/\/www.accuratereviews.com\/it\/wp-json\/wp\/v2\/pages\/5635"}],"wp:attachment":[{"href":"https:\/\/www.accuratereviews.com\/it\/wp-json\/wp\/v2\/media?parent=6233"}],"wp:term":[{"taxonomy":"category","embeddable":true,"href":"https:\/\/www.accuratereviews.com\/it\/wp-json\/wp\/v2\/categories?post=6233"},{"taxonomy":"post_tag","embeddable":true,"href":"https:\/\/www.accuratereviews.com\/it\/wp-json\/wp\/v2\/tags?post=6233"},{"taxonomy":"features","embeddable":true,"href":"https:\/\/www.accuratereviews.com\/it\/wp-json\/wp\/v2\/features?post=6233"}],"curies":[{"name":"wp","href":"https:\/\/api.w.org\/{rel}","templated":true}]}}