{"id":62373,"date":"2022-10-11T20:47:57","date_gmt":"2022-10-11T20:47:57","guid":{"rendered":"https:\/\/www.accuratereviews.com\/?page_id=62373"},"modified":"2022-10-11T20:48:32","modified_gmt":"2022-10-11T20:48:32","slug":"inside-recensione","status":"publish","type":"page","link":"https:\/\/www.accuratereviews.com\/it\/assistenti-virtuali\/inside-recensione\/","title":{"rendered":"Inside"},"content":{"rendered":"<p><strong>Inside<\/strong>\u00a0\u00e8 una <strong>piattaforma di coinvolgimento<\/strong> dei clienti progettata per aiutare le aziende a interagire con i clienti tramite chat personalizzate, sms, messaggi di Facebook e altro ancora. Con l&#8217;obiettivo di aiutare le aziende a migliorare le vendite di ecommerce, il marketing e il servizio clienti, la soluzione fornisce funzionalit\u00e0 di chat e strumenti di monitoraggio del sito web per fornire contenuti mirati attraverso i canali digitali. Per i team di marketing il programma pu\u00f2 essere utilizzato per coinvolgere i visitatori e acquisire lead tramite messaggi mirati, pop-up, banner e altro e monitorare l&#8217;attivit\u00e0 dei potenziali clienti in tempo reale per identificare i lead pi\u00f9 importanti.<\/p>\n<h2>INSIDE &#8211; TUTORIAL<\/h2>\n<div id=\"fluid-wrapper-counter-1\" class=\"g1-fluid-wrapper \" style=\"width:686px;\">\n<div style=\"padding-bottom:56.268221574344%;\"><iframe loading=\"lazy\" title=\"The INSIDE Store App: Better Experiences For Your Online Customer.\" width=\"686\" height=\"386\" src=\"https:\/\/www.youtube.com\/embed\/gVHwiSVMoG4?feature=oembed&amp;wmode=transparent&amp;autohide=1&amp;autoplay=0&amp;disablekb=0&amp;fs=1&amp;loop=0&amp;enablejsapi=1&amp;rel=0&amp;controls=2&amp;showinfo=0&amp;wmode=transparent&amp;autohide=2&amp;autoplay=0&amp;disablekb=0&amp;fs=1&amp;loop=0&amp;enablejsapi=1&amp;rel=0&amp;controls=2&amp;showinfo=1\" frameborder=\"0\" allow=\"accelerometer; autoplay; clipboard-write; encrypted-media; gyroscope; picture-in-picture\" allowfullscreen><\/iframe><\/div>\n<\/div>\n<h3>INSIDE &#8211; CARATTERISTICHE<\/h3>\n<ul>\n<li>Offre una maggiore conversione e una maggiore fidelizzazione avvicinandoti al tuo cliente online.<\/li>\n<li>Implementazione rapida, non richiede sviluppo da parte dei team tecnici.<\/li>\n<li>Al servizio di alcune delle pi\u00f9 grandi organizzazioni del mondo e dei marchi all&#8217;avanguardia che anticipano le tendenze tecnologiche.<\/li>\n<li>La sofisticata piattaforma mira a imitare le interazioni faccia a faccia, consentendo ai tuoi agenti di reagire e comprendere le richieste dei tuoi clienti il pi\u00f9 rapidamente possibi<\/li>\n<li>I tuoi clienti possono utilizzare pi\u00f9 dispositivi e canali per comunicare. Utilizzi gi\u00e0 Salesforce o Zendesk? Fornisce plug-in che consentono un&#8217;interfaccia utente unica e senza interruzioni.<\/li>\n<li>Controlla come sta lavorando l&#8217;intero team in questo momento, assisti le aree problematiche in tempo reale.<\/li>\n<li>I Chat Bot offrono assistenza agli Operatori invece di fingere di essere umani, riducendo al minimo i punti di attrito comuni dei clienti sviluppando un approccio unico all&#8217;IA<\/li>\n<\/ul>\n<h4>LE RECENSIONI DEGLI UTENTI<\/h4>\n<p class=\"fw-bold mb-2\"><strong>Laura&#8221;Molto soddisfatta&#8221;<br \/>\n<\/strong><span class=\"fw-bold\"><strong>Commenti<\/strong>:<\/span> Inside \u00e8 un applicativo che permette la gestione dell&#8217;assistenza a 360\u00b0<br \/>\n<strong>Pro<\/strong>:\u00a0L&#8217;intuitivit\u00e0 dell&#8217;applicativo e la versatilit\u00e0<br \/>\n<strong>Contro<\/strong>:\u00a0Attualmente sono soddisfatta con il pacchetto acquistato<\/p>\n<p class=\"fw-bold mb-2\"><strong>Cherry Paula&#8221;Unico tra le altre piattaforme&#8221;<br \/>\n<\/strong><span class=\"fw-bold\"><strong>Commenti<\/strong>:<\/span> Adoro il modo in cui questa piattaforma \u00e8 stata creata. Il modo in cui \u00e8 stato progettato \u00e8 stato meticolosamente pensato. Fornisce una rappresentazione visiva di ci\u00f2 che la maggior parte delle volte vediamo solo come testo. Non solo: le persone con cui lavoriamo \u00e8 un piacere parlare con loro. Ci aiutano a risolvere i nostri problemi rapidamente.<br \/>\n<strong>Pro<\/strong>:\u00a0Mi piace come \u00e8 interattivo per gli agenti. Era totalmente diverso dalle altre piattaforme con lo stesso scopo. Non era noioso. Un po&#8217; caro, ma si stanno evolvendo nell&#8217;area di cui abbiamo bisogno, che \u00e8 quello che volevo davvero vedere.<br \/>\n<strong>Contro<\/strong>:\u00a0Ogni volta che lo uso, occupa molta larghezza di banda. A volte rallenta la mia connessione, a volte no.<\/p>\n<p class=\"fw-bold mb-2\"><strong>Aquinda&#8221;Glitch&#8221;<br \/>\n<\/strong><strong>Pro<\/strong>:\u00a0Le opzioni di disposizione sono pi\u00f9 facili da accedere<br \/>\n<strong>Contro<\/strong>:\u00a0Chiude le chat mentre si lavora, la chat mostra tempi lunghi quando si riceve solo la chat, la disposizione non funziona tutto il tempo<\/p>\n","protected":false},"excerpt":{"rendered":"<p>Inside\u00a0\u00e8 una piattaforma di coinvolgimento dei clienti progettata per aiutare le aziende a interagire con i clienti tramite chat personalizzate, sms, messaggi di Facebook e altro ancora. Con l&#8217;obiettivo di aiutare le aziende a migliorare le vendite di ecommerce, il marketing e il servizio clienti, la soluzione fornisce funzionalit\u00e0 di chat e strumenti di monitoraggio del sito web per fornire contenuti mirati attraverso i canali digitali.<\/p>\n","protected":false},"author":16,"featured_media":62383,"parent":62394,"menu_order":0,"comment_status":"open","ping_status":"closed","template":"g1_template_page_review_new.php","meta":{"_acf_changed":false,"cwp_meta_box_check":"No","cwp_rev_product_name":"","cwp_rev_product_image":"","wppr_links":[],"cwp_rev_price":"","wppr_options":[],"wppr_pros":[],"wppr_cons":[],"_monsterinsights_skip_tracking":false,"_monsterinsights_sitenote_active":false,"_monsterinsights_sitenote_note":"","_monsterinsights_sitenote_category":0,"footnotes":""},"categories":[13513],"tags":[13525,13524,13530,13529,13528,13527,13526],"features":[],"class_list":{"0":"post-62373","1":"page","2":"type-page","3":"status-publish","4":"has-post-thumbnail","6":"category-assistenza-virtuale-cat","7":"tag-app-assistenza-clienti","8":"tag-assistenza-clienti","9":"tag-inside","10":"tag-piattaforma-per-assistenza-clienti","11":"tag-programma-assistenza-clienti","12":"tag-software-assistenza-clienti","13":"tag-soluzione-assistenza-clienti"},"wppr_data":{"cwp_meta_box_check":"No"},"acf":[],"yoast_head":"<!-- This site is optimized with the Yoast SEO plugin v27.4 - https:\/\/yoast.com\/product\/yoast-seo-wordpress\/ -->\n<title>Inside: recensione soluzione assistenza virtuale - Accurate Reviews<\/title>\n<meta name=\"description\" content=\"Inside: recensione piattaforma di coinvolgimento dei clienti progettata per aiutare le aziende a interagire con i clienti.\" \/>\n<meta name=\"robots\" content=\"index, follow, max-snippet:-1, max-image-preview:large, max-video-preview:-1\" \/>\n<link rel=\"canonical\" href=\"https:\/\/www.accuratereviews.com\/it\/assistenti-virtuali\/inside-recensione\/\" \/>\n<meta property=\"og:locale\" content=\"it_IT\" \/>\n<meta property=\"og:type\" content=\"article\" \/>\n<meta property=\"og:title\" content=\"Inside: recensione soluzione assistenza virtuale - Accurate Reviews\" \/>\n<meta property=\"og:description\" content=\"Inside: recensione piattaforma di coinvolgimento dei clienti progettata per aiutare le aziende a interagire con i clienti.\" \/>\n<meta property=\"og:url\" content=\"https:\/\/www.accuratereviews.com\/it\/assistenti-virtuali\/inside-recensione\/\" \/>\n<meta property=\"og:site_name\" content=\"Accurate Reviews\" \/>\n<meta property=\"article:modified_time\" content=\"2022-10-11T20:48:32+00:00\" \/>\n<meta property=\"og:image\" content=\"https:\/\/www.accuratereviews.com\/wp-content\/uploads\/2022\/10\/Schermata-2022-10-11-alle-09.27.25.png\" \/>\n\t<meta property=\"og:image:width\" content=\"720\" \/>\n\t<meta property=\"og:image:height\" content=\"332\" \/>\n\t<meta property=\"og:image:type\" content=\"image\/png\" \/>\n<meta name=\"twitter:card\" content=\"summary_large_image\" \/>\n<meta name=\"twitter:label1\" content=\"Tempo di lettura stimato\" \/>\n\t<meta name=\"twitter:data1\" content=\"3 minuti\" \/>\n<script type=\"application\/ld+json\" class=\"yoast-schema-graph\">{\"@context\":\"https:\\\/\\\/schema.org\",\"@graph\":[{\"@type\":\"WebPage\",\"@id\":\"https:\\\/\\\/www.accuratereviews.com\\\/it\\\/assistenti-virtuali\\\/inside-recensione\\\/\",\"url\":\"https:\\\/\\\/www.accuratereviews.com\\\/it\\\/assistenti-virtuali\\\/inside-recensione\\\/\",\"name\":\"Inside: recensione soluzione assistenza virtuale - Accurate Reviews\",\"isPartOf\":{\"@id\":\"https:\\\/\\\/www.accuratereviews.com\\\/it\\\/#website\"},\"primaryImageOfPage\":{\"@id\":\"https:\\\/\\\/www.accuratereviews.com\\\/it\\\/assistenti-virtuali\\\/inside-recensione\\\/#primaryimage\"},\"image\":{\"@id\":\"https:\\\/\\\/www.accuratereviews.com\\\/it\\\/assistenti-virtuali\\\/inside-recensione\\\/#primaryimage\"},\"thumbnailUrl\":\"https:\\\/\\\/www.accuratereviews.com\\\/wp-content\\\/uploads\\\/2022\\\/10\\\/Schermata-2022-10-11-alle-09.27.25.png\",\"datePublished\":\"2022-10-11T20:47:57+00:00\",\"dateModified\":\"2022-10-11T20:48:32+00:00\",\"description\":\"Inside: recensione piattaforma di coinvolgimento dei clienti progettata per aiutare le aziende a interagire con i clienti.\",\"breadcrumb\":{\"@id\":\"https:\\\/\\\/www.accuratereviews.com\\\/it\\\/assistenti-virtuali\\\/inside-recensione\\\/#breadcrumb\"},\"inLanguage\":\"it-IT\",\"potentialAction\":[{\"@type\":\"ReadAction\",\"target\":[\"https:\\\/\\\/www.accuratereviews.com\\\/it\\\/assistenti-virtuali\\\/inside-recensione\\\/\"]}]},{\"@type\":\"ImageObject\",\"inLanguage\":\"it-IT\",\"@id\":\"https:\\\/\\\/www.accuratereviews.com\\\/it\\\/assistenti-virtuali\\\/inside-recensione\\\/#primaryimage\",\"url\":\"https:\\\/\\\/www.accuratereviews.com\\\/wp-content\\\/uploads\\\/2022\\\/10\\\/Schermata-2022-10-11-alle-09.27.25.png\",\"contentUrl\":\"https:\\\/\\\/www.accuratereviews.com\\\/wp-content\\\/uploads\\\/2022\\\/10\\\/Schermata-2022-10-11-alle-09.27.25.png\",\"width\":720,\"height\":332},{\"@type\":\"BreadcrumbList\",\"@id\":\"https:\\\/\\\/www.accuratereviews.com\\\/it\\\/assistenti-virtuali\\\/inside-recensione\\\/#breadcrumb\",\"itemListElement\":[{\"@type\":\"ListItem\",\"position\":1,\"name\":\"Home\",\"item\":\"https:\\\/\\\/www.accuratereviews.com\\\/it\\\/\"},{\"@type\":\"ListItem\",\"position\":2,\"name\":\"Assistenti virtuali\",\"item\":\"https:\\\/\\\/www.accuratereviews.com\\\/it\\\/assistenti-virtuali\\\/\"},{\"@type\":\"ListItem\",\"position\":3,\"name\":\"Inside\"}]},{\"@type\":\"WebSite\",\"@id\":\"https:\\\/\\\/www.accuratereviews.com\\\/it\\\/#website\",\"url\":\"https:\\\/\\\/www.accuratereviews.com\\\/it\\\/\",\"name\":\"Accurate Reviews\",\"description\":\"\",\"potentialAction\":[{\"@type\":\"SearchAction\",\"target\":{\"@type\":\"EntryPoint\",\"urlTemplate\":\"https:\\\/\\\/www.accuratereviews.com\\\/it\\\/?s={search_term_string}\"},\"query-input\":{\"@type\":\"PropertyValueSpecification\",\"valueRequired\":true,\"valueName\":\"search_term_string\"}}],\"inLanguage\":\"it-IT\"}]}<\/script>\n<!-- \/ Yoast SEO plugin. -->","yoast_head_json":{"title":"Inside: recensione soluzione assistenza virtuale - Accurate Reviews","description":"Inside: recensione piattaforma di coinvolgimento dei clienti progettata per aiutare le aziende a interagire con i clienti.","robots":{"index":"index","follow":"follow","max-snippet":"max-snippet:-1","max-image-preview":"max-image-preview:large","max-video-preview":"max-video-preview:-1"},"canonical":"https:\/\/www.accuratereviews.com\/it\/assistenti-virtuali\/inside-recensione\/","og_locale":"it_IT","og_type":"article","og_title":"Inside: recensione soluzione assistenza virtuale - Accurate Reviews","og_description":"Inside: recensione piattaforma di coinvolgimento dei clienti progettata per aiutare le aziende a interagire con i clienti.","og_url":"https:\/\/www.accuratereviews.com\/it\/assistenti-virtuali\/inside-recensione\/","og_site_name":"Accurate Reviews","article_modified_time":"2022-10-11T20:48:32+00:00","og_image":[{"width":720,"height":332,"url":"https:\/\/www.accuratereviews.com\/wp-content\/uploads\/2022\/10\/Schermata-2022-10-11-alle-09.27.25.png","type":"image\/png"}],"twitter_card":"summary_large_image","twitter_misc":{"Tempo di lettura stimato":"3 minuti"},"schema":{"@context":"https:\/\/schema.org","@graph":[{"@type":"WebPage","@id":"https:\/\/www.accuratereviews.com\/it\/assistenti-virtuali\/inside-recensione\/","url":"https:\/\/www.accuratereviews.com\/it\/assistenti-virtuali\/inside-recensione\/","name":"Inside: recensione soluzione assistenza virtuale - Accurate Reviews","isPartOf":{"@id":"https:\/\/www.accuratereviews.com\/it\/#website"},"primaryImageOfPage":{"@id":"https:\/\/www.accuratereviews.com\/it\/assistenti-virtuali\/inside-recensione\/#primaryimage"},"image":{"@id":"https:\/\/www.accuratereviews.com\/it\/assistenti-virtuali\/inside-recensione\/#primaryimage"},"thumbnailUrl":"https:\/\/www.accuratereviews.com\/wp-content\/uploads\/2022\/10\/Schermata-2022-10-11-alle-09.27.25.png","datePublished":"2022-10-11T20:47:57+00:00","dateModified":"2022-10-11T20:48:32+00:00","description":"Inside: recensione piattaforma di coinvolgimento dei clienti progettata per aiutare le aziende a interagire con i clienti.","breadcrumb":{"@id":"https:\/\/www.accuratereviews.com\/it\/assistenti-virtuali\/inside-recensione\/#breadcrumb"},"inLanguage":"it-IT","potentialAction":[{"@type":"ReadAction","target":["https:\/\/www.accuratereviews.com\/it\/assistenti-virtuali\/inside-recensione\/"]}]},{"@type":"ImageObject","inLanguage":"it-IT","@id":"https:\/\/www.accuratereviews.com\/it\/assistenti-virtuali\/inside-recensione\/#primaryimage","url":"https:\/\/www.accuratereviews.com\/wp-content\/uploads\/2022\/10\/Schermata-2022-10-11-alle-09.27.25.png","contentUrl":"https:\/\/www.accuratereviews.com\/wp-content\/uploads\/2022\/10\/Schermata-2022-10-11-alle-09.27.25.png","width":720,"height":332},{"@type":"BreadcrumbList","@id":"https:\/\/www.accuratereviews.com\/it\/assistenti-virtuali\/inside-recensione\/#breadcrumb","itemListElement":[{"@type":"ListItem","position":1,"name":"Home","item":"https:\/\/www.accuratereviews.com\/it\/"},{"@type":"ListItem","position":2,"name":"Assistenti virtuali","item":"https:\/\/www.accuratereviews.com\/it\/assistenti-virtuali\/"},{"@type":"ListItem","position":3,"name":"Inside"}]},{"@type":"WebSite","@id":"https:\/\/www.accuratereviews.com\/it\/#website","url":"https:\/\/www.accuratereviews.com\/it\/","name":"Accurate Reviews","description":"","potentialAction":[{"@type":"SearchAction","target":{"@type":"EntryPoint","urlTemplate":"https:\/\/www.accuratereviews.com\/it\/?s={search_term_string}"},"query-input":{"@type":"PropertyValueSpecification","valueRequired":true,"valueName":"search_term_string"}}],"inLanguage":"it-IT"}]}},"_links":{"self":[{"href":"https:\/\/www.accuratereviews.com\/it\/wp-json\/wp\/v2\/pages\/62373","targetHints":{"allow":["GET"]}}],"collection":[{"href":"https:\/\/www.accuratereviews.com\/it\/wp-json\/wp\/v2\/pages"}],"about":[{"href":"https:\/\/www.accuratereviews.com\/it\/wp-json\/wp\/v2\/types\/page"}],"author":[{"embeddable":true,"href":"https:\/\/www.accuratereviews.com\/it\/wp-json\/wp\/v2\/users\/16"}],"replies":[{"embeddable":true,"href":"https:\/\/www.accuratereviews.com\/it\/wp-json\/wp\/v2\/comments?post=62373"}],"version-history":[{"count":7,"href":"https:\/\/www.accuratereviews.com\/it\/wp-json\/wp\/v2\/pages\/62373\/revisions"}],"predecessor-version":[{"id":62445,"href":"https:\/\/www.accuratereviews.com\/it\/wp-json\/wp\/v2\/pages\/62373\/revisions\/62445"}],"up":[{"embeddable":true,"href":"https:\/\/www.accuratereviews.com\/it\/wp-json\/wp\/v2\/pages\/62394"}],"wp:featuredmedia":[{"embeddable":true,"href":"https:\/\/www.accuratereviews.com\/it\/wp-json\/wp\/v2\/media\/62383"}],"wp:attachment":[{"href":"https:\/\/www.accuratereviews.com\/it\/wp-json\/wp\/v2\/media?parent=62373"}],"wp:term":[{"taxonomy":"category","embeddable":true,"href":"https:\/\/www.accuratereviews.com\/it\/wp-json\/wp\/v2\/categories?post=62373"},{"taxonomy":"post_tag","embeddable":true,"href":"https:\/\/www.accuratereviews.com\/it\/wp-json\/wp\/v2\/tags?post=62373"},{"taxonomy":"features","embeddable":true,"href":"https:\/\/www.accuratereviews.com\/it\/wp-json\/wp\/v2\/features?post=62373"}],"curies":[{"name":"wp","href":"https:\/\/api.w.org\/{rel}","templated":true}]}}