{"id":6246,"date":"2016-02-22T10:03:13","date_gmt":"2016-02-22T10:03:13","guid":{"rendered":"http:\/\/www.accuratereviews.com\/it\/orc-i-software-migliori-lista-migliori\/microsoft-onenote\/"},"modified":"2016-11-14T16:45:04","modified_gmt":"2016-11-14T16:45:04","slug":"microsoft-onenote","status":"publish","type":"page","link":"https:\/\/www.accuratereviews.com\/it\/orc-i-software-migliori-lista-migliori\/microsoft-onenote\/","title":{"rendered":"Microsoft OneNote"},"content":{"rendered":"<p><iframe loading=\"lazy\" src=\"https:\/\/www.youtube.com\/embed\/_bKiatpaacg\" width=\"660\" height=\"415\" frameborder=\"0\" allowfullscreen=\"allowfullscreen\"><\/iframe><\/p>\n<p>Microsoft OneNote \u00e8 una soluzione OCR di base, inclusa nelle ultime versioni di Microsoft Office.<\/p>\n<p><strong>\u00c8 uno strumento che permette di organizzare testi con immagini<\/strong> (PDF, screenshot, immagini) e <strong>scansionarli<\/strong>, per quanto le funzionalit\u00e0 OCR siano veramente limitate. Per esempio, \u00e8 meglio che dobbiate scansire immagini ad alta risoluzione o il software far\u00e0 molta fatica; anche <strong>le lingue riconosciute non sono tante<\/strong> (circa un terzo di alcuni concorrenti).<\/p>\n<p>In compenso, <strong>\u00e8 molto facile da usare e funziona anche su Mac e iPad<\/strong>.<\/p>\n<p>Potete leggere <a href=\"https:\/\/www.accuratereviews.com\/ocr-software-reviews-list\/microsoft-onenote\/\" title=\"la nostra recensione approfondita\">la nostra recensione approfondita<\/a> a questa pagina.<\/p>\n","protected":false},"excerpt":{"rendered":"<p>Microsoft OneNote \u00e8 una soluzione OCR di base, inclusa nelle ultime versioni di Microsoft Office. \u00c8 uno strumento che permette di organizzare testi con immagini (PDF, screenshot, immagini)&#8230;<\/p>\n","protected":false},"author":16,"featured_media":0,"parent":6225,"menu_order":1,"comment_status":"open","ping_status":"closed","template":"g1_template_page_review_new.php","meta":{"_acf_changed":false,"cwp_meta_box_check":"Yes","cwp_rev_product_name":"","cwp_rev_product_image":"","wppr_links":[],"cwp_rev_price":"","wppr_options":[],"wppr_pros":[],"wppr_cons":[],"_monsterinsights_skip_tracking":false,"_monsterinsights_sitenote_active":false,"_monsterinsights_sitenote_note":"","_monsterinsights_sitenote_category":0,"footnotes":""},"categories":[128,129],"tags":[],"features":[],"class_list":{"0":"post-6246","1":"page","2":"type-page","3":"status-publish","5":"category-best-ocr-software-it","6":"category-software-per-ocr"},"wppr_data":{"cwp_meta_box_check":"Yes","cwp_rev_product_name":"","cwp_rev_product_image":"","cwp_image_link":"image","cwp_rev_price":"","wppr_rating":"0.00"},"acf":[],"yoast_head":"<!-- This site is optimized with the Yoast SEO plugin v27.4 - https:\/\/yoast.com\/product\/yoast-seo-wordpress\/ -->\n<title>Microsoft OneNote recensione miglior OCR | Accurate Reviews<\/title>\n<meta name=\"description\" content=\"Microsoft OneNote \u00e8 una soluzione OCR di base, inclusa nelle ultime versioni di Microsoft Office, per organizzare testi con immagini\" \/>\n<meta name=\"robots\" content=\"index, follow, max-snippet:-1, max-image-preview:large, max-video-preview:-1\" \/>\n<link rel=\"canonical\" href=\"https:\/\/www.accuratereviews.com\/it\/orc-i-software-migliori-lista-migliori\/microsoft-onenote\/\" \/>\n<meta property=\"og:locale\" content=\"it_IT\" \/>\n<meta property=\"og:type\" content=\"article\" \/>\n<meta property=\"og:title\" content=\"Microsoft OneNote recensione miglior OCR | Accurate Reviews\" \/>\n<meta property=\"og:description\" content=\"Microsoft OneNote \u00e8 una soluzione OCR di base, inclusa nelle ultime versioni di Microsoft Office, per organizzare testi con immagini\" \/>\n<meta property=\"og:url\" content=\"https:\/\/www.accuratereviews.com\/it\/orc-i-software-migliori-lista-migliori\/microsoft-onenote\/\" \/>\n<meta property=\"og:site_name\" content=\"Accurate Reviews\" \/>\n<meta property=\"article:modified_time\" content=\"2016-11-14T16:45:04+00:00\" \/>\n<meta name=\"twitter:card\" content=\"summary_large_image\" \/>\n<script type=\"application\/ld+json\" class=\"yoast-schema-graph\">{\"@context\":\"https:\\\/\\\/schema.org\",\"@graph\":[{\"@type\":\"WebPage\",\"@id\":\"https:\\\/\\\/www.accuratereviews.com\\\/it\\\/orc-i-software-migliori-lista-migliori\\\/microsoft-onenote\\\/\",\"url\":\"https:\\\/\\\/www.accuratereviews.com\\\/it\\\/orc-i-software-migliori-lista-migliori\\\/microsoft-onenote\\\/\",\"name\":\"Microsoft OneNote recensione miglior OCR | Accurate Reviews\",\"isPartOf\":{\"@id\":\"https:\\\/\\\/www.accuratereviews.com\\\/it\\\/#website\"},\"datePublished\":\"2016-02-22T10:03:13+00:00\",\"dateModified\":\"2016-11-14T16:45:04+00:00\",\"description\":\"Microsoft OneNote \u00e8 una soluzione OCR di base, inclusa nelle ultime versioni di Microsoft Office, per organizzare testi con immagini\",\"breadcrumb\":{\"@id\":\"https:\\\/\\\/www.accuratereviews.com\\\/it\\\/orc-i-software-migliori-lista-migliori\\\/microsoft-onenote\\\/#breadcrumb\"},\"inLanguage\":\"it-IT\",\"potentialAction\":[{\"@type\":\"ReadAction\",\"target\":[\"https:\\\/\\\/www.accuratereviews.com\\\/it\\\/orc-i-software-migliori-lista-migliori\\\/microsoft-onenote\\\/\"]}]},{\"@type\":\"BreadcrumbList\",\"@id\":\"https:\\\/\\\/www.accuratereviews.com\\\/it\\\/orc-i-software-migliori-lista-migliori\\\/microsoft-onenote\\\/#breadcrumb\",\"itemListElement\":[{\"@type\":\"ListItem\",\"position\":1,\"name\":\"Home\",\"item\":\"https:\\\/\\\/www.accuratereviews.com\\\/it\\\/\"},{\"@type\":\"ListItem\",\"position\":2,\"name\":\"ORC: i software migliori\",\"item\":\"https:\\\/\\\/www.accuratereviews.com\\\/it\\\/orc-i-software-migliori-lista-migliori\\\/\"},{\"@type\":\"ListItem\",\"position\":3,\"name\":\"Microsoft OneNote\"}]},{\"@type\":\"WebSite\",\"@id\":\"https:\\\/\\\/www.accuratereviews.com\\\/it\\\/#website\",\"url\":\"https:\\\/\\\/www.accuratereviews.com\\\/it\\\/\",\"name\":\"Accurate Reviews\",\"description\":\"\",\"potentialAction\":[{\"@type\":\"SearchAction\",\"target\":{\"@type\":\"EntryPoint\",\"urlTemplate\":\"https:\\\/\\\/www.accuratereviews.com\\\/it\\\/?s={search_term_string}\"},\"query-input\":{\"@type\":\"PropertyValueSpecification\",\"valueRequired\":true,\"valueName\":\"search_term_string\"}}],\"inLanguage\":\"it-IT\"}]}<\/script>\n<!-- \/ Yoast SEO plugin. -->","yoast_head_json":{"title":"Microsoft OneNote recensione miglior OCR | Accurate Reviews","description":"Microsoft OneNote \u00e8 una soluzione OCR di base, inclusa nelle ultime versioni di Microsoft Office, per organizzare testi con immagini","robots":{"index":"index","follow":"follow","max-snippet":"max-snippet:-1","max-image-preview":"max-image-preview:large","max-video-preview":"max-video-preview:-1"},"canonical":"https:\/\/www.accuratereviews.com\/it\/orc-i-software-migliori-lista-migliori\/microsoft-onenote\/","og_locale":"it_IT","og_type":"article","og_title":"Microsoft OneNote recensione miglior OCR | Accurate Reviews","og_description":"Microsoft OneNote \u00e8 una soluzione OCR di base, inclusa nelle ultime versioni di Microsoft Office, per organizzare testi con immagini","og_url":"https:\/\/www.accuratereviews.com\/it\/orc-i-software-migliori-lista-migliori\/microsoft-onenote\/","og_site_name":"Accurate Reviews","article_modified_time":"2016-11-14T16:45:04+00:00","twitter_card":"summary_large_image","schema":{"@context":"https:\/\/schema.org","@graph":[{"@type":"WebPage","@id":"https:\/\/www.accuratereviews.com\/it\/orc-i-software-migliori-lista-migliori\/microsoft-onenote\/","url":"https:\/\/www.accuratereviews.com\/it\/orc-i-software-migliori-lista-migliori\/microsoft-onenote\/","name":"Microsoft OneNote recensione miglior OCR | Accurate Reviews","isPartOf":{"@id":"https:\/\/www.accuratereviews.com\/it\/#website"},"datePublished":"2016-02-22T10:03:13+00:00","dateModified":"2016-11-14T16:45:04+00:00","description":"Microsoft OneNote \u00e8 una soluzione OCR di base, inclusa nelle ultime versioni di Microsoft Office, per organizzare testi con immagini","breadcrumb":{"@id":"https:\/\/www.accuratereviews.com\/it\/orc-i-software-migliori-lista-migliori\/microsoft-onenote\/#breadcrumb"},"inLanguage":"it-IT","potentialAction":[{"@type":"ReadAction","target":["https:\/\/www.accuratereviews.com\/it\/orc-i-software-migliori-lista-migliori\/microsoft-onenote\/"]}]},{"@type":"BreadcrumbList","@id":"https:\/\/www.accuratereviews.com\/it\/orc-i-software-migliori-lista-migliori\/microsoft-onenote\/#breadcrumb","itemListElement":[{"@type":"ListItem","position":1,"name":"Home","item":"https:\/\/www.accuratereviews.com\/it\/"},{"@type":"ListItem","position":2,"name":"ORC: i software migliori","item":"https:\/\/www.accuratereviews.com\/it\/orc-i-software-migliori-lista-migliori\/"},{"@type":"ListItem","position":3,"name":"Microsoft OneNote"}]},{"@type":"WebSite","@id":"https:\/\/www.accuratereviews.com\/it\/#website","url":"https:\/\/www.accuratereviews.com\/it\/","name":"Accurate Reviews","description":"","potentialAction":[{"@type":"SearchAction","target":{"@type":"EntryPoint","urlTemplate":"https:\/\/www.accuratereviews.com\/it\/?s={search_term_string}"},"query-input":{"@type":"PropertyValueSpecification","valueRequired":true,"valueName":"search_term_string"}}],"inLanguage":"it-IT"}]}},"_links":{"self":[{"href":"https:\/\/www.accuratereviews.com\/it\/wp-json\/wp\/v2\/pages\/6246","targetHints":{"allow":["GET"]}}],"collection":[{"href":"https:\/\/www.accuratereviews.com\/it\/wp-json\/wp\/v2\/pages"}],"about":[{"href":"https:\/\/www.accuratereviews.com\/it\/wp-json\/wp\/v2\/types\/page"}],"author":[{"embeddable":true,"href":"https:\/\/www.accuratereviews.com\/it\/wp-json\/wp\/v2\/users\/16"}],"replies":[{"embeddable":true,"href":"https:\/\/www.accuratereviews.com\/it\/wp-json\/wp\/v2\/comments?post=6246"}],"version-history":[{"count":6,"href":"https:\/\/www.accuratereviews.com\/it\/wp-json\/wp\/v2\/pages\/6246\/revisions"}],"predecessor-version":[{"id":6395,"href":"https:\/\/www.accuratereviews.com\/it\/wp-json\/wp\/v2\/pages\/6246\/revisions\/6395"}],"up":[{"embeddable":true,"href":"https:\/\/www.accuratereviews.com\/it\/wp-json\/wp\/v2\/pages\/6225"}],"wp:attachment":[{"href":"https:\/\/www.accuratereviews.com\/it\/wp-json\/wp\/v2\/media?parent=6246"}],"wp:term":[{"taxonomy":"category","embeddable":true,"href":"https:\/\/www.accuratereviews.com\/it\/wp-json\/wp\/v2\/categories?post=6246"},{"taxonomy":"post_tag","embeddable":true,"href":"https:\/\/www.accuratereviews.com\/it\/wp-json\/wp\/v2\/tags?post=6246"},{"taxonomy":"features","embeddable":true,"href":"https:\/\/www.accuratereviews.com\/it\/wp-json\/wp\/v2\/features?post=6246"}],"curies":[{"name":"wp","href":"https:\/\/api.w.org\/{rel}","templated":true}]}}