{"id":62479,"date":"2022-10-12T15:14:05","date_gmt":"2022-10-12T15:14:05","guid":{"rendered":"https:\/\/www.accuratereviews.com\/?page_id=62479"},"modified":"2022-10-12T15:14:05","modified_gmt":"2022-10-12T15:14:05","slug":"boost-ai-recensione","status":"publish","type":"page","link":"https:\/\/www.accuratereviews.com\/it\/assistenti-virtuali\/boost-ai-recensione\/","title":{"rendered":"Boost.ai"},"content":{"rendered":"<p><strong>Boost.ai<\/strong> \u00e8 una <strong>piattaforma di intelligenza artificiale conversazionale (AI)<\/strong> basata su <strong>cloud<\/strong> e on-premise progettata per aiutare le aziende a creare, avviare e gestire chatbot per automatizzare il servizio clienti e richieste di supporto interno su larga scala.\u00a0Utilizzando l&#8217;IA e l&#8217;autoapprendimento, la piattaforma consente alle organizzazioni di utilizzare le informazioni da siti web esistenti, registri di chat o vecchi chatbot per ridurre il tempo necessario per sviluppare agenti virtuali avanzati. Il software\u00a0utilizza le tecnologie di deep learning e di elaborazione del linguaggio naturale (NLP) con la sua tecnologia di comprensione semantica automatica (ASU) per interpretare e rispondere alle query tramite un chatbot o applicazioni come Skype, Messenger e Slack.<br \/>\n<strong>Boost.ai<\/strong> offre una serie di funzionalit\u00e0 come repository di informazioni centralizzato, gestione dell&#8217;autenticazione, modelli predefiniti, rilevamento della lingua, IVR conversazionale e altro ancora.<\/p>\n<h2>BOOST.AI &#8211; TUTORIAL<\/h2>\n<div id=\"fluid-wrapper-counter-1\" class=\"g1-fluid-wrapper \" style=\"width:686px;\">\n<div style=\"padding-bottom:56.268221574344%;\"><iframe loading=\"lazy\" title=\"The boost.ai platform\" width=\"686\" height=\"386\" src=\"https:\/\/www.youtube.com\/embed\/8LJ8scdZKNM?feature=oembed&amp;wmode=transparent&amp;autohide=1&amp;autoplay=0&amp;disablekb=0&amp;fs=1&amp;loop=0&amp;enablejsapi=1&amp;rel=0&amp;controls=2&amp;showinfo=0&amp;wmode=transparent&amp;autohide=2&amp;autoplay=0&amp;disablekb=0&amp;fs=1&amp;loop=0&amp;enablejsapi=1&amp;rel=0&amp;controls=2&amp;showinfo=1\" frameborder=\"0\" allow=\"accelerometer; autoplay; clipboard-write; encrypted-media; gyroscope; picture-in-picture\" allowfullscreen><\/iframe><\/div>\n<\/div>\n<h3>BOOST.AI &#8211; CARATTERISTICHE<\/h3>\n<ul>\n<li><strong>Generatore senza codice<\/strong>: il generatore di conversazioni senza codice consente a chiunque di progettare e distribuire rapidamente esperienze automatizzate senza sforzo.<\/li>\n<li><strong>Gestione scalabile delle intenzioni<\/strong>: progetta flussi complessi che includono contesto, filtri, trigger di azione e altro ancora grazie a un&#8217;esclusiva gerarchia di intenti multi-livello.<\/li>\n<li><strong>Intelligenza artificiale ad autoapprendimento<\/strong>: l&#8217;IA ad autoapprendimento analizza i dati delle conversazioni e identifica le aree da espandere e migliorare.<\/li>\n<li><strong>Costruire insieme<\/strong>: semplifica il tuo flusso di lavoro con potenti strumenti di collaborazione. Assegna responsabilit\u00e0 e assegna priorit\u00e0 alle attivit\u00e0 tramite elenchi di cose da fare per una migliore gestione del progetto.<\/li>\n<li><strong>Moduli industriali predefiniti<\/strong>: evita un &#8220;avvio a freddo&#8221; con contenuti predefiniti e specifici del settore. Che tu sia un .com, .biz o .org, ti faremo iniziare con oltre 2.500 intenti utente pronti all&#8217;uso.<\/li>\n<li><strong>Dashboard live per i team<\/strong>: la dashboard offre ai manager informazioni dettagliate in tempo reale sulle attivit\u00e0 e sul carico di lavoro, in modo che possano mantenere i loro team a prestazioni ottimali.<\/li>\n<li><strong>Sinergia AI Trainer e operatore<\/strong>: gli operatori di chat umana collaborano con i formatori di intelligenza artificiale e creano suggerimenti per nuovi contenuti e risposte che aiutano a migliorare la capacit\u00e0 di automatizzazione di un agente virtuale.<\/li>\n<li><strong>Accesso singolo (SSO)<\/strong>: con SSO, i tuoi agenti umani possono utilizzare un unico accesso per ogni applicazione che utilizzano. Ci\u00f2 significa maggiore sicurezza con meno spese generali, il tutto in un pacchetto estremamente intuitivo.<\/li>\n<\/ul>\n<h4>LE RECENSIONI DEGLI UTENTI<\/h4>\n<p class=\"fw-bold mb-2\"><strong>Kiran&#8221;Recensione del prodotto&#8221;<br \/>\n<\/strong><span class=\"fw-bold\"><strong>Commenti<\/strong>:<\/span> Il team dei partner \u00e8 estremamente reattivo, pragmatico e divertente con cui lavorare.<br \/>\n<strong>Pro<\/strong>:\u00a0Facile da usare: flussi di lavoro e configurazione Tempo per il mercato Gli algoritmi sottostanti riducono la necessit\u00e0 di formazione innovazione come avviamento a freddo e ocr<br \/>\n<strong>Contro<\/strong>:\u00a0Opportunit\u00e0 di miglioramento supporto multilingua (blocco in alcuni casi) supporto vocale, integrazione di messaggistica (rispetto ai reclami sulla concorrenza) cheat sheet rispetto ai modelli della concorrenza e del ROI Roadmap con tempistiche approssimative<\/p>\n<p class=\"fw-bold mb-2\"><strong>Au\u00f0unn&#8221;Software molto buono per il cliente&#8221;<br \/>\n<\/strong><span class=\"fw-bold\"><strong>Commenti<\/strong>:<\/span> ottimo rapporto di lavoro e il nostro contatto da Boost.ai \u00e8 sempre a portata di mano<br \/>\n<strong>Pro<\/strong>:\u00a0L&#8217;abbiamo configurato molto velocemente e abbiamo ottenuto un&#8217;ottima interazione con l&#8217;utente quasi immediatamente. Anche il processo per renderlo pi\u00f9 profondo e di maggiore impatto dall&#8217;impostazione iniziale \u00e8 stato molto divertente e di successo.<br \/>\n<strong>Contro<\/strong>:\u00a0l&#8217;elenco dei sinonimi potrebbe essere pi\u00f9 reattivo e la barra di ricerca dovrebbe essere sempre in primo piano.<\/p>\n<p class=\"fw-bold mb-2\"><strong>Jelle&#8221;Chat AI resa possibile facilmente&#8221;<br \/>\n<\/strong><span class=\"fw-bold\"><strong>Commenti<\/strong>:<\/span> La mia esperienza complessiva con Boost.AI \u00e8 ottima, \u00e8 semplicemente un buon software.<br \/>\n<strong>Pro<\/strong>:\u00a0Abbiamo utilizzato pi\u00f9 prodotti software di chat AI, ho notato che Boost.AI funziona semplicemente molto bene. Ogni bot di chat AI richiede alcune impostazioni, ma \u00e8 stato davvero facile con Boost.AI. Penso che ci\u00f2 sia dovuto all&#8217;elaborazione del linguaggio neutro. Un&#8217;altra cosa che mi \u00e8 piaciuta di Boost.AI \u00e8 che \u00e8 stato anche facile per il nostro team imparare a usare il software.<br \/>\n<strong>Contro<\/strong>:\u00a0Non riesco a pensare a niente che non mi sia piaciuto di Boost.AI. Se dovessi dire qualcosa, direi di supportare pi\u00f9 lingue.<\/p>\n","protected":false},"excerpt":{"rendered":"<p>Boost.ai \u00e8 una piattaforma di intelligenza artificiale conversazionale (AI) basata su cloud e on-premise progettata per aiutare le aziende a creare, avviare e gestire chatbot per automatizzare il servizio clienti e richieste di supporto interno su larga scala.\u00a0Utilizzando l&#8217;IA e l&#8217;autoapprendimento, la piattaforma consente alle organizzazioni di utilizzare le informazioni da siti web esistenti, registri di chat o vecchi chatbot per ridurre il tempo necessario per sviluppare agenti virtuali avanzati.<\/p>\n","protected":false},"author":16,"featured_media":62481,"parent":62394,"menu_order":0,"comment_status":"open","ping_status":"closed","template":"g1_template_page_review_new.php","meta":{"_acf_changed":false,"cwp_meta_box_check":"No","cwp_rev_product_name":"","cwp_rev_product_image":"","wppr_links":[],"cwp_rev_price":"","wppr_options":[],"wppr_pros":[],"wppr_cons":[],"_monsterinsights_skip_tracking":false,"_monsterinsights_sitenote_active":false,"_monsterinsights_sitenote_note":"","_monsterinsights_sitenote_category":0,"footnotes":""},"categories":[13513],"tags":[13522,13568,13521,13534,13520,13533],"features":[],"class_list":{"0":"post-62479","1":"page","2":"type-page","3":"status-publish","4":"has-post-thumbnail","6":"category-assistenza-virtuale-cat","7":"tag-assistenza-virtuale","8":"tag-boost-ai","9":"tag-piattaforma-assistenza-virtuale","10":"tag-programma-assistenza-virtuale","11":"tag-software-assistenza-virtuale","12":"tag-soluzione-assistenza-virtuale"},"wppr_data":{"cwp_meta_box_check":"No"},"acf":[],"yoast_head":"<!-- This site is optimized with the Yoast SEO plugin v27.4 - https:\/\/yoast.com\/product\/yoast-seo-wordpress\/ -->\n<title>Boost.ai: recensione per assistenza virtuale - Accurate Reviews<\/title>\n<meta name=\"description\" content=\"Boost.ai: recensione della piattaforma di intelligenza artificiale conversazionale progettata per creare, avviare e gestire chatbot.\" \/>\n<meta name=\"robots\" content=\"index, follow, max-snippet:-1, max-image-preview:large, max-video-preview:-1\" \/>\n<link rel=\"canonical\" href=\"https:\/\/www.accuratereviews.com\/it\/assistenti-virtuali\/boost-ai-recensione\/\" \/>\n<meta property=\"og:locale\" content=\"it_IT\" \/>\n<meta property=\"og:type\" content=\"article\" \/>\n<meta property=\"og:title\" content=\"Boost.ai: recensione per assistenza virtuale - Accurate Reviews\" \/>\n<meta property=\"og:description\" content=\"Boost.ai: recensione della piattaforma di intelligenza artificiale conversazionale progettata per creare, avviare e gestire chatbot.\" \/>\n<meta property=\"og:url\" content=\"https:\/\/www.accuratereviews.com\/it\/assistenti-virtuali\/boost-ai-recensione\/\" \/>\n<meta property=\"og:site_name\" content=\"Accurate Reviews\" \/>\n<meta property=\"og:image\" content=\"https:\/\/www.accuratereviews.com\/wp-content\/uploads\/2022\/10\/Boost.jpeg\" \/>\n\t<meta property=\"og:image:width\" content=\"850\" \/>\n\t<meta property=\"og:image:height\" content=\"425\" \/>\n\t<meta property=\"og:image:type\" content=\"image\/jpeg\" \/>\n<meta name=\"twitter:card\" content=\"summary_large_image\" \/>\n<meta name=\"twitter:label1\" content=\"Tempo di lettura stimato\" \/>\n\t<meta name=\"twitter:data1\" content=\"4 minuti\" \/>\n<script type=\"application\/ld+json\" class=\"yoast-schema-graph\">{\"@context\":\"https:\\\/\\\/schema.org\",\"@graph\":[{\"@type\":\"WebPage\",\"@id\":\"https:\\\/\\\/www.accuratereviews.com\\\/it\\\/assistenti-virtuali\\\/boost-ai-recensione\\\/\",\"url\":\"https:\\\/\\\/www.accuratereviews.com\\\/it\\\/assistenti-virtuali\\\/boost-ai-recensione\\\/\",\"name\":\"Boost.ai: recensione per assistenza virtuale - Accurate Reviews\",\"isPartOf\":{\"@id\":\"https:\\\/\\\/www.accuratereviews.com\\\/it\\\/#website\"},\"primaryImageOfPage\":{\"@id\":\"https:\\\/\\\/www.accuratereviews.com\\\/it\\\/assistenti-virtuali\\\/boost-ai-recensione\\\/#primaryimage\"},\"image\":{\"@id\":\"https:\\\/\\\/www.accuratereviews.com\\\/it\\\/assistenti-virtuali\\\/boost-ai-recensione\\\/#primaryimage\"},\"thumbnailUrl\":\"https:\\\/\\\/www.accuratereviews.com\\\/wp-content\\\/uploads\\\/2022\\\/10\\\/Boost.jpeg\",\"datePublished\":\"2022-10-12T15:14:05+00:00\",\"description\":\"Boost.ai: recensione della piattaforma di intelligenza artificiale conversazionale progettata per creare, avviare e gestire chatbot.\",\"breadcrumb\":{\"@id\":\"https:\\\/\\\/www.accuratereviews.com\\\/it\\\/assistenti-virtuali\\\/boost-ai-recensione\\\/#breadcrumb\"},\"inLanguage\":\"it-IT\",\"potentialAction\":[{\"@type\":\"ReadAction\",\"target\":[\"https:\\\/\\\/www.accuratereviews.com\\\/it\\\/assistenti-virtuali\\\/boost-ai-recensione\\\/\"]}]},{\"@type\":\"ImageObject\",\"inLanguage\":\"it-IT\",\"@id\":\"https:\\\/\\\/www.accuratereviews.com\\\/it\\\/assistenti-virtuali\\\/boost-ai-recensione\\\/#primaryimage\",\"url\":\"https:\\\/\\\/www.accuratereviews.com\\\/wp-content\\\/uploads\\\/2022\\\/10\\\/Boost.jpeg\",\"contentUrl\":\"https:\\\/\\\/www.accuratereviews.com\\\/wp-content\\\/uploads\\\/2022\\\/10\\\/Boost.jpeg\",\"width\":850,\"height\":425},{\"@type\":\"BreadcrumbList\",\"@id\":\"https:\\\/\\\/www.accuratereviews.com\\\/it\\\/assistenti-virtuali\\\/boost-ai-recensione\\\/#breadcrumb\",\"itemListElement\":[{\"@type\":\"ListItem\",\"position\":1,\"name\":\"Home\",\"item\":\"https:\\\/\\\/www.accuratereviews.com\\\/it\\\/\"},{\"@type\":\"ListItem\",\"position\":2,\"name\":\"Assistenti virtuali\",\"item\":\"https:\\\/\\\/www.accuratereviews.com\\\/it\\\/assistenti-virtuali\\\/\"},{\"@type\":\"ListItem\",\"position\":3,\"name\":\"Boost.ai\"}]},{\"@type\":\"WebSite\",\"@id\":\"https:\\\/\\\/www.accuratereviews.com\\\/it\\\/#website\",\"url\":\"https:\\\/\\\/www.accuratereviews.com\\\/it\\\/\",\"name\":\"Accurate Reviews\",\"description\":\"\",\"potentialAction\":[{\"@type\":\"SearchAction\",\"target\":{\"@type\":\"EntryPoint\",\"urlTemplate\":\"https:\\\/\\\/www.accuratereviews.com\\\/it\\\/?s={search_term_string}\"},\"query-input\":{\"@type\":\"PropertyValueSpecification\",\"valueRequired\":true,\"valueName\":\"search_term_string\"}}],\"inLanguage\":\"it-IT\"}]}<\/script>\n<!-- \/ Yoast SEO plugin. -->","yoast_head_json":{"title":"Boost.ai: recensione per assistenza virtuale - Accurate Reviews","description":"Boost.ai: recensione della piattaforma di intelligenza artificiale conversazionale progettata per creare, avviare e gestire chatbot.","robots":{"index":"index","follow":"follow","max-snippet":"max-snippet:-1","max-image-preview":"max-image-preview:large","max-video-preview":"max-video-preview:-1"},"canonical":"https:\/\/www.accuratereviews.com\/it\/assistenti-virtuali\/boost-ai-recensione\/","og_locale":"it_IT","og_type":"article","og_title":"Boost.ai: recensione per assistenza virtuale - Accurate Reviews","og_description":"Boost.ai: recensione della piattaforma di intelligenza artificiale conversazionale progettata per creare, avviare e gestire chatbot.","og_url":"https:\/\/www.accuratereviews.com\/it\/assistenti-virtuali\/boost-ai-recensione\/","og_site_name":"Accurate Reviews","og_image":[{"width":850,"height":425,"url":"https:\/\/www.accuratereviews.com\/wp-content\/uploads\/2022\/10\/Boost.jpeg","type":"image\/jpeg"}],"twitter_card":"summary_large_image","twitter_misc":{"Tempo di lettura stimato":"4 minuti"},"schema":{"@context":"https:\/\/schema.org","@graph":[{"@type":"WebPage","@id":"https:\/\/www.accuratereviews.com\/it\/assistenti-virtuali\/boost-ai-recensione\/","url":"https:\/\/www.accuratereviews.com\/it\/assistenti-virtuali\/boost-ai-recensione\/","name":"Boost.ai: recensione per assistenza virtuale - Accurate Reviews","isPartOf":{"@id":"https:\/\/www.accuratereviews.com\/it\/#website"},"primaryImageOfPage":{"@id":"https:\/\/www.accuratereviews.com\/it\/assistenti-virtuali\/boost-ai-recensione\/#primaryimage"},"image":{"@id":"https:\/\/www.accuratereviews.com\/it\/assistenti-virtuali\/boost-ai-recensione\/#primaryimage"},"thumbnailUrl":"https:\/\/www.accuratereviews.com\/wp-content\/uploads\/2022\/10\/Boost.jpeg","datePublished":"2022-10-12T15:14:05+00:00","description":"Boost.ai: recensione della piattaforma di intelligenza artificiale conversazionale progettata per creare, avviare e gestire chatbot.","breadcrumb":{"@id":"https:\/\/www.accuratereviews.com\/it\/assistenti-virtuali\/boost-ai-recensione\/#breadcrumb"},"inLanguage":"it-IT","potentialAction":[{"@type":"ReadAction","target":["https:\/\/www.accuratereviews.com\/it\/assistenti-virtuali\/boost-ai-recensione\/"]}]},{"@type":"ImageObject","inLanguage":"it-IT","@id":"https:\/\/www.accuratereviews.com\/it\/assistenti-virtuali\/boost-ai-recensione\/#primaryimage","url":"https:\/\/www.accuratereviews.com\/wp-content\/uploads\/2022\/10\/Boost.jpeg","contentUrl":"https:\/\/www.accuratereviews.com\/wp-content\/uploads\/2022\/10\/Boost.jpeg","width":850,"height":425},{"@type":"BreadcrumbList","@id":"https:\/\/www.accuratereviews.com\/it\/assistenti-virtuali\/boost-ai-recensione\/#breadcrumb","itemListElement":[{"@type":"ListItem","position":1,"name":"Home","item":"https:\/\/www.accuratereviews.com\/it\/"},{"@type":"ListItem","position":2,"name":"Assistenti virtuali","item":"https:\/\/www.accuratereviews.com\/it\/assistenti-virtuali\/"},{"@type":"ListItem","position":3,"name":"Boost.ai"}]},{"@type":"WebSite","@id":"https:\/\/www.accuratereviews.com\/it\/#website","url":"https:\/\/www.accuratereviews.com\/it\/","name":"Accurate Reviews","description":"","potentialAction":[{"@type":"SearchAction","target":{"@type":"EntryPoint","urlTemplate":"https:\/\/www.accuratereviews.com\/it\/?s={search_term_string}"},"query-input":{"@type":"PropertyValueSpecification","valueRequired":true,"valueName":"search_term_string"}}],"inLanguage":"it-IT"}]}},"_links":{"self":[{"href":"https:\/\/www.accuratereviews.com\/it\/wp-json\/wp\/v2\/pages\/62479","targetHints":{"allow":["GET"]}}],"collection":[{"href":"https:\/\/www.accuratereviews.com\/it\/wp-json\/wp\/v2\/pages"}],"about":[{"href":"https:\/\/www.accuratereviews.com\/it\/wp-json\/wp\/v2\/types\/page"}],"author":[{"embeddable":true,"href":"https:\/\/www.accuratereviews.com\/it\/wp-json\/wp\/v2\/users\/16"}],"replies":[{"embeddable":true,"href":"https:\/\/www.accuratereviews.com\/it\/wp-json\/wp\/v2\/comments?post=62479"}],"version-history":[{"count":7,"href":"https:\/\/www.accuratereviews.com\/it\/wp-json\/wp\/v2\/pages\/62479\/revisions"}],"predecessor-version":[{"id":62511,"href":"https:\/\/www.accuratereviews.com\/it\/wp-json\/wp\/v2\/pages\/62479\/revisions\/62511"}],"up":[{"embeddable":true,"href":"https:\/\/www.accuratereviews.com\/it\/wp-json\/wp\/v2\/pages\/62394"}],"wp:featuredmedia":[{"embeddable":true,"href":"https:\/\/www.accuratereviews.com\/it\/wp-json\/wp\/v2\/media\/62481"}],"wp:attachment":[{"href":"https:\/\/www.accuratereviews.com\/it\/wp-json\/wp\/v2\/media?parent=62479"}],"wp:term":[{"taxonomy":"category","embeddable":true,"href":"https:\/\/www.accuratereviews.com\/it\/wp-json\/wp\/v2\/categories?post=62479"},{"taxonomy":"post_tag","embeddable":true,"href":"https:\/\/www.accuratereviews.com\/it\/wp-json\/wp\/v2\/tags?post=62479"},{"taxonomy":"features","embeddable":true,"href":"https:\/\/www.accuratereviews.com\/it\/wp-json\/wp\/v2\/features?post=62479"}],"curies":[{"name":"wp","href":"https:\/\/api.w.org\/{rel}","templated":true}]}}