{"id":62487,"date":"2022-10-12T12:12:42","date_gmt":"2022-10-12T12:12:42","guid":{"rendered":"https:\/\/www.accuratereviews.com\/?page_id=62487"},"modified":"2022-10-12T12:12:42","modified_gmt":"2022-10-12T12:12:42","slug":"exceed-ai-recensione","status":"publish","type":"page","link":"https:\/\/www.accuratereviews.com\/it\/assistenti-virtuali\/exceed-ai-recensione\/","title":{"rendered":"Exceed.ai"},"content":{"rendered":"<p><strong>Exceed.ai<\/strong> \u00e8 un <strong>software di assistenza virtuale<\/strong> che utilizza l&#8217;intelligenza artificiale per convertire un maggior numero di lead e aumentare le vendite. Questi <strong>assistenti virtuali<\/strong>\u00a0alle vendite sono in grado di rispondere a tutte le richieste fornendo risposte, gestendo obiezioni, inviando follow-up intelligenti e raccogliendo tutti i dati necessari per il tuo CRM, proprio come farebbe un operatore umano.<br \/>\n<strong>Exceed.ai<\/strong> offre chatbot AI che consentono di acquisire pi\u00f9 contatti e pi\u00f9 informazioni; una volta compresa l&#8217;esigenza del potenziale cliente, l&#8217;assistente virtuale si far\u00e0 da parte lasciando spazio al rappresentante che lo convertir\u00e0 in cliente.<\/p>\n<h2>EXCEED. AI &#8211; TUTORIAL<\/h2>\n<div id=\"fluid-wrapper-counter-1\" class=\"g1-fluid-wrapper \" style=\"width:686px;\">\n<div style=\"padding-bottom:56.268221574344%;\"><iframe loading=\"lazy\" title=\"Exceed ai Quick Overview Demo\" width=\"515\" height=\"386\" src=\"https:\/\/www.youtube.com\/embed\/_BVDSyvZZtQ?feature=oembed&amp;wmode=transparent&amp;autohide=1&amp;autoplay=0&amp;disablekb=0&amp;fs=1&amp;loop=0&amp;enablejsapi=1&amp;rel=0&amp;controls=2&amp;showinfo=0&amp;wmode=transparent&amp;autohide=2&amp;autoplay=0&amp;disablekb=0&amp;fs=1&amp;loop=0&amp;enablejsapi=1&amp;rel=0&amp;controls=2&amp;showinfo=1\" frameborder=\"0\" allow=\"accelerometer; autoplay; clipboard-write; encrypted-media; gyroscope; picture-in-picture\" allowfullscreen><\/iframe><\/div>\n<\/div>\n<h3>EXCEDD.AI &#8211; CARATTERISTICHE<\/h3>\n<ul>\n<li><strong>Intelligenza artificiale<\/strong>: gli assistenti virtuali comprendono le risposte dei lead quando hanno domande, mostrano interesse, hanno obiezioni o quando sono &#8220;fuori ufficio&#8221;, rispondono di conseguenza.<\/li>\n<li><strong>Aggiorna automaticamente il CRM<\/strong>: aggiorna il CRM con lo stato pi\u00f9 recente quando i lead sono qualificati, cambiano lavoro, lasciano l&#8217;azienda, sbagliano persona o chiedono di essere contattati in seguito.<\/li>\n<li><strong>Qualificazione dei lead<\/strong>: pone domande di qualificazione per identificare se un lead \u00e8 &#8220;pronto per la vendita&#8221;. Un SDR virtuale pu\u00f2 automatizzare l&#8217;intero processo per la maggior parte delle aziende e poi consegnare il lead a un rappresentante per la chiusura.<\/li>\n<li><strong>Personalizzazione<\/strong>: utilizza i dati aziendali e i profili degli utenti per adattare ogni conversazione a ciascun lead.<\/li>\n<li><strong>Intrattenimento con la conversazione<\/strong>: gli assistenti virtuali AI sono un sistema automatizzato di follow-up dei lead che identifica il punto di decisione di un lead nel viaggio e lo segue in base alle sue esigenze.<\/li>\n<li><strong>Programmazione delle riunioni<\/strong>: programma in modo efficiente le riunioni con i lead eliminando le noiose comunicazioni continue, in modo da poter chiudere pi\u00f9 accordi e ottenere un maggior numero di opportunit\u00e0.<\/li>\n<\/ul>\n<h4>LE RECENSIONI DEGLI UTENTI<\/h4>\n<p><strong>Ruth &#8220;Assistente alle vendite AI di buon valore&#8221;<\/strong><br \/>\nCOMMENTI: Exceed ci ha permesso di prenotare pi\u00f9 incontri di quanti ne avremmo altrimenti, poich\u00e9 i contatti spesso rispondono al quarto o quinto messaggio. Un BDM umano non sarebbe stato cos\u00ec insistente. Anche se un contatto non ha voluto prenotare un incontro, ora ci d\u00e0 spesso un feedback sul perch\u00e9 non \u00e8 interessato, il che \u00e8 molto prezioso.<br \/>\nPRO: con Exceed \u00e8 possibile creare un numero illimitato di sequenze, che coprono un&#8217;intera gamma di casi d&#8217;uso, con un buon rapporto qualit\u00e0-prezzo. Anche il supporto fornito durante il processo di on-boarding \u00e8 stato eccellente.<br \/>\nCONTRO: a volte il prodotto sembra poco curato.<\/p>\n<p><strong>Refael &#8220;Ottimo rapporto qualit\u00e0-prezzo!<\/strong><br \/>\nCOMMENTI: mi \u00e8 piaciuto molto il prodotto. Incredibile il servizio clienti dedicato. Sono molto pi\u00f9 di una semplice azienda di software, forniscono consulenza e si assicurano che tu abbia successo.<br \/>\nPRO: Il 50% dei nostri contatti non viene mai contattato. Exceed ci ha permesso di assicurarci che tutti i nostri lead non trattati vengano coltivati e seguiti senza aumentare il numero di dipendenti. Per rientrare dell&#8217;investimento dovevamo chiudere un accordo ogni due mesi. Abbiamo ottenuto 5-6 lead selezionati ogni mese e ne abbiamo chiusi in media due. Tutto questo senza aggiungere personale<br \/>\nCONTRO: sebbene l&#8217;implementazione richieda solo pochi giorni, abbiamo dovuto riflettere sul nostro playbook di vendita e configurare Exceed.<\/p>\n<p><strong>Oded &#8220;Un cliente di Exceed.ai&#8221;<\/strong><br \/>\nCOMMENTI: ho usato il sistema per un cliente e lo consiglier\u00f2 ad altri clienti B2B che ho.<br \/>\nPRO: mi piace il fatto che la qualificazione sia diventata molto pi\u00f9 facile. Questo strumento di automazione \u00e8 molto utile per contattare pi\u00f9 lead in un modo molto intelligente che fa risparmiare tempo e denaro.<br \/>\nCONTRO: \u00e8 necessario sapere cosa dire ai clienti, quindi significa lasciare che sia il marketing a regolare il sistema o affidarsi sempre al team (anche loro sono bravissimi).<\/p>\n","protected":false},"excerpt":{"rendered":"<p>Exceed.ai \u00e8 un software di assistenza virtuale che utilizza l&#8217;intelligenza artificiale per convertire un maggior numero di lead e aumentare le vendite. Questi assistenti virtuali\u00a0alle vendite sono in grado di rispondere a tutte le richieste fornendo risposte, gestendo obiezioni, inviando follow-up intelligenti e raccogliendo tutti i dati necessari per il tuo CRM.<\/p>\n","protected":false},"author":17,"featured_media":62489,"parent":62394,"menu_order":0,"comment_status":"open","ping_status":"closed","template":"g1_template_page_review_new.php","meta":{"_acf_changed":false,"cwp_meta_box_check":"No","cwp_rev_product_name":"","cwp_rev_product_image":"","wppr_links":[],"cwp_rev_price":"","wppr_options":[],"wppr_pros":[],"wppr_cons":[],"_monsterinsights_skip_tracking":false,"_monsterinsights_sitenote_active":false,"_monsterinsights_sitenote_note":"","_monsterinsights_sitenote_category":0,"footnotes":""},"categories":[13513],"tags":[13519,13521,13534,13520,13533],"features":[],"class_list":{"0":"post-62487","1":"page","2":"type-page","3":"status-publish","4":"has-post-thumbnail","6":"category-assistenza-virtuale-cat","7":"tag-app-assistenza-virtuale","8":"tag-piattaforma-assistenza-virtuale","9":"tag-programma-assistenza-virtuale","10":"tag-software-assistenza-virtuale","11":"tag-soluzione-assistenza-virtuale"},"wppr_data":{"cwp_meta_box_check":"No"},"acf":[],"yoast_head":"<!-- This site is optimized with the Yoast SEO plugin v27.4 - https:\/\/yoast.com\/product\/yoast-seo-wordpress\/ -->\n<title>Exceed.ai: recensione assistente virtuale - Accurate Reviews<\/title>\n<meta name=\"description\" content=\"Exceed.ai: recensione del software di assistenza virtuale che utilizza l&#039;intelligenza artificiale per convertire un maggior numero di lead.\" \/>\n<meta name=\"robots\" content=\"index, follow, max-snippet:-1, max-image-preview:large, max-video-preview:-1\" \/>\n<link rel=\"canonical\" href=\"https:\/\/www.accuratereviews.com\/it\/assistenti-virtuali\/exceed-ai-recensione\/\" \/>\n<meta property=\"og:locale\" content=\"it_IT\" \/>\n<meta property=\"og:type\" content=\"article\" \/>\n<meta property=\"og:title\" content=\"Exceed.ai: recensione assistente virtuale - Accurate Reviews\" \/>\n<meta property=\"og:description\" content=\"Exceed.ai: recensione del software di assistenza virtuale che utilizza l&#039;intelligenza artificiale per convertire un maggior numero di lead.\" \/>\n<meta property=\"og:url\" content=\"https:\/\/www.accuratereviews.com\/it\/assistenti-virtuali\/exceed-ai-recensione\/\" \/>\n<meta property=\"og:site_name\" content=\"Accurate Reviews\" \/>\n<meta property=\"og:image\" content=\"https:\/\/www.accuratereviews.com\/wp-content\/uploads\/2022\/10\/Exceed-logo.png\" \/>\n\t<meta property=\"og:image:width\" content=\"1637\" \/>\n\t<meta property=\"og:image:height\" content=\"623\" \/>\n\t<meta property=\"og:image:type\" content=\"image\/png\" \/>\n<meta name=\"twitter:card\" content=\"summary_large_image\" \/>\n<meta name=\"twitter:label1\" content=\"Tempo di lettura stimato\" \/>\n\t<meta name=\"twitter:data1\" content=\"4 minuti\" \/>\n<script type=\"application\/ld+json\" class=\"yoast-schema-graph\">{\"@context\":\"https:\\\/\\\/schema.org\",\"@graph\":[{\"@type\":\"WebPage\",\"@id\":\"https:\\\/\\\/www.accuratereviews.com\\\/it\\\/assistenti-virtuali\\\/exceed-ai-recensione\\\/\",\"url\":\"https:\\\/\\\/www.accuratereviews.com\\\/it\\\/assistenti-virtuali\\\/exceed-ai-recensione\\\/\",\"name\":\"Exceed.ai: recensione assistente virtuale - Accurate Reviews\",\"isPartOf\":{\"@id\":\"https:\\\/\\\/www.accuratereviews.com\\\/it\\\/#website\"},\"primaryImageOfPage\":{\"@id\":\"https:\\\/\\\/www.accuratereviews.com\\\/it\\\/assistenti-virtuali\\\/exceed-ai-recensione\\\/#primaryimage\"},\"image\":{\"@id\":\"https:\\\/\\\/www.accuratereviews.com\\\/it\\\/assistenti-virtuali\\\/exceed-ai-recensione\\\/#primaryimage\"},\"thumbnailUrl\":\"https:\\\/\\\/www.accuratereviews.com\\\/wp-content\\\/uploads\\\/2022\\\/10\\\/Exceed-logo.png\",\"datePublished\":\"2022-10-12T12:12:42+00:00\",\"description\":\"Exceed.ai: recensione del software di assistenza virtuale che utilizza l'intelligenza artificiale per convertire un maggior numero di lead.\",\"breadcrumb\":{\"@id\":\"https:\\\/\\\/www.accuratereviews.com\\\/it\\\/assistenti-virtuali\\\/exceed-ai-recensione\\\/#breadcrumb\"},\"inLanguage\":\"it-IT\",\"potentialAction\":[{\"@type\":\"ReadAction\",\"target\":[\"https:\\\/\\\/www.accuratereviews.com\\\/it\\\/assistenti-virtuali\\\/exceed-ai-recensione\\\/\"]}]},{\"@type\":\"ImageObject\",\"inLanguage\":\"it-IT\",\"@id\":\"https:\\\/\\\/www.accuratereviews.com\\\/it\\\/assistenti-virtuali\\\/exceed-ai-recensione\\\/#primaryimage\",\"url\":\"https:\\\/\\\/www.accuratereviews.com\\\/wp-content\\\/uploads\\\/2022\\\/10\\\/Exceed-logo.png\",\"contentUrl\":\"https:\\\/\\\/www.accuratereviews.com\\\/wp-content\\\/uploads\\\/2022\\\/10\\\/Exceed-logo.png\",\"width\":1637,\"height\":623},{\"@type\":\"BreadcrumbList\",\"@id\":\"https:\\\/\\\/www.accuratereviews.com\\\/it\\\/assistenti-virtuali\\\/exceed-ai-recensione\\\/#breadcrumb\",\"itemListElement\":[{\"@type\":\"ListItem\",\"position\":1,\"name\":\"Home\",\"item\":\"https:\\\/\\\/www.accuratereviews.com\\\/it\\\/\"},{\"@type\":\"ListItem\",\"position\":2,\"name\":\"Assistenti virtuali\",\"item\":\"https:\\\/\\\/www.accuratereviews.com\\\/it\\\/assistenti-virtuali\\\/\"},{\"@type\":\"ListItem\",\"position\":3,\"name\":\"Exceed.ai\"}]},{\"@type\":\"WebSite\",\"@id\":\"https:\\\/\\\/www.accuratereviews.com\\\/it\\\/#website\",\"url\":\"https:\\\/\\\/www.accuratereviews.com\\\/it\\\/\",\"name\":\"Accurate Reviews\",\"description\":\"\",\"potentialAction\":[{\"@type\":\"SearchAction\",\"target\":{\"@type\":\"EntryPoint\",\"urlTemplate\":\"https:\\\/\\\/www.accuratereviews.com\\\/it\\\/?s={search_term_string}\"},\"query-input\":{\"@type\":\"PropertyValueSpecification\",\"valueRequired\":true,\"valueName\":\"search_term_string\"}}],\"inLanguage\":\"it-IT\"}]}<\/script>\n<!-- \/ Yoast SEO plugin. -->","yoast_head_json":{"title":"Exceed.ai: recensione assistente virtuale - Accurate Reviews","description":"Exceed.ai: recensione del software di assistenza virtuale che utilizza l'intelligenza artificiale per convertire un maggior numero di lead.","robots":{"index":"index","follow":"follow","max-snippet":"max-snippet:-1","max-image-preview":"max-image-preview:large","max-video-preview":"max-video-preview:-1"},"canonical":"https:\/\/www.accuratereviews.com\/it\/assistenti-virtuali\/exceed-ai-recensione\/","og_locale":"it_IT","og_type":"article","og_title":"Exceed.ai: recensione assistente virtuale - Accurate Reviews","og_description":"Exceed.ai: recensione del software di assistenza virtuale che utilizza l'intelligenza artificiale per convertire un maggior numero di lead.","og_url":"https:\/\/www.accuratereviews.com\/it\/assistenti-virtuali\/exceed-ai-recensione\/","og_site_name":"Accurate Reviews","og_image":[{"width":1637,"height":623,"url":"https:\/\/www.accuratereviews.com\/wp-content\/uploads\/2022\/10\/Exceed-logo.png","type":"image\/png"}],"twitter_card":"summary_large_image","twitter_misc":{"Tempo di lettura stimato":"4 minuti"},"schema":{"@context":"https:\/\/schema.org","@graph":[{"@type":"WebPage","@id":"https:\/\/www.accuratereviews.com\/it\/assistenti-virtuali\/exceed-ai-recensione\/","url":"https:\/\/www.accuratereviews.com\/it\/assistenti-virtuali\/exceed-ai-recensione\/","name":"Exceed.ai: recensione assistente virtuale - Accurate Reviews","isPartOf":{"@id":"https:\/\/www.accuratereviews.com\/it\/#website"},"primaryImageOfPage":{"@id":"https:\/\/www.accuratereviews.com\/it\/assistenti-virtuali\/exceed-ai-recensione\/#primaryimage"},"image":{"@id":"https:\/\/www.accuratereviews.com\/it\/assistenti-virtuali\/exceed-ai-recensione\/#primaryimage"},"thumbnailUrl":"https:\/\/www.accuratereviews.com\/wp-content\/uploads\/2022\/10\/Exceed-logo.png","datePublished":"2022-10-12T12:12:42+00:00","description":"Exceed.ai: recensione del software di assistenza virtuale che utilizza l'intelligenza artificiale per convertire un maggior numero di lead.","breadcrumb":{"@id":"https:\/\/www.accuratereviews.com\/it\/assistenti-virtuali\/exceed-ai-recensione\/#breadcrumb"},"inLanguage":"it-IT","potentialAction":[{"@type":"ReadAction","target":["https:\/\/www.accuratereviews.com\/it\/assistenti-virtuali\/exceed-ai-recensione\/"]}]},{"@type":"ImageObject","inLanguage":"it-IT","@id":"https:\/\/www.accuratereviews.com\/it\/assistenti-virtuali\/exceed-ai-recensione\/#primaryimage","url":"https:\/\/www.accuratereviews.com\/wp-content\/uploads\/2022\/10\/Exceed-logo.png","contentUrl":"https:\/\/www.accuratereviews.com\/wp-content\/uploads\/2022\/10\/Exceed-logo.png","width":1637,"height":623},{"@type":"BreadcrumbList","@id":"https:\/\/www.accuratereviews.com\/it\/assistenti-virtuali\/exceed-ai-recensione\/#breadcrumb","itemListElement":[{"@type":"ListItem","position":1,"name":"Home","item":"https:\/\/www.accuratereviews.com\/it\/"},{"@type":"ListItem","position":2,"name":"Assistenti virtuali","item":"https:\/\/www.accuratereviews.com\/it\/assistenti-virtuali\/"},{"@type":"ListItem","position":3,"name":"Exceed.ai"}]},{"@type":"WebSite","@id":"https:\/\/www.accuratereviews.com\/it\/#website","url":"https:\/\/www.accuratereviews.com\/it\/","name":"Accurate Reviews","description":"","potentialAction":[{"@type":"SearchAction","target":{"@type":"EntryPoint","urlTemplate":"https:\/\/www.accuratereviews.com\/it\/?s={search_term_string}"},"query-input":{"@type":"PropertyValueSpecification","valueRequired":true,"valueName":"search_term_string"}}],"inLanguage":"it-IT"}]}},"_links":{"self":[{"href":"https:\/\/www.accuratereviews.com\/it\/wp-json\/wp\/v2\/pages\/62487","targetHints":{"allow":["GET"]}}],"collection":[{"href":"https:\/\/www.accuratereviews.com\/it\/wp-json\/wp\/v2\/pages"}],"about":[{"href":"https:\/\/www.accuratereviews.com\/it\/wp-json\/wp\/v2\/types\/page"}],"author":[{"embeddable":true,"href":"https:\/\/www.accuratereviews.com\/it\/wp-json\/wp\/v2\/users\/17"}],"replies":[{"embeddable":true,"href":"https:\/\/www.accuratereviews.com\/it\/wp-json\/wp\/v2\/comments?post=62487"}],"version-history":[{"count":3,"href":"https:\/\/www.accuratereviews.com\/it\/wp-json\/wp\/v2\/pages\/62487\/revisions"}],"predecessor-version":[{"id":62506,"href":"https:\/\/www.accuratereviews.com\/it\/wp-json\/wp\/v2\/pages\/62487\/revisions\/62506"}],"up":[{"embeddable":true,"href":"https:\/\/www.accuratereviews.com\/it\/wp-json\/wp\/v2\/pages\/62394"}],"wp:featuredmedia":[{"embeddable":true,"href":"https:\/\/www.accuratereviews.com\/it\/wp-json\/wp\/v2\/media\/62489"}],"wp:attachment":[{"href":"https:\/\/www.accuratereviews.com\/it\/wp-json\/wp\/v2\/media?parent=62487"}],"wp:term":[{"taxonomy":"category","embeddable":true,"href":"https:\/\/www.accuratereviews.com\/it\/wp-json\/wp\/v2\/categories?post=62487"},{"taxonomy":"post_tag","embeddable":true,"href":"https:\/\/www.accuratereviews.com\/it\/wp-json\/wp\/v2\/tags?post=62487"},{"taxonomy":"features","embeddable":true,"href":"https:\/\/www.accuratereviews.com\/it\/wp-json\/wp\/v2\/features?post=62487"}],"curies":[{"name":"wp","href":"https:\/\/api.w.org\/{rel}","templated":true}]}}