{"id":62515,"date":"2022-10-13T17:14:17","date_gmt":"2022-10-13T17:14:17","guid":{"rendered":"https:\/\/www.accuratereviews.com\/?page_id=62515"},"modified":"2022-10-14T06:21:46","modified_gmt":"2022-10-14T06:21:46","slug":"conversica-recensione","status":"publish","type":"page","link":"https:\/\/www.accuratereviews.com\/it\/assistenti-virtuali\/conversica-recensione\/","title":{"rendered":"Conversica"},"content":{"rendered":"<p><strong>Conversica<\/strong> \u00e8 un fornitore leader di <strong>Intelligent Virtual Assistants (IVA)<\/strong> che aiuta le organizzazioni ad attirare, acquisire e far crescere clienti su larga scala. \u00c8 un&#8217;applicazione basata su SaaS e sull&#8217;intelligenza artificiale che funge da <strong>assistente virtuale,<\/strong> con lo scopo di coinvolgere autonomamente contatti, potenziali clienti, clienti o partner in interazioni bidirezionali simili a quelle umane per aumentare i ricavi in \u200b\u200btutto il ciclo di vita di un utente.<br \/>\nRaggiungendo oltre 100 milioni di persone per conto di migliaia di aziende, gli <strong>assistenti virtuali<\/strong> intelligenti sono sviluppati su una piattaforma di automazione intelligente collaudata e brevettata che integra comprensione del linguaggio naturale (NLU), generazione del linguaggio naturale (NLG), catene d&#8217;azione autonome e capacit\u00e0 di apprendimento profondo.<\/p>\n<h2>CONVERSICA &#8211; TUTORIAL<\/h2>\n<div id=\"fluid-wrapper-counter-1\" class=\"g1-fluid-wrapper \" style=\"width:686px;\">\n<div style=\"padding-bottom:56.268221574344%;\"><iframe loading=\"lazy\" title=\"Conversica Answers - Tutorial Video - Conversica AI Assistants\" width=\"686\" height=\"386\" src=\"https:\/\/www.youtube.com\/embed\/a8KfcGhyXHY?feature=oembed&amp;wmode=transparent&amp;autohide=1&amp;autoplay=0&amp;disablekb=0&amp;fs=1&amp;loop=0&amp;enablejsapi=1&amp;rel=0&amp;controls=2&amp;showinfo=0&amp;wmode=transparent&amp;autohide=2&amp;autoplay=0&amp;disablekb=0&amp;fs=1&amp;loop=0&amp;enablejsapi=1&amp;rel=0&amp;controls=2&amp;showinfo=1\" frameborder=\"0\" allow=\"accelerometer; autoplay; clipboard-write; encrypted-media; gyroscope; picture-in-picture\" allowfullscreen><\/iframe><\/div>\n<\/div>\n<h3>CONVERSICA &#8211; CARATTERISTICHE<\/h3>\n<ul>\n<li><strong>Generare interesse<\/strong>: coinvolgi i visitatori tramite la chat del sito web per connetterli alle informazioni che cercano, rispondere a domande generali o contattare un rappresentante tramite il sito Web. Raggiungi nuovi nomi all&#8217;inizio del ciclo per qualificare un lead o generare ulteriore interesse da programmi pubblicitari a pagamento.<\/li>\n<li><strong>Comunicazione pre-evento<\/strong>: contatta per generare interesse e fissare riunioni per i partecipanti prima degli eventi<\/li>\n<li><strong>Feedback di servizio automatico<\/strong>: assicurati che i nuovi clienti completino il processo di onboarding; incoraggiare la registrazione dei prodotti e promuovere la formazione e lo sviluppo delle competenze<\/li>\n<li><strong>Migliora la visibilit\u00e0:<\/strong> assicurati che nessun vantaggio venga lasciato indietro. Gli assistenti AI raccolgono informazioni importanti, accelerano i lead e seguono autonomamente i lead dopo ogni riunione, in modo da non perdere opportunit\u00e0.<\/li>\n<li><strong>Soddisfa le aspettative dei clienti<\/strong>: cattura potenziali clienti di operazioni fisse che potrebbero fare la differenza. Dai ai contatti l&#8217;attenzione tempestiva e persistente di cui hanno bisogno.<\/li>\n<\/ul>\n<h4>LE RECENSIONI DEGLI UTENTI<\/h4>\n<p class=\"fw-bold mb-2\"><strong>Stephanie Lyn&#8221;L&#8217;intelligenza artificiale &#8220;Maryann&#8221; \u00e8 una macchina che genera risposte!&#8221;<br \/>\n<\/strong><strong>Pro<\/strong>:\u00a0Conversica AI aumenta la velocit\u00e0 di connessione con i clienti di vendita Interne! Tutto quello che dobbiamo fare \u00e8 generare una risposta e il resto \u00e8 storia. Le nostre vendite complessive su Internet sono aumentate di almeno il 15% nei primi 90 giorni, da allora non si \u00e8 pi\u00f9 guardato indietro. Il nostro assistente AI \u00e8 uno dei membri del nostro team apprezzati al punto che quando riceviamo una nuova assunzione gli presentiamo il nome e il ruolo dell&#8217;IA e come rivolgersi ai clienti quando chiamano o si presentano per cercarla. Utilizziamo l&#8217;IA da quasi quattro anni.<br \/>\n<strong>Contro<\/strong>:\u00a0Non riesco a pensare a nulla che dispiace alla nostra azienda riguardo all&#8217;integrazione dell&#8217;IA.<\/p>\n<p><strong>Jhon D.&#8221;Utilizzo di Conversica per acquisire lead&#8221;<br \/>\n<\/strong><strong>Pro<\/strong>:\u00a0Dato che il mio tempo con New Horizons si sta avvicinando ai 6 anni, questo \u00e8 il primo strumento che la nostra azienda ha effettivamente iniziato a utilizzare per aiutare a generare lead, invece di essere condizionato al 100% dalla caccia.<br \/>\n<strong>Contro<\/strong>:\u00a0Ha la tendenza a ripetere le stesse informazioni.<\/p>\n<p class=\"fw-bold mb-2\"><strong>Andre&#8221;Ne e &#8216;valsa la pena!&#8221;<br \/>\n<\/strong><span class=\"fw-bold\"><strong>Commenti<\/strong>:<\/span> l&#8217;esperienza complessiva sta andando alla grande, ancora nuova. Ma mi diverto.<br \/>\n<strong>Pro<\/strong>:\u00a0La facilit\u00e0 d&#8217;uso, la possibilit\u00e0 che i nostri specialisti automatizzati prendano il controllo delle cadenze e poi tutte le informazioni mi tornano.<br \/>\n<strong>Contro<\/strong>:\u00a0Sto ancora usando il prodotto e mi piace. Sono entusiasta di avere una presa familiare con l&#8217;uso e di trovare i modi semplici per avere un&#8217;ottima presa sul prodotto.<\/p>\n","protected":false},"excerpt":{"rendered":"<p>Conversica \u00e8 un fornitore leader di Intelligent Virtual Assistants (IVA) che aiuta le organizzazioni ad attirare, acquisire e far crescere clienti su larga scala. \u00c8 un&#8217;applicazione basata su SaaS e sull&#8217;intelligenza artificiale che funge da assistente virtuale, con lo scopo di coinvolgere autonomamente contatti, potenziali clienti, clienti o partner in interazioni bidirezionali simili a quelle umane per aumentare i ricavi in \u200b\u200btutto il ciclo di vita di un utente.\u00a0<\/p>\n","protected":false},"author":16,"featured_media":62516,"parent":62394,"menu_order":0,"comment_status":"open","ping_status":"closed","template":"g1_template_page_review_new.php","meta":{"_acf_changed":false,"cwp_meta_box_check":"No","cwp_rev_product_name":"","cwp_rev_product_image":"","wppr_links":[],"cwp_rev_price":"","wppr_options":[],"wppr_pros":[],"wppr_cons":[],"_monsterinsights_skip_tracking":false,"_monsterinsights_sitenote_active":false,"_monsterinsights_sitenote_note":"","_monsterinsights_sitenote_category":0,"footnotes":""},"categories":[13513],"tags":[13572,13573,13569,13534,13520,13533],"features":[],"class_list":{"0":"post-62515","1":"page","2":"type-page","3":"status-publish","4":"has-post-thumbnail","6":"category-assistenza-virtuale-cat","7":"tag-assistente-virtuale","8":"tag-assistente-virtuale-app","9":"tag-conversica","10":"tag-programma-assistenza-virtuale","11":"tag-software-assistenza-virtuale","12":"tag-soluzione-assistenza-virtuale"},"wppr_data":{"cwp_meta_box_check":"No"},"acf":[],"yoast_head":"<!-- This site is optimized with the Yoast SEO plugin v27.4 - https:\/\/yoast.com\/product\/yoast-seo-wordpress\/ -->\n<title>Conversica: recensione assistenza virtuale - Accurate Reviews<\/title>\n<meta name=\"description\" content=\"Conversica: recensione soluzione di assistenza virtuale che aiuta le organizzazioni ad attirare, acquisire e far crescere i clienti.\" \/>\n<meta name=\"robots\" content=\"index, follow, max-snippet:-1, max-image-preview:large, max-video-preview:-1\" \/>\n<link rel=\"canonical\" href=\"https:\/\/www.accuratereviews.com\/it\/assistenti-virtuali\/conversica-recensione\/\" \/>\n<meta property=\"og:locale\" content=\"it_IT\" \/>\n<meta property=\"og:type\" content=\"article\" \/>\n<meta property=\"og:title\" content=\"Conversica: recensione assistenza virtuale - Accurate Reviews\" \/>\n<meta property=\"og:description\" content=\"Conversica: recensione soluzione di assistenza virtuale che aiuta le organizzazioni ad attirare, acquisire e far crescere i clienti.\" \/>\n<meta property=\"og:url\" content=\"https:\/\/www.accuratereviews.com\/it\/assistenti-virtuali\/conversica-recensione\/\" \/>\n<meta property=\"og:site_name\" content=\"Accurate Reviews\" \/>\n<meta property=\"article:modified_time\" content=\"2022-10-14T06:21:46+00:00\" \/>\n<meta property=\"og:image\" content=\"https:\/\/www.accuratereviews.com\/wp-content\/uploads\/2022\/10\/Conversica.png\" \/>\n\t<meta property=\"og:image:width\" content=\"900\" \/>\n\t<meta property=\"og:image:height\" content=\"506\" \/>\n\t<meta property=\"og:image:type\" content=\"image\/png\" \/>\n<meta name=\"twitter:card\" content=\"summary_large_image\" \/>\n<meta name=\"twitter:label1\" content=\"Tempo di lettura stimato\" \/>\n\t<meta name=\"twitter:data1\" content=\"3 minuti\" \/>\n<script type=\"application\/ld+json\" class=\"yoast-schema-graph\">{\"@context\":\"https:\\\/\\\/schema.org\",\"@graph\":[{\"@type\":\"WebPage\",\"@id\":\"https:\\\/\\\/www.accuratereviews.com\\\/it\\\/assistenti-virtuali\\\/conversica-recensione\\\/\",\"url\":\"https:\\\/\\\/www.accuratereviews.com\\\/it\\\/assistenti-virtuali\\\/conversica-recensione\\\/\",\"name\":\"Conversica: recensione assistenza virtuale - Accurate Reviews\",\"isPartOf\":{\"@id\":\"https:\\\/\\\/www.accuratereviews.com\\\/it\\\/#website\"},\"primaryImageOfPage\":{\"@id\":\"https:\\\/\\\/www.accuratereviews.com\\\/it\\\/assistenti-virtuali\\\/conversica-recensione\\\/#primaryimage\"},\"image\":{\"@id\":\"https:\\\/\\\/www.accuratereviews.com\\\/it\\\/assistenti-virtuali\\\/conversica-recensione\\\/#primaryimage\"},\"thumbnailUrl\":\"https:\\\/\\\/www.accuratereviews.com\\\/wp-content\\\/uploads\\\/2022\\\/10\\\/Conversica.png\",\"datePublished\":\"2022-10-13T17:14:17+00:00\",\"dateModified\":\"2022-10-14T06:21:46+00:00\",\"description\":\"Conversica: recensione soluzione di assistenza virtuale che aiuta le organizzazioni ad attirare, acquisire e far crescere i clienti.\",\"breadcrumb\":{\"@id\":\"https:\\\/\\\/www.accuratereviews.com\\\/it\\\/assistenti-virtuali\\\/conversica-recensione\\\/#breadcrumb\"},\"inLanguage\":\"it-IT\",\"potentialAction\":[{\"@type\":\"ReadAction\",\"target\":[\"https:\\\/\\\/www.accuratereviews.com\\\/it\\\/assistenti-virtuali\\\/conversica-recensione\\\/\"]}]},{\"@type\":\"ImageObject\",\"inLanguage\":\"it-IT\",\"@id\":\"https:\\\/\\\/www.accuratereviews.com\\\/it\\\/assistenti-virtuali\\\/conversica-recensione\\\/#primaryimage\",\"url\":\"https:\\\/\\\/www.accuratereviews.com\\\/wp-content\\\/uploads\\\/2022\\\/10\\\/Conversica.png\",\"contentUrl\":\"https:\\\/\\\/www.accuratereviews.com\\\/wp-content\\\/uploads\\\/2022\\\/10\\\/Conversica.png\",\"width\":900,\"height\":506},{\"@type\":\"BreadcrumbList\",\"@id\":\"https:\\\/\\\/www.accuratereviews.com\\\/it\\\/assistenti-virtuali\\\/conversica-recensione\\\/#breadcrumb\",\"itemListElement\":[{\"@type\":\"ListItem\",\"position\":1,\"name\":\"Home\",\"item\":\"https:\\\/\\\/www.accuratereviews.com\\\/it\\\/\"},{\"@type\":\"ListItem\",\"position\":2,\"name\":\"Assistenti virtuali\",\"item\":\"https:\\\/\\\/www.accuratereviews.com\\\/it\\\/assistenti-virtuali\\\/\"},{\"@type\":\"ListItem\",\"position\":3,\"name\":\"Conversica\"}]},{\"@type\":\"WebSite\",\"@id\":\"https:\\\/\\\/www.accuratereviews.com\\\/it\\\/#website\",\"url\":\"https:\\\/\\\/www.accuratereviews.com\\\/it\\\/\",\"name\":\"Accurate Reviews\",\"description\":\"\",\"potentialAction\":[{\"@type\":\"SearchAction\",\"target\":{\"@type\":\"EntryPoint\",\"urlTemplate\":\"https:\\\/\\\/www.accuratereviews.com\\\/it\\\/?s={search_term_string}\"},\"query-input\":{\"@type\":\"PropertyValueSpecification\",\"valueRequired\":true,\"valueName\":\"search_term_string\"}}],\"inLanguage\":\"it-IT\"}]}<\/script>\n<!-- \/ Yoast SEO plugin. -->","yoast_head_json":{"title":"Conversica: recensione assistenza virtuale - Accurate Reviews","description":"Conversica: recensione soluzione di assistenza virtuale che aiuta le organizzazioni ad attirare, acquisire e far crescere i clienti.","robots":{"index":"index","follow":"follow","max-snippet":"max-snippet:-1","max-image-preview":"max-image-preview:large","max-video-preview":"max-video-preview:-1"},"canonical":"https:\/\/www.accuratereviews.com\/it\/assistenti-virtuali\/conversica-recensione\/","og_locale":"it_IT","og_type":"article","og_title":"Conversica: recensione assistenza virtuale - Accurate Reviews","og_description":"Conversica: recensione soluzione di assistenza virtuale che aiuta le organizzazioni ad attirare, acquisire e far crescere i clienti.","og_url":"https:\/\/www.accuratereviews.com\/it\/assistenti-virtuali\/conversica-recensione\/","og_site_name":"Accurate Reviews","article_modified_time":"2022-10-14T06:21:46+00:00","og_image":[{"width":900,"height":506,"url":"https:\/\/www.accuratereviews.com\/wp-content\/uploads\/2022\/10\/Conversica.png","type":"image\/png"}],"twitter_card":"summary_large_image","twitter_misc":{"Tempo di lettura stimato":"3 minuti"},"schema":{"@context":"https:\/\/schema.org","@graph":[{"@type":"WebPage","@id":"https:\/\/www.accuratereviews.com\/it\/assistenti-virtuali\/conversica-recensione\/","url":"https:\/\/www.accuratereviews.com\/it\/assistenti-virtuali\/conversica-recensione\/","name":"Conversica: recensione assistenza virtuale - Accurate Reviews","isPartOf":{"@id":"https:\/\/www.accuratereviews.com\/it\/#website"},"primaryImageOfPage":{"@id":"https:\/\/www.accuratereviews.com\/it\/assistenti-virtuali\/conversica-recensione\/#primaryimage"},"image":{"@id":"https:\/\/www.accuratereviews.com\/it\/assistenti-virtuali\/conversica-recensione\/#primaryimage"},"thumbnailUrl":"https:\/\/www.accuratereviews.com\/wp-content\/uploads\/2022\/10\/Conversica.png","datePublished":"2022-10-13T17:14:17+00:00","dateModified":"2022-10-14T06:21:46+00:00","description":"Conversica: recensione soluzione di assistenza virtuale che aiuta le organizzazioni ad attirare, acquisire e far crescere i clienti.","breadcrumb":{"@id":"https:\/\/www.accuratereviews.com\/it\/assistenti-virtuali\/conversica-recensione\/#breadcrumb"},"inLanguage":"it-IT","potentialAction":[{"@type":"ReadAction","target":["https:\/\/www.accuratereviews.com\/it\/assistenti-virtuali\/conversica-recensione\/"]}]},{"@type":"ImageObject","inLanguage":"it-IT","@id":"https:\/\/www.accuratereviews.com\/it\/assistenti-virtuali\/conversica-recensione\/#primaryimage","url":"https:\/\/www.accuratereviews.com\/wp-content\/uploads\/2022\/10\/Conversica.png","contentUrl":"https:\/\/www.accuratereviews.com\/wp-content\/uploads\/2022\/10\/Conversica.png","width":900,"height":506},{"@type":"BreadcrumbList","@id":"https:\/\/www.accuratereviews.com\/it\/assistenti-virtuali\/conversica-recensione\/#breadcrumb","itemListElement":[{"@type":"ListItem","position":1,"name":"Home","item":"https:\/\/www.accuratereviews.com\/it\/"},{"@type":"ListItem","position":2,"name":"Assistenti virtuali","item":"https:\/\/www.accuratereviews.com\/it\/assistenti-virtuali\/"},{"@type":"ListItem","position":3,"name":"Conversica"}]},{"@type":"WebSite","@id":"https:\/\/www.accuratereviews.com\/it\/#website","url":"https:\/\/www.accuratereviews.com\/it\/","name":"Accurate Reviews","description":"","potentialAction":[{"@type":"SearchAction","target":{"@type":"EntryPoint","urlTemplate":"https:\/\/www.accuratereviews.com\/it\/?s={search_term_string}"},"query-input":{"@type":"PropertyValueSpecification","valueRequired":true,"valueName":"search_term_string"}}],"inLanguage":"it-IT"}]}},"_links":{"self":[{"href":"https:\/\/www.accuratereviews.com\/it\/wp-json\/wp\/v2\/pages\/62515","targetHints":{"allow":["GET"]}}],"collection":[{"href":"https:\/\/www.accuratereviews.com\/it\/wp-json\/wp\/v2\/pages"}],"about":[{"href":"https:\/\/www.accuratereviews.com\/it\/wp-json\/wp\/v2\/types\/page"}],"author":[{"embeddable":true,"href":"https:\/\/www.accuratereviews.com\/it\/wp-json\/wp\/v2\/users\/16"}],"replies":[{"embeddable":true,"href":"https:\/\/www.accuratereviews.com\/it\/wp-json\/wp\/v2\/comments?post=62515"}],"version-history":[{"count":7,"href":"https:\/\/www.accuratereviews.com\/it\/wp-json\/wp\/v2\/pages\/62515\/revisions"}],"predecessor-version":[{"id":62563,"href":"https:\/\/www.accuratereviews.com\/it\/wp-json\/wp\/v2\/pages\/62515\/revisions\/62563"}],"up":[{"embeddable":true,"href":"https:\/\/www.accuratereviews.com\/it\/wp-json\/wp\/v2\/pages\/62394"}],"wp:featuredmedia":[{"embeddable":true,"href":"https:\/\/www.accuratereviews.com\/it\/wp-json\/wp\/v2\/media\/62516"}],"wp:attachment":[{"href":"https:\/\/www.accuratereviews.com\/it\/wp-json\/wp\/v2\/media?parent=62515"}],"wp:term":[{"taxonomy":"category","embeddable":true,"href":"https:\/\/www.accuratereviews.com\/it\/wp-json\/wp\/v2\/categories?post=62515"},{"taxonomy":"post_tag","embeddable":true,"href":"https:\/\/www.accuratereviews.com\/it\/wp-json\/wp\/v2\/tags?post=62515"},{"taxonomy":"features","embeddable":true,"href":"https:\/\/www.accuratereviews.com\/it\/wp-json\/wp\/v2\/features?post=62515"}],"curies":[{"name":"wp","href":"https:\/\/api.w.org\/{rel}","templated":true}]}}