{"id":62524,"date":"2022-10-13T16:47:45","date_gmt":"2022-10-13T16:47:45","guid":{"rendered":"https:\/\/www.accuratereviews.com\/?page_id=62524"},"modified":"2022-10-13T16:47:45","modified_gmt":"2022-10-13T16:47:45","slug":"kore-recensione","status":"publish","type":"page","link":"https:\/\/www.accuratereviews.com\/it\/assistenti-virtuali\/kore-recensione\/","title":{"rendered":"Kore"},"content":{"rendered":"<p><strong>Kore<\/strong> \u00e8 una<strong> piattaforma di intelligenza artificiale<\/strong> basata sul <strong>cloud<\/strong> e on-premise, progettata per supportare le aziende di tutte le dimensioni nella collaborazione con gli sviluppatori, nella gestione del ciclo di vita dei bot, nell&#8217;integrazione delle API, nei processi in linguaggio naturale (NLP) e in altre operazioni. Il software permette alle organizzazioni di creare, ospitare, testare e distribuire applicazioni e<strong> assistenti virtuali<\/strong>\u00a0tramite l&#8217;intelligenza artificiale (AI).\u00a0L&#8217;applicazione consente alle aziende di automatizzare le interazioni conversazionali con i clienti \u00a0tramite canali vocali e digitali. Offre inoltre varie funzionalit\u00e0 come un designer integrato, un framework di esecuzione delle attivit\u00e0, moduli digitali, analisi e altro ancora.<\/p>\n<h2>KORE &#8211; TUTORIAL<\/h2>\n<div id=\"fluid-wrapper-counter-1\" class=\"g1-fluid-wrapper \" style=\"width:686px;\">\n<div style=\"padding-bottom:56.268221574344%;\"><iframe loading=\"lazy\" title=\"20mins Kore.ai Platform Demo Video\" width=\"515\" height=\"386\" src=\"https:\/\/www.youtube.com\/embed\/66G5IYmgg_Y?feature=oembed&amp;wmode=transparent&amp;autohide=1&amp;autoplay=0&amp;disablekb=0&amp;fs=1&amp;loop=0&amp;enablejsapi=1&amp;rel=0&amp;controls=2&amp;showinfo=0&amp;wmode=transparent&amp;autohide=2&amp;autoplay=0&amp;disablekb=0&amp;fs=1&amp;loop=0&amp;enablejsapi=1&amp;rel=0&amp;controls=2&amp;showinfo=1\" frameborder=\"0\" allow=\"accelerometer; autoplay; clipboard-write; encrypted-media; gyroscope; picture-in-picture\" allowfullscreen><\/iframe><\/div>\n<\/div>\n<h3>KORE &#8211; CARATTERISTICHE<\/h3>\n<ul>\n<li>Gestisci tutte le attivit\u00e0 relative all&#8217;assistente senza richiedere strumenti di terze parti<\/li>\n<li>Visualizza tutte le informazioni sui tuoi assistenti e utenti da un&#8217;unica dashboard<\/li>\n<li>Ottieni rapporti sull&#8217;assistente e sull&#8217;utilizzo del canale e sulle attivit\u00e0 eseguite<\/li>\n<li>Controlla gli assistenti e le attivit\u00e0 a cui i tuoi utenti possono accedere<\/li>\n<li>Gestisci chiavi aziendali, ruoli di sviluppatore e amministratore e assegna utenti<\/li>\n<li>Importazione ed esportazione di assistenti virtuali, variabili, espressioni ML e ruoli.<\/li>\n<li>Gestire le configurazioni di sicurezza e garantire la conformit\u00e0 delle informazioni<\/li>\n<li>Recupero dei risultati del riconoscimento delle intenzioni e del punteggio dai motori NLP e ML<\/li>\n<li>Avvio della formazione ML e Knowledge Graph e estrazione dello stato di una richiesta di formazione<\/li>\n<li>Offre una cronologia delle conversazioni dettagliata, con supporto per l&#8217;impaginazione e il recupero dei log di debug e dei log delle modifiche<\/li>\n<li>Pubblicazione di bot, assegnazione di ruoli di amministratore e aggiornamento dell&#8217;accesso utente<\/li>\n<li>Crea report personalizzati e visualizzazioni dei dati personalizzate per soddisfare qualsiasi esigenza di reportistica aziendale o di sviluppo.<\/li>\n<\/ul>\n<h4>LE RECENSIONI DEGLI UTENTI<\/h4>\n<p class=\"fw-bold mb-2\"><strong>Ankitha&#8221;Dai il benvenuto al nuovo strumento di intelligenza artificiale per portare la tua esperienza ivr al livello successivo!&#8221;<br \/>\n<\/strong><strong>Pro<\/strong>:\u00a0Questo \u00e8 un ottimo strumento con numerose funzionalit\u00e0 e un&#8217;interfaccia utente facile da utilizzare. Adoro il modo in cui un intero flusso di chiamate complesso che si estende su pi\u00f9 sistemi pu\u00f2 essere implementato in un BOT con Kore mentre gestisce pi\u00f9 funzionalit\u00e0 come l&#8217;apprendimento automatico, la NLP ecc. Questo prodotto ha cos\u00ec tante funzionalit\u00e0 integrate che sono facili da usare.<br \/>\n<strong>Contro<\/strong>:\u00a0Kore ha ottime propriet\u00e0 e funzionalit\u00e0 ma allo stesso tempo pu\u00f2 essere difficile creare di un nuovo bot ed eseguire pi\u00f9 modifiche al bot esistente.<\/p>\n<p class=\"fw-bold mb-2\"><strong>Daniel&#8221;Intelligente e facile&#8221;<br \/>\n<\/strong><strong>Pro<\/strong>:\u00a0Non \u00e8 necessario sviluppare alcun codice per far funzionare un chatbot<br \/>\n<strong>Contro<\/strong>:\u00a0Immagino che dovrebbero esserci pi\u00f9 esempi di come lavorare con javascript per creare funzioni per il bot, forse questo potrebbe essere specificato nella documentazione<\/p>\n<p class=\"fw-bold mb-2\"><strong>Abinaya&#8221;Buon software&#8221;<br \/>\n<\/strong><strong>Pro<\/strong>:\u00a0Elaborazione del linguaggio naturale e ambiente a basso codice<br \/>\n<strong>Contro<\/strong>:\u00a0Niente, abbiamo avuto anche una formazione gratuita offerta per il corso<\/p>\n","protected":false},"excerpt":{"rendered":"<p>Kore \u00e8 una piattaforma di intelligenza artificiale basata sul cloud e on-premise, progettata per supportare le aziende di tutte le dimensioni nella collaborazione con gli sviluppatori, nella gestione del ciclo di vita dei bot, nell&#8217;integrazione delle API, nei processi in linguaggio naturale (NLP) e in altre operazioni.<\/p>\n","protected":false},"author":16,"featured_media":62525,"parent":62394,"menu_order":0,"comment_status":"open","ping_status":"closed","template":"g1_template_page_review_new.php","meta":{"_acf_changed":false,"cwp_meta_box_check":"No","cwp_rev_product_name":"","cwp_rev_product_image":"","wppr_links":[],"cwp_rev_price":"","wppr_options":[],"wppr_pros":[],"wppr_cons":[],"_monsterinsights_skip_tracking":false,"_monsterinsights_sitenote_active":false,"_monsterinsights_sitenote_note":"","_monsterinsights_sitenote_category":0,"footnotes":""},"categories":[13513],"tags":[13519,13522,13570,13521,13534,13520,13533],"features":[],"class_list":{"0":"post-62524","1":"page","2":"type-page","3":"status-publish","4":"has-post-thumbnail","6":"category-assistenza-virtuale-cat","7":"tag-app-assistenza-virtuale","8":"tag-assistenza-virtuale","9":"tag-kore","10":"tag-piattaforma-assistenza-virtuale","11":"tag-programma-assistenza-virtuale","12":"tag-software-assistenza-virtuale","13":"tag-soluzione-assistenza-virtuale"},"wppr_data":{"cwp_meta_box_check":"No"},"acf":[],"yoast_head":"<!-- This site is optimized with the Yoast SEO plugin v27.4 - https:\/\/yoast.com\/product\/yoast-seo-wordpress\/ -->\n<title>Kore: recensione assistenza virtuale - Accurate Reviews<\/title>\n<meta name=\"description\" content=\"Kore: recensione piattaforma di intelligenza artificiale basata sul cloud e on-premise progettata per aiutare aziende di tutte le dimensioni.\" \/>\n<meta name=\"robots\" content=\"index, follow, max-snippet:-1, max-image-preview:large, max-video-preview:-1\" \/>\n<link rel=\"canonical\" href=\"https:\/\/www.accuratereviews.com\/it\/assistenti-virtuali\/kore-recensione\/\" \/>\n<meta property=\"og:locale\" content=\"it_IT\" \/>\n<meta property=\"og:type\" content=\"article\" \/>\n<meta property=\"og:title\" content=\"Kore: recensione assistenza virtuale - Accurate Reviews\" \/>\n<meta property=\"og:description\" content=\"Kore: recensione piattaforma di intelligenza artificiale basata sul cloud e on-premise progettata per aiutare aziende di tutte le dimensioni.\" \/>\n<meta property=\"og:url\" content=\"https:\/\/www.accuratereviews.com\/it\/assistenti-virtuali\/kore-recensione\/\" \/>\n<meta property=\"og:site_name\" content=\"Accurate Reviews\" \/>\n<meta property=\"og:image\" content=\"https:\/\/www.accuratereviews.com\/wp-content\/uploads\/2022\/10\/Kore-scaled.jpeg\" \/>\n\t<meta property=\"og:image:width\" content=\"2560\" \/>\n\t<meta property=\"og:image:height\" content=\"879\" \/>\n\t<meta property=\"og:image:type\" content=\"image\/jpeg\" \/>\n<meta name=\"twitter:card\" content=\"summary_large_image\" \/>\n<meta name=\"twitter:label1\" content=\"Tempo di lettura stimato\" \/>\n\t<meta name=\"twitter:data1\" content=\"3 minuti\" \/>\n<script type=\"application\/ld+json\" class=\"yoast-schema-graph\">{\"@context\":\"https:\\\/\\\/schema.org\",\"@graph\":[{\"@type\":\"WebPage\",\"@id\":\"https:\\\/\\\/www.accuratereviews.com\\\/it\\\/assistenti-virtuali\\\/kore-recensione\\\/\",\"url\":\"https:\\\/\\\/www.accuratereviews.com\\\/it\\\/assistenti-virtuali\\\/kore-recensione\\\/\",\"name\":\"Kore: recensione assistenza virtuale - Accurate Reviews\",\"isPartOf\":{\"@id\":\"https:\\\/\\\/www.accuratereviews.com\\\/it\\\/#website\"},\"primaryImageOfPage\":{\"@id\":\"https:\\\/\\\/www.accuratereviews.com\\\/it\\\/assistenti-virtuali\\\/kore-recensione\\\/#primaryimage\"},\"image\":{\"@id\":\"https:\\\/\\\/www.accuratereviews.com\\\/it\\\/assistenti-virtuali\\\/kore-recensione\\\/#primaryimage\"},\"thumbnailUrl\":\"https:\\\/\\\/www.accuratereviews.com\\\/wp-content\\\/uploads\\\/2022\\\/10\\\/Kore-scaled.jpeg\",\"datePublished\":\"2022-10-13T16:47:45+00:00\",\"description\":\"Kore: recensione piattaforma di intelligenza artificiale basata sul cloud e on-premise progettata per aiutare aziende di tutte le dimensioni.\",\"breadcrumb\":{\"@id\":\"https:\\\/\\\/www.accuratereviews.com\\\/it\\\/assistenti-virtuali\\\/kore-recensione\\\/#breadcrumb\"},\"inLanguage\":\"it-IT\",\"potentialAction\":[{\"@type\":\"ReadAction\",\"target\":[\"https:\\\/\\\/www.accuratereviews.com\\\/it\\\/assistenti-virtuali\\\/kore-recensione\\\/\"]}]},{\"@type\":\"ImageObject\",\"inLanguage\":\"it-IT\",\"@id\":\"https:\\\/\\\/www.accuratereviews.com\\\/it\\\/assistenti-virtuali\\\/kore-recensione\\\/#primaryimage\",\"url\":\"https:\\\/\\\/www.accuratereviews.com\\\/wp-content\\\/uploads\\\/2022\\\/10\\\/Kore-scaled.jpeg\",\"contentUrl\":\"https:\\\/\\\/www.accuratereviews.com\\\/wp-content\\\/uploads\\\/2022\\\/10\\\/Kore-scaled.jpeg\",\"width\":2560,\"height\":879,\"caption\":\"Meet Kore: Your new personal assistant (PRNewsFoto\\\/Kore)\"},{\"@type\":\"BreadcrumbList\",\"@id\":\"https:\\\/\\\/www.accuratereviews.com\\\/it\\\/assistenti-virtuali\\\/kore-recensione\\\/#breadcrumb\",\"itemListElement\":[{\"@type\":\"ListItem\",\"position\":1,\"name\":\"Home\",\"item\":\"https:\\\/\\\/www.accuratereviews.com\\\/it\\\/\"},{\"@type\":\"ListItem\",\"position\":2,\"name\":\"Assistenti virtuali\",\"item\":\"https:\\\/\\\/www.accuratereviews.com\\\/it\\\/assistenti-virtuali\\\/\"},{\"@type\":\"ListItem\",\"position\":3,\"name\":\"Kore\"}]},{\"@type\":\"WebSite\",\"@id\":\"https:\\\/\\\/www.accuratereviews.com\\\/it\\\/#website\",\"url\":\"https:\\\/\\\/www.accuratereviews.com\\\/it\\\/\",\"name\":\"Accurate Reviews\",\"description\":\"\",\"potentialAction\":[{\"@type\":\"SearchAction\",\"target\":{\"@type\":\"EntryPoint\",\"urlTemplate\":\"https:\\\/\\\/www.accuratereviews.com\\\/it\\\/?s={search_term_string}\"},\"query-input\":{\"@type\":\"PropertyValueSpecification\",\"valueRequired\":true,\"valueName\":\"search_term_string\"}}],\"inLanguage\":\"it-IT\"}]}<\/script>\n<!-- \/ Yoast SEO plugin. -->","yoast_head_json":{"title":"Kore: recensione assistenza virtuale - Accurate Reviews","description":"Kore: recensione piattaforma di intelligenza artificiale basata sul cloud e on-premise progettata per aiutare aziende di tutte le dimensioni.","robots":{"index":"index","follow":"follow","max-snippet":"max-snippet:-1","max-image-preview":"max-image-preview:large","max-video-preview":"max-video-preview:-1"},"canonical":"https:\/\/www.accuratereviews.com\/it\/assistenti-virtuali\/kore-recensione\/","og_locale":"it_IT","og_type":"article","og_title":"Kore: recensione assistenza virtuale - Accurate Reviews","og_description":"Kore: recensione piattaforma di intelligenza artificiale basata sul cloud e on-premise progettata per aiutare aziende di tutte le dimensioni.","og_url":"https:\/\/www.accuratereviews.com\/it\/assistenti-virtuali\/kore-recensione\/","og_site_name":"Accurate Reviews","og_image":[{"width":2560,"height":879,"url":"https:\/\/www.accuratereviews.com\/wp-content\/uploads\/2022\/10\/Kore-scaled.jpeg","type":"image\/jpeg"}],"twitter_card":"summary_large_image","twitter_misc":{"Tempo di lettura stimato":"3 minuti"},"schema":{"@context":"https:\/\/schema.org","@graph":[{"@type":"WebPage","@id":"https:\/\/www.accuratereviews.com\/it\/assistenti-virtuali\/kore-recensione\/","url":"https:\/\/www.accuratereviews.com\/it\/assistenti-virtuali\/kore-recensione\/","name":"Kore: recensione assistenza virtuale - Accurate Reviews","isPartOf":{"@id":"https:\/\/www.accuratereviews.com\/it\/#website"},"primaryImageOfPage":{"@id":"https:\/\/www.accuratereviews.com\/it\/assistenti-virtuali\/kore-recensione\/#primaryimage"},"image":{"@id":"https:\/\/www.accuratereviews.com\/it\/assistenti-virtuali\/kore-recensione\/#primaryimage"},"thumbnailUrl":"https:\/\/www.accuratereviews.com\/wp-content\/uploads\/2022\/10\/Kore-scaled.jpeg","datePublished":"2022-10-13T16:47:45+00:00","description":"Kore: recensione piattaforma di intelligenza artificiale basata sul cloud e on-premise progettata per aiutare aziende di tutte le dimensioni.","breadcrumb":{"@id":"https:\/\/www.accuratereviews.com\/it\/assistenti-virtuali\/kore-recensione\/#breadcrumb"},"inLanguage":"it-IT","potentialAction":[{"@type":"ReadAction","target":["https:\/\/www.accuratereviews.com\/it\/assistenti-virtuali\/kore-recensione\/"]}]},{"@type":"ImageObject","inLanguage":"it-IT","@id":"https:\/\/www.accuratereviews.com\/it\/assistenti-virtuali\/kore-recensione\/#primaryimage","url":"https:\/\/www.accuratereviews.com\/wp-content\/uploads\/2022\/10\/Kore-scaled.jpeg","contentUrl":"https:\/\/www.accuratereviews.com\/wp-content\/uploads\/2022\/10\/Kore-scaled.jpeg","width":2560,"height":879,"caption":"Meet Kore: Your new personal assistant (PRNewsFoto\/Kore)"},{"@type":"BreadcrumbList","@id":"https:\/\/www.accuratereviews.com\/it\/assistenti-virtuali\/kore-recensione\/#breadcrumb","itemListElement":[{"@type":"ListItem","position":1,"name":"Home","item":"https:\/\/www.accuratereviews.com\/it\/"},{"@type":"ListItem","position":2,"name":"Assistenti virtuali","item":"https:\/\/www.accuratereviews.com\/it\/assistenti-virtuali\/"},{"@type":"ListItem","position":3,"name":"Kore"}]},{"@type":"WebSite","@id":"https:\/\/www.accuratereviews.com\/it\/#website","url":"https:\/\/www.accuratereviews.com\/it\/","name":"Accurate Reviews","description":"","potentialAction":[{"@type":"SearchAction","target":{"@type":"EntryPoint","urlTemplate":"https:\/\/www.accuratereviews.com\/it\/?s={search_term_string}"},"query-input":{"@type":"PropertyValueSpecification","valueRequired":true,"valueName":"search_term_string"}}],"inLanguage":"it-IT"}]}},"_links":{"self":[{"href":"https:\/\/www.accuratereviews.com\/it\/wp-json\/wp\/v2\/pages\/62524","targetHints":{"allow":["GET"]}}],"collection":[{"href":"https:\/\/www.accuratereviews.com\/it\/wp-json\/wp\/v2\/pages"}],"about":[{"href":"https:\/\/www.accuratereviews.com\/it\/wp-json\/wp\/v2\/types\/page"}],"author":[{"embeddable":true,"href":"https:\/\/www.accuratereviews.com\/it\/wp-json\/wp\/v2\/users\/16"}],"replies":[{"embeddable":true,"href":"https:\/\/www.accuratereviews.com\/it\/wp-json\/wp\/v2\/comments?post=62524"}],"version-history":[{"count":11,"href":"https:\/\/www.accuratereviews.com\/it\/wp-json\/wp\/v2\/pages\/62524\/revisions"}],"predecessor-version":[{"id":62556,"href":"https:\/\/www.accuratereviews.com\/it\/wp-json\/wp\/v2\/pages\/62524\/revisions\/62556"}],"up":[{"embeddable":true,"href":"https:\/\/www.accuratereviews.com\/it\/wp-json\/wp\/v2\/pages\/62394"}],"wp:featuredmedia":[{"embeddable":true,"href":"https:\/\/www.accuratereviews.com\/it\/wp-json\/wp\/v2\/media\/62525"}],"wp:attachment":[{"href":"https:\/\/www.accuratereviews.com\/it\/wp-json\/wp\/v2\/media?parent=62524"}],"wp:term":[{"taxonomy":"category","embeddable":true,"href":"https:\/\/www.accuratereviews.com\/it\/wp-json\/wp\/v2\/categories?post=62524"},{"taxonomy":"post_tag","embeddable":true,"href":"https:\/\/www.accuratereviews.com\/it\/wp-json\/wp\/v2\/tags?post=62524"},{"taxonomy":"features","embeddable":true,"href":"https:\/\/www.accuratereviews.com\/it\/wp-json\/wp\/v2\/features?post=62524"}],"curies":[{"name":"wp","href":"https:\/\/api.w.org\/{rel}","templated":true}]}}