{"id":62571,"date":"2022-10-17T07:07:47","date_gmt":"2022-10-17T07:07:47","guid":{"rendered":"https:\/\/www.accuratereviews.com\/?page_id=62571"},"modified":"2022-10-17T18:34:19","modified_gmt":"2022-10-17T18:34:19","slug":"leena-ai-recensione","status":"publish","type":"page","link":"https:\/\/www.accuratereviews.com\/it\/assistenti-virtuali\/leena-ai-recensione\/","title":{"rendered":"Leena AI"},"content":{"rendered":"<p><strong>Leena AI<\/strong> \u00e8 un <strong>software per l&#8217;esperienza dei dipendenti<\/strong> progettato per aiutare le aziende a interagire con i membri del personale utilizzando la tecnologia dell<strong>&#8216;intelligenza artificiale conversazionale (AI).<\/strong>\u00a0Le organizzazioni possono informare i dipendenti su annunci o eventi importanti tramite notifiche in blocco e assegnare automaticamente ticket di supporto ai membri del team responsabili.\u00a0Utilizzando il programma, le aziende possono aggiungere le domande frequenti (FAQ) alla knowledge base e gestire i congedi e i rimborsi dei dipendenti su una piattaforma centralizzata. La soluzione invia sondaggi personalizzati con domande aperte ai membri del personale, interpreta i sentimenti e consente ai manager di ottenere informazioni dettagliate su risposte, argomenti discussi o tendenze su una dashboard di coinvolgimento. I dipendenti possono caricare immagini di ricevute per richiedere rimborsi, estrarre buste paga, compilare moduli di richiesta ferie e accedere al calendario su una piattaforma unificata.<\/p>\n<h2>LEENA AI &#8211; TUTORIAL<\/h2>\n<div id=\"fluid-wrapper-counter-1\" class=\"g1-fluid-wrapper \" style=\"width:686px;\">\n<div style=\"padding-bottom:56.268221574344%;\"><iframe loading=\"lazy\" title=\"Leena AI - Redefining Employee Experience\" width=\"686\" height=\"386\" src=\"https:\/\/www.youtube.com\/embed\/ymZh8YhlrY4?feature=oembed&amp;wmode=transparent&amp;autohide=1&amp;autoplay=0&amp;disablekb=0&amp;fs=1&amp;loop=0&amp;enablejsapi=1&amp;rel=0&amp;controls=2&amp;showinfo=0&amp;wmode=transparent&amp;autohide=2&amp;autoplay=0&amp;disablekb=0&amp;fs=1&amp;loop=0&amp;enablejsapi=1&amp;rel=0&amp;controls=2&amp;showinfo=1\" frameborder=\"0\" allow=\"accelerometer; autoplay; clipboard-write; encrypted-media; gyroscope; picture-in-picture\" allowfullscreen><\/iframe><\/div>\n<\/div>\n<h3>LEENA AI &#8211; CARATTERISTICHE<\/h3>\n<ul>\n<li><strong>Help desk aziendale<\/strong>: risolvi tutte le richieste dei dipendenti utilizzando un unico assistente virtuale. Potenzia i tuoi team a contatto con i dipendenti con l&#8217;IA e rendili pi\u00f9 efficienti.<\/li>\n<li><strong>Risolvi automaticamente le domande dei dipendenti<\/strong>: rispondi alle domande di routine dei dipendenti in tempo reale tramite l&#8217;assistente virtuale.<\/li>\n<li><strong>Ridefinire la gestione dei casi<\/strong>: abilita i team a contatto con i dipendenti con un help desk centralizzato per gestire e risolvere tutti i casi dei dipendenti nel modo pi\u00f9 efficiente.<\/li>\n<li><strong>Rendi il supporto dei dipendenti intelligente<\/strong>: crea un assistente virtuale basato sull&#8217;intelligenza artificiale il tuo compagno di squadra intelligente che apprende regolarmente dalle interazioni dei dipendenti e aggiorna automaticamente la base di conoscenza.<\/li>\n<li><strong>Generatore di flussi di lavoro<\/strong>: crea percorsi efficaci per i dipendenti collegando sistemi, processi e strumenti utilizzando semplici flussi di lavoro drag and drop.<\/li>\n<li><strong>Automatizza i processi:<\/strong> automatizza qualsiasi processo complesso senza l&#8217;intervento del team tecnico.<\/li>\n<li><strong>Integra i sistemi:<\/strong> collega il tuo sistema con piattaforme o applicazioni di terze parti e automatizza facilmente le transazioni.<\/li>\n<li><strong>Inserimento dei dipendenti<\/strong>: garantisci una collaborazione interdipartimentale completa e automatizza l&#8217;intero percorso dei dipendenti: pre-boarding, onboarding, transizioni e offboarding.<\/li>\n<li><strong>Riduci al minimo gli abbandoni:<\/strong> coinvolgi i nuovi assunti con interazioni significative nelle diverse fasi del percorso di inserimento e riduci il numero di abbandoni.<\/li>\n<li><strong>Valuta il coinvolgimento<\/strong>: sfrutta i sondaggi per ottenere informazioni utili sui livelli di coinvolgimento dei candidati durante tutto il processo.<\/li>\n<li><strong>Raccogli feedback dei dipendenti<\/strong>: raccogli feedback frequenti sul sentimento dei dipendenti, iniziative specifiche o problemi.<\/li>\n<li><strong>Ottieni informazioni utili<\/strong>: ottieni informazioni intelligenti in tempo reale e capacit\u00e0 di pianificazione delle azioni per favorire il coinvolgimento dei dipendenti.<\/li>\n<\/ul>\n<h4>LE RECENSIONI DEGLI UTENTI<\/h4>\n<p class=\"fw-bold mb-2\"><strong>Piseth &#8220;A proposito di Leena&#8221;<br \/>\n<\/strong><strong>Pro<\/strong>:\u00a0\u00c8 facile da usare. Funziona su molte piattaforme. Il team di Leena \u00e8 aperto ai cambiamenti e al miglioramento del sistema.<br \/>\n<strong>Contro<\/strong>:\u00a0Il tempo necessario per effettuare la personalizzazione \u00e8 lungo.<\/p>\n<p class=\"fw-bold mb-2\"><strong>Anushka &#8220;Recensione di Leena AI&#8221;<br \/>\n<\/strong><strong>Pro<\/strong>:\u00a0Il prodotto \u00e8 facile da usare Abbott ha molta complessit\u00e0 quando si tratta di politiche, anche allora l&#8217;integrazione \u00e8 stata perfetta<br \/>\n<strong>Contro<\/strong>:\u00a0Niente per ora. Saremo in grado di dire i contro una volta che avremo implementato completamente il prodotto.<\/p>\n<p class=\"fw-bold mb-2\"><strong>Soumya &#8220;Trasformare l&#8217;esperienza dei dipendenti&#8221;<br \/>\n<\/strong><span class=\"fw-bold\"><strong>Commenti<\/strong>:<\/span> Buon prodotto<br \/>\n<strong>Pro<\/strong>:\u00a0Facilit\u00e0 d&#8217;uso, La maggior parte dei casi d&#8217;uso delle risorse umane erano indirizzabili, Ottimo supporto da parte del team<br \/>\n<strong>Contro<\/strong>:\u00a0Limitazione in termini di elementi UX utilizzati per la progettazione<\/p>\n","protected":false},"excerpt":{"rendered":"<p>Leena AI \u00e8 un software per l&#8217;esperienza dei dipendenti progettato per aiutare le aziende a interagire con i membri del personale utilizzando la tecnologia dell&#8217;intelligenza artificiale conversazionale (AI).\u00a0Le organizzazioni possono informare i dipendenti su annunci o eventi importanti tramite notifiche in blocco e assegnare automaticamente ticket di supporto ai membri del team responsabili.\u00a0<\/p>\n","protected":false},"author":19,"featured_media":62588,"parent":62394,"menu_order":0,"comment_status":"open","ping_status":"closed","template":"g1_template_page_review_new.php","meta":{"_acf_changed":false,"cwp_meta_box_check":"No","cwp_rev_product_name":"","cwp_rev_product_image":"","wppr_links":[],"cwp_rev_price":"","wppr_options":[],"wppr_pros":[],"wppr_cons":[],"_monsterinsights_skip_tracking":false,"_monsterinsights_sitenote_active":false,"_monsterinsights_sitenote_note":"","_monsterinsights_sitenote_category":0,"footnotes":""},"categories":[13513],"tags":[13525,13581,13582,13528,13527,13526],"features":[],"class_list":{"0":"post-62571","1":"page","2":"type-page","3":"status-publish","4":"has-post-thumbnail","6":"category-assistenza-virtuale-cat","7":"tag-app-assistenza-clienti","8":"tag-leena-ai","9":"tag-piattaforma-assistenza-clienti","10":"tag-programma-assistenza-clienti","11":"tag-software-assistenza-clienti","12":"tag-soluzione-assistenza-clienti"},"wppr_data":{"cwp_meta_box_check":"No"},"acf":[],"yoast_head":"<!-- This site is optimized with the Yoast SEO plugin v27.4 - https:\/\/yoast.com\/product\/yoast-seo-wordpress\/ -->\n<title>Leena AI: recensione software assistenza virtuale - Accurate Reviews<\/title>\n<meta name=\"description\" content=\"Leena AI: recensione software per l&#039;esperienza dei dipendenti progettato per aiutare le aziende a interagire con i membri del personale.\" \/>\n<meta name=\"robots\" content=\"index, follow, max-snippet:-1, max-image-preview:large, max-video-preview:-1\" \/>\n<link rel=\"canonical\" href=\"https:\/\/www.accuratereviews.com\/it\/assistenti-virtuali\/leena-ai-recensione\/\" \/>\n<meta property=\"og:locale\" content=\"it_IT\" \/>\n<meta property=\"og:type\" content=\"article\" \/>\n<meta property=\"og:title\" content=\"Leena AI: recensione software assistenza virtuale - Accurate Reviews\" \/>\n<meta property=\"og:description\" content=\"Leena AI: recensione software per l&#039;esperienza dei dipendenti progettato per aiutare le aziende a interagire con i membri del personale.\" \/>\n<meta property=\"og:url\" content=\"https:\/\/www.accuratereviews.com\/it\/assistenti-virtuali\/leena-ai-recensione\/\" \/>\n<meta property=\"og:site_name\" content=\"Accurate Reviews\" \/>\n<meta property=\"article:modified_time\" content=\"2022-10-17T18:34:19+00:00\" \/>\n<meta property=\"og:image\" content=\"https:\/\/www.accuratereviews.com\/wp-content\/uploads\/2022\/10\/Leena-AI.png\" \/>\n\t<meta property=\"og:image:width\" content=\"200\" \/>\n\t<meta property=\"og:image:height\" content=\"200\" \/>\n\t<meta property=\"og:image:type\" content=\"image\/png\" \/>\n<meta name=\"twitter:card\" content=\"summary_large_image\" \/>\n<meta name=\"twitter:label1\" content=\"Tempo di lettura stimato\" \/>\n\t<meta name=\"twitter:data1\" content=\"3 minuti\" \/>\n<script type=\"application\/ld+json\" class=\"yoast-schema-graph\">{\"@context\":\"https:\\\/\\\/schema.org\",\"@graph\":[{\"@type\":\"WebPage\",\"@id\":\"https:\\\/\\\/www.accuratereviews.com\\\/it\\\/assistenti-virtuali\\\/leena-ai-recensione\\\/\",\"url\":\"https:\\\/\\\/www.accuratereviews.com\\\/it\\\/assistenti-virtuali\\\/leena-ai-recensione\\\/\",\"name\":\"Leena AI: recensione software assistenza virtuale - Accurate Reviews\",\"isPartOf\":{\"@id\":\"https:\\\/\\\/www.accuratereviews.com\\\/it\\\/#website\"},\"primaryImageOfPage\":{\"@id\":\"https:\\\/\\\/www.accuratereviews.com\\\/it\\\/assistenti-virtuali\\\/leena-ai-recensione\\\/#primaryimage\"},\"image\":{\"@id\":\"https:\\\/\\\/www.accuratereviews.com\\\/it\\\/assistenti-virtuali\\\/leena-ai-recensione\\\/#primaryimage\"},\"thumbnailUrl\":\"https:\\\/\\\/www.accuratereviews.com\\\/wp-content\\\/uploads\\\/2022\\\/10\\\/Leena-AI.png\",\"datePublished\":\"2022-10-17T07:07:47+00:00\",\"dateModified\":\"2022-10-17T18:34:19+00:00\",\"description\":\"Leena AI: recensione software per l'esperienza dei dipendenti progettato per aiutare le aziende a interagire con i membri del personale.\",\"breadcrumb\":{\"@id\":\"https:\\\/\\\/www.accuratereviews.com\\\/it\\\/assistenti-virtuali\\\/leena-ai-recensione\\\/#breadcrumb\"},\"inLanguage\":\"it-IT\",\"potentialAction\":[{\"@type\":\"ReadAction\",\"target\":[\"https:\\\/\\\/www.accuratereviews.com\\\/it\\\/assistenti-virtuali\\\/leena-ai-recensione\\\/\"]}]},{\"@type\":\"ImageObject\",\"inLanguage\":\"it-IT\",\"@id\":\"https:\\\/\\\/www.accuratereviews.com\\\/it\\\/assistenti-virtuali\\\/leena-ai-recensione\\\/#primaryimage\",\"url\":\"https:\\\/\\\/www.accuratereviews.com\\\/wp-content\\\/uploads\\\/2022\\\/10\\\/Leena-AI.png\",\"contentUrl\":\"https:\\\/\\\/www.accuratereviews.com\\\/wp-content\\\/uploads\\\/2022\\\/10\\\/Leena-AI.png\",\"width\":200,\"height\":200},{\"@type\":\"BreadcrumbList\",\"@id\":\"https:\\\/\\\/www.accuratereviews.com\\\/it\\\/assistenti-virtuali\\\/leena-ai-recensione\\\/#breadcrumb\",\"itemListElement\":[{\"@type\":\"ListItem\",\"position\":1,\"name\":\"Home\",\"item\":\"https:\\\/\\\/www.accuratereviews.com\\\/it\\\/\"},{\"@type\":\"ListItem\",\"position\":2,\"name\":\"Assistenti virtuali\",\"item\":\"https:\\\/\\\/www.accuratereviews.com\\\/it\\\/assistenti-virtuali\\\/\"},{\"@type\":\"ListItem\",\"position\":3,\"name\":\"Leena AI\"}]},{\"@type\":\"WebSite\",\"@id\":\"https:\\\/\\\/www.accuratereviews.com\\\/it\\\/#website\",\"url\":\"https:\\\/\\\/www.accuratereviews.com\\\/it\\\/\",\"name\":\"Accurate Reviews\",\"description\":\"\",\"potentialAction\":[{\"@type\":\"SearchAction\",\"target\":{\"@type\":\"EntryPoint\",\"urlTemplate\":\"https:\\\/\\\/www.accuratereviews.com\\\/it\\\/?s={search_term_string}\"},\"query-input\":{\"@type\":\"PropertyValueSpecification\",\"valueRequired\":true,\"valueName\":\"search_term_string\"}}],\"inLanguage\":\"it-IT\"}]}<\/script>\n<!-- \/ Yoast SEO plugin. -->","yoast_head_json":{"title":"Leena AI: recensione software assistenza virtuale - Accurate Reviews","description":"Leena AI: recensione software per l'esperienza dei dipendenti progettato per aiutare le aziende a interagire con i membri del personale.","robots":{"index":"index","follow":"follow","max-snippet":"max-snippet:-1","max-image-preview":"max-image-preview:large","max-video-preview":"max-video-preview:-1"},"canonical":"https:\/\/www.accuratereviews.com\/it\/assistenti-virtuali\/leena-ai-recensione\/","og_locale":"it_IT","og_type":"article","og_title":"Leena AI: recensione software assistenza virtuale - Accurate Reviews","og_description":"Leena AI: recensione software per l'esperienza dei dipendenti progettato per aiutare le aziende a interagire con i membri del personale.","og_url":"https:\/\/www.accuratereviews.com\/it\/assistenti-virtuali\/leena-ai-recensione\/","og_site_name":"Accurate Reviews","article_modified_time":"2022-10-17T18:34:19+00:00","og_image":[{"width":200,"height":200,"url":"https:\/\/www.accuratereviews.com\/wp-content\/uploads\/2022\/10\/Leena-AI.png","type":"image\/png"}],"twitter_card":"summary_large_image","twitter_misc":{"Tempo di lettura stimato":"3 minuti"},"schema":{"@context":"https:\/\/schema.org","@graph":[{"@type":"WebPage","@id":"https:\/\/www.accuratereviews.com\/it\/assistenti-virtuali\/leena-ai-recensione\/","url":"https:\/\/www.accuratereviews.com\/it\/assistenti-virtuali\/leena-ai-recensione\/","name":"Leena AI: recensione software assistenza virtuale - Accurate Reviews","isPartOf":{"@id":"https:\/\/www.accuratereviews.com\/it\/#website"},"primaryImageOfPage":{"@id":"https:\/\/www.accuratereviews.com\/it\/assistenti-virtuali\/leena-ai-recensione\/#primaryimage"},"image":{"@id":"https:\/\/www.accuratereviews.com\/it\/assistenti-virtuali\/leena-ai-recensione\/#primaryimage"},"thumbnailUrl":"https:\/\/www.accuratereviews.com\/wp-content\/uploads\/2022\/10\/Leena-AI.png","datePublished":"2022-10-17T07:07:47+00:00","dateModified":"2022-10-17T18:34:19+00:00","description":"Leena AI: recensione software per l'esperienza dei dipendenti progettato per aiutare le aziende a interagire con i membri del personale.","breadcrumb":{"@id":"https:\/\/www.accuratereviews.com\/it\/assistenti-virtuali\/leena-ai-recensione\/#breadcrumb"},"inLanguage":"it-IT","potentialAction":[{"@type":"ReadAction","target":["https:\/\/www.accuratereviews.com\/it\/assistenti-virtuali\/leena-ai-recensione\/"]}]},{"@type":"ImageObject","inLanguage":"it-IT","@id":"https:\/\/www.accuratereviews.com\/it\/assistenti-virtuali\/leena-ai-recensione\/#primaryimage","url":"https:\/\/www.accuratereviews.com\/wp-content\/uploads\/2022\/10\/Leena-AI.png","contentUrl":"https:\/\/www.accuratereviews.com\/wp-content\/uploads\/2022\/10\/Leena-AI.png","width":200,"height":200},{"@type":"BreadcrumbList","@id":"https:\/\/www.accuratereviews.com\/it\/assistenti-virtuali\/leena-ai-recensione\/#breadcrumb","itemListElement":[{"@type":"ListItem","position":1,"name":"Home","item":"https:\/\/www.accuratereviews.com\/it\/"},{"@type":"ListItem","position":2,"name":"Assistenti virtuali","item":"https:\/\/www.accuratereviews.com\/it\/assistenti-virtuali\/"},{"@type":"ListItem","position":3,"name":"Leena AI"}]},{"@type":"WebSite","@id":"https:\/\/www.accuratereviews.com\/it\/#website","url":"https:\/\/www.accuratereviews.com\/it\/","name":"Accurate Reviews","description":"","potentialAction":[{"@type":"SearchAction","target":{"@type":"EntryPoint","urlTemplate":"https:\/\/www.accuratereviews.com\/it\/?s={search_term_string}"},"query-input":{"@type":"PropertyValueSpecification","valueRequired":true,"valueName":"search_term_string"}}],"inLanguage":"it-IT"}]}},"_links":{"self":[{"href":"https:\/\/www.accuratereviews.com\/it\/wp-json\/wp\/v2\/pages\/62571","targetHints":{"allow":["GET"]}}],"collection":[{"href":"https:\/\/www.accuratereviews.com\/it\/wp-json\/wp\/v2\/pages"}],"about":[{"href":"https:\/\/www.accuratereviews.com\/it\/wp-json\/wp\/v2\/types\/page"}],"author":[{"embeddable":true,"href":"https:\/\/www.accuratereviews.com\/it\/wp-json\/wp\/v2\/users\/19"}],"replies":[{"embeddable":true,"href":"https:\/\/www.accuratereviews.com\/it\/wp-json\/wp\/v2\/comments?post=62571"}],"version-history":[{"count":8,"href":"https:\/\/www.accuratereviews.com\/it\/wp-json\/wp\/v2\/pages\/62571\/revisions"}],"predecessor-version":[{"id":62643,"href":"https:\/\/www.accuratereviews.com\/it\/wp-json\/wp\/v2\/pages\/62571\/revisions\/62643"}],"up":[{"embeddable":true,"href":"https:\/\/www.accuratereviews.com\/it\/wp-json\/wp\/v2\/pages\/62394"}],"wp:featuredmedia":[{"embeddable":true,"href":"https:\/\/www.accuratereviews.com\/it\/wp-json\/wp\/v2\/media\/62588"}],"wp:attachment":[{"href":"https:\/\/www.accuratereviews.com\/it\/wp-json\/wp\/v2\/media?parent=62571"}],"wp:term":[{"taxonomy":"category","embeddable":true,"href":"https:\/\/www.accuratereviews.com\/it\/wp-json\/wp\/v2\/categories?post=62571"},{"taxonomy":"post_tag","embeddable":true,"href":"https:\/\/www.accuratereviews.com\/it\/wp-json\/wp\/v2\/tags?post=62571"},{"taxonomy":"features","embeddable":true,"href":"https:\/\/www.accuratereviews.com\/it\/wp-json\/wp\/v2\/features?post=62571"}],"curies":[{"name":"wp","href":"https:\/\/api.w.org\/{rel}","templated":true}]}}