{"id":62573,"date":"2022-10-14T10:46:42","date_gmt":"2022-10-14T10:46:42","guid":{"rendered":"https:\/\/www.accuratereviews.com\/?page_id=62573"},"modified":"2022-10-14T11:11:53","modified_gmt":"2022-10-14T11:11:53","slug":"enterprise-bot-recensione","status":"publish","type":"page","link":"https:\/\/www.accuratereviews.com\/it\/assistenti-virtuali\/enterprise-bot-recensione\/","title":{"rendered":"Enterprise Bot"},"content":{"rendered":"<p><strong>Enterprise Bot<\/strong> \u00e8 un <strong>provider di IA conversazionale<\/strong> che aiuta le aziende a creare<strong> assistenti virtuali<\/strong> basati su <strong>cloud<\/strong> o on-premise per una comunicazione senza interruzioni. Il suo componente di elaborazione del linguaggio naturale (NLP) all&#8217;avanguardia consente agli assistenti virtuali di analizzare il tono, le emozioni e l&#8217;intento in modo tale da fornire risposte accurate. La suite di strumenti di automazione permette inoltre agli utenti di creare flussi di lavoro complessi senza il lavoro degli sviluppatori.<br \/>\nPertanto puoi distribuire i tuoi robot email e vocali entro 4 settimane e i chatbot in \u200b\u200bun giorno. Con questi <strong>assistenti virtuali<\/strong>, puoi anche automatizzare attivit\u00e0 HR monotone come onboarding, documentazione e orientamento, nonch\u00e9 creare una pipeline di gestione dei servizi IT end-to-end che risolve le richieste e i ticket senza l&#8217;intervento umano.<\/p>\n<h2>ENTERPRISE BOT &#8211; TUTORIAL<\/h2>\n<p>Guarda la dimostrazione su come funziona il chatbot basato sull&#8217;intelligenza artificiale di questo <strong>software di assistenza virtuale<\/strong>:<\/p>\n<div id=\"fluid-wrapper-counter-1\" class=\"g1-fluid-wrapper \" style=\"width:686px;\"><div style=\"padding-bottom:56.268221574344%;\"><iframe loading=\"lazy\" title=\"Enterprise Bot | Chatbot integration with Genesys Chat\" width=\"686\" height=\"386\" src=\"https:\/\/www.youtube.com\/embed\/Fg-g210CeCY?feature=oembed&amp;wmode=transparent&amp;autohide=1&amp;autoplay=0&amp;disablekb=0&amp;fs=1&amp;loop=0&amp;enablejsapi=1&amp;rel=0&amp;controls=2&amp;showinfo=0&amp;wmode=transparent&amp;autohide=2&amp;autoplay=0&amp;disablekb=0&amp;fs=1&amp;loop=0&amp;enablejsapi=1&amp;rel=0&amp;controls=2&amp;showinfo=1\" frameborder=\"0\" allow=\"accelerometer; autoplay; clipboard-write; encrypted-media; gyroscope; picture-in-picture\" allowfullscreen><\/iframe><\/div><\/div>\n<h3>ENTERPRISE BOT &#8211; CARATTERISTICHE<\/h3>\n<ul>\n<li><strong>IA multilingue<\/strong>: conversa nella tua lingua locale con la terminologia e le sfumature specifiche della regione per garantire un&#8217;interazione naturale e significativa. Attualmente in inglese, tedesco, francese, italiano, olandese e portoghese.<\/li>\n<li><strong>Analisi del sentiment e passaggio di agenti<\/strong>: nessuna domanda del cliente rimane senza risposta perch\u00e9 quando l&#8217;utente \u00e8 insoddisfatto o il chatbot non pu\u00f2 rispondere, si passa senza problemi a un agente dal vivo che ha la cronologia delle conversazioni.<\/li>\n<li><strong>Facile integrazione<\/strong>: integra il tuo software principale utilizzando API o persino sistemi legacy senza API per fornire risposte significative e complete.<\/li>\n<li><strong>Sicurezza di livello aziendale<\/strong>: tutte le comunicazioni sono crittografate utilizzando la crittografia AES a 256 bit sia in trasmissione che a riposo per garantire che i tuoi dati siano sempre al sicuro. Ospita la soluzione su cloud o completamente on-premise e definisci i controlli di accesso per la massima sicurezza dei dati e conformit\u00e0 al GDPR.<\/li>\n<li><strong>Esperienza omnicanale<\/strong>: ospita il tuo bot sul tuo sito web, app o altre piattaforme come Skype for Business, Facebook Messenger, Twitter, Slack, Genesys chat, Intercom e molti altri, per assicurarti di avere la stessa voce e la stessa intelligenza artificiale per parlare con tutti i tuoi clienti, indipendentemente dal canale.<\/li>\n<li><strong>Comprensione contestuale<\/strong>: il chatbot \u00e8 in grado di contenere il contesto nelle conversazioni chat e ha una memoria in modo che gli utenti non debbano ripetersi. Parla e ragiona con il bot come faresti con una persona reale.<\/li>\n<li><strong>Look and Feel personalizzabile<\/strong>: personalizza l&#8217;aspetto del chatbot per renderlo veramente tuo e struttura la conversazione in un&#8217;interfaccia utente amichevole e altamente flessibile<\/li>\n<\/ul>\n<h4>LE RECENSIONI DEGLI UTENTI<\/h4>\n<p class=\"fw-bold mb-2\"><strong>Nurul Salimah&#8221;Chat veloce e chat di supporto dal vivo&#8221;<br \/>\n<\/strong><span class=\"fw-bold\"><strong>Commenti<\/strong>:<\/span> \u00c8 un&#8217;ottima alternativa per consentire ai clienti di connettersi e chattare direttamente con noi. Ha aiutato i nostri clienti ad avere una risposta rapida alle loro richieste.<br \/>\n<strong>Pro<\/strong>:\u00a0\u00c8 un&#8217;applicazione di assistenza clienti eccezionale e preziosa che \u00e8 facile da incorporare in una pagina Web o in un e-commerce senza richiedere conoscenze e competenze. Posiziona il widget o gli script che genera nella posizione di destinazione. Include molte possibilit\u00e0 di personalizzazione per la progettazione e la traduzione e risponde automaticamente. Poich\u00e9 l&#8217;agilit\u00e0 e la rapidit\u00e0 del servizio sono fondamentali per la fidelizzazione dei clienti, si risparmia tempo e i clienti risultano soddisfatti.<br \/>\n<strong>Contro<\/strong>:\u00a0L&#8217;impostazione di riunioni utilizzando l&#8217;interfaccia di chat dal vivo potrebbe essere un buona alternativa, soprattutto se il sistema \u00e8 in grado di riconoscere gli utenti di spam. Anche se non sono clienti, Enterprise Bot consente a chiunque di richiedere informazioni aziendali.<\/p>\n<p class=\"fw-bold mb-2\"><strong>Ingrid&#8221;Uso di un robot vocale&#8221;<br \/>\n<\/strong><span class=\"fw-bold\"><strong>Commenti<\/strong>:<\/span> Enterprise Bot ha implementato il robot vocale nella nostra azienda e ha supportato intensamente il progetto. I dipendenti sono altamente motivati, impegnati e agiscono nell&#8217;interesse del cliente.<br \/>\n<strong>Pro<\/strong>:\u00a0Il robot risponde a varie domande dei clienti in modo indipendente, accurato e 24 ore su 24, 7 giorni su 7. I dipendenti vengono continuamente sollevati dalle stesse richieste telefoniche. Il robot vocale integra il ChatBot gi\u00e0 utilizzato.<br \/>\n<strong>Contro<\/strong>:\u00a0Le statistiche e lo strumento di formazione potrebbero essere resi pi\u00f9 facili da usare.<\/p>\n<p class=\"fw-bold mb-2\"><strong>Alex&#8221;Attuazione del SER&#8221;<br \/>\n<\/strong><span class=\"fw-bold\"><strong>Commenti<\/strong>:<\/span> lasciamo che lo strumento legga ogni messaggio di posta in arrivo, decidiamo il motivo della richiesta del cliente, creiamo un ticket (in uno strumento di ticket standard) e assegniamo questo ticket al relativo gruppo di risolutori. Il tasso di riconoscimento degli intenti \u00e8 molto buono<br \/>\n<strong>Pro<\/strong>:\u00a0Apprezzo molto la qualit\u00e0 dello strumento e la sua capacit\u00e0 di comprendere l&#8217;intento dell&#8217;email di un cliente<br \/>\n<strong>Contro<\/strong>:\u00a0Non ho nulla da aggiungere in questo campo, ne sono pienamente soddisfatto.<\/p>\n","protected":false},"excerpt":{"rendered":"<p>Enterprise Bot \u00e8 un provider di IA conversazionale che aiuta le aziende a creare assistenti virtuali basati su cloud o on-premise per una comunicazione senza interruzioni. Il suo componente di elaborazione del linguaggio naturale (NLP) all&#8217;avanguardia consente agli assistenti virtuali di analizzare il tono, le emozioni e l&#8217;intento in modo tale da fornire risposte accurate.<\/p>\n","protected":false},"author":19,"featured_media":62575,"parent":62394,"menu_order":0,"comment_status":"open","ping_status":"closed","template":"g1_template_page_review_new.php","meta":{"_acf_changed":false,"cwp_meta_box_check":"No","cwp_rev_product_name":"","cwp_rev_product_image":"","wppr_links":[],"cwp_rev_price":"","wppr_options":[],"wppr_pros":[],"wppr_cons":[],"_monsterinsights_skip_tracking":false,"_monsterinsights_sitenote_active":false,"_monsterinsights_sitenote_note":"","_monsterinsights_sitenote_category":0,"footnotes":""},"categories":[13513],"tags":[13519,13580,13521,13534,13520,13533],"features":[],"class_list":{"0":"post-62573","1":"page","2":"type-page","3":"status-publish","4":"has-post-thumbnail","6":"category-assistenza-virtuale-cat","7":"tag-app-assistenza-virtuale","8":"tag-enterprise-bot","9":"tag-piattaforma-assistenza-virtuale","10":"tag-programma-assistenza-virtuale","11":"tag-software-assistenza-virtuale","12":"tag-soluzione-assistenza-virtuale"},"wppr_data":{"cwp_meta_box_check":"No"},"acf":[],"yoast_head":"<!-- This site is optimized with the Yoast SEO plugin v27.4 - https:\/\/yoast.com\/product\/yoast-seo-wordpress\/ -->\n<title>Enterprise Bot: recensione software assistenza virtuale - Accurate Reviews<\/title>\n<meta name=\"description\" content=\"Enterprise Bot: recensione provider di IA conversazionale che aiuta le aziende a creare assistenti virtuali basati su cloud o on-premise.\" \/>\n<meta name=\"robots\" content=\"index, follow, max-snippet:-1, max-image-preview:large, max-video-preview:-1\" \/>\n<link rel=\"canonical\" href=\"https:\/\/www.accuratereviews.com\/it\/assistenti-virtuali\/enterprise-bot-recensione\/\" \/>\n<meta property=\"og:locale\" content=\"it_IT\" \/>\n<meta property=\"og:type\" content=\"article\" \/>\n<meta property=\"og:title\" content=\"Enterprise Bot: recensione software assistenza virtuale - Accurate Reviews\" \/>\n<meta property=\"og:description\" content=\"Enterprise Bot: recensione provider di IA conversazionale che aiuta le aziende a creare assistenti virtuali basati su cloud o on-premise.\" \/>\n<meta property=\"og:url\" content=\"https:\/\/www.accuratereviews.com\/it\/assistenti-virtuali\/enterprise-bot-recensione\/\" \/>\n<meta property=\"og:site_name\" content=\"Accurate Reviews\" \/>\n<meta property=\"article:modified_time\" content=\"2022-10-14T11:11:53+00:00\" \/>\n<meta property=\"og:image\" content=\"https:\/\/www.accuratereviews.com\/wp-content\/uploads\/2022\/10\/Enterprise-Bot.png\" \/>\n\t<meta property=\"og:image:width\" content=\"498\" \/>\n\t<meta property=\"og:image:height\" content=\"364\" \/>\n\t<meta property=\"og:image:type\" content=\"image\/png\" \/>\n<meta name=\"twitter:card\" content=\"summary_large_image\" \/>\n<meta name=\"twitter:label1\" content=\"Tempo di lettura stimato\" \/>\n\t<meta name=\"twitter:data1\" content=\"4 minuti\" \/>\n<script type=\"application\/ld+json\" class=\"yoast-schema-graph\">{\"@context\":\"https:\\\/\\\/schema.org\",\"@graph\":[{\"@type\":\"WebPage\",\"@id\":\"https:\\\/\\\/www.accuratereviews.com\\\/it\\\/assistenti-virtuali\\\/enterprise-bot-recensione\\\/\",\"url\":\"https:\\\/\\\/www.accuratereviews.com\\\/it\\\/assistenti-virtuali\\\/enterprise-bot-recensione\\\/\",\"name\":\"Enterprise Bot: recensione software assistenza virtuale - Accurate Reviews\",\"isPartOf\":{\"@id\":\"https:\\\/\\\/www.accuratereviews.com\\\/it\\\/#website\"},\"primaryImageOfPage\":{\"@id\":\"https:\\\/\\\/www.accuratereviews.com\\\/it\\\/assistenti-virtuali\\\/enterprise-bot-recensione\\\/#primaryimage\"},\"image\":{\"@id\":\"https:\\\/\\\/www.accuratereviews.com\\\/it\\\/assistenti-virtuali\\\/enterprise-bot-recensione\\\/#primaryimage\"},\"thumbnailUrl\":\"https:\\\/\\\/www.accuratereviews.com\\\/wp-content\\\/uploads\\\/2022\\\/10\\\/Enterprise-Bot.png\",\"datePublished\":\"2022-10-14T10:46:42+00:00\",\"dateModified\":\"2022-10-14T11:11:53+00:00\",\"description\":\"Enterprise Bot: recensione provider di IA conversazionale che aiuta le aziende a creare assistenti virtuali basati su cloud o on-premise.\",\"breadcrumb\":{\"@id\":\"https:\\\/\\\/www.accuratereviews.com\\\/it\\\/assistenti-virtuali\\\/enterprise-bot-recensione\\\/#breadcrumb\"},\"inLanguage\":\"it-IT\",\"potentialAction\":[{\"@type\":\"ReadAction\",\"target\":[\"https:\\\/\\\/www.accuratereviews.com\\\/it\\\/assistenti-virtuali\\\/enterprise-bot-recensione\\\/\"]}]},{\"@type\":\"ImageObject\",\"inLanguage\":\"it-IT\",\"@id\":\"https:\\\/\\\/www.accuratereviews.com\\\/it\\\/assistenti-virtuali\\\/enterprise-bot-recensione\\\/#primaryimage\",\"url\":\"https:\\\/\\\/www.accuratereviews.com\\\/wp-content\\\/uploads\\\/2022\\\/10\\\/Enterprise-Bot.png\",\"contentUrl\":\"https:\\\/\\\/www.accuratereviews.com\\\/wp-content\\\/uploads\\\/2022\\\/10\\\/Enterprise-Bot.png\",\"width\":498,\"height\":364},{\"@type\":\"BreadcrumbList\",\"@id\":\"https:\\\/\\\/www.accuratereviews.com\\\/it\\\/assistenti-virtuali\\\/enterprise-bot-recensione\\\/#breadcrumb\",\"itemListElement\":[{\"@type\":\"ListItem\",\"position\":1,\"name\":\"Home\",\"item\":\"https:\\\/\\\/www.accuratereviews.com\\\/it\\\/\"},{\"@type\":\"ListItem\",\"position\":2,\"name\":\"Assistenti virtuali\",\"item\":\"https:\\\/\\\/www.accuratereviews.com\\\/it\\\/assistenti-virtuali\\\/\"},{\"@type\":\"ListItem\",\"position\":3,\"name\":\"Enterprise Bot\"}]},{\"@type\":\"WebSite\",\"@id\":\"https:\\\/\\\/www.accuratereviews.com\\\/it\\\/#website\",\"url\":\"https:\\\/\\\/www.accuratereviews.com\\\/it\\\/\",\"name\":\"Accurate Reviews\",\"description\":\"\",\"potentialAction\":[{\"@type\":\"SearchAction\",\"target\":{\"@type\":\"EntryPoint\",\"urlTemplate\":\"https:\\\/\\\/www.accuratereviews.com\\\/it\\\/?s={search_term_string}\"},\"query-input\":{\"@type\":\"PropertyValueSpecification\",\"valueRequired\":true,\"valueName\":\"search_term_string\"}}],\"inLanguage\":\"it-IT\"}]}<\/script>\n<!-- \/ Yoast SEO plugin. -->","yoast_head_json":{"title":"Enterprise Bot: recensione software assistenza virtuale - Accurate Reviews","description":"Enterprise Bot: recensione provider di IA conversazionale che aiuta le aziende a creare assistenti virtuali basati su cloud o on-premise.","robots":{"index":"index","follow":"follow","max-snippet":"max-snippet:-1","max-image-preview":"max-image-preview:large","max-video-preview":"max-video-preview:-1"},"canonical":"https:\/\/www.accuratereviews.com\/it\/assistenti-virtuali\/enterprise-bot-recensione\/","og_locale":"it_IT","og_type":"article","og_title":"Enterprise Bot: recensione software assistenza virtuale - Accurate Reviews","og_description":"Enterprise Bot: recensione provider di IA conversazionale che aiuta le aziende a creare assistenti virtuali basati su cloud o on-premise.","og_url":"https:\/\/www.accuratereviews.com\/it\/assistenti-virtuali\/enterprise-bot-recensione\/","og_site_name":"Accurate Reviews","article_modified_time":"2022-10-14T11:11:53+00:00","og_image":[{"width":498,"height":364,"url":"https:\/\/www.accuratereviews.com\/wp-content\/uploads\/2022\/10\/Enterprise-Bot.png","type":"image\/png"}],"twitter_card":"summary_large_image","twitter_misc":{"Tempo di lettura stimato":"4 minuti"},"schema":{"@context":"https:\/\/schema.org","@graph":[{"@type":"WebPage","@id":"https:\/\/www.accuratereviews.com\/it\/assistenti-virtuali\/enterprise-bot-recensione\/","url":"https:\/\/www.accuratereviews.com\/it\/assistenti-virtuali\/enterprise-bot-recensione\/","name":"Enterprise Bot: recensione software assistenza virtuale - Accurate Reviews","isPartOf":{"@id":"https:\/\/www.accuratereviews.com\/it\/#website"},"primaryImageOfPage":{"@id":"https:\/\/www.accuratereviews.com\/it\/assistenti-virtuali\/enterprise-bot-recensione\/#primaryimage"},"image":{"@id":"https:\/\/www.accuratereviews.com\/it\/assistenti-virtuali\/enterprise-bot-recensione\/#primaryimage"},"thumbnailUrl":"https:\/\/www.accuratereviews.com\/wp-content\/uploads\/2022\/10\/Enterprise-Bot.png","datePublished":"2022-10-14T10:46:42+00:00","dateModified":"2022-10-14T11:11:53+00:00","description":"Enterprise Bot: recensione provider di IA conversazionale che aiuta le aziende a creare assistenti virtuali basati su cloud o on-premise.","breadcrumb":{"@id":"https:\/\/www.accuratereviews.com\/it\/assistenti-virtuali\/enterprise-bot-recensione\/#breadcrumb"},"inLanguage":"it-IT","potentialAction":[{"@type":"ReadAction","target":["https:\/\/www.accuratereviews.com\/it\/assistenti-virtuali\/enterprise-bot-recensione\/"]}]},{"@type":"ImageObject","inLanguage":"it-IT","@id":"https:\/\/www.accuratereviews.com\/it\/assistenti-virtuali\/enterprise-bot-recensione\/#primaryimage","url":"https:\/\/www.accuratereviews.com\/wp-content\/uploads\/2022\/10\/Enterprise-Bot.png","contentUrl":"https:\/\/www.accuratereviews.com\/wp-content\/uploads\/2022\/10\/Enterprise-Bot.png","width":498,"height":364},{"@type":"BreadcrumbList","@id":"https:\/\/www.accuratereviews.com\/it\/assistenti-virtuali\/enterprise-bot-recensione\/#breadcrumb","itemListElement":[{"@type":"ListItem","position":1,"name":"Home","item":"https:\/\/www.accuratereviews.com\/it\/"},{"@type":"ListItem","position":2,"name":"Assistenti virtuali","item":"https:\/\/www.accuratereviews.com\/it\/assistenti-virtuali\/"},{"@type":"ListItem","position":3,"name":"Enterprise Bot"}]},{"@type":"WebSite","@id":"https:\/\/www.accuratereviews.com\/it\/#website","url":"https:\/\/www.accuratereviews.com\/it\/","name":"Accurate Reviews","description":"","potentialAction":[{"@type":"SearchAction","target":{"@type":"EntryPoint","urlTemplate":"https:\/\/www.accuratereviews.com\/it\/?s={search_term_string}"},"query-input":{"@type":"PropertyValueSpecification","valueRequired":true,"valueName":"search_term_string"}}],"inLanguage":"it-IT"}]}},"_links":{"self":[{"href":"https:\/\/www.accuratereviews.com\/it\/wp-json\/wp\/v2\/pages\/62573","targetHints":{"allow":["GET"]}}],"collection":[{"href":"https:\/\/www.accuratereviews.com\/it\/wp-json\/wp\/v2\/pages"}],"about":[{"href":"https:\/\/www.accuratereviews.com\/it\/wp-json\/wp\/v2\/types\/page"}],"author":[{"embeddable":true,"href":"https:\/\/www.accuratereviews.com\/it\/wp-json\/wp\/v2\/users\/19"}],"replies":[{"embeddable":true,"href":"https:\/\/www.accuratereviews.com\/it\/wp-json\/wp\/v2\/comments?post=62573"}],"version-history":[{"count":12,"href":"https:\/\/www.accuratereviews.com\/it\/wp-json\/wp\/v2\/pages\/62573\/revisions"}],"predecessor-version":[{"id":62608,"href":"https:\/\/www.accuratereviews.com\/it\/wp-json\/wp\/v2\/pages\/62573\/revisions\/62608"}],"up":[{"embeddable":true,"href":"https:\/\/www.accuratereviews.com\/it\/wp-json\/wp\/v2\/pages\/62394"}],"wp:featuredmedia":[{"embeddable":true,"href":"https:\/\/www.accuratereviews.com\/it\/wp-json\/wp\/v2\/media\/62575"}],"wp:attachment":[{"href":"https:\/\/www.accuratereviews.com\/it\/wp-json\/wp\/v2\/media?parent=62573"}],"wp:term":[{"taxonomy":"category","embeddable":true,"href":"https:\/\/www.accuratereviews.com\/it\/wp-json\/wp\/v2\/categories?post=62573"},{"taxonomy":"post_tag","embeddable":true,"href":"https:\/\/www.accuratereviews.com\/it\/wp-json\/wp\/v2\/tags?post=62573"},{"taxonomy":"features","embeddable":true,"href":"https:\/\/www.accuratereviews.com\/it\/wp-json\/wp\/v2\/features?post=62573"}],"curies":[{"name":"wp","href":"https:\/\/api.w.org\/{rel}","templated":true}]}}