{"id":62609,"date":"2022-10-14T13:11:36","date_gmt":"2022-10-14T13:11:36","guid":{"rendered":"https:\/\/www.accuratereviews.com\/?page_id=62609"},"modified":"2022-10-18T07:13:33","modified_gmt":"2022-10-18T07:13:33","slug":"ada-recensione","status":"publish","type":"page","link":"https:\/\/www.accuratereviews.com\/it\/assistenti-virtuali\/ada-recensione\/","title":{"rendered":"Ada"},"content":{"rendered":"<p><strong>Ada<\/strong> \u00e8 un <strong>software di assistenza virtuale<\/strong> che fornisce chatbot in grado di automatizzare\u00a0migliaia di argomenti di conversazione con ogni cliente e dipendente, risparmiando cos\u00ec sui costi e aumentando i ricavi. In questo modo viene colmato il divario tra la vostra azienda e i potenziali clienti che vogliono entrare in contatto con voi.<br \/>\n<strong>Ada<\/strong> offre una ricca suite di integrazioni, un&#8217;ampia reportistica e cerca di creare un coinvolgimento intelligente, proattivo e bidirezionale, che aumenta le conversioni e rende i clienti soddisfatti.<\/p>\n<h2>ADA &#8211; TUTORIAL<\/h2>\n<div id=\"fluid-wrapper-counter-1\" class=\"g1-fluid-wrapper \" style=\"width:686px;\">\n<div style=\"padding-bottom:56.268221574344%;\"><iframe loading=\"lazy\" title=\"Treat everyone like a VIP with Ada\" width=\"686\" height=\"386\" src=\"https:\/\/www.youtube.com\/embed\/Wo6Yx6z8hTg?feature=oembed&amp;wmode=transparent&amp;autohide=1&amp;autoplay=0&amp;disablekb=0&amp;fs=1&amp;loop=0&amp;enablejsapi=1&amp;rel=0&amp;controls=2&amp;showinfo=0&amp;wmode=transparent&amp;autohide=2&amp;autoplay=0&amp;disablekb=0&amp;fs=1&amp;loop=0&amp;enablejsapi=1&amp;rel=0&amp;controls=2&amp;showinfo=1\" frameborder=\"0\" allow=\"accelerometer; autoplay; clipboard-write; encrypted-media; gyroscope; picture-in-picture\" allowfullscreen><\/iframe><\/div>\n<\/div>\n<h3>ADA &#8211; CARATTERISTICHE<\/h3>\n<ul>\n<li><strong>Software senza codice<\/strong>: ambiente di costruzione di interazioni senza codice<\/li>\n<li><strong>IA conversazionale<\/strong>: tecnologie di linguaggio naturale proprietarie e leader del settore<\/li>\n<li><strong>Analisi in tempo reale<\/strong>: approfondimenti basati su ML per informare l&#8217;ottimizzazione<\/li>\n<li><strong>Servizi professionali<\/strong>: ottimi per ottimizzare, accelerare e raggiungere i vostri obiettivi di automazione<\/li>\n<li><strong>App directory<\/strong>: funzionale per esplorare le integrazioni e ampliare la piattaforma di interazione con il marchio Ada<\/li>\n<li><strong>Risposte<\/strong>: possibilit\u00e0 di risolvere rapidamente le domande pi\u00f9 comuni con FAQ automatiche e funzionalit\u00e0 di ricerca intelligente, ticketing immediato e reportistica orientata ai casi d&#8217;uso<\/li>\n<li><strong>Azione<\/strong>: risposte personalizzate a domande specifiche e facilitare l&#8217;azione con segmentazione, NLU multilingue e un&#8217;ampia gamma di applicazioni.<\/li>\n<li><strong>Anticipazione<\/strong>: si possono prevedere le esigenze e agire preventivamente su pi\u00f9 canali con l&#8217;arricchimento dei dati, le campagne proattive e l&#8217;IVR to SMS.<\/li>\n<\/ul>\n<h4>LE RECENSIONI DEGLI UTENTI<\/h4>\n<p><strong>Chris &#8220;La piattaforma di chat pi\u00f9 facile&#8221;<\/strong><br \/>\nCommenti: Il team di Ada \u00e8 stato di grande supporto ogni volta che abbiamo incontrato qualche problema. Il loro team \u00e8 stato veloce nel rispondere e disponibile.<br \/>\nPro: Il pi\u00f9 grande vantaggio di Ada \u00e8 che \u00e8 FACILE da usare. Le nuove funzionalit\u00e0 sono in continuo aumento e si stanno rapidamente avvicinando a quelle di altre piattaforme di chat, ma la facilit\u00e0 d&#8217;uso \u00e8 ci\u00f2 che ci manterr\u00e0 fedeli.<br \/>\nContro: nel periodo in cui abbiamo utilizzato Ada \u00e8 stata buona per le conversazioni di base e per supportare le risposte ad albero decisionale, tuttavia l&#8217;aggiornamento di ottobre 2018 sembra aver aggiunto molte nuove funzionalit\u00e0. Non possiamo dire di averle gi\u00e0 utilizzate, ma le loro funzioni di segmentazione saranno fondamentali per aiutarci a personalizzare l&#8217;esperienza di chat.<\/p>\n<p><strong>Guillermo &#8220;Ada ci ha aiutato a scalare senza assumere e formare nuovo personale&#8221;.<\/strong><br \/>\nPRO: prima di Ada, avevamo difficolt\u00e0 ad assumere e gestire il personale di supporto per far fronte ai nostri volumi di assistenza imprevedibili. Ora, con Ada, possiamo scalare per soddisfare le esigenze della nostra base di clienti in crescita con un&#8217;assistenza immediata. Automatizzando il 75% delle nostre richieste in entrata nel 2018, Ada ci ha aiutato a fornire una soluzione self-service eccezionale, consentendo ai nostri agenti di occuparsi di problemi pi\u00f9 complessi dei clienti e di far crescere il nostro business.<br \/>\nContro: \u00e8 un software in fase di sviluppo, quindi ci sono mancate alcune funzionalit\u00e0 che ritenevamo importanti, anche se quando le abbiamo richieste il team le ha fornite con sorprendente rapidit\u00e0.<\/p>\n<p><strong>Michael &#8220;Ada \u00e8 FANTASTICO!&#8221;<\/strong><br \/>\nCommenti: li amo, li amo, li amo!<br \/>\nPro: Grande fan di Ada. Abbiamo costruito e integrato Adachatbot per ridurre il volume delle chiamate e aumentare i tempi di risposta. Abbiamo gestito una trasformazione dell&#8217;assistenza clienti in meno di 30 giorni dal lancio al ROI. Abbiamo creato efficienza operativa, riducendo i tempi medi di attesa del 50% e aumentando la durata delle chat del 20%. Il loro team di vendita e il loro team di onboarding sono assolutamente i migliori.<br \/>\nContro: l&#8217;impostazione e l&#8217;approfondimento per far funzionare questo strumento richiedono tempo, ma ne vale la pena.<\/p>\n","protected":false},"excerpt":{"rendered":"<p>Ada \u00e8 un software di assistenza virtuale che fornisce chatbot in grado di automatizzare\u00a0migliaia di argomenti di conversazione con ogni cliente e dipendente, risparmiando cos\u00ec sui costi e aumentando i ricavi. In questo modo viene colmato il divario tra la vostra azienda e i potenziali clienti che vogliono entrare in contatto con voi. \u00a0<\/p>\n","protected":false},"author":17,"featured_media":62610,"parent":62394,"menu_order":0,"comment_status":"open","ping_status":"closed","template":"g1_template_page_review_new.php","meta":{"_acf_changed":false,"cwp_meta_box_check":"No","cwp_rev_product_name":"","cwp_rev_product_image":"","wppr_links":[],"cwp_rev_price":"","wppr_options":[],"wppr_pros":[],"wppr_cons":[],"_monsterinsights_skip_tracking":false,"_monsterinsights_sitenote_active":false,"_monsterinsights_sitenote_note":"","_monsterinsights_sitenote_category":0,"footnotes":""},"categories":[13513],"tags":[13519,13521,13534,13520,13533],"features":[],"class_list":{"0":"post-62609","1":"page","2":"type-page","3":"status-publish","4":"has-post-thumbnail","6":"category-assistenza-virtuale-cat","7":"tag-app-assistenza-virtuale","8":"tag-piattaforma-assistenza-virtuale","9":"tag-programma-assistenza-virtuale","10":"tag-software-assistenza-virtuale","11":"tag-soluzione-assistenza-virtuale"},"wppr_data":{"cwp_meta_box_check":"No"},"acf":[],"yoast_head":"<!-- This site is optimized with the Yoast SEO plugin v27.4 - https:\/\/yoast.com\/product\/yoast-seo-wordpress\/ -->\n<title>Ada: recensione app assistenza virtuale - Accurate Reviews<\/title>\n<meta name=\"description\" content=\"Ada: recensione del software di assistenza virtuale che fornisce chatbot in grado di automatizzare\u00a0migliaia di argomenti di conversazione.\" \/>\n<meta name=\"robots\" content=\"index, follow, max-snippet:-1, max-image-preview:large, max-video-preview:-1\" \/>\n<link rel=\"canonical\" href=\"https:\/\/www.accuratereviews.com\/it\/assistenti-virtuali\/ada-recensione\/\" \/>\n<meta property=\"og:locale\" content=\"it_IT\" \/>\n<meta property=\"og:type\" content=\"article\" \/>\n<meta property=\"og:title\" content=\"Ada: recensione app assistenza virtuale - Accurate Reviews\" \/>\n<meta property=\"og:description\" content=\"Ada: recensione del software di assistenza virtuale che fornisce chatbot in grado di automatizzare\u00a0migliaia di argomenti di conversazione.\" \/>\n<meta property=\"og:url\" content=\"https:\/\/www.accuratereviews.com\/it\/assistenti-virtuali\/ada-recensione\/\" \/>\n<meta property=\"og:site_name\" content=\"Accurate Reviews\" \/>\n<meta property=\"article:modified_time\" content=\"2022-10-18T07:13:33+00:00\" \/>\n<meta property=\"og:image\" content=\"https:\/\/www.accuratereviews.com\/wp-content\/uploads\/2022\/10\/Schermata-2022-10-14-alle-13.42.59.png\" \/>\n\t<meta property=\"og:image:width\" content=\"464\" \/>\n\t<meta property=\"og:image:height\" content=\"200\" \/>\n\t<meta property=\"og:image:type\" content=\"image\/png\" \/>\n<meta name=\"twitter:card\" content=\"summary_large_image\" \/>\n<meta name=\"twitter:label1\" content=\"Tempo di lettura stimato\" \/>\n\t<meta name=\"twitter:data1\" content=\"4 minuti\" \/>\n<script type=\"application\/ld+json\" class=\"yoast-schema-graph\">{\"@context\":\"https:\\\/\\\/schema.org\",\"@graph\":[{\"@type\":\"WebPage\",\"@id\":\"https:\\\/\\\/www.accuratereviews.com\\\/it\\\/assistenti-virtuali\\\/ada-recensione\\\/\",\"url\":\"https:\\\/\\\/www.accuratereviews.com\\\/it\\\/assistenti-virtuali\\\/ada-recensione\\\/\",\"name\":\"Ada: recensione app assistenza virtuale - Accurate Reviews\",\"isPartOf\":{\"@id\":\"https:\\\/\\\/www.accuratereviews.com\\\/it\\\/#website\"},\"primaryImageOfPage\":{\"@id\":\"https:\\\/\\\/www.accuratereviews.com\\\/it\\\/assistenti-virtuali\\\/ada-recensione\\\/#primaryimage\"},\"image\":{\"@id\":\"https:\\\/\\\/www.accuratereviews.com\\\/it\\\/assistenti-virtuali\\\/ada-recensione\\\/#primaryimage\"},\"thumbnailUrl\":\"https:\\\/\\\/www.accuratereviews.com\\\/wp-content\\\/uploads\\\/2022\\\/10\\\/Schermata-2022-10-14-alle-13.42.59.png\",\"datePublished\":\"2022-10-14T13:11:36+00:00\",\"dateModified\":\"2022-10-18T07:13:33+00:00\",\"description\":\"Ada: recensione del software di assistenza virtuale che fornisce chatbot in grado di automatizzare\u00a0migliaia di argomenti di conversazione.\",\"breadcrumb\":{\"@id\":\"https:\\\/\\\/www.accuratereviews.com\\\/it\\\/assistenti-virtuali\\\/ada-recensione\\\/#breadcrumb\"},\"inLanguage\":\"it-IT\",\"potentialAction\":[{\"@type\":\"ReadAction\",\"target\":[\"https:\\\/\\\/www.accuratereviews.com\\\/it\\\/assistenti-virtuali\\\/ada-recensione\\\/\"]}]},{\"@type\":\"ImageObject\",\"inLanguage\":\"it-IT\",\"@id\":\"https:\\\/\\\/www.accuratereviews.com\\\/it\\\/assistenti-virtuali\\\/ada-recensione\\\/#primaryimage\",\"url\":\"https:\\\/\\\/www.accuratereviews.com\\\/wp-content\\\/uploads\\\/2022\\\/10\\\/Schermata-2022-10-14-alle-13.42.59.png\",\"contentUrl\":\"https:\\\/\\\/www.accuratereviews.com\\\/wp-content\\\/uploads\\\/2022\\\/10\\\/Schermata-2022-10-14-alle-13.42.59.png\",\"width\":464,\"height\":200},{\"@type\":\"BreadcrumbList\",\"@id\":\"https:\\\/\\\/www.accuratereviews.com\\\/it\\\/assistenti-virtuali\\\/ada-recensione\\\/#breadcrumb\",\"itemListElement\":[{\"@type\":\"ListItem\",\"position\":1,\"name\":\"Home\",\"item\":\"https:\\\/\\\/www.accuratereviews.com\\\/it\\\/\"},{\"@type\":\"ListItem\",\"position\":2,\"name\":\"Assistenti virtuali\",\"item\":\"https:\\\/\\\/www.accuratereviews.com\\\/it\\\/assistenti-virtuali\\\/\"},{\"@type\":\"ListItem\",\"position\":3,\"name\":\"Ada\"}]},{\"@type\":\"WebSite\",\"@id\":\"https:\\\/\\\/www.accuratereviews.com\\\/it\\\/#website\",\"url\":\"https:\\\/\\\/www.accuratereviews.com\\\/it\\\/\",\"name\":\"Accurate Reviews\",\"description\":\"\",\"potentialAction\":[{\"@type\":\"SearchAction\",\"target\":{\"@type\":\"EntryPoint\",\"urlTemplate\":\"https:\\\/\\\/www.accuratereviews.com\\\/it\\\/?s={search_term_string}\"},\"query-input\":{\"@type\":\"PropertyValueSpecification\",\"valueRequired\":true,\"valueName\":\"search_term_string\"}}],\"inLanguage\":\"it-IT\"}]}<\/script>\n<!-- \/ Yoast SEO plugin. -->","yoast_head_json":{"title":"Ada: recensione app assistenza virtuale - Accurate Reviews","description":"Ada: recensione del software di assistenza virtuale che fornisce chatbot in grado di automatizzare\u00a0migliaia di argomenti di conversazione.","robots":{"index":"index","follow":"follow","max-snippet":"max-snippet:-1","max-image-preview":"max-image-preview:large","max-video-preview":"max-video-preview:-1"},"canonical":"https:\/\/www.accuratereviews.com\/it\/assistenti-virtuali\/ada-recensione\/","og_locale":"it_IT","og_type":"article","og_title":"Ada: recensione app assistenza virtuale - Accurate Reviews","og_description":"Ada: recensione del software di assistenza virtuale che fornisce chatbot in grado di automatizzare\u00a0migliaia di argomenti di conversazione.","og_url":"https:\/\/www.accuratereviews.com\/it\/assistenti-virtuali\/ada-recensione\/","og_site_name":"Accurate Reviews","article_modified_time":"2022-10-18T07:13:33+00:00","og_image":[{"width":464,"height":200,"url":"https:\/\/www.accuratereviews.com\/wp-content\/uploads\/2022\/10\/Schermata-2022-10-14-alle-13.42.59.png","type":"image\/png"}],"twitter_card":"summary_large_image","twitter_misc":{"Tempo di lettura stimato":"4 minuti"},"schema":{"@context":"https:\/\/schema.org","@graph":[{"@type":"WebPage","@id":"https:\/\/www.accuratereviews.com\/it\/assistenti-virtuali\/ada-recensione\/","url":"https:\/\/www.accuratereviews.com\/it\/assistenti-virtuali\/ada-recensione\/","name":"Ada: recensione app assistenza virtuale - Accurate Reviews","isPartOf":{"@id":"https:\/\/www.accuratereviews.com\/it\/#website"},"primaryImageOfPage":{"@id":"https:\/\/www.accuratereviews.com\/it\/assistenti-virtuali\/ada-recensione\/#primaryimage"},"image":{"@id":"https:\/\/www.accuratereviews.com\/it\/assistenti-virtuali\/ada-recensione\/#primaryimage"},"thumbnailUrl":"https:\/\/www.accuratereviews.com\/wp-content\/uploads\/2022\/10\/Schermata-2022-10-14-alle-13.42.59.png","datePublished":"2022-10-14T13:11:36+00:00","dateModified":"2022-10-18T07:13:33+00:00","description":"Ada: recensione del software di assistenza virtuale che fornisce chatbot in grado di automatizzare\u00a0migliaia di argomenti di conversazione.","breadcrumb":{"@id":"https:\/\/www.accuratereviews.com\/it\/assistenti-virtuali\/ada-recensione\/#breadcrumb"},"inLanguage":"it-IT","potentialAction":[{"@type":"ReadAction","target":["https:\/\/www.accuratereviews.com\/it\/assistenti-virtuali\/ada-recensione\/"]}]},{"@type":"ImageObject","inLanguage":"it-IT","@id":"https:\/\/www.accuratereviews.com\/it\/assistenti-virtuali\/ada-recensione\/#primaryimage","url":"https:\/\/www.accuratereviews.com\/wp-content\/uploads\/2022\/10\/Schermata-2022-10-14-alle-13.42.59.png","contentUrl":"https:\/\/www.accuratereviews.com\/wp-content\/uploads\/2022\/10\/Schermata-2022-10-14-alle-13.42.59.png","width":464,"height":200},{"@type":"BreadcrumbList","@id":"https:\/\/www.accuratereviews.com\/it\/assistenti-virtuali\/ada-recensione\/#breadcrumb","itemListElement":[{"@type":"ListItem","position":1,"name":"Home","item":"https:\/\/www.accuratereviews.com\/it\/"},{"@type":"ListItem","position":2,"name":"Assistenti virtuali","item":"https:\/\/www.accuratereviews.com\/it\/assistenti-virtuali\/"},{"@type":"ListItem","position":3,"name":"Ada"}]},{"@type":"WebSite","@id":"https:\/\/www.accuratereviews.com\/it\/#website","url":"https:\/\/www.accuratereviews.com\/it\/","name":"Accurate Reviews","description":"","potentialAction":[{"@type":"SearchAction","target":{"@type":"EntryPoint","urlTemplate":"https:\/\/www.accuratereviews.com\/it\/?s={search_term_string}"},"query-input":{"@type":"PropertyValueSpecification","valueRequired":true,"valueName":"search_term_string"}}],"inLanguage":"it-IT"}]}},"_links":{"self":[{"href":"https:\/\/www.accuratereviews.com\/it\/wp-json\/wp\/v2\/pages\/62609","targetHints":{"allow":["GET"]}}],"collection":[{"href":"https:\/\/www.accuratereviews.com\/it\/wp-json\/wp\/v2\/pages"}],"about":[{"href":"https:\/\/www.accuratereviews.com\/it\/wp-json\/wp\/v2\/types\/page"}],"author":[{"embeddable":true,"href":"https:\/\/www.accuratereviews.com\/it\/wp-json\/wp\/v2\/users\/17"}],"replies":[{"embeddable":true,"href":"https:\/\/www.accuratereviews.com\/it\/wp-json\/wp\/v2\/comments?post=62609"}],"version-history":[{"count":2,"href":"https:\/\/www.accuratereviews.com\/it\/wp-json\/wp\/v2\/pages\/62609\/revisions"}],"predecessor-version":[{"id":62672,"href":"https:\/\/www.accuratereviews.com\/it\/wp-json\/wp\/v2\/pages\/62609\/revisions\/62672"}],"up":[{"embeddable":true,"href":"https:\/\/www.accuratereviews.com\/it\/wp-json\/wp\/v2\/pages\/62394"}],"wp:featuredmedia":[{"embeddable":true,"href":"https:\/\/www.accuratereviews.com\/it\/wp-json\/wp\/v2\/media\/62610"}],"wp:attachment":[{"href":"https:\/\/www.accuratereviews.com\/it\/wp-json\/wp\/v2\/media?parent=62609"}],"wp:term":[{"taxonomy":"category","embeddable":true,"href":"https:\/\/www.accuratereviews.com\/it\/wp-json\/wp\/v2\/categories?post=62609"},{"taxonomy":"post_tag","embeddable":true,"href":"https:\/\/www.accuratereviews.com\/it\/wp-json\/wp\/v2\/tags?post=62609"},{"taxonomy":"features","embeddable":true,"href":"https:\/\/www.accuratereviews.com\/it\/wp-json\/wp\/v2\/features?post=62609"}],"curies":[{"name":"wp","href":"https:\/\/api.w.org\/{rel}","templated":true}]}}