{"id":62815,"date":"2022-10-21T16:52:25","date_gmt":"2022-10-21T16:52:25","guid":{"rendered":"https:\/\/www.accuratereviews.com\/?page_id=62815"},"modified":"2022-10-21T17:07:44","modified_gmt":"2022-10-21T17:07:44","slug":"goodaccess-recensione","status":"publish","type":"page","link":"https:\/\/www.accuratereviews.com\/it\/software-di-crittografia\/goodaccess-recensione\/","title":{"rendered":"GoodAccess"},"content":{"rendered":"<p><strong>GoodAccess<\/strong> \u00e8 una <strong>VPN cloud<\/strong> progettata per aiutare i team, che lavorano in remoto, ad accedere in modo sicuro a sistemi aziendali, app e altre risorse. In soli 10 minuti crei una rete privata resiliente con controllo degli accessi basato sull&#8217;identit\u00e0. Nessun hardware, nessun costo di manutenzione. In pochi clic proteggi l&#8217;accesso remoto a qualsiasi sistema e app cloud da qualsiasi luogo e in qualsiasi momento.\u00a0Gli amministratori possono utilizzare un pannello di controllo per accedere al gateway virtuale, inserire nella whitelist indirizzi IP specifici, nascondere le applicazioni per prevenire attacchi di hacking o DDoS e inviare inviti ai dipendenti che lavorano da casa o da postazioni distribuite.\u00a0Altre caratteristiche includono port forwarding, registri, eventi e statistiche, regole di rete suddivise e personalizzate e gestione delle comunicazioni <strong>crittografate<\/strong>.<br \/>\nI dipendenti possono anche utilizzare applicazioni mobili su dispositivi Android o iOS per connettersi a reti private e accedere ai sistemi aziendali da qualsiasi luogo.<\/p>\n<h2>GOODACCESS &#8211; TUTORIAL<\/h2>\n<div id=\"fluid-wrapper-counter-1\" class=\"g1-fluid-wrapper \" style=\"width:686px;\">\n<div style=\"padding-bottom:56.268221574344%;\"><iframe loading=\"lazy\" title=\"Product Walkthrough | GoodAccess Cloud VPN\" width=\"686\" height=\"386\" src=\"https:\/\/www.youtube.com\/embed\/5afL0XTfwz8?feature=oembed&amp;wmode=transparent&amp;autohide=1&amp;autoplay=0&amp;disablekb=0&amp;fs=1&amp;loop=0&amp;enablejsapi=1&amp;rel=0&amp;controls=2&amp;showinfo=0&amp;wmode=transparent&amp;autohide=2&amp;autoplay=0&amp;disablekb=0&amp;fs=1&amp;loop=0&amp;enablejsapi=1&amp;rel=0&amp;controls=2&amp;showinfo=1\" frameborder=\"0\" allow=\"accelerometer; autoplay; clipboard-write; encrypted-media; gyroscope; picture-in-picture\" allowfullscreen><\/iframe><\/div>\n<\/div>\n<h3>GOODACCESS &#8211; CARATTERISTICHE<\/h3>\n<ul>\n<li><strong>Facilit\u00e0 d&#8217;uso<\/strong>: proteggi l&#8217;accesso remoto alla tua rete aziendale in meno di 10 minuti. Inserisci nella whitelist il tuo nuovo indirizzo IP pubblico, invita i dipendenti e connettiti tramite l&#8217;app con un clic.<\/li>\n<li><strong>Privacy su Internet:<\/strong> sicurezza aggiuntiva a livello di rete, tunnel VPN crittografato e anonimo, sicurezza Internet Wi-Fi pubblica, connettivit\u00e0 di filiale, port forwarding, protocolli IKev2\/OpenVPN.<\/li>\n<li><strong>Efficienza dei costi<\/strong>: con costi di implementazione e formazione minimi, il software offre il miglior affare sul mercato.<\/li>\n<li><strong>Supporto tecnico di prim&#8217;ordine<\/strong>: in ogni fase del tuo viaggio, saranno li per assisterti. Videoconferenze, chat dal vivo, supporto email e il sistema di ticket disponibile 24 ore su 24, 7 giorni su 7.<\/li>\n<li><strong>Server VPN cloud, senza hardware<\/strong>: server VPN cloud privato con IP dedicato. Connettivit\u00e0 ad alta velocit\u00e0, bassa latenza e illimitata. Accedi ai tuoi sistemi aziendali da qualsiasi luogo.<\/li>\n<li><strong>Risolvere la conformit\u00e0<\/strong>: scopri chi si \u00e8 connesso alla tua rete aziendale, quando e da dove. Il monitoraggio dell&#8217;attivit\u00e0 della tua rete aziendale \u00e8 essenziale per conformit\u00e0 come GDPR\/SOC2\/HIPPA.<\/li>\n<\/ul>\n<h4>LE RECENSIONI DEGLI UTENTI<\/h4>\n<p class=\"fw-bold mb-2\"><strong>Japheth Immanuel&#8221;Ottimo servizio fornito!&#8221;<br \/>\n<\/strong><span class=\"fw-bold\"><strong>Commenti<\/strong>:<\/span> L&#8217;esperienza \u00e8 la migliore, questo \u00e8 il primo provider di IP statico VPN che ho usato e non mi pento di averlo usato.<br \/>\n<strong>Pro<\/strong>:\u00a0Mi piace la facilit\u00e0 di utilizzo del software, la stabilit\u00e0 e il buon servizio che offre.<br \/>\n<strong>Contro<\/strong>:\u00a0Il servizio clienti non \u00e8 24 ore su 24, 7 giorni su 7, suppongo. Devo aspettare 12 ore prima che un rappresentante risponda.<\/p>\n<p class=\"fw-bold mb-2\"><strong>Muhammad Hassaan&#8221;Buon prezzo, mancanza di assistenza clienti&#8221;<br \/>\n<\/strong><strong>Pro<\/strong>:\u00a0I prezzi sono molto interessanti, come startup amiamo tutti i prezzi di GoodAccess<br \/>\n<strong>Contro<\/strong>:\u00a0Assistenza clienti e problemi di connessione e affidabilit\u00e0<\/p>\n<p class=\"fw-bold mb-2\"><strong>Marcus&#8221;Il pacchetto VPN perfetto per una startup&#8221;<br \/>\n<\/strong><span class=\"fw-bold\"><strong>Commenti<\/strong>:<\/span> Utilizziamo GoodAccess quotidianamente da quasi un anno, e non c&#8217;\u00e8 stato un problema o un tempo di inattivit\u00e0 molto breve. Tutto sommato credo non abbia eguali basandosi anche sul costo<br \/>\n<strong>Pro<\/strong>:\u00a0GoodAccess offre diversi modi per connettersi, il che aiuta molto un amministratore IT, poich\u00e9 l&#8217;implementazione su dispositivi e utenti diversi \u00e8 molto semplice e veloce.<br \/>\n<strong>Contro<\/strong>:\u00a0L&#8217;unica cosa che non mi piace dei profili generati \u00e8 che non vengono forniti con il login automatico! Sono sicuro che c&#8217;\u00e8 una soluzione rapida a questo.<\/p>\n","protected":false},"excerpt":{"rendered":"<p>GoodAccess \u00e8 una VPN cloud progettata per aiutare i team, che lavorano in remoto, ad accedere in modo sicuro a sistemi aziendali, app e altre risorse. In soli 10 minuti crei una rete privata resiliente con controllo degli accessi basato sull&#8217;identit\u00e0. Nessun hardware, nessun costo di manutenzione.<\/p>\n","protected":false},"author":19,"featured_media":62819,"parent":62847,"menu_order":0,"comment_status":"open","ping_status":"closed","template":"g1_template_page_review_new.php","meta":{"_acf_changed":false,"cwp_meta_box_check":"No","cwp_rev_product_name":"","cwp_rev_product_image":"","wppr_links":[],"cwp_rev_price":"","wppr_options":[],"wppr_pros":[],"wppr_cons":[],"_monsterinsights_skip_tracking":false,"_monsterinsights_sitenote_active":false,"_monsterinsights_sitenote_note":"","_monsterinsights_sitenote_category":0,"footnotes":""},"categories":[13617],"tags":[13619,730,13611,13609,13618,13614,13612,13613],"features":[],"class_list":{"0":"post-62815","1":"page","2":"type-page","3":"status-publish","4":"has-post-thumbnail","6":"category-software-crittografia-cat","7":"tag-app-di-crittografia","8":"tag-crittografia","9":"tag-encryption-software","10":"tag-goodaccess","11":"tag-piattaforma-di-crittografia","12":"tag-programma-di-crittografia","13":"tag-software-di-crittografia","14":"tag-soluzione-di-crittografia"},"wppr_data":{"cwp_meta_box_check":"No"},"acf":[],"yoast_head":"<!-- This site is optimized with the Yoast SEO plugin v27.4 - https:\/\/yoast.com\/product\/yoast-seo-wordpress\/ -->\n<title>GoodAccess: recensione Encryption Software - Accurate Reviews<\/title>\n<meta name=\"description\" content=\"GoodAccess: recensione VPN cloud progettata per aiutare i team remoti ad accedere in modo sicuro a sistemi aziendali, app e altre risorse.\" \/>\n<meta name=\"robots\" content=\"index, follow, max-snippet:-1, max-image-preview:large, max-video-preview:-1\" \/>\n<link rel=\"canonical\" href=\"https:\/\/www.accuratereviews.com\/it\/software-di-crittografia\/goodaccess-recensione\/\" \/>\n<meta property=\"og:locale\" content=\"it_IT\" \/>\n<meta property=\"og:type\" content=\"article\" \/>\n<meta property=\"og:title\" content=\"GoodAccess: recensione Encryption Software - Accurate Reviews\" \/>\n<meta property=\"og:description\" content=\"GoodAccess: recensione VPN cloud progettata per aiutare i team remoti ad accedere in modo sicuro a sistemi aziendali, app e altre risorse.\" \/>\n<meta property=\"og:url\" content=\"https:\/\/www.accuratereviews.com\/it\/software-di-crittografia\/goodaccess-recensione\/\" \/>\n<meta property=\"og:site_name\" content=\"Accurate Reviews\" \/>\n<meta property=\"article:modified_time\" content=\"2022-10-21T17:07:44+00:00\" \/>\n<meta property=\"og:image\" content=\"https:\/\/www.accuratereviews.com\/wp-content\/uploads\/2022\/10\/GoodAccess.jpeg\" \/>\n\t<meta property=\"og:image:width\" content=\"400\" \/>\n\t<meta property=\"og:image:height\" content=\"400\" \/>\n\t<meta property=\"og:image:type\" content=\"image\/jpeg\" \/>\n<meta name=\"twitter:card\" content=\"summary_large_image\" \/>\n<meta name=\"twitter:label1\" content=\"Tempo di lettura stimato\" \/>\n\t<meta name=\"twitter:data1\" content=\"3 minuti\" \/>\n<script type=\"application\/ld+json\" class=\"yoast-schema-graph\">{\"@context\":\"https:\\\/\\\/schema.org\",\"@graph\":[{\"@type\":\"WebPage\",\"@id\":\"https:\\\/\\\/www.accuratereviews.com\\\/it\\\/software-di-crittografia\\\/goodaccess-recensione\\\/\",\"url\":\"https:\\\/\\\/www.accuratereviews.com\\\/it\\\/software-di-crittografia\\\/goodaccess-recensione\\\/\",\"name\":\"GoodAccess: recensione Encryption Software - Accurate Reviews\",\"isPartOf\":{\"@id\":\"https:\\\/\\\/www.accuratereviews.com\\\/it\\\/#website\"},\"primaryImageOfPage\":{\"@id\":\"https:\\\/\\\/www.accuratereviews.com\\\/it\\\/software-di-crittografia\\\/goodaccess-recensione\\\/#primaryimage\"},\"image\":{\"@id\":\"https:\\\/\\\/www.accuratereviews.com\\\/it\\\/software-di-crittografia\\\/goodaccess-recensione\\\/#primaryimage\"},\"thumbnailUrl\":\"https:\\\/\\\/www.accuratereviews.com\\\/wp-content\\\/uploads\\\/2022\\\/10\\\/GoodAccess.jpeg\",\"datePublished\":\"2022-10-21T16:52:25+00:00\",\"dateModified\":\"2022-10-21T17:07:44+00:00\",\"description\":\"GoodAccess: recensione VPN cloud progettata per aiutare i team remoti ad accedere in modo sicuro a sistemi aziendali, app e altre risorse.\",\"breadcrumb\":{\"@id\":\"https:\\\/\\\/www.accuratereviews.com\\\/it\\\/software-di-crittografia\\\/goodaccess-recensione\\\/#breadcrumb\"},\"inLanguage\":\"it-IT\",\"potentialAction\":[{\"@type\":\"ReadAction\",\"target\":[\"https:\\\/\\\/www.accuratereviews.com\\\/it\\\/software-di-crittografia\\\/goodaccess-recensione\\\/\"]}]},{\"@type\":\"ImageObject\",\"inLanguage\":\"it-IT\",\"@id\":\"https:\\\/\\\/www.accuratereviews.com\\\/it\\\/software-di-crittografia\\\/goodaccess-recensione\\\/#primaryimage\",\"url\":\"https:\\\/\\\/www.accuratereviews.com\\\/wp-content\\\/uploads\\\/2022\\\/10\\\/GoodAccess.jpeg\",\"contentUrl\":\"https:\\\/\\\/www.accuratereviews.com\\\/wp-content\\\/uploads\\\/2022\\\/10\\\/GoodAccess.jpeg\",\"width\":400,\"height\":400},{\"@type\":\"BreadcrumbList\",\"@id\":\"https:\\\/\\\/www.accuratereviews.com\\\/it\\\/software-di-crittografia\\\/goodaccess-recensione\\\/#breadcrumb\",\"itemListElement\":[{\"@type\":\"ListItem\",\"position\":1,\"name\":\"Home\",\"item\":\"https:\\\/\\\/www.accuratereviews.com\\\/it\\\/\"},{\"@type\":\"ListItem\",\"position\":2,\"name\":\"Software di crittografia\",\"item\":\"https:\\\/\\\/www.accuratereviews.com\\\/it\\\/software-di-crittografia\\\/\"},{\"@type\":\"ListItem\",\"position\":3,\"name\":\"GoodAccess\"}]},{\"@type\":\"WebSite\",\"@id\":\"https:\\\/\\\/www.accuratereviews.com\\\/it\\\/#website\",\"url\":\"https:\\\/\\\/www.accuratereviews.com\\\/it\\\/\",\"name\":\"Accurate Reviews\",\"description\":\"\",\"potentialAction\":[{\"@type\":\"SearchAction\",\"target\":{\"@type\":\"EntryPoint\",\"urlTemplate\":\"https:\\\/\\\/www.accuratereviews.com\\\/it\\\/?s={search_term_string}\"},\"query-input\":{\"@type\":\"PropertyValueSpecification\",\"valueRequired\":true,\"valueName\":\"search_term_string\"}}],\"inLanguage\":\"it-IT\"}]}<\/script>\n<!-- \/ Yoast SEO plugin. -->","yoast_head_json":{"title":"GoodAccess: recensione Encryption Software - Accurate Reviews","description":"GoodAccess: recensione VPN cloud progettata per aiutare i team remoti ad accedere in modo sicuro a sistemi aziendali, app e altre risorse.","robots":{"index":"index","follow":"follow","max-snippet":"max-snippet:-1","max-image-preview":"max-image-preview:large","max-video-preview":"max-video-preview:-1"},"canonical":"https:\/\/www.accuratereviews.com\/it\/software-di-crittografia\/goodaccess-recensione\/","og_locale":"it_IT","og_type":"article","og_title":"GoodAccess: recensione Encryption Software - Accurate Reviews","og_description":"GoodAccess: recensione VPN cloud progettata per aiutare i team remoti ad accedere in modo sicuro a sistemi aziendali, app e altre risorse.","og_url":"https:\/\/www.accuratereviews.com\/it\/software-di-crittografia\/goodaccess-recensione\/","og_site_name":"Accurate Reviews","article_modified_time":"2022-10-21T17:07:44+00:00","og_image":[{"width":400,"height":400,"url":"https:\/\/www.accuratereviews.com\/wp-content\/uploads\/2022\/10\/GoodAccess.jpeg","type":"image\/jpeg"}],"twitter_card":"summary_large_image","twitter_misc":{"Tempo di lettura stimato":"3 minuti"},"schema":{"@context":"https:\/\/schema.org","@graph":[{"@type":"WebPage","@id":"https:\/\/www.accuratereviews.com\/it\/software-di-crittografia\/goodaccess-recensione\/","url":"https:\/\/www.accuratereviews.com\/it\/software-di-crittografia\/goodaccess-recensione\/","name":"GoodAccess: recensione Encryption Software - Accurate Reviews","isPartOf":{"@id":"https:\/\/www.accuratereviews.com\/it\/#website"},"primaryImageOfPage":{"@id":"https:\/\/www.accuratereviews.com\/it\/software-di-crittografia\/goodaccess-recensione\/#primaryimage"},"image":{"@id":"https:\/\/www.accuratereviews.com\/it\/software-di-crittografia\/goodaccess-recensione\/#primaryimage"},"thumbnailUrl":"https:\/\/www.accuratereviews.com\/wp-content\/uploads\/2022\/10\/GoodAccess.jpeg","datePublished":"2022-10-21T16:52:25+00:00","dateModified":"2022-10-21T17:07:44+00:00","description":"GoodAccess: recensione VPN cloud progettata per aiutare i team remoti ad accedere in modo sicuro a sistemi aziendali, app e altre risorse.","breadcrumb":{"@id":"https:\/\/www.accuratereviews.com\/it\/software-di-crittografia\/goodaccess-recensione\/#breadcrumb"},"inLanguage":"it-IT","potentialAction":[{"@type":"ReadAction","target":["https:\/\/www.accuratereviews.com\/it\/software-di-crittografia\/goodaccess-recensione\/"]}]},{"@type":"ImageObject","inLanguage":"it-IT","@id":"https:\/\/www.accuratereviews.com\/it\/software-di-crittografia\/goodaccess-recensione\/#primaryimage","url":"https:\/\/www.accuratereviews.com\/wp-content\/uploads\/2022\/10\/GoodAccess.jpeg","contentUrl":"https:\/\/www.accuratereviews.com\/wp-content\/uploads\/2022\/10\/GoodAccess.jpeg","width":400,"height":400},{"@type":"BreadcrumbList","@id":"https:\/\/www.accuratereviews.com\/it\/software-di-crittografia\/goodaccess-recensione\/#breadcrumb","itemListElement":[{"@type":"ListItem","position":1,"name":"Home","item":"https:\/\/www.accuratereviews.com\/it\/"},{"@type":"ListItem","position":2,"name":"Software di crittografia","item":"https:\/\/www.accuratereviews.com\/it\/software-di-crittografia\/"},{"@type":"ListItem","position":3,"name":"GoodAccess"}]},{"@type":"WebSite","@id":"https:\/\/www.accuratereviews.com\/it\/#website","url":"https:\/\/www.accuratereviews.com\/it\/","name":"Accurate Reviews","description":"","potentialAction":[{"@type":"SearchAction","target":{"@type":"EntryPoint","urlTemplate":"https:\/\/www.accuratereviews.com\/it\/?s={search_term_string}"},"query-input":{"@type":"PropertyValueSpecification","valueRequired":true,"valueName":"search_term_string"}}],"inLanguage":"it-IT"}]}},"_links":{"self":[{"href":"https:\/\/www.accuratereviews.com\/it\/wp-json\/wp\/v2\/pages\/62815","targetHints":{"allow":["GET"]}}],"collection":[{"href":"https:\/\/www.accuratereviews.com\/it\/wp-json\/wp\/v2\/pages"}],"about":[{"href":"https:\/\/www.accuratereviews.com\/it\/wp-json\/wp\/v2\/types\/page"}],"author":[{"embeddable":true,"href":"https:\/\/www.accuratereviews.com\/it\/wp-json\/wp\/v2\/users\/19"}],"replies":[{"embeddable":true,"href":"https:\/\/www.accuratereviews.com\/it\/wp-json\/wp\/v2\/comments?post=62815"}],"version-history":[{"count":17,"href":"https:\/\/www.accuratereviews.com\/it\/wp-json\/wp\/v2\/pages\/62815\/revisions"}],"predecessor-version":[{"id":62887,"href":"https:\/\/www.accuratereviews.com\/it\/wp-json\/wp\/v2\/pages\/62815\/revisions\/62887"}],"up":[{"embeddable":true,"href":"https:\/\/www.accuratereviews.com\/it\/wp-json\/wp\/v2\/pages\/62847"}],"wp:featuredmedia":[{"embeddable":true,"href":"https:\/\/www.accuratereviews.com\/it\/wp-json\/wp\/v2\/media\/62819"}],"wp:attachment":[{"href":"https:\/\/www.accuratereviews.com\/it\/wp-json\/wp\/v2\/media?parent=62815"}],"wp:term":[{"taxonomy":"category","embeddable":true,"href":"https:\/\/www.accuratereviews.com\/it\/wp-json\/wp\/v2\/categories?post=62815"},{"taxonomy":"post_tag","embeddable":true,"href":"https:\/\/www.accuratereviews.com\/it\/wp-json\/wp\/v2\/tags?post=62815"},{"taxonomy":"features","embeddable":true,"href":"https:\/\/www.accuratereviews.com\/it\/wp-json\/wp\/v2\/features?post=62815"}],"curies":[{"name":"wp","href":"https:\/\/api.w.org\/{rel}","templated":true}]}}