{"id":6285,"date":"2015-09-28T10:23:39","date_gmt":"2015-09-28T10:23:39","guid":{"rendered":"http:\/\/www.accuratereviews.com\/it\/orc-i-software-migliori-lista-migliori\/readiris-pro-15\/"},"modified":"2016-11-14T17:02:32","modified_gmt":"2016-11-14T17:02:32","slug":"readiris-pro-15","status":"publish","type":"page","link":"https:\/\/www.accuratereviews.com\/it\/orc-i-software-migliori-lista-migliori\/readiris-pro-15\/","title":{"rendered":"Readiris Pro 15"},"content":{"rendered":"<div id=\"attachment_2422\" style=\"width: 970px\" class=\"wp-caption alignnone\"><img loading=\"lazy\" decoding=\"async\" aria-describedby=\"caption-attachment-2422\" class=\"size-full wp-image-2422\" src=\"http:\/\/www.accuratereviews.com\/wp-content\/uploads\/2015\/09\/readiris-pro-15.jpg\" alt=\"As you can see, Readiris Pro 15 has the same visual language as the latest Windows OS.\" width=\"960\" height=\"433\" srcset=\"https:\/\/www.accuratereviews.com\/wp-content\/uploads\/2015\/09\/readiris-pro-15.jpg 960w, https:\/\/www.accuratereviews.com\/wp-content\/uploads\/2015\/09\/readiris-pro-15-300x135.jpg 300w, https:\/\/www.accuratereviews.com\/wp-content\/uploads\/2015\/09\/readiris-pro-15-768x346.jpg 768w, https:\/\/www.accuratereviews.com\/wp-content\/uploads\/2015\/09\/readiris-pro-15-260x117.jpg 260w, https:\/\/www.accuratereviews.com\/wp-content\/uploads\/2015\/09\/readiris-pro-15-50x23.jpg 50w, https:\/\/www.accuratereviews.com\/wp-content\/uploads\/2015\/09\/readiris-pro-15-636x287.jpg 636w, https:\/\/www.accuratereviews.com\/wp-content\/uploads\/2015\/09\/readiris-pro-15-320x144.jpg 320w, https:\/\/www.accuratereviews.com\/wp-content\/uploads\/2015\/09\/readiris-pro-15-239x108.jpg 239w\" sizes=\"auto, (max-width: 960px) 100vw, 960px\" \/><p id=\"caption-attachment-2422\" class=\"wp-caption-text\">Come potete vedere, Readiris Pro 15 utilizza lo stesso linguaggio grafico dell&#8217;ultima versione di Windows.<\/p><\/div>\n<p><strong>Readiris Pro 15<\/strong> \u00e8 sviluppato da I.R.I.S., un\u2019azienda di lungo corso nel campo del software OCR, e questa versione del loro software per la scansione e la gestione dei documenti digitali non tradisce la loro fama: <strong>riconosce testi in 130 lingue, e comprende le parole di quelle pi\u00f9 comuni<\/strong>, in maniera da verificare e correggere lo spelling in tempo reale, riducendo la necessit\u00e0 di controllare le scansioni. <strong>La versione aziendale comprende il salvataggio su cloud<\/strong> (Dropbox o Google Drive o altri), una funzionalit\u00e0 di conversione del testo in audio, opzioni di ritocco delle immagini e altro ancora. Esiste una versione per Mac, ma \u00e8 indietro di un ciclo di sviluppo (\u00e8 disponibile Readiris Pro 14).<\/p>\n<p>Per maggiori informazioni vi rimandiamo <a href=\"https:\/\/www.accuratereviews.com\/ocr-software-reviews-list\/readiris-pro-15\/\" title=\"alla nostra recensione in inglese\">alla nostra recensione in inglese<\/a>.<\/p>\n","protected":false},"excerpt":{"rendered":"<p>Readiris Pro 15 \u00e8 sviluppato da I.R.I.S., un\u2019azienda di lungo corso nel campo del software OCR, e quest versione del loro software per la scansione e la gestione dei documenti digitali non tradisce la loro fama: riconosce testi in 130 lingue&#8230;<\/p>\n","protected":false},"author":16,"featured_media":0,"parent":6225,"menu_order":9,"comment_status":"open","ping_status":"closed","template":"g1_template_page_review_new.php","meta":{"_acf_changed":false,"cwp_meta_box_check":"Yes","cwp_rev_product_name":"","cwp_rev_product_image":"","wppr_links":[],"cwp_rev_price":"","wppr_options":[],"wppr_pros":[],"wppr_cons":[],"_monsterinsights_skip_tracking":false,"_monsterinsights_sitenote_active":false,"_monsterinsights_sitenote_note":"","_monsterinsights_sitenote_category":0,"footnotes":""},"categories":[128,129],"tags":[],"features":[],"class_list":{"0":"post-6285","1":"page","2":"type-page","3":"status-publish","5":"category-best-ocr-software-it","6":"category-software-per-ocr"},"wppr_data":{"cwp_meta_box_check":"Yes","cwp_rev_product_name":"","cwp_rev_product_image":"","cwp_image_link":"image","cwp_rev_price":"","wppr_rating":"0.00"},"acf":[],"yoast_head":"<!-- This site is optimized with the Yoast SEO plugin v27.4 - https:\/\/yoast.com\/product\/yoast-seo-wordpress\/ -->\n<title>Readiris Pro 15 recensione miglior OCR | Accurate Reviews<\/title>\n<meta name=\"description\" content=\"Readiris Pro 15 \u00e8 sviluppato da I.R.I.S., e questo \u00e8 un software OCR per la scansione e la gestione dei documenti digitali.\" \/>\n<meta name=\"robots\" content=\"index, follow, max-snippet:-1, max-image-preview:large, max-video-preview:-1\" \/>\n<link rel=\"canonical\" href=\"https:\/\/www.accuratereviews.com\/it\/orc-i-software-migliori-lista-migliori\/readiris-pro-15\/\" \/>\n<meta property=\"og:locale\" content=\"it_IT\" \/>\n<meta property=\"og:type\" content=\"article\" \/>\n<meta property=\"og:title\" content=\"Readiris Pro 15 recensione miglior OCR | Accurate Reviews\" \/>\n<meta property=\"og:description\" content=\"Readiris Pro 15 \u00e8 sviluppato da I.R.I.S., e questo \u00e8 un software OCR per la scansione e la gestione dei documenti digitali.\" \/>\n<meta property=\"og:url\" content=\"https:\/\/www.accuratereviews.com\/it\/orc-i-software-migliori-lista-migliori\/readiris-pro-15\/\" \/>\n<meta property=\"og:site_name\" content=\"Accurate Reviews\" \/>\n<meta property=\"article:modified_time\" content=\"2016-11-14T17:02:32+00:00\" \/>\n<meta property=\"og:image\" content=\"http:\/\/www.accuratereviews.com\/wp-content\/uploads\/2015\/09\/readiris-pro-15.jpg\" \/>\n<meta name=\"twitter:card\" content=\"summary_large_image\" \/>\n<meta name=\"twitter:label1\" content=\"Tempo di lettura stimato\" \/>\n\t<meta name=\"twitter:data1\" content=\"1 minuto\" \/>\n<script type=\"application\/ld+json\" class=\"yoast-schema-graph\">{\"@context\":\"https:\\\/\\\/schema.org\",\"@graph\":[{\"@type\":\"WebPage\",\"@id\":\"https:\\\/\\\/www.accuratereviews.com\\\/it\\\/orc-i-software-migliori-lista-migliori\\\/readiris-pro-15\\\/\",\"url\":\"https:\\\/\\\/www.accuratereviews.com\\\/it\\\/orc-i-software-migliori-lista-migliori\\\/readiris-pro-15\\\/\",\"name\":\"Readiris Pro 15 recensione miglior OCR | Accurate Reviews\",\"isPartOf\":{\"@id\":\"https:\\\/\\\/www.accuratereviews.com\\\/it\\\/#website\"},\"primaryImageOfPage\":{\"@id\":\"https:\\\/\\\/www.accuratereviews.com\\\/it\\\/orc-i-software-migliori-lista-migliori\\\/readiris-pro-15\\\/#primaryimage\"},\"image\":{\"@id\":\"https:\\\/\\\/www.accuratereviews.com\\\/it\\\/orc-i-software-migliori-lista-migliori\\\/readiris-pro-15\\\/#primaryimage\"},\"thumbnailUrl\":\"http:\\\/\\\/www.accuratereviews.com\\\/wp-content\\\/uploads\\\/2015\\\/09\\\/readiris-pro-15.jpg\",\"datePublished\":\"2015-09-28T10:23:39+00:00\",\"dateModified\":\"2016-11-14T17:02:32+00:00\",\"description\":\"Readiris Pro 15 \u00e8 sviluppato da I.R.I.S., e questo \u00e8 un software OCR per la scansione e la gestione dei documenti digitali.\",\"breadcrumb\":{\"@id\":\"https:\\\/\\\/www.accuratereviews.com\\\/it\\\/orc-i-software-migliori-lista-migliori\\\/readiris-pro-15\\\/#breadcrumb\"},\"inLanguage\":\"it-IT\",\"potentialAction\":[{\"@type\":\"ReadAction\",\"target\":[\"https:\\\/\\\/www.accuratereviews.com\\\/it\\\/orc-i-software-migliori-lista-migliori\\\/readiris-pro-15\\\/\"]}]},{\"@type\":\"ImageObject\",\"inLanguage\":\"it-IT\",\"@id\":\"https:\\\/\\\/www.accuratereviews.com\\\/it\\\/orc-i-software-migliori-lista-migliori\\\/readiris-pro-15\\\/#primaryimage\",\"url\":\"http:\\\/\\\/www.accuratereviews.com\\\/wp-content\\\/uploads\\\/2015\\\/09\\\/readiris-pro-15.jpg\",\"contentUrl\":\"http:\\\/\\\/www.accuratereviews.com\\\/wp-content\\\/uploads\\\/2015\\\/09\\\/readiris-pro-15.jpg\"},{\"@type\":\"BreadcrumbList\",\"@id\":\"https:\\\/\\\/www.accuratereviews.com\\\/it\\\/orc-i-software-migliori-lista-migliori\\\/readiris-pro-15\\\/#breadcrumb\",\"itemListElement\":[{\"@type\":\"ListItem\",\"position\":1,\"name\":\"Home\",\"item\":\"https:\\\/\\\/www.accuratereviews.com\\\/it\\\/\"},{\"@type\":\"ListItem\",\"position\":2,\"name\":\"ORC: i software migliori\",\"item\":\"https:\\\/\\\/www.accuratereviews.com\\\/it\\\/orc-i-software-migliori-lista-migliori\\\/\"},{\"@type\":\"ListItem\",\"position\":3,\"name\":\"Readiris Pro 15\"}]},{\"@type\":\"WebSite\",\"@id\":\"https:\\\/\\\/www.accuratereviews.com\\\/it\\\/#website\",\"url\":\"https:\\\/\\\/www.accuratereviews.com\\\/it\\\/\",\"name\":\"Accurate Reviews\",\"description\":\"\",\"potentialAction\":[{\"@type\":\"SearchAction\",\"target\":{\"@type\":\"EntryPoint\",\"urlTemplate\":\"https:\\\/\\\/www.accuratereviews.com\\\/it\\\/?s={search_term_string}\"},\"query-input\":{\"@type\":\"PropertyValueSpecification\",\"valueRequired\":true,\"valueName\":\"search_term_string\"}}],\"inLanguage\":\"it-IT\"}]}<\/script>\n<!-- \/ Yoast SEO plugin. -->","yoast_head_json":{"title":"Readiris Pro 15 recensione miglior OCR | Accurate Reviews","description":"Readiris Pro 15 \u00e8 sviluppato da I.R.I.S., e questo \u00e8 un software OCR per la scansione e la gestione dei documenti digitali.","robots":{"index":"index","follow":"follow","max-snippet":"max-snippet:-1","max-image-preview":"max-image-preview:large","max-video-preview":"max-video-preview:-1"},"canonical":"https:\/\/www.accuratereviews.com\/it\/orc-i-software-migliori-lista-migliori\/readiris-pro-15\/","og_locale":"it_IT","og_type":"article","og_title":"Readiris Pro 15 recensione miglior OCR | Accurate Reviews","og_description":"Readiris Pro 15 \u00e8 sviluppato da I.R.I.S., e questo \u00e8 un software OCR per la scansione e la gestione dei documenti digitali.","og_url":"https:\/\/www.accuratereviews.com\/it\/orc-i-software-migliori-lista-migliori\/readiris-pro-15\/","og_site_name":"Accurate Reviews","article_modified_time":"2016-11-14T17:02:32+00:00","og_image":[{"url":"http:\/\/www.accuratereviews.com\/wp-content\/uploads\/2015\/09\/readiris-pro-15.jpg","type":"","width":"","height":""}],"twitter_card":"summary_large_image","twitter_misc":{"Tempo di lettura stimato":"1 minuto"},"schema":{"@context":"https:\/\/schema.org","@graph":[{"@type":"WebPage","@id":"https:\/\/www.accuratereviews.com\/it\/orc-i-software-migliori-lista-migliori\/readiris-pro-15\/","url":"https:\/\/www.accuratereviews.com\/it\/orc-i-software-migliori-lista-migliori\/readiris-pro-15\/","name":"Readiris Pro 15 recensione miglior OCR | Accurate Reviews","isPartOf":{"@id":"https:\/\/www.accuratereviews.com\/it\/#website"},"primaryImageOfPage":{"@id":"https:\/\/www.accuratereviews.com\/it\/orc-i-software-migliori-lista-migliori\/readiris-pro-15\/#primaryimage"},"image":{"@id":"https:\/\/www.accuratereviews.com\/it\/orc-i-software-migliori-lista-migliori\/readiris-pro-15\/#primaryimage"},"thumbnailUrl":"http:\/\/www.accuratereviews.com\/wp-content\/uploads\/2015\/09\/readiris-pro-15.jpg","datePublished":"2015-09-28T10:23:39+00:00","dateModified":"2016-11-14T17:02:32+00:00","description":"Readiris Pro 15 \u00e8 sviluppato da I.R.I.S., e questo \u00e8 un software OCR per la scansione e la gestione dei documenti digitali.","breadcrumb":{"@id":"https:\/\/www.accuratereviews.com\/it\/orc-i-software-migliori-lista-migliori\/readiris-pro-15\/#breadcrumb"},"inLanguage":"it-IT","potentialAction":[{"@type":"ReadAction","target":["https:\/\/www.accuratereviews.com\/it\/orc-i-software-migliori-lista-migliori\/readiris-pro-15\/"]}]},{"@type":"ImageObject","inLanguage":"it-IT","@id":"https:\/\/www.accuratereviews.com\/it\/orc-i-software-migliori-lista-migliori\/readiris-pro-15\/#primaryimage","url":"http:\/\/www.accuratereviews.com\/wp-content\/uploads\/2015\/09\/readiris-pro-15.jpg","contentUrl":"http:\/\/www.accuratereviews.com\/wp-content\/uploads\/2015\/09\/readiris-pro-15.jpg"},{"@type":"BreadcrumbList","@id":"https:\/\/www.accuratereviews.com\/it\/orc-i-software-migliori-lista-migliori\/readiris-pro-15\/#breadcrumb","itemListElement":[{"@type":"ListItem","position":1,"name":"Home","item":"https:\/\/www.accuratereviews.com\/it\/"},{"@type":"ListItem","position":2,"name":"ORC: i software migliori","item":"https:\/\/www.accuratereviews.com\/it\/orc-i-software-migliori-lista-migliori\/"},{"@type":"ListItem","position":3,"name":"Readiris Pro 15"}]},{"@type":"WebSite","@id":"https:\/\/www.accuratereviews.com\/it\/#website","url":"https:\/\/www.accuratereviews.com\/it\/","name":"Accurate Reviews","description":"","potentialAction":[{"@type":"SearchAction","target":{"@type":"EntryPoint","urlTemplate":"https:\/\/www.accuratereviews.com\/it\/?s={search_term_string}"},"query-input":{"@type":"PropertyValueSpecification","valueRequired":true,"valueName":"search_term_string"}}],"inLanguage":"it-IT"}]}},"_links":{"self":[{"href":"https:\/\/www.accuratereviews.com\/it\/wp-json\/wp\/v2\/pages\/6285","targetHints":{"allow":["GET"]}}],"collection":[{"href":"https:\/\/www.accuratereviews.com\/it\/wp-json\/wp\/v2\/pages"}],"about":[{"href":"https:\/\/www.accuratereviews.com\/it\/wp-json\/wp\/v2\/types\/page"}],"author":[{"embeddable":true,"href":"https:\/\/www.accuratereviews.com\/it\/wp-json\/wp\/v2\/users\/16"}],"replies":[{"embeddable":true,"href":"https:\/\/www.accuratereviews.com\/it\/wp-json\/wp\/v2\/comments?post=6285"}],"version-history":[{"count":6,"href":"https:\/\/www.accuratereviews.com\/it\/wp-json\/wp\/v2\/pages\/6285\/revisions"}],"predecessor-version":[{"id":6396,"href":"https:\/\/www.accuratereviews.com\/it\/wp-json\/wp\/v2\/pages\/6285\/revisions\/6396"}],"up":[{"embeddable":true,"href":"https:\/\/www.accuratereviews.com\/it\/wp-json\/wp\/v2\/pages\/6225"}],"wp:attachment":[{"href":"https:\/\/www.accuratereviews.com\/it\/wp-json\/wp\/v2\/media?parent=6285"}],"wp:term":[{"taxonomy":"category","embeddable":true,"href":"https:\/\/www.accuratereviews.com\/it\/wp-json\/wp\/v2\/categories?post=6285"},{"taxonomy":"post_tag","embeddable":true,"href":"https:\/\/www.accuratereviews.com\/it\/wp-json\/wp\/v2\/tags?post=6285"},{"taxonomy":"features","embeddable":true,"href":"https:\/\/www.accuratereviews.com\/it\/wp-json\/wp\/v2\/features?post=6285"}],"curies":[{"name":"wp","href":"https:\/\/api.w.org\/{rel}","templated":true}]}}