{"id":62863,"date":"2022-10-28T11:08:04","date_gmt":"2022-10-28T11:08:04","guid":{"rendered":"https:\/\/www.accuratereviews.com\/?page_id=62863"},"modified":"2022-10-28T11:08:04","modified_gmt":"2022-10-28T11:08:04","slug":"eset-endpoint-security-recensione","status":"publish","type":"page","link":"https:\/\/www.accuratereviews.com\/it\/software-di-crittografia\/eset-endpoint-security-recensione\/","title":{"rendered":"ESET Endpoint Security"},"content":{"rendered":"<p class=\"h3 mb-1\"><strong>ESET Endpoint Security<\/strong>\u00a0\u00e8 un programma multipiattaforma, disponibile per Windows, Linux, Mac e Android, che offre soluzioni di sicurezza per privati, piccole e medie imprese ed enterprise. Si tratta di un <strong>software di crittografia<\/strong> che protegge tutti gli aspetti della tua vita digitale offrendoti un antivirus pluripremiato, proteggendoti dagli attacchi e impedendo agli hacker di accedere al tuo computer.<br \/>\nGrazie al machine learning avanzato e\u00a0delle tecnologie cloud che prevengono, rilevano e rispondono ai malware\u00a0di<strong>\u00a0ESET Endpoint Security<\/strong>, potrai proteggere i tuoi dati sensibili dai siti web dannosi e effettuare operazioni bancarie online sapendo che le tue transazioni sono al sicuro.<\/p>\n<h2>ESET ENDPOINT SECURITY &#8211; TUTORIAL<\/h2>\n<div id=\"fluid-wrapper-counter-1\" class=\"g1-fluid-wrapper \" style=\"width:686px;\">\n<div style=\"padding-bottom:56.268221574344%;\"><iframe loading=\"lazy\" title=\"ESET Endpoint Security Review - Top Features, Pros &amp; Cons, and Alternatives\" width=\"686\" height=\"386\" src=\"https:\/\/www.youtube.com\/embed\/D-36XUY9UrA?feature=oembed&amp;wmode=transparent&amp;autohide=1&amp;autoplay=0&amp;disablekb=0&amp;fs=1&amp;loop=0&amp;enablejsapi=1&amp;rel=0&amp;controls=2&amp;showinfo=0&amp;wmode=transparent&amp;autohide=2&amp;autoplay=0&amp;disablekb=0&amp;fs=1&amp;loop=0&amp;enablejsapi=1&amp;rel=0&amp;controls=2&amp;showinfo=1\" frameborder=\"0\" allow=\"accelerometer; autoplay; clipboard-write; encrypted-media; gyroscope; picture-in-picture\" allowfullscreen><\/iframe><\/div>\n<\/div>\n<h3>ESET ENDPOINT SECURITY &#8211; CARATTERISTICHE<\/h3>\n<div class=\"col col-xs-6 col-sm-6 col-md-3 \">\n<div id=\"content-c6621434\" class=\"csc-frame csc-frame-default\">\n<ul>\n<li class=\"align-center\"><strong>Single-click management<\/strong>: azioni quali creare un&#8217;esclusione, inviare file per ulteriori analisi o avviare una scansione sono disponibili con un solo clic.<\/li>\n<li class=\"align-center\"><strong>Report avanzati<\/strong>: la piattaforma fornisce oltre 170 report integrati e consente di creare report personalizzati da oltre 1000 data points.<\/li>\n<li class=\"align-center\"><strong>Notifiche personalizzate<\/strong>: usa una notifica predefinita o creane una tua. Il sistema di notifica dispone di un editor completo &#8220;quello che vedi \u00e8 ci\u00f2 che ottieni&#8221;.<\/li>\n<li class=\"align-center\"><strong>Installazione facile<\/strong>: distribuisci installatori live preconfigurati che collegano automaticamente i tuoi endpoint all&#8217;istanza corretta e alla licenza valida.<\/li>\n<li class=\"align-center\"><strong>Protezione multi-piattaforma<\/strong>: proteggi tutti tuoi dispositivi con una sola licenza.<\/li>\n<li class=\"align-center\"><strong>Protezione online<\/strong>: proteggiti da tutti i tipi di malware, incluso virus, ransomware, worms e spyware.<\/li>\n<li class=\"align-center\"><strong>Protezione della propri indentit\u00e0<\/strong>: proteggi i tuoi dati sensibili dagli hacker. Aumenta il livello di protezione quando ti colleghi a reti Wi-Fi pubbliche.<\/li>\n<li class=\"align-center\"><strong>Expertise:\u00a0<\/strong>\u00a0supporto professionale disponibile 24\/7\/365 per rispondere ai tuoi bisogni e risolvere i tuoi problemi informatici.<\/li>\n<li class=\"align-center\"><strong>Risposta rapida<\/strong>: quando sei sotto pressione, il supporto tecnico standard a volte non \u00e8 sufficiente. ESET ti garantisce un tempo di risposta rapido per assicurare la continuit\u00e0 della protezione della tua azienda.<\/li>\n<li class=\"align-center\"><strong>Gestione della complessit\u00e0<\/strong>: con gli esperti ESET dalla tua parte, risolvere problemi complessi diventa un&#8217;attivit\u00e0 gestibile.<\/li>\n<li class=\"align-center\"><strong>Continuit\u00e0 di business<\/strong>: i\u00a0prodotti ESET sono studiati per essere intuitivi e vengono forniti con una documentazione di formazione esauriente.<\/li>\n<li class=\"align-center\"><strong>Riduzione del rischio<\/strong>: i\u00a0complessi rischi per la sicurezza, e il tempo e le risorse spese a gestire tali rischi, possono minacciare la sopravvivenza di un&#8217;organizzazione. Con il supporto di ESET, le tue operazioni sono al sicuro.<\/li>\n<\/ul>\n<\/div>\n<\/div>\n<h4>LE RECENSIONI DEGLI UTENTI<\/h4>\n<p><strong>Joseph &#8220;Nel campo della protezione il prezzo non pu\u00f2 fare da leva&#8221;<\/strong><br \/>\n<span class=\"fw-bold\">Commenti:<\/span> Lo utilizziamo da oltre un decennio, non lo sostituirei con nessun prodotto attualmente sul mercato.<br \/>\nPro: dopo oltre 10 anni di utilizzo su un parco clienti decisamente vasto lo trovo tra i software di protezione meno invasivi del mercato, molto leggero ed efficiente allo stesso tempo. Non costa due lire come molta concorrenza ma offre decisamente una protezione completa e professionale. Mai un cliente l&#8217;ha sostituito per altro software.<br \/>\nContro:\u00a0Nulla. Il prezzo non \u00e8 decisamente allineato alla &#8220;concorrenza&#8221; ma il prodotto \u00e8 tutt&#8217;altra cosa. Risparmiare sulla protezione dei client e server non credo sia attivit\u00e0 veramente conveniente.<\/p>\n<p><strong>Mariassunta &#8220;Ottimo strumento!&#8221;<\/strong><br \/>\nPro:\u00a0Eset Endpoint Security \u00e8 un ottimo antivirus. Facile nell&#8217;utilizzo e nell&#8217;installazione. Rimuove con rapidit\u00e0 ogni minaccia rilevata.<br \/>\nContro:\u00a0Al momento non riscontro inconvenienti o punti a sfavore di questo programma.<\/p>\n<p><strong>Anthony &#8220;Protezione totale e massima produttivit\u00e0&#8221;<\/strong><br \/>\nCommenti: ESET Endpoint Security \u00e8 uno strumento di protezione molto completo. Il suo pannello di avvio offre una rapida panoramica del numero di dispositivi, del numero di minacce rilevate e una linea di tendenza delle minacce.<br \/>\nPro: \u00c8 una piattaforma facile da configurare e viene gestita senza problemi da una console unificata basata su cloud. Occupa pochissime risorse di calcolo e i computer non subiscono rallentamenti durante il suo funzionamento. \u00c8 molto efficace nel rilevare e bloccare i processi sospetti che potrebbero rivelarsi ransomware. \u00c8 in grado di eseguire scansioni della memoria alla ricerca di attacchi dannosi. Il team di supporto di ESET risponde in modo efficace e in tempi brevi.<br \/>\nContro: L&#8217;unico aspetto che finora ritengo vada considerato \u00e8 che, rispetto a piattaforme simili, il suo costo \u00e8 notevolmente elevato.<\/p>\n","protected":false},"excerpt":{"rendered":"<p>ESET Endpoint Security\u00a0\u00e8 un programma multipiattaforma, disponibile per Windows, Linux, Mac e Android, che offre soluzioni di sicurezza per privati, piccole e medie imprese ed enterprise. Si tratta di un software di crittografia che protegge tutti gli aspetti della tua vita digitale offrendoti un antivirus pluripremiato, proteggendoti dagli attacchi e impedendo agli hacker di accedere al tuo computer.<\/p>\n","protected":false},"author":17,"featured_media":62864,"parent":62847,"menu_order":0,"comment_status":"open","ping_status":"closed","template":"g1_template_page_review_new.php","meta":{"_acf_changed":false,"cwp_meta_box_check":"No","cwp_rev_product_name":"","cwp_rev_product_image":"","wppr_links":[],"cwp_rev_price":"","wppr_options":[],"wppr_pros":[],"wppr_cons":[],"_monsterinsights_skip_tracking":false,"_monsterinsights_sitenote_active":false,"_monsterinsights_sitenote_note":"","_monsterinsights_sitenote_category":0,"footnotes":""},"categories":[13617],"tags":[13616,13618,13614,794,13612,13613],"features":[],"class_list":{"0":"post-62863","1":"page","2":"type-page","3":"status-publish","4":"has-post-thumbnail","6":"category-software-crittografia-cat","7":"tag-app-crittografia","8":"tag-piattaforma-di-crittografia","9":"tag-programma-di-crittografia","10":"tag-sistema-di-crittografia","11":"tag-software-di-crittografia","12":"tag-soluzione-di-crittografia"},"wppr_data":{"cwp_meta_box_check":"No"},"acf":[],"yoast_head":"<!-- This site is optimized with the Yoast SEO plugin v27.4 - https:\/\/yoast.com\/product\/yoast-seo-wordpress\/ -->\n<title>ESET Endpoint Security: software crittografia - Accurate Reviews<\/title>\n<meta name=\"description\" content=\"ESET Endpoint Security: recensione software crittografia che offre soluzioni di sicurezza per privati, piccole e medie imprese ed enterprise.\" \/>\n<meta name=\"robots\" content=\"index, follow, max-snippet:-1, max-image-preview:large, max-video-preview:-1\" \/>\n<link rel=\"canonical\" href=\"https:\/\/www.accuratereviews.com\/it\/software-di-crittografia\/eset-endpoint-security-recensione\/\" \/>\n<meta property=\"og:locale\" content=\"it_IT\" \/>\n<meta property=\"og:type\" content=\"article\" \/>\n<meta property=\"og:title\" content=\"ESET Endpoint Security: software crittografia - Accurate Reviews\" \/>\n<meta property=\"og:description\" content=\"ESET Endpoint Security: recensione software crittografia che offre soluzioni di sicurezza per privati, piccole e medie imprese ed enterprise.\" \/>\n<meta property=\"og:url\" content=\"https:\/\/www.accuratereviews.com\/it\/software-di-crittografia\/eset-endpoint-security-recensione\/\" \/>\n<meta property=\"og:site_name\" content=\"Accurate Reviews\" \/>\n<meta property=\"og:image\" content=\"https:\/\/www.accuratereviews.com\/wp-content\/uploads\/2022\/10\/511-5110928_eset-endpoint-encryption-eset-endpoint-encryption-logo-hd.png.jpeg\" \/>\n\t<meta property=\"og:image:width\" content=\"840\" \/>\n\t<meta property=\"og:image:height\" content=\"551\" \/>\n\t<meta property=\"og:image:type\" content=\"image\/jpeg\" \/>\n<meta name=\"twitter:card\" content=\"summary_large_image\" \/>\n<meta name=\"twitter:label1\" content=\"Tempo di lettura stimato\" \/>\n\t<meta name=\"twitter:data1\" content=\"4 minuti\" \/>\n<script type=\"application\/ld+json\" class=\"yoast-schema-graph\">{\"@context\":\"https:\\\/\\\/schema.org\",\"@graph\":[{\"@type\":\"WebPage\",\"@id\":\"https:\\\/\\\/www.accuratereviews.com\\\/it\\\/software-di-crittografia\\\/eset-endpoint-security-recensione\\\/\",\"url\":\"https:\\\/\\\/www.accuratereviews.com\\\/it\\\/software-di-crittografia\\\/eset-endpoint-security-recensione\\\/\",\"name\":\"ESET Endpoint Security: software crittografia - Accurate Reviews\",\"isPartOf\":{\"@id\":\"https:\\\/\\\/www.accuratereviews.com\\\/it\\\/#website\"},\"primaryImageOfPage\":{\"@id\":\"https:\\\/\\\/www.accuratereviews.com\\\/it\\\/software-di-crittografia\\\/eset-endpoint-security-recensione\\\/#primaryimage\"},\"image\":{\"@id\":\"https:\\\/\\\/www.accuratereviews.com\\\/it\\\/software-di-crittografia\\\/eset-endpoint-security-recensione\\\/#primaryimage\"},\"thumbnailUrl\":\"https:\\\/\\\/www.accuratereviews.com\\\/wp-content\\\/uploads\\\/2022\\\/10\\\/511-5110928_eset-endpoint-encryption-eset-endpoint-encryption-logo-hd.png.jpeg\",\"datePublished\":\"2022-10-28T11:08:04+00:00\",\"description\":\"ESET Endpoint Security: recensione software crittografia che offre soluzioni di sicurezza per privati, piccole e medie imprese ed enterprise.\",\"breadcrumb\":{\"@id\":\"https:\\\/\\\/www.accuratereviews.com\\\/it\\\/software-di-crittografia\\\/eset-endpoint-security-recensione\\\/#breadcrumb\"},\"inLanguage\":\"it-IT\",\"potentialAction\":[{\"@type\":\"ReadAction\",\"target\":[\"https:\\\/\\\/www.accuratereviews.com\\\/it\\\/software-di-crittografia\\\/eset-endpoint-security-recensione\\\/\"]}]},{\"@type\":\"ImageObject\",\"inLanguage\":\"it-IT\",\"@id\":\"https:\\\/\\\/www.accuratereviews.com\\\/it\\\/software-di-crittografia\\\/eset-endpoint-security-recensione\\\/#primaryimage\",\"url\":\"https:\\\/\\\/www.accuratereviews.com\\\/wp-content\\\/uploads\\\/2022\\\/10\\\/511-5110928_eset-endpoint-encryption-eset-endpoint-encryption-logo-hd.png.jpeg\",\"contentUrl\":\"https:\\\/\\\/www.accuratereviews.com\\\/wp-content\\\/uploads\\\/2022\\\/10\\\/511-5110928_eset-endpoint-encryption-eset-endpoint-encryption-logo-hd.png.jpeg\",\"width\":840,\"height\":551},{\"@type\":\"BreadcrumbList\",\"@id\":\"https:\\\/\\\/www.accuratereviews.com\\\/it\\\/software-di-crittografia\\\/eset-endpoint-security-recensione\\\/#breadcrumb\",\"itemListElement\":[{\"@type\":\"ListItem\",\"position\":1,\"name\":\"Home\",\"item\":\"https:\\\/\\\/www.accuratereviews.com\\\/it\\\/\"},{\"@type\":\"ListItem\",\"position\":2,\"name\":\"Software di crittografia\",\"item\":\"https:\\\/\\\/www.accuratereviews.com\\\/it\\\/software-di-crittografia\\\/\"},{\"@type\":\"ListItem\",\"position\":3,\"name\":\"ESET Endpoint Security\"}]},{\"@type\":\"WebSite\",\"@id\":\"https:\\\/\\\/www.accuratereviews.com\\\/it\\\/#website\",\"url\":\"https:\\\/\\\/www.accuratereviews.com\\\/it\\\/\",\"name\":\"Accurate Reviews\",\"description\":\"\",\"potentialAction\":[{\"@type\":\"SearchAction\",\"target\":{\"@type\":\"EntryPoint\",\"urlTemplate\":\"https:\\\/\\\/www.accuratereviews.com\\\/it\\\/?s={search_term_string}\"},\"query-input\":{\"@type\":\"PropertyValueSpecification\",\"valueRequired\":true,\"valueName\":\"search_term_string\"}}],\"inLanguage\":\"it-IT\"}]}<\/script>\n<!-- \/ Yoast SEO plugin. -->","yoast_head_json":{"title":"ESET Endpoint Security: software crittografia - Accurate Reviews","description":"ESET Endpoint Security: recensione software crittografia che offre soluzioni di sicurezza per privati, piccole e medie imprese ed enterprise.","robots":{"index":"index","follow":"follow","max-snippet":"max-snippet:-1","max-image-preview":"max-image-preview:large","max-video-preview":"max-video-preview:-1"},"canonical":"https:\/\/www.accuratereviews.com\/it\/software-di-crittografia\/eset-endpoint-security-recensione\/","og_locale":"it_IT","og_type":"article","og_title":"ESET Endpoint Security: software crittografia - Accurate Reviews","og_description":"ESET Endpoint Security: recensione software crittografia che offre soluzioni di sicurezza per privati, piccole e medie imprese ed enterprise.","og_url":"https:\/\/www.accuratereviews.com\/it\/software-di-crittografia\/eset-endpoint-security-recensione\/","og_site_name":"Accurate Reviews","og_image":[{"width":840,"height":551,"url":"https:\/\/www.accuratereviews.com\/wp-content\/uploads\/2022\/10\/511-5110928_eset-endpoint-encryption-eset-endpoint-encryption-logo-hd.png.jpeg","type":"image\/jpeg"}],"twitter_card":"summary_large_image","twitter_misc":{"Tempo di lettura stimato":"4 minuti"},"schema":{"@context":"https:\/\/schema.org","@graph":[{"@type":"WebPage","@id":"https:\/\/www.accuratereviews.com\/it\/software-di-crittografia\/eset-endpoint-security-recensione\/","url":"https:\/\/www.accuratereviews.com\/it\/software-di-crittografia\/eset-endpoint-security-recensione\/","name":"ESET Endpoint Security: software crittografia - Accurate Reviews","isPartOf":{"@id":"https:\/\/www.accuratereviews.com\/it\/#website"},"primaryImageOfPage":{"@id":"https:\/\/www.accuratereviews.com\/it\/software-di-crittografia\/eset-endpoint-security-recensione\/#primaryimage"},"image":{"@id":"https:\/\/www.accuratereviews.com\/it\/software-di-crittografia\/eset-endpoint-security-recensione\/#primaryimage"},"thumbnailUrl":"https:\/\/www.accuratereviews.com\/wp-content\/uploads\/2022\/10\/511-5110928_eset-endpoint-encryption-eset-endpoint-encryption-logo-hd.png.jpeg","datePublished":"2022-10-28T11:08:04+00:00","description":"ESET Endpoint Security: recensione software crittografia che offre soluzioni di sicurezza per privati, piccole e medie imprese ed enterprise.","breadcrumb":{"@id":"https:\/\/www.accuratereviews.com\/it\/software-di-crittografia\/eset-endpoint-security-recensione\/#breadcrumb"},"inLanguage":"it-IT","potentialAction":[{"@type":"ReadAction","target":["https:\/\/www.accuratereviews.com\/it\/software-di-crittografia\/eset-endpoint-security-recensione\/"]}]},{"@type":"ImageObject","inLanguage":"it-IT","@id":"https:\/\/www.accuratereviews.com\/it\/software-di-crittografia\/eset-endpoint-security-recensione\/#primaryimage","url":"https:\/\/www.accuratereviews.com\/wp-content\/uploads\/2022\/10\/511-5110928_eset-endpoint-encryption-eset-endpoint-encryption-logo-hd.png.jpeg","contentUrl":"https:\/\/www.accuratereviews.com\/wp-content\/uploads\/2022\/10\/511-5110928_eset-endpoint-encryption-eset-endpoint-encryption-logo-hd.png.jpeg","width":840,"height":551},{"@type":"BreadcrumbList","@id":"https:\/\/www.accuratereviews.com\/it\/software-di-crittografia\/eset-endpoint-security-recensione\/#breadcrumb","itemListElement":[{"@type":"ListItem","position":1,"name":"Home","item":"https:\/\/www.accuratereviews.com\/it\/"},{"@type":"ListItem","position":2,"name":"Software di crittografia","item":"https:\/\/www.accuratereviews.com\/it\/software-di-crittografia\/"},{"@type":"ListItem","position":3,"name":"ESET Endpoint Security"}]},{"@type":"WebSite","@id":"https:\/\/www.accuratereviews.com\/it\/#website","url":"https:\/\/www.accuratereviews.com\/it\/","name":"Accurate Reviews","description":"","potentialAction":[{"@type":"SearchAction","target":{"@type":"EntryPoint","urlTemplate":"https:\/\/www.accuratereviews.com\/it\/?s={search_term_string}"},"query-input":{"@type":"PropertyValueSpecification","valueRequired":true,"valueName":"search_term_string"}}],"inLanguage":"it-IT"}]}},"_links":{"self":[{"href":"https:\/\/www.accuratereviews.com\/it\/wp-json\/wp\/v2\/pages\/62863","targetHints":{"allow":["GET"]}}],"collection":[{"href":"https:\/\/www.accuratereviews.com\/it\/wp-json\/wp\/v2\/pages"}],"about":[{"href":"https:\/\/www.accuratereviews.com\/it\/wp-json\/wp\/v2\/types\/page"}],"author":[{"embeddable":true,"href":"https:\/\/www.accuratereviews.com\/it\/wp-json\/wp\/v2\/users\/17"}],"replies":[{"embeddable":true,"href":"https:\/\/www.accuratereviews.com\/it\/wp-json\/wp\/v2\/comments?post=62863"}],"version-history":[{"count":9,"href":"https:\/\/www.accuratereviews.com\/it\/wp-json\/wp\/v2\/pages\/62863\/revisions"}],"predecessor-version":[{"id":63253,"href":"https:\/\/www.accuratereviews.com\/it\/wp-json\/wp\/v2\/pages\/62863\/revisions\/63253"}],"up":[{"embeddable":true,"href":"https:\/\/www.accuratereviews.com\/it\/wp-json\/wp\/v2\/pages\/62847"}],"wp:featuredmedia":[{"embeddable":true,"href":"https:\/\/www.accuratereviews.com\/it\/wp-json\/wp\/v2\/media\/62864"}],"wp:attachment":[{"href":"https:\/\/www.accuratereviews.com\/it\/wp-json\/wp\/v2\/media?parent=62863"}],"wp:term":[{"taxonomy":"category","embeddable":true,"href":"https:\/\/www.accuratereviews.com\/it\/wp-json\/wp\/v2\/categories?post=62863"},{"taxonomy":"post_tag","embeddable":true,"href":"https:\/\/www.accuratereviews.com\/it\/wp-json\/wp\/v2\/tags?post=62863"},{"taxonomy":"features","embeddable":true,"href":"https:\/\/www.accuratereviews.com\/it\/wp-json\/wp\/v2\/features?post=62863"}],"curies":[{"name":"wp","href":"https:\/\/api.w.org\/{rel}","templated":true}]}}