{"id":62890,"date":"2022-10-24T13:30:14","date_gmt":"2022-10-24T13:30:14","guid":{"rendered":"https:\/\/www.accuratereviews.com\/?page_id=62890"},"modified":"2022-10-24T13:30:14","modified_gmt":"2022-10-24T13:30:14","slug":"folder-lock-recensione","status":"publish","type":"page","link":"https:\/\/www.accuratereviews.com\/it\/software-di-crittografia\/folder-lock-recensione\/","title":{"rendered":"Folder Lock"},"content":{"rendered":"<p><strong>Folder Lock<\/strong> \u00e8 una<strong> soluzione di crittografia<\/strong> progettata per aiutare le aziende di tutte le dimensioni a bloccare e proteggere file, cartelle, applicazioni, programmi e unit\u00e0 da accessi indesiderati con delle password. Consente agli amministratori di proteggere i dati personali nell&#8217;archivio utilizzando la crittografia di livello militare AES a 256 bit.\u00a0La piattaforma permette ai team di eseguire automaticamente il backup dei file salvati e modificati su un <strong>server cloud<\/strong> in tempo reale. Utilizzando la sua funzionalit\u00e0 Protect USB Drive, le aziende possono condividere i dati disponibili su dispositivi di archiviazione esterni, inclusi USB, CD e DVD. Inoltre, <strong>Folder Lock<\/strong> consente ai gestori di conservare in modo sicuro le informazioni bancarie e relative alla finanza, come le credenziali delle carte di debito\/credito, in portafogli digitali personalizzati.<\/p>\n<h2>FOLDER LOCK &#8211; TUTORIAL<\/h2>\n<div id=\"fluid-wrapper-counter-1\" class=\"g1-fluid-wrapper \" style=\"width:686px;\">\n<div style=\"padding-bottom:56.268221574344%;\"><iframe loading=\"lazy\" title=\"How to lock folder in Windows 10 easily | PC me Folder Lock kaise karen | Hindi\" width=\"686\" height=\"386\" src=\"https:\/\/www.youtube.com\/embed\/jSdrG1v37cQ?feature=oembed&amp;wmode=transparent&amp;autohide=1&amp;autoplay=0&amp;disablekb=0&amp;fs=1&amp;loop=0&amp;enablejsapi=1&amp;rel=0&amp;controls=2&amp;showinfo=0&amp;wmode=transparent&amp;autohide=2&amp;autoplay=0&amp;disablekb=0&amp;fs=1&amp;loop=0&amp;enablejsapi=1&amp;rel=0&amp;controls=2&amp;showinfo=1\" frameborder=\"0\" allow=\"accelerometer; autoplay; clipboard-write; encrypted-media; gyroscope; picture-in-picture\" allowfullscreen><\/iframe><\/div>\n<\/div>\n<p>&nbsp;<\/p>\n<h3>FOLDER LOCK &#8211; CARATTERISTICHE<\/h3>\n<ul>\n<li>L&#8217;interfaccia utente facile da usare e comprensibile consente la protezione dei dati con un clic direttamente dal menu contestuale.<\/li>\n<li>Puoi crittografare i tuoi file personali utilizzando la tecnologia di crittografia di livello militare a 256 bit.<\/li>\n<li>Crea spazi di archiviazione che mantengono crittografati i tuoi file importanti, garantendo l&#8217;integrit\u00e0 della sicurezza dei tuoi dati.<\/li>\n<li>Il processo di backup sicuro \u00e8 automatico e in tempo reale, tutte le modifiche ai tuoi file nei tuoi &#8220;Locker&#8221; sono sincronizzate.<\/li>\n<li>\u00c8 possibile copiare armadietti crittografati su una USB e altri dispositivi di archiviazione dati esterni utilizzando la funzione Proteggi unit\u00e0 USB.<\/li>\n<li>Con opzione di protezione CD\/DVD; puoi convertire gli spazi esistenti per renderli portatili ed eseguibili, consentendoti di masterizzare gli archivi su un CD\/DVD.<\/li>\n<li>Invia email private e riservate in modo sicuro con la funzione di crittografia degli allegati email, consente agli utenti di inviare dati sensibili su Internet in modo sicuro.<\/li>\n<li>Salva le informazioni relative alla carta di credito e alla carta di debito utilizzando la crittografia AES a 256 bit con la funzione Make Wallets.<\/li>\n<li>Personalizza i tuoi portafogli digitali con icone personalizzate e modelli di carte che ti consentono di organizzare le tue informazioni bancarie.<\/li>\n<li>Mantiene la tua identit\u00e0 al sicuro da impostori e criminali elettronici salvando in modo sicuro la tua carta di credito e le credenziali bancarie.<\/li>\n<li>Hai la possibilit\u00e0 di pulire i file temporanei di Windows, aprire\/salvare la directory e i dati degli appunti da qualsiasi computer.<\/li>\n<li>Pulisci la cronologia di Media Player, la cronologia delle pitture di MS e la cronologia del word pad con l&#8217;opzione di pulizia della cronologia dei programmi di Windows.<\/li>\n<li>Il blocco delle cartelle ti consente di pulire la cronologia di Windows e di nascondere tutte le tracce online per garantire la massima privacy online.<\/li>\n<li>\u00c8 possibile distruggere interi dischi rigidi per garantire che tutti i dati contenuti in tale unit\u00e0 vengano eliminati in modo sicuro e non possano essere recuperati.<\/li>\n<li>Con la funzione di distruzione dei file di Folder Lock, non c&#8217;\u00e8 limite al numero o al tipo di file che puoi eliminare.<\/li>\n<\/ul>\n<h4>LE RECENSIONI DEGLI UTENTI<\/h4>\n<p><strong>Ruwan&#8221;Proteggi i tuoi dati con Folder Lock&#8221;<br \/>\n<\/strong><span class=\"fw-bold\"><strong>Commenti<\/strong>:<\/span> Sto usando questo software per il mio cellulare e PC dal 2017 ed \u00e8 un software molto facile da usare. Non ho avuto problemi con questo fino ad ora. Quindi consiglio vivamente questo software.<br \/>\n<strong>Pro<\/strong>:\u00a0Interfaccia facile da usare, i dati possono essere protetti utilizzando una password e possono essere classificati in base alle necessit\u00e0. La capacit\u00e0 di bloccare i dispositivi di archiviazione portatili pu\u00f2 essere riconosciuta come una caratteristica eccezionale. quindi non c&#8217;\u00e8 bisogno di preoccuparsi della sicurezza quando i dati vengono trasferiti da dispositivi portatili. Un&#8217;altra caratteristica utile \u00e8 che gli utenti possono eseguire il backup dei dati. Pertanto, il blocco delle cartelle pu\u00f2 essere utilizzato per proteggere i tuoi file poich\u00e9 ha varie caratteristiche eccezionali rispetto ad altre piattaforme<br \/>\n<strong>Contro<\/strong>:\u00a0Finora non ho riscontrato alcuna difficolt\u00e0 o problema con questo software ed \u00e8 in grado di fornire esattamente il servizio di cui abbiamo bisogno.<\/p>\n<p class=\"fw-bold mb-2\"><strong>Carlos&#8221;Folder Lock \u00e8 il migliore&#8221;<br \/>\n<\/strong><span class=\"fw-bold\"><strong>Commenti<\/strong>:<\/span> Grande.<br \/>\n<strong>Pro<\/strong>:\u00a0La sicurezza e la crittografia sono qualcosa a cui tengo cos\u00ec tanto, specialmente nei computer utilizzati nella mia azienda, e Folder Lock soddisfa le mie aspettative al 100%. L&#8217;opzione di backup \u00e8 molto buona, offre molta tranquillit\u00e0. Infine, trovo che il prezzo sia davvero conveniente, ed \u00e8 un pagamento una tantum.<br \/>\n<strong>Contro<\/strong>:\u00a0Forse potrei sottolineare che alcune cose sono alquanto complicate da capire all&#8217;inizio.<\/p>\n<p class=\"fw-bold mb-2\"><strong>Nirvair&#8221;Il miglior software di blocco dei file&#8221;<br \/>\n<\/strong><strong>Pro<\/strong>:\u00a0Aiuta a proteggere i dati e i file aziendali con armadietti crittografati e backup online &#8211; Ha anche la distruzione dello spazio libero<br \/>\n<strong>Contro<\/strong>:\u00a0Il backup richiede un abbonamento separato.<\/p>\n","protected":false},"excerpt":{"rendered":"<p>Folder Lock \u00e8 una soluzione di crittografia progettata per aiutare le aziende di tutte le dimensioni a bloccare e proteggere file, cartelle, applicazioni, programmi e unit\u00e0 da accessi indesiderati con delle password. Consente agli amministratori di proteggere i dati personali nell&#8217;archivio utilizzando la crittografia di livello militare AES a 256 bit.\u00a0<\/p>\n","protected":false},"author":19,"featured_media":62899,"parent":62847,"menu_order":0,"comment_status":"open","ping_status":"closed","template":"g1_template_page_review_new.php","meta":{"_acf_changed":false,"cwp_meta_box_check":"No","cwp_rev_product_name":"","cwp_rev_product_image":"","wppr_links":[],"cwp_rev_price":"","wppr_options":[],"wppr_pros":[],"wppr_cons":[],"_monsterinsights_skip_tracking":false,"_monsterinsights_sitenote_active":false,"_monsterinsights_sitenote_note":"","_monsterinsights_sitenote_category":0,"footnotes":""},"categories":[13617],"tags":[730,13611,13636,13618,13614,13612,13613],"features":[],"class_list":{"0":"post-62890","1":"page","2":"type-page","3":"status-publish","4":"has-post-thumbnail","6":"category-software-crittografia-cat","7":"tag-crittografia","8":"tag-encryption-software","9":"tag-folder-lock","10":"tag-piattaforma-di-crittografia","11":"tag-programma-di-crittografia","12":"tag-software-di-crittografia","13":"tag-soluzione-di-crittografia"},"wppr_data":{"cwp_meta_box_check":"No"},"acf":[],"yoast_head":"<!-- This site is optimized with the Yoast SEO plugin v27.4 - https:\/\/yoast.com\/product\/yoast-seo-wordpress\/ -->\n<title>Folder Lock: recensione software di crittografia - Accurate Reviews<\/title>\n<meta name=\"description\" content=\"Folder Lock: soluzione di crittografia progettata per aiutare a bloccare e proteggere con password file, cartelle, applicazioni e programmi.\" \/>\n<meta name=\"robots\" content=\"index, follow, max-snippet:-1, max-image-preview:large, max-video-preview:-1\" \/>\n<link rel=\"canonical\" href=\"https:\/\/www.accuratereviews.com\/it\/software-di-crittografia\/folder-lock-recensione\/\" \/>\n<meta property=\"og:locale\" content=\"it_IT\" \/>\n<meta property=\"og:type\" content=\"article\" \/>\n<meta property=\"og:title\" content=\"Folder Lock: recensione software di crittografia - Accurate Reviews\" \/>\n<meta property=\"og:description\" content=\"Folder Lock: soluzione di crittografia progettata per aiutare a bloccare e proteggere con password file, cartelle, applicazioni e programmi.\" \/>\n<meta property=\"og:url\" content=\"https:\/\/www.accuratereviews.com\/it\/software-di-crittografia\/folder-lock-recensione\/\" \/>\n<meta property=\"og:site_name\" content=\"Accurate Reviews\" \/>\n<meta property=\"og:image\" content=\"https:\/\/www.accuratereviews.com\/wp-content\/uploads\/2022\/10\/Schermata-2022-10-24-alle-09.38.04.png\" \/>\n\t<meta property=\"og:image:width\" content=\"936\" \/>\n\t<meta property=\"og:image:height\" content=\"248\" \/>\n\t<meta property=\"og:image:type\" content=\"image\/png\" \/>\n<meta name=\"twitter:card\" content=\"summary_large_image\" \/>\n<meta name=\"twitter:label1\" content=\"Tempo di lettura stimato\" \/>\n\t<meta name=\"twitter:data1\" content=\"4 minuti\" \/>\n<script type=\"application\/ld+json\" class=\"yoast-schema-graph\">{\"@context\":\"https:\\\/\\\/schema.org\",\"@graph\":[{\"@type\":\"WebPage\",\"@id\":\"https:\\\/\\\/www.accuratereviews.com\\\/it\\\/software-di-crittografia\\\/folder-lock-recensione\\\/\",\"url\":\"https:\\\/\\\/www.accuratereviews.com\\\/it\\\/software-di-crittografia\\\/folder-lock-recensione\\\/\",\"name\":\"Folder Lock: recensione software di crittografia - Accurate Reviews\",\"isPartOf\":{\"@id\":\"https:\\\/\\\/www.accuratereviews.com\\\/it\\\/#website\"},\"primaryImageOfPage\":{\"@id\":\"https:\\\/\\\/www.accuratereviews.com\\\/it\\\/software-di-crittografia\\\/folder-lock-recensione\\\/#primaryimage\"},\"image\":{\"@id\":\"https:\\\/\\\/www.accuratereviews.com\\\/it\\\/software-di-crittografia\\\/folder-lock-recensione\\\/#primaryimage\"},\"thumbnailUrl\":\"https:\\\/\\\/www.accuratereviews.com\\\/wp-content\\\/uploads\\\/2022\\\/10\\\/Schermata-2022-10-24-alle-09.38.04.png\",\"datePublished\":\"2022-10-24T13:30:14+00:00\",\"description\":\"Folder Lock: soluzione di crittografia progettata per aiutare a bloccare e proteggere con password file, cartelle, applicazioni e programmi.\",\"breadcrumb\":{\"@id\":\"https:\\\/\\\/www.accuratereviews.com\\\/it\\\/software-di-crittografia\\\/folder-lock-recensione\\\/#breadcrumb\"},\"inLanguage\":\"it-IT\",\"potentialAction\":[{\"@type\":\"ReadAction\",\"target\":[\"https:\\\/\\\/www.accuratereviews.com\\\/it\\\/software-di-crittografia\\\/folder-lock-recensione\\\/\"]}]},{\"@type\":\"ImageObject\",\"inLanguage\":\"it-IT\",\"@id\":\"https:\\\/\\\/www.accuratereviews.com\\\/it\\\/software-di-crittografia\\\/folder-lock-recensione\\\/#primaryimage\",\"url\":\"https:\\\/\\\/www.accuratereviews.com\\\/wp-content\\\/uploads\\\/2022\\\/10\\\/Schermata-2022-10-24-alle-09.38.04.png\",\"contentUrl\":\"https:\\\/\\\/www.accuratereviews.com\\\/wp-content\\\/uploads\\\/2022\\\/10\\\/Schermata-2022-10-24-alle-09.38.04.png\",\"width\":936,\"height\":248},{\"@type\":\"BreadcrumbList\",\"@id\":\"https:\\\/\\\/www.accuratereviews.com\\\/it\\\/software-di-crittografia\\\/folder-lock-recensione\\\/#breadcrumb\",\"itemListElement\":[{\"@type\":\"ListItem\",\"position\":1,\"name\":\"Home\",\"item\":\"https:\\\/\\\/www.accuratereviews.com\\\/it\\\/\"},{\"@type\":\"ListItem\",\"position\":2,\"name\":\"Software di crittografia\",\"item\":\"https:\\\/\\\/www.accuratereviews.com\\\/it\\\/software-di-crittografia\\\/\"},{\"@type\":\"ListItem\",\"position\":3,\"name\":\"Folder Lock\"}]},{\"@type\":\"WebSite\",\"@id\":\"https:\\\/\\\/www.accuratereviews.com\\\/it\\\/#website\",\"url\":\"https:\\\/\\\/www.accuratereviews.com\\\/it\\\/\",\"name\":\"Accurate Reviews\",\"description\":\"\",\"potentialAction\":[{\"@type\":\"SearchAction\",\"target\":{\"@type\":\"EntryPoint\",\"urlTemplate\":\"https:\\\/\\\/www.accuratereviews.com\\\/it\\\/?s={search_term_string}\"},\"query-input\":{\"@type\":\"PropertyValueSpecification\",\"valueRequired\":true,\"valueName\":\"search_term_string\"}}],\"inLanguage\":\"it-IT\"}]}<\/script>\n<!-- \/ Yoast SEO plugin. -->","yoast_head_json":{"title":"Folder Lock: recensione software di crittografia - Accurate Reviews","description":"Folder Lock: soluzione di crittografia progettata per aiutare a bloccare e proteggere con password file, cartelle, applicazioni e programmi.","robots":{"index":"index","follow":"follow","max-snippet":"max-snippet:-1","max-image-preview":"max-image-preview:large","max-video-preview":"max-video-preview:-1"},"canonical":"https:\/\/www.accuratereviews.com\/it\/software-di-crittografia\/folder-lock-recensione\/","og_locale":"it_IT","og_type":"article","og_title":"Folder Lock: recensione software di crittografia - Accurate Reviews","og_description":"Folder Lock: soluzione di crittografia progettata per aiutare a bloccare e proteggere con password file, cartelle, applicazioni e programmi.","og_url":"https:\/\/www.accuratereviews.com\/it\/software-di-crittografia\/folder-lock-recensione\/","og_site_name":"Accurate Reviews","og_image":[{"width":936,"height":248,"url":"https:\/\/www.accuratereviews.com\/wp-content\/uploads\/2022\/10\/Schermata-2022-10-24-alle-09.38.04.png","type":"image\/png"}],"twitter_card":"summary_large_image","twitter_misc":{"Tempo di lettura stimato":"4 minuti"},"schema":{"@context":"https:\/\/schema.org","@graph":[{"@type":"WebPage","@id":"https:\/\/www.accuratereviews.com\/it\/software-di-crittografia\/folder-lock-recensione\/","url":"https:\/\/www.accuratereviews.com\/it\/software-di-crittografia\/folder-lock-recensione\/","name":"Folder Lock: recensione software di crittografia - Accurate Reviews","isPartOf":{"@id":"https:\/\/www.accuratereviews.com\/it\/#website"},"primaryImageOfPage":{"@id":"https:\/\/www.accuratereviews.com\/it\/software-di-crittografia\/folder-lock-recensione\/#primaryimage"},"image":{"@id":"https:\/\/www.accuratereviews.com\/it\/software-di-crittografia\/folder-lock-recensione\/#primaryimage"},"thumbnailUrl":"https:\/\/www.accuratereviews.com\/wp-content\/uploads\/2022\/10\/Schermata-2022-10-24-alle-09.38.04.png","datePublished":"2022-10-24T13:30:14+00:00","description":"Folder Lock: soluzione di crittografia progettata per aiutare a bloccare e proteggere con password file, cartelle, applicazioni e programmi.","breadcrumb":{"@id":"https:\/\/www.accuratereviews.com\/it\/software-di-crittografia\/folder-lock-recensione\/#breadcrumb"},"inLanguage":"it-IT","potentialAction":[{"@type":"ReadAction","target":["https:\/\/www.accuratereviews.com\/it\/software-di-crittografia\/folder-lock-recensione\/"]}]},{"@type":"ImageObject","inLanguage":"it-IT","@id":"https:\/\/www.accuratereviews.com\/it\/software-di-crittografia\/folder-lock-recensione\/#primaryimage","url":"https:\/\/www.accuratereviews.com\/wp-content\/uploads\/2022\/10\/Schermata-2022-10-24-alle-09.38.04.png","contentUrl":"https:\/\/www.accuratereviews.com\/wp-content\/uploads\/2022\/10\/Schermata-2022-10-24-alle-09.38.04.png","width":936,"height":248},{"@type":"BreadcrumbList","@id":"https:\/\/www.accuratereviews.com\/it\/software-di-crittografia\/folder-lock-recensione\/#breadcrumb","itemListElement":[{"@type":"ListItem","position":1,"name":"Home","item":"https:\/\/www.accuratereviews.com\/it\/"},{"@type":"ListItem","position":2,"name":"Software di crittografia","item":"https:\/\/www.accuratereviews.com\/it\/software-di-crittografia\/"},{"@type":"ListItem","position":3,"name":"Folder Lock"}]},{"@type":"WebSite","@id":"https:\/\/www.accuratereviews.com\/it\/#website","url":"https:\/\/www.accuratereviews.com\/it\/","name":"Accurate Reviews","description":"","potentialAction":[{"@type":"SearchAction","target":{"@type":"EntryPoint","urlTemplate":"https:\/\/www.accuratereviews.com\/it\/?s={search_term_string}"},"query-input":{"@type":"PropertyValueSpecification","valueRequired":true,"valueName":"search_term_string"}}],"inLanguage":"it-IT"}]}},"_links":{"self":[{"href":"https:\/\/www.accuratereviews.com\/it\/wp-json\/wp\/v2\/pages\/62890","targetHints":{"allow":["GET"]}}],"collection":[{"href":"https:\/\/www.accuratereviews.com\/it\/wp-json\/wp\/v2\/pages"}],"about":[{"href":"https:\/\/www.accuratereviews.com\/it\/wp-json\/wp\/v2\/types\/page"}],"author":[{"embeddable":true,"href":"https:\/\/www.accuratereviews.com\/it\/wp-json\/wp\/v2\/users\/19"}],"replies":[{"embeddable":true,"href":"https:\/\/www.accuratereviews.com\/it\/wp-json\/wp\/v2\/comments?post=62890"}],"version-history":[{"count":9,"href":"https:\/\/www.accuratereviews.com\/it\/wp-json\/wp\/v2\/pages\/62890\/revisions"}],"predecessor-version":[{"id":62917,"href":"https:\/\/www.accuratereviews.com\/it\/wp-json\/wp\/v2\/pages\/62890\/revisions\/62917"}],"up":[{"embeddable":true,"href":"https:\/\/www.accuratereviews.com\/it\/wp-json\/wp\/v2\/pages\/62847"}],"wp:featuredmedia":[{"embeddable":true,"href":"https:\/\/www.accuratereviews.com\/it\/wp-json\/wp\/v2\/media\/62899"}],"wp:attachment":[{"href":"https:\/\/www.accuratereviews.com\/it\/wp-json\/wp\/v2\/media?parent=62890"}],"wp:term":[{"taxonomy":"category","embeddable":true,"href":"https:\/\/www.accuratereviews.com\/it\/wp-json\/wp\/v2\/categories?post=62890"},{"taxonomy":"post_tag","embeddable":true,"href":"https:\/\/www.accuratereviews.com\/it\/wp-json\/wp\/v2\/tags?post=62890"},{"taxonomy":"features","embeddable":true,"href":"https:\/\/www.accuratereviews.com\/it\/wp-json\/wp\/v2\/features?post=62890"}],"curies":[{"name":"wp","href":"https:\/\/api.w.org\/{rel}","templated":true}]}}