{"id":6291,"date":"2015-09-29T13:20:20","date_gmt":"2015-09-29T13:20:20","guid":{"rendered":"http:\/\/www.accuratereviews.com\/it\/orc-i-software-migliori-lista-migliori\/omnipage-18\/"},"modified":"2016-11-14T17:03:52","modified_gmt":"2016-11-14T17:03:52","slug":"omnipage-18","status":"publish","type":"page","link":"https:\/\/www.accuratereviews.com\/it\/orc-i-software-migliori-lista-migliori\/omnipage-18\/","title":{"rendered":"OmniPage 18"},"content":{"rendered":"<p><strong>OminiPage \u00e8 uno dei migliori software OCR<\/strong> disponibili sul mercato e la sua fama se l\u2019\u00e8 guadagnata per ottimi motivi.<\/p>\n<div id=\"attachment_1452\" style=\"width: 810px\" class=\"wp-caption alignnone\"><img loading=\"lazy\" decoding=\"async\" aria-describedby=\"caption-attachment-1452\" class=\"size-full wp-image-1452\" src=\"http:\/\/www.accuratereviews.com\/wp-content\/uploads\/2015\/09\/omnipage-18-1.jpg\" alt=\"OmniPage design is confusing.\" width=\"800\" height=\"485\" srcset=\"https:\/\/www.accuratereviews.com\/wp-content\/uploads\/2015\/09\/omnipage-18-1.jpg 800w, https:\/\/www.accuratereviews.com\/wp-content\/uploads\/2015\/09\/omnipage-18-1-300x182.jpg 300w, https:\/\/www.accuratereviews.com\/wp-content\/uploads\/2015\/09\/omnipage-18-1-206x125.jpg 206w, https:\/\/www.accuratereviews.com\/wp-content\/uploads\/2015\/09\/omnipage-18-1-50x30.jpg 50w, https:\/\/www.accuratereviews.com\/wp-content\/uploads\/2015\/09\/omnipage-18-1-636x386.jpg 636w, https:\/\/www.accuratereviews.com\/wp-content\/uploads\/2015\/09\/omnipage-18-1-320x194.jpg 320w, https:\/\/www.accuratereviews.com\/wp-content\/uploads\/2015\/09\/omnipage-18-1-239x145.jpg 239w\" sizes=\"auto, (max-width: 800px) 100vw, 800px\" \/><p id=\"caption-attachment-1452\" class=\"wp-caption-text\">Se pensate che l&#8217;interfaccia di OmniPage confusa, non siete i soli.<\/p><\/div>\n<h2>Usabilit\u00e0 e Velocit\u00e0<\/h2>\n<p>L\u2019interfaccia di OmniPage non \u00e8, purtroppo, cos\u00ec semplice e pulita come potrebbe &#8211; avere troppe funzionalit\u00e0 pu\u00f2 essere controproducente se non organizzate in una buona UI. <strong>Troppe informazioni in uno spazio gi\u00e0 troppo affollato: il layout di OmniPage pu\u00f2 essere fin troppo confusionario<\/strong>. Complessivamente c\u2019\u00e8 la necessit\u00e0 di ripensare completamente l\u2019aspetto del software per andare incontro anche agli utenti meno esperti. Per cercare di ovviare il problema abbiamo tentato di trascinare alcune delle sezioni dell\u2019interfaccia, ma non ha funzionato: ogni sezione si muove solo in punti specifici non tenendo conto delle preferenze dell\u2019utente.<\/p>\n<h2>Funzionalit\u00e0<\/h2>\n<p>OmniPage \u00e8 un software OCR ed \u00e8 in grado non solo di scansire una pagina stampata, ma anche di riconoscerne il testo su file digitale. <strong>La scansione pu\u00f2 avvenire in 120 lingue, alfabeti orientali inclusi<\/strong>. Il software \u00e8 cos\u00ec preciso nell\u2019identificare il testo grazie alla correzione 3D. <strong>Le ultime versioni del software includono anche il cloud<\/strong> (permettendo di aprire i documenti da una gran variet\u00e0 di servizi di storage online come Evernote, Box, Dropbox e via dicendo), per la comodit\u00e0 di chi deve lavorare in mobilit\u00e0. Per chi, invece, \u00e8 sempre in ufficio ci sono funzionalit\u00e0 che aiutano a velocizzare le operazioni quotidiane: la scansione in blocco, la possibilit\u00e0 di programmare la scansione direttamente da una cartella o da una email, la creazione di PDF in cui \u00e8 possibile cercare del testo e il riconoscimento del layout. Come ciliegina sulla torta, <strong>OmniPage \u00e8 in grado anche di leggere il testo in verticale<\/strong>, ma anche quello fotografato tramite smartphone. \u00c8 possibile esportare il risultato del riconoscimento in una grande variet\u00e0 di formati, tra i quali Microsoft Office, SharePoint, HTML, PDF con ricerca attiva e formato Kindle. <strong>Convertire il testo ottenuto in MP3 permette a OmniPage di leggere a voce<\/strong>, aiutandovi nel processo di controlllo del documento.<\/p>\n<h2>Supporto<\/h2>\n<p><strong>Nuance offre supporto via telefono e email<\/strong>. Se per\u00f2 possedete una versione vecchia di OmniPage o lo avete acquistato tramite bundle fate attenzione: dovrete pagare per ricevere assistenza. Sul sito di OmniPage troviamo comunque una sezione ricca di informazioni. Poich\u00e9 Nuance spedisce ancora fisicamente i suoi prodotti, <strong>tramite il supporto \u00e8 possibile ottenere un CD di backup del download digitale del software<\/strong>.<\/p>\n<h2>Prezzo<\/h2>\n<p><strong>\u00c8 possibile scegliere tra due edizioni di OmniPage: Standard e Ultimate<\/strong>. Quest\u2019ultima ha un prezzo dedicato alle aziende, mentre la versione Standard \u00e8 pensata per l\u2019uso privato.<\/p>\n","protected":false},"excerpt":{"rendered":"<p>OmniPage is one of the best OCR software in the industry, and for good reasons. We found it to be our OCR scan software of choice, ranking it up in our top OCR software list.<\/p>\n","protected":false},"author":16,"featured_media":0,"parent":6225,"menu_order":10,"comment_status":"open","ping_status":"closed","template":"g1_template_page_review_new.php","meta":{"_acf_changed":false,"cwp_meta_box_check":"Yes","cwp_rev_product_name":"","cwp_rev_product_image":"","wppr_links":[],"cwp_rev_price":"","wppr_options":[],"wppr_pros":[],"wppr_cons":[],"_monsterinsights_skip_tracking":false,"_monsterinsights_sitenote_active":false,"_monsterinsights_sitenote_note":"","_monsterinsights_sitenote_category":0,"footnotes":""},"categories":[128,129],"tags":[],"features":[],"class_list":{"0":"post-6291","1":"page","2":"type-page","3":"status-publish","5":"category-best-ocr-software-it","6":"category-software-per-ocr"},"wppr_data":{"cwp_meta_box_check":"Yes","cwp_rev_product_name":"","cwp_rev_product_image":"","cwp_image_link":"image","cwp_rev_price":"","wppr_rating":"0.00"},"acf":[],"yoast_head":"<!-- This site is optimized with the Yoast SEO plugin v27.4 - https:\/\/yoast.com\/product\/yoast-seo-wordpress\/ -->\n<title>OmniPage recensione miglior OCR | Accurate Reviews<\/title>\n<meta name=\"description\" content=\"OminiPage \u00e8 uno dei migliori software OCR disponibili sul mercato e la sua fama se l\u2019\u00e8 guadagnata. \u00c8 uno degli OCR pi\u00f9 evoluti che possiate trovare.\" \/>\n<meta name=\"robots\" content=\"index, follow, max-snippet:-1, max-image-preview:large, max-video-preview:-1\" \/>\n<link rel=\"canonical\" href=\"https:\/\/www.accuratereviews.com\/it\/orc-i-software-migliori-lista-migliori\/omnipage-18\/\" \/>\n<meta property=\"og:locale\" content=\"it_IT\" \/>\n<meta property=\"og:type\" content=\"article\" \/>\n<meta property=\"og:title\" content=\"OmniPage recensione miglior OCR | Accurate Reviews\" \/>\n<meta property=\"og:description\" content=\"OminiPage \u00e8 uno dei migliori software OCR disponibili sul mercato e la sua fama se l\u2019\u00e8 guadagnata. \u00c8 uno degli OCR pi\u00f9 evoluti che possiate trovare.\" \/>\n<meta property=\"og:url\" content=\"https:\/\/www.accuratereviews.com\/it\/orc-i-software-migliori-lista-migliori\/omnipage-18\/\" \/>\n<meta property=\"og:site_name\" content=\"Accurate Reviews\" \/>\n<meta property=\"article:modified_time\" content=\"2016-11-14T17:03:52+00:00\" \/>\n<meta property=\"og:image\" content=\"http:\/\/www.accuratereviews.com\/wp-content\/uploads\/2015\/09\/omnipage-18-1.jpg\" \/>\n<meta name=\"twitter:card\" content=\"summary_large_image\" \/>\n<meta name=\"twitter:label1\" content=\"Tempo di lettura stimato\" \/>\n\t<meta name=\"twitter:data1\" content=\"2 minuti\" \/>\n<script type=\"application\/ld+json\" class=\"yoast-schema-graph\">{\"@context\":\"https:\\\/\\\/schema.org\",\"@graph\":[{\"@type\":\"WebPage\",\"@id\":\"https:\\\/\\\/www.accuratereviews.com\\\/it\\\/orc-i-software-migliori-lista-migliori\\\/omnipage-18\\\/\",\"url\":\"https:\\\/\\\/www.accuratereviews.com\\\/it\\\/orc-i-software-migliori-lista-migliori\\\/omnipage-18\\\/\",\"name\":\"OmniPage recensione miglior OCR | Accurate Reviews\",\"isPartOf\":{\"@id\":\"https:\\\/\\\/www.accuratereviews.com\\\/it\\\/#website\"},\"primaryImageOfPage\":{\"@id\":\"https:\\\/\\\/www.accuratereviews.com\\\/it\\\/orc-i-software-migliori-lista-migliori\\\/omnipage-18\\\/#primaryimage\"},\"image\":{\"@id\":\"https:\\\/\\\/www.accuratereviews.com\\\/it\\\/orc-i-software-migliori-lista-migliori\\\/omnipage-18\\\/#primaryimage\"},\"thumbnailUrl\":\"http:\\\/\\\/www.accuratereviews.com\\\/wp-content\\\/uploads\\\/2015\\\/09\\\/omnipage-18-1.jpg\",\"datePublished\":\"2015-09-29T13:20:20+00:00\",\"dateModified\":\"2016-11-14T17:03:52+00:00\",\"description\":\"OminiPage \u00e8 uno dei migliori software OCR disponibili sul mercato e la sua fama se l\u2019\u00e8 guadagnata. \u00c8 uno degli OCR pi\u00f9 evoluti che possiate trovare.\",\"breadcrumb\":{\"@id\":\"https:\\\/\\\/www.accuratereviews.com\\\/it\\\/orc-i-software-migliori-lista-migliori\\\/omnipage-18\\\/#breadcrumb\"},\"inLanguage\":\"it-IT\",\"potentialAction\":[{\"@type\":\"ReadAction\",\"target\":[\"https:\\\/\\\/www.accuratereviews.com\\\/it\\\/orc-i-software-migliori-lista-migliori\\\/omnipage-18\\\/\"]}]},{\"@type\":\"ImageObject\",\"inLanguage\":\"it-IT\",\"@id\":\"https:\\\/\\\/www.accuratereviews.com\\\/it\\\/orc-i-software-migliori-lista-migliori\\\/omnipage-18\\\/#primaryimage\",\"url\":\"http:\\\/\\\/www.accuratereviews.com\\\/wp-content\\\/uploads\\\/2015\\\/09\\\/omnipage-18-1.jpg\",\"contentUrl\":\"http:\\\/\\\/www.accuratereviews.com\\\/wp-content\\\/uploads\\\/2015\\\/09\\\/omnipage-18-1.jpg\"},{\"@type\":\"BreadcrumbList\",\"@id\":\"https:\\\/\\\/www.accuratereviews.com\\\/it\\\/orc-i-software-migliori-lista-migliori\\\/omnipage-18\\\/#breadcrumb\",\"itemListElement\":[{\"@type\":\"ListItem\",\"position\":1,\"name\":\"Home\",\"item\":\"https:\\\/\\\/www.accuratereviews.com\\\/it\\\/\"},{\"@type\":\"ListItem\",\"position\":2,\"name\":\"ORC: i software migliori\",\"item\":\"https:\\\/\\\/www.accuratereviews.com\\\/it\\\/orc-i-software-migliori-lista-migliori\\\/\"},{\"@type\":\"ListItem\",\"position\":3,\"name\":\"OmniPage 18\"}]},{\"@type\":\"WebSite\",\"@id\":\"https:\\\/\\\/www.accuratereviews.com\\\/it\\\/#website\",\"url\":\"https:\\\/\\\/www.accuratereviews.com\\\/it\\\/\",\"name\":\"Accurate Reviews\",\"description\":\"\",\"potentialAction\":[{\"@type\":\"SearchAction\",\"target\":{\"@type\":\"EntryPoint\",\"urlTemplate\":\"https:\\\/\\\/www.accuratereviews.com\\\/it\\\/?s={search_term_string}\"},\"query-input\":{\"@type\":\"PropertyValueSpecification\",\"valueRequired\":true,\"valueName\":\"search_term_string\"}}],\"inLanguage\":\"it-IT\"}]}<\/script>\n<!-- \/ Yoast SEO plugin. -->","yoast_head_json":{"title":"OmniPage recensione miglior OCR | Accurate Reviews","description":"OminiPage \u00e8 uno dei migliori software OCR disponibili sul mercato e la sua fama se l\u2019\u00e8 guadagnata. \u00c8 uno degli OCR pi\u00f9 evoluti che possiate trovare.","robots":{"index":"index","follow":"follow","max-snippet":"max-snippet:-1","max-image-preview":"max-image-preview:large","max-video-preview":"max-video-preview:-1"},"canonical":"https:\/\/www.accuratereviews.com\/it\/orc-i-software-migliori-lista-migliori\/omnipage-18\/","og_locale":"it_IT","og_type":"article","og_title":"OmniPage recensione miglior OCR | Accurate Reviews","og_description":"OminiPage \u00e8 uno dei migliori software OCR disponibili sul mercato e la sua fama se l\u2019\u00e8 guadagnata. \u00c8 uno degli OCR pi\u00f9 evoluti che possiate trovare.","og_url":"https:\/\/www.accuratereviews.com\/it\/orc-i-software-migliori-lista-migliori\/omnipage-18\/","og_site_name":"Accurate Reviews","article_modified_time":"2016-11-14T17:03:52+00:00","og_image":[{"url":"http:\/\/www.accuratereviews.com\/wp-content\/uploads\/2015\/09\/omnipage-18-1.jpg","type":"","width":"","height":""}],"twitter_card":"summary_large_image","twitter_misc":{"Tempo di lettura stimato":"2 minuti"},"schema":{"@context":"https:\/\/schema.org","@graph":[{"@type":"WebPage","@id":"https:\/\/www.accuratereviews.com\/it\/orc-i-software-migliori-lista-migliori\/omnipage-18\/","url":"https:\/\/www.accuratereviews.com\/it\/orc-i-software-migliori-lista-migliori\/omnipage-18\/","name":"OmniPage recensione miglior OCR | Accurate Reviews","isPartOf":{"@id":"https:\/\/www.accuratereviews.com\/it\/#website"},"primaryImageOfPage":{"@id":"https:\/\/www.accuratereviews.com\/it\/orc-i-software-migliori-lista-migliori\/omnipage-18\/#primaryimage"},"image":{"@id":"https:\/\/www.accuratereviews.com\/it\/orc-i-software-migliori-lista-migliori\/omnipage-18\/#primaryimage"},"thumbnailUrl":"http:\/\/www.accuratereviews.com\/wp-content\/uploads\/2015\/09\/omnipage-18-1.jpg","datePublished":"2015-09-29T13:20:20+00:00","dateModified":"2016-11-14T17:03:52+00:00","description":"OminiPage \u00e8 uno dei migliori software OCR disponibili sul mercato e la sua fama se l\u2019\u00e8 guadagnata. \u00c8 uno degli OCR pi\u00f9 evoluti che possiate trovare.","breadcrumb":{"@id":"https:\/\/www.accuratereviews.com\/it\/orc-i-software-migliori-lista-migliori\/omnipage-18\/#breadcrumb"},"inLanguage":"it-IT","potentialAction":[{"@type":"ReadAction","target":["https:\/\/www.accuratereviews.com\/it\/orc-i-software-migliori-lista-migliori\/omnipage-18\/"]}]},{"@type":"ImageObject","inLanguage":"it-IT","@id":"https:\/\/www.accuratereviews.com\/it\/orc-i-software-migliori-lista-migliori\/omnipage-18\/#primaryimage","url":"http:\/\/www.accuratereviews.com\/wp-content\/uploads\/2015\/09\/omnipage-18-1.jpg","contentUrl":"http:\/\/www.accuratereviews.com\/wp-content\/uploads\/2015\/09\/omnipage-18-1.jpg"},{"@type":"BreadcrumbList","@id":"https:\/\/www.accuratereviews.com\/it\/orc-i-software-migliori-lista-migliori\/omnipage-18\/#breadcrumb","itemListElement":[{"@type":"ListItem","position":1,"name":"Home","item":"https:\/\/www.accuratereviews.com\/it\/"},{"@type":"ListItem","position":2,"name":"ORC: i software migliori","item":"https:\/\/www.accuratereviews.com\/it\/orc-i-software-migliori-lista-migliori\/"},{"@type":"ListItem","position":3,"name":"OmniPage 18"}]},{"@type":"WebSite","@id":"https:\/\/www.accuratereviews.com\/it\/#website","url":"https:\/\/www.accuratereviews.com\/it\/","name":"Accurate Reviews","description":"","potentialAction":[{"@type":"SearchAction","target":{"@type":"EntryPoint","urlTemplate":"https:\/\/www.accuratereviews.com\/it\/?s={search_term_string}"},"query-input":{"@type":"PropertyValueSpecification","valueRequired":true,"valueName":"search_term_string"}}],"inLanguage":"it-IT"}]}},"_links":{"self":[{"href":"https:\/\/www.accuratereviews.com\/it\/wp-json\/wp\/v2\/pages\/6291","targetHints":{"allow":["GET"]}}],"collection":[{"href":"https:\/\/www.accuratereviews.com\/it\/wp-json\/wp\/v2\/pages"}],"about":[{"href":"https:\/\/www.accuratereviews.com\/it\/wp-json\/wp\/v2\/types\/page"}],"author":[{"embeddable":true,"href":"https:\/\/www.accuratereviews.com\/it\/wp-json\/wp\/v2\/users\/16"}],"replies":[{"embeddable":true,"href":"https:\/\/www.accuratereviews.com\/it\/wp-json\/wp\/v2\/comments?post=6291"}],"version-history":[{"count":6,"href":"https:\/\/www.accuratereviews.com\/it\/wp-json\/wp\/v2\/pages\/6291\/revisions"}],"predecessor-version":[{"id":6419,"href":"https:\/\/www.accuratereviews.com\/it\/wp-json\/wp\/v2\/pages\/6291\/revisions\/6419"}],"up":[{"embeddable":true,"href":"https:\/\/www.accuratereviews.com\/it\/wp-json\/wp\/v2\/pages\/6225"}],"wp:attachment":[{"href":"https:\/\/www.accuratereviews.com\/it\/wp-json\/wp\/v2\/media?parent=6291"}],"wp:term":[{"taxonomy":"category","embeddable":true,"href":"https:\/\/www.accuratereviews.com\/it\/wp-json\/wp\/v2\/categories?post=6291"},{"taxonomy":"post_tag","embeddable":true,"href":"https:\/\/www.accuratereviews.com\/it\/wp-json\/wp\/v2\/tags?post=6291"},{"taxonomy":"features","embeddable":true,"href":"https:\/\/www.accuratereviews.com\/it\/wp-json\/wp\/v2\/features?post=6291"}],"curies":[{"name":"wp","href":"https:\/\/api.w.org\/{rel}","templated":true}]}}