{"id":62956,"date":"2022-10-25T13:05:20","date_gmt":"2022-10-25T13:05:20","guid":{"rendered":"https:\/\/www.accuratereviews.com\/?page_id=62956"},"modified":"2022-10-25T18:10:07","modified_gmt":"2022-10-25T18:10:07","slug":"keeper-business-recensione","status":"publish","type":"page","link":"https:\/\/www.accuratereviews.com\/it\/software-di-crittografia\/keeper-business-recensione\/","title":{"rendered":"Keeper"},"content":{"rendered":"<p class=\"h3 mb-1\" style=\"text-align: left;\"><strong>Keeper<\/strong>\u00a0\u00e8 una <strong>piattaforma di crittografia<\/strong> intuitiva e facile da usare che offre potenti strumenti per la\u00a0sicurezza informatica, proteggendo le password, le credenziale e le parole chiavi segrete. Si rivolge a imprese e organizzazioni di ogni dimensione e conferisce agli amministratori la capacit\u00e0 di mettere a punto i livelli di accesso ai dati aziendali e alle credenziali essenziali.<br \/>\nInoltre<strong> Keeper<\/strong> \u00e8 in grado di <strong>generare password casuali<\/strong> e anche molto complesse, di abilitare la condivisione sicura tra utenti team, di creare cartelle condivise e di stabilire dei limiti alla capacit\u00e0 degli utenti di aggiungere, rimuovere, modificare o condividere le voci.<\/p>\n<h2>KEEPER &#8211; TUTORIAL<\/h2>\n<div id=\"fluid-wrapper-counter-1\" class=\"g1-fluid-wrapper \" style=\"width:686px;\">\n<div style=\"padding-bottom:56.268221574344%;\"><iframe loading=\"lazy\" title=\"Account Creation and Login on Android\" width=\"686\" height=\"386\" src=\"https:\/\/www.youtube.com\/embed\/jHX1h6kX4sM?list=PL7SCvrYfo0nE_JlwXjZXqC0juH_tC7pIT\" frameborder=\"0\" allow=\"accelerometer; autoplay; clipboard-write; encrypted-media; gyroscope; picture-in-picture\" allowfullscreen><\/iframe><\/div>\n<\/div>\n<h3>KEEPER &#8211; CARATTERISTICHE<\/h3>\n<ul>\n<li>Gestione dei diritti di accesso e delle autorizzazioni con controlli di accesso in base al ruolo<\/li>\n<li>Integrazione delle chiavi segrete nell&#8217;infrastruttura, nei container e nei sistemi di creazione<\/li>\n<li>Automatizzazione della rotazione delle chiavi di accesso, delle password e dei certificati<\/li>\n<li>Ampliamento delle funzionalit\u00e0 della piattaforma EPM di Keeper per una copertura aziendale totale<\/li>\n<li>Opzioni di installazione flessibili usando Docker o RPM con moduli di autenticazione per database molto utilizzati e AD\/LDAP<\/li>\n<li>Supporto per i browser web dei dispositivi mobili con iOS e Android con tutte le funzionalit\u00e0, incluse le sessioni RDP e SSH<\/li>\n<li>Interfaccia utente semplice, veloce e intuitiva, compatibile con tutti i browser web<\/li>\n<li>Keeper Connection Manager pu\u00f2 essere distribuito negli ambienti &#8220;air-gapped&#8221; (isolati) per supportare i requisiti di sicurezza della rete pi\u00f9 stringenti<\/li>\n<li>I clienti aziendali ricevono formazione dedicata e assistenza 24 ore su 24.<\/li>\n<\/ul>\n<h4>LE RECENSIONI DEGLI UTENTI<\/h4>\n<p><strong>Abbie &#8220;Ottima app per memorizzare e gestire le password!&#8221;<\/strong><br \/>\nCommenti: abbiamo centinaia di siti e gestire le password per un team non \u00e8 facile. Un excel non \u00e8 sufficiente. Keeper semplifica l&#8217;aggiornamento delle password da parte del team secondo le necessit\u00e0 e tutti gli altri hanno facile accesso alle password condivise.<br \/>\nPro: la facilit\u00e0 di implementazione e memorizzazione delle password. Mi piace molto la facilit\u00e0 di trovare le password memorizzate. Mi piace che si possano copiare e incollare sul sito a cui si deve accedere. \u00c8 intuitivo e facile da usare.<br \/>\nContro: Vorrei che la riga dell&#8217;alfabeto a destra fosse un po&#8217; pi\u00f9 grande quando utilizzo l&#8217;app del telefono. Non \u00e8 un grosso problema, ma vorrei una maggiore variet\u00e0 di opzioni di colore per lo sfondo.<\/p>\n<p><strong>Regina &#8220;Implementazione perfetta e successo dell&#8217;utente con una formazione minima&#8221;.<\/strong><br \/>\nCommenti: Dalla leadership al personale in tutti i dipartimenti, gli utenti hanno un&#8217;esperienza positiva e le domande sono principalmente &#8220;Vuoi condividere la password?&#8221;. Il top director riferisce di utilizzarlo quotidianamente.<br \/>\nPro: alto livello di sicurezza e di onboarding\/offboarding del personale. Curva di apprendimento trascurabile.<br \/>\nContro: ci piacciono tutte le funzioni. \u00c8 perfetto cos\u00ec com&#8217;\u00e8.<\/p>\n<p><strong>Neal &#8220;Capacit\u00e0 di memorizzazione di password di qualit\u00e0&#8221;<\/strong><br \/>\nPro: i plugin del browser facilitano la gestione e l&#8217;inserimento di password lunghe e sicure senza doverle riscrivere e digitare a mano.<br \/>\nContro: pu\u00f2 essere difficile utilizzare l&#8217;applicazione Single Sign On quando i pop-up non sono consentiti nella vostra organizzazione.<\/p>\n","protected":false},"excerpt":{"rendered":"<p>Keeper\u00a0\u00e8 una piattaforma di crittografia intuitiva e facile da usare che offre potenti strumenti per la\u00a0sicurezza informatica, proteggendo le password, le credenziale e le parole chiavi segrete. Si rivolge a imprese e organizzazioni di ogni dimensione e conferisce agli amministratori la capacit\u00e0 di mettere a punto i livelli di accesso ai dati aziendali e alle credenziali essenziali.<\/p>\n","protected":false},"author":17,"featured_media":62957,"parent":62847,"menu_order":0,"comment_status":"open","ping_status":"closed","template":"g1_template_page_review_new.php","meta":{"_acf_changed":false,"cwp_meta_box_check":"No","cwp_rev_product_name":"","cwp_rev_product_image":"","wppr_links":[],"cwp_rev_price":"","wppr_options":[],"wppr_pros":[],"wppr_cons":[],"_monsterinsights_skip_tracking":false,"_monsterinsights_sitenote_active":false,"_monsterinsights_sitenote_note":"","_monsterinsights_sitenote_category":0,"footnotes":""},"categories":[13617],"tags":[13619,724,13611,13618,13614,794,13612],"features":[],"class_list":{"0":"post-62956","1":"page","2":"type-page","3":"status-publish","4":"has-post-thumbnail","6":"category-software-crittografia-cat","7":"tag-app-di-crittografia","8":"tag-crittografia-end-to-end","9":"tag-encryption-software","10":"tag-piattaforma-di-crittografia","11":"tag-programma-di-crittografia","12":"tag-sistema-di-crittografia","13":"tag-software-di-crittografia"},"wppr_data":{"cwp_meta_box_check":"No"},"acf":[],"yoast_head":"<!-- This site is optimized with the Yoast SEO plugin v27.4 - https:\/\/yoast.com\/product\/yoast-seo-wordpress\/ -->\n<title>Keeper: recensione software crittografia - Accurate Reviews<\/title>\n<meta name=\"description\" content=\"Keeper: recensione della piattaforma di crittografia intuitiva e facile da usare che offre potenti strumenti per la\u00a0sicurezza informatica.\" \/>\n<meta name=\"robots\" content=\"index, follow, max-snippet:-1, max-image-preview:large, max-video-preview:-1\" \/>\n<link rel=\"canonical\" href=\"https:\/\/www.accuratereviews.com\/it\/software-di-crittografia\/keeper-business-recensione\/\" \/>\n<meta property=\"og:locale\" content=\"it_IT\" \/>\n<meta property=\"og:type\" content=\"article\" \/>\n<meta property=\"og:title\" content=\"Keeper: recensione software crittografia - Accurate Reviews\" \/>\n<meta property=\"og:description\" content=\"Keeper: recensione della piattaforma di crittografia intuitiva e facile da usare che offre potenti strumenti per la\u00a0sicurezza informatica.\" \/>\n<meta property=\"og:url\" content=\"https:\/\/www.accuratereviews.com\/it\/software-di-crittografia\/keeper-business-recensione\/\" \/>\n<meta property=\"og:site_name\" content=\"Accurate Reviews\" \/>\n<meta property=\"article:modified_time\" content=\"2022-10-25T18:10:07+00:00\" \/>\n<meta property=\"og:image\" content=\"https:\/\/www.accuratereviews.com\/wp-content\/uploads\/2022\/10\/0x0.png\" \/>\n\t<meta property=\"og:image:width\" content=\"1236\" \/>\n\t<meta property=\"og:image:height\" content=\"288\" \/>\n\t<meta property=\"og:image:type\" content=\"image\/png\" \/>\n<meta name=\"twitter:card\" content=\"summary_large_image\" \/>\n<meta name=\"twitter:label1\" content=\"Tempo di lettura stimato\" \/>\n\t<meta name=\"twitter:data1\" content=\"3 minuti\" \/>\n<script type=\"application\/ld+json\" class=\"yoast-schema-graph\">{\"@context\":\"https:\\\/\\\/schema.org\",\"@graph\":[{\"@type\":\"WebPage\",\"@id\":\"https:\\\/\\\/www.accuratereviews.com\\\/it\\\/software-di-crittografia\\\/keeper-business-recensione\\\/\",\"url\":\"https:\\\/\\\/www.accuratereviews.com\\\/it\\\/software-di-crittografia\\\/keeper-business-recensione\\\/\",\"name\":\"Keeper: recensione software crittografia - Accurate Reviews\",\"isPartOf\":{\"@id\":\"https:\\\/\\\/www.accuratereviews.com\\\/it\\\/#website\"},\"primaryImageOfPage\":{\"@id\":\"https:\\\/\\\/www.accuratereviews.com\\\/it\\\/software-di-crittografia\\\/keeper-business-recensione\\\/#primaryimage\"},\"image\":{\"@id\":\"https:\\\/\\\/www.accuratereviews.com\\\/it\\\/software-di-crittografia\\\/keeper-business-recensione\\\/#primaryimage\"},\"thumbnailUrl\":\"https:\\\/\\\/www.accuratereviews.com\\\/wp-content\\\/uploads\\\/2022\\\/10\\\/0x0.png\",\"datePublished\":\"2022-10-25T13:05:20+00:00\",\"dateModified\":\"2022-10-25T18:10:07+00:00\",\"description\":\"Keeper: recensione della piattaforma di crittografia intuitiva e facile da usare che offre potenti strumenti per la\u00a0sicurezza informatica.\",\"breadcrumb\":{\"@id\":\"https:\\\/\\\/www.accuratereviews.com\\\/it\\\/software-di-crittografia\\\/keeper-business-recensione\\\/#breadcrumb\"},\"inLanguage\":\"it-IT\",\"potentialAction\":[{\"@type\":\"ReadAction\",\"target\":[\"https:\\\/\\\/www.accuratereviews.com\\\/it\\\/software-di-crittografia\\\/keeper-business-recensione\\\/\"]}]},{\"@type\":\"ImageObject\",\"inLanguage\":\"it-IT\",\"@id\":\"https:\\\/\\\/www.accuratereviews.com\\\/it\\\/software-di-crittografia\\\/keeper-business-recensione\\\/#primaryimage\",\"url\":\"https:\\\/\\\/www.accuratereviews.com\\\/wp-content\\\/uploads\\\/2022\\\/10\\\/0x0.png\",\"contentUrl\":\"https:\\\/\\\/www.accuratereviews.com\\\/wp-content\\\/uploads\\\/2022\\\/10\\\/0x0.png\",\"width\":1236,\"height\":288},{\"@type\":\"BreadcrumbList\",\"@id\":\"https:\\\/\\\/www.accuratereviews.com\\\/it\\\/software-di-crittografia\\\/keeper-business-recensione\\\/#breadcrumb\",\"itemListElement\":[{\"@type\":\"ListItem\",\"position\":1,\"name\":\"Home\",\"item\":\"https:\\\/\\\/www.accuratereviews.com\\\/it\\\/\"},{\"@type\":\"ListItem\",\"position\":2,\"name\":\"Software di crittografia\",\"item\":\"https:\\\/\\\/www.accuratereviews.com\\\/it\\\/software-di-crittografia\\\/\"},{\"@type\":\"ListItem\",\"position\":3,\"name\":\"Keeper\"}]},{\"@type\":\"WebSite\",\"@id\":\"https:\\\/\\\/www.accuratereviews.com\\\/it\\\/#website\",\"url\":\"https:\\\/\\\/www.accuratereviews.com\\\/it\\\/\",\"name\":\"Accurate Reviews\",\"description\":\"\",\"potentialAction\":[{\"@type\":\"SearchAction\",\"target\":{\"@type\":\"EntryPoint\",\"urlTemplate\":\"https:\\\/\\\/www.accuratereviews.com\\\/it\\\/?s={search_term_string}\"},\"query-input\":{\"@type\":\"PropertyValueSpecification\",\"valueRequired\":true,\"valueName\":\"search_term_string\"}}],\"inLanguage\":\"it-IT\"}]}<\/script>\n<!-- \/ Yoast SEO plugin. -->","yoast_head_json":{"title":"Keeper: recensione software crittografia - Accurate Reviews","description":"Keeper: recensione della piattaforma di crittografia intuitiva e facile da usare che offre potenti strumenti per la\u00a0sicurezza informatica.","robots":{"index":"index","follow":"follow","max-snippet":"max-snippet:-1","max-image-preview":"max-image-preview:large","max-video-preview":"max-video-preview:-1"},"canonical":"https:\/\/www.accuratereviews.com\/it\/software-di-crittografia\/keeper-business-recensione\/","og_locale":"it_IT","og_type":"article","og_title":"Keeper: recensione software crittografia - Accurate Reviews","og_description":"Keeper: recensione della piattaforma di crittografia intuitiva e facile da usare che offre potenti strumenti per la\u00a0sicurezza informatica.","og_url":"https:\/\/www.accuratereviews.com\/it\/software-di-crittografia\/keeper-business-recensione\/","og_site_name":"Accurate Reviews","article_modified_time":"2022-10-25T18:10:07+00:00","og_image":[{"width":1236,"height":288,"url":"https:\/\/www.accuratereviews.com\/wp-content\/uploads\/2022\/10\/0x0.png","type":"image\/png"}],"twitter_card":"summary_large_image","twitter_misc":{"Tempo di lettura stimato":"3 minuti"},"schema":{"@context":"https:\/\/schema.org","@graph":[{"@type":"WebPage","@id":"https:\/\/www.accuratereviews.com\/it\/software-di-crittografia\/keeper-business-recensione\/","url":"https:\/\/www.accuratereviews.com\/it\/software-di-crittografia\/keeper-business-recensione\/","name":"Keeper: recensione software crittografia - Accurate Reviews","isPartOf":{"@id":"https:\/\/www.accuratereviews.com\/it\/#website"},"primaryImageOfPage":{"@id":"https:\/\/www.accuratereviews.com\/it\/software-di-crittografia\/keeper-business-recensione\/#primaryimage"},"image":{"@id":"https:\/\/www.accuratereviews.com\/it\/software-di-crittografia\/keeper-business-recensione\/#primaryimage"},"thumbnailUrl":"https:\/\/www.accuratereviews.com\/wp-content\/uploads\/2022\/10\/0x0.png","datePublished":"2022-10-25T13:05:20+00:00","dateModified":"2022-10-25T18:10:07+00:00","description":"Keeper: recensione della piattaforma di crittografia intuitiva e facile da usare che offre potenti strumenti per la\u00a0sicurezza informatica.","breadcrumb":{"@id":"https:\/\/www.accuratereviews.com\/it\/software-di-crittografia\/keeper-business-recensione\/#breadcrumb"},"inLanguage":"it-IT","potentialAction":[{"@type":"ReadAction","target":["https:\/\/www.accuratereviews.com\/it\/software-di-crittografia\/keeper-business-recensione\/"]}]},{"@type":"ImageObject","inLanguage":"it-IT","@id":"https:\/\/www.accuratereviews.com\/it\/software-di-crittografia\/keeper-business-recensione\/#primaryimage","url":"https:\/\/www.accuratereviews.com\/wp-content\/uploads\/2022\/10\/0x0.png","contentUrl":"https:\/\/www.accuratereviews.com\/wp-content\/uploads\/2022\/10\/0x0.png","width":1236,"height":288},{"@type":"BreadcrumbList","@id":"https:\/\/www.accuratereviews.com\/it\/software-di-crittografia\/keeper-business-recensione\/#breadcrumb","itemListElement":[{"@type":"ListItem","position":1,"name":"Home","item":"https:\/\/www.accuratereviews.com\/it\/"},{"@type":"ListItem","position":2,"name":"Software di crittografia","item":"https:\/\/www.accuratereviews.com\/it\/software-di-crittografia\/"},{"@type":"ListItem","position":3,"name":"Keeper"}]},{"@type":"WebSite","@id":"https:\/\/www.accuratereviews.com\/it\/#website","url":"https:\/\/www.accuratereviews.com\/it\/","name":"Accurate Reviews","description":"","potentialAction":[{"@type":"SearchAction","target":{"@type":"EntryPoint","urlTemplate":"https:\/\/www.accuratereviews.com\/it\/?s={search_term_string}"},"query-input":{"@type":"PropertyValueSpecification","valueRequired":true,"valueName":"search_term_string"}}],"inLanguage":"it-IT"}]}},"_links":{"self":[{"href":"https:\/\/www.accuratereviews.com\/it\/wp-json\/wp\/v2\/pages\/62956","targetHints":{"allow":["GET"]}}],"collection":[{"href":"https:\/\/www.accuratereviews.com\/it\/wp-json\/wp\/v2\/pages"}],"about":[{"href":"https:\/\/www.accuratereviews.com\/it\/wp-json\/wp\/v2\/types\/page"}],"author":[{"embeddable":true,"href":"https:\/\/www.accuratereviews.com\/it\/wp-json\/wp\/v2\/users\/17"}],"replies":[{"embeddable":true,"href":"https:\/\/www.accuratereviews.com\/it\/wp-json\/wp\/v2\/comments?post=62956"}],"version-history":[{"count":6,"href":"https:\/\/www.accuratereviews.com\/it\/wp-json\/wp\/v2\/pages\/62956\/revisions"}],"predecessor-version":[{"id":63025,"href":"https:\/\/www.accuratereviews.com\/it\/wp-json\/wp\/v2\/pages\/62956\/revisions\/63025"}],"up":[{"embeddable":true,"href":"https:\/\/www.accuratereviews.com\/it\/wp-json\/wp\/v2\/pages\/62847"}],"wp:featuredmedia":[{"embeddable":true,"href":"https:\/\/www.accuratereviews.com\/it\/wp-json\/wp\/v2\/media\/62957"}],"wp:attachment":[{"href":"https:\/\/www.accuratereviews.com\/it\/wp-json\/wp\/v2\/media?parent=62956"}],"wp:term":[{"taxonomy":"category","embeddable":true,"href":"https:\/\/www.accuratereviews.com\/it\/wp-json\/wp\/v2\/categories?post=62956"},{"taxonomy":"post_tag","embeddable":true,"href":"https:\/\/www.accuratereviews.com\/it\/wp-json\/wp\/v2\/tags?post=62956"},{"taxonomy":"features","embeddable":true,"href":"https:\/\/www.accuratereviews.com\/it\/wp-json\/wp\/v2\/features?post=62956"}],"curies":[{"name":"wp","href":"https:\/\/api.w.org\/{rel}","templated":true}]}}