{"id":62962,"date":"2022-10-26T16:17:48","date_gmt":"2022-10-26T16:17:48","guid":{"rendered":"https:\/\/www.accuratereviews.com\/?page_id=62962"},"modified":"2022-10-27T06:45:57","modified_gmt":"2022-10-27T06:45:57","slug":"tunnelbear-recensione","status":"publish","type":"page","link":"https:\/\/www.accuratereviews.com\/it\/software-di-crittografia\/tunnelbear-recensione\/","title":{"rendered":"TunnelBear"},"content":{"rendered":"<p><strong>TunnelBear<\/strong> \u00e8 un <strong>sistema di rete privata virtuale (VPN)<\/strong> che aiuta le aziende a navigare e accedere in modo sicuro ai dati aziendali su vari dispositivi, inclusi cellulari, desktop e tablet. Il software protegge le organizzazioni dalle fughe di dati convertendo la cronologia di navigazione in un formato illeggibile, limitando i fornitori di servizi Internet , proprietari di rete e hacker dall&#8217;accesso ai dati.<br \/>\nL&#8217;applicazione utilizza la funzionalit\u00e0 Ghostbear per impedire il rilevamento del traffico VPN tra governi, aziende e ISP. Con lo strumento di blocco di <strong>TunnelBear<\/strong>, le aziende possono controllare e correggere le informazioni condivise sulla rete e facilitare il caricamento del sito web. La funzionalit\u00e0 Splitbear consente inoltre ai gestori di controllare le applicazioni che non devono essere gestite dal gateway.<\/p>\n<h2>TUNNELBEAR &#8211; TUTORIAL<\/h2>\n<div id=\"fluid-wrapper-counter-1\" class=\"g1-fluid-wrapper \" style=\"width:686px;\">\n<div style=\"padding-bottom:56.268221574344%;\"><iframe loading=\"lazy\" title=\"TunnelBear VPN Review 2022 \ud83d\udc3e It\u2019s Free VPN, but can it Unblock Streaming\ud83c\udf9e\ufe0f\" width=\"686\" height=\"386\" src=\"https:\/\/www.youtube.com\/embed\/ETpIL2qEPQ8?feature=oembed&amp;wmode=transparent&amp;autohide=1&amp;autoplay=0&amp;disablekb=0&amp;fs=1&amp;loop=0&amp;enablejsapi=1&amp;rel=0&amp;controls=2&amp;showinfo=0&amp;wmode=transparent&amp;autohide=2&amp;autoplay=0&amp;disablekb=0&amp;fs=1&amp;loop=0&amp;enablejsapi=1&amp;rel=0&amp;controls=2&amp;showinfo=1\" frameborder=\"0\" allow=\"accelerometer; autoplay; clipboard-write; encrypted-media; gyroscope; picture-in-picture\" allowfullscreen><\/iframe><\/div>\n<\/div>\n<h3>TUNNELBEAR &#8211; CARATTERISTICHE<\/h3>\n<ul>\n<li><strong>Semplice e bello<\/strong>: semplicit\u00e0 di accensione\/spegnimento abbinata a una bella mappa per visualizzare la tua connessione. Un&#8217;app progettata in modo accurato.<\/li>\n<li><strong>Vigilanza<\/strong>: non preoccuparti se perdi la connessione Wi-Fi, il programma ti copre le spalle. Bloccher\u00e0 tutto il traffico non protetto fino a quando tutto non si sar\u00e0 riconnesso in modo sicuro.<\/li>\n<li><strong>Crittografia forte:<\/strong> il software\u00a0utilizza una forte crittografia AES a 256 bit per impostazione predefinita. Una crittografia debole non \u00e8 nemmeno un&#8217;opzione.<\/li>\n<li><strong>Modalit\u00e0 fantasma<\/strong>: la tua VPN \u00e8 bloccata in alcuni paesi? Con questa piattaforma, puoi rendere i tuoi dati crittografati VPN meno rilevabili da governi, aziende e ISP.<\/li>\n<li><strong>Sempre acceso<\/strong>: connettiti e rimani connesso automaticamente. La soluzione manterr\u00e0 i tuoi dati al sicuro 24 ore su 24, 7 giorni su 7.<\/li>\n<li><strong>Installazione facile<\/strong>: non potrebbe essere pi\u00f9 facile. L&#8217;installazione rapida ti consentir\u00e0 di navigare in privato in pochi secondi.<\/li>\n<li><strong>Multi piattaforma<\/strong>:\u00a0Linux, Chrome OS, macOS, Windows, nessun problema. Il programma per browser funziona su qualsiasi sistema operativo supportato da Chrome o Firefox.<\/li>\n<\/ul>\n<h4>LE RECENSIONI DEGLI UTENTI<\/h4>\n<p><strong>David: &#8220;VPN fantastica e facile da usare&#8221;<\/strong><br \/>\n<strong>Commenti<\/strong>: Fornisce un ulteriore livello di sicurezza per il lavoro quando si \u00e8 fuori casa e l&#8217;accesso a pi\u00f9 contenuti per l&#8217;intrattenimento personale.<br \/>\n<strong>Pro<\/strong>: Molto facile da configurare e utilizzare, sia su MacOS che iOS. L&#8217;interfaccia utente carina fa sembrare le VPN pi\u00f9 accessibili ai meno esperti di tecnologia. Ha funzionato sia per un ulteriore livello di sicurezza quando su reti Wi-Fi pubbliche sia per l&#8217;accesso a contenuti\/siti altrimenti bloccati in posizione durante il viaggio.<br \/>\n<strong>Contro<\/strong>:La versione di prova gratuita \u00e8 alquanto limitata a 500 MB, provandola con YouTube o altri video la masterizza in modo estremamente rapido. Abbonamento mensile anche pi\u00f9 costoso di altre opzioni simili; \u00e8 necessario impegnarsi in un abbonamento annuale per ottenere una tariffa mensile pi\u00f9 ragionevole.<\/p>\n<p class=\"fw-bold mb-2\"><strong>Javier&#8221;La VPN pi\u00f9 amichevole in circolazione&#8221;<\/strong><br \/>\n<strong>Pro<\/strong>: La grande UX e la facilit\u00e0 d&#8217;uso sono davvero impressionanti. Quando si utilizza su iPhone \u00e8 davvero carino che ti suggeriscano di accendere TunnelBear quando stai per connetterti a una rete molto insicura<br \/>\n<strong>Contro<\/strong>:Letteralmente niente. L&#8217;azienda \u00e8 sempre molto aperta anche riguardo alle societ\u00e0 di sicurezza di terze parti che fanno su di loro.<\/p>\n<p class=\"fw-bold mb-2\"><strong>Nalika&#8221;Grande sicurezza per la rete&#8221;<\/strong><br \/>\n<strong>Commenti<\/strong>: Ora siamo in grado di accedere a piattaforme sensibili all&#8217;area selezionando la posizione in cui desideriamo avere il nostro mirroring IP. Questo ci fornisce una grande flessibilit\u00e0 in modo da poter raggiungere gli obiettivi pi\u00f9 velocemente.<br \/>\n<strong>Pro<\/strong>: Mi piace che ci fornisca la sicurezza di accedere al nostro software usato liberamente e senza interruzioni.<br \/>\n<strong>Contro<\/strong>: Il segnale tende a interrompersi se arriva una chiamata sulla linea<\/p>\n","protected":false},"excerpt":{"rendered":"<p>TunnelBear \u00e8 un sistema di rete privata virtuale (VPN) che aiuta le aziende a navigare e accedere in modo sicuro ai dati aziendali su vari dispositivi, inclusi cellulari, desktop e tablet. Il software protegge le organizzazioni dalle fughe di dati convertendo la cronologia di navigazione in un formato illeggibile, limitando i fornitori di servizi Internet , proprietari di rete e hacker dall&#8217;accesso ai dati.<\/p>\n","protected":false},"author":19,"featured_media":63050,"parent":62847,"menu_order":0,"comment_status":"open","ping_status":"closed","template":"g1_template_page_review_new.php","meta":{"_acf_changed":false,"cwp_meta_box_check":"Yes","cwp_rev_product_name":"","cwp_rev_product_image":"","wppr_links":[],"cwp_rev_price":"","wppr_options":[],"wppr_pros":[],"wppr_cons":[],"_monsterinsights_skip_tracking":false,"_monsterinsights_sitenote_active":false,"_monsterinsights_sitenote_note":"","_monsterinsights_sitenote_category":0,"footnotes":""},"categories":[13617],"tags":[730,13611,13618,13614,13612,13613,13662],"features":[],"class_list":{"0":"post-62962","1":"page","2":"type-page","3":"status-publish","4":"has-post-thumbnail","6":"category-software-crittografia-cat","7":"tag-crittografia","8":"tag-encryption-software","9":"tag-piattaforma-di-crittografia","10":"tag-programma-di-crittografia","11":"tag-software-di-crittografia","12":"tag-soluzione-di-crittografia","13":"tag-tunnelbear"},"wppr_data":{"cwp_meta_box_check":"Yes","cwp_rev_product_name":"","cwp_rev_product_image":"","cwp_image_link":"image","cwp_rev_price":"","wppr_rating":"0.00"},"acf":[],"yoast_head":"<!-- This site is optimized with the Yoast SEO plugin v27.4 - https:\/\/yoast.com\/product\/yoast-seo-wordpress\/ -->\n<title>TunnelBear: recensione software di crittografia - Accurate Reviews<\/title>\n<meta name=\"description\" content=\"TunnelBear: recensione sistema di rete privata virtuale che aiuta le aziende a navigare e accedere in modo sicuro ai dati aziendali.\" \/>\n<meta name=\"robots\" content=\"index, follow, max-snippet:-1, max-image-preview:large, max-video-preview:-1\" \/>\n<link rel=\"canonical\" href=\"https:\/\/www.accuratereviews.com\/it\/software-di-crittografia\/tunnelbear-recensione\/\" \/>\n<meta property=\"og:locale\" content=\"it_IT\" \/>\n<meta property=\"og:type\" content=\"article\" \/>\n<meta property=\"og:title\" content=\"TunnelBear: recensione software di crittografia - Accurate Reviews\" \/>\n<meta property=\"og:description\" content=\"TunnelBear: recensione sistema di rete privata virtuale che aiuta le aziende a navigare e accedere in modo sicuro ai dati aziendali.\" \/>\n<meta property=\"og:url\" content=\"https:\/\/www.accuratereviews.com\/it\/software-di-crittografia\/tunnelbear-recensione\/\" \/>\n<meta property=\"og:site_name\" content=\"Accurate Reviews\" \/>\n<meta property=\"article:modified_time\" content=\"2022-10-27T06:45:57+00:00\" \/>\n<meta property=\"og:image\" content=\"https:\/\/www.accuratereviews.com\/wp-content\/uploads\/2022\/10\/TunnelBear.png\" \/>\n\t<meta property=\"og:image:width\" content=\"225\" \/>\n\t<meta property=\"og:image:height\" content=\"225\" \/>\n\t<meta property=\"og:image:type\" content=\"image\/png\" \/>\n<meta name=\"twitter:card\" content=\"summary_large_image\" \/>\n<meta name=\"twitter:label1\" content=\"Tempo di lettura stimato\" \/>\n\t<meta name=\"twitter:data1\" content=\"3 minuti\" \/>\n<script type=\"application\/ld+json\" class=\"yoast-schema-graph\">{\"@context\":\"https:\\\/\\\/schema.org\",\"@graph\":[{\"@type\":\"WebPage\",\"@id\":\"https:\\\/\\\/www.accuratereviews.com\\\/it\\\/software-di-crittografia\\\/tunnelbear-recensione\\\/\",\"url\":\"https:\\\/\\\/www.accuratereviews.com\\\/it\\\/software-di-crittografia\\\/tunnelbear-recensione\\\/\",\"name\":\"TunnelBear: recensione software di crittografia - Accurate Reviews\",\"isPartOf\":{\"@id\":\"https:\\\/\\\/www.accuratereviews.com\\\/it\\\/#website\"},\"primaryImageOfPage\":{\"@id\":\"https:\\\/\\\/www.accuratereviews.com\\\/it\\\/software-di-crittografia\\\/tunnelbear-recensione\\\/#primaryimage\"},\"image\":{\"@id\":\"https:\\\/\\\/www.accuratereviews.com\\\/it\\\/software-di-crittografia\\\/tunnelbear-recensione\\\/#primaryimage\"},\"thumbnailUrl\":\"https:\\\/\\\/www.accuratereviews.com\\\/wp-content\\\/uploads\\\/2022\\\/10\\\/TunnelBear.png\",\"datePublished\":\"2022-10-26T16:17:48+00:00\",\"dateModified\":\"2022-10-27T06:45:57+00:00\",\"description\":\"TunnelBear: recensione sistema di rete privata virtuale che aiuta le aziende a navigare e accedere in modo sicuro ai dati aziendali.\",\"breadcrumb\":{\"@id\":\"https:\\\/\\\/www.accuratereviews.com\\\/it\\\/software-di-crittografia\\\/tunnelbear-recensione\\\/#breadcrumb\"},\"inLanguage\":\"it-IT\",\"potentialAction\":[{\"@type\":\"ReadAction\",\"target\":[\"https:\\\/\\\/www.accuratereviews.com\\\/it\\\/software-di-crittografia\\\/tunnelbear-recensione\\\/\"]}]},{\"@type\":\"ImageObject\",\"inLanguage\":\"it-IT\",\"@id\":\"https:\\\/\\\/www.accuratereviews.com\\\/it\\\/software-di-crittografia\\\/tunnelbear-recensione\\\/#primaryimage\",\"url\":\"https:\\\/\\\/www.accuratereviews.com\\\/wp-content\\\/uploads\\\/2022\\\/10\\\/TunnelBear.png\",\"contentUrl\":\"https:\\\/\\\/www.accuratereviews.com\\\/wp-content\\\/uploads\\\/2022\\\/10\\\/TunnelBear.png\",\"width\":225,\"height\":225},{\"@type\":\"BreadcrumbList\",\"@id\":\"https:\\\/\\\/www.accuratereviews.com\\\/it\\\/software-di-crittografia\\\/tunnelbear-recensione\\\/#breadcrumb\",\"itemListElement\":[{\"@type\":\"ListItem\",\"position\":1,\"name\":\"Home\",\"item\":\"https:\\\/\\\/www.accuratereviews.com\\\/it\\\/\"},{\"@type\":\"ListItem\",\"position\":2,\"name\":\"Software di crittografia\",\"item\":\"https:\\\/\\\/www.accuratereviews.com\\\/it\\\/software-di-crittografia\\\/\"},{\"@type\":\"ListItem\",\"position\":3,\"name\":\"TunnelBear\"}]},{\"@type\":\"WebSite\",\"@id\":\"https:\\\/\\\/www.accuratereviews.com\\\/it\\\/#website\",\"url\":\"https:\\\/\\\/www.accuratereviews.com\\\/it\\\/\",\"name\":\"Accurate Reviews\",\"description\":\"\",\"potentialAction\":[{\"@type\":\"SearchAction\",\"target\":{\"@type\":\"EntryPoint\",\"urlTemplate\":\"https:\\\/\\\/www.accuratereviews.com\\\/it\\\/?s={search_term_string}\"},\"query-input\":{\"@type\":\"PropertyValueSpecification\",\"valueRequired\":true,\"valueName\":\"search_term_string\"}}],\"inLanguage\":\"it-IT\"}]}<\/script>\n<!-- \/ Yoast SEO plugin. -->","yoast_head_json":{"title":"TunnelBear: recensione software di crittografia - Accurate Reviews","description":"TunnelBear: recensione sistema di rete privata virtuale che aiuta le aziende a navigare e accedere in modo sicuro ai dati aziendali.","robots":{"index":"index","follow":"follow","max-snippet":"max-snippet:-1","max-image-preview":"max-image-preview:large","max-video-preview":"max-video-preview:-1"},"canonical":"https:\/\/www.accuratereviews.com\/it\/software-di-crittografia\/tunnelbear-recensione\/","og_locale":"it_IT","og_type":"article","og_title":"TunnelBear: recensione software di crittografia - Accurate Reviews","og_description":"TunnelBear: recensione sistema di rete privata virtuale che aiuta le aziende a navigare e accedere in modo sicuro ai dati aziendali.","og_url":"https:\/\/www.accuratereviews.com\/it\/software-di-crittografia\/tunnelbear-recensione\/","og_site_name":"Accurate Reviews","article_modified_time":"2022-10-27T06:45:57+00:00","og_image":[{"width":225,"height":225,"url":"https:\/\/www.accuratereviews.com\/wp-content\/uploads\/2022\/10\/TunnelBear.png","type":"image\/png"}],"twitter_card":"summary_large_image","twitter_misc":{"Tempo di lettura stimato":"3 minuti"},"schema":{"@context":"https:\/\/schema.org","@graph":[{"@type":"WebPage","@id":"https:\/\/www.accuratereviews.com\/it\/software-di-crittografia\/tunnelbear-recensione\/","url":"https:\/\/www.accuratereviews.com\/it\/software-di-crittografia\/tunnelbear-recensione\/","name":"TunnelBear: recensione software di crittografia - Accurate Reviews","isPartOf":{"@id":"https:\/\/www.accuratereviews.com\/it\/#website"},"primaryImageOfPage":{"@id":"https:\/\/www.accuratereviews.com\/it\/software-di-crittografia\/tunnelbear-recensione\/#primaryimage"},"image":{"@id":"https:\/\/www.accuratereviews.com\/it\/software-di-crittografia\/tunnelbear-recensione\/#primaryimage"},"thumbnailUrl":"https:\/\/www.accuratereviews.com\/wp-content\/uploads\/2022\/10\/TunnelBear.png","datePublished":"2022-10-26T16:17:48+00:00","dateModified":"2022-10-27T06:45:57+00:00","description":"TunnelBear: recensione sistema di rete privata virtuale che aiuta le aziende a navigare e accedere in modo sicuro ai dati aziendali.","breadcrumb":{"@id":"https:\/\/www.accuratereviews.com\/it\/software-di-crittografia\/tunnelbear-recensione\/#breadcrumb"},"inLanguage":"it-IT","potentialAction":[{"@type":"ReadAction","target":["https:\/\/www.accuratereviews.com\/it\/software-di-crittografia\/tunnelbear-recensione\/"]}]},{"@type":"ImageObject","inLanguage":"it-IT","@id":"https:\/\/www.accuratereviews.com\/it\/software-di-crittografia\/tunnelbear-recensione\/#primaryimage","url":"https:\/\/www.accuratereviews.com\/wp-content\/uploads\/2022\/10\/TunnelBear.png","contentUrl":"https:\/\/www.accuratereviews.com\/wp-content\/uploads\/2022\/10\/TunnelBear.png","width":225,"height":225},{"@type":"BreadcrumbList","@id":"https:\/\/www.accuratereviews.com\/it\/software-di-crittografia\/tunnelbear-recensione\/#breadcrumb","itemListElement":[{"@type":"ListItem","position":1,"name":"Home","item":"https:\/\/www.accuratereviews.com\/it\/"},{"@type":"ListItem","position":2,"name":"Software di crittografia","item":"https:\/\/www.accuratereviews.com\/it\/software-di-crittografia\/"},{"@type":"ListItem","position":3,"name":"TunnelBear"}]},{"@type":"WebSite","@id":"https:\/\/www.accuratereviews.com\/it\/#website","url":"https:\/\/www.accuratereviews.com\/it\/","name":"Accurate Reviews","description":"","potentialAction":[{"@type":"SearchAction","target":{"@type":"EntryPoint","urlTemplate":"https:\/\/www.accuratereviews.com\/it\/?s={search_term_string}"},"query-input":{"@type":"PropertyValueSpecification","valueRequired":true,"valueName":"search_term_string"}}],"inLanguage":"it-IT"}]}},"_links":{"self":[{"href":"https:\/\/www.accuratereviews.com\/it\/wp-json\/wp\/v2\/pages\/62962","targetHints":{"allow":["GET"]}}],"collection":[{"href":"https:\/\/www.accuratereviews.com\/it\/wp-json\/wp\/v2\/pages"}],"about":[{"href":"https:\/\/www.accuratereviews.com\/it\/wp-json\/wp\/v2\/types\/page"}],"author":[{"embeddable":true,"href":"https:\/\/www.accuratereviews.com\/it\/wp-json\/wp\/v2\/users\/19"}],"replies":[{"embeddable":true,"href":"https:\/\/www.accuratereviews.com\/it\/wp-json\/wp\/v2\/comments?post=62962"}],"version-history":[{"count":6,"href":"https:\/\/www.accuratereviews.com\/it\/wp-json\/wp\/v2\/pages\/62962\/revisions"}],"predecessor-version":[{"id":63107,"href":"https:\/\/www.accuratereviews.com\/it\/wp-json\/wp\/v2\/pages\/62962\/revisions\/63107"}],"up":[{"embeddable":true,"href":"https:\/\/www.accuratereviews.com\/it\/wp-json\/wp\/v2\/pages\/62847"}],"wp:featuredmedia":[{"embeddable":true,"href":"https:\/\/www.accuratereviews.com\/it\/wp-json\/wp\/v2\/media\/63050"}],"wp:attachment":[{"href":"https:\/\/www.accuratereviews.com\/it\/wp-json\/wp\/v2\/media?parent=62962"}],"wp:term":[{"taxonomy":"category","embeddable":true,"href":"https:\/\/www.accuratereviews.com\/it\/wp-json\/wp\/v2\/categories?post=62962"},{"taxonomy":"post_tag","embeddable":true,"href":"https:\/\/www.accuratereviews.com\/it\/wp-json\/wp\/v2\/tags?post=62962"},{"taxonomy":"features","embeddable":true,"href":"https:\/\/www.accuratereviews.com\/it\/wp-json\/wp\/v2\/features?post=62962"}],"curies":[{"name":"wp","href":"https:\/\/api.w.org\/{rel}","templated":true}]}}