{"id":62964,"date":"2022-10-25T18:09:43","date_gmt":"2022-10-25T18:09:43","guid":{"rendered":"https:\/\/www.accuratereviews.com\/?page_id=62964"},"modified":"2022-10-26T07:49:13","modified_gmt":"2022-10-26T07:49:13","slug":"cloudflare-recensione","status":"publish","type":"page","link":"https:\/\/www.accuratereviews.com\/it\/software-di-crittografia\/cloudflare-recensione\/","title":{"rendered":"Cloudflare"},"content":{"rendered":"<p><strong>Cloudflare<\/strong> \u00e8 uno <strong>strumento di sicurezza<\/strong>\u00a0web, basato su <strong>cloud<\/strong>, che protegge le aziende del settore pubblico e privato dagli <strong>attacchi hacker<\/strong> e provvede all&#8217;accelerazione delle applicazioni dei siti web e di altri servizi internet. La piattaforma offre soluzioni per siti web professionali, portafogli, blog, societ\u00e0 di ecommerce di piccole e medie dimensioni e aziende che richiedono sicurezza di livello aziendale e buone prestazioni di rete. Le propriet\u00e0 internet fornite dal software instradano tutto il traffico attraverso la sua rete globale sicura, consentendo un migliore coinvolgimento dei clienti.<\/p>\n<h2>CLOUDFLARE &#8211; TUTORIAL<\/h2>\n<div id=\"fluid-wrapper-counter-1\" class=\"g1-fluid-wrapper \" style=\"width:686px;\">\n<div style=\"padding-bottom:56.268221574344%;\"><iframe loading=\"lazy\" title=\"Cloudflare Tunnel Setup Guide - Self-Hosting for EVERYONE\" width=\"686\" height=\"386\" src=\"https:\/\/www.youtube.com\/embed\/hrwoKO7LMzk?feature=oembed&amp;wmode=transparent&amp;autohide=1&amp;autoplay=0&amp;disablekb=0&amp;fs=1&amp;loop=0&amp;enablejsapi=1&amp;rel=0&amp;controls=2&amp;showinfo=0&amp;wmode=transparent&amp;autohide=2&amp;autoplay=0&amp;disablekb=0&amp;fs=1&amp;loop=0&amp;enablejsapi=1&amp;rel=0&amp;controls=2&amp;showinfo=1\" frameborder=\"0\" allow=\"accelerometer; autoplay; clipboard-write; encrypted-media; gyroscope; picture-in-picture\" allowfullscreen><\/iframe><\/div>\n<\/div>\n<h3>CLOUDFLARE &#8211; CARATTERISTICHE<\/h3>\n<ul>\n<li>Blocca la perdita di dati, il malware e il phishing con la soluzione di navigazione in Internet e di accesso alle applicazioni Zero Trust pi\u00f9 performanti.<\/li>\n<li class=\"black f2 fw4 lh-6 mb4 mt0\">Velocizza siti web, app e API attraverso la rete globale per ottimizzare i tuoi contenuti e consegnarli pi\u00f9 vicino alla posizione degli utenti.<\/li>\n<li>Proteggi siti Web e applicazioni da bot, attacchi DDoS e altro, il tutto monitorando attivit\u00e0 sospette e potenziali attacchi.<\/li>\n<li>Soluzioni di rete per connettere, proteggere e accelerare le tue reti, senza il costo e la complessit\u00e0 della gestione dell&#8217;hardware legacy.<\/li>\n<li>Distribuisci istantaneamente codice serverless in tutto il mondo per dargli prestazioni, affidabilit\u00e0 e scalabilit\u00e0 eccezionali.<\/li>\n<li>Naviga in un panorama aziendale in evoluzione con maggiore flessibilit\u00e0<\/li>\n<li>Ottieni un migliore controllo sulla spesa e riduci il tuo TCO<\/li>\n<li>Routing intelligente, ottimizzazione per dispositivi mobili e immagini, video, cache.<\/li>\n<\/ul>\n<h4>LE RECENSIONI DEGLI UTENTI<\/h4>\n<p class=\"fw-bold mb-2\"><strong>Andrius&#8221;Cloudflare i tuoi server per prevenire i disastri&#8221;<br \/>\n<\/strong><span class=\"fw-bold\"><strong>Commenti<\/strong>:<\/span> Se l&#8217;utente o l&#8217;amministratore si preoccupa della sicurezza dei dati e vuole risparmiare un po&#8217; di tempo per proteggere i dati, dovrebbe configurare il servizio.<br \/>\n<strong>Pro<\/strong>:\u00a0Anche se non \u00e8 completamente gratuito, considerando quanto la sicurezza dei server pu\u00f2 influire sull&#8217;intero flusso di lavoro, vale la pena pagare un extra per dormire bene<br \/>\n<strong>Contro<\/strong>:\u00a0Ci mette molto tempo per caricare il sito web e\/o controllare il browser.<\/p>\n<p class=\"fw-bold mb-2\"><strong>Ken&#8221;Strumento eccezionalmente affidabile ed efficace&#8221;<br \/>\n<\/strong><strong>Pro<\/strong>:\u00a0Cloudflare offre una piattaforma solida, gratuita e di base che offre sicurezza e ottimizzazione del sito Web senza precedenti. Se gestisci un portfolio online, un sito web singolare o un server personale, \u00e8 lo strumento perfetto. Mi permette di mettere in sicurezza il sistema e mi d\u00e0 consigli su come ottimizzare la velocit\u00e0 di caricamento e i carichi di traffico.<br \/>\n<strong>Contro<\/strong>:\u00a0Non ho lamentele riguardo al software, fa esattamente come promesso e, se amplier\u00f2 il mio portafoglio online, passer\u00f2 sicuramente all&#8217;opzione a pagamento.<\/p>\n<p class=\"fw-bold mb-2\"><strong>Nujan&#8221;CDN gratuito davvero eccezionale&#8221;<br \/>\n<\/strong><span class=\"fw-bold\"><strong>Commenti<\/strong>:<\/span> Il miglior CDN gratuito per iniziare.<br \/>\n<strong>Pro<\/strong>:\u00a0Sto usando Cloudflare per pi\u00f9 di 20 siti web. Protegge i nostri siti Web dall&#8217;attacco DDOS e anche il CDN \u00e8 eccezionale considerando che \u00e8 GRATUITO. La caratteristica pi\u00f9 apprezzata di Cloudflare nell&#8217;emissione senza interruzioni di certificati SSL con fatturazione.<br \/>\n<strong>Contro<\/strong>: l&#8217;interfaccia utente direi perch\u00e9 a volte \u00e8 impossibile trovare l&#8217;impostazione che stai cercando. Ci sono cos\u00ec tante schede, pagine e collegamenti a rami nel sito, una persona non tecnica si confonde davvero.<\/p>\n","protected":false},"excerpt":{"rendered":"<p>Cloudflare \u00e8 uno strumento di sicurezza\u00a0web, basato su cloud, che protegge le aziende del settore pubblico e privato dagli attacchi hacker e provvede all&#8217;accelerazione delle applicazioni dei siti web e di altri servizi internet. La piattaforma offre soluzioni per siti web professionali, portafogli, blog, societ\u00e0 di ecommerce di piccole e medie dimensioni e aziende.<\/p>\n","protected":false},"author":19,"featured_media":62969,"parent":62847,"menu_order":0,"comment_status":"open","ping_status":"closed","template":"g1_template_page_review_new.php","meta":{"_acf_changed":false,"cwp_meta_box_check":"No","cwp_rev_product_name":"","cwp_rev_product_image":"","wppr_links":[],"cwp_rev_price":"","wppr_options":[],"wppr_pros":[],"wppr_cons":[],"_monsterinsights_skip_tracking":false,"_monsterinsights_sitenote_active":false,"_monsterinsights_sitenote_note":"","_monsterinsights_sitenote_category":0,"footnotes":""},"categories":[13617],"tags":[13619,13657,730,13611,13615,13614,13612,13613],"features":[],"class_list":{"0":"post-62964","1":"page","2":"type-page","3":"status-publish","4":"has-post-thumbnail","6":"category-software-crittografia-cat","7":"tag-app-di-crittografia","8":"tag-cloudflare","9":"tag-crittografia","10":"tag-encryption-software","11":"tag-piattaforma-di-crottografia","12":"tag-programma-di-crittografia","13":"tag-software-di-crittografia","14":"tag-soluzione-di-crittografia"},"wppr_data":{"cwp_meta_box_check":"No"},"acf":[],"yoast_head":"<!-- This site is optimized with the Yoast SEO plugin v27.4 - https:\/\/yoast.com\/product\/yoast-seo-wordpress\/ -->\n<title>Cloudflare: recensione encryption software - Accurate Reviews<\/title>\n<meta name=\"description\" content=\"Cloudflare: recensione dello strumento di sicurezza\u00a0web che protegge le aziende del settore pubblico e privato dagli attacchi hacker.\" \/>\n<meta name=\"robots\" content=\"index, follow, max-snippet:-1, max-image-preview:large, max-video-preview:-1\" \/>\n<link rel=\"canonical\" href=\"https:\/\/www.accuratereviews.com\/it\/software-di-crittografia\/cloudflare-recensione\/\" \/>\n<meta property=\"og:locale\" content=\"it_IT\" \/>\n<meta property=\"og:type\" content=\"article\" \/>\n<meta property=\"og:title\" content=\"Cloudflare: recensione encryption software - Accurate Reviews\" \/>\n<meta property=\"og:description\" content=\"Cloudflare: recensione dello strumento di sicurezza\u00a0web che protegge le aziende del settore pubblico e privato dagli attacchi hacker.\" \/>\n<meta property=\"og:url\" content=\"https:\/\/www.accuratereviews.com\/it\/software-di-crittografia\/cloudflare-recensione\/\" \/>\n<meta property=\"og:site_name\" content=\"Accurate Reviews\" \/>\n<meta property=\"article:modified_time\" content=\"2022-10-26T07:49:13+00:00\" \/>\n<meta property=\"og:image\" content=\"https:\/\/www.accuratereviews.com\/wp-content\/uploads\/2022\/10\/cloudflare-logo.webp\" \/>\n\t<meta property=\"og:image:width\" content=\"1200\" \/>\n\t<meta property=\"og:image:height\" content=\"600\" \/>\n\t<meta property=\"og:image:type\" content=\"image\/webp\" \/>\n<meta name=\"twitter:card\" content=\"summary_large_image\" \/>\n<meta name=\"twitter:label1\" content=\"Tempo di lettura stimato\" \/>\n\t<meta name=\"twitter:data1\" content=\"3 minuti\" \/>\n<script type=\"application\/ld+json\" class=\"yoast-schema-graph\">{\"@context\":\"https:\\\/\\\/schema.org\",\"@graph\":[{\"@type\":\"WebPage\",\"@id\":\"https:\\\/\\\/www.accuratereviews.com\\\/it\\\/software-di-crittografia\\\/cloudflare-recensione\\\/\",\"url\":\"https:\\\/\\\/www.accuratereviews.com\\\/it\\\/software-di-crittografia\\\/cloudflare-recensione\\\/\",\"name\":\"Cloudflare: recensione encryption software - Accurate Reviews\",\"isPartOf\":{\"@id\":\"https:\\\/\\\/www.accuratereviews.com\\\/it\\\/#website\"},\"primaryImageOfPage\":{\"@id\":\"https:\\\/\\\/www.accuratereviews.com\\\/it\\\/software-di-crittografia\\\/cloudflare-recensione\\\/#primaryimage\"},\"image\":{\"@id\":\"https:\\\/\\\/www.accuratereviews.com\\\/it\\\/software-di-crittografia\\\/cloudflare-recensione\\\/#primaryimage\"},\"thumbnailUrl\":\"https:\\\/\\\/www.accuratereviews.com\\\/wp-content\\\/uploads\\\/2022\\\/10\\\/cloudflare-logo.webp\",\"datePublished\":\"2022-10-25T18:09:43+00:00\",\"dateModified\":\"2022-10-26T07:49:13+00:00\",\"description\":\"Cloudflare: recensione dello strumento di sicurezza\u00a0web che protegge le aziende del settore pubblico e privato dagli attacchi hacker.\",\"breadcrumb\":{\"@id\":\"https:\\\/\\\/www.accuratereviews.com\\\/it\\\/software-di-crittografia\\\/cloudflare-recensione\\\/#breadcrumb\"},\"inLanguage\":\"it-IT\",\"potentialAction\":[{\"@type\":\"ReadAction\",\"target\":[\"https:\\\/\\\/www.accuratereviews.com\\\/it\\\/software-di-crittografia\\\/cloudflare-recensione\\\/\"]}]},{\"@type\":\"ImageObject\",\"inLanguage\":\"it-IT\",\"@id\":\"https:\\\/\\\/www.accuratereviews.com\\\/it\\\/software-di-crittografia\\\/cloudflare-recensione\\\/#primaryimage\",\"url\":\"https:\\\/\\\/www.accuratereviews.com\\\/wp-content\\\/uploads\\\/2022\\\/10\\\/cloudflare-logo.webp\",\"contentUrl\":\"https:\\\/\\\/www.accuratereviews.com\\\/wp-content\\\/uploads\\\/2022\\\/10\\\/cloudflare-logo.webp\",\"width\":1200,\"height\":600},{\"@type\":\"BreadcrumbList\",\"@id\":\"https:\\\/\\\/www.accuratereviews.com\\\/it\\\/software-di-crittografia\\\/cloudflare-recensione\\\/#breadcrumb\",\"itemListElement\":[{\"@type\":\"ListItem\",\"position\":1,\"name\":\"Home\",\"item\":\"https:\\\/\\\/www.accuratereviews.com\\\/it\\\/\"},{\"@type\":\"ListItem\",\"position\":2,\"name\":\"Software di crittografia\",\"item\":\"https:\\\/\\\/www.accuratereviews.com\\\/it\\\/software-di-crittografia\\\/\"},{\"@type\":\"ListItem\",\"position\":3,\"name\":\"Cloudflare\"}]},{\"@type\":\"WebSite\",\"@id\":\"https:\\\/\\\/www.accuratereviews.com\\\/it\\\/#website\",\"url\":\"https:\\\/\\\/www.accuratereviews.com\\\/it\\\/\",\"name\":\"Accurate Reviews\",\"description\":\"\",\"potentialAction\":[{\"@type\":\"SearchAction\",\"target\":{\"@type\":\"EntryPoint\",\"urlTemplate\":\"https:\\\/\\\/www.accuratereviews.com\\\/it\\\/?s={search_term_string}\"},\"query-input\":{\"@type\":\"PropertyValueSpecification\",\"valueRequired\":true,\"valueName\":\"search_term_string\"}}],\"inLanguage\":\"it-IT\"}]}<\/script>\n<!-- \/ Yoast SEO plugin. -->","yoast_head_json":{"title":"Cloudflare: recensione encryption software - Accurate Reviews","description":"Cloudflare: recensione dello strumento di sicurezza\u00a0web che protegge le aziende del settore pubblico e privato dagli attacchi hacker.","robots":{"index":"index","follow":"follow","max-snippet":"max-snippet:-1","max-image-preview":"max-image-preview:large","max-video-preview":"max-video-preview:-1"},"canonical":"https:\/\/www.accuratereviews.com\/it\/software-di-crittografia\/cloudflare-recensione\/","og_locale":"it_IT","og_type":"article","og_title":"Cloudflare: recensione encryption software - Accurate Reviews","og_description":"Cloudflare: recensione dello strumento di sicurezza\u00a0web che protegge le aziende del settore pubblico e privato dagli attacchi hacker.","og_url":"https:\/\/www.accuratereviews.com\/it\/software-di-crittografia\/cloudflare-recensione\/","og_site_name":"Accurate Reviews","article_modified_time":"2022-10-26T07:49:13+00:00","og_image":[{"width":1200,"height":600,"url":"https:\/\/www.accuratereviews.com\/wp-content\/uploads\/2022\/10\/cloudflare-logo.webp","type":"image\/webp"}],"twitter_card":"summary_large_image","twitter_misc":{"Tempo di lettura stimato":"3 minuti"},"schema":{"@context":"https:\/\/schema.org","@graph":[{"@type":"WebPage","@id":"https:\/\/www.accuratereviews.com\/it\/software-di-crittografia\/cloudflare-recensione\/","url":"https:\/\/www.accuratereviews.com\/it\/software-di-crittografia\/cloudflare-recensione\/","name":"Cloudflare: recensione encryption software - Accurate Reviews","isPartOf":{"@id":"https:\/\/www.accuratereviews.com\/it\/#website"},"primaryImageOfPage":{"@id":"https:\/\/www.accuratereviews.com\/it\/software-di-crittografia\/cloudflare-recensione\/#primaryimage"},"image":{"@id":"https:\/\/www.accuratereviews.com\/it\/software-di-crittografia\/cloudflare-recensione\/#primaryimage"},"thumbnailUrl":"https:\/\/www.accuratereviews.com\/wp-content\/uploads\/2022\/10\/cloudflare-logo.webp","datePublished":"2022-10-25T18:09:43+00:00","dateModified":"2022-10-26T07:49:13+00:00","description":"Cloudflare: recensione dello strumento di sicurezza\u00a0web che protegge le aziende del settore pubblico e privato dagli attacchi hacker.","breadcrumb":{"@id":"https:\/\/www.accuratereviews.com\/it\/software-di-crittografia\/cloudflare-recensione\/#breadcrumb"},"inLanguage":"it-IT","potentialAction":[{"@type":"ReadAction","target":["https:\/\/www.accuratereviews.com\/it\/software-di-crittografia\/cloudflare-recensione\/"]}]},{"@type":"ImageObject","inLanguage":"it-IT","@id":"https:\/\/www.accuratereviews.com\/it\/software-di-crittografia\/cloudflare-recensione\/#primaryimage","url":"https:\/\/www.accuratereviews.com\/wp-content\/uploads\/2022\/10\/cloudflare-logo.webp","contentUrl":"https:\/\/www.accuratereviews.com\/wp-content\/uploads\/2022\/10\/cloudflare-logo.webp","width":1200,"height":600},{"@type":"BreadcrumbList","@id":"https:\/\/www.accuratereviews.com\/it\/software-di-crittografia\/cloudflare-recensione\/#breadcrumb","itemListElement":[{"@type":"ListItem","position":1,"name":"Home","item":"https:\/\/www.accuratereviews.com\/it\/"},{"@type":"ListItem","position":2,"name":"Software di crittografia","item":"https:\/\/www.accuratereviews.com\/it\/software-di-crittografia\/"},{"@type":"ListItem","position":3,"name":"Cloudflare"}]},{"@type":"WebSite","@id":"https:\/\/www.accuratereviews.com\/it\/#website","url":"https:\/\/www.accuratereviews.com\/it\/","name":"Accurate Reviews","description":"","potentialAction":[{"@type":"SearchAction","target":{"@type":"EntryPoint","urlTemplate":"https:\/\/www.accuratereviews.com\/it\/?s={search_term_string}"},"query-input":{"@type":"PropertyValueSpecification","valueRequired":true,"valueName":"search_term_string"}}],"inLanguage":"it-IT"}]}},"_links":{"self":[{"href":"https:\/\/www.accuratereviews.com\/it\/wp-json\/wp\/v2\/pages\/62964","targetHints":{"allow":["GET"]}}],"collection":[{"href":"https:\/\/www.accuratereviews.com\/it\/wp-json\/wp\/v2\/pages"}],"about":[{"href":"https:\/\/www.accuratereviews.com\/it\/wp-json\/wp\/v2\/types\/page"}],"author":[{"embeddable":true,"href":"https:\/\/www.accuratereviews.com\/it\/wp-json\/wp\/v2\/users\/19"}],"replies":[{"embeddable":true,"href":"https:\/\/www.accuratereviews.com\/it\/wp-json\/wp\/v2\/comments?post=62964"}],"version-history":[{"count":9,"href":"https:\/\/www.accuratereviews.com\/it\/wp-json\/wp\/v2\/pages\/62964\/revisions"}],"predecessor-version":[{"id":63059,"href":"https:\/\/www.accuratereviews.com\/it\/wp-json\/wp\/v2\/pages\/62964\/revisions\/63059"}],"up":[{"embeddable":true,"href":"https:\/\/www.accuratereviews.com\/it\/wp-json\/wp\/v2\/pages\/62847"}],"wp:featuredmedia":[{"embeddable":true,"href":"https:\/\/www.accuratereviews.com\/it\/wp-json\/wp\/v2\/media\/62969"}],"wp:attachment":[{"href":"https:\/\/www.accuratereviews.com\/it\/wp-json\/wp\/v2\/media?parent=62964"}],"wp:term":[{"taxonomy":"category","embeddable":true,"href":"https:\/\/www.accuratereviews.com\/it\/wp-json\/wp\/v2\/categories?post=62964"},{"taxonomy":"post_tag","embeddable":true,"href":"https:\/\/www.accuratereviews.com\/it\/wp-json\/wp\/v2\/tags?post=62964"},{"taxonomy":"features","embeddable":true,"href":"https:\/\/www.accuratereviews.com\/it\/wp-json\/wp\/v2\/features?post=62964"}],"curies":[{"name":"wp","href":"https:\/\/api.w.org\/{rel}","templated":true}]}}