{"id":63049,"date":"2022-10-26T16:06:58","date_gmt":"2022-10-26T16:06:58","guid":{"rendered":"https:\/\/www.accuratereviews.com\/?page_id=63049"},"modified":"2022-10-26T16:06:58","modified_gmt":"2022-10-26T16:06:58","slug":"webroot-business-endpoint-protection-recensione","status":"publish","type":"page","link":"https:\/\/www.accuratereviews.com\/it\/software-di-crittografia\/webroot-business-endpoint-protection-recensione\/","title":{"rendered":"Webroot Business Endpoint Protection"},"content":{"rendered":"<p><strong>Webroot Business Endpoint Protection<\/strong> \u00e8 una <strong>soluzione di sicurezza<\/strong> degli endpoint, basata su <strong>cloud<\/strong>,\u00a0che aiuta le piccole e grandi imprese a eseguire scansioni antivirus e prevenire le minacce informatiche attraverso le reti. Viene fornito con una console di amministrazione, che consente agli utenti di configurare le impostazioni di sistema, concedere autorizzazioni di accesso, visualizzare grafici di dati e generare report su potenziali minacce malware. Fornisce agli utenti una dashboard centralizzata per ottenere informazioni dettagliate sullo stato del dispositivo utilizzando grafici e migliorando le operazioni aziendali.<br \/>\nInoltre, i gestori possono creare profili utente con credenziali, visualizzare la cronologia delle scansioni e ripristinare i file in quarantena.<\/p>\n<h2>WEBROOT BUSINESS ENDPOINT PROTECTION &#8211; TUTORIAL<\/h2>\n<div id=\"fluid-wrapper-counter-1\" class=\"g1-fluid-wrapper \" style=\"width:686px;\">\n<div style=\"padding-bottom:56.268221574344%;\"><iframe loading=\"lazy\" title=\"Webroot\u00ae Business Endpoint Protection: Purpose-built for MSPs\" width=\"686\" height=\"386\" src=\"https:\/\/www.youtube.com\/embed\/eabMtnMMiVI?feature=oembed&amp;wmode=transparent&amp;autohide=1&amp;autoplay=0&amp;disablekb=0&amp;fs=1&amp;loop=0&amp;enablejsapi=1&amp;rel=0&amp;controls=2&amp;showinfo=0&amp;wmode=transparent&amp;autohide=2&amp;autoplay=0&amp;disablekb=0&amp;fs=1&amp;loop=0&amp;enablejsapi=1&amp;rel=0&amp;controls=2&amp;showinfo=1\" frameborder=\"0\" allow=\"accelerometer; autoplay; clipboard-write; encrypted-media; gyroscope; picture-in-picture\" allowfullscreen><\/iframe><\/div>\n<\/div>\n<h3>WEBROOT BUSINESS ENDPOINT PROTECTION &#8211; CARATTERISTICHE<\/h3>\n<ul>\n<li><strong>Protezione multivettore<\/strong>: protezione in tempo reale dalle minacce di email, browser, file, URL, pubblicit\u00e0, applicazioni e molto altro ancora.<\/li>\n<li><strong>Nessun conflitto<\/strong>: pu\u00f2 essere eseguito contemporaneamente a qualsiasi altro software di sicurezza. Non \u00e8 necessario disinstallare la protezione corrente per utilizzare la versione di prova.<\/li>\n<li><strong>Scansioni velocissime<\/strong>: il client di sicurezza occupa meno di 1 MB di spazio e richiede solo pochi secondi per eseguire la scansione e proteggere i dispositivi.<\/li>\n<li><strong>Nessun rallentamento<\/strong>: la protezione in tempo reale senza lunghi aggiornamenti non compromette le prestazioni dei dispositivi.<\/li>\n<li><strong>Protezione da ransomware<\/strong>: tecnologia di rollback rivoluzionaria che consente di sbloccare e ripristinare vari file infetti e bloccati in attesa del pagamento di un riscatto.<\/li>\n<li><strong>Anti-phishing in tempo reale<\/strong>: blocco dei siti contraffatti che tentano di rubare i dati fingendosi siti web affidabili.<\/li>\n<li><strong>Gestione online<\/strong>: puoi gestire la sicurezza dei tuoi dispositivi ovunque da una semplice console dashboard.<\/li>\n<\/ul>\n<h4>LE RECENSIONE DEGLI UTENTI<\/h4>\n<p class=\"fw-bold mb-2\"><strong>Nathan&#8221;Facile da usare e impostare&#8221;<br \/>\nPro<\/strong>: Configurazione rapida, funziona bene in background<br \/>\n<strong>Contro<\/strong>: pi\u00f9 rapporti\/avvisi su scansioni pulite, cosa \u00e8 stato scansionato<\/p>\n<p class=\"fw-bold mb-2\"><strong>Don&#8221;Recensione di WebRoot&#8221;<br \/>\n<\/strong><strong>Pro<\/strong>: Ha funzionato abbastanza bene, silenzioso dietro le quinte. Non molti falsi positivi e non ricordo mai un caso in cui non abbia rilevato malware.<br \/>\n<strong>Contro<\/strong>: WebRoot \u00e8 stato implementato dal nostro fornitore di servizi IT e ha impostato tutti i controlli\/restrizioni, quindi non sono sicuri se i limiti sono inerenti al sistema o imposti dal nostro fornitore. Tuttavia, gli utenti avevano ci\u00f2 di cui avevano bisogno; vale a dire, eseguir\u00e0 la scansione in background, interverr\u00e0 secondo necessit\u00e0 e gli utenti possono attivare una scansione se necessario.<\/p>\n<p class=\"fw-bold mb-2\"><strong>Luis&#8221;Webroot&#8221;<br \/>\n<\/strong><strong>Pro<\/strong>: Basso utilizzo della CPU, con elevata efficienza e semplicit\u00e0<br \/>\n<strong>Contro<\/strong>: Tutto funziona, ma quando il computer non segnala, reinstallare \u00e8 la soluzione.<\/p>\n","protected":false},"excerpt":{"rendered":"<p>Webroot Business Endpoint Protection \u00e8 una soluzione di sicurezza degli endpoint basata su cloud che aiuta le piccole e grandi imprese a eseguire scansioni antivirus e prevenire le minacce informatiche attraverso le reti. Viene fornito con una console di amministrazione, che consente agli utenti di configurare le impostazioni di sistema, concedere autorizzazioni di accesso, visualizzare grafici di dati e generare report su potenziali minacce malware.<\/p>\n","protected":false},"author":19,"featured_media":63063,"parent":62847,"menu_order":0,"comment_status":"open","ping_status":"closed","template":"g1_template_page_review_new.php","meta":{"_acf_changed":false,"cwp_meta_box_check":"No","cwp_rev_product_name":"","cwp_rev_product_image":"","wppr_links":[],"cwp_rev_price":"","wppr_options":[],"wppr_pros":[],"wppr_cons":[],"_monsterinsights_skip_tracking":false,"_monsterinsights_sitenote_active":false,"_monsterinsights_sitenote_note":"","_monsterinsights_sitenote_category":0,"footnotes":""},"categories":[13617],"tags":[730,13611,13618,13614,13612,13613,13661],"features":[],"class_list":{"0":"post-63049","1":"page","2":"type-page","3":"status-publish","4":"has-post-thumbnail","6":"category-software-crittografia-cat","7":"tag-crittografia","8":"tag-encryption-software","9":"tag-piattaforma-di-crittografia","10":"tag-programma-di-crittografia","11":"tag-software-di-crittografia","12":"tag-soluzione-di-crittografia","13":"tag-webroot-business-endpoint-protection"},"wppr_data":{"cwp_meta_box_check":"No"},"acf":[],"yoast_head":"<!-- This site is optimized with the Yoast SEO plugin v27.4 - https:\/\/yoast.com\/product\/yoast-seo-wordpress\/ -->\n<title>Webroot Business Endpoint Protection: recensione di crittografia<\/title>\n<meta name=\"description\" content=\"Webroot Business Endpoint Protection: recensione soluzione di sicurezza degli endpoint, basata su cloud, per le piccole e grandi imprese.\" \/>\n<meta name=\"robots\" content=\"index, follow, max-snippet:-1, max-image-preview:large, max-video-preview:-1\" \/>\n<link rel=\"canonical\" href=\"https:\/\/www.accuratereviews.com\/it\/software-di-crittografia\/webroot-business-endpoint-protection-recensione\/\" \/>\n<meta property=\"og:locale\" content=\"it_IT\" \/>\n<meta property=\"og:type\" content=\"article\" \/>\n<meta property=\"og:title\" content=\"Webroot Business Endpoint Protection: recensione di crittografia\" \/>\n<meta property=\"og:description\" content=\"Webroot Business Endpoint Protection: recensione soluzione di sicurezza degli endpoint, basata su cloud, per le piccole e grandi imprese.\" \/>\n<meta property=\"og:url\" content=\"https:\/\/www.accuratereviews.com\/it\/software-di-crittografia\/webroot-business-endpoint-protection-recensione\/\" \/>\n<meta property=\"og:site_name\" content=\"Accurate Reviews\" \/>\n<meta property=\"og:image\" content=\"https:\/\/www.accuratereviews.com\/wp-content\/uploads\/2022\/10\/4b830ab5-b538-4ba7-bbfa-5c18e14e6389.png.webp\" \/>\n\t<meta property=\"og:image:width\" content=\"384\" \/>\n\t<meta property=\"og:image:height\" content=\"384\" \/>\n\t<meta property=\"og:image:type\" content=\"image\/webp\" \/>\n<meta name=\"twitter:card\" content=\"summary_large_image\" \/>\n<meta name=\"twitter:label1\" content=\"Tempo di lettura stimato\" \/>\n\t<meta name=\"twitter:data1\" content=\"3 minuti\" \/>\n<script type=\"application\/ld+json\" class=\"yoast-schema-graph\">{\"@context\":\"https:\\\/\\\/schema.org\",\"@graph\":[{\"@type\":\"WebPage\",\"@id\":\"https:\\\/\\\/www.accuratereviews.com\\\/it\\\/software-di-crittografia\\\/webroot-business-endpoint-protection-recensione\\\/\",\"url\":\"https:\\\/\\\/www.accuratereviews.com\\\/it\\\/software-di-crittografia\\\/webroot-business-endpoint-protection-recensione\\\/\",\"name\":\"Webroot Business Endpoint Protection: recensione di crittografia\",\"isPartOf\":{\"@id\":\"https:\\\/\\\/www.accuratereviews.com\\\/it\\\/#website\"},\"primaryImageOfPage\":{\"@id\":\"https:\\\/\\\/www.accuratereviews.com\\\/it\\\/software-di-crittografia\\\/webroot-business-endpoint-protection-recensione\\\/#primaryimage\"},\"image\":{\"@id\":\"https:\\\/\\\/www.accuratereviews.com\\\/it\\\/software-di-crittografia\\\/webroot-business-endpoint-protection-recensione\\\/#primaryimage\"},\"thumbnailUrl\":\"https:\\\/\\\/www.accuratereviews.com\\\/wp-content\\\/uploads\\\/2022\\\/10\\\/4b830ab5-b538-4ba7-bbfa-5c18e14e6389.png.webp\",\"datePublished\":\"2022-10-26T16:06:58+00:00\",\"description\":\"Webroot Business Endpoint Protection: recensione soluzione di sicurezza degli endpoint, basata su cloud, per le piccole e grandi imprese.\",\"breadcrumb\":{\"@id\":\"https:\\\/\\\/www.accuratereviews.com\\\/it\\\/software-di-crittografia\\\/webroot-business-endpoint-protection-recensione\\\/#breadcrumb\"},\"inLanguage\":\"it-IT\",\"potentialAction\":[{\"@type\":\"ReadAction\",\"target\":[\"https:\\\/\\\/www.accuratereviews.com\\\/it\\\/software-di-crittografia\\\/webroot-business-endpoint-protection-recensione\\\/\"]}]},{\"@type\":\"ImageObject\",\"inLanguage\":\"it-IT\",\"@id\":\"https:\\\/\\\/www.accuratereviews.com\\\/it\\\/software-di-crittografia\\\/webroot-business-endpoint-protection-recensione\\\/#primaryimage\",\"url\":\"https:\\\/\\\/www.accuratereviews.com\\\/wp-content\\\/uploads\\\/2022\\\/10\\\/4b830ab5-b538-4ba7-bbfa-5c18e14e6389.png.webp\",\"contentUrl\":\"https:\\\/\\\/www.accuratereviews.com\\\/wp-content\\\/uploads\\\/2022\\\/10\\\/4b830ab5-b538-4ba7-bbfa-5c18e14e6389.png.webp\",\"width\":384,\"height\":384},{\"@type\":\"BreadcrumbList\",\"@id\":\"https:\\\/\\\/www.accuratereviews.com\\\/it\\\/software-di-crittografia\\\/webroot-business-endpoint-protection-recensione\\\/#breadcrumb\",\"itemListElement\":[{\"@type\":\"ListItem\",\"position\":1,\"name\":\"Home\",\"item\":\"https:\\\/\\\/www.accuratereviews.com\\\/it\\\/\"},{\"@type\":\"ListItem\",\"position\":2,\"name\":\"Software di crittografia\",\"item\":\"https:\\\/\\\/www.accuratereviews.com\\\/it\\\/software-di-crittografia\\\/\"},{\"@type\":\"ListItem\",\"position\":3,\"name\":\"Webroot Business Endpoint Protection\"}]},{\"@type\":\"WebSite\",\"@id\":\"https:\\\/\\\/www.accuratereviews.com\\\/it\\\/#website\",\"url\":\"https:\\\/\\\/www.accuratereviews.com\\\/it\\\/\",\"name\":\"Accurate Reviews\",\"description\":\"\",\"potentialAction\":[{\"@type\":\"SearchAction\",\"target\":{\"@type\":\"EntryPoint\",\"urlTemplate\":\"https:\\\/\\\/www.accuratereviews.com\\\/it\\\/?s={search_term_string}\"},\"query-input\":{\"@type\":\"PropertyValueSpecification\",\"valueRequired\":true,\"valueName\":\"search_term_string\"}}],\"inLanguage\":\"it-IT\"}]}<\/script>\n<!-- \/ Yoast SEO plugin. -->","yoast_head_json":{"title":"Webroot Business Endpoint Protection: recensione di crittografia","description":"Webroot Business Endpoint Protection: recensione soluzione di sicurezza degli endpoint, basata su cloud, per le piccole e grandi imprese.","robots":{"index":"index","follow":"follow","max-snippet":"max-snippet:-1","max-image-preview":"max-image-preview:large","max-video-preview":"max-video-preview:-1"},"canonical":"https:\/\/www.accuratereviews.com\/it\/software-di-crittografia\/webroot-business-endpoint-protection-recensione\/","og_locale":"it_IT","og_type":"article","og_title":"Webroot Business Endpoint Protection: recensione di crittografia","og_description":"Webroot Business Endpoint Protection: recensione soluzione di sicurezza degli endpoint, basata su cloud, per le piccole e grandi imprese.","og_url":"https:\/\/www.accuratereviews.com\/it\/software-di-crittografia\/webroot-business-endpoint-protection-recensione\/","og_site_name":"Accurate Reviews","og_image":[{"width":384,"height":384,"url":"https:\/\/www.accuratereviews.com\/wp-content\/uploads\/2022\/10\/4b830ab5-b538-4ba7-bbfa-5c18e14e6389.png.webp","type":"image\/webp"}],"twitter_card":"summary_large_image","twitter_misc":{"Tempo di lettura stimato":"3 minuti"},"schema":{"@context":"https:\/\/schema.org","@graph":[{"@type":"WebPage","@id":"https:\/\/www.accuratereviews.com\/it\/software-di-crittografia\/webroot-business-endpoint-protection-recensione\/","url":"https:\/\/www.accuratereviews.com\/it\/software-di-crittografia\/webroot-business-endpoint-protection-recensione\/","name":"Webroot Business Endpoint Protection: recensione di crittografia","isPartOf":{"@id":"https:\/\/www.accuratereviews.com\/it\/#website"},"primaryImageOfPage":{"@id":"https:\/\/www.accuratereviews.com\/it\/software-di-crittografia\/webroot-business-endpoint-protection-recensione\/#primaryimage"},"image":{"@id":"https:\/\/www.accuratereviews.com\/it\/software-di-crittografia\/webroot-business-endpoint-protection-recensione\/#primaryimage"},"thumbnailUrl":"https:\/\/www.accuratereviews.com\/wp-content\/uploads\/2022\/10\/4b830ab5-b538-4ba7-bbfa-5c18e14e6389.png.webp","datePublished":"2022-10-26T16:06:58+00:00","description":"Webroot Business Endpoint Protection: recensione soluzione di sicurezza degli endpoint, basata su cloud, per le piccole e grandi imprese.","breadcrumb":{"@id":"https:\/\/www.accuratereviews.com\/it\/software-di-crittografia\/webroot-business-endpoint-protection-recensione\/#breadcrumb"},"inLanguage":"it-IT","potentialAction":[{"@type":"ReadAction","target":["https:\/\/www.accuratereviews.com\/it\/software-di-crittografia\/webroot-business-endpoint-protection-recensione\/"]}]},{"@type":"ImageObject","inLanguage":"it-IT","@id":"https:\/\/www.accuratereviews.com\/it\/software-di-crittografia\/webroot-business-endpoint-protection-recensione\/#primaryimage","url":"https:\/\/www.accuratereviews.com\/wp-content\/uploads\/2022\/10\/4b830ab5-b538-4ba7-bbfa-5c18e14e6389.png.webp","contentUrl":"https:\/\/www.accuratereviews.com\/wp-content\/uploads\/2022\/10\/4b830ab5-b538-4ba7-bbfa-5c18e14e6389.png.webp","width":384,"height":384},{"@type":"BreadcrumbList","@id":"https:\/\/www.accuratereviews.com\/it\/software-di-crittografia\/webroot-business-endpoint-protection-recensione\/#breadcrumb","itemListElement":[{"@type":"ListItem","position":1,"name":"Home","item":"https:\/\/www.accuratereviews.com\/it\/"},{"@type":"ListItem","position":2,"name":"Software di crittografia","item":"https:\/\/www.accuratereviews.com\/it\/software-di-crittografia\/"},{"@type":"ListItem","position":3,"name":"Webroot Business Endpoint Protection"}]},{"@type":"WebSite","@id":"https:\/\/www.accuratereviews.com\/it\/#website","url":"https:\/\/www.accuratereviews.com\/it\/","name":"Accurate Reviews","description":"","potentialAction":[{"@type":"SearchAction","target":{"@type":"EntryPoint","urlTemplate":"https:\/\/www.accuratereviews.com\/it\/?s={search_term_string}"},"query-input":{"@type":"PropertyValueSpecification","valueRequired":true,"valueName":"search_term_string"}}],"inLanguage":"it-IT"}]}},"_links":{"self":[{"href":"https:\/\/www.accuratereviews.com\/it\/wp-json\/wp\/v2\/pages\/63049","targetHints":{"allow":["GET"]}}],"collection":[{"href":"https:\/\/www.accuratereviews.com\/it\/wp-json\/wp\/v2\/pages"}],"about":[{"href":"https:\/\/www.accuratereviews.com\/it\/wp-json\/wp\/v2\/types\/page"}],"author":[{"embeddable":true,"href":"https:\/\/www.accuratereviews.com\/it\/wp-json\/wp\/v2\/users\/19"}],"replies":[{"embeddable":true,"href":"https:\/\/www.accuratereviews.com\/it\/wp-json\/wp\/v2\/comments?post=63049"}],"version-history":[{"count":10,"href":"https:\/\/www.accuratereviews.com\/it\/wp-json\/wp\/v2\/pages\/63049\/revisions"}],"predecessor-version":[{"id":63101,"href":"https:\/\/www.accuratereviews.com\/it\/wp-json\/wp\/v2\/pages\/63049\/revisions\/63101"}],"up":[{"embeddable":true,"href":"https:\/\/www.accuratereviews.com\/it\/wp-json\/wp\/v2\/pages\/62847"}],"wp:featuredmedia":[{"embeddable":true,"href":"https:\/\/www.accuratereviews.com\/it\/wp-json\/wp\/v2\/media\/63063"}],"wp:attachment":[{"href":"https:\/\/www.accuratereviews.com\/it\/wp-json\/wp\/v2\/media?parent=63049"}],"wp:term":[{"taxonomy":"category","embeddable":true,"href":"https:\/\/www.accuratereviews.com\/it\/wp-json\/wp\/v2\/categories?post=63049"},{"taxonomy":"post_tag","embeddable":true,"href":"https:\/\/www.accuratereviews.com\/it\/wp-json\/wp\/v2\/tags?post=63049"},{"taxonomy":"features","embeddable":true,"href":"https:\/\/www.accuratereviews.com\/it\/wp-json\/wp\/v2\/features?post=63049"}],"curies":[{"name":"wp","href":"https:\/\/api.w.org\/{rel}","templated":true}]}}