{"id":63113,"date":"2022-10-27T16:15:51","date_gmt":"2022-10-27T16:15:51","guid":{"rendered":"https:\/\/www.accuratereviews.com\/?page_id=63113"},"modified":"2022-10-27T16:15:51","modified_gmt":"2022-10-27T16:15:51","slug":"jumpcloud-directory-platform-recensione","status":"publish","type":"page","link":"https:\/\/www.accuratereviews.com\/it\/software-di-crittografia\/jumpcloud-directory-platform-recensione\/","title":{"rendered":"JumpCloud Directory Platform"},"content":{"rendered":"<p><strong>JumpCloud<\/strong> \u00e8 una <strong>piattaforma di directory<\/strong> che fornisce un accesso semplice e sicuro alle risorse tecnologiche aziendali da qualsiasi dispositivo o luogo. La piattaforma offre a IT operazioni di sicurezza in un&#8217;unica soluzione basata su <strong>cloud<\/strong> per controllare e gestire le identit\u00e0 dei dipendenti, i loro dispositivi e applicare i principi Zero Trust.\u00a0Con strumenti per centralizzare e semplificare la gestione delle identit\u00e0, permette alle organizzazioni di gestire pi\u00f9 sistemi da un&#8217;unica console di amministrazione basata su browser, indipendentemente dalla loro posizione.<br \/>\nLe funzionalit\u00e0 di gestione del sistema aiutano a garantire che le varie workstation, laptop e server (sia Windows, Mac o Linux) all&#8217;interno dell&#8217;ambiente siano uniformemente sotto controllo e conformi attraverso un set completo di strumenti di sicurezza. Le organizzazioni possono fornire l&#8217;accesso degli utenti a tutti gli endpoint del sistema, gestire le impostazioni delle autorizzazioni e applicare criteri di password sicure.<\/p>\n<h2>JUMPCLOUD &#8211; TUTORIAL<\/h2>\n<div id=\"fluid-wrapper-counter-1\" class=\"g1-fluid-wrapper \" style=\"width:686px;\">\n<div style=\"padding-bottom:56.268221574344%;\"><iframe loading=\"lazy\" title=\"Intro to Admin UI | JumpCloud University Tutorial (2021)\" width=\"686\" height=\"386\" src=\"https:\/\/www.youtube.com\/embed\/jhIi4fuSDNw?list=PLJg5pUGFrvf6CH5g-MSExP4a3xsK6H3Cc\" frameborder=\"0\" allow=\"accelerometer; autoplay; clipboard-write; encrypted-media; gyroscope; picture-in-picture\" allowfullscreen><\/iframe><\/div>\n<\/div>\n<h3>JUMPCLOUD &#8211; CARATTERISTICHE<\/h3>\n<ul>\n<li>Interfaccia Web intuitiva per la gestione IT di utenti e risorse<\/li>\n<li>Non sono necessari hardware, manutenzione o aggiornamenti<\/li>\n<li>Flussi di lavoro di onboarding e accesso semplificati degli utenti, con un set di credenziali sicure per utente<\/li>\n<li>Gestione completa del ciclo di vita degli utenti tra le applicazioni SSO e altre risorse<\/li>\n<li>Imposta i requisiti di complessit\u00e0 delle password e controlla l&#8217;autenticazione a pi\u00f9 fattori (MFA) tra i punti di accesso<\/li>\n<li>Gestione completa dell&#8217;account utente e della configurazione su Mac, Windows e Linux<\/li>\n<li>Configura i dispositivi con criteri basati su modelli per controlli come la crittografia completa del disco ed esegui comandi personalizzati<\/li>\n<li>Applicare criteri di accesso condizionato per controllare quali dispositivi e reti accedono alle risorse<\/li>\n<li>Esporta directory, eventi e dati del dispositivo per i requisiti di controllo e conformit\u00e0<\/li>\n<li>Implementa i controlli di sicurezza in linea con GDPR, PCI DSS, HIPAA, SOC e altri standard del settore<\/li>\n<li>Crea, importa ed esegui rapidamente il provisioning degli utenti nella console di amministrazione<\/li>\n<li>Estendi l&#8217;identit\u00e0 per connettere tutte le risorse IT inclusi dispositivi, applicazioni, server, reti e infrastrutture basate su cloud<\/li>\n<li>Automatizza l&#8217;applicazione delle policy, il reporting e la gestione su larga scala<\/li>\n<li>Implementa la sicurezza Zero Trust consentendo l&#8217;accesso solo ai dispositivi affidabili<\/li>\n<li>Controllo dell&#8217;accesso basato su policy basato su identit\u00e0, dispositivo e rete<\/li>\n<li>Gestisci l&#8217;accesso degli utenti individualmente o su larga scala con i gruppi<\/li>\n<li>Sfrutta tutti i connettori per app preconfigurati<\/li>\n<\/ul>\n<h4>LE RECENSIONE DEGLI UTENTI<\/h4>\n<p class=\"fw-bold mb-2\"><strong>Emily&#8221;Ottimo prodotto per la sicurezza&#8221;<\/strong><br \/>\n<strong>Pro<\/strong>: Buon team di supporto, aggiornamenti costanti e ottima gestione degli utenti<br \/>\n<strong>Contro<\/strong>: Non sempre facile da autenticare: l&#8217;autenticatore deve essere scaricato come app separata e talvolta scade in pochi secondi anche se hai appena provato ad accedere utilizzandolo. Non sempre si integrer\u00e0 con i &#8220;concorrenti&#8221; come l&#8217;ondulazione&#8230;<\/p>\n<p><strong>Ahron&#8221;Jumpcloud come nostra directory principale&#8221;<\/strong><br \/>\n<strong>Commenti<\/strong>: Nel complesso Jumpcloud \u00e8 stato un ottimo modo per integrare gli accessi al cloud e al sistema operativo per la nostra azienda<br \/>\n<strong>Pro<\/strong>: ampio supporto per molte piattaforme, nonch\u00e9 molte lingue di accesso e sistemi operativi<br \/>\n<strong>Contro<\/strong>: Sento che, nonostante paghiamo per il miglior servizio clienti, non sempre le persone pi\u00f9 esperte ci supportano<\/p>\n<p><strong>Faris&#8221;Ottimo strumento MDM e AD per gli amministratori di sistema&#8221;<\/strong><br \/>\n<strong>Pro<\/strong>: La funzione MDM \u00e8 potente e posso gestire i miei dispositivi direttamente dal pannello di amministrazione. Si integra bene con M365, quindi l&#8217;accesso degli utenti \u00e8 veloce. La cosa migliore \u00e8 che i primi 10 utenti sono gratuiti, quindi \u00e8 un ottimo strumento per le aziende che devono gestire meno di 10 dispositivi<br \/>\n<strong>Contro<\/strong>: La curva di apprendimento sull&#8217;installazione del client per MDM \u00e8 un po&#8217; ripida, ma una volta che sei riuscito a installarlo su un dispositivo, i dispositivi successivi possono essere installati rapidamente.<\/p>\n","protected":false},"excerpt":{"rendered":"<p>JumpCloud \u00e8 una piattaforma di directory che fornisce un accesso semplice e sicuro alle risorse tecnologiche aziendali da qualsiasi dispositivo o luogo. La piattaforma offre a IT operazioni di sicurezza in una unica soluzione basata su cloud per controllare e gestire le identit\u00e0 dei dipendenti, i loro dispositivi e applicare i principi Zero Trust.\u00a0<\/p>\n","protected":false},"author":19,"featured_media":63121,"parent":62847,"menu_order":0,"comment_status":"open","ping_status":"closed","template":"g1_template_page_review_new.php","meta":{"_acf_changed":false,"cwp_meta_box_check":"Yes","cwp_rev_product_name":"","cwp_rev_product_image":"","wppr_links":[],"cwp_rev_price":"","wppr_options":[],"wppr_pros":[],"wppr_cons":[],"_monsterinsights_skip_tracking":false,"_monsterinsights_sitenote_active":false,"_monsterinsights_sitenote_note":"","_monsterinsights_sitenote_category":0,"footnotes":""},"categories":[13617],"tags":[730,13611,13665,13618,13614,13612,13613],"features":[],"class_list":{"0":"post-63113","1":"page","2":"type-page","3":"status-publish","4":"has-post-thumbnail","6":"category-software-crittografia-cat","7":"tag-crittografia","8":"tag-encryption-software","9":"tag-jumpcloud-directory-platform","10":"tag-piattaforma-di-crittografia","11":"tag-programma-di-crittografia","12":"tag-software-di-crittografia","13":"tag-soluzione-di-crittografia"},"wppr_data":{"cwp_meta_box_check":"Yes","cwp_rev_product_name":"","cwp_rev_product_image":"","cwp_image_link":"image","cwp_rev_price":"","wppr_rating":"0.00"},"acf":[],"yoast_head":"<!-- This site is optimized with the Yoast SEO plugin v27.4 - https:\/\/yoast.com\/product\/yoast-seo-wordpress\/ -->\n<title>JumpCloud: recensione software di crittografia - Accurate Reviews<\/title>\n<meta name=\"description\" content=\"JumpCloud: recensione piattaforma directory che fornisce un accesso semplice e sicuro alle risorse tecnologiche aziendali.\" \/>\n<meta name=\"robots\" content=\"index, follow, max-snippet:-1, max-image-preview:large, max-video-preview:-1\" \/>\n<link rel=\"canonical\" href=\"https:\/\/www.accuratereviews.com\/it\/software-di-crittografia\/jumpcloud-directory-platform-recensione\/\" \/>\n<meta property=\"og:locale\" content=\"it_IT\" \/>\n<meta property=\"og:type\" content=\"article\" \/>\n<meta property=\"og:title\" content=\"JumpCloud: recensione software di crittografia - Accurate Reviews\" \/>\n<meta property=\"og:description\" content=\"JumpCloud: recensione piattaforma directory che fornisce un accesso semplice e sicuro alle risorse tecnologiche aziendali.\" \/>\n<meta property=\"og:url\" content=\"https:\/\/www.accuratereviews.com\/it\/software-di-crittografia\/jumpcloud-directory-platform-recensione\/\" \/>\n<meta property=\"og:site_name\" content=\"Accurate Reviews\" \/>\n<meta property=\"og:image\" content=\"https:\/\/www.accuratereviews.com\/wp-content\/uploads\/2022\/10\/JumpCloud-Directory-Platform.png\" \/>\n\t<meta property=\"og:image:width\" content=\"208\" \/>\n\t<meta property=\"og:image:height\" content=\"208\" \/>\n\t<meta property=\"og:image:type\" content=\"image\/png\" \/>\n<meta name=\"twitter:card\" content=\"summary_large_image\" \/>\n<meta name=\"twitter:label1\" content=\"Tempo di lettura stimato\" \/>\n\t<meta name=\"twitter:data1\" content=\"4 minuti\" \/>\n<script type=\"application\/ld+json\" class=\"yoast-schema-graph\">{\"@context\":\"https:\\\/\\\/schema.org\",\"@graph\":[{\"@type\":\"WebPage\",\"@id\":\"https:\\\/\\\/www.accuratereviews.com\\\/it\\\/software-di-crittografia\\\/jumpcloud-directory-platform-recensione\\\/\",\"url\":\"https:\\\/\\\/www.accuratereviews.com\\\/it\\\/software-di-crittografia\\\/jumpcloud-directory-platform-recensione\\\/\",\"name\":\"JumpCloud: recensione software di crittografia - Accurate Reviews\",\"isPartOf\":{\"@id\":\"https:\\\/\\\/www.accuratereviews.com\\\/it\\\/#website\"},\"primaryImageOfPage\":{\"@id\":\"https:\\\/\\\/www.accuratereviews.com\\\/it\\\/software-di-crittografia\\\/jumpcloud-directory-platform-recensione\\\/#primaryimage\"},\"image\":{\"@id\":\"https:\\\/\\\/www.accuratereviews.com\\\/it\\\/software-di-crittografia\\\/jumpcloud-directory-platform-recensione\\\/#primaryimage\"},\"thumbnailUrl\":\"https:\\\/\\\/www.accuratereviews.com\\\/wp-content\\\/uploads\\\/2022\\\/10\\\/JumpCloud-Directory-Platform.png\",\"datePublished\":\"2022-10-27T16:15:51+00:00\",\"description\":\"JumpCloud: recensione piattaforma directory che fornisce un accesso semplice e sicuro alle risorse tecnologiche aziendali.\",\"breadcrumb\":{\"@id\":\"https:\\\/\\\/www.accuratereviews.com\\\/it\\\/software-di-crittografia\\\/jumpcloud-directory-platform-recensione\\\/#breadcrumb\"},\"inLanguage\":\"it-IT\",\"potentialAction\":[{\"@type\":\"ReadAction\",\"target\":[\"https:\\\/\\\/www.accuratereviews.com\\\/it\\\/software-di-crittografia\\\/jumpcloud-directory-platform-recensione\\\/\"]}]},{\"@type\":\"ImageObject\",\"inLanguage\":\"it-IT\",\"@id\":\"https:\\\/\\\/www.accuratereviews.com\\\/it\\\/software-di-crittografia\\\/jumpcloud-directory-platform-recensione\\\/#primaryimage\",\"url\":\"https:\\\/\\\/www.accuratereviews.com\\\/wp-content\\\/uploads\\\/2022\\\/10\\\/JumpCloud-Directory-Platform.png\",\"contentUrl\":\"https:\\\/\\\/www.accuratereviews.com\\\/wp-content\\\/uploads\\\/2022\\\/10\\\/JumpCloud-Directory-Platform.png\",\"width\":208,\"height\":208},{\"@type\":\"BreadcrumbList\",\"@id\":\"https:\\\/\\\/www.accuratereviews.com\\\/it\\\/software-di-crittografia\\\/jumpcloud-directory-platform-recensione\\\/#breadcrumb\",\"itemListElement\":[{\"@type\":\"ListItem\",\"position\":1,\"name\":\"Home\",\"item\":\"https:\\\/\\\/www.accuratereviews.com\\\/it\\\/\"},{\"@type\":\"ListItem\",\"position\":2,\"name\":\"Software di crittografia\",\"item\":\"https:\\\/\\\/www.accuratereviews.com\\\/it\\\/software-di-crittografia\\\/\"},{\"@type\":\"ListItem\",\"position\":3,\"name\":\"JumpCloud Directory Platform\"}]},{\"@type\":\"WebSite\",\"@id\":\"https:\\\/\\\/www.accuratereviews.com\\\/it\\\/#website\",\"url\":\"https:\\\/\\\/www.accuratereviews.com\\\/it\\\/\",\"name\":\"Accurate Reviews\",\"description\":\"\",\"potentialAction\":[{\"@type\":\"SearchAction\",\"target\":{\"@type\":\"EntryPoint\",\"urlTemplate\":\"https:\\\/\\\/www.accuratereviews.com\\\/it\\\/?s={search_term_string}\"},\"query-input\":{\"@type\":\"PropertyValueSpecification\",\"valueRequired\":true,\"valueName\":\"search_term_string\"}}],\"inLanguage\":\"it-IT\"}]}<\/script>\n<!-- \/ Yoast SEO plugin. -->","yoast_head_json":{"title":"JumpCloud: recensione software di crittografia - Accurate Reviews","description":"JumpCloud: recensione piattaforma directory che fornisce un accesso semplice e sicuro alle risorse tecnologiche aziendali.","robots":{"index":"index","follow":"follow","max-snippet":"max-snippet:-1","max-image-preview":"max-image-preview:large","max-video-preview":"max-video-preview:-1"},"canonical":"https:\/\/www.accuratereviews.com\/it\/software-di-crittografia\/jumpcloud-directory-platform-recensione\/","og_locale":"it_IT","og_type":"article","og_title":"JumpCloud: recensione software di crittografia - Accurate Reviews","og_description":"JumpCloud: recensione piattaforma directory che fornisce un accesso semplice e sicuro alle risorse tecnologiche aziendali.","og_url":"https:\/\/www.accuratereviews.com\/it\/software-di-crittografia\/jumpcloud-directory-platform-recensione\/","og_site_name":"Accurate Reviews","og_image":[{"width":208,"height":208,"url":"https:\/\/www.accuratereviews.com\/wp-content\/uploads\/2022\/10\/JumpCloud-Directory-Platform.png","type":"image\/png"}],"twitter_card":"summary_large_image","twitter_misc":{"Tempo di lettura stimato":"4 minuti"},"schema":{"@context":"https:\/\/schema.org","@graph":[{"@type":"WebPage","@id":"https:\/\/www.accuratereviews.com\/it\/software-di-crittografia\/jumpcloud-directory-platform-recensione\/","url":"https:\/\/www.accuratereviews.com\/it\/software-di-crittografia\/jumpcloud-directory-platform-recensione\/","name":"JumpCloud: recensione software di crittografia - Accurate Reviews","isPartOf":{"@id":"https:\/\/www.accuratereviews.com\/it\/#website"},"primaryImageOfPage":{"@id":"https:\/\/www.accuratereviews.com\/it\/software-di-crittografia\/jumpcloud-directory-platform-recensione\/#primaryimage"},"image":{"@id":"https:\/\/www.accuratereviews.com\/it\/software-di-crittografia\/jumpcloud-directory-platform-recensione\/#primaryimage"},"thumbnailUrl":"https:\/\/www.accuratereviews.com\/wp-content\/uploads\/2022\/10\/JumpCloud-Directory-Platform.png","datePublished":"2022-10-27T16:15:51+00:00","description":"JumpCloud: recensione piattaforma directory che fornisce un accesso semplice e sicuro alle risorse tecnologiche aziendali.","breadcrumb":{"@id":"https:\/\/www.accuratereviews.com\/it\/software-di-crittografia\/jumpcloud-directory-platform-recensione\/#breadcrumb"},"inLanguage":"it-IT","potentialAction":[{"@type":"ReadAction","target":["https:\/\/www.accuratereviews.com\/it\/software-di-crittografia\/jumpcloud-directory-platform-recensione\/"]}]},{"@type":"ImageObject","inLanguage":"it-IT","@id":"https:\/\/www.accuratereviews.com\/it\/software-di-crittografia\/jumpcloud-directory-platform-recensione\/#primaryimage","url":"https:\/\/www.accuratereviews.com\/wp-content\/uploads\/2022\/10\/JumpCloud-Directory-Platform.png","contentUrl":"https:\/\/www.accuratereviews.com\/wp-content\/uploads\/2022\/10\/JumpCloud-Directory-Platform.png","width":208,"height":208},{"@type":"BreadcrumbList","@id":"https:\/\/www.accuratereviews.com\/it\/software-di-crittografia\/jumpcloud-directory-platform-recensione\/#breadcrumb","itemListElement":[{"@type":"ListItem","position":1,"name":"Home","item":"https:\/\/www.accuratereviews.com\/it\/"},{"@type":"ListItem","position":2,"name":"Software di crittografia","item":"https:\/\/www.accuratereviews.com\/it\/software-di-crittografia\/"},{"@type":"ListItem","position":3,"name":"JumpCloud Directory Platform"}]},{"@type":"WebSite","@id":"https:\/\/www.accuratereviews.com\/it\/#website","url":"https:\/\/www.accuratereviews.com\/it\/","name":"Accurate Reviews","description":"","potentialAction":[{"@type":"SearchAction","target":{"@type":"EntryPoint","urlTemplate":"https:\/\/www.accuratereviews.com\/it\/?s={search_term_string}"},"query-input":{"@type":"PropertyValueSpecification","valueRequired":true,"valueName":"search_term_string"}}],"inLanguage":"it-IT"}]}},"_links":{"self":[{"href":"https:\/\/www.accuratereviews.com\/it\/wp-json\/wp\/v2\/pages\/63113","targetHints":{"allow":["GET"]}}],"collection":[{"href":"https:\/\/www.accuratereviews.com\/it\/wp-json\/wp\/v2\/pages"}],"about":[{"href":"https:\/\/www.accuratereviews.com\/it\/wp-json\/wp\/v2\/types\/page"}],"author":[{"embeddable":true,"href":"https:\/\/www.accuratereviews.com\/it\/wp-json\/wp\/v2\/users\/19"}],"replies":[{"embeddable":true,"href":"https:\/\/www.accuratereviews.com\/it\/wp-json\/wp\/v2\/comments?post=63113"}],"version-history":[{"count":13,"href":"https:\/\/www.accuratereviews.com\/it\/wp-json\/wp\/v2\/pages\/63113\/revisions"}],"predecessor-version":[{"id":63202,"href":"https:\/\/www.accuratereviews.com\/it\/wp-json\/wp\/v2\/pages\/63113\/revisions\/63202"}],"up":[{"embeddable":true,"href":"https:\/\/www.accuratereviews.com\/it\/wp-json\/wp\/v2\/pages\/62847"}],"wp:featuredmedia":[{"embeddable":true,"href":"https:\/\/www.accuratereviews.com\/it\/wp-json\/wp\/v2\/media\/63121"}],"wp:attachment":[{"href":"https:\/\/www.accuratereviews.com\/it\/wp-json\/wp\/v2\/media?parent=63113"}],"wp:term":[{"taxonomy":"category","embeddable":true,"href":"https:\/\/www.accuratereviews.com\/it\/wp-json\/wp\/v2\/categories?post=63113"},{"taxonomy":"post_tag","embeddable":true,"href":"https:\/\/www.accuratereviews.com\/it\/wp-json\/wp\/v2\/tags?post=63113"},{"taxonomy":"features","embeddable":true,"href":"https:\/\/www.accuratereviews.com\/it\/wp-json\/wp\/v2\/features?post=63113"}],"curies":[{"name":"wp","href":"https:\/\/api.w.org\/{rel}","templated":true}]}}