{"id":63185,"date":"2022-10-28T13:47:10","date_gmt":"2022-10-28T13:47:10","guid":{"rendered":"https:\/\/www.accuratereviews.com\/?page_id=63185"},"modified":"2022-10-31T08:23:10","modified_gmt":"2022-10-31T08:23:10","slug":"splunk-enterprise-recensione","status":"publish","type":"page","link":"https:\/\/www.accuratereviews.com\/it\/software-di-crittografia\/splunk-enterprise-recensione\/","title":{"rendered":"Splunk Enterprise"},"content":{"rendered":"<p><strong>Splunk Enterprise<\/strong> \u00e8 una <strong>piattaforma, basata su cloud,<\/strong> progettata per assistere le aziende nella gestione dei <strong>big data e nell&#8217;analisi<\/strong> dei dati delle macchine. Le caratteristiche principali includono la raccolta e visualizzazione dei dati, le metriche delle prestazioni, la ricerca in tempo reale, l&#8217;indicizzazione, il monitoraggio dei KPI e il reporting.\u00a0L&#8217;applicazione consente ai gestori di creare dashboard personalizzate, aggiungere visualizzazioni, regolare i componenti dell&#8217;interfaccia e convertirli in moduli.<br \/>\n<strong>Splunk Enterprise<\/strong> aiuta gli amministratori a condurre il monitoraggio continuo degli eventi operativi, per rilevare le vulnerabilit\u00e0 e ricevere avvisi attivati \u200b\u200bda eventi in tempo reale. Con la sua funzione di gestione del carico di lavoro, gli utenti possono riservare la capacit\u00e0 di archiviazione delle risorse di sistema per l&#8217;importazione di dati ad alta priorit\u00e0. Permette, inoltre, ai membri del team di individuare le anomalie del sistema ed eseguire il clustering dei dati per filtrare i dati danneggiati.<\/p>\n<h2>SPLUNK ENTERPRISE &#8211; TUTORIAL<\/h2>\n<div id=\"fluid-wrapper-counter-1\" class=\"g1-fluid-wrapper \" style=\"width:686px;\">\n<div style=\"padding-bottom:56.268221574344%;\"><iframe loading=\"lazy\" title=\"Splunk Enterprise Overview: Machine Data to Operational Intelligence\" width=\"686\" height=\"386\" src=\"https:\/\/www.youtube.com\/embed\/_vKckOazD9g?feature=oembed&amp;wmode=transparent&amp;autohide=1&amp;autoplay=0&amp;disablekb=0&amp;fs=1&amp;loop=0&amp;enablejsapi=1&amp;rel=0&amp;controls=2&amp;showinfo=0&amp;wmode=transparent&amp;autohide=2&amp;autoplay=0&amp;disablekb=0&amp;fs=1&amp;loop=0&amp;enablejsapi=1&amp;rel=0&amp;controls=2&amp;showinfo=1\" frameborder=\"0\" allow=\"accelerometer; autoplay; clipboard-write; encrypted-media; gyroscope; picture-in-picture\" allowfullscreen><\/iframe><\/div>\n<\/div>\n<h3>SPLUNK ENTERPRISE &#8211; CARATTERISTICHE<\/h3>\n<ul>\n<li><strong>Apprendimento automatico e intelligenza artificiale<\/strong>: prevedi e previeni, non limitarti a reagire. Migliora la sicurezza e i risultati aziendali apportando ai tuoi dati la giusta importanza.<\/li>\n<li><strong>Flusso di dati:<\/strong> raccogli, elabora e distribuisci i dati al programma e ad altre destinazioni in pochi secondo con l&#8217;elaborazione del flusso in tempo reale.<\/li>\n<li><strong>Indice scalabile<\/strong>:\u00a0Raccogli e importa dati da migliaia di origini e conteggi, il tutto su scala di terabyte.<\/li>\n<li><strong>Strumenti collaborativi<\/strong>: interagisci e collabora da qualsiasi luogo con funzionalit\u00e0 mobili, TV e realt\u00e0 aumentata.<\/li>\n<li><strong>Area di lavoro di analisi<\/strong>: converti i registri in metriche, migliora le prestazioni di ricerca e monitoraggio e semplifica le funzioni di avviso.<\/li>\n<li><strong>Dashboard potente<\/strong>: comprendi\u00a0facilmente la cronologia dei dati complessi utilizzando la creazione intuitiva di dashboard<\/li>\n<li><strong>Utilizzo dei dati<\/strong>: utilizza i dati da qualsiasi punto dell&#8217;intera organizzazione in modo da poter prendere rapidamente decisioni significative.<\/li>\n<\/ul>\n<h4>LE RECENSIONI DEGLI UTENTI<\/h4>\n<p><strong>MitchelleIl &#8220;miglior strumento per la raccolta e l&#8217;analisi dei registri.&#8221;<\/strong><br \/>\n<strong>Commenti<\/strong>: Splunk Enterprise ha migliorato la nostra sicurezza IT attraverso la raccolta di registri. Centralizza grandi quantit\u00e0 di dati di registro e li gestisce in modo efficiente. Lo usiamo per analizzare i log raccolti e creare report sulle metriche trovate dai log.<br \/>\n<strong>Pro<\/strong>: Grazie alla sua solida analisi dei registri e alla capacit\u00e0 di raccogliere dati da diverse fonti, possiamo facilmente eseguire analisi su vari dati e prevedere eventuali rischi operativi futuri. Splunk Enterprise monitora in modo efficiente le nostre attivit\u00e0 di registro e fornisce risultati a qualsiasi query a una velocit\u00e0 maggiore rispetto alla maggior parte degli strumenti SIEM.<br \/>\n<strong>Contro<\/strong>: Le ricerche possono essere complesse, a volte i messaggi sugli errori di query non sono sempre specifici.<\/p>\n<p><strong>Nur&#8221;Lo adoro&#8221;<\/strong><br \/>\n<strong>Pro<\/strong>: Splunk \u00e8 un software che dovrebbe essere preso come esempio, \u00e8 pi\u00f9 economico dei suoi concorrenti, il che lo rende estremamente attraente.<br \/>\n<strong>Contro<\/strong>: Non ne trovo perch\u00e9 l&#8217;ho scelto per il rapporto qualit\u00e0-prezzo, ma sarei felice se ci fosse pi\u00f9 supporto linguistico.<\/p>\n<p><strong>\u00d6zer&#8221;Recensione Splunk&#8221;<\/strong><br \/>\n<strong>Pro<\/strong>: Ti semplificher\u00e0 l&#8217;analisi dei dati perch\u00e9 potrai evidenziare i contenuti che desideri seguire.<br \/>\n<strong>Contro<\/strong>: Non ho avuto una brutta esperienza. Software semplice e utile.<\/p>\n","protected":false},"excerpt":{"rendered":"<p>Splunk Enterprise \u00e8 una piattaforma, basata su cloud, progettata per assistere le aziende nella gestione dei big data e nell&#8217;analisi dei dati delle macchine. Le caratteristiche principali includono la raccolta e visualizzazione dei dati, le metriche delle prestazioni, la ricerca in tempo reale, l&#8217;indicizzazione, il monitoraggio dei KPI e il reporting.\u00a0<\/p>\n","protected":false},"author":16,"featured_media":63218,"parent":62847,"menu_order":0,"comment_status":"open","ping_status":"closed","template":"g1_template_page_review_new.php","meta":{"_acf_changed":false,"cwp_meta_box_check":"No","cwp_rev_product_name":"","cwp_rev_product_image":"","wppr_links":[],"cwp_rev_price":"","wppr_options":[],"wppr_pros":[],"wppr_cons":[],"_monsterinsights_skip_tracking":false,"_monsterinsights_sitenote_active":false,"_monsterinsights_sitenote_note":"","_monsterinsights_sitenote_category":0,"footnotes":""},"categories":[13617],"tags":[13619,730,13611,13618,13614,13612,13613,13671],"features":[],"class_list":{"0":"post-63185","1":"page","2":"type-page","3":"status-publish","4":"has-post-thumbnail","6":"category-software-crittografia-cat","7":"tag-app-di-crittografia","8":"tag-crittografia","9":"tag-encryption-software","10":"tag-piattaforma-di-crittografia","11":"tag-programma-di-crittografia","12":"tag-software-di-crittografia","13":"tag-soluzione-di-crittografia","14":"tag-splunk-enterprise"},"wppr_data":{"cwp_meta_box_check":"No"},"acf":[],"yoast_head":"<!-- This site is optimized with the Yoast SEO plugin v27.4 - https:\/\/yoast.com\/product\/yoast-seo-wordpress\/ -->\n<title>Splunk Enterprise: recensione software di crittografia<\/title>\n<meta name=\"description\" content=\"Splunk Enterprise: recensione piattaforma progettata per assistere le aziende nella gestione di informazioni e nell&#039;analisi dei dati.\" \/>\n<meta name=\"robots\" content=\"index, follow, max-snippet:-1, max-image-preview:large, max-video-preview:-1\" \/>\n<link rel=\"canonical\" href=\"https:\/\/www.accuratereviews.com\/it\/software-di-crittografia\/splunk-enterprise-recensione\/\" \/>\n<meta property=\"og:locale\" content=\"it_IT\" \/>\n<meta property=\"og:type\" content=\"article\" \/>\n<meta property=\"og:title\" content=\"Splunk Enterprise: recensione software di crittografia\" \/>\n<meta property=\"og:description\" content=\"Splunk Enterprise: recensione piattaforma progettata per assistere le aziende nella gestione di informazioni e nell&#039;analisi dei dati.\" \/>\n<meta property=\"og:url\" content=\"https:\/\/www.accuratereviews.com\/it\/software-di-crittografia\/splunk-enterprise-recensione\/\" \/>\n<meta property=\"og:site_name\" content=\"Accurate Reviews\" \/>\n<meta property=\"article:modified_time\" content=\"2022-10-31T08:23:10+00:00\" \/>\n<meta property=\"og:image\" content=\"https:\/\/www.accuratereviews.com\/wp-content\/uploads\/2022\/10\/Splunk-Logo.png\" \/>\n\t<meta property=\"og:image:width\" content=\"576\" \/>\n\t<meta property=\"og:image:height\" content=\"576\" \/>\n\t<meta property=\"og:image:type\" content=\"image\/png\" \/>\n<meta name=\"twitter:card\" content=\"summary_large_image\" \/>\n<meta name=\"twitter:label1\" content=\"Tempo di lettura stimato\" \/>\n\t<meta name=\"twitter:data1\" content=\"3 minuti\" \/>\n<script type=\"application\/ld+json\" class=\"yoast-schema-graph\">{\"@context\":\"https:\\\/\\\/schema.org\",\"@graph\":[{\"@type\":\"WebPage\",\"@id\":\"https:\\\/\\\/www.accuratereviews.com\\\/it\\\/software-di-crittografia\\\/splunk-enterprise-recensione\\\/\",\"url\":\"https:\\\/\\\/www.accuratereviews.com\\\/it\\\/software-di-crittografia\\\/splunk-enterprise-recensione\\\/\",\"name\":\"Splunk Enterprise: recensione software di crittografia\",\"isPartOf\":{\"@id\":\"https:\\\/\\\/www.accuratereviews.com\\\/it\\\/#website\"},\"primaryImageOfPage\":{\"@id\":\"https:\\\/\\\/www.accuratereviews.com\\\/it\\\/software-di-crittografia\\\/splunk-enterprise-recensione\\\/#primaryimage\"},\"image\":{\"@id\":\"https:\\\/\\\/www.accuratereviews.com\\\/it\\\/software-di-crittografia\\\/splunk-enterprise-recensione\\\/#primaryimage\"},\"thumbnailUrl\":\"https:\\\/\\\/www.accuratereviews.com\\\/wp-content\\\/uploads\\\/2022\\\/10\\\/Splunk-Logo.png\",\"datePublished\":\"2022-10-28T13:47:10+00:00\",\"dateModified\":\"2022-10-31T08:23:10+00:00\",\"description\":\"Splunk Enterprise: recensione piattaforma progettata per assistere le aziende nella gestione di informazioni e nell'analisi dei dati.\",\"breadcrumb\":{\"@id\":\"https:\\\/\\\/www.accuratereviews.com\\\/it\\\/software-di-crittografia\\\/splunk-enterprise-recensione\\\/#breadcrumb\"},\"inLanguage\":\"it-IT\",\"potentialAction\":[{\"@type\":\"ReadAction\",\"target\":[\"https:\\\/\\\/www.accuratereviews.com\\\/it\\\/software-di-crittografia\\\/splunk-enterprise-recensione\\\/\"]}]},{\"@type\":\"ImageObject\",\"inLanguage\":\"it-IT\",\"@id\":\"https:\\\/\\\/www.accuratereviews.com\\\/it\\\/software-di-crittografia\\\/splunk-enterprise-recensione\\\/#primaryimage\",\"url\":\"https:\\\/\\\/www.accuratereviews.com\\\/wp-content\\\/uploads\\\/2022\\\/10\\\/Splunk-Logo.png\",\"contentUrl\":\"https:\\\/\\\/www.accuratereviews.com\\\/wp-content\\\/uploads\\\/2022\\\/10\\\/Splunk-Logo.png\",\"width\":576,\"height\":576},{\"@type\":\"BreadcrumbList\",\"@id\":\"https:\\\/\\\/www.accuratereviews.com\\\/it\\\/software-di-crittografia\\\/splunk-enterprise-recensione\\\/#breadcrumb\",\"itemListElement\":[{\"@type\":\"ListItem\",\"position\":1,\"name\":\"Home\",\"item\":\"https:\\\/\\\/www.accuratereviews.com\\\/it\\\/\"},{\"@type\":\"ListItem\",\"position\":2,\"name\":\"Software di crittografia\",\"item\":\"https:\\\/\\\/www.accuratereviews.com\\\/it\\\/software-di-crittografia\\\/\"},{\"@type\":\"ListItem\",\"position\":3,\"name\":\"Splunk Enterprise\"}]},{\"@type\":\"WebSite\",\"@id\":\"https:\\\/\\\/www.accuratereviews.com\\\/it\\\/#website\",\"url\":\"https:\\\/\\\/www.accuratereviews.com\\\/it\\\/\",\"name\":\"Accurate Reviews\",\"description\":\"\",\"potentialAction\":[{\"@type\":\"SearchAction\",\"target\":{\"@type\":\"EntryPoint\",\"urlTemplate\":\"https:\\\/\\\/www.accuratereviews.com\\\/it\\\/?s={search_term_string}\"},\"query-input\":{\"@type\":\"PropertyValueSpecification\",\"valueRequired\":true,\"valueName\":\"search_term_string\"}}],\"inLanguage\":\"it-IT\"}]}<\/script>\n<!-- \/ Yoast SEO plugin. -->","yoast_head_json":{"title":"Splunk Enterprise: recensione software di crittografia","description":"Splunk Enterprise: recensione piattaforma progettata per assistere le aziende nella gestione di informazioni e nell'analisi dei dati.","robots":{"index":"index","follow":"follow","max-snippet":"max-snippet:-1","max-image-preview":"max-image-preview:large","max-video-preview":"max-video-preview:-1"},"canonical":"https:\/\/www.accuratereviews.com\/it\/software-di-crittografia\/splunk-enterprise-recensione\/","og_locale":"it_IT","og_type":"article","og_title":"Splunk Enterprise: recensione software di crittografia","og_description":"Splunk Enterprise: recensione piattaforma progettata per assistere le aziende nella gestione di informazioni e nell'analisi dei dati.","og_url":"https:\/\/www.accuratereviews.com\/it\/software-di-crittografia\/splunk-enterprise-recensione\/","og_site_name":"Accurate Reviews","article_modified_time":"2022-10-31T08:23:10+00:00","og_image":[{"width":576,"height":576,"url":"https:\/\/www.accuratereviews.com\/wp-content\/uploads\/2022\/10\/Splunk-Logo.png","type":"image\/png"}],"twitter_card":"summary_large_image","twitter_misc":{"Tempo di lettura stimato":"3 minuti"},"schema":{"@context":"https:\/\/schema.org","@graph":[{"@type":"WebPage","@id":"https:\/\/www.accuratereviews.com\/it\/software-di-crittografia\/splunk-enterprise-recensione\/","url":"https:\/\/www.accuratereviews.com\/it\/software-di-crittografia\/splunk-enterprise-recensione\/","name":"Splunk Enterprise: recensione software di crittografia","isPartOf":{"@id":"https:\/\/www.accuratereviews.com\/it\/#website"},"primaryImageOfPage":{"@id":"https:\/\/www.accuratereviews.com\/it\/software-di-crittografia\/splunk-enterprise-recensione\/#primaryimage"},"image":{"@id":"https:\/\/www.accuratereviews.com\/it\/software-di-crittografia\/splunk-enterprise-recensione\/#primaryimage"},"thumbnailUrl":"https:\/\/www.accuratereviews.com\/wp-content\/uploads\/2022\/10\/Splunk-Logo.png","datePublished":"2022-10-28T13:47:10+00:00","dateModified":"2022-10-31T08:23:10+00:00","description":"Splunk Enterprise: recensione piattaforma progettata per assistere le aziende nella gestione di informazioni e nell'analisi dei dati.","breadcrumb":{"@id":"https:\/\/www.accuratereviews.com\/it\/software-di-crittografia\/splunk-enterprise-recensione\/#breadcrumb"},"inLanguage":"it-IT","potentialAction":[{"@type":"ReadAction","target":["https:\/\/www.accuratereviews.com\/it\/software-di-crittografia\/splunk-enterprise-recensione\/"]}]},{"@type":"ImageObject","inLanguage":"it-IT","@id":"https:\/\/www.accuratereviews.com\/it\/software-di-crittografia\/splunk-enterprise-recensione\/#primaryimage","url":"https:\/\/www.accuratereviews.com\/wp-content\/uploads\/2022\/10\/Splunk-Logo.png","contentUrl":"https:\/\/www.accuratereviews.com\/wp-content\/uploads\/2022\/10\/Splunk-Logo.png","width":576,"height":576},{"@type":"BreadcrumbList","@id":"https:\/\/www.accuratereviews.com\/it\/software-di-crittografia\/splunk-enterprise-recensione\/#breadcrumb","itemListElement":[{"@type":"ListItem","position":1,"name":"Home","item":"https:\/\/www.accuratereviews.com\/it\/"},{"@type":"ListItem","position":2,"name":"Software di crittografia","item":"https:\/\/www.accuratereviews.com\/it\/software-di-crittografia\/"},{"@type":"ListItem","position":3,"name":"Splunk Enterprise"}]},{"@type":"WebSite","@id":"https:\/\/www.accuratereviews.com\/it\/#website","url":"https:\/\/www.accuratereviews.com\/it\/","name":"Accurate Reviews","description":"","potentialAction":[{"@type":"SearchAction","target":{"@type":"EntryPoint","urlTemplate":"https:\/\/www.accuratereviews.com\/it\/?s={search_term_string}"},"query-input":{"@type":"PropertyValueSpecification","valueRequired":true,"valueName":"search_term_string"}}],"inLanguage":"it-IT"}]}},"_links":{"self":[{"href":"https:\/\/www.accuratereviews.com\/it\/wp-json\/wp\/v2\/pages\/63185","targetHints":{"allow":["GET"]}}],"collection":[{"href":"https:\/\/www.accuratereviews.com\/it\/wp-json\/wp\/v2\/pages"}],"about":[{"href":"https:\/\/www.accuratereviews.com\/it\/wp-json\/wp\/v2\/types\/page"}],"author":[{"embeddable":true,"href":"https:\/\/www.accuratereviews.com\/it\/wp-json\/wp\/v2\/users\/16"}],"replies":[{"embeddable":true,"href":"https:\/\/www.accuratereviews.com\/it\/wp-json\/wp\/v2\/comments?post=63185"}],"version-history":[{"count":13,"href":"https:\/\/www.accuratereviews.com\/it\/wp-json\/wp\/v2\/pages\/63185\/revisions"}],"predecessor-version":[{"id":63280,"href":"https:\/\/www.accuratereviews.com\/it\/wp-json\/wp\/v2\/pages\/63185\/revisions\/63280"}],"up":[{"embeddable":true,"href":"https:\/\/www.accuratereviews.com\/it\/wp-json\/wp\/v2\/pages\/62847"}],"wp:featuredmedia":[{"embeddable":true,"href":"https:\/\/www.accuratereviews.com\/it\/wp-json\/wp\/v2\/media\/63218"}],"wp:attachment":[{"href":"https:\/\/www.accuratereviews.com\/it\/wp-json\/wp\/v2\/media?parent=63185"}],"wp:term":[{"taxonomy":"category","embeddable":true,"href":"https:\/\/www.accuratereviews.com\/it\/wp-json\/wp\/v2\/categories?post=63185"},{"taxonomy":"post_tag","embeddable":true,"href":"https:\/\/www.accuratereviews.com\/it\/wp-json\/wp\/v2\/tags?post=63185"},{"taxonomy":"features","embeddable":true,"href":"https:\/\/www.accuratereviews.com\/it\/wp-json\/wp\/v2\/features?post=63185"}],"curies":[{"name":"wp","href":"https:\/\/api.w.org\/{rel}","templated":true}]}}