{"id":63278,"date":"2022-10-31T17:47:17","date_gmt":"2022-10-31T17:47:17","guid":{"rendered":"https:\/\/www.accuratereviews.com\/?page_id=63278"},"modified":"2022-10-31T17:47:17","modified_gmt":"2022-10-31T17:47:17","slug":"bitwarden-recensione","status":"publish","type":"page","link":"https:\/\/www.accuratereviews.com\/it\/software-di-crittografia\/bitwarden-recensione\/","title":{"rendered":"Bitwarden"},"content":{"rendered":"<p><strong>Bitwarden<\/strong> \u00e8 una <strong>soluzione open source per la gestione delle password<\/strong> che consente alle aziende e ai privati \u200b\u200bdi archiviare e condividere in modo sicuro i dati sensibili con la crittografia end-to-end.\u00a0Condividi informazioni crittografate\u00a0in modo sicuro e protetto con individui, team e aziende.\u00a0Trasmetti informazioni crittografate tramite un collegamento sicuro a chiunque attraverso il tuo canale di comunicazione preferito come testo o email.\u00a0Genera e archivia le tue password complesse in un unico posto.\u00a0Accedi alle credenziali dell&#8217;account da qualsiasi luogo, su qualsiasi dispositivo con la sincronizzazione sicura del cloud. Identifica potenziali punti deboli della sicurezza come password riutilizzate, esposte o deboli e altre utili metriche di sicurezza dei dati.<\/p>\n<h2>BITWARDEN &#8211; TUTORIAL<\/h2>\n<div id=\"fluid-wrapper-counter-1\" class=\"g1-fluid-wrapper \" style=\"width:686px;\">\n<div style=\"padding-bottom:56.268221574344%;\"><iframe loading=\"lazy\" title=\"Bitwarden - Password manager gratuito ed Open Source\" width=\"686\" height=\"386\" src=\"https:\/\/www.youtube.com\/embed\/aA42AKsenaw?feature=oembed&amp;wmode=transparent&amp;autohide=1&amp;autoplay=0&amp;disablekb=0&amp;fs=1&amp;loop=0&amp;enablejsapi=1&amp;rel=0&amp;controls=2&amp;showinfo=0&amp;wmode=transparent&amp;autohide=2&amp;autoplay=0&amp;disablekb=0&amp;fs=1&amp;loop=0&amp;enablejsapi=1&amp;rel=0&amp;controls=2&amp;showinfo=1\" frameborder=\"0\" allow=\"accelerometer; autoplay; clipboard-write; encrypted-media; gyroscope; picture-in-picture\" allowfullscreen><\/iframe><\/div>\n<\/div>\n<h3>BITWARDEN &#8211; CARATTERISTICHE<\/h3>\n<ul>\n<li>Condividi le tue informazioni sensibili in modo sicuro e protetto con individui, team e aziende.<\/li>\n<li>Accedi alle credenziali dell&#8217;account da qualsiasi luogo, su qualsiasi dispositivo con la sincronizzazione sicura del cloud.<\/li>\n<li>Identifica potenziali punti deboli della sicurezza come password riutilizzate, esposte o deboli e altre utili metriche di sicurezza dei dati.<\/li>\n<li>Con i registri eventi esportabili, ottieni trasparenza sull&#8217;attivit\u00e0 degli utenti sui dati sensibili all&#8217;interno del deposito della tua organizzazione.<\/li>\n<li>Trasmetti informazioni crittografate tramite un collegamento sicuro a chiunque attraverso il tuo canale di comunicazione preferito come testo o email.<\/li>\n<li>Open source e controllato da terze parti, Bitwarden \u00e8 conforme alle normative GDPR, HIPAA e CCPA ed \u00e8 certificato SOC 2.<\/li>\n<li>Ottieni supporto 24 ore su 24 con gli agenti Bitwarden Customer Success, il Centro assistenza su richiesta e i forum della community.<\/li>\n<li>Inizia rapidamente nel cloud o ospita autonomamente Bitwarden per un controllo completo dei dati.<\/li>\n<li>Il robusto connettore di directory e l&#8217;integrazione SCIM semplificano l&#8217;onboarding di utenti e gruppi con il provisioning e il de-provisioning automatici dell&#8217;account.<\/li>\n<li>Integra perfettamente la soluzione nel tuo stack tecnologico esistente con potenti API, integrazioni SSO e servizi di directory, autenticazione a pi\u00f9 fattori e altro ancora.<\/li>\n<\/ul>\n<h4>LE RECENSIONI DEGLI UTENTI<\/h4>\n<p class=\"fw-bold mb-2\"><strong>Andrea&#8221;Ottimo software, piccoli glitch da migliorare&#8221;<\/strong><br \/>\n<strong>Commenti<\/strong>: Ottima, molto consigliato.<br \/>\n<strong>Pro<\/strong>: La possibilit\u00e0 di sincronizzare PC-smartphone gratuita, l&#8217;autenticazione con viso o impronta<br \/>\n<strong>Contro<\/strong>: L&#8217;autocompletamente non \u00e8 molto efficiente, da migliorare.<\/p>\n<p class=\"fw-bold mb-2\"><strong>Giorgio &#8220;Ottimo Programma&#8221;<\/strong><br \/>\n<strong>Pro<\/strong>: Il software, nella versione gratuita, ha tutto quello che potrebbe servire per gestire le password. E&#8217; multipiattaforma e lo considero un ottimo strumento di lavoro nel web.<br \/>\n<strong>Contro<\/strong>: Ritengo che il software faccia ci\u00f2 che promette e fino ad oggi non ho trovato difficolt\u00e0 nel suo uso.<\/p>\n<p class=\"fw-bold mb-2\"><strong>Shawn &#8220;Bitwarden \u00e8 il miglior gestore di password e la parte migliore \u00e8 che \u00e8 gratuito&#8221;<\/strong><br \/>\n<strong>Commenti<\/strong>: \u00c8 stato spettacolare. Amo Bitwarden. L&#8217;ho installato per i miei figli, mia moglie, mia madre e l&#8217;ho consigliato ad amici. Ho anche pubblicato un articolo sul blog su come impostare il mio blog.<br \/>\n<strong>Pro<\/strong>: Ha tutte le caratteristiche dei grandi giocatori, ma \u00e8 assolutamente gratuito. Ci sono alcune cose per cui puoi pagare (io personalmente faccio il piano da $ 10\/anno) ma la maggior parte delle persone non ne ha bisogno. Gestione password, generazione password. Non diventa pi\u00f9 semplice.<br \/>\n<strong>Contro<\/strong>: Onestamente non ho niente di negativo da dire su Bitwarden.<\/p>\n","protected":false},"excerpt":{"rendered":"<p>Bitwarden \u00e8 una soluzione open source per la gestione delle password che consente alle aziende e ai privati \u200b\u200bdi archiviare e condividere in modo sicuro i dati sensibili con la crittografia end-to-end.\u00a0Condividi informazioni crittografate\u00a0in modo sicuro e protetto con individui, team e aziende.\u00a0Trasmetti informazioni crittografate tramite un collegamento sicuro a chiunque attraverso il tuo canale di comunicazione preferito come testo o email.\u00a0<\/p>\n","protected":false},"author":19,"featured_media":63297,"parent":62847,"menu_order":0,"comment_status":"open","ping_status":"closed","template":"g1_template_page_review_new.php","meta":{"_acf_changed":false,"cwp_meta_box_check":"No","cwp_rev_product_name":"","cwp_rev_product_image":"","wppr_links":[],"cwp_rev_price":"","wppr_options":[],"wppr_pros":[],"wppr_cons":[],"_monsterinsights_skip_tracking":false,"_monsterinsights_sitenote_active":false,"_monsterinsights_sitenote_note":"","_monsterinsights_sitenote_category":0,"footnotes":""},"categories":[13617],"tags":[13619,13676,730,13611,13618,13614,13612,13613],"features":[],"class_list":{"0":"post-63278","1":"page","2":"type-page","3":"status-publish","4":"has-post-thumbnail","6":"category-software-crittografia-cat","7":"tag-app-di-crittografia","8":"tag-bitwarden","9":"tag-crittografia","10":"tag-encryption-software","11":"tag-piattaforma-di-crittografia","12":"tag-programma-di-crittografia","13":"tag-software-di-crittografia","14":"tag-soluzione-di-crittografia"},"wppr_data":{"cwp_meta_box_check":"No"},"acf":[],"yoast_head":"<!-- This site is optimized with the Yoast SEO plugin v27.4 - https:\/\/yoast.com\/product\/yoast-seo-wordpress\/ -->\n<title>Bitwarden: recensione software di crittografia - Accurate Reviews<\/title>\n<meta name=\"description\" content=\"Bitwarden: recensione soluzione per la gestione delle password che consente \u200b\u200bdi archiviare e condividere in modo sicuro i dati sensibili.\" \/>\n<meta name=\"robots\" content=\"index, follow, max-snippet:-1, max-image-preview:large, max-video-preview:-1\" \/>\n<link rel=\"canonical\" href=\"https:\/\/www.accuratereviews.com\/it\/software-di-crittografia\/bitwarden-recensione\/\" \/>\n<meta property=\"og:locale\" content=\"it_IT\" \/>\n<meta property=\"og:type\" content=\"article\" \/>\n<meta property=\"og:title\" content=\"Bitwarden: recensione software di crittografia - Accurate Reviews\" \/>\n<meta property=\"og:description\" content=\"Bitwarden: recensione soluzione per la gestione delle password che consente \u200b\u200bdi archiviare e condividere in modo sicuro i dati sensibili.\" \/>\n<meta property=\"og:url\" content=\"https:\/\/www.accuratereviews.com\/it\/software-di-crittografia\/bitwarden-recensione\/\" \/>\n<meta property=\"og:site_name\" content=\"Accurate Reviews\" \/>\n<meta property=\"og:image\" content=\"https:\/\/www.accuratereviews.com\/wp-content\/uploads\/2022\/10\/Bitwarden.png\" \/>\n\t<meta property=\"og:image:width\" content=\"640\" \/>\n\t<meta property=\"og:image:height\" content=\"640\" \/>\n\t<meta property=\"og:image:type\" content=\"image\/png\" \/>\n<meta name=\"twitter:card\" content=\"summary_large_image\" \/>\n<meta name=\"twitter:label1\" content=\"Tempo di lettura stimato\" \/>\n\t<meta name=\"twitter:data1\" content=\"3 minuti\" \/>\n<script type=\"application\/ld+json\" class=\"yoast-schema-graph\">{\"@context\":\"https:\\\/\\\/schema.org\",\"@graph\":[{\"@type\":\"WebPage\",\"@id\":\"https:\\\/\\\/www.accuratereviews.com\\\/it\\\/software-di-crittografia\\\/bitwarden-recensione\\\/\",\"url\":\"https:\\\/\\\/www.accuratereviews.com\\\/it\\\/software-di-crittografia\\\/bitwarden-recensione\\\/\",\"name\":\"Bitwarden: recensione software di crittografia - Accurate Reviews\",\"isPartOf\":{\"@id\":\"https:\\\/\\\/www.accuratereviews.com\\\/it\\\/#website\"},\"primaryImageOfPage\":{\"@id\":\"https:\\\/\\\/www.accuratereviews.com\\\/it\\\/software-di-crittografia\\\/bitwarden-recensione\\\/#primaryimage\"},\"image\":{\"@id\":\"https:\\\/\\\/www.accuratereviews.com\\\/it\\\/software-di-crittografia\\\/bitwarden-recensione\\\/#primaryimage\"},\"thumbnailUrl\":\"https:\\\/\\\/www.accuratereviews.com\\\/wp-content\\\/uploads\\\/2022\\\/10\\\/Bitwarden.png\",\"datePublished\":\"2022-10-31T17:47:17+00:00\",\"description\":\"Bitwarden: recensione soluzione per la gestione delle password che consente \u200b\u200bdi archiviare e condividere in modo sicuro i dati sensibili.\",\"breadcrumb\":{\"@id\":\"https:\\\/\\\/www.accuratereviews.com\\\/it\\\/software-di-crittografia\\\/bitwarden-recensione\\\/#breadcrumb\"},\"inLanguage\":\"it-IT\",\"potentialAction\":[{\"@type\":\"ReadAction\",\"target\":[\"https:\\\/\\\/www.accuratereviews.com\\\/it\\\/software-di-crittografia\\\/bitwarden-recensione\\\/\"]}]},{\"@type\":\"ImageObject\",\"inLanguage\":\"it-IT\",\"@id\":\"https:\\\/\\\/www.accuratereviews.com\\\/it\\\/software-di-crittografia\\\/bitwarden-recensione\\\/#primaryimage\",\"url\":\"https:\\\/\\\/www.accuratereviews.com\\\/wp-content\\\/uploads\\\/2022\\\/10\\\/Bitwarden.png\",\"contentUrl\":\"https:\\\/\\\/www.accuratereviews.com\\\/wp-content\\\/uploads\\\/2022\\\/10\\\/Bitwarden.png\",\"width\":640,\"height\":640},{\"@type\":\"BreadcrumbList\",\"@id\":\"https:\\\/\\\/www.accuratereviews.com\\\/it\\\/software-di-crittografia\\\/bitwarden-recensione\\\/#breadcrumb\",\"itemListElement\":[{\"@type\":\"ListItem\",\"position\":1,\"name\":\"Home\",\"item\":\"https:\\\/\\\/www.accuratereviews.com\\\/it\\\/\"},{\"@type\":\"ListItem\",\"position\":2,\"name\":\"Software di crittografia\",\"item\":\"https:\\\/\\\/www.accuratereviews.com\\\/it\\\/software-di-crittografia\\\/\"},{\"@type\":\"ListItem\",\"position\":3,\"name\":\"Bitwarden\"}]},{\"@type\":\"WebSite\",\"@id\":\"https:\\\/\\\/www.accuratereviews.com\\\/it\\\/#website\",\"url\":\"https:\\\/\\\/www.accuratereviews.com\\\/it\\\/\",\"name\":\"Accurate Reviews\",\"description\":\"\",\"potentialAction\":[{\"@type\":\"SearchAction\",\"target\":{\"@type\":\"EntryPoint\",\"urlTemplate\":\"https:\\\/\\\/www.accuratereviews.com\\\/it\\\/?s={search_term_string}\"},\"query-input\":{\"@type\":\"PropertyValueSpecification\",\"valueRequired\":true,\"valueName\":\"search_term_string\"}}],\"inLanguage\":\"it-IT\"}]}<\/script>\n<!-- \/ Yoast SEO plugin. -->","yoast_head_json":{"title":"Bitwarden: recensione software di crittografia - Accurate Reviews","description":"Bitwarden: recensione soluzione per la gestione delle password che consente \u200b\u200bdi archiviare e condividere in modo sicuro i dati sensibili.","robots":{"index":"index","follow":"follow","max-snippet":"max-snippet:-1","max-image-preview":"max-image-preview:large","max-video-preview":"max-video-preview:-1"},"canonical":"https:\/\/www.accuratereviews.com\/it\/software-di-crittografia\/bitwarden-recensione\/","og_locale":"it_IT","og_type":"article","og_title":"Bitwarden: recensione software di crittografia - Accurate Reviews","og_description":"Bitwarden: recensione soluzione per la gestione delle password che consente \u200b\u200bdi archiviare e condividere in modo sicuro i dati sensibili.","og_url":"https:\/\/www.accuratereviews.com\/it\/software-di-crittografia\/bitwarden-recensione\/","og_site_name":"Accurate Reviews","og_image":[{"width":640,"height":640,"url":"https:\/\/www.accuratereviews.com\/wp-content\/uploads\/2022\/10\/Bitwarden.png","type":"image\/png"}],"twitter_card":"summary_large_image","twitter_misc":{"Tempo di lettura stimato":"3 minuti"},"schema":{"@context":"https:\/\/schema.org","@graph":[{"@type":"WebPage","@id":"https:\/\/www.accuratereviews.com\/it\/software-di-crittografia\/bitwarden-recensione\/","url":"https:\/\/www.accuratereviews.com\/it\/software-di-crittografia\/bitwarden-recensione\/","name":"Bitwarden: recensione software di crittografia - Accurate Reviews","isPartOf":{"@id":"https:\/\/www.accuratereviews.com\/it\/#website"},"primaryImageOfPage":{"@id":"https:\/\/www.accuratereviews.com\/it\/software-di-crittografia\/bitwarden-recensione\/#primaryimage"},"image":{"@id":"https:\/\/www.accuratereviews.com\/it\/software-di-crittografia\/bitwarden-recensione\/#primaryimage"},"thumbnailUrl":"https:\/\/www.accuratereviews.com\/wp-content\/uploads\/2022\/10\/Bitwarden.png","datePublished":"2022-10-31T17:47:17+00:00","description":"Bitwarden: recensione soluzione per la gestione delle password che consente \u200b\u200bdi archiviare e condividere in modo sicuro i dati sensibili.","breadcrumb":{"@id":"https:\/\/www.accuratereviews.com\/it\/software-di-crittografia\/bitwarden-recensione\/#breadcrumb"},"inLanguage":"it-IT","potentialAction":[{"@type":"ReadAction","target":["https:\/\/www.accuratereviews.com\/it\/software-di-crittografia\/bitwarden-recensione\/"]}]},{"@type":"ImageObject","inLanguage":"it-IT","@id":"https:\/\/www.accuratereviews.com\/it\/software-di-crittografia\/bitwarden-recensione\/#primaryimage","url":"https:\/\/www.accuratereviews.com\/wp-content\/uploads\/2022\/10\/Bitwarden.png","contentUrl":"https:\/\/www.accuratereviews.com\/wp-content\/uploads\/2022\/10\/Bitwarden.png","width":640,"height":640},{"@type":"BreadcrumbList","@id":"https:\/\/www.accuratereviews.com\/it\/software-di-crittografia\/bitwarden-recensione\/#breadcrumb","itemListElement":[{"@type":"ListItem","position":1,"name":"Home","item":"https:\/\/www.accuratereviews.com\/it\/"},{"@type":"ListItem","position":2,"name":"Software di crittografia","item":"https:\/\/www.accuratereviews.com\/it\/software-di-crittografia\/"},{"@type":"ListItem","position":3,"name":"Bitwarden"}]},{"@type":"WebSite","@id":"https:\/\/www.accuratereviews.com\/it\/#website","url":"https:\/\/www.accuratereviews.com\/it\/","name":"Accurate Reviews","description":"","potentialAction":[{"@type":"SearchAction","target":{"@type":"EntryPoint","urlTemplate":"https:\/\/www.accuratereviews.com\/it\/?s={search_term_string}"},"query-input":{"@type":"PropertyValueSpecification","valueRequired":true,"valueName":"search_term_string"}}],"inLanguage":"it-IT"}]}},"_links":{"self":[{"href":"https:\/\/www.accuratereviews.com\/it\/wp-json\/wp\/v2\/pages\/63278","targetHints":{"allow":["GET"]}}],"collection":[{"href":"https:\/\/www.accuratereviews.com\/it\/wp-json\/wp\/v2\/pages"}],"about":[{"href":"https:\/\/www.accuratereviews.com\/it\/wp-json\/wp\/v2\/types\/page"}],"author":[{"embeddable":true,"href":"https:\/\/www.accuratereviews.com\/it\/wp-json\/wp\/v2\/users\/19"}],"replies":[{"embeddable":true,"href":"https:\/\/www.accuratereviews.com\/it\/wp-json\/wp\/v2\/comments?post=63278"}],"version-history":[{"count":9,"href":"https:\/\/www.accuratereviews.com\/it\/wp-json\/wp\/v2\/pages\/63278\/revisions"}],"predecessor-version":[{"id":63328,"href":"https:\/\/www.accuratereviews.com\/it\/wp-json\/wp\/v2\/pages\/63278\/revisions\/63328"}],"up":[{"embeddable":true,"href":"https:\/\/www.accuratereviews.com\/it\/wp-json\/wp\/v2\/pages\/62847"}],"wp:featuredmedia":[{"embeddable":true,"href":"https:\/\/www.accuratereviews.com\/it\/wp-json\/wp\/v2\/media\/63297"}],"wp:attachment":[{"href":"https:\/\/www.accuratereviews.com\/it\/wp-json\/wp\/v2\/media?parent=63278"}],"wp:term":[{"taxonomy":"category","embeddable":true,"href":"https:\/\/www.accuratereviews.com\/it\/wp-json\/wp\/v2\/categories?post=63278"},{"taxonomy":"post_tag","embeddable":true,"href":"https:\/\/www.accuratereviews.com\/it\/wp-json\/wp\/v2\/tags?post=63278"},{"taxonomy":"features","embeddable":true,"href":"https:\/\/www.accuratereviews.com\/it\/wp-json\/wp\/v2\/features?post=63278"}],"curies":[{"name":"wp","href":"https:\/\/api.w.org\/{rel}","templated":true}]}}