{"id":63285,"date":"2022-10-31T17:45:12","date_gmt":"2022-10-31T17:45:12","guid":{"rendered":"https:\/\/www.accuratereviews.com\/?page_id=63285"},"modified":"2022-11-02T08:26:05","modified_gmt":"2022-11-02T08:26:05","slug":"n-able-passportal-recensione","status":"publish","type":"page","link":"https:\/\/www.accuratereviews.com\/it\/software-di-crittografia\/n-able-passportal-recensione\/","title":{"rendered":"N-able Passportal"},"content":{"rendered":"<p><strong>N-able Passportal<\/strong>\u00a0 \u00e8 una <strong>soluzione di protezione<\/strong> tramite password, basata su <strong>cloud<\/strong>,\u00a0progettata per i provider di servizi gestiti (MSP). La soluzione consente agli utenti di archiviare, gestire e recuperare le credenziali tramite l&#8217;automazione della modifica della password, l&#8217;inserimento di credenziali, il controllo, la creazione di report e le funzionalit\u00e0 di documentazione dei client privilegiati.\u00a0L&#8217;inserimento di credenziali garantisce che la connessione ai dispositivi, alle applicazioni e alle reti dei clienti sia rapida e sicura. I tempi di risoluzione degli incidenti possono essere ridotti eliminando la necessit\u00e0 per i tecnici di cercare le credenziali e crearne di nuove che possono essere acquisite automaticamente per fornire l&#8217;accesso istantaneo a tutti i tecnici autorizzati. Consente inoltre di controllare dispositivi, applicazioni e accesso alla rete tramite l&#8217;autenticazione a pi\u00f9 fattori e gestire le password con l&#8217;automazione delle modifiche di routine delle password, l&#8217;eliminazione del riutilizzo delle password e la generazione di password complesse.<\/p>\n<h2>N-ABLE PASSPORTAL &#8211; TUTORIAL<\/h2>\n<div id=\"fluid-wrapper-counter-1\" class=\"g1-fluid-wrapper \" style=\"width:686px;\">\n<div style=\"padding-bottom:56.268221574344%;\"><iframe loading=\"lazy\" title=\"Getting Started with N-able Passportal: Introduction\" width=\"686\" height=\"386\" src=\"https:\/\/www.youtube.com\/embed\/cf4yVND2180?feature=oembed&amp;wmode=transparent&amp;autohide=1&amp;autoplay=0&amp;disablekb=0&amp;fs=1&amp;loop=0&amp;enablejsapi=1&amp;rel=0&amp;controls=2&amp;showinfo=0&amp;wmode=transparent&amp;autohide=2&amp;autoplay=0&amp;disablekb=0&amp;fs=1&amp;loop=0&amp;enablejsapi=1&amp;rel=0&amp;controls=2&amp;showinfo=1\" frameborder=\"0\" allow=\"accelerometer; autoplay; clipboard-write; encrypted-media; gyroscope; picture-in-picture\" allowfullscreen><\/iframe><\/div>\n<\/div>\n<h3>N-ABLE PASSPORTAL &#8211; CARATTERISTICHE<\/h3>\n<ul>\n<li>Offri la gestione delle password crittografata e basata su cloud<\/li>\n<li>Genera password complesse, elimina il riutilizzo e automatizza gli aggiornamenti delle password<\/li>\n<li>Aumenta la produttivit\u00e0 grazie ad attivazione rapida, flussi di lavoro automatizzati e integrazioni RMM e PSA<\/li>\n<li>Lavora in modo pi\u00f9 intelligente grazie alla documentazione IT integrata<\/li>\n<li>Offri agli utenti gli strumenti per reimpostare le password<\/li>\n<li>Organizza e salvaguarda le credenziali in un unico luogo.<\/li>\n<li>Consenti la condivisione sicura delle password fra i tecnici.<\/li>\n<li>Migliora la sicurezza sfruttando l\u2019inserimento delle credenziali di accesso.<\/li>\n<li>Dimostra che i dati dei clienti sono in buone mani con l\u2019aiuto dei report sulla sicurezza delle password e sull\u2019impiego delle credenziali all\u2019interno della tua azienda.<\/li>\n<li>Assumi i tecnici senza problemi e offri loro tutte le informazioni necessarie grazie a un repository centralizzato e strutturato di dati contenente tutte le reti, i sistemi, le password e la documentazione dei clienti.<\/li>\n<li>Standardizza le procedure in modo generalizzato, grazie ai modelli concepiti per gli MSP e alle procedure operative standardizzate.<\/li>\n<li>Permetti ai tuoi team di erogare servizi coerenti, a prescindere dalla disponibilit\u00e0 del singolo collaboratore o da eventuali avvicendamenti.\n<div class=\"modulecontent__content fontsize--sml\"><\/div>\n<\/li>\n<\/ul>\n<h4>LE RECENSIONI DEGLI UTENTI<\/h4>\n<p><strong>Suhailah&#8221;gestisce facilmente la password&#8221;:<\/strong><br \/>\n<strong>Pro<\/strong>: Passportal \u00e8 il miglior software per qualsiasi team che ha bisogno di condividere la password per qualsiasi account che condividiamo insieme. Posso aggiungere utenti affinch\u00e9 possano accedere a tutte le password memorizzate nel software.<br \/>\n<strong>Contro<\/strong>:Vorrei che avessero un&#8217;opzione per modificare la sessione di timeout, poich\u00e9 il tempo attivo della sessione \u00e8 troppo breve e mi ritrovo ad accedere costantemente al software ed \u00e8 piuttosto fastidioso.<\/p>\n<p><strong>Ian&#8221;Recensione Passportal&#8221;<\/strong><br \/>\n<strong>Commenti<\/strong>: Molto positivo, la funzionalit\u00e0 TOTP \u00e8 arrivata pi\u00f9 tardi rispetto ad altri bit di software, ma ora \u00e8 qui, quindi va tutto bene.<br \/>\nFacile da usare, veloce, sicuro, non posso lamentarmi!<br \/>\n<strong>Pro<\/strong>: Facile da usare, super sicuro, personalizzabile. Quasi tutto quello che serve quando si gestiscono migliaia di dispositivi.<br \/>\n<strong>Contro<\/strong>: La funzione di documentazione potrebbe essere migliore, lo sviluppo \u00e8 rallentato da quando \u00e8 subentrato Solarwinds, ora n-able.<\/p>\n<p><strong>Cory&#8221;Buon prodotto&#8221;<\/strong><br \/>\n<strong>Commenti<\/strong>: Nel complesso sono stati un buon prodotto per le password, ma in Docs mancano alcune funzionalit\u00e0 ideali. Una volta implementati, sar\u00e0 un ottimo strumento.<br \/>\n<strong>Pro<\/strong>: Facilit\u00e0 d&#8217;uso e integrazione in Connetwise Control.<br \/>\n<strong>Contro<\/strong>: Lentezza nel rilascio di funzionalit\u00e0 e\/o nella risoluzione dei problemi. Questo sembra essere migliorato dall&#8217;acquisizione, ma \u00e8 ancora pi\u00f9 lento di molte aziende.<\/p>\n","protected":false},"excerpt":{"rendered":"<p>N-able Passportal\u00a0 \u00e8 una soluzione di protezione tramite password, basata su cloud,\u00a0progettata per i provider di servizi gestiti (MSP). La soluzione consente agli utenti di archiviare, gestire e recuperare le credenziali tramite l&#8217;automazione della modifica della password, l&#8217;inserimento di credenziali, il controllo, la creazione di report e le funzionalit\u00e0 di documentazione dei client privilegiati.\u00a0<\/p>\n","protected":false},"author":19,"featured_media":63289,"parent":62847,"menu_order":0,"comment_status":"open","ping_status":"closed","template":"g1_template_page_review_new.php","meta":{"_acf_changed":false,"cwp_meta_box_check":"No","cwp_rev_product_name":"","cwp_rev_product_image":"","wppr_links":[],"cwp_rev_price":"","wppr_options":[],"wppr_pros":[],"wppr_cons":[],"_monsterinsights_skip_tracking":false,"_monsterinsights_sitenote_active":false,"_monsterinsights_sitenote_note":"","_monsterinsights_sitenote_category":0,"footnotes":""},"categories":[13617],"tags":[730,13611,13675,13618,13614,13612,13613],"features":[],"class_list":{"0":"post-63285","1":"page","2":"type-page","3":"status-publish","4":"has-post-thumbnail","6":"category-software-crittografia-cat","7":"tag-crittografia","8":"tag-encryption-software","9":"tag-n-able-passportal","10":"tag-piattaforma-di-crittografia","11":"tag-programma-di-crittografia","12":"tag-software-di-crittografia","13":"tag-soluzione-di-crittografia"},"wppr_data":{"cwp_meta_box_check":"No"},"acf":[],"yoast_head":"<!-- This site is optimized with the Yoast SEO plugin v27.4 - https:\/\/yoast.com\/product\/yoast-seo-wordpress\/ -->\n<title>N-able Passportal: recensione software di crittografia<\/title>\n<meta name=\"description\" content=\"N-able Passportal: recensione soluzione di protezione tramite password, basata su cloud, progettata per i provider di servizi gestiti (MSP).\" \/>\n<meta name=\"robots\" content=\"index, follow, max-snippet:-1, max-image-preview:large, max-video-preview:-1\" \/>\n<link rel=\"canonical\" href=\"https:\/\/www.accuratereviews.com\/it\/software-di-crittografia\/n-able-passportal-recensione\/\" \/>\n<meta property=\"og:locale\" content=\"it_IT\" \/>\n<meta property=\"og:type\" content=\"article\" \/>\n<meta property=\"og:title\" content=\"N-able Passportal: recensione software di crittografia\" \/>\n<meta property=\"og:description\" content=\"N-able Passportal: recensione soluzione di protezione tramite password, basata su cloud, progettata per i provider di servizi gestiti (MSP).\" \/>\n<meta property=\"og:url\" content=\"https:\/\/www.accuratereviews.com\/it\/software-di-crittografia\/n-able-passportal-recensione\/\" \/>\n<meta property=\"og:site_name\" content=\"Accurate Reviews\" \/>\n<meta property=\"article:modified_time\" content=\"2022-11-02T08:26:05+00:00\" \/>\n<meta property=\"og:image\" content=\"https:\/\/www.accuratereviews.com\/wp-content\/uploads\/2022\/10\/NAble.png\" \/>\n\t<meta property=\"og:image:width\" content=\"400\" \/>\n\t<meta property=\"og:image:height\" content=\"400\" \/>\n\t<meta property=\"og:image:type\" content=\"image\/png\" \/>\n<meta name=\"twitter:card\" content=\"summary_large_image\" \/>\n<meta name=\"twitter:label1\" content=\"Tempo di lettura stimato\" \/>\n\t<meta name=\"twitter:data1\" content=\"3 minuti\" \/>\n<script type=\"application\/ld+json\" class=\"yoast-schema-graph\">{\"@context\":\"https:\\\/\\\/schema.org\",\"@graph\":[{\"@type\":\"WebPage\",\"@id\":\"https:\\\/\\\/www.accuratereviews.com\\\/it\\\/software-di-crittografia\\\/n-able-passportal-recensione\\\/\",\"url\":\"https:\\\/\\\/www.accuratereviews.com\\\/it\\\/software-di-crittografia\\\/n-able-passportal-recensione\\\/\",\"name\":\"N-able Passportal: recensione software di crittografia\",\"isPartOf\":{\"@id\":\"https:\\\/\\\/www.accuratereviews.com\\\/it\\\/#website\"},\"primaryImageOfPage\":{\"@id\":\"https:\\\/\\\/www.accuratereviews.com\\\/it\\\/software-di-crittografia\\\/n-able-passportal-recensione\\\/#primaryimage\"},\"image\":{\"@id\":\"https:\\\/\\\/www.accuratereviews.com\\\/it\\\/software-di-crittografia\\\/n-able-passportal-recensione\\\/#primaryimage\"},\"thumbnailUrl\":\"https:\\\/\\\/www.accuratereviews.com\\\/wp-content\\\/uploads\\\/2022\\\/10\\\/NAble.png\",\"datePublished\":\"2022-10-31T17:45:12+00:00\",\"dateModified\":\"2022-11-02T08:26:05+00:00\",\"description\":\"N-able Passportal: recensione soluzione di protezione tramite password, basata su cloud, progettata per i provider di servizi gestiti (MSP).\",\"breadcrumb\":{\"@id\":\"https:\\\/\\\/www.accuratereviews.com\\\/it\\\/software-di-crittografia\\\/n-able-passportal-recensione\\\/#breadcrumb\"},\"inLanguage\":\"it-IT\",\"potentialAction\":[{\"@type\":\"ReadAction\",\"target\":[\"https:\\\/\\\/www.accuratereviews.com\\\/it\\\/software-di-crittografia\\\/n-able-passportal-recensione\\\/\"]}]},{\"@type\":\"ImageObject\",\"inLanguage\":\"it-IT\",\"@id\":\"https:\\\/\\\/www.accuratereviews.com\\\/it\\\/software-di-crittografia\\\/n-able-passportal-recensione\\\/#primaryimage\",\"url\":\"https:\\\/\\\/www.accuratereviews.com\\\/wp-content\\\/uploads\\\/2022\\\/10\\\/NAble.png\",\"contentUrl\":\"https:\\\/\\\/www.accuratereviews.com\\\/wp-content\\\/uploads\\\/2022\\\/10\\\/NAble.png\",\"width\":400,\"height\":400},{\"@type\":\"BreadcrumbList\",\"@id\":\"https:\\\/\\\/www.accuratereviews.com\\\/it\\\/software-di-crittografia\\\/n-able-passportal-recensione\\\/#breadcrumb\",\"itemListElement\":[{\"@type\":\"ListItem\",\"position\":1,\"name\":\"Home\",\"item\":\"https:\\\/\\\/www.accuratereviews.com\\\/it\\\/\"},{\"@type\":\"ListItem\",\"position\":2,\"name\":\"Software di crittografia\",\"item\":\"https:\\\/\\\/www.accuratereviews.com\\\/it\\\/software-di-crittografia\\\/\"},{\"@type\":\"ListItem\",\"position\":3,\"name\":\"N-able Passportal\"}]},{\"@type\":\"WebSite\",\"@id\":\"https:\\\/\\\/www.accuratereviews.com\\\/it\\\/#website\",\"url\":\"https:\\\/\\\/www.accuratereviews.com\\\/it\\\/\",\"name\":\"Accurate Reviews\",\"description\":\"\",\"potentialAction\":[{\"@type\":\"SearchAction\",\"target\":{\"@type\":\"EntryPoint\",\"urlTemplate\":\"https:\\\/\\\/www.accuratereviews.com\\\/it\\\/?s={search_term_string}\"},\"query-input\":{\"@type\":\"PropertyValueSpecification\",\"valueRequired\":true,\"valueName\":\"search_term_string\"}}],\"inLanguage\":\"it-IT\"}]}<\/script>\n<!-- \/ Yoast SEO plugin. -->","yoast_head_json":{"title":"N-able Passportal: recensione software di crittografia","description":"N-able Passportal: recensione soluzione di protezione tramite password, basata su cloud, progettata per i provider di servizi gestiti (MSP).","robots":{"index":"index","follow":"follow","max-snippet":"max-snippet:-1","max-image-preview":"max-image-preview:large","max-video-preview":"max-video-preview:-1"},"canonical":"https:\/\/www.accuratereviews.com\/it\/software-di-crittografia\/n-able-passportal-recensione\/","og_locale":"it_IT","og_type":"article","og_title":"N-able Passportal: recensione software di crittografia","og_description":"N-able Passportal: recensione soluzione di protezione tramite password, basata su cloud, progettata per i provider di servizi gestiti (MSP).","og_url":"https:\/\/www.accuratereviews.com\/it\/software-di-crittografia\/n-able-passportal-recensione\/","og_site_name":"Accurate Reviews","article_modified_time":"2022-11-02T08:26:05+00:00","og_image":[{"width":400,"height":400,"url":"https:\/\/www.accuratereviews.com\/wp-content\/uploads\/2022\/10\/NAble.png","type":"image\/png"}],"twitter_card":"summary_large_image","twitter_misc":{"Tempo di lettura stimato":"3 minuti"},"schema":{"@context":"https:\/\/schema.org","@graph":[{"@type":"WebPage","@id":"https:\/\/www.accuratereviews.com\/it\/software-di-crittografia\/n-able-passportal-recensione\/","url":"https:\/\/www.accuratereviews.com\/it\/software-di-crittografia\/n-able-passportal-recensione\/","name":"N-able Passportal: recensione software di crittografia","isPartOf":{"@id":"https:\/\/www.accuratereviews.com\/it\/#website"},"primaryImageOfPage":{"@id":"https:\/\/www.accuratereviews.com\/it\/software-di-crittografia\/n-able-passportal-recensione\/#primaryimage"},"image":{"@id":"https:\/\/www.accuratereviews.com\/it\/software-di-crittografia\/n-able-passportal-recensione\/#primaryimage"},"thumbnailUrl":"https:\/\/www.accuratereviews.com\/wp-content\/uploads\/2022\/10\/NAble.png","datePublished":"2022-10-31T17:45:12+00:00","dateModified":"2022-11-02T08:26:05+00:00","description":"N-able Passportal: recensione soluzione di protezione tramite password, basata su cloud, progettata per i provider di servizi gestiti (MSP).","breadcrumb":{"@id":"https:\/\/www.accuratereviews.com\/it\/software-di-crittografia\/n-able-passportal-recensione\/#breadcrumb"},"inLanguage":"it-IT","potentialAction":[{"@type":"ReadAction","target":["https:\/\/www.accuratereviews.com\/it\/software-di-crittografia\/n-able-passportal-recensione\/"]}]},{"@type":"ImageObject","inLanguage":"it-IT","@id":"https:\/\/www.accuratereviews.com\/it\/software-di-crittografia\/n-able-passportal-recensione\/#primaryimage","url":"https:\/\/www.accuratereviews.com\/wp-content\/uploads\/2022\/10\/NAble.png","contentUrl":"https:\/\/www.accuratereviews.com\/wp-content\/uploads\/2022\/10\/NAble.png","width":400,"height":400},{"@type":"BreadcrumbList","@id":"https:\/\/www.accuratereviews.com\/it\/software-di-crittografia\/n-able-passportal-recensione\/#breadcrumb","itemListElement":[{"@type":"ListItem","position":1,"name":"Home","item":"https:\/\/www.accuratereviews.com\/it\/"},{"@type":"ListItem","position":2,"name":"Software di crittografia","item":"https:\/\/www.accuratereviews.com\/it\/software-di-crittografia\/"},{"@type":"ListItem","position":3,"name":"N-able Passportal"}]},{"@type":"WebSite","@id":"https:\/\/www.accuratereviews.com\/it\/#website","url":"https:\/\/www.accuratereviews.com\/it\/","name":"Accurate Reviews","description":"","potentialAction":[{"@type":"SearchAction","target":{"@type":"EntryPoint","urlTemplate":"https:\/\/www.accuratereviews.com\/it\/?s={search_term_string}"},"query-input":{"@type":"PropertyValueSpecification","valueRequired":true,"valueName":"search_term_string"}}],"inLanguage":"it-IT"}]}},"_links":{"self":[{"href":"https:\/\/www.accuratereviews.com\/it\/wp-json\/wp\/v2\/pages\/63285","targetHints":{"allow":["GET"]}}],"collection":[{"href":"https:\/\/www.accuratereviews.com\/it\/wp-json\/wp\/v2\/pages"}],"about":[{"href":"https:\/\/www.accuratereviews.com\/it\/wp-json\/wp\/v2\/types\/page"}],"author":[{"embeddable":true,"href":"https:\/\/www.accuratereviews.com\/it\/wp-json\/wp\/v2\/users\/19"}],"replies":[{"embeddable":true,"href":"https:\/\/www.accuratereviews.com\/it\/wp-json\/wp\/v2\/comments?post=63285"}],"version-history":[{"count":8,"href":"https:\/\/www.accuratereviews.com\/it\/wp-json\/wp\/v2\/pages\/63285\/revisions"}],"predecessor-version":[{"id":63361,"href":"https:\/\/www.accuratereviews.com\/it\/wp-json\/wp\/v2\/pages\/63285\/revisions\/63361"}],"up":[{"embeddable":true,"href":"https:\/\/www.accuratereviews.com\/it\/wp-json\/wp\/v2\/pages\/62847"}],"wp:featuredmedia":[{"embeddable":true,"href":"https:\/\/www.accuratereviews.com\/it\/wp-json\/wp\/v2\/media\/63289"}],"wp:attachment":[{"href":"https:\/\/www.accuratereviews.com\/it\/wp-json\/wp\/v2\/media?parent=63285"}],"wp:term":[{"taxonomy":"category","embeddable":true,"href":"https:\/\/www.accuratereviews.com\/it\/wp-json\/wp\/v2\/categories?post=63285"},{"taxonomy":"post_tag","embeddable":true,"href":"https:\/\/www.accuratereviews.com\/it\/wp-json\/wp\/v2\/tags?post=63285"},{"taxonomy":"features","embeddable":true,"href":"https:\/\/www.accuratereviews.com\/it\/wp-json\/wp\/v2\/features?post=63285"}],"curies":[{"name":"wp","href":"https:\/\/api.w.org\/{rel}","templated":true}]}}