{"id":63308,"date":"2022-10-31T14:55:51","date_gmt":"2022-10-31T14:55:51","guid":{"rendered":"https:\/\/www.accuratereviews.com\/?page_id=63308"},"modified":"2022-10-31T14:55:51","modified_gmt":"2022-10-31T14:55:51","slug":"moveit-recensione","status":"publish","type":"page","link":"https:\/\/www.accuratereviews.com\/it\/software-di-crittografia\/moveit-recensione\/","title":{"rendered":"MOVEit"},"content":{"rendered":"<p><strong>MOVEit<\/strong> \u00e8 un<strong> software di crittografia<\/strong> che automatizza e gestisce il trasferimento di file in modo sicuro per le aziende. Si tratta del programma MFT (Managed File Transfer) leader nella sicurezza che consente al tuo team di soddisfare gli standard di conformit\u00e0, di garantire facilmente l&#8217;affidabilit\u00e0 dei processi aziendali principali e di proteggere il trasferimento di dati sensibili tra partner, clienti, utenti e sistemi.<br \/>\nUtilizzato da migliaia di organizzazioni in tutto il mondo,<strong> MOVEit<\/strong> offre\u00a0un&#8217;architettura flessibile che pu\u00f2 essere distribuita su uno o pi\u00f9 sistemi per soddisfare i requisiti di disponibilit\u00e0, prestazioni o scalabilit\u00e0.<\/p>\n<h2>MOVEIT &#8211; TUTORIAL<\/h2>\n<div id=\"fluid-wrapper-counter-1\" class=\"g1-fluid-wrapper \" style=\"width:686px;\">\n<div style=\"padding-bottom:56.268221574344%;\"><iframe loading=\"lazy\" title=\"Overview of Progress MOVEit with Carl Holt\" width=\"686\" height=\"386\" src=\"https:\/\/www.youtube.com\/embed\/z369GsbOar0?feature=oembed&amp;wmode=transparent&amp;autohide=1&amp;autoplay=0&amp;disablekb=0&amp;fs=1&amp;loop=0&amp;enablejsapi=1&amp;rel=0&amp;controls=2&amp;showinfo=0&amp;wmode=transparent&amp;autohide=2&amp;autoplay=0&amp;disablekb=0&amp;fs=1&amp;loop=0&amp;enablejsapi=1&amp;rel=0&amp;controls=2&amp;showinfo=1\" frameborder=\"0\" allow=\"accelerometer; autoplay; clipboard-write; encrypted-media; gyroscope; picture-in-picture\" allowfullscreen><\/iframe><\/div>\n<\/div>\n<h3>MOVEIT &#8211; CARATTERISTICHE<\/h3>\n<ul>\n<li><strong>Trasferimento via email e web<\/strong>: MOVEit Ad-Hoc rende facilmente accessibile il trasferimento sicuro di file da Microsoft Outlook o da un browser web, per garantire il trasferimento conforme di dati sensibili.<\/li>\n<li><strong>Trasferimento di file gestito da dispositivi mobili<\/strong>: l&#8217;applicazione gratuita MOVEit Mobile mette a disposizione un controllo sicuro e gestito del trasferimento di file tramite il vostro dispositivo iOS o Android.<\/li>\n<li><strong>Integrazione con Mulesoft iPaaS:<\/strong> il MOVEit Mulesoft Connector supporta l&#8217;integrazione delle funzionalit\u00e0 di trasferimento gestito dei file con qualsiasi applicazione supportata dalla soluzione iPaaS di Mulesoft.<\/li>\n<li><strong>Collaborazione sicura con l&#8217;utente finale<\/strong>: la condivisione sicura delle cartelle offre agli utenti finali interni ed esterni una funzionalit\u00e0 di collaborazione facile da usare, con trascinamento, in alternativa all&#8217;utilizzo della posta elettronica o della collaborazione sui contenuti per condividere dati sensibili.<\/li>\n<li><strong>Flessibilit\u00e0 di distribuzione<\/strong>: la flessibilit\u00e0 di distribuzione consente di soddisfare le vostre esigenze specifiche con opzioni che vanno dall&#8217;MFT-as-a-Service, al cloud pubblico, alle soluzioni on-premises o al cloud ibrido.<\/li>\n<li><strong>Gateway proxy DMZ<\/strong>: MOVEit Gateway \u00e8 un server proxy DMZ che mantiene i dati riservati\/sensibili, l&#8217;autenticazione e le informazioni di accesso dietro il firewall.<\/li>\n<\/ul>\n<h4>LE RECENSIONI DEGLI UTENTI<\/h4>\n<p><strong>Timothy &#8220;Prodotti e azienda di altissimo livello&#8221;.<\/strong><br \/>\nCommenti: Una piattaforma coerente e affidabile per il trasferimento di file gestito a livello mondiale.<br \/>\nPro: Do a Ipswitch e ai suoi prodotti il massimo dei voti in tutte le categorie. Sono molto forti e coerenti in tutte le aree e rappresentano quello che mi piace chiamare &#8221; la soluzione completa&#8221;.<br \/>\nContro: La minaccia incombente che un giorno possa diventare pubblica e rischiare di perdere quel tocco personale a cui ci siamo abituati.<\/p>\n<p><strong>Sean &#8220;Recensione di MoveIt Automation&#8221;<\/strong><br \/>\nCommenti: Il pi\u00f9 grande vantaggio che ho riscontrato \u00e8 la possibilit\u00e0 di dare alle persone il controllo di svolgere il proprio lavoro senza dover installare un programma sul proprio PC. Dando loro accesso all&#8217;interfaccia Web, si facilita la distribuzione agli utenti.<br \/>\nPro: La caratteristica che mi piace di pi\u00f9 \u00e8 la possibilit\u00e0 di fare in modo che le attivit\u00e0 avviino altre attivit\u00e0, in modo da poter creare processi che richiedono un intervento minimo o nullo.<br \/>\nContro: L&#8217;unica cosa che non mi piace \u00e8 la mancanza della possibilit\u00e0 di ordinare i file quando li si sfoglia con MoveIt. A volte \u00e8 importante ritrovare i file di una data specifica, ma l&#8217;ordinamento per nome di MoveIt rende difficile trovare i file in archivi di grandi dimensioni.<\/p>\n<p><strong>Donna &#8220;Progress MOVEit \u00e8 una soluzione unica per il trasferimento dei file&#8221;.<\/strong><br \/>\nCommenti: Meccanismo di trasferimento file consolidato a livello aziendale.<br \/>\nPro: MOVEit \u00e8 facile da usare e facile da insegnare<br \/>\nContro: File Activity Report visualizza il nome amico dell&#8217;host e non la vera connessione. Se il nome non \u00e8 specifico, non si conosce la vera connessione che si sta verificando.<\/p>\n","protected":false},"excerpt":{"rendered":"<p>MOVEit \u00e8 un software di crittografia che automatizza e gestisce il trasferimento di file in modo sicuro per le aziende. Si tratta del programma MFT (Managed File Transfer\u00a0leader nella sicurezza che consente al tuo team di soddisfare soddisfare gli standard di conformit\u00e0, di garantire facilmente l&#8217;affidabilit\u00e0 dei processi aziendali principali e di proteggere il trasferimento di dati sensibili tra partner, clienti, utenti e sistemi.<\/p>\n","protected":false},"author":17,"featured_media":63315,"parent":62847,"menu_order":0,"comment_status":"open","ping_status":"closed","template":"g1_template_page_review_new.php","meta":{"_acf_changed":false,"cwp_meta_box_check":"No","cwp_rev_product_name":"","cwp_rev_product_image":"","wppr_links":[],"cwp_rev_price":"","wppr_options":[],"wppr_pros":[],"wppr_cons":[],"_monsterinsights_skip_tracking":false,"_monsterinsights_sitenote_active":false,"_monsterinsights_sitenote_note":"","_monsterinsights_sitenote_category":0,"footnotes":""},"categories":[13617],"tags":[13616,730,724,13618,13614,13612,13613],"features":[],"class_list":{"0":"post-63308","1":"page","2":"type-page","3":"status-publish","4":"has-post-thumbnail","6":"category-software-crittografia-cat","7":"tag-app-crittografia","8":"tag-crittografia","9":"tag-crittografia-end-to-end","10":"tag-piattaforma-di-crittografia","11":"tag-programma-di-crittografia","12":"tag-software-di-crittografia","13":"tag-soluzione-di-crittografia"},"wppr_data":{"cwp_meta_box_check":"No"},"acf":[],"yoast_head":"<!-- This site is optimized with the Yoast SEO plugin v27.4 - https:\/\/yoast.com\/product\/yoast-seo-wordpress\/ -->\n<title>MOVEit: recensione software crittografia - Accurate Reviews<\/title>\n<meta name=\"description\" content=\"MOVEit: recensione del software di crittografia che automatizza e gestisce il trasferimento di file in modo sicuro per le aziende.\" \/>\n<meta name=\"robots\" content=\"index, follow, max-snippet:-1, max-image-preview:large, max-video-preview:-1\" \/>\n<link rel=\"canonical\" href=\"https:\/\/www.accuratereviews.com\/it\/software-di-crittografia\/moveit-recensione\/\" \/>\n<meta property=\"og:locale\" content=\"it_IT\" \/>\n<meta property=\"og:type\" content=\"article\" \/>\n<meta property=\"og:title\" content=\"MOVEit: recensione software crittografia - Accurate Reviews\" \/>\n<meta property=\"og:description\" content=\"MOVEit: recensione del software di crittografia che automatizza e gestisce il trasferimento di file in modo sicuro per le aziende.\" \/>\n<meta property=\"og:url\" content=\"https:\/\/www.accuratereviews.com\/it\/software-di-crittografia\/moveit-recensione\/\" \/>\n<meta property=\"og:site_name\" content=\"Accurate Reviews\" \/>\n<meta property=\"og:image\" content=\"https:\/\/www.accuratereviews.com\/wp-content\/uploads\/2022\/10\/moveit_1x1-1.jpg\" \/>\n\t<meta property=\"og:image:width\" content=\"1001\" \/>\n\t<meta property=\"og:image:height\" content=\"1000\" \/>\n\t<meta property=\"og:image:type\" content=\"image\/jpeg\" \/>\n<meta name=\"twitter:card\" content=\"summary_large_image\" \/>\n<meta name=\"twitter:label1\" content=\"Tempo di lettura stimato\" \/>\n\t<meta name=\"twitter:data1\" content=\"3 minuti\" \/>\n<script type=\"application\/ld+json\" class=\"yoast-schema-graph\">{\"@context\":\"https:\\\/\\\/schema.org\",\"@graph\":[{\"@type\":\"WebPage\",\"@id\":\"https:\\\/\\\/www.accuratereviews.com\\\/it\\\/software-di-crittografia\\\/moveit-recensione\\\/\",\"url\":\"https:\\\/\\\/www.accuratereviews.com\\\/it\\\/software-di-crittografia\\\/moveit-recensione\\\/\",\"name\":\"MOVEit: recensione software crittografia - Accurate Reviews\",\"isPartOf\":{\"@id\":\"https:\\\/\\\/www.accuratereviews.com\\\/it\\\/#website\"},\"primaryImageOfPage\":{\"@id\":\"https:\\\/\\\/www.accuratereviews.com\\\/it\\\/software-di-crittografia\\\/moveit-recensione\\\/#primaryimage\"},\"image\":{\"@id\":\"https:\\\/\\\/www.accuratereviews.com\\\/it\\\/software-di-crittografia\\\/moveit-recensione\\\/#primaryimage\"},\"thumbnailUrl\":\"https:\\\/\\\/www.accuratereviews.com\\\/wp-content\\\/uploads\\\/2022\\\/10\\\/moveit_1x1-1.jpg\",\"datePublished\":\"2022-10-31T14:55:51+00:00\",\"description\":\"MOVEit: recensione del software di crittografia che automatizza e gestisce il trasferimento di file in modo sicuro per le aziende.\",\"breadcrumb\":{\"@id\":\"https:\\\/\\\/www.accuratereviews.com\\\/it\\\/software-di-crittografia\\\/moveit-recensione\\\/#breadcrumb\"},\"inLanguage\":\"it-IT\",\"potentialAction\":[{\"@type\":\"ReadAction\",\"target\":[\"https:\\\/\\\/www.accuratereviews.com\\\/it\\\/software-di-crittografia\\\/moveit-recensione\\\/\"]}]},{\"@type\":\"ImageObject\",\"inLanguage\":\"it-IT\",\"@id\":\"https:\\\/\\\/www.accuratereviews.com\\\/it\\\/software-di-crittografia\\\/moveit-recensione\\\/#primaryimage\",\"url\":\"https:\\\/\\\/www.accuratereviews.com\\\/wp-content\\\/uploads\\\/2022\\\/10\\\/moveit_1x1-1.jpg\",\"contentUrl\":\"https:\\\/\\\/www.accuratereviews.com\\\/wp-content\\\/uploads\\\/2022\\\/10\\\/moveit_1x1-1.jpg\",\"width\":1001,\"height\":1000},{\"@type\":\"BreadcrumbList\",\"@id\":\"https:\\\/\\\/www.accuratereviews.com\\\/it\\\/software-di-crittografia\\\/moveit-recensione\\\/#breadcrumb\",\"itemListElement\":[{\"@type\":\"ListItem\",\"position\":1,\"name\":\"Home\",\"item\":\"https:\\\/\\\/www.accuratereviews.com\\\/it\\\/\"},{\"@type\":\"ListItem\",\"position\":2,\"name\":\"Software di crittografia\",\"item\":\"https:\\\/\\\/www.accuratereviews.com\\\/it\\\/software-di-crittografia\\\/\"},{\"@type\":\"ListItem\",\"position\":3,\"name\":\"MOVEit\"}]},{\"@type\":\"WebSite\",\"@id\":\"https:\\\/\\\/www.accuratereviews.com\\\/it\\\/#website\",\"url\":\"https:\\\/\\\/www.accuratereviews.com\\\/it\\\/\",\"name\":\"Accurate Reviews\",\"description\":\"\",\"potentialAction\":[{\"@type\":\"SearchAction\",\"target\":{\"@type\":\"EntryPoint\",\"urlTemplate\":\"https:\\\/\\\/www.accuratereviews.com\\\/it\\\/?s={search_term_string}\"},\"query-input\":{\"@type\":\"PropertyValueSpecification\",\"valueRequired\":true,\"valueName\":\"search_term_string\"}}],\"inLanguage\":\"it-IT\"}]}<\/script>\n<!-- \/ Yoast SEO plugin. -->","yoast_head_json":{"title":"MOVEit: recensione software crittografia - Accurate Reviews","description":"MOVEit: recensione del software di crittografia che automatizza e gestisce il trasferimento di file in modo sicuro per le aziende.","robots":{"index":"index","follow":"follow","max-snippet":"max-snippet:-1","max-image-preview":"max-image-preview:large","max-video-preview":"max-video-preview:-1"},"canonical":"https:\/\/www.accuratereviews.com\/it\/software-di-crittografia\/moveit-recensione\/","og_locale":"it_IT","og_type":"article","og_title":"MOVEit: recensione software crittografia - Accurate Reviews","og_description":"MOVEit: recensione del software di crittografia che automatizza e gestisce il trasferimento di file in modo sicuro per le aziende.","og_url":"https:\/\/www.accuratereviews.com\/it\/software-di-crittografia\/moveit-recensione\/","og_site_name":"Accurate Reviews","og_image":[{"width":1001,"height":1000,"url":"https:\/\/www.accuratereviews.com\/wp-content\/uploads\/2022\/10\/moveit_1x1-1.jpg","type":"image\/jpeg"}],"twitter_card":"summary_large_image","twitter_misc":{"Tempo di lettura stimato":"3 minuti"},"schema":{"@context":"https:\/\/schema.org","@graph":[{"@type":"WebPage","@id":"https:\/\/www.accuratereviews.com\/it\/software-di-crittografia\/moveit-recensione\/","url":"https:\/\/www.accuratereviews.com\/it\/software-di-crittografia\/moveit-recensione\/","name":"MOVEit: recensione software crittografia - Accurate Reviews","isPartOf":{"@id":"https:\/\/www.accuratereviews.com\/it\/#website"},"primaryImageOfPage":{"@id":"https:\/\/www.accuratereviews.com\/it\/software-di-crittografia\/moveit-recensione\/#primaryimage"},"image":{"@id":"https:\/\/www.accuratereviews.com\/it\/software-di-crittografia\/moveit-recensione\/#primaryimage"},"thumbnailUrl":"https:\/\/www.accuratereviews.com\/wp-content\/uploads\/2022\/10\/moveit_1x1-1.jpg","datePublished":"2022-10-31T14:55:51+00:00","description":"MOVEit: recensione del software di crittografia che automatizza e gestisce il trasferimento di file in modo sicuro per le aziende.","breadcrumb":{"@id":"https:\/\/www.accuratereviews.com\/it\/software-di-crittografia\/moveit-recensione\/#breadcrumb"},"inLanguage":"it-IT","potentialAction":[{"@type":"ReadAction","target":["https:\/\/www.accuratereviews.com\/it\/software-di-crittografia\/moveit-recensione\/"]}]},{"@type":"ImageObject","inLanguage":"it-IT","@id":"https:\/\/www.accuratereviews.com\/it\/software-di-crittografia\/moveit-recensione\/#primaryimage","url":"https:\/\/www.accuratereviews.com\/wp-content\/uploads\/2022\/10\/moveit_1x1-1.jpg","contentUrl":"https:\/\/www.accuratereviews.com\/wp-content\/uploads\/2022\/10\/moveit_1x1-1.jpg","width":1001,"height":1000},{"@type":"BreadcrumbList","@id":"https:\/\/www.accuratereviews.com\/it\/software-di-crittografia\/moveit-recensione\/#breadcrumb","itemListElement":[{"@type":"ListItem","position":1,"name":"Home","item":"https:\/\/www.accuratereviews.com\/it\/"},{"@type":"ListItem","position":2,"name":"Software di crittografia","item":"https:\/\/www.accuratereviews.com\/it\/software-di-crittografia\/"},{"@type":"ListItem","position":3,"name":"MOVEit"}]},{"@type":"WebSite","@id":"https:\/\/www.accuratereviews.com\/it\/#website","url":"https:\/\/www.accuratereviews.com\/it\/","name":"Accurate Reviews","description":"","potentialAction":[{"@type":"SearchAction","target":{"@type":"EntryPoint","urlTemplate":"https:\/\/www.accuratereviews.com\/it\/?s={search_term_string}"},"query-input":{"@type":"PropertyValueSpecification","valueRequired":true,"valueName":"search_term_string"}}],"inLanguage":"it-IT"}]}},"_links":{"self":[{"href":"https:\/\/www.accuratereviews.com\/it\/wp-json\/wp\/v2\/pages\/63308","targetHints":{"allow":["GET"]}}],"collection":[{"href":"https:\/\/www.accuratereviews.com\/it\/wp-json\/wp\/v2\/pages"}],"about":[{"href":"https:\/\/www.accuratereviews.com\/it\/wp-json\/wp\/v2\/types\/page"}],"author":[{"embeddable":true,"href":"https:\/\/www.accuratereviews.com\/it\/wp-json\/wp\/v2\/users\/17"}],"replies":[{"embeddable":true,"href":"https:\/\/www.accuratereviews.com\/it\/wp-json\/wp\/v2\/comments?post=63308"}],"version-history":[{"count":5,"href":"https:\/\/www.accuratereviews.com\/it\/wp-json\/wp\/v2\/pages\/63308\/revisions"}],"predecessor-version":[{"id":63324,"href":"https:\/\/www.accuratereviews.com\/it\/wp-json\/wp\/v2\/pages\/63308\/revisions\/63324"}],"up":[{"embeddable":true,"href":"https:\/\/www.accuratereviews.com\/it\/wp-json\/wp\/v2\/pages\/62847"}],"wp:featuredmedia":[{"embeddable":true,"href":"https:\/\/www.accuratereviews.com\/it\/wp-json\/wp\/v2\/media\/63315"}],"wp:attachment":[{"href":"https:\/\/www.accuratereviews.com\/it\/wp-json\/wp\/v2\/media?parent=63308"}],"wp:term":[{"taxonomy":"category","embeddable":true,"href":"https:\/\/www.accuratereviews.com\/it\/wp-json\/wp\/v2\/categories?post=63308"},{"taxonomy":"post_tag","embeddable":true,"href":"https:\/\/www.accuratereviews.com\/it\/wp-json\/wp\/v2\/tags?post=63308"},{"taxonomy":"features","embeddable":true,"href":"https:\/\/www.accuratereviews.com\/it\/wp-json\/wp\/v2\/features?post=63308"}],"curies":[{"name":"wp","href":"https:\/\/api.w.org\/{rel}","templated":true}]}}