{"id":63342,"date":"2022-11-02T16:33:04","date_gmt":"2022-11-02T16:33:04","guid":{"rendered":"https:\/\/www.accuratereviews.com\/?page_id=63342"},"modified":"2022-11-02T16:33:04","modified_gmt":"2022-11-02T16:33:04","slug":"onelogin-recensione","status":"publish","type":"page","link":"https:\/\/www.accuratereviews.com\/it\/software-di-crittografia\/onelogin-recensione\/","title":{"rendered":"OneLogin"},"content":{"rendered":"<p><strong>OneLogin<\/strong> \u00e8 un<strong> software di crittografia<\/strong> che sfrutta la Trusted Experience Platform, in grado di fornire tutto ci\u00f2 di cui hai bisogno per proteggere la tua forza lavoro, i clienti e i partner a un prezzo compatibile con il tuo budget. Il programma\u00a0consente l&#8217;applicazione delle <strong>policy di sicurezza<\/strong> e disabilita istantaneamente l&#8217;accesso alle app per i dipendenti che lasciano o cambiano ruolo in tempo reale. Assumi il controllo dell&#8217;accesso alle applicazioni e offri un accesso facile e sicuro a tutte le tue app aziendali e rivolte ai clienti. Estendi il tuo modello di sicurezza on-premise al <strong>cloud<\/strong> in pochi minuti.<br \/>\n<strong>OneLogin<\/strong> riduce i costi dell&#8217;infrastruttura di identit\u00e0 e progetti di integrazione complessi per ogni nuova app ed estende in modo efficiente le policy di identit\u00e0 al cloud.<\/p>\n<h2>ONELOGIN &#8211; TUTORIAL<\/h2>\n<div id=\"fluid-wrapper-counter-1\" class=\"g1-fluid-wrapper \" style=\"width:686px;\">\n<div style=\"padding-bottom:56.268221574344%;\"><iframe loading=\"lazy\" title=\"OneLogin by One Identity: Cloud Based IAM for the Modern Enterprise\" width=\"686\" height=\"386\" src=\"https:\/\/www.youtube.com\/embed\/YjsKpwrext4?feature=oembed&amp;wmode=transparent&amp;autohide=1&amp;autoplay=0&amp;disablekb=0&amp;fs=1&amp;loop=0&amp;enablejsapi=1&amp;rel=0&amp;controls=2&amp;showinfo=0&amp;wmode=transparent&amp;autohide=2&amp;autoplay=0&amp;disablekb=0&amp;fs=1&amp;loop=0&amp;enablejsapi=1&amp;rel=0&amp;controls=2&amp;showinfo=1\" frameborder=\"0\" allow=\"accelerometer; autoplay; clipboard-write; encrypted-media; gyroscope; picture-in-picture\" allowfullscreen><\/iframe><\/div>\n<\/div>\n<h3>ONELOGIN &#8211; CARATTERISTICHE<\/h3>\n<div class=\"txt-v3\" data-v3-action=\"Content\">\n<ul>\n<li><strong>Gestione sicura e unificata degli endpoint<\/strong>: gli utenti possono sfruttare i profili protetti di computer portatili e desktop registrati. In altre parole, una volta che gli utenti hanno effettuato l&#8217;accesso al proprio sistema operativo, non hanno bisogno di effettuare nuovamente il login per accedere alle app aziendali, liberando il loro tempo e rafforzando la sicurezza!<\/li>\n<li><strong>Pi\u00f9 accessi<\/strong>: il sistema di autenticazione single sign-on ti consente di creare un numero illimitato di accessi allo stesso tipo di applicazione. Se disponi di ambienti di gestione e produzione diversi, la funzionalit\u00e0 di accesso multiplo consente di risparmiare tempo reale.<\/li>\n<li><strong>Accesso social<\/strong>: consenti agli utenti finali di accedere utilizzando le credenziali del provider di identit\u00e0 social da servizi come Facebook, LinkedIn e Twitter. Ci\u00f2 semplifica l&#8217;esperienza dell&#8217;utente eliminando la necessit\u00e0 di creare e ricordare una nuova password.<\/li>\n<li><strong>Applicazioni personali<\/strong>: puoi scegliere di consentire agli utenti di aggiungere le proprie app personali come LinkedIn, Twitter e siti di prenotazione di viaggi. Le app personali non richiedono il coinvolgimento dell&#8217;IT e sono facilmente configurabili e accessibili agli utenti tramite il loro portale single sign-on sicuro.<\/li>\n<li><strong>Amministrazione delegata<\/strong>: applica il principio Zero Trust dell&#8217;accesso con privilegi minimi delegando i diritti di amministratore a livello granulare. Assegna a livello di codice i privilegi in base al ruolo e allevia il carico dell&#8217;IT per le richieste di accesso, proteggendo al contempo la tua organizzazione dalle minacce.<\/li>\n<li><strong>Salvataggio password<\/strong>:\u00a0gestisci in modo elegante le applicazioni Web che non supportano la federazione con una tecnica nota come password vaulting. Ci\u00f2 consente alle aziende di fornire ai propri utenti SSO per tutte le applicazioni Web. Il meccanismo mediante il quale vengono archiviate le password salvate \u00e8 stato ulteriormente rafforzato per proteggerle da accessi non autorizzati.<\/li>\n<li><strong>Supporto linguistico<\/strong>: il portale \u00a0supporta 21 lingue, offrendo agli utenti di tutto il mondo un&#8217;esperienza utente ottimizzata. Basta scegliere quale localizzazione si desidera rendere disponibile e la soluzione abbiner\u00e0 automaticamente la lingua del portale alle impostazioni del browser dell&#8217;utente.<\/li>\n<\/ul>\n<h4>LE RECENSIONI DEGLI UTENTI<\/h4>\n<p><strong>Mariam &#8220;Critico importante per la sicurezza&#8221;<\/strong><br \/>\n<strong>Commenti<\/strong>: \u00c8 molto facile da usare e ti senti al sicuro!<br \/>\n<strong>Pro<\/strong>: \u00c8 molto positivo che tu abbia una sola password per ogni piattaforma e che tu abbia 2FA, quindi sei al sicuro. Ogni volta che accedi tramite un altro dispositivo ricevi un&#8217;email di conferma.<br \/>\n<strong>Contro<\/strong>: Richiede modifiche alla password troppe volte.<\/p>\n<p><strong>Palak &#8220;Recensione Onelogin&#8221;<\/strong><br \/>\n<strong>Commenti<\/strong>: Nel complesso \u00e8 utile ad aiutarmi a evitare di inserire le password pi\u00f9 volte per i diversi software utilizzati dall&#8217;azienda.<br \/>\n<strong>Pro<\/strong>: Tutti i software importanti sono collegati tra loro aiutandomi a evitare di inserire le password pi\u00f9 e pi\u00f9 volte per accessi diversi in ciascun software<br \/>\n<strong>Contro<\/strong>: Nient&#8217;altro che questo, \u00e8 solo un tipo di software per la sicurezza adatto per il punto di vista aziendale.<\/p>\n<p><strong>Kate &#8220;Punto di accesso per tutto ci\u00f2 che riguarda SaaS&#8221;<\/strong><br \/>\n<strong>Pro<\/strong>: OneLogin fornisce un accesso sicuro ai servizi SaaS tramite SSO. Offrono opzioni molto convenienti (a partire da $ 2\/utente\/mese) e il set di funzionalit\u00e0 di base \u00e8 sufficiente per coprire il nostro caso d&#8217;uso principale. Per le integrazioni pi\u00f9 comuni, OneLogin offre connettori preconfigurati. Per altri sistemi, dovrai fare un po&#8217; di lavoro, ma finch\u00e9 il servizio supporta l&#8217;SSO, sei a posto.<br \/>\n<strong>Contro<\/strong>: L&#8217;UX \u00e8 un po&#8217; carente in diverse aree, ad esempio le opzioni per la gestione degli utenti sono nascoste in un menu difficile da trovare. Allo stesso modo, il flusso di lavoro per l&#8217;aggiunta di servizi non \u00e8 intuitivo e all&#8217;interno del prodotto. Tuttavia, un accesso fornisce molte guide utili per assisterti.<\/p>\n<\/div>\n","protected":false},"excerpt":{"rendered":"<p>OneLogin \u00e8 un software di crittografia che sfrutta la Trusted Experience Platform, in grado di fornire tutto ci\u00f2 di cui hai bisogno per proteggere la tua forza lavoro, i clienti e i partner a un prezzo compatibile con il tuo budget. Il programma\u00a0consente l&#8217;applicazione delle policy di sicurezza e disabilita istantaneamente l&#8217;accesso alle app per i dipendenti che lasciano o cambiano ruolo in tempo reale.<\/p>\n","protected":false},"author":19,"featured_media":63354,"parent":62847,"menu_order":0,"comment_status":"open","ping_status":"closed","template":"g1_template_page_review_new.php","meta":{"_acf_changed":false,"cwp_meta_box_check":"Yes","cwp_rev_product_name":"","cwp_rev_product_image":"","wppr_links":[],"cwp_rev_price":"0.00","wppr_options":[],"wppr_pros":["","","","",""],"wppr_cons":["","","","",""],"_monsterinsights_skip_tracking":false,"_monsterinsights_sitenote_active":false,"_monsterinsights_sitenote_note":"","_monsterinsights_sitenote_category":0,"footnotes":""},"categories":[13617],"tags":[13619,13611,13679,13618,13614,13612,13613],"features":[],"class_list":{"0":"post-63342","1":"page","2":"type-page","3":"status-publish","4":"has-post-thumbnail","6":"category-software-crittografia-cat","7":"tag-app-di-crittografia","8":"tag-encryption-software","9":"tag-onelogin","10":"tag-piattaforma-di-crittografia","11":"tag-programma-di-crittografia","12":"tag-software-di-crittografia","13":"tag-soluzione-di-crittografia"},"wppr_data":{"cwp_meta_box_check":"Yes","_wppr_review_template":"default","cwp_rev_product_image":"","cwp_image_link":"image","wppr_links":[],"cwp_rev_price":"0.00","wppr_pros":["","","","",""],"wppr_cons":["","","","",""],"wppr_rating":"0.00","wppr_options":[],"wppr_review_type":"Product","wppr_review_custom_fields":{"additionalProperty":"","additionalType":"","aggregateRating":"","alternateName":"","audience":"","award":"","awards":"","brand":"","color":"","depth":"","description":"","disambiguatingDescription":"","gtin12":"","gtin13":"","gtin14":"","gtin8":"","height":"","identifier":"","image":"","isAccessoryOrSparePartFor":"","isConsumableFor":"","isRelatedTo":"","isSimilarTo":"","itemCondition":"","logo":"","mainEntityOfPage":"","manufacturer":"","material":"","model":"","mpn":"","name":"","offers":"","potentialAction":"","productID":"","productionDate":"","purchaseDate":"","releaseDate":"","review":"","reviews":"","sameAs":"","sku":"","slogan":"","subjectOf":"","url":"","weight":"","width":""}},"acf":[],"yoast_head":"<!-- This site is optimized with the Yoast SEO plugin v27.4 - https:\/\/yoast.com\/product\/yoast-seo-wordpress\/ -->\n<title>OneLogin: recensione software crittografia - Accurate Reviews<\/title>\n<meta name=\"description\" content=\"OneLogin: recensione software di crittografia che sfrutta la Trusted Experience Platform per proteggere la forza lavoro, i clienti e i partner\" \/>\n<meta name=\"robots\" content=\"index, follow, max-snippet:-1, max-image-preview:large, max-video-preview:-1\" \/>\n<link rel=\"canonical\" href=\"https:\/\/www.accuratereviews.com\/it\/software-di-crittografia\/onelogin-recensione\/\" \/>\n<meta property=\"og:locale\" content=\"it_IT\" \/>\n<meta property=\"og:type\" content=\"article\" \/>\n<meta property=\"og:title\" content=\"OneLogin: recensione software crittografia - Accurate Reviews\" \/>\n<meta property=\"og:description\" content=\"OneLogin: recensione software di crittografia che sfrutta la Trusted Experience Platform per proteggere la forza lavoro, i clienti e i partner\" \/>\n<meta property=\"og:url\" content=\"https:\/\/www.accuratereviews.com\/it\/software-di-crittografia\/onelogin-recensione\/\" \/>\n<meta property=\"og:site_name\" content=\"Accurate Reviews\" \/>\n<meta property=\"og:image\" content=\"https:\/\/www.accuratereviews.com\/wp-content\/uploads\/2022\/11\/OneLogin.png\" \/>\n\t<meta property=\"og:image:width\" content=\"400\" \/>\n\t<meta property=\"og:image:height\" content=\"300\" \/>\n\t<meta property=\"og:image:type\" content=\"image\/png\" \/>\n<meta name=\"twitter:card\" content=\"summary_large_image\" \/>\n<meta name=\"twitter:label1\" content=\"Tempo di lettura stimato\" \/>\n\t<meta name=\"twitter:data1\" content=\"4 minuti\" \/>\n<script type=\"application\/ld+json\" class=\"yoast-schema-graph\">{\"@context\":\"https:\\\/\\\/schema.org\",\"@graph\":[{\"@type\":\"WebPage\",\"@id\":\"https:\\\/\\\/www.accuratereviews.com\\\/it\\\/software-di-crittografia\\\/onelogin-recensione\\\/\",\"url\":\"https:\\\/\\\/www.accuratereviews.com\\\/it\\\/software-di-crittografia\\\/onelogin-recensione\\\/\",\"name\":\"OneLogin: recensione software crittografia - Accurate Reviews\",\"isPartOf\":{\"@id\":\"https:\\\/\\\/www.accuratereviews.com\\\/it\\\/#website\"},\"primaryImageOfPage\":{\"@id\":\"https:\\\/\\\/www.accuratereviews.com\\\/it\\\/software-di-crittografia\\\/onelogin-recensione\\\/#primaryimage\"},\"image\":{\"@id\":\"https:\\\/\\\/www.accuratereviews.com\\\/it\\\/software-di-crittografia\\\/onelogin-recensione\\\/#primaryimage\"},\"thumbnailUrl\":\"https:\\\/\\\/www.accuratereviews.com\\\/wp-content\\\/uploads\\\/2022\\\/11\\\/OneLogin.png\",\"datePublished\":\"2022-11-02T16:33:04+00:00\",\"description\":\"OneLogin: recensione software di crittografia che sfrutta la Trusted Experience Platform per proteggere la forza lavoro, i clienti e i partner\",\"breadcrumb\":{\"@id\":\"https:\\\/\\\/www.accuratereviews.com\\\/it\\\/software-di-crittografia\\\/onelogin-recensione\\\/#breadcrumb\"},\"inLanguage\":\"it-IT\",\"potentialAction\":[{\"@type\":\"ReadAction\",\"target\":[\"https:\\\/\\\/www.accuratereviews.com\\\/it\\\/software-di-crittografia\\\/onelogin-recensione\\\/\"]}]},{\"@type\":\"ImageObject\",\"inLanguage\":\"it-IT\",\"@id\":\"https:\\\/\\\/www.accuratereviews.com\\\/it\\\/software-di-crittografia\\\/onelogin-recensione\\\/#primaryimage\",\"url\":\"https:\\\/\\\/www.accuratereviews.com\\\/wp-content\\\/uploads\\\/2022\\\/11\\\/OneLogin.png\",\"contentUrl\":\"https:\\\/\\\/www.accuratereviews.com\\\/wp-content\\\/uploads\\\/2022\\\/11\\\/OneLogin.png\",\"width\":400,\"height\":300},{\"@type\":\"BreadcrumbList\",\"@id\":\"https:\\\/\\\/www.accuratereviews.com\\\/it\\\/software-di-crittografia\\\/onelogin-recensione\\\/#breadcrumb\",\"itemListElement\":[{\"@type\":\"ListItem\",\"position\":1,\"name\":\"Home\",\"item\":\"https:\\\/\\\/www.accuratereviews.com\\\/it\\\/\"},{\"@type\":\"ListItem\",\"position\":2,\"name\":\"Software di crittografia\",\"item\":\"https:\\\/\\\/www.accuratereviews.com\\\/it\\\/software-di-crittografia\\\/\"},{\"@type\":\"ListItem\",\"position\":3,\"name\":\"OneLogin\"}]},{\"@type\":\"WebSite\",\"@id\":\"https:\\\/\\\/www.accuratereviews.com\\\/it\\\/#website\",\"url\":\"https:\\\/\\\/www.accuratereviews.com\\\/it\\\/\",\"name\":\"Accurate Reviews\",\"description\":\"\",\"potentialAction\":[{\"@type\":\"SearchAction\",\"target\":{\"@type\":\"EntryPoint\",\"urlTemplate\":\"https:\\\/\\\/www.accuratereviews.com\\\/it\\\/?s={search_term_string}\"},\"query-input\":{\"@type\":\"PropertyValueSpecification\",\"valueRequired\":true,\"valueName\":\"search_term_string\"}}],\"inLanguage\":\"it-IT\"}]}<\/script>\n<!-- \/ Yoast SEO plugin. -->","yoast_head_json":{"title":"OneLogin: recensione software crittografia - Accurate Reviews","description":"OneLogin: recensione software di crittografia che sfrutta la Trusted Experience Platform per proteggere la forza lavoro, i clienti e i partner","robots":{"index":"index","follow":"follow","max-snippet":"max-snippet:-1","max-image-preview":"max-image-preview:large","max-video-preview":"max-video-preview:-1"},"canonical":"https:\/\/www.accuratereviews.com\/it\/software-di-crittografia\/onelogin-recensione\/","og_locale":"it_IT","og_type":"article","og_title":"OneLogin: recensione software crittografia - Accurate Reviews","og_description":"OneLogin: recensione software di crittografia che sfrutta la Trusted Experience Platform per proteggere la forza lavoro, i clienti e i partner","og_url":"https:\/\/www.accuratereviews.com\/it\/software-di-crittografia\/onelogin-recensione\/","og_site_name":"Accurate Reviews","og_image":[{"width":400,"height":300,"url":"https:\/\/www.accuratereviews.com\/wp-content\/uploads\/2022\/11\/OneLogin.png","type":"image\/png"}],"twitter_card":"summary_large_image","twitter_misc":{"Tempo di lettura stimato":"4 minuti"},"schema":{"@context":"https:\/\/schema.org","@graph":[{"@type":"WebPage","@id":"https:\/\/www.accuratereviews.com\/it\/software-di-crittografia\/onelogin-recensione\/","url":"https:\/\/www.accuratereviews.com\/it\/software-di-crittografia\/onelogin-recensione\/","name":"OneLogin: recensione software crittografia - Accurate Reviews","isPartOf":{"@id":"https:\/\/www.accuratereviews.com\/it\/#website"},"primaryImageOfPage":{"@id":"https:\/\/www.accuratereviews.com\/it\/software-di-crittografia\/onelogin-recensione\/#primaryimage"},"image":{"@id":"https:\/\/www.accuratereviews.com\/it\/software-di-crittografia\/onelogin-recensione\/#primaryimage"},"thumbnailUrl":"https:\/\/www.accuratereviews.com\/wp-content\/uploads\/2022\/11\/OneLogin.png","datePublished":"2022-11-02T16:33:04+00:00","description":"OneLogin: recensione software di crittografia che sfrutta la Trusted Experience Platform per proteggere la forza lavoro, i clienti e i partner","breadcrumb":{"@id":"https:\/\/www.accuratereviews.com\/it\/software-di-crittografia\/onelogin-recensione\/#breadcrumb"},"inLanguage":"it-IT","potentialAction":[{"@type":"ReadAction","target":["https:\/\/www.accuratereviews.com\/it\/software-di-crittografia\/onelogin-recensione\/"]}]},{"@type":"ImageObject","inLanguage":"it-IT","@id":"https:\/\/www.accuratereviews.com\/it\/software-di-crittografia\/onelogin-recensione\/#primaryimage","url":"https:\/\/www.accuratereviews.com\/wp-content\/uploads\/2022\/11\/OneLogin.png","contentUrl":"https:\/\/www.accuratereviews.com\/wp-content\/uploads\/2022\/11\/OneLogin.png","width":400,"height":300},{"@type":"BreadcrumbList","@id":"https:\/\/www.accuratereviews.com\/it\/software-di-crittografia\/onelogin-recensione\/#breadcrumb","itemListElement":[{"@type":"ListItem","position":1,"name":"Home","item":"https:\/\/www.accuratereviews.com\/it\/"},{"@type":"ListItem","position":2,"name":"Software di crittografia","item":"https:\/\/www.accuratereviews.com\/it\/software-di-crittografia\/"},{"@type":"ListItem","position":3,"name":"OneLogin"}]},{"@type":"WebSite","@id":"https:\/\/www.accuratereviews.com\/it\/#website","url":"https:\/\/www.accuratereviews.com\/it\/","name":"Accurate Reviews","description":"","potentialAction":[{"@type":"SearchAction","target":{"@type":"EntryPoint","urlTemplate":"https:\/\/www.accuratereviews.com\/it\/?s={search_term_string}"},"query-input":{"@type":"PropertyValueSpecification","valueRequired":true,"valueName":"search_term_string"}}],"inLanguage":"it-IT"}]}},"_links":{"self":[{"href":"https:\/\/www.accuratereviews.com\/it\/wp-json\/wp\/v2\/pages\/63342","targetHints":{"allow":["GET"]}}],"collection":[{"href":"https:\/\/www.accuratereviews.com\/it\/wp-json\/wp\/v2\/pages"}],"about":[{"href":"https:\/\/www.accuratereviews.com\/it\/wp-json\/wp\/v2\/types\/page"}],"author":[{"embeddable":true,"href":"https:\/\/www.accuratereviews.com\/it\/wp-json\/wp\/v2\/users\/19"}],"replies":[{"embeddable":true,"href":"https:\/\/www.accuratereviews.com\/it\/wp-json\/wp\/v2\/comments?post=63342"}],"version-history":[{"count":10,"href":"https:\/\/www.accuratereviews.com\/it\/wp-json\/wp\/v2\/pages\/63342\/revisions"}],"predecessor-version":[{"id":63388,"href":"https:\/\/www.accuratereviews.com\/it\/wp-json\/wp\/v2\/pages\/63342\/revisions\/63388"}],"up":[{"embeddable":true,"href":"https:\/\/www.accuratereviews.com\/it\/wp-json\/wp\/v2\/pages\/62847"}],"wp:featuredmedia":[{"embeddable":true,"href":"https:\/\/www.accuratereviews.com\/it\/wp-json\/wp\/v2\/media\/63354"}],"wp:attachment":[{"href":"https:\/\/www.accuratereviews.com\/it\/wp-json\/wp\/v2\/media?parent=63342"}],"wp:term":[{"taxonomy":"category","embeddable":true,"href":"https:\/\/www.accuratereviews.com\/it\/wp-json\/wp\/v2\/categories?post=63342"},{"taxonomy":"post_tag","embeddable":true,"href":"https:\/\/www.accuratereviews.com\/it\/wp-json\/wp\/v2\/tags?post=63342"},{"taxonomy":"features","embeddable":true,"href":"https:\/\/www.accuratereviews.com\/it\/wp-json\/wp\/v2\/features?post=63342"}],"curies":[{"name":"wp","href":"https:\/\/api.w.org\/{rel}","templated":true}]}}