{"id":63362,"date":"2022-11-02T16:15:49","date_gmt":"2022-11-02T16:15:49","guid":{"rendered":"https:\/\/www.accuratereviews.com\/?page_id=63362"},"modified":"2022-11-02T16:15:49","modified_gmt":"2022-11-02T16:15:49","slug":"acronis-cyber-cloud-recensione","status":"publish","type":"page","link":"https:\/\/www.accuratereviews.com\/it\/software-di-crittografia\/acronis-cyber-cloud-recensione\/","title":{"rendered":"Acronis Cyber Cloud"},"content":{"rendered":"<p><strong>Acronis Cyber Cloud<\/strong> \u00e8 un <strong>software di crittografia<\/strong> che offre strumenti di Cyber Protection integrati, funzionali per aggiornare\u00a0la strategia di sicurezza e i processi di backup dei clienti. Racchiude in un&#8217;unica soluzione funzionalit\u00e0 di backup, anti-malware, antivirus e gestione della protezione degli endpoint di nuova generazione basate su intelligenza artificiale.<br \/>\n<strong>Acronis Cyber Cloud<\/strong> si rivolge a service provider IT e aziende di qualsiasi dimensione per sopportarle nell&#8217;automazione di tutti quei processi che normalmente richiedono tempi lungi e costi elevati.<\/p>\n<picture class=\"a-picture\"><source srcset=\"https:\/\/staticfiles.acronis.com\/images\/content\/c9c157051a00adc4b48e1001a97f189b.webp, https:\/\/staticfiles.acronis.com\/images\/content@2x\/c9c157051a00adc4b48e1001a97f189b.webp 2x\" type=\"image\/webp\" \/><source srcset=\"https:\/\/staticfiles.acronis.com\/images\/content\/c9c157051a00adc4b48e1001a97f189b.png, https:\/\/staticfiles.acronis.com\/images\/content@2x\/c9c157051a00adc4b48e1001a97f189b.png 2x\" type=\"image\/png\" \/><\/picture>\n<h2>ACRONIS CYBER CLOUD &#8211; TUTORIAL<\/h2>\n<div id=\"fluid-wrapper-counter-1\" class=\"g1-fluid-wrapper \" style=\"width:686px;\">\n<div style=\"padding-bottom:56.268221574344%;\"><iframe loading=\"lazy\" title=\"Acronis Cyber Cloud - Overview Demo\" width=\"686\" height=\"386\" src=\"https:\/\/www.youtube.com\/embed\/xyMPpieRVks?feature=oembed&amp;wmode=transparent&amp;autohide=1&amp;autoplay=0&amp;disablekb=0&amp;fs=1&amp;loop=0&amp;enablejsapi=1&amp;rel=0&amp;controls=2&amp;showinfo=0&amp;wmode=transparent&amp;autohide=2&amp;autoplay=0&amp;disablekb=0&amp;fs=1&amp;loop=0&amp;enablejsapi=1&amp;rel=0&amp;controls=2&amp;showinfo=1\" frameborder=\"0\" allow=\"accelerometer; autoplay; clipboard-write; encrypted-media; gyroscope; picture-in-picture\" allowfullscreen><\/iframe><\/div>\n<\/div>\n<h3>ACRONIS CYBER CLOUD &#8211; CARATTERISTICHE<\/h3>\n<p>Di seguito le principali caratteristiche di questo<strong> programma di crittografia<\/strong>:<\/p>\n<ul class=\"s-preferred-features__list\">\n<li class=\"s-preferred-features__item\">\n<div class=\"a-feature-card a-feature-card_size_m a-feature-card_layout_column\">\n<div class=\"a-feature-card__desc\">\n<div class=\"a-feature-card__title\"><strong>Cyber Security<\/strong>: rimani al passo con le minacce informatiche odierne grazie a premiate funzionalit\u00e0 anti-ransomware avanzate che si integrano con la soluzione antivirus dei tuoi clienti. Previeni le fughe di dati attraverso i canali locali.<\/div>\n<\/div>\n<\/div>\n<\/li>\n<li class=\"s-preferred-features__item\">\n<div class=\"a-feature-card a-feature-card_size_m a-feature-card_layout_column\">\n<div class=\"a-feature-card__desc\">\n<div class=\"a-feature-card__title\"><strong>Backup e ripristino<\/strong>: riduci al minimo le perdite di dati nell&#8217;infrastruttura e nei workload dei tuoi clienti con la migliore tecnologia di backup e ripristino sul mercato, disponibile in modelli di licensing a consumo o per workload.<\/div>\n<\/div>\n<\/div>\n<\/li>\n<li class=\"s-preferred-features__item\">\n<div class=\"a-feature-card a-feature-card_size_m a-feature-card_layout_column\">\n<div class=\"a-feature-card__desc\">\n<div class=\"a-feature-card__title\"><strong>Gestione<\/strong>: centralizza la gestione della protezione e il provisioning degli endpoint in pochi minuti. Assisti i clienti ed esegui operazioni di vulnerability assessment dei sistemi e delle lacune nella sicurezza, il tutto da remoto. Migliora la visibilit\u00e0 con le funzionalit\u00e0 di monitoraggio e reporting integrate.<\/div>\n<\/div>\n<\/div>\n<\/li>\n<li class=\"s-preferred-features__item\">\n<div class=\"a-feature-card a-feature-card_size_m a-feature-card_layout_column\">\n<div class=\"a-feature-card__desc\">\n<div class=\"a-feature-card__title\"><strong>Disaster recovery<\/strong>: consenti ai clienti che utilizzano tenant abilitati per il DR di stabilire una connessione sicura con la rete aziendale dai propri dispositivi personali, oppure esegui test di failover in un ambiente di rete isolato.<\/div>\n<\/div>\n<\/div>\n<\/li>\n<li class=\"s-preferred-features__item\">\n<div class=\"a-feature-card a-feature-card_size_m a-feature-card_layout_column\">\n<div class=\"a-feature-card__desc\">\n<div class=\"a-feature-card__title\"><strong>Sincronizzazione e condivisione di file<\/strong>: aumenta la produttivit\u00e0 permettendo ai tuoi clienti di creare e condividere in modo sicuro i contenuti aziendali ovunque si trovino, in qualsiasi momento e su qualunque dispositivo. Paga solo lo storage che utilizzi.<\/div>\n<\/div>\n<\/div>\n<\/li>\n<li class=\"s-preferred-features__item\">\n<div class=\"a-feature-card a-feature-card_size_m a-feature-card_layout_column\">\n<div class=\"a-feature-card__desc\">\n<div class=\"a-feature-card__title\"><strong>Notary<\/strong>: garantisci l&#8217;integrit\u00e0 dei dati con la trasparenza richiesta dalle disposizioni di legge e minori rischi per la sicurezza, con un servizio basato su blockchain per l&#8217;autenticazione, la firma elettronica e la verifica dei file.<\/div>\n<\/div>\n<\/div>\n<\/li>\n<\/ul>\n<h4>LE RECENSIONI DEGLI UTENTI<\/h4>\n<p><strong>Jeff &#8220;Acronis per gli MSP&#8221;<\/strong><br \/>\nPro: La facilit\u00e0 d&#8217;uso per aggiungere clienti e installare agenti.<br \/>\nContro: Se lo si utilizza dalla distribuzione e non direttamente, il supporto diventa piuttosto difficile da ottenere.<\/p>\n<p><strong>Chase &#8220;Il servizio clienti \u00e8 una vera barzelletta ed \u00e8 quasi impossibile ottenere una risposta in modo tempestivo&#8221;.<\/strong><br \/>\nCommento: Una solida soluzione di backup quando funziona. L&#8217;unico problema \u00e8 che se non funziona, dovrete risolverlo da soli, quasi senza supporto!<br \/>\nPro: Il software fa esattamente ci\u00f2 per cui \u00e8 stato creato ed \u00e8 abbastanza semplice da usare. Il recupero \u00e8 molto rapido e senza problemi.<br \/>\nContro: Non necessariamente il software, ma il supporto \u00e8 quasi inesistente. Abbiamo inviato dei ticket e ci sono voluti giorni per ottenere risposte. Probabilmente il peggior servizio clienti che abbiamo mai sperimentato. Come partner commerciale, si pensa di poter rispondere in modo tempestivo quando hanno problemi con i backup che non funzionano un po&#8217; pi\u00f9 velocemente di 4 o 5 GIORNI!<\/p>\n<p><strong>Vincenzo &#8220;Si pu\u00f2 fare di pi\u00f9&#8221;<\/strong><br \/>\nCommenti: Per un produttore quale \u00e8 Acronis, mi aspettavo davvero qualcosa di pi\u00f9<br \/>\nPro: Buoni i tempi per l&#8217;invio dell&#8217;immagine del disco nel cloud<br \/>\nContro: La velocit\u00e0 lascia davvero parecchio a desiderare<\/p>\n","protected":false},"excerpt":{"rendered":"<p>Acronis Cyber Cloud \u00e8 un software di crittografia che offre strumenti di Cyber Protection integrati, funzionali per aggiornare\u00a0la strategia di sicurezza e i processi di backup dei clienti. Racchiude in un&#8217;unica soluzione funzionalit\u00e0 di backup, anti-malware, antivirus e gestione della protezione degli endpoint di nuova generazione basate su intelligenza artificiale.<\/p>\n","protected":false},"author":17,"featured_media":63363,"parent":62847,"menu_order":0,"comment_status":"open","ping_status":"closed","template":"g1_template_page_review_new.php","meta":{"_acf_changed":false,"cwp_meta_box_check":"No","cwp_rev_product_name":"","cwp_rev_product_image":"","wppr_links":[],"cwp_rev_price":"","wppr_options":[],"wppr_pros":[],"wppr_cons":[],"_monsterinsights_skip_tracking":false,"_monsterinsights_sitenote_active":false,"_monsterinsights_sitenote_note":"","_monsterinsights_sitenote_category":0,"footnotes":""},"categories":[13617],"tags":[13616,724,13618,13614,794,13612],"features":[],"class_list":{"0":"post-63362","1":"page","2":"type-page","3":"status-publish","4":"has-post-thumbnail","6":"category-software-crittografia-cat","7":"tag-app-crittografia","8":"tag-crittografia-end-to-end","9":"tag-piattaforma-di-crittografia","10":"tag-programma-di-crittografia","11":"tag-sistema-di-crittografia","12":"tag-software-di-crittografia"},"wppr_data":{"cwp_meta_box_check":"No"},"acf":[],"yoast_head":"<!-- This site is optimized with the Yoast SEO plugin v27.4 - https:\/\/yoast.com\/product\/yoast-seo-wordpress\/ -->\n<title>Acronis Cyber Cloud: software crittografia - Accurate Reviews<\/title>\n<meta name=\"description\" content=\"Acronis Cyber Cloud: recensione software di crittografia che offre strumenti di Cyber Protection, funzionali per la sicurezza e i backup.\" \/>\n<meta name=\"robots\" content=\"index, follow, max-snippet:-1, max-image-preview:large, max-video-preview:-1\" \/>\n<link rel=\"canonical\" href=\"https:\/\/www.accuratereviews.com\/it\/software-di-crittografia\/acronis-cyber-cloud-recensione\/\" \/>\n<meta property=\"og:locale\" content=\"it_IT\" \/>\n<meta property=\"og:type\" content=\"article\" \/>\n<meta property=\"og:title\" content=\"Acronis Cyber Cloud: software crittografia - Accurate Reviews\" \/>\n<meta property=\"og:description\" content=\"Acronis Cyber Cloud: recensione software di crittografia che offre strumenti di Cyber Protection, funzionali per la sicurezza e i backup.\" \/>\n<meta property=\"og:url\" content=\"https:\/\/www.accuratereviews.com\/it\/software-di-crittografia\/acronis-cyber-cloud-recensione\/\" \/>\n<meta property=\"og:site_name\" content=\"Accurate Reviews\" \/>\n<meta property=\"og:image\" content=\"https:\/\/www.accuratereviews.com\/wp-content\/uploads\/2022\/11\/acronis-cyber-protect-cloud-logo-images.png\" \/>\n\t<meta property=\"og:image:width\" content=\"260\" \/>\n\t<meta property=\"og:image:height\" content=\"200\" \/>\n\t<meta property=\"og:image:type\" content=\"image\/png\" \/>\n<meta name=\"twitter:card\" content=\"summary_large_image\" \/>\n<meta name=\"twitter:label1\" content=\"Tempo di lettura stimato\" \/>\n\t<meta name=\"twitter:data1\" content=\"3 minuti\" \/>\n<script type=\"application\/ld+json\" class=\"yoast-schema-graph\">{\"@context\":\"https:\\\/\\\/schema.org\",\"@graph\":[{\"@type\":\"WebPage\",\"@id\":\"https:\\\/\\\/www.accuratereviews.com\\\/it\\\/software-di-crittografia\\\/acronis-cyber-cloud-recensione\\\/\",\"url\":\"https:\\\/\\\/www.accuratereviews.com\\\/it\\\/software-di-crittografia\\\/acronis-cyber-cloud-recensione\\\/\",\"name\":\"Acronis Cyber Cloud: software crittografia - Accurate Reviews\",\"isPartOf\":{\"@id\":\"https:\\\/\\\/www.accuratereviews.com\\\/it\\\/#website\"},\"primaryImageOfPage\":{\"@id\":\"https:\\\/\\\/www.accuratereviews.com\\\/it\\\/software-di-crittografia\\\/acronis-cyber-cloud-recensione\\\/#primaryimage\"},\"image\":{\"@id\":\"https:\\\/\\\/www.accuratereviews.com\\\/it\\\/software-di-crittografia\\\/acronis-cyber-cloud-recensione\\\/#primaryimage\"},\"thumbnailUrl\":\"https:\\\/\\\/www.accuratereviews.com\\\/wp-content\\\/uploads\\\/2022\\\/11\\\/acronis-cyber-protect-cloud-logo-images.png\",\"datePublished\":\"2022-11-02T16:15:49+00:00\",\"description\":\"Acronis Cyber Cloud: recensione software di crittografia che offre strumenti di Cyber Protection, funzionali per la sicurezza e i backup.\",\"breadcrumb\":{\"@id\":\"https:\\\/\\\/www.accuratereviews.com\\\/it\\\/software-di-crittografia\\\/acronis-cyber-cloud-recensione\\\/#breadcrumb\"},\"inLanguage\":\"it-IT\",\"potentialAction\":[{\"@type\":\"ReadAction\",\"target\":[\"https:\\\/\\\/www.accuratereviews.com\\\/it\\\/software-di-crittografia\\\/acronis-cyber-cloud-recensione\\\/\"]}]},{\"@type\":\"ImageObject\",\"inLanguage\":\"it-IT\",\"@id\":\"https:\\\/\\\/www.accuratereviews.com\\\/it\\\/software-di-crittografia\\\/acronis-cyber-cloud-recensione\\\/#primaryimage\",\"url\":\"https:\\\/\\\/www.accuratereviews.com\\\/wp-content\\\/uploads\\\/2022\\\/11\\\/acronis-cyber-protect-cloud-logo-images.png\",\"contentUrl\":\"https:\\\/\\\/www.accuratereviews.com\\\/wp-content\\\/uploads\\\/2022\\\/11\\\/acronis-cyber-protect-cloud-logo-images.png\",\"width\":260,\"height\":200},{\"@type\":\"BreadcrumbList\",\"@id\":\"https:\\\/\\\/www.accuratereviews.com\\\/it\\\/software-di-crittografia\\\/acronis-cyber-cloud-recensione\\\/#breadcrumb\",\"itemListElement\":[{\"@type\":\"ListItem\",\"position\":1,\"name\":\"Home\",\"item\":\"https:\\\/\\\/www.accuratereviews.com\\\/it\\\/\"},{\"@type\":\"ListItem\",\"position\":2,\"name\":\"Software di crittografia\",\"item\":\"https:\\\/\\\/www.accuratereviews.com\\\/it\\\/software-di-crittografia\\\/\"},{\"@type\":\"ListItem\",\"position\":3,\"name\":\"Acronis Cyber Cloud\"}]},{\"@type\":\"WebSite\",\"@id\":\"https:\\\/\\\/www.accuratereviews.com\\\/it\\\/#website\",\"url\":\"https:\\\/\\\/www.accuratereviews.com\\\/it\\\/\",\"name\":\"Accurate Reviews\",\"description\":\"\",\"potentialAction\":[{\"@type\":\"SearchAction\",\"target\":{\"@type\":\"EntryPoint\",\"urlTemplate\":\"https:\\\/\\\/www.accuratereviews.com\\\/it\\\/?s={search_term_string}\"},\"query-input\":{\"@type\":\"PropertyValueSpecification\",\"valueRequired\":true,\"valueName\":\"search_term_string\"}}],\"inLanguage\":\"it-IT\"}]}<\/script>\n<!-- \/ Yoast SEO plugin. -->","yoast_head_json":{"title":"Acronis Cyber Cloud: software crittografia - Accurate Reviews","description":"Acronis Cyber Cloud: recensione software di crittografia che offre strumenti di Cyber Protection, funzionali per la sicurezza e i backup.","robots":{"index":"index","follow":"follow","max-snippet":"max-snippet:-1","max-image-preview":"max-image-preview:large","max-video-preview":"max-video-preview:-1"},"canonical":"https:\/\/www.accuratereviews.com\/it\/software-di-crittografia\/acronis-cyber-cloud-recensione\/","og_locale":"it_IT","og_type":"article","og_title":"Acronis Cyber Cloud: software crittografia - Accurate Reviews","og_description":"Acronis Cyber Cloud: recensione software di crittografia che offre strumenti di Cyber Protection, funzionali per la sicurezza e i backup.","og_url":"https:\/\/www.accuratereviews.com\/it\/software-di-crittografia\/acronis-cyber-cloud-recensione\/","og_site_name":"Accurate Reviews","og_image":[{"width":260,"height":200,"url":"https:\/\/www.accuratereviews.com\/wp-content\/uploads\/2022\/11\/acronis-cyber-protect-cloud-logo-images.png","type":"image\/png"}],"twitter_card":"summary_large_image","twitter_misc":{"Tempo di lettura stimato":"3 minuti"},"schema":{"@context":"https:\/\/schema.org","@graph":[{"@type":"WebPage","@id":"https:\/\/www.accuratereviews.com\/it\/software-di-crittografia\/acronis-cyber-cloud-recensione\/","url":"https:\/\/www.accuratereviews.com\/it\/software-di-crittografia\/acronis-cyber-cloud-recensione\/","name":"Acronis Cyber Cloud: software crittografia - Accurate Reviews","isPartOf":{"@id":"https:\/\/www.accuratereviews.com\/it\/#website"},"primaryImageOfPage":{"@id":"https:\/\/www.accuratereviews.com\/it\/software-di-crittografia\/acronis-cyber-cloud-recensione\/#primaryimage"},"image":{"@id":"https:\/\/www.accuratereviews.com\/it\/software-di-crittografia\/acronis-cyber-cloud-recensione\/#primaryimage"},"thumbnailUrl":"https:\/\/www.accuratereviews.com\/wp-content\/uploads\/2022\/11\/acronis-cyber-protect-cloud-logo-images.png","datePublished":"2022-11-02T16:15:49+00:00","description":"Acronis Cyber Cloud: recensione software di crittografia che offre strumenti di Cyber Protection, funzionali per la sicurezza e i backup.","breadcrumb":{"@id":"https:\/\/www.accuratereviews.com\/it\/software-di-crittografia\/acronis-cyber-cloud-recensione\/#breadcrumb"},"inLanguage":"it-IT","potentialAction":[{"@type":"ReadAction","target":["https:\/\/www.accuratereviews.com\/it\/software-di-crittografia\/acronis-cyber-cloud-recensione\/"]}]},{"@type":"ImageObject","inLanguage":"it-IT","@id":"https:\/\/www.accuratereviews.com\/it\/software-di-crittografia\/acronis-cyber-cloud-recensione\/#primaryimage","url":"https:\/\/www.accuratereviews.com\/wp-content\/uploads\/2022\/11\/acronis-cyber-protect-cloud-logo-images.png","contentUrl":"https:\/\/www.accuratereviews.com\/wp-content\/uploads\/2022\/11\/acronis-cyber-protect-cloud-logo-images.png","width":260,"height":200},{"@type":"BreadcrumbList","@id":"https:\/\/www.accuratereviews.com\/it\/software-di-crittografia\/acronis-cyber-cloud-recensione\/#breadcrumb","itemListElement":[{"@type":"ListItem","position":1,"name":"Home","item":"https:\/\/www.accuratereviews.com\/it\/"},{"@type":"ListItem","position":2,"name":"Software di crittografia","item":"https:\/\/www.accuratereviews.com\/it\/software-di-crittografia\/"},{"@type":"ListItem","position":3,"name":"Acronis Cyber Cloud"}]},{"@type":"WebSite","@id":"https:\/\/www.accuratereviews.com\/it\/#website","url":"https:\/\/www.accuratereviews.com\/it\/","name":"Accurate Reviews","description":"","potentialAction":[{"@type":"SearchAction","target":{"@type":"EntryPoint","urlTemplate":"https:\/\/www.accuratereviews.com\/it\/?s={search_term_string}"},"query-input":{"@type":"PropertyValueSpecification","valueRequired":true,"valueName":"search_term_string"}}],"inLanguage":"it-IT"}]}},"_links":{"self":[{"href":"https:\/\/www.accuratereviews.com\/it\/wp-json\/wp\/v2\/pages\/63362","targetHints":{"allow":["GET"]}}],"collection":[{"href":"https:\/\/www.accuratereviews.com\/it\/wp-json\/wp\/v2\/pages"}],"about":[{"href":"https:\/\/www.accuratereviews.com\/it\/wp-json\/wp\/v2\/types\/page"}],"author":[{"embeddable":true,"href":"https:\/\/www.accuratereviews.com\/it\/wp-json\/wp\/v2\/users\/17"}],"replies":[{"embeddable":true,"href":"https:\/\/www.accuratereviews.com\/it\/wp-json\/wp\/v2\/comments?post=63362"}],"version-history":[{"count":3,"href":"https:\/\/www.accuratereviews.com\/it\/wp-json\/wp\/v2\/pages\/63362\/revisions"}],"predecessor-version":[{"id":63384,"href":"https:\/\/www.accuratereviews.com\/it\/wp-json\/wp\/v2\/pages\/63362\/revisions\/63384"}],"up":[{"embeddable":true,"href":"https:\/\/www.accuratereviews.com\/it\/wp-json\/wp\/v2\/pages\/62847"}],"wp:featuredmedia":[{"embeddable":true,"href":"https:\/\/www.accuratereviews.com\/it\/wp-json\/wp\/v2\/media\/63363"}],"wp:attachment":[{"href":"https:\/\/www.accuratereviews.com\/it\/wp-json\/wp\/v2\/media?parent=63362"}],"wp:term":[{"taxonomy":"category","embeddable":true,"href":"https:\/\/www.accuratereviews.com\/it\/wp-json\/wp\/v2\/categories?post=63362"},{"taxonomy":"post_tag","embeddable":true,"href":"https:\/\/www.accuratereviews.com\/it\/wp-json\/wp\/v2\/tags?post=63362"},{"taxonomy":"features","embeddable":true,"href":"https:\/\/www.accuratereviews.com\/it\/wp-json\/wp\/v2\/features?post=63362"}],"curies":[{"name":"wp","href":"https:\/\/api.w.org\/{rel}","templated":true}]}}